{"id":11105,"date":"2024-05-04T19:28:26","date_gmt":"2024-05-04T19:28:26","guid":{"rendered":"https:\/\/skaitytaknyga.lt\/?post_type=product&#038;p=11105"},"modified":"2024-05-04T19:30:50","modified_gmt":"2024-05-04T19:30:50","slug":"grant-cardone-parduok-arba-parduos-tave","status":"publish","type":"product","link":"https:\/\/skaitytaknyga.lt\/en\/produktas\/grant-cardone-parduok-arba-parduos-tave\/","title":{"rendered":"Grant Cardone &#8220;Parduok arba parduos tave&#8221;"},"content":{"rendered":"<div class=\"content\" style=\"font-family:Calibri,sans-serif;overflow:hiddenauto;margin-top:113px!important;font-size:13px;font-style:normal;font-weight:400;letter-spacing:normal;text-transform:none;text-align:left\">\n<div class=\"container page-category\" style=\"font-family:Calibri,sans-serif;padding:0px10px;margin-right:auto;margin-left:auto\">\n<div class=\"row\" style=\"font-family:Calibri,sans-serif;margin-right:-15px;margin-left:-15px\">\n<div class=\"col-xs-12\" id=\"content\" style=\"font-family:Calibri,sans-serif;min-height:1px;padding-right:15px;padding-left:15px;float:left;width:422.19px;margin:10px0px;overflow:hidden;padding-bottom:40px!important\">\n<div class=\"row product-view product-detail\" style=\"font-family:Calibri,sans-serif;margin-right:-15px;margin-left:-15px;margin-bottom:20px\">\n<div class=\"content-product-midde clearfix\" style=\"font-family:Calibri,sans-serif;clear:both\">\n<div class=\"producttab\" style=\"font-family:Calibri,sans-serif\">\n<div class=\"tabsslider col-xs-12\" style=\"font-family:Calibri,sans-serif;min-height:1px;padding-right:15px;padding-left:15px;float:left;width:422.19px\">\n<div class=\"tab-content col-xs-12\" style=\"font-family:Calibri,sans-serif;min-height:1px;padding:20px0px0px;float:left;width:392.19px;margin-bottom:0px;border:none;line-height:unset\">\n<div class=\"tab-pane active\" id=\"tab-description\" style=\"font-family:Calibri,sans-serif;display:block\">\n<div class=\"desc-collapse showup\" id=\"collapse-description\" style=\"font-family:Calibri,sans-serif;max-height:100%\">\n<p style=\"font-family:Calibri,sans-serif;margin:0px0px10px;font-size:12px!important;font-weight:500!important\"><strong style=\"font-family: Calibri, sans-serif;font-weight: bold\">\u201eParduok Arba Parduos Tave&#8221;<\/strong>  autorius G. Cardone atskleid\u017eia technikas ir metodus, b\u016btinus norint \u012fvaldyti pardavimo men\u0105 bet kurioje srityje.<\/p>\n<p style=\"font-family:Calibri,sans-serif;margin:0px0px10px;font-size:12px!important;font-weight:500!important\">Nesvarbu, ar parduodate savo kompanijos produkt\u0105 sal\u0117je, ar parduodate save sveikai maitindamiesi, viskas gyvenime gali b\u016bti traktuojama kaip pardavimas. Kaip ai\u0161kina Nr.1 pasaulio pardavimo ekspertas Grant Cardone.<\/p>\n<p style=\"font-family:Calibri,sans-serif;margin:0px0px10px;font-size:12px!important;font-weight:500!important\"> Pardavimo princip\u0173 \u017einojimas yra b\u016btina bet kokios s\u0117km\u0117s s\u0105lyga.<\/p>\n<p style=\"font-family:Calibri,sans-serif;margin:0px0px10px;font-size:12px!important;font-weight:500!important\">I\u0161moksite kaip elgtis su klient\u0173 prie\u0161i\u0161kumu, kaip i\u0161sisukti i\u0161 neigiam\u0173 situacij\u0173, sutrumpinti pardavimo ciklus ir garantuoti sau didyb\u0119. G. Cardone taip pat i\u0161mokys svarbiausi\u0173 s\u0117km\u0117s princip\u0173 parduodant nepalankiomis ekonomikos s\u0105lygoms. Imkis veiksm\u0173 &#8211; nusipirk, perskaityk ir pritaikyk. Tai pad\u0117s dominuoti j\u016bs\u0173 srityje.<\/p>\n<p style=\"font-family:Calibri,sans-serif;margin:0px0px10px;font-size:12px!important;font-weight:500!important\"><strong style=\"font-family: Calibri, sans-serif;font-weight: bold\">Grant Cardone<\/strong> \u2013 \u201eThe New York Times&#8221; penki\u0173 bestseleri\u0173 ir keliolikos perkamiausi\u0173 verslo program\u0173 bei internetini\u0173 seminar\u0173 autorius. Jis taip pat buvo i\u0161rinktas vienu i\u0161 penki\u0173 geriausi\u0173 verslinink\u0173, einan\u010di\u0173 auk\u0161tas pareigas pasaulyje ir yra laikomas \u0161i\u0173 dien\u0173 svarbiausi\u0173 socialini\u0173 tinkl\u0173 nuomon\u0117s formuotoj\u0173.<\/p>\n<p style=\"font-family:Calibri,sans-serif;margin:0px0px10px;font-size:12px!important;font-weight:500!important\">Be \u012fsipareigojim\u0173 verslui ir \u0161eimai, jis aktyviai u\u017esiima ir filantropine veikla. Pra\u0117jusiais metais G. Cardone surinko vir\u0161 100 milijon\u0173 doleri\u0173 labdaros organizacijoms.<\/p>\n<\/div>\n<\/div>\n<\/div>\n<\/div>\n<\/div>\n<\/div>\n<\/div>\n<\/div>\n<\/div>\n<\/div>\n<\/div>\n","protected":false},"excerpt":{"rendered":"<p>\u201eParduok Arba Parduos Tave&#8221; autorius G. Cardone atskleid\u017eia technikas ir metodus, b\u016btinus norint \u012fvaldyti pardavimo men\u0105 bet kurioje srityje. Nesvarbu, ar parduodate savo kompanijos produkt\u0105 sal\u0117je, ar parduodate save sveikai maitindamiesi, viskas gyvenime gali b\u016bti traktuojama kaip pardavimas. Kaip ai\u0161kina Nr.1 pasaulio pardavimo ekspertas Grant Cardone. Pardavimo princip\u0173 \u017einojimas yra b\u016btina bet kokios s\u0117km\u0117s s\u0105lyga. I\u0161moksite kaip elgtis su klient\u0173 prie\u0161i\u0161kumu, kaip i\u0161sisukti i\u0161 neigiam\u0173 situacij\u0173, sutrumpinti pardavimo ciklus ir garantuoti sau didyb\u0119. G. Cardone taip pat i\u0161mokys svarbiausi\u0173 s\u0117km\u0117s princip\u0173 parduodant nepalankiomis ekonomikos s\u0105lygoms. Imkis veiksm\u0173 &#8211; nusipirk, perskaityk ir pritaikyk. Tai pad\u0117s dominuoti j\u016bs\u0173 srityje. Grant Cardone \u2013 \u201eThe New York Times&#8221; penki\u0173 bestseleri\u0173 ir keliolikos perkamiausi\u0173 verslo program\u0173 bei internetini\u0173 seminar\u0173 autorius. Jis taip pat buvo i\u0161rinktas vienu i\u0161 penki\u0173 geriausi\u0173 verslinink\u0173, einan\u010di\u0173 auk\u0161tas pareigas pasaulyje ir yra laikomas \u0161i\u0173 dien\u0173 svarbiausi\u0173 socialini\u0173 tinkl\u0173 nuomon\u0117s formuotoj\u0173. Be \u012fsipareigojim\u0173 verslui ir \u0161eimai, jis aktyviai u\u017esiima ir filantropine veikla. Pra\u0117jusiais metais G. Cardone surinko vir\u0161 100 milijon\u0173 doleri\u0173 labdaros organizacijoms.<\/p>\n","protected":false},"featured_media":0,"comment_status":"open","ping_status":"closed","template":"","meta":{"_acf_changed":false,"site-sidebar-layout":"default","site-content-layout":"","ast-site-content-layout":"default","site-content-style":"default","site-sidebar-style":"default","ast-global-header-display":"","ast-banner-title-visibility":"","ast-main-header-display":"","ast-hfb-above-header-display":"","ast-hfb-below-header-display":"","ast-hfb-mobile-header-display":"","site-post-title":"","ast-breadcrumbs-content":"","ast-featured-img":"","footer-sml-layout":"","ast-disable-related-posts":"","theme-transparent-header-meta":"","adv-header-id-meta":"","stick-header-meta":"","header-above-stick-meta":"","header-main-stick-meta":"","header-below-stick-meta":"","astra-migrate-meta-layouts":"default","ast-page-background-enabled":"default","ast-page-background-meta":{"desktop":{"background-color":"","background-image":"","background-repeat":"repeat","background-position":"center center","background-size":"auto","background-attachment":"scroll","background-type":"","background-media":"","overlay-type":"","overlay-color":"","overlay-opacity":"","overlay-gradient":""},"tablet":{"background-color":"","background-image":"","background-repeat":"repeat","background-position":"center center","background-size":"auto","background-attachment":"scroll","background-type":"","background-media":"","overlay-type":"","overlay-color":"","overlay-opacity":"","overlay-gradient":""},"mobile":{"background-color":"","background-image":"","background-repeat":"repeat","background-position":"center center","background-size":"auto","background-attachment":"scroll","background-type":"","background-media":"","overlay-type":"","overlay-color":"","overlay-opacity":"","overlay-gradient":""}},"ast-content-background-meta":{"desktop":{"background-color":"var(--ast-global-color-4)","background-image":"","background-repeat":"repeat","background-position":"center center","background-size":"auto","background-attachment":"scroll","background-type":"","background-media":"","overlay-type":"","overlay-color":"","overlay-opacity":"","overlay-gradient":""},"tablet":{"background-color":"var(--ast-global-color-4)","background-image":"","background-repeat":"repeat","background-position":"center center","background-size":"auto","background-attachment":"scroll","background-type":"","background-media":"","overlay-type":"","overlay-color":"","overlay-opacity":"","overlay-gradient":""},"mobile":{"background-color":"var(--ast-global-color-4)","background-image":"","background-repeat":"repeat","background-position":"center center","background-size":"auto","background-attachment":"scroll","background-type":"","background-media":"","overlay-type":"","overlay-color":"","overlay-opacity":"","overlay-gradient":""}}},"product_brand":[],"product_cat":[26],"product_tag":[],"class_list":{"0":"post-11105","1":"product","2":"type-product","3":"status-publish","5":"product_cat-verslas-vadyba-ir-finansai","6":"desktop-align-left","7":"tablet-align-left","8":"mobile-align-left","10":"first","11":"outofstock","12":"shipping-taxable","13":"purchasable","14":"product-type-simple"},"acf":[],"yoast_head":"<!-- This site is optimized with the Yoast SEO plugin v27.0 - https:\/\/yoast.com\/product\/yoast-seo-wordpress\/ -->\n<title>Grant Cardone &quot;Parduok arba parduos tave&quot; - Skaitytaknyga<\/title>\n<meta name=\"description\" content=\"\u201eParduok Arba Parduos Tave&quot; autorius G. Cardone atskleid\u017eia technikas ir metodus, b\u016btinus norint \u012fvaldyti pardavimo men\u0105 bet kurioje srityje. Nesvarbu, ar\" \/>\n<meta name=\"robots\" content=\"index, follow, max-snippet:-1, max-image-preview:large, max-video-preview:-1\" \/>\n<link rel=\"canonical\" href=\"https:\/\/skaitytaknyga.lt\/en\/produktas\/grant-cardone-parduok-arba-parduos-tave\/\" \/>\n<meta property=\"og:locale\" content=\"en_GB\" \/>\n<meta property=\"og:locale:alternate\" content=\"lt_LT\" \/>\n<meta property=\"og:type\" content=\"article\" \/>\n<meta property=\"og:title\" content=\"Grant Cardone &quot;Parduok arba parduos tave&quot; - Skaitytaknyga\" \/>\n<meta property=\"og:description\" content=\"\u201eParduok Arba Parduos Tave&quot; autorius G. Cardone atskleid\u017eia technikas ir metodus, b\u016btinus norint \u012fvaldyti pardavimo men\u0105 bet kurioje srityje. Nesvarbu, ar\" \/>\n<meta property=\"og:url\" content=\"https:\/\/skaitytaknyga.lt\/en\/produktas\/grant-cardone-parduok-arba-parduos-tave\/\" \/>\n<meta property=\"og:site_name\" content=\"Skaitytaknyga\" \/>\n<meta property=\"article:publisher\" content=\"https:\/\/www.facebook.com\/skaitytaknyga\/\" \/>\n<meta property=\"article:modified_time\" content=\"2024-05-04T19:30:50+00:00\" \/>\n<meta property=\"og:image\" content=\"https:\/\/skaitytaknyga.lt\/wp-content\/uploads\/2024\/05\/1000006624-scaled-1.jpg\" \/>\n\t<meta property=\"og:image:width\" content=\"2560\" \/>\n\t<meta property=\"og:image:height\" content=\"1759\" \/>\n\t<meta property=\"og:image:type\" content=\"image\/jpeg\" \/>\n<meta name=\"twitter:card\" content=\"summary_large_image\" \/>\n<meta name=\"twitter:label1\" content=\"Estimated reading time\" \/>\n\t<meta name=\"twitter:data1\" content=\"1 minute\" \/>\n<script type=\"application\/ld+json\" class=\"yoast-schema-graph\">{\"@context\":\"https:\/\/schema.org\",\"@graph\":[{\"@type\":\"WebPage\",\"@id\":\"https:\/\/skaitytaknyga.lt\/produktas\/grant-cardone-parduok-arba-parduos-tave\/\",\"url\":\"https:\/\/skaitytaknyga.lt\/produktas\/grant-cardone-parduok-arba-parduos-tave\/\",\"name\":\"Grant Cardone \\\"Parduok arba parduos tave\\\" - Skaitytaknyga\",\"isPartOf\":{\"@id\":\"https:\/\/skaitytaknyga.lt\/#website\"},\"datePublished\":\"2024-05-04T19:28:26+00:00\",\"dateModified\":\"2024-05-04T19:30:50+00:00\",\"description\":\"\u201eParduok Arba Parduos Tave\\\" autorius G. Cardone atskleid\u017eia technikas ir metodus, b\u016btinus norint \u012fvaldyti pardavimo men\u0105 bet kurioje srityje. Nesvarbu, ar\",\"breadcrumb\":{\"@id\":\"https:\/\/skaitytaknyga.lt\/produktas\/grant-cardone-parduok-arba-parduos-tave\/#breadcrumb\"},\"inLanguage\":\"en-GB\",\"potentialAction\":[{\"@type\":\"ReadAction\",\"target\":[\"https:\/\/skaitytaknyga.lt\/produktas\/grant-cardone-parduok-arba-parduos-tave\/\"]}]},{\"@type\":\"BreadcrumbList\",\"@id\":\"https:\/\/skaitytaknyga.lt\/produktas\/grant-cardone-parduok-arba-parduos-tave\/#breadcrumb\",\"itemListElement\":[{\"@type\":\"ListItem\",\"position\":1,\"name\":\"Home\",\"item\":\"https:\/\/skaitytaknyga.lt\/\"},{\"@type\":\"ListItem\",\"position\":2,\"name\":\"Parduotuv\u0117\",\"item\":\"https:\/\/skaitytaknyga.lt\/knygu-parduotuve\/\"},{\"@type\":\"ListItem\",\"position\":3,\"name\":\"Grant Cardone &#8220;Parduok arba parduos tave&#8221;\"}]},{\"@type\":\"WebSite\",\"@id\":\"https:\/\/skaitytaknyga.lt\/#website\",\"url\":\"https:\/\/skaitytaknyga.lt\/\",\"name\":\"skaitytaknyga.lt\",\"description\":\"Skaitytaknyga.lt \u2013 tai ma\u017eas \u0161eimos verslas, kuris prasid\u0117jo nuo meil\u0117s knygoms ir siekio i\u0161gelb\u0117ti knygas nuo likimo prie konteinerio. Kas vienam nereikalingas daiktas \u2013 kitam lobis, o mes esame tarpininkai, kurie padeda abiems tapti laimingesniems ???? \u017dinome kaip nelengva i\u0161gyventi ma\u017eiems verslams, tad nuo \u0161iol, \u010dia rasite ir kit\u0173, ma\u017e\u0173 \u0161eim\u0173 versl\u0173, rank\u0173 darbo, dovan\u0173 sau ir artimiesiems.\",\"publisher\":{\"@id\":\"https:\/\/skaitytaknyga.lt\/#organization\"},\"potentialAction\":[{\"@type\":\"SearchAction\",\"target\":{\"@type\":\"EntryPoint\",\"urlTemplate\":\"https:\/\/skaitytaknyga.lt\/?s={search_term_string}\"},\"query-input\":{\"@type\":\"PropertyValueSpecification\",\"valueRequired\":true,\"valueName\":\"search_term_string\"}}],\"inLanguage\":\"en-GB\"},{\"@type\":\"Organization\",\"@id\":\"https:\/\/skaitytaknyga.lt\/#organization\",\"name\":\"skaitytaknyga.lt\",\"url\":\"https:\/\/skaitytaknyga.lt\/\",\"logo\":{\"@type\":\"ImageObject\",\"inLanguage\":\"en-GB\",\"@id\":\"https:\/\/skaitytaknyga.lt\/#\/schema\/logo\/image\/\",\"url\":\"https:\/\/skaitytaknyga.lt\/wp-content\/uploads\/2024\/05\/cropped-cropped-cropped-02_00843_jt3bggkj1j3HLc7SyY6rEUpg.jpeg\",\"contentUrl\":\"https:\/\/skaitytaknyga.lt\/wp-content\/uploads\/2024\/05\/cropped-cropped-cropped-02_00843_jt3bggkj1j3HLc7SyY6rEUpg.jpeg\",\"width\":1600,\"height\":1600,\"caption\":\"skaitytaknyga.lt\"},\"image\":{\"@id\":\"https:\/\/skaitytaknyga.lt\/#\/schema\/logo\/image\/\"},\"sameAs\":[\"https:\/\/www.facebook.com\/skaitytaknyga\/\"]}]}<\/script>\n<!-- \/ Yoast SEO plugin. -->","yoast_head_json":{"title":"Grant Cardone \"Parduok arba parduos tave\" - Skaitytaknyga","description":"\u201eParduok Arba Parduos Tave\" autorius G. Cardone atskleid\u017eia technikas ir metodus, b\u016btinus norint \u012fvaldyti pardavimo men\u0105 bet kurioje srityje. Nesvarbu, ar","robots":{"index":"index","follow":"follow","max-snippet":"max-snippet:-1","max-image-preview":"max-image-preview:large","max-video-preview":"max-video-preview:-1"},"canonical":"https:\/\/skaitytaknyga.lt\/en\/produktas\/grant-cardone-parduok-arba-parduos-tave\/","og_locale":"en_GB","og_type":"article","og_title":"Grant Cardone \"Parduok arba parduos tave\" - Skaitytaknyga","og_description":"\u201eParduok Arba Parduos Tave\" autorius G. Cardone atskleid\u017eia technikas ir metodus, b\u016btinus norint \u012fvaldyti pardavimo men\u0105 bet kurioje srityje. Nesvarbu, ar","og_url":"https:\/\/skaitytaknyga.lt\/en\/produktas\/grant-cardone-parduok-arba-parduos-tave\/","og_site_name":"Skaitytaknyga","article_publisher":"https:\/\/www.facebook.com\/skaitytaknyga\/","article_modified_time":"2024-05-04T19:30:50+00:00","og_image":[{"width":2560,"height":1759,"url":"https:\/\/skaitytaknyga.lt\/wp-content\/uploads\/2024\/05\/1000006624-scaled-1.jpg","type":"image\/jpeg"}],"twitter_card":"summary_large_image","twitter_misc":{"Estimated reading time":"1 minute"},"schema":{"@context":"https:\/\/schema.org","@graph":[{"@type":"WebPage","@id":"https:\/\/skaitytaknyga.lt\/produktas\/grant-cardone-parduok-arba-parduos-tave\/","url":"https:\/\/skaitytaknyga.lt\/produktas\/grant-cardone-parduok-arba-parduos-tave\/","name":"Grant Cardone \"Parduok arba parduos tave\" - Skaitytaknyga","isPartOf":{"@id":"https:\/\/skaitytaknyga.lt\/#website"},"datePublished":"2024-05-04T19:28:26+00:00","dateModified":"2024-05-04T19:30:50+00:00","description":"\u201eParduok Arba Parduos Tave\" autorius G. Cardone atskleid\u017eia technikas ir metodus, b\u016btinus norint \u012fvaldyti pardavimo men\u0105 bet kurioje srityje. Nesvarbu, ar","breadcrumb":{"@id":"https:\/\/skaitytaknyga.lt\/produktas\/grant-cardone-parduok-arba-parduos-tave\/#breadcrumb"},"inLanguage":"en-GB","potentialAction":[{"@type":"ReadAction","target":["https:\/\/skaitytaknyga.lt\/produktas\/grant-cardone-parduok-arba-parduos-tave\/"]}]},{"@type":"BreadcrumbList","@id":"https:\/\/skaitytaknyga.lt\/produktas\/grant-cardone-parduok-arba-parduos-tave\/#breadcrumb","itemListElement":[{"@type":"ListItem","position":1,"name":"Home","item":"https:\/\/skaitytaknyga.lt\/"},{"@type":"ListItem","position":2,"name":"Parduotuv\u0117","item":"https:\/\/skaitytaknyga.lt\/knygu-parduotuve\/"},{"@type":"ListItem","position":3,"name":"Grant Cardone &#8220;Parduok arba parduos tave&#8221;"}]},{"@type":"WebSite","@id":"https:\/\/skaitytaknyga.lt\/#website","url":"https:\/\/skaitytaknyga.lt\/","name":"skaitytaknyga.lt","description":"Skaitytaknyga.lt \u2013 tai ma\u017eas \u0161eimos verslas, kuris prasid\u0117jo nuo meil\u0117s knygoms ir siekio i\u0161gelb\u0117ti knygas nuo likimo prie konteinerio. Kas vienam nereikalingas daiktas \u2013 kitam lobis, o mes esame tarpininkai, kurie padeda abiems tapti laimingesniems ???? \u017dinome kaip nelengva i\u0161gyventi ma\u017eiems verslams, tad nuo \u0161iol, \u010dia rasite ir kit\u0173, ma\u017e\u0173 \u0161eim\u0173 versl\u0173, rank\u0173 darbo, dovan\u0173 sau ir artimiesiems.","publisher":{"@id":"https:\/\/skaitytaknyga.lt\/#organization"},"potentialAction":[{"@type":"SearchAction","target":{"@type":"EntryPoint","urlTemplate":"https:\/\/skaitytaknyga.lt\/?s={search_term_string}"},"query-input":{"@type":"PropertyValueSpecification","valueRequired":true,"valueName":"search_term_string"}}],"inLanguage":"en-GB"},{"@type":"Organization","@id":"https:\/\/skaitytaknyga.lt\/#organization","name":"skaitytaknyga.lt","url":"https:\/\/skaitytaknyga.lt\/","logo":{"@type":"ImageObject","inLanguage":"en-GB","@id":"https:\/\/skaitytaknyga.lt\/#\/schema\/logo\/image\/","url":"https:\/\/skaitytaknyga.lt\/wp-content\/uploads\/2024\/05\/cropped-cropped-cropped-02_00843_jt3bggkj1j3HLc7SyY6rEUpg.jpeg","contentUrl":"https:\/\/skaitytaknyga.lt\/wp-content\/uploads\/2024\/05\/cropped-cropped-cropped-02_00843_jt3bggkj1j3HLc7SyY6rEUpg.jpeg","width":1600,"height":1600,"caption":"skaitytaknyga.lt"},"image":{"@id":"https:\/\/skaitytaknyga.lt\/#\/schema\/logo\/image\/"},"sameAs":["https:\/\/www.facebook.com\/skaitytaknyga\/"]}]}},"_links":{"self":[{"href":"https:\/\/skaitytaknyga.lt\/en\/wp-json\/wp\/v2\/product\/11105","targetHints":{"allow":["GET"]}}],"collection":[{"href":"https:\/\/skaitytaknyga.lt\/en\/wp-json\/wp\/v2\/product"}],"about":[{"href":"https:\/\/skaitytaknyga.lt\/en\/wp-json\/wp\/v2\/types\/product"}],"replies":[{"embeddable":true,"href":"https:\/\/skaitytaknyga.lt\/en\/wp-json\/wp\/v2\/comments?post=11105"}],"wp:attachment":[{"href":"https:\/\/skaitytaknyga.lt\/en\/wp-json\/wp\/v2\/media?parent=11105"}],"wp:term":[{"taxonomy":"product_brand","embeddable":true,"href":"https:\/\/skaitytaknyga.lt\/en\/wp-json\/wp\/v2\/product_brand?post=11105"},{"taxonomy":"product_cat","embeddable":true,"href":"https:\/\/skaitytaknyga.lt\/en\/wp-json\/wp\/v2\/product_cat?post=11105"},{"taxonomy":"product_tag","embeddable":true,"href":"https:\/\/skaitytaknyga.lt\/en\/wp-json\/wp\/v2\/product_tag?post=11105"}],"curies":[{"name":"wp","href":"https:\/\/api.w.org\/{rel}","templated":true}]}}