{"id":11104,"date":"2024-05-04T19:28:26","date_gmt":"2024-05-04T19:28:26","guid":{"rendered":"https:\/\/skaitytaknyga.lt\/?post_type=product&#038;p=11104"},"modified":"2025-05-15T10:14:20","modified_gmt":"2025-05-15T07:14:20","slug":"likimo-desniai-arba-trys-zingsniai-i-laime-ir-sekme","status":"publish","type":"product","link":"https:\/\/skaitytaknyga.lt\/en\/produktas\/likimo-desniai-arba-trys-zingsniai-i-laime-ir-sekme\/","title":{"rendered":"Likimo d\u0117sniai, arba trys \u017eingsniai \u012f laim\u0119 ir s\u0117km\u0119"},"content":{"rendered":"<p>Knygos autorius Oleg Gadeckij \u2013 garsus rus\u0173 psichologas treneris, filosofijos moksl\u0173 kandidatas, unikali\u0173 psichologijos program\u0173 k\u016br\u0117jas. Daug met\u0173 tyrin\u0117jo \u012fvairi\u0173 psichologijos metod\u0173 veiksmingum\u0105 ir nustat\u0117,kad \u012fvair\u016bs psicholog\u0173 taikomi metodai nedera su pasaulio d\u0117sniais. D\u0117l to jie neigiamai veikia \u017emogaus likim\u0105.<\/p>\n<p>\u0160ioje knygoje pateikiamas vientisos ir darnios psichologijos projektas. Taikydami pateiktus metodus, gal\u0117site \u012fveikti sunkias gyvenimo situacijas,i\u0161moksite formuoti norim\u0105 tikrov\u0119, sukursite tvirtus, kupinus pasitik\u0117jimo santykius \u0161eimoje, \u012f savo gyvenim\u0105 pritrauksite materialin\u0119 gerov\u0119, suprasite pagrindinius sveikatos principus, i\u0161lavinsite intuicij\u0105, suvoksite savo paskirt\u012f.<\/p>\n<p>Daugyb\u0117 pratim\u0173, nam\u0173 u\u017eduo\u010di\u0173, pavyzd\u017ei\u0173, alegorini\u0173 pasakojim\u0173 pad\u0117s rasti atsakymus \u012f svarbiausius klausimus ir mokys darnaus gyvenimo meno.<\/p>\n","protected":false},"excerpt":{"rendered":"<p>Knygos autorius Oleg Gadeckij \u2013 garsus rus\u0173 psichologas treneris, filosofijos moksl\u0173 kandidatas, unikali\u0173 psichologijos program\u0173 k\u016br\u0117jas. Daug met\u0173 tyrin\u0117jo \u012fvairi\u0173 psichologijos metod\u0173 veiksmingum\u0105 ir nustat\u0117,kad \u012fvair\u016bs psicholog\u0173 taikomi metodai nedera su pasaulio d\u0117sniais. D\u0117l to jie neigiamai veikia \u017emogaus likim\u0105. \u0160ioje knygoje pateikiamas vientisos ir darnios psichologijos projektas. Taikydami pateiktus metodus, gal\u0117site \u012fveikti sunkias gyvenimo situacijas,i\u0161moksite formuoti norim\u0105 tikrov\u0119, sukursite tvirtus, kupinus pasitik\u0117jimo santykius \u0161eimoje, \u012f savo gyvenim\u0105 pritrauksite materialin\u0119 gerov\u0119, suprasite pagrindinius sveikatos principus, i\u0161lavinsite intuicij\u0105, suvoksite savo paskirt\u012f. Daugyb\u0117 pratim\u0173, nam\u0173 u\u017eduo\u010di\u0173, pavyzd\u017ei\u0173, alegorini\u0173 pasakojim\u0173 pad\u0117s rasti atsakymus \u012f svarbiausius klausimus ir mokys darnaus gyvenimo meno.<\/p>\n","protected":false},"featured_media":0,"comment_status":"closed","ping_status":"closed","template":"","meta":{"_acf_changed":false,"site-sidebar-layout":"default","site-content-layout":"","ast-site-content-layout":"default","site-content-style":"default","site-sidebar-style":"default","ast-global-header-display":"","ast-banner-title-visibility":"","ast-main-header-display":"","ast-hfb-above-header-display":"","ast-hfb-below-header-display":"","ast-hfb-mobile-header-display":"","site-post-title":"","ast-breadcrumbs-content":"","ast-featured-img":"","footer-sml-layout":"","ast-disable-related-posts":"","theme-transparent-header-meta":"","adv-header-id-meta":"","stick-header-meta":"","header-above-stick-meta":"","header-main-stick-meta":"","header-below-stick-meta":"","astra-migrate-meta-layouts":"default","ast-page-background-enabled":"default","ast-page-background-meta":{"desktop":{"background-color":"","background-image":"","background-repeat":"repeat","background-position":"center center","background-size":"auto","background-attachment":"scroll","background-type":"","background-media":"","overlay-type":"","overlay-color":"","overlay-opacity":"","overlay-gradient":""},"tablet":{"background-color":"","background-image":"","background-repeat":"repeat","background-position":"center center","background-size":"auto","background-attachment":"scroll","background-type":"","background-media":"","overlay-type":"","overlay-color":"","overlay-opacity":"","overlay-gradient":""},"mobile":{"background-color":"","background-image":"","background-repeat":"repeat","background-position":"center center","background-size":"auto","background-attachment":"scroll","background-type":"","background-media":"","overlay-type":"","overlay-color":"","overlay-opacity":"","overlay-gradient":""}},"ast-content-background-meta":{"desktop":{"background-color":"var(--ast-global-color-4)","background-image":"","background-repeat":"repeat","background-position":"center center","background-size":"auto","background-attachment":"scroll","background-type":"","background-media":"","overlay-type":"","overlay-color":"","overlay-opacity":"","overlay-gradient":""},"tablet":{"background-color":"var(--ast-global-color-4)","background-image":"","background-repeat":"repeat","background-position":"center center","background-size":"auto","background-attachment":"scroll","background-type":"","background-media":"","overlay-type":"","overlay-color":"","overlay-opacity":"","overlay-gradient":""},"mobile":{"background-color":"var(--ast-global-color-4)","background-image":"","background-repeat":"repeat","background-position":"center center","background-size":"auto","background-attachment":"scroll","background-type":"","background-media":"","overlay-type":"","overlay-color":"","overlay-opacity":"","overlay-gradient":""}}},"product_brand":[],"product_cat":[165],"product_tag":[2968,1970,2967,1392,2411],"class_list":{"0":"post-11104","1":"product","2":"type-product","3":"status-publish","5":"product_cat-religija-filosofija-ir-ezoterika","6":"product_tag-asmenine-pletra","7":"product_tag-laime","8":"product_tag-likimo-desniai","9":"product_tag-psichologija","10":"product_tag-sekme","11":"desktop-align-left","12":"tablet-align-left","13":"mobile-align-left","15":"first","16":"outofstock","17":"shipping-taxable","18":"purchasable","19":"product-type-simple"},"acf":[],"yoast_head":"<!-- This site is optimized with the Yoast SEO plugin v27.0 - https:\/\/yoast.com\/product\/yoast-seo-wordpress\/ -->\n<title>Likimo d\u0117sniai, arba trys \u017eingsniai \u012f laim\u0119 ir s\u0117km\u0119 - Skaitytaknyga<\/title>\n<meta name=\"description\" content=\"Knygos autorius Oleg Gadeckij \u2013 garsus rus\u0173 psichologas treneris, filosofijos moksl\u0173 kandidatas, unikali\u0173 psichologijos program\u0173 k\u016br\u0117jas. Daug met\u0173\" \/>\n<meta name=\"robots\" content=\"index, follow, max-snippet:-1, max-image-preview:large, max-video-preview:-1\" \/>\n<link rel=\"canonical\" href=\"https:\/\/skaitytaknyga.lt\/en\/produktas\/likimo-desniai-arba-trys-zingsniai-i-laime-ir-sekme\/\" \/>\n<meta property=\"og:locale\" content=\"en_GB\" \/>\n<meta property=\"og:locale:alternate\" content=\"lt_LT\" \/>\n<meta property=\"og:type\" content=\"article\" \/>\n<meta property=\"og:title\" content=\"Likimo d\u0117sniai, arba trys \u017eingsniai \u012f laim\u0119 ir s\u0117km\u0119 - Skaitytaknyga\" \/>\n<meta property=\"og:description\" content=\"Knygos autorius Oleg Gadeckij \u2013 garsus rus\u0173 psichologas treneris, filosofijos moksl\u0173 kandidatas, unikali\u0173 psichologijos program\u0173 k\u016br\u0117jas. Daug met\u0173\" \/>\n<meta property=\"og:url\" content=\"https:\/\/skaitytaknyga.lt\/en\/produktas\/likimo-desniai-arba-trys-zingsniai-i-laime-ir-sekme\/\" \/>\n<meta property=\"og:site_name\" content=\"Skaitytaknyga\" \/>\n<meta property=\"article:publisher\" content=\"https:\/\/www.facebook.com\/skaitytaknyga\/\" \/>\n<meta property=\"article:modified_time\" content=\"2025-05-15T07:14:20+00:00\" \/>\n<meta property=\"og:image\" content=\"https:\/\/skaitytaknyga.lt\/wp-content\/uploads\/2024\/05\/1000006625-scaled-1.jpg\" \/>\n\t<meta property=\"og:image:width\" content=\"2560\" \/>\n\t<meta property=\"og:image:height\" content=\"1655\" \/>\n\t<meta property=\"og:image:type\" content=\"image\/jpeg\" \/>\n<meta name=\"twitter:card\" content=\"summary_large_image\" \/>\n<meta name=\"twitter:label1\" content=\"Estimated reading time\" \/>\n\t<meta name=\"twitter:data1\" content=\"1 minute\" \/>\n<script type=\"application\/ld+json\" class=\"yoast-schema-graph\">{\"@context\":\"https:\/\/schema.org\",\"@graph\":[{\"@type\":\"WebPage\",\"@id\":\"https:\/\/skaitytaknyga.lt\/produktas\/likimo-desniai-arba-trys-zingsniai-i-laime-ir-sekme\/\",\"url\":\"https:\/\/skaitytaknyga.lt\/produktas\/likimo-desniai-arba-trys-zingsniai-i-laime-ir-sekme\/\",\"name\":\"Likimo d\u0117sniai, arba trys \u017eingsniai \u012f laim\u0119 ir s\u0117km\u0119 - Skaitytaknyga\",\"isPartOf\":{\"@id\":\"https:\/\/skaitytaknyga.lt\/#website\"},\"datePublished\":\"2024-05-04T19:28:26+00:00\",\"dateModified\":\"2025-05-15T07:14:20+00:00\",\"description\":\"Knygos autorius Oleg Gadeckij \u2013 garsus rus\u0173 psichologas treneris, filosofijos moksl\u0173 kandidatas, unikali\u0173 psichologijos program\u0173 k\u016br\u0117jas. Daug met\u0173\",\"breadcrumb\":{\"@id\":\"https:\/\/skaitytaknyga.lt\/produktas\/likimo-desniai-arba-trys-zingsniai-i-laime-ir-sekme\/#breadcrumb\"},\"inLanguage\":\"en-GB\",\"potentialAction\":[{\"@type\":\"ReadAction\",\"target\":[\"https:\/\/skaitytaknyga.lt\/produktas\/likimo-desniai-arba-trys-zingsniai-i-laime-ir-sekme\/\"]}]},{\"@type\":\"BreadcrumbList\",\"@id\":\"https:\/\/skaitytaknyga.lt\/produktas\/likimo-desniai-arba-trys-zingsniai-i-laime-ir-sekme\/#breadcrumb\",\"itemListElement\":[{\"@type\":\"ListItem\",\"position\":1,\"name\":\"Home\",\"item\":\"https:\/\/skaitytaknyga.lt\/\"},{\"@type\":\"ListItem\",\"position\":2,\"name\":\"Parduotuv\u0117\",\"item\":\"https:\/\/skaitytaknyga.lt\/knygu-parduotuve\/\"},{\"@type\":\"ListItem\",\"position\":3,\"name\":\"Likimo d\u0117sniai, arba trys \u017eingsniai \u012f laim\u0119 ir s\u0117km\u0119\"}]},{\"@type\":\"WebSite\",\"@id\":\"https:\/\/skaitytaknyga.lt\/#website\",\"url\":\"https:\/\/skaitytaknyga.lt\/\",\"name\":\"skaitytaknyga.lt\",\"description\":\"Skaitytaknyga.lt \u2013 tai ma\u017eas \u0161eimos verslas, kuris prasid\u0117jo nuo meil\u0117s knygoms ir siekio i\u0161gelb\u0117ti knygas nuo likimo prie konteinerio. Kas vienam nereikalingas daiktas \u2013 kitam lobis, o mes esame tarpininkai, kurie padeda abiems tapti laimingesniems ???? \u017dinome kaip nelengva i\u0161gyventi ma\u017eiems verslams, tad nuo \u0161iol, \u010dia rasite ir kit\u0173, ma\u017e\u0173 \u0161eim\u0173 versl\u0173, rank\u0173 darbo, dovan\u0173 sau ir artimiesiems.\",\"publisher\":{\"@id\":\"https:\/\/skaitytaknyga.lt\/#organization\"},\"potentialAction\":[{\"@type\":\"SearchAction\",\"target\":{\"@type\":\"EntryPoint\",\"urlTemplate\":\"https:\/\/skaitytaknyga.lt\/?s={search_term_string}\"},\"query-input\":{\"@type\":\"PropertyValueSpecification\",\"valueRequired\":true,\"valueName\":\"search_term_string\"}}],\"inLanguage\":\"en-GB\"},{\"@type\":\"Organization\",\"@id\":\"https:\/\/skaitytaknyga.lt\/#organization\",\"name\":\"skaitytaknyga.lt\",\"url\":\"https:\/\/skaitytaknyga.lt\/\",\"logo\":{\"@type\":\"ImageObject\",\"inLanguage\":\"en-GB\",\"@id\":\"https:\/\/skaitytaknyga.lt\/#\/schema\/logo\/image\/\",\"url\":\"https:\/\/skaitytaknyga.lt\/wp-content\/uploads\/2024\/05\/cropped-cropped-cropped-02_00843_jt3bggkj1j3HLc7SyY6rEUpg.jpeg\",\"contentUrl\":\"https:\/\/skaitytaknyga.lt\/wp-content\/uploads\/2024\/05\/cropped-cropped-cropped-02_00843_jt3bggkj1j3HLc7SyY6rEUpg.jpeg\",\"width\":1600,\"height\":1600,\"caption\":\"skaitytaknyga.lt\"},\"image\":{\"@id\":\"https:\/\/skaitytaknyga.lt\/#\/schema\/logo\/image\/\"},\"sameAs\":[\"https:\/\/www.facebook.com\/skaitytaknyga\/\"]}]}<\/script>\n<!-- \/ Yoast SEO plugin. -->","yoast_head_json":{"title":"Likimo d\u0117sniai, arba trys \u017eingsniai \u012f laim\u0119 ir s\u0117km\u0119 - Skaitytaknyga","description":"Knygos autorius Oleg Gadeckij \u2013 garsus rus\u0173 psichologas treneris, filosofijos moksl\u0173 kandidatas, unikali\u0173 psichologijos program\u0173 k\u016br\u0117jas. Daug met\u0173","robots":{"index":"index","follow":"follow","max-snippet":"max-snippet:-1","max-image-preview":"max-image-preview:large","max-video-preview":"max-video-preview:-1"},"canonical":"https:\/\/skaitytaknyga.lt\/en\/produktas\/likimo-desniai-arba-trys-zingsniai-i-laime-ir-sekme\/","og_locale":"en_GB","og_type":"article","og_title":"Likimo d\u0117sniai, arba trys \u017eingsniai \u012f laim\u0119 ir s\u0117km\u0119 - Skaitytaknyga","og_description":"Knygos autorius Oleg Gadeckij \u2013 garsus rus\u0173 psichologas treneris, filosofijos moksl\u0173 kandidatas, unikali\u0173 psichologijos program\u0173 k\u016br\u0117jas. Daug met\u0173","og_url":"https:\/\/skaitytaknyga.lt\/en\/produktas\/likimo-desniai-arba-trys-zingsniai-i-laime-ir-sekme\/","og_site_name":"Skaitytaknyga","article_publisher":"https:\/\/www.facebook.com\/skaitytaknyga\/","article_modified_time":"2025-05-15T07:14:20+00:00","og_image":[{"width":2560,"height":1655,"url":"https:\/\/skaitytaknyga.lt\/wp-content\/uploads\/2024\/05\/1000006625-scaled-1.jpg","type":"image\/jpeg"}],"twitter_card":"summary_large_image","twitter_misc":{"Estimated reading time":"1 minute"},"schema":{"@context":"https:\/\/schema.org","@graph":[{"@type":"WebPage","@id":"https:\/\/skaitytaknyga.lt\/produktas\/likimo-desniai-arba-trys-zingsniai-i-laime-ir-sekme\/","url":"https:\/\/skaitytaknyga.lt\/produktas\/likimo-desniai-arba-trys-zingsniai-i-laime-ir-sekme\/","name":"Likimo d\u0117sniai, arba trys \u017eingsniai \u012f laim\u0119 ir s\u0117km\u0119 - Skaitytaknyga","isPartOf":{"@id":"https:\/\/skaitytaknyga.lt\/#website"},"datePublished":"2024-05-04T19:28:26+00:00","dateModified":"2025-05-15T07:14:20+00:00","description":"Knygos autorius Oleg Gadeckij \u2013 garsus rus\u0173 psichologas treneris, filosofijos moksl\u0173 kandidatas, unikali\u0173 psichologijos program\u0173 k\u016br\u0117jas. Daug met\u0173","breadcrumb":{"@id":"https:\/\/skaitytaknyga.lt\/produktas\/likimo-desniai-arba-trys-zingsniai-i-laime-ir-sekme\/#breadcrumb"},"inLanguage":"en-GB","potentialAction":[{"@type":"ReadAction","target":["https:\/\/skaitytaknyga.lt\/produktas\/likimo-desniai-arba-trys-zingsniai-i-laime-ir-sekme\/"]}]},{"@type":"BreadcrumbList","@id":"https:\/\/skaitytaknyga.lt\/produktas\/likimo-desniai-arba-trys-zingsniai-i-laime-ir-sekme\/#breadcrumb","itemListElement":[{"@type":"ListItem","position":1,"name":"Home","item":"https:\/\/skaitytaknyga.lt\/"},{"@type":"ListItem","position":2,"name":"Parduotuv\u0117","item":"https:\/\/skaitytaknyga.lt\/knygu-parduotuve\/"},{"@type":"ListItem","position":3,"name":"Likimo d\u0117sniai, arba trys \u017eingsniai \u012f laim\u0119 ir s\u0117km\u0119"}]},{"@type":"WebSite","@id":"https:\/\/skaitytaknyga.lt\/#website","url":"https:\/\/skaitytaknyga.lt\/","name":"skaitytaknyga.lt","description":"Skaitytaknyga.lt \u2013 tai ma\u017eas \u0161eimos verslas, kuris prasid\u0117jo nuo meil\u0117s knygoms ir siekio i\u0161gelb\u0117ti knygas nuo likimo prie konteinerio. Kas vienam nereikalingas daiktas \u2013 kitam lobis, o mes esame tarpininkai, kurie padeda abiems tapti laimingesniems ???? \u017dinome kaip nelengva i\u0161gyventi ma\u017eiems verslams, tad nuo \u0161iol, \u010dia rasite ir kit\u0173, ma\u017e\u0173 \u0161eim\u0173 versl\u0173, rank\u0173 darbo, dovan\u0173 sau ir artimiesiems.","publisher":{"@id":"https:\/\/skaitytaknyga.lt\/#organization"},"potentialAction":[{"@type":"SearchAction","target":{"@type":"EntryPoint","urlTemplate":"https:\/\/skaitytaknyga.lt\/?s={search_term_string}"},"query-input":{"@type":"PropertyValueSpecification","valueRequired":true,"valueName":"search_term_string"}}],"inLanguage":"en-GB"},{"@type":"Organization","@id":"https:\/\/skaitytaknyga.lt\/#organization","name":"skaitytaknyga.lt","url":"https:\/\/skaitytaknyga.lt\/","logo":{"@type":"ImageObject","inLanguage":"en-GB","@id":"https:\/\/skaitytaknyga.lt\/#\/schema\/logo\/image\/","url":"https:\/\/skaitytaknyga.lt\/wp-content\/uploads\/2024\/05\/cropped-cropped-cropped-02_00843_jt3bggkj1j3HLc7SyY6rEUpg.jpeg","contentUrl":"https:\/\/skaitytaknyga.lt\/wp-content\/uploads\/2024\/05\/cropped-cropped-cropped-02_00843_jt3bggkj1j3HLc7SyY6rEUpg.jpeg","width":1600,"height":1600,"caption":"skaitytaknyga.lt"},"image":{"@id":"https:\/\/skaitytaknyga.lt\/#\/schema\/logo\/image\/"},"sameAs":["https:\/\/www.facebook.com\/skaitytaknyga\/"]}]}},"_links":{"self":[{"href":"https:\/\/skaitytaknyga.lt\/en\/wp-json\/wp\/v2\/product\/11104","targetHints":{"allow":["GET"]}}],"collection":[{"href":"https:\/\/skaitytaknyga.lt\/en\/wp-json\/wp\/v2\/product"}],"about":[{"href":"https:\/\/skaitytaknyga.lt\/en\/wp-json\/wp\/v2\/types\/product"}],"replies":[{"embeddable":true,"href":"https:\/\/skaitytaknyga.lt\/en\/wp-json\/wp\/v2\/comments?post=11104"}],"wp:attachment":[{"href":"https:\/\/skaitytaknyga.lt\/en\/wp-json\/wp\/v2\/media?parent=11104"}],"wp:term":[{"taxonomy":"product_brand","embeddable":true,"href":"https:\/\/skaitytaknyga.lt\/en\/wp-json\/wp\/v2\/product_brand?post=11104"},{"taxonomy":"product_cat","embeddable":true,"href":"https:\/\/skaitytaknyga.lt\/en\/wp-json\/wp\/v2\/product_cat?post=11104"},{"taxonomy":"product_tag","embeddable":true,"href":"https:\/\/skaitytaknyga.lt\/en\/wp-json\/wp\/v2\/product_tag?post=11104"}],"curies":[{"name":"wp","href":"https:\/\/api.w.org\/{rel}","templated":true}]}}