{"id":11098,"date":"2024-05-04T19:28:05","date_gmt":"2024-05-04T19:28:05","guid":{"rendered":"https:\/\/skaitytaknyga.lt\/?post_type=product&#038;p=11098"},"modified":"2025-05-12T14:20:03","modified_gmt":"2025-05-12T11:20:03","slug":"algirdas-toliatas-tikra-tik-viltis","status":"publish","type":"product","link":"https:\/\/skaitytaknyga.lt\/en\/produktas\/algirdas-toliatas-tikra-tik-viltis\/","title":{"rendered":"Tikra tik viltis"},"content":{"rendered":"<p style=\"margin-top:0px;margin-bottom:0.8rem;font-family:\"><em>I\u0161minti takai \u012f naujas ganyklas neveda. Leiskis keliais, atskleid\u017eian\u010diais gyvenimo gro\u017e\u012f. Jie veda prie dar neatrast\u0173 \u017eod\u017ei\u0173, kuriuos gal\u0117tum s\u0117ti \u017emoni\u0173 \u0161irdyse.<\/em><\/p>\n<p style=\"margin-top:0px;margin-bottom:0.8rem;font-family:\">Kunigas<span> <\/span><strong style=\"font-weight: 700\">Algirdas TOLIATAS<\/strong><span> <\/span>(g. 1978) \u2013 Lietuvos policijos vyriausiasis kapelionas, 2018 m. apdovanotas \u0160v. Kristoforo statul\u0117le u\u017e bendruomen\u0117s telkim\u0105, \u0161e\u0161eto knyg\u0173 autorius. Jo pamoksl\u0173 ciklo knygos \u201e\u017dmogaus ir Dievo metai&#8221;, \u201eGerumo li\u016bnas&#8221;, \u201e\u0160e\u0161tas jausmas yra pirmas&#8221; (2016\u2013218), taip pat \u201eRamyb\u0117 tau&#8221; ir \u201eSekmadienio SMS&#8221; (2019) skaitytoj\u0173 labai vertinamos ir nuolat perleid\u017eiamos. \u201eTikra tik viltis&#8221; \u2013 septintoji kunigo knyga, kurioje jis jaukinasi es\u0117 \u017eanr\u0105.<\/p>\n<p style=\"margin-top:0px;margin-bottom:0.8rem;font-family:\">Pagrindinis ir did\u017eiausias kunigo A. Toliato \u012fkv\u0117pimas \u2013 gyvenimas ir \u0160ventasis Ra\u0161tas, pagrindiniai klausimai \u2013 moraliniai. Autorius nagrin\u0117ja am\u017einas ir kasdienes \u017emogaus gerumo ir padorumo, patikimumo, atjautos ir meil\u0117s artimui temas. Jis nepateikia atsakym\u0173, tik apnuogina mint\u012f ir skatina klausti. Ir vis kreipia prie tik\u0117jimo bei vilties, kuri\u0105 jam simbolizuoja Vilniaus senamies\u010dio \u0160v\u010d. Mergel\u0117s Marijos Ramintojos ba\u017eny\u010dia. \u201eGal ir ateis diena, kai trauksime \u012f j\u0105 klausytis \u010ciurlionio koncert\u0173 ir vargon\u0173. Motorai ten gaud\u0117 aid\u017eiai, pats gird\u0117jau. Bet vargonai vis d\u0117lto b\u016bt\u0173 geriau. Daug geriau&#8230;&#8221; \u2013 kadaise sak\u0117 Jurgis Kun\u010dinas. Dabar joje skamba ne tik koncertai. Joje gimsta ir kasdien\u0117s mintys, kuriomis kunigas A. Toliatas dalijasi po at\u0161ventintos Ramintojos koply\u010dios skliautais.<\/p>\n","protected":false},"excerpt":{"rendered":"<p>I\u0161minti takai \u012f naujas ganyklas neveda. Leiskis keliais, atskleid\u017eian\u010diais gyvenimo gro\u017e\u012f. Jie veda prie dar neatrast\u0173 \u017eod\u017ei\u0173, kuriuos gal\u0117tum s\u0117ti \u017emoni\u0173 \u0161irdyse. Kunigas Algirdas TOLIATAS (g. 1978) \u2013 Lietuvos policijos vyriausiasis kapelionas, 2018 m. apdovanotas \u0160v. Kristoforo statul\u0117le u\u017e bendruomen\u0117s telkim\u0105, \u0161e\u0161eto knyg\u0173 autorius. Jo pamoksl\u0173 ciklo knygos \u201e\u017dmogaus ir Dievo metai&#8221;, \u201eGerumo li\u016bnas&#8221;, \u201e\u0160e\u0161tas jausmas yra pirmas&#8221; (2016\u2013218), taip pat \u201eRamyb\u0117 tau&#8221; ir \u201eSekmadienio SMS&#8221; (2019) skaitytoj\u0173 labai vertinamos ir nuolat perleid\u017eiamos. \u201eTikra tik viltis&#8221; \u2013 septintoji kunigo knyga, kurioje jis jaukinasi es\u0117 \u017eanr\u0105. Pagrindinis ir did\u017eiausias kunigo A. Toliato \u012fkv\u0117pimas \u2013 gyvenimas ir \u0160ventasis Ra\u0161tas, pagrindiniai klausimai \u2013 moraliniai. Autorius nagrin\u0117ja am\u017einas ir kasdienes \u017emogaus gerumo ir padorumo, patikimumo, atjautos ir meil\u0117s artimui temas. Jis nepateikia atsakym\u0173, tik apnuogina mint\u012f ir skatina klausti. Ir vis kreipia prie tik\u0117jimo bei vilties, kuri\u0105 jam simbolizuoja Vilniaus senamies\u010dio \u0160v\u010d. Mergel\u0117s Marijos Ramintojos ba\u017eny\u010dia. \u201eGal ir ateis diena, kai trauksime \u012f j\u0105 klausytis \u010ciurlionio koncert\u0173 ir vargon\u0173. Motorai ten gaud\u0117 aid\u017eiai, pats gird\u0117jau. Bet vargonai vis d\u0117lto b\u016bt\u0173 geriau. Daug geriau&#8230;&#8221; \u2013 kadaise sak\u0117 Jurgis Kun\u010dinas. Dabar joje skamba ne tik koncertai. Joje gimsta ir kasdien\u0117s mintys, kuriomis kunigas A. Toliatas dalijasi po at\u0161ventintos Ramintojos koply\u010dios skliautais.<\/p>\n","protected":false},"featured_media":0,"comment_status":"closed","ping_status":"closed","template":"","meta":{"_acf_changed":false,"site-sidebar-layout":"default","site-content-layout":"","ast-site-content-layout":"default","site-content-style":"default","site-sidebar-style":"default","ast-global-header-display":"","ast-banner-title-visibility":"","ast-main-header-display":"","ast-hfb-above-header-display":"","ast-hfb-below-header-display":"","ast-hfb-mobile-header-display":"","site-post-title":"","ast-breadcrumbs-content":"","ast-featured-img":"","footer-sml-layout":"","ast-disable-related-posts":"","theme-transparent-header-meta":"","adv-header-id-meta":"","stick-header-meta":"","header-above-stick-meta":"","header-main-stick-meta":"","header-below-stick-meta":"","astra-migrate-meta-layouts":"default","ast-page-background-enabled":"default","ast-page-background-meta":{"desktop":{"background-color":"","background-image":"","background-repeat":"repeat","background-position":"center center","background-size":"auto","background-attachment":"scroll","background-type":"","background-media":"","overlay-type":"","overlay-color":"","overlay-opacity":"","overlay-gradient":""},"tablet":{"background-color":"","background-image":"","background-repeat":"repeat","background-position":"center center","background-size":"auto","background-attachment":"scroll","background-type":"","background-media":"","overlay-type":"","overlay-color":"","overlay-opacity":"","overlay-gradient":""},"mobile":{"background-color":"","background-image":"","background-repeat":"repeat","background-position":"center center","background-size":"auto","background-attachment":"scroll","background-type":"","background-media":"","overlay-type":"","overlay-color":"","overlay-opacity":"","overlay-gradient":""}},"ast-content-background-meta":{"desktop":{"background-color":"var(--ast-global-color-4)","background-image":"","background-repeat":"repeat","background-position":"center center","background-size":"auto","background-attachment":"scroll","background-type":"","background-media":"","overlay-type":"","overlay-color":"","overlay-opacity":"","overlay-gradient":""},"tablet":{"background-color":"var(--ast-global-color-4)","background-image":"","background-repeat":"repeat","background-position":"center center","background-size":"auto","background-attachment":"scroll","background-type":"","background-media":"","overlay-type":"","overlay-color":"","overlay-opacity":"","overlay-gradient":""},"mobile":{"background-color":"var(--ast-global-color-4)","background-image":"","background-repeat":"repeat","background-position":"center center","background-size":"auto","background-attachment":"scroll","background-type":"","background-media":"","overlay-type":"","overlay-color":"","overlay-opacity":"","overlay-gradient":""}}},"product_brand":[],"product_cat":[165],"product_tag":[1992,1994,2033,1581,2034],"class_list":{"0":"post-11098","1":"product","2":"type-product","3":"status-publish","5":"product_cat-religija-filosofija-ir-ezoterika","6":"product_tag-algirdas-toliatas","7":"product_tag-dvasinis-augimas","8":"product_tag-ese","9":"product_tag-tikejimas","10":"product_tag-viltis","11":"pa_leidimo-metai-2032","12":"desktop-align-left","13":"tablet-align-left","14":"mobile-align-left","16":"first","17":"outofstock","18":"shipping-taxable","19":"purchasable","20":"product-type-simple"},"acf":[],"yoast_head":"<!-- This site is optimized with the Yoast SEO plugin v27.0 - https:\/\/yoast.com\/product\/yoast-seo-wordpress\/ -->\n<title>Tikra tik viltis<\/title>\n<meta name=\"description\" content=\"I\u0161minti takai \u012f naujas ganyklas neveda. Leiskis keliais, atskleid\u017eian\u010diais gyvenimo gro\u017e\u012f. Jie veda prie dar neatrast\u0173 \u017eod\u017ei\u0173, kuriuos gal\u0117tum s\u0117ti \u017emoni\u0173\" \/>\n<meta name=\"robots\" content=\"index, follow, max-snippet:-1, max-image-preview:large, max-video-preview:-1\" \/>\n<link rel=\"canonical\" href=\"https:\/\/skaitytaknyga.lt\/en\/produktas\/algirdas-toliatas-tikra-tik-viltis\/\" \/>\n<meta property=\"og:locale\" content=\"en_GB\" \/>\n<meta property=\"og:locale:alternate\" content=\"lt_LT\" \/>\n<meta property=\"og:type\" content=\"article\" \/>\n<meta property=\"og:title\" content=\"Tikra tik viltis\" \/>\n<meta property=\"og:description\" content=\"I\u0161minti takai \u012f naujas ganyklas neveda. Leiskis keliais, atskleid\u017eian\u010diais gyvenimo gro\u017e\u012f. Jie veda prie dar neatrast\u0173 \u017eod\u017ei\u0173, kuriuos gal\u0117tum s\u0117ti \u017emoni\u0173\" \/>\n<meta property=\"og:url\" content=\"https:\/\/skaitytaknyga.lt\/en\/produktas\/algirdas-toliatas-tikra-tik-viltis\/\" \/>\n<meta property=\"og:site_name\" content=\"Skaitytaknyga\" \/>\n<meta property=\"article:publisher\" content=\"https:\/\/www.facebook.com\/skaitytaknyga\/\" \/>\n<meta property=\"article:modified_time\" content=\"2025-05-12T11:20:03+00:00\" \/>\n<meta property=\"og:image\" content=\"https:\/\/skaitytaknyga.lt\/wp-content\/uploads\/2024\/05\/1000006623-scaled-1.jpg\" \/>\n\t<meta property=\"og:image:width\" content=\"2560\" \/>\n\t<meta property=\"og:image:height\" content=\"1587\" \/>\n\t<meta property=\"og:image:type\" content=\"image\/jpeg\" \/>\n<meta name=\"twitter:card\" content=\"summary_large_image\" \/>\n<meta name=\"twitter:label1\" content=\"Estimated reading time\" \/>\n\t<meta name=\"twitter:data1\" content=\"1 minute\" \/>\n<script type=\"application\/ld+json\" class=\"yoast-schema-graph\">{\"@context\":\"https:\/\/schema.org\",\"@graph\":[{\"@type\":\"WebPage\",\"@id\":\"https:\/\/skaitytaknyga.lt\/produktas\/algirdas-toliatas-tikra-tik-viltis\/\",\"url\":\"https:\/\/skaitytaknyga.lt\/produktas\/algirdas-toliatas-tikra-tik-viltis\/\",\"name\":\"Tikra tik viltis\",\"isPartOf\":{\"@id\":\"https:\/\/skaitytaknyga.lt\/#website\"},\"datePublished\":\"2024-05-04T19:28:05+00:00\",\"dateModified\":\"2025-05-12T11:20:03+00:00\",\"description\":\"I\u0161minti takai \u012f naujas ganyklas neveda. Leiskis keliais, atskleid\u017eian\u010diais gyvenimo gro\u017e\u012f. Jie veda prie dar neatrast\u0173 \u017eod\u017ei\u0173, kuriuos gal\u0117tum s\u0117ti \u017emoni\u0173\",\"breadcrumb\":{\"@id\":\"https:\/\/skaitytaknyga.lt\/produktas\/algirdas-toliatas-tikra-tik-viltis\/#breadcrumb\"},\"inLanguage\":\"en-GB\",\"potentialAction\":[{\"@type\":\"ReadAction\",\"target\":[\"https:\/\/skaitytaknyga.lt\/produktas\/algirdas-toliatas-tikra-tik-viltis\/\"]}]},{\"@type\":\"BreadcrumbList\",\"@id\":\"https:\/\/skaitytaknyga.lt\/produktas\/algirdas-toliatas-tikra-tik-viltis\/#breadcrumb\",\"itemListElement\":[{\"@type\":\"ListItem\",\"position\":1,\"name\":\"Home\",\"item\":\"https:\/\/skaitytaknyga.lt\/\"},{\"@type\":\"ListItem\",\"position\":2,\"name\":\"Parduotuv\u0117\",\"item\":\"https:\/\/skaitytaknyga.lt\/knygu-parduotuve\/\"},{\"@type\":\"ListItem\",\"position\":3,\"name\":\"Tikra tik viltis\"}]},{\"@type\":\"WebSite\",\"@id\":\"https:\/\/skaitytaknyga.lt\/#website\",\"url\":\"https:\/\/skaitytaknyga.lt\/\",\"name\":\"skaitytaknyga.lt\",\"description\":\"Skaitytaknyga.lt \u2013 tai ma\u017eas \u0161eimos verslas, kuris prasid\u0117jo nuo meil\u0117s knygoms ir siekio i\u0161gelb\u0117ti knygas nuo likimo prie konteinerio. Kas vienam nereikalingas daiktas \u2013 kitam lobis, o mes esame tarpininkai, kurie padeda abiems tapti laimingesniems ???? \u017dinome kaip nelengva i\u0161gyventi ma\u017eiems verslams, tad nuo \u0161iol, \u010dia rasite ir kit\u0173, ma\u017e\u0173 \u0161eim\u0173 versl\u0173, rank\u0173 darbo, dovan\u0173 sau ir artimiesiems.\",\"publisher\":{\"@id\":\"https:\/\/skaitytaknyga.lt\/#organization\"},\"potentialAction\":[{\"@type\":\"SearchAction\",\"target\":{\"@type\":\"EntryPoint\",\"urlTemplate\":\"https:\/\/skaitytaknyga.lt\/?s={search_term_string}\"},\"query-input\":{\"@type\":\"PropertyValueSpecification\",\"valueRequired\":true,\"valueName\":\"search_term_string\"}}],\"inLanguage\":\"en-GB\"},{\"@type\":\"Organization\",\"@id\":\"https:\/\/skaitytaknyga.lt\/#organization\",\"name\":\"skaitytaknyga.lt\",\"url\":\"https:\/\/skaitytaknyga.lt\/\",\"logo\":{\"@type\":\"ImageObject\",\"inLanguage\":\"en-GB\",\"@id\":\"https:\/\/skaitytaknyga.lt\/#\/schema\/logo\/image\/\",\"url\":\"https:\/\/skaitytaknyga.lt\/wp-content\/uploads\/2024\/05\/cropped-cropped-cropped-02_00843_jt3bggkj1j3HLc7SyY6rEUpg.jpeg\",\"contentUrl\":\"https:\/\/skaitytaknyga.lt\/wp-content\/uploads\/2024\/05\/cropped-cropped-cropped-02_00843_jt3bggkj1j3HLc7SyY6rEUpg.jpeg\",\"width\":1600,\"height\":1600,\"caption\":\"skaitytaknyga.lt\"},\"image\":{\"@id\":\"https:\/\/skaitytaknyga.lt\/#\/schema\/logo\/image\/\"},\"sameAs\":[\"https:\/\/www.facebook.com\/skaitytaknyga\/\"]}]}<\/script>\n<!-- \/ Yoast SEO plugin. -->","yoast_head_json":{"title":"Tikra tik viltis","description":"I\u0161minti takai \u012f naujas ganyklas neveda. Leiskis keliais, atskleid\u017eian\u010diais gyvenimo gro\u017e\u012f. Jie veda prie dar neatrast\u0173 \u017eod\u017ei\u0173, kuriuos gal\u0117tum s\u0117ti \u017emoni\u0173","robots":{"index":"index","follow":"follow","max-snippet":"max-snippet:-1","max-image-preview":"max-image-preview:large","max-video-preview":"max-video-preview:-1"},"canonical":"https:\/\/skaitytaknyga.lt\/en\/produktas\/algirdas-toliatas-tikra-tik-viltis\/","og_locale":"en_GB","og_type":"article","og_title":"[:lt]Tikra tik viltis[:] - Skaitytaknyga","og_description":"I\u0161minti takai \u012f naujas ganyklas neveda. Leiskis keliais, atskleid\u017eian\u010diais gyvenimo gro\u017e\u012f. Jie veda prie dar neatrast\u0173 \u017eod\u017ei\u0173, kuriuos gal\u0117tum s\u0117ti \u017emoni\u0173","og_url":"https:\/\/skaitytaknyga.lt\/en\/produktas\/algirdas-toliatas-tikra-tik-viltis\/","og_site_name":"Skaitytaknyga","article_publisher":"https:\/\/www.facebook.com\/skaitytaknyga\/","article_modified_time":"2025-05-12T11:20:03+00:00","og_image":[{"width":2560,"height":1587,"url":"https:\/\/skaitytaknyga.lt\/wp-content\/uploads\/2024\/05\/1000006623-scaled-1.jpg","type":"image\/jpeg"}],"twitter_card":"summary_large_image","twitter_misc":{"Estimated reading time":"1 minute"},"schema":{"@context":"https:\/\/schema.org","@graph":[{"@type":"WebPage","@id":"https:\/\/skaitytaknyga.lt\/produktas\/algirdas-toliatas-tikra-tik-viltis\/","url":"https:\/\/skaitytaknyga.lt\/produktas\/algirdas-toliatas-tikra-tik-viltis\/","name":"Tikra tik viltis","isPartOf":{"@id":"https:\/\/skaitytaknyga.lt\/#website"},"datePublished":"2024-05-04T19:28:05+00:00","dateModified":"2025-05-12T11:20:03+00:00","description":"I\u0161minti takai \u012f naujas ganyklas neveda. Leiskis keliais, atskleid\u017eian\u010diais gyvenimo gro\u017e\u012f. Jie veda prie dar neatrast\u0173 \u017eod\u017ei\u0173, kuriuos gal\u0117tum s\u0117ti \u017emoni\u0173","breadcrumb":{"@id":"https:\/\/skaitytaknyga.lt\/produktas\/algirdas-toliatas-tikra-tik-viltis\/#breadcrumb"},"inLanguage":"en-GB","potentialAction":[{"@type":"ReadAction","target":["https:\/\/skaitytaknyga.lt\/produktas\/algirdas-toliatas-tikra-tik-viltis\/"]}]},{"@type":"BreadcrumbList","@id":"https:\/\/skaitytaknyga.lt\/produktas\/algirdas-toliatas-tikra-tik-viltis\/#breadcrumb","itemListElement":[{"@type":"ListItem","position":1,"name":"Home","item":"https:\/\/skaitytaknyga.lt\/"},{"@type":"ListItem","position":2,"name":"Parduotuv\u0117","item":"https:\/\/skaitytaknyga.lt\/knygu-parduotuve\/"},{"@type":"ListItem","position":3,"name":"Tikra tik viltis"}]},{"@type":"WebSite","@id":"https:\/\/skaitytaknyga.lt\/#website","url":"https:\/\/skaitytaknyga.lt\/","name":"skaitytaknyga.lt","description":"Skaitytaknyga.lt \u2013 tai ma\u017eas \u0161eimos verslas, kuris prasid\u0117jo nuo meil\u0117s knygoms ir siekio i\u0161gelb\u0117ti knygas nuo likimo prie konteinerio. Kas vienam nereikalingas daiktas \u2013 kitam lobis, o mes esame tarpininkai, kurie padeda abiems tapti laimingesniems ???? \u017dinome kaip nelengva i\u0161gyventi ma\u017eiems verslams, tad nuo \u0161iol, \u010dia rasite ir kit\u0173, ma\u017e\u0173 \u0161eim\u0173 versl\u0173, rank\u0173 darbo, dovan\u0173 sau ir artimiesiems.","publisher":{"@id":"https:\/\/skaitytaknyga.lt\/#organization"},"potentialAction":[{"@type":"SearchAction","target":{"@type":"EntryPoint","urlTemplate":"https:\/\/skaitytaknyga.lt\/?s={search_term_string}"},"query-input":{"@type":"PropertyValueSpecification","valueRequired":true,"valueName":"search_term_string"}}],"inLanguage":"en-GB"},{"@type":"Organization","@id":"https:\/\/skaitytaknyga.lt\/#organization","name":"skaitytaknyga.lt","url":"https:\/\/skaitytaknyga.lt\/","logo":{"@type":"ImageObject","inLanguage":"en-GB","@id":"https:\/\/skaitytaknyga.lt\/#\/schema\/logo\/image\/","url":"https:\/\/skaitytaknyga.lt\/wp-content\/uploads\/2024\/05\/cropped-cropped-cropped-02_00843_jt3bggkj1j3HLc7SyY6rEUpg.jpeg","contentUrl":"https:\/\/skaitytaknyga.lt\/wp-content\/uploads\/2024\/05\/cropped-cropped-cropped-02_00843_jt3bggkj1j3HLc7SyY6rEUpg.jpeg","width":1600,"height":1600,"caption":"skaitytaknyga.lt"},"image":{"@id":"https:\/\/skaitytaknyga.lt\/#\/schema\/logo\/image\/"},"sameAs":["https:\/\/www.facebook.com\/skaitytaknyga\/"]}]}},"_links":{"self":[{"href":"https:\/\/skaitytaknyga.lt\/en\/wp-json\/wp\/v2\/product\/11098","targetHints":{"allow":["GET"]}}],"collection":[{"href":"https:\/\/skaitytaknyga.lt\/en\/wp-json\/wp\/v2\/product"}],"about":[{"href":"https:\/\/skaitytaknyga.lt\/en\/wp-json\/wp\/v2\/types\/product"}],"replies":[{"embeddable":true,"href":"https:\/\/skaitytaknyga.lt\/en\/wp-json\/wp\/v2\/comments?post=11098"}],"wp:attachment":[{"href":"https:\/\/skaitytaknyga.lt\/en\/wp-json\/wp\/v2\/media?parent=11098"}],"wp:term":[{"taxonomy":"product_brand","embeddable":true,"href":"https:\/\/skaitytaknyga.lt\/en\/wp-json\/wp\/v2\/product_brand?post=11098"},{"taxonomy":"product_cat","embeddable":true,"href":"https:\/\/skaitytaknyga.lt\/en\/wp-json\/wp\/v2\/product_cat?post=11098"},{"taxonomy":"product_tag","embeddable":true,"href":"https:\/\/skaitytaknyga.lt\/en\/wp-json\/wp\/v2\/product_tag?post=11098"}],"curies":[{"name":"wp","href":"https:\/\/api.w.org\/{rel}","templated":true}]}}