{"id":11097,"date":"2024-05-04T22:28:05","date_gmt":"2024-05-04T19:28:05","guid":{"rendered":"https:\/\/skaitytaknyga.lt\/?post_type=product&#038;p=11097"},"modified":"2026-02-20T14:46:04","modified_gmt":"2026-02-20T12:46:04","slug":"kaip-isigyti-draugu-ir-daryti-itaka-zmonems","status":"publish","type":"product","link":"https:\/\/skaitytaknyga.lt\/en\/produktas\/kaip-isigyti-draugu-ir-daryti-itaka-zmonems\/","title":{"rendered":"Kaip \u012fsigyti draug\u0173 ir daryti \u012ftak\u0105 \u017emon\u0117ms"},"content":{"rendered":"<p>Neleiskite pavadinimui j\u016bs\u0173 suklaidinti \u2013 \u0161i knyga tikrai n\u0117ra apie tai, kaip manipuliuoti \u017emon\u0117mis, o apie tai, kaip su jais susidraugauti!!!<\/p>\n<p>Dale\u2019as Carnegie\u2019is \u2013 vienas \u017einomiausi\u0173 pra\u0117jusio am\u017eiaus bendravimo guru, o \u0161i knyga \u2013 pagrindinis jo veikalas, parduotas daugiau kaip 30 milijon\u0173 tira\u017eu visame pasaulyje. Kuo gi \u0161i knyga tokia ypatinga? Ir kod\u0117l ji, pra\u0117jus beveik \u0161imtme\u010diui nuo pirmojo jos leidimo, vis dar puikuojasi perkamiausi\u0173 knyg\u0173 s\u0105ra\u0161uose?<\/p>\n<p>Grei\u010diausiai tod\u0117l, kad knygoje kalbama apie \u017emoni\u0173 santykius \u2013 ilgalaikius ir nuo\u0161ird\u017eius. O \u0161i tema buvo ir bus aktuali visais laikais. Ta\u010diau kaip tokius santykius sukurti? \u0160tai \u010dia ir slypi \u0161ios knygos s\u0117km\u0117. \u201eMes visi norime b\u016bti mylimi, mes visi esame svarb\u016bs pirmiausia patys sau, ir \u010dia n\u0117ra nieko blogo, \u2013 teigia autorius. \u2013 Ta\u010diau jei mes pad\u0117sime kitiems \u017emon\u0117ms pasijusti svarbiems ir tai darysime visi\u0161kai nuo\u0161ird\u017eiai, \u012fvyks tikros permainos tiek asmeniniame, tiek profesiniame gyvenime.\u201c \u0160tai keletas pavyzd\u017ei\u0173, kaip tai padaryti:<\/p>\n<p>&#8211; Nekritikuok, nesmerk ir nesisk\u0173sk kitais.<br \/>\n&#8211; Visada atvirai ir nuo\u0161ird\u017eiai reik\u0161k susi\u017eav\u0117jim\u0105, pad\u0117k\u0105 ir pripa\u017einim\u0105.<br \/>\n&#8211; Pa\u017eadink kito \u017emogaus nor\u0105 veikti, entuziazm\u0105.<br \/>\n&#8211; Atsimink, kad kitam \u017emogui jo vardas yra pats mieliausias ir svarbiausias garsas, tod\u0117l stenkis j\u012f \u012fsid\u0117m\u0117ti ir visuomet kreipkis vardu.<br \/>\n&#8211; I\u0161mok klausytis. Paskatink kitus pasakoti apie save.<br \/>\n&#8211; Kalb\u0117k apie tai, kas \u012fdomu kitam \u017emogui, o ne tik tau&#8230;<br \/>\nVienas turtingiausi\u0173 pasaulio \u017emoni\u0173 Warrenas Buffettas apie \u0161i\u0105 knyg\u0105 yra pasak\u0119s: \u201eJi pakeit\u0117 mano gyvenim\u0105.\u201c O kas trukdo jums pakeisti sav\u0105j\u012f?<\/p>\n<ul class=\"details-list mt5\">\n<li style=\"font-weight: 600;line-height: 25px\">Autorius:<span class=\"Apple-converted-space\">&nbsp;<\/span>Dale Carnegie<\/li>\n<li style=\"font-weight: 600;line-height: 25px\">Leid\u0117jas:<span class=\"Apple-converted-space\">&nbsp;<\/span><span style=\"font-weight: normal\"><span>Eugrimas<\/span><\/span><\/li>\n<li style=\"font-weight: 600;line-height: 25px\">I\u0161leidimo metai:<span class=\"Apple-converted-space\">&nbsp;<\/span><span style=\"font-weight: normal\">2017<\/span><\/li>\n<li style=\"font-weight: 600;line-height: 25px\">Knygos puslapi\u0173 skai\u010dius:<span class=\"Apple-converted-space\">&nbsp;<\/span><span style=\"font-weight: normal\">280<\/span><\/li>\n<li style=\"font-weight: 600;line-height: 25px\">Formatas:<span class=\"Apple-converted-space\">&nbsp;<\/span><span style=\"font-weight: normal\">15&#215;22, kieti vir\u0161eliai<\/span><\/li>\n<li style=\"font-weight: 600;line-height: 25px\">ISBN ar kodas:<span class=\"Apple-converted-space\">&nbsp;<\/span><span style=\"font-weight: normal\">9786094373565<\/span><\/li>\n<\/ul>\n","protected":false},"excerpt":{"rendered":"<p>Neleiskite pavadinimui j\u016bs\u0173 suklaidinti \u2013 \u0161i knyga tikrai n\u0117ra apie tai, kaip manipuliuoti \u017emon\u0117mis, o apie tai, kaip su jais susidraugauti!!! Dale\u2019as Carnegie\u2019is \u2013 vienas \u017einomiausi\u0173 pra\u0117jusio am\u017eiaus bendravimo guru, o \u0161i knyga \u2013 pagrindinis jo veikalas, parduotas daugiau kaip 30 milijon\u0173 tira\u017eu visame pasaulyje. Kuo gi \u0161i knyga tokia ypatinga? Ir kod\u0117l ji, pra\u0117jus beveik \u0161imtme\u010diui nuo pirmojo jos leidimo, vis dar puikuojasi perkamiausi\u0173 knyg\u0173 s\u0105ra\u0161uose? Grei\u010diausiai tod\u0117l, kad knygoje kalbama apie \u017emoni\u0173 santykius \u2013 ilgalaikius ir nuo\u0161ird\u017eius. O \u0161i tema buvo ir bus aktuali visais laikais. Ta\u010diau kaip tokius santykius sukurti? \u0160tai \u010dia ir slypi \u0161ios knygos s\u0117km\u0117. \u201eMes visi norime b\u016bti mylimi, mes visi esame svarb\u016bs pirmiausia patys sau, ir \u010dia n\u0117ra nieko blogo, \u2013 teigia autorius. \u2013 Ta\u010diau jei mes pad\u0117sime kitiems \u017emon\u0117ms pasijusti svarbiems ir tai darysime visi\u0161kai nuo\u0161ird\u017eiai, \u012fvyks tikros permainos tiek asmeniniame, tiek profesiniame gyvenime.\u201c \u0160tai keletas pavyzd\u017ei\u0173, kaip tai padaryti: &#8211; Nekritikuok, nesmerk ir nesisk\u0173sk kitais. &#8211; Visada atvirai ir nuo\u0161ird\u017eiai reik\u0161k susi\u017eav\u0117jim\u0105, pad\u0117k\u0105 ir pripa\u017einim\u0105. &#8211; Pa\u017eadink kito \u017emogaus nor\u0105 veikti, entuziazm\u0105. &#8211; Atsimink, kad kitam \u017emogui jo vardas yra pats mieliausias ir svarbiausias garsas, tod\u0117l stenkis j\u012f \u012fsid\u0117m\u0117ti ir visuomet kreipkis vardu. &#8211; I\u0161mok klausytis. Paskatink kitus pasakoti apie save. &#8211; Kalb\u0117k apie tai, kas \u012fdomu kitam \u017emogui, o ne tik tau&#8230; Vienas turtingiausi\u0173 pasaulio \u017emoni\u0173 Warrenas Buffettas apie \u0161i\u0105 knyg\u0105 yra pasak\u0119s: \u201eJi pakeit\u0117 mano gyvenim\u0105.\u201c O kas trukdo jums pakeisti sav\u0105j\u012f? Autorius:&nbsp;Dale Carnegie Leid\u0117jas:&nbsp;Eugrimas I\u0161leidimo metai:&nbsp;2017 Knygos puslapi\u0173 skai\u010dius:&nbsp;280 Formatas:&nbsp;15&#215;22, kieti vir\u0161eliai ISBN ar kodas:&nbsp;9786094373565<\/p>\n","protected":false},"featured_media":13440,"comment_status":"open","ping_status":"closed","template":"","meta":{"_acf_changed":false,"site-sidebar-layout":"default","site-content-layout":"","ast-site-content-layout":"default","site-content-style":"default","site-sidebar-style":"default","ast-global-header-display":"","ast-banner-title-visibility":"","ast-main-header-display":"","ast-hfb-above-header-display":"","ast-hfb-below-header-display":"","ast-hfb-mobile-header-display":"","site-post-title":"","ast-breadcrumbs-content":"","ast-featured-img":"","footer-sml-layout":"","ast-disable-related-posts":"","theme-transparent-header-meta":"","adv-header-id-meta":"","stick-header-meta":"","header-above-stick-meta":"","header-main-stick-meta":"","header-below-stick-meta":"","astra-migrate-meta-layouts":"default","ast-page-background-enabled":"default","ast-page-background-meta":{"desktop":{"background-color":"","background-image":"","background-repeat":"repeat","background-position":"center center","background-size":"auto","background-attachment":"scroll","background-type":"","background-media":"","overlay-type":"","overlay-color":"","overlay-opacity":"","overlay-gradient":""},"tablet":{"background-color":"","background-image":"","background-repeat":"repeat","background-position":"center center","background-size":"auto","background-attachment":"scroll","background-type":"","background-media":"","overlay-type":"","overlay-color":"","overlay-opacity":"","overlay-gradient":""},"mobile":{"background-color":"","background-image":"","background-repeat":"repeat","background-position":"center center","background-size":"auto","background-attachment":"scroll","background-type":"","background-media":"","overlay-type":"","overlay-color":"","overlay-opacity":"","overlay-gradient":""}},"ast-content-background-meta":{"desktop":{"background-color":"var(--ast-global-color-4)","background-image":"","background-repeat":"repeat","background-position":"center center","background-size":"auto","background-attachment":"scroll","background-type":"","background-media":"","overlay-type":"","overlay-color":"","overlay-opacity":"","overlay-gradient":""},"tablet":{"background-color":"var(--ast-global-color-4)","background-image":"","background-repeat":"repeat","background-position":"center center","background-size":"auto","background-attachment":"scroll","background-type":"","background-media":"","overlay-type":"","overlay-color":"","overlay-opacity":"","overlay-gradient":""},"mobile":{"background-color":"var(--ast-global-color-4)","background-image":"","background-repeat":"repeat","background-position":"center center","background-size":"auto","background-attachment":"scroll","background-type":"","background-media":"","overlay-type":"","overlay-color":"","overlay-opacity":"","overlay-gradient":""}}},"product_brand":[],"product_cat":[30],"product_tag":[1405,1391,1406,1407,1408,1409,1396],"class_list":{"0":"post-11097","1":"product","2":"type-product","3":"status-publish","4":"has-post-thumbnail","6":"product_cat-psichologija-ir-saviugda","7":"product_tag-bendravimo-igudziai","8":"product_tag-dale-carnegie","9":"product_tag-itaka-zmonems","10":"product_tag-klasikine-psichologija","11":"product_tag-lyderyste","12":"product_tag-motyvacija","13":"product_tag-saviugda","14":"desktop-align-left","15":"tablet-align-left","16":"mobile-align-left","18":"first","19":"outofstock","20":"shipping-taxable","21":"purchasable","22":"product-type-simple"},"acf":[],"yoast_head":"<!-- This site is optimized with the Yoast SEO plugin v27.0 - https:\/\/yoast.com\/product\/yoast-seo-wordpress\/ -->\n<title>Kaip \u012fsigyti draug\u0173 ir daryti \u012ftak\u0105 \u017emon\u0117ms<\/title>\n<meta name=\"description\" content=\"Neleiskite pavadinimui j\u016bs\u0173 suklaidinti \u2013 \u0161i knyga tikrai n\u0117ra apie tai, kaip manipuliuoti \u017emon\u0117mis, o apie tai, kaip su jais susidraugauti!!! Dale\u2019as\" \/>\n<meta name=\"robots\" content=\"index, follow, max-snippet:-1, max-image-preview:large, max-video-preview:-1\" \/>\n<link rel=\"canonical\" href=\"https:\/\/skaitytaknyga.lt\/en\/produktas\/kaip-isigyti-draugu-ir-daryti-itaka-zmonems\/\" \/>\n<meta property=\"og:locale\" content=\"en_GB\" \/>\n<meta property=\"og:locale:alternate\" content=\"lt_LT\" \/>\n<meta property=\"og:type\" content=\"article\" \/>\n<meta property=\"og:title\" content=\"Kaip \u012fsigyti draug\u0173 ir daryti \u012ftak\u0105 \u017emon\u0117ms\" \/>\n<meta property=\"og:description\" content=\"Neleiskite pavadinimui j\u016bs\u0173 suklaidinti \u2013 \u0161i knyga tikrai n\u0117ra apie tai, kaip manipuliuoti \u017emon\u0117mis, o apie tai, kaip su jais susidraugauti!!! Dale\u2019as\" \/>\n<meta property=\"og:url\" content=\"https:\/\/skaitytaknyga.lt\/en\/produktas\/kaip-isigyti-draugu-ir-daryti-itaka-zmonems\/\" \/>\n<meta property=\"og:site_name\" content=\"Skaitytaknyga\" \/>\n<meta property=\"article:publisher\" content=\"https:\/\/www.facebook.com\/skaitytaknyga\/\" \/>\n<meta property=\"article:modified_time\" content=\"2026-02-20T12:46:04+00:00\" \/>\n<meta property=\"og:image\" content=\"https:\/\/skaitytaknyga.lt\/wp-content\/uploads\/2024\/08\/img_4817.jpeg\" \/>\n\t<meta property=\"og:image:width\" content=\"600\" \/>\n\t<meta property=\"og:image:height\" content=\"914\" \/>\n\t<meta property=\"og:image:type\" content=\"image\/jpeg\" \/>\n<meta name=\"twitter:card\" content=\"summary_large_image\" \/>\n<meta name=\"twitter:label1\" content=\"Estimated reading time\" \/>\n\t<meta name=\"twitter:data1\" content=\"1 minute\" \/>\n<script type=\"application\/ld+json\" class=\"yoast-schema-graph\">{\"@context\":\"https:\/\/schema.org\",\"@graph\":[{\"@type\":\"WebPage\",\"@id\":\"https:\/\/skaitytaknyga.lt\/produktas\/kaip-isigyti-draugu-ir-daryti-itaka-zmonems\/\",\"url\":\"https:\/\/skaitytaknyga.lt\/produktas\/kaip-isigyti-draugu-ir-daryti-itaka-zmonems\/\",\"name\":\"Kaip \u012fsigyti draug\u0173 ir daryti \u012ftak\u0105 \u017emon\u0117ms\",\"isPartOf\":{\"@id\":\"https:\/\/skaitytaknyga.lt\/#website\"},\"primaryImageOfPage\":{\"@id\":\"https:\/\/skaitytaknyga.lt\/produktas\/kaip-isigyti-draugu-ir-daryti-itaka-zmonems\/#primaryimage\"},\"image\":{\"@id\":\"https:\/\/skaitytaknyga.lt\/produktas\/kaip-isigyti-draugu-ir-daryti-itaka-zmonems\/#primaryimage\"},\"thumbnailUrl\":\"https:\/\/skaitytaknyga.lt\/wp-content\/uploads\/2024\/08\/img_4817.jpeg\",\"datePublished\":\"2024-05-04T19:28:05+00:00\",\"dateModified\":\"2026-02-20T12:46:04+00:00\",\"description\":\"Neleiskite pavadinimui j\u016bs\u0173 suklaidinti \u2013 \u0161i knyga tikrai n\u0117ra apie tai, kaip manipuliuoti \u017emon\u0117mis, o apie tai, kaip su jais susidraugauti!!! Dale\u2019as\",\"breadcrumb\":{\"@id\":\"https:\/\/skaitytaknyga.lt\/produktas\/kaip-isigyti-draugu-ir-daryti-itaka-zmonems\/#breadcrumb\"},\"inLanguage\":\"en-GB\",\"potentialAction\":[{\"@type\":\"ReadAction\",\"target\":[\"https:\/\/skaitytaknyga.lt\/produktas\/kaip-isigyti-draugu-ir-daryti-itaka-zmonems\/\"]}]},{\"@type\":\"ImageObject\",\"inLanguage\":\"en-GB\",\"@id\":\"https:\/\/skaitytaknyga.lt\/produktas\/kaip-isigyti-draugu-ir-daryti-itaka-zmonems\/#primaryimage\",\"url\":\"https:\/\/skaitytaknyga.lt\/wp-content\/uploads\/2024\/08\/img_4817.jpeg\",\"contentUrl\":\"https:\/\/skaitytaknyga.lt\/wp-content\/uploads\/2024\/08\/img_4817.jpeg\",\"width\":600,\"height\":914},{\"@type\":\"BreadcrumbList\",\"@id\":\"https:\/\/skaitytaknyga.lt\/produktas\/kaip-isigyti-draugu-ir-daryti-itaka-zmonems\/#breadcrumb\",\"itemListElement\":[{\"@type\":\"ListItem\",\"position\":1,\"name\":\"Home\",\"item\":\"https:\/\/skaitytaknyga.lt\/\"},{\"@type\":\"ListItem\",\"position\":2,\"name\":\"Parduotuv\u0117\",\"item\":\"https:\/\/skaitytaknyga.lt\/knygu-parduotuve\/\"},{\"@type\":\"ListItem\",\"position\":3,\"name\":\"Kaip \u012fsigyti draug\u0173 ir daryti \u012ftak\u0105 \u017emon\u0117ms\"}]},{\"@type\":\"WebSite\",\"@id\":\"https:\/\/skaitytaknyga.lt\/#website\",\"url\":\"https:\/\/skaitytaknyga.lt\/\",\"name\":\"skaitytaknyga.lt\",\"description\":\"Skaitytaknyga.lt \u2013 tai ma\u017eas \u0161eimos verslas, kuris prasid\u0117jo nuo meil\u0117s knygoms ir siekio i\u0161gelb\u0117ti knygas nuo likimo prie konteinerio. Kas vienam nereikalingas daiktas \u2013 kitam lobis, o mes esame tarpininkai, kurie padeda abiems tapti laimingesniems ???? \u017dinome kaip nelengva i\u0161gyventi ma\u017eiems verslams, tad nuo \u0161iol, \u010dia rasite ir kit\u0173, ma\u017e\u0173 \u0161eim\u0173 versl\u0173, rank\u0173 darbo, dovan\u0173 sau ir artimiesiems.\",\"publisher\":{\"@id\":\"https:\/\/skaitytaknyga.lt\/#organization\"},\"potentialAction\":[{\"@type\":\"SearchAction\",\"target\":{\"@type\":\"EntryPoint\",\"urlTemplate\":\"https:\/\/skaitytaknyga.lt\/?s={search_term_string}\"},\"query-input\":{\"@type\":\"PropertyValueSpecification\",\"valueRequired\":true,\"valueName\":\"search_term_string\"}}],\"inLanguage\":\"en-GB\"},{\"@type\":\"Organization\",\"@id\":\"https:\/\/skaitytaknyga.lt\/#organization\",\"name\":\"skaitytaknyga.lt\",\"url\":\"https:\/\/skaitytaknyga.lt\/\",\"logo\":{\"@type\":\"ImageObject\",\"inLanguage\":\"en-GB\",\"@id\":\"https:\/\/skaitytaknyga.lt\/#\/schema\/logo\/image\/\",\"url\":\"https:\/\/skaitytaknyga.lt\/wp-content\/uploads\/2024\/05\/cropped-cropped-cropped-02_00843_jt3bggkj1j3HLc7SyY6rEUpg.jpeg\",\"contentUrl\":\"https:\/\/skaitytaknyga.lt\/wp-content\/uploads\/2024\/05\/cropped-cropped-cropped-02_00843_jt3bggkj1j3HLc7SyY6rEUpg.jpeg\",\"width\":1600,\"height\":1600,\"caption\":\"skaitytaknyga.lt\"},\"image\":{\"@id\":\"https:\/\/skaitytaknyga.lt\/#\/schema\/logo\/image\/\"},\"sameAs\":[\"https:\/\/www.facebook.com\/skaitytaknyga\/\"]}]}<\/script>\n<!-- \/ Yoast SEO plugin. -->","yoast_head_json":{"title":"Kaip \u012fsigyti draug\u0173 ir daryti \u012ftak\u0105 \u017emon\u0117ms","description":"Neleiskite pavadinimui j\u016bs\u0173 suklaidinti \u2013 \u0161i knyga tikrai n\u0117ra apie tai, kaip manipuliuoti \u017emon\u0117mis, o apie tai, kaip su jais susidraugauti!!! Dale\u2019as","robots":{"index":"index","follow":"follow","max-snippet":"max-snippet:-1","max-image-preview":"max-image-preview:large","max-video-preview":"max-video-preview:-1"},"canonical":"https:\/\/skaitytaknyga.lt\/en\/produktas\/kaip-isigyti-draugu-ir-daryti-itaka-zmonems\/","og_locale":"en_GB","og_type":"article","og_title":"[:lt]Kaip \u012fsigyti draug\u0173 ir daryti \u012ftak\u0105 \u017emon\u0117ms[:] - Skaitytaknyga","og_description":"Neleiskite pavadinimui j\u016bs\u0173 suklaidinti \u2013 \u0161i knyga tikrai n\u0117ra apie tai, kaip manipuliuoti \u017emon\u0117mis, o apie tai, kaip su jais susidraugauti!!! Dale\u2019as","og_url":"https:\/\/skaitytaknyga.lt\/en\/produktas\/kaip-isigyti-draugu-ir-daryti-itaka-zmonems\/","og_site_name":"Skaitytaknyga","article_publisher":"https:\/\/www.facebook.com\/skaitytaknyga\/","article_modified_time":"2026-02-20T12:46:04+00:00","og_image":[{"width":600,"height":914,"url":"https:\/\/skaitytaknyga.lt\/wp-content\/uploads\/2024\/08\/img_4817.jpeg","type":"image\/jpeg"}],"twitter_card":"summary_large_image","twitter_misc":{"Estimated reading time":"1 minute"},"schema":{"@context":"https:\/\/schema.org","@graph":[{"@type":"WebPage","@id":"https:\/\/skaitytaknyga.lt\/produktas\/kaip-isigyti-draugu-ir-daryti-itaka-zmonems\/","url":"https:\/\/skaitytaknyga.lt\/produktas\/kaip-isigyti-draugu-ir-daryti-itaka-zmonems\/","name":"Kaip \u012fsigyti draug\u0173 ir daryti \u012ftak\u0105 \u017emon\u0117ms","isPartOf":{"@id":"https:\/\/skaitytaknyga.lt\/#website"},"primaryImageOfPage":{"@id":"https:\/\/skaitytaknyga.lt\/produktas\/kaip-isigyti-draugu-ir-daryti-itaka-zmonems\/#primaryimage"},"image":{"@id":"https:\/\/skaitytaknyga.lt\/produktas\/kaip-isigyti-draugu-ir-daryti-itaka-zmonems\/#primaryimage"},"thumbnailUrl":"https:\/\/skaitytaknyga.lt\/wp-content\/uploads\/2024\/08\/img_4817.jpeg","datePublished":"2024-05-04T19:28:05+00:00","dateModified":"2026-02-20T12:46:04+00:00","description":"Neleiskite pavadinimui j\u016bs\u0173 suklaidinti \u2013 \u0161i knyga tikrai n\u0117ra apie tai, kaip manipuliuoti \u017emon\u0117mis, o apie tai, kaip su jais susidraugauti!!! Dale\u2019as","breadcrumb":{"@id":"https:\/\/skaitytaknyga.lt\/produktas\/kaip-isigyti-draugu-ir-daryti-itaka-zmonems\/#breadcrumb"},"inLanguage":"en-GB","potentialAction":[{"@type":"ReadAction","target":["https:\/\/skaitytaknyga.lt\/produktas\/kaip-isigyti-draugu-ir-daryti-itaka-zmonems\/"]}]},{"@type":"ImageObject","inLanguage":"en-GB","@id":"https:\/\/skaitytaknyga.lt\/produktas\/kaip-isigyti-draugu-ir-daryti-itaka-zmonems\/#primaryimage","url":"https:\/\/skaitytaknyga.lt\/wp-content\/uploads\/2024\/08\/img_4817.jpeg","contentUrl":"https:\/\/skaitytaknyga.lt\/wp-content\/uploads\/2024\/08\/img_4817.jpeg","width":600,"height":914},{"@type":"BreadcrumbList","@id":"https:\/\/skaitytaknyga.lt\/produktas\/kaip-isigyti-draugu-ir-daryti-itaka-zmonems\/#breadcrumb","itemListElement":[{"@type":"ListItem","position":1,"name":"Home","item":"https:\/\/skaitytaknyga.lt\/"},{"@type":"ListItem","position":2,"name":"Parduotuv\u0117","item":"https:\/\/skaitytaknyga.lt\/knygu-parduotuve\/"},{"@type":"ListItem","position":3,"name":"Kaip \u012fsigyti draug\u0173 ir daryti \u012ftak\u0105 \u017emon\u0117ms"}]},{"@type":"WebSite","@id":"https:\/\/skaitytaknyga.lt\/#website","url":"https:\/\/skaitytaknyga.lt\/","name":"skaitytaknyga.lt","description":"Skaitytaknyga.lt \u2013 tai ma\u017eas \u0161eimos verslas, kuris prasid\u0117jo nuo meil\u0117s knygoms ir siekio i\u0161gelb\u0117ti knygas nuo likimo prie konteinerio. Kas vienam nereikalingas daiktas \u2013 kitam lobis, o mes esame tarpininkai, kurie padeda abiems tapti laimingesniems ???? \u017dinome kaip nelengva i\u0161gyventi ma\u017eiems verslams, tad nuo \u0161iol, \u010dia rasite ir kit\u0173, ma\u017e\u0173 \u0161eim\u0173 versl\u0173, rank\u0173 darbo, dovan\u0173 sau ir artimiesiems.","publisher":{"@id":"https:\/\/skaitytaknyga.lt\/#organization"},"potentialAction":[{"@type":"SearchAction","target":{"@type":"EntryPoint","urlTemplate":"https:\/\/skaitytaknyga.lt\/?s={search_term_string}"},"query-input":{"@type":"PropertyValueSpecification","valueRequired":true,"valueName":"search_term_string"}}],"inLanguage":"en-GB"},{"@type":"Organization","@id":"https:\/\/skaitytaknyga.lt\/#organization","name":"skaitytaknyga.lt","url":"https:\/\/skaitytaknyga.lt\/","logo":{"@type":"ImageObject","inLanguage":"en-GB","@id":"https:\/\/skaitytaknyga.lt\/#\/schema\/logo\/image\/","url":"https:\/\/skaitytaknyga.lt\/wp-content\/uploads\/2024\/05\/cropped-cropped-cropped-02_00843_jt3bggkj1j3HLc7SyY6rEUpg.jpeg","contentUrl":"https:\/\/skaitytaknyga.lt\/wp-content\/uploads\/2024\/05\/cropped-cropped-cropped-02_00843_jt3bggkj1j3HLc7SyY6rEUpg.jpeg","width":1600,"height":1600,"caption":"skaitytaknyga.lt"},"image":{"@id":"https:\/\/skaitytaknyga.lt\/#\/schema\/logo\/image\/"},"sameAs":["https:\/\/www.facebook.com\/skaitytaknyga\/"]}]}},"_links":{"self":[{"href":"https:\/\/skaitytaknyga.lt\/en\/wp-json\/wp\/v2\/product\/11097","targetHints":{"allow":["GET"]}}],"collection":[{"href":"https:\/\/skaitytaknyga.lt\/en\/wp-json\/wp\/v2\/product"}],"about":[{"href":"https:\/\/skaitytaknyga.lt\/en\/wp-json\/wp\/v2\/types\/product"}],"replies":[{"embeddable":true,"href":"https:\/\/skaitytaknyga.lt\/en\/wp-json\/wp\/v2\/comments?post=11097"}],"wp:featuredmedia":[{"embeddable":true,"href":"https:\/\/skaitytaknyga.lt\/en\/wp-json\/wp\/v2\/media\/13440"}],"wp:attachment":[{"href":"https:\/\/skaitytaknyga.lt\/en\/wp-json\/wp\/v2\/media?parent=11097"}],"wp:term":[{"taxonomy":"product_brand","embeddable":true,"href":"https:\/\/skaitytaknyga.lt\/en\/wp-json\/wp\/v2\/product_brand?post=11097"},{"taxonomy":"product_cat","embeddable":true,"href":"https:\/\/skaitytaknyga.lt\/en\/wp-json\/wp\/v2\/product_cat?post=11097"},{"taxonomy":"product_tag","embeddable":true,"href":"https:\/\/skaitytaknyga.lt\/en\/wp-json\/wp\/v2\/product_tag?post=11097"}],"curies":[{"name":"wp","href":"https:\/\/api.w.org\/{rel}","templated":true}]}}