{"id":11092,"date":"2024-05-04T19:27:44","date_gmt":"2024-05-04T19:27:44","guid":{"rendered":"https:\/\/skaitytaknyga.lt\/?post_type=product&#038;p=11092"},"modified":"2026-03-18T13:15:56","modified_gmt":"2026-03-18T11:15:56","slug":"seimos-gydytojo-vadovas","status":"publish","type":"product","link":"https:\/\/skaitytaknyga.lt\/en\/produktas\/seimos-gydytojo-vadovas\/","title":{"rendered":"\u0160eimos gydytojo vadovas"},"content":{"rendered":"<p>\u201e\u0160eimos gydytojo vadovas\u201c buvo pirmoji \u0161eimos gydytojams skirta knyga, kurioje, atsi\u017evelgus \u012f \u0161ios specialyb\u0117s savitum\u0105, buvo apra\u0161ytos da\u017eniausiai \u0161eimos gydytojo praktikoje pasitaikan\u010dios ligos. Kadangi knyga dav\u0117 naudos ir \u0161eimos gydytojams praktikams, ir medicinos studentams, imtasi iniciatyvos ir paruo\u0161tas antrasis \u201e\u0160eimos gydytojo vadovo\u201c leidimas.<\/p>\n<p>Jame taip pat gausu reikalingos \u0161eimos gydytojui sistemingos ir apibendrintos informacijos, ta\u010diau praktiniai dalykai, diagnostika ir gydymas pateikti pagal naujausias pasaulio medicinos ir Lietuvos sveikatos apsaugos ministerijos metodikas ir rekomendacijas.<\/p>\n","protected":false},"excerpt":{"rendered":"<p>\u201e\u0160eimos gydytojo vadovas\u201c buvo pirmoji \u0161eimos gydytojams skirta knyga, kurioje, atsi\u017evelgus \u012f \u0161ios specialyb\u0117s savitum\u0105, buvo apra\u0161ytos da\u017eniausiai \u0161eimos gydytojo praktikoje pasitaikan\u010dios ligos. Kadangi knyga dav\u0117 naudos ir \u0161eimos gydytojams praktikams, ir medicinos studentams, imtasi iniciatyvos ir paruo\u0161tas antrasis \u201e\u0160eimos gydytojo vadovo\u201c leidimas.<\/p>\n<p>Jame taip pat gausu reikalingos \u0161eimos gydytojui sistemingos ir apibendrintos informacijos, ta\u010diau praktiniai dalykai, diagnostika ir gydymas pateikti pagal naujausias pasaulio medicinos ir Lietuvos sveikatos apsaugos ministerijos metodikas ir rekomendacijas.<\/p>\n","protected":false},"featured_media":11126,"comment_status":"closed","ping_status":"closed","template":"","meta":{"_acf_changed":false,"site-sidebar-layout":"default","site-content-layout":"","ast-site-content-layout":"default","site-content-style":"default","site-sidebar-style":"default","ast-global-header-display":"","ast-banner-title-visibility":"","ast-main-header-display":"","ast-hfb-above-header-display":"","ast-hfb-below-header-display":"","ast-hfb-mobile-header-display":"","site-post-title":"","ast-breadcrumbs-content":"","ast-featured-img":"","footer-sml-layout":"","ast-disable-related-posts":"","theme-transparent-header-meta":"","adv-header-id-meta":"","stick-header-meta":"","header-above-stick-meta":"","header-main-stick-meta":"","header-below-stick-meta":"","astra-migrate-meta-layouts":"default","ast-page-background-enabled":"default","ast-page-background-meta":{"desktop":{"background-color":"","background-image":"","background-repeat":"repeat","background-position":"center center","background-size":"auto","background-attachment":"scroll","background-type":"","background-media":"","overlay-type":"","overlay-color":"","overlay-opacity":"","overlay-gradient":""},"tablet":{"background-color":"","background-image":"","background-repeat":"repeat","background-position":"center center","background-size":"auto","background-attachment":"scroll","background-type":"","background-media":"","overlay-type":"","overlay-color":"","overlay-opacity":"","overlay-gradient":""},"mobile":{"background-color":"","background-image":"","background-repeat":"repeat","background-position":"center center","background-size":"auto","background-attachment":"scroll","background-type":"","background-media":"","overlay-type":"","overlay-color":"","overlay-opacity":"","overlay-gradient":""}},"ast-content-background-meta":{"desktop":{"background-color":"var(--ast-global-color-4)","background-image":"","background-repeat":"repeat","background-position":"center center","background-size":"auto","background-attachment":"scroll","background-type":"","background-media":"","overlay-type":"","overlay-color":"","overlay-opacity":"","overlay-gradient":""},"tablet":{"background-color":"var(--ast-global-color-4)","background-image":"","background-repeat":"repeat","background-position":"center center","background-size":"auto","background-attachment":"scroll","background-type":"","background-media":"","overlay-type":"","overlay-color":"","overlay-opacity":"","overlay-gradient":""},"mobile":{"background-color":"var(--ast-global-color-4)","background-image":"","background-repeat":"repeat","background-position":"center center","background-size":"auto","background-attachment":"scroll","background-type":"","background-media":"","overlay-type":"","overlay-color":"","overlay-opacity":"","overlay-gradient":""}}},"product_brand":[],"product_cat":[9854,269,55],"product_tag":[],"class_list":{"0":"post-11092","1":"product","2":"type-product","3":"status-publish","4":"has-post-thumbnail","6":"product_cat-medicina","7":"product_cat-gamtos-mokslai","8":"product_cat-sveikata-ir-sveika-mityba","9":"pa_leidimo-metai-766","10":"desktop-align-left","11":"tablet-align-left","12":"mobile-align-left","14":"first","15":"outofstock","16":"shipping-taxable","17":"purchasable","18":"product-type-simple"},"acf":[],"yoast_head":"<!-- This site is optimized with the Yoast SEO plugin v27.0 - https:\/\/yoast.com\/product\/yoast-seo-wordpress\/ -->\n<title>\u0160eimos gydytojo vadovas<\/title>\n<meta name=\"description\" content=\"\u201e\u0160eimos gydytojo vadovas\u201c buvo pirmoji \u0161eimos gydytojams skirta knyga, kurioje, atsi\u017evelgus \u012f \u0161ios specialyb\u0117s savitum\u0105, buvo apra\u0161ytos da\u017eniausiai \u0161eimos gydytojo praktikoje pasitaikan\u010dios ligos. Kadangi knyga dav\u0117 naudos ir \u0161eimos gydytojams praktikams, ir medicinos studentams, imtasi iniciatyvos ir paruo\u0161tas antrasis \u201e\u0160eimos gydytojo vadovo\u201c leidimas.  Jame taip pat gausu reikalingos \u0161eimos gydytojui sistemingos ir apibendrintos informacijos, ta\u010diau praktiniai dalykai, diagnostika ir gydymas pateikti pagal naujausias pasaulio medicinos ir Lietuvos sveikatos apsaugos ministerijos metodikas ir rekomendacijas.\" \/>\n<meta name=\"robots\" content=\"index, follow, max-snippet:-1, max-image-preview:large, max-video-preview:-1\" \/>\n<link rel=\"canonical\" href=\"https:\/\/skaitytaknyga.lt\/en\/produktas\/seimos-gydytojo-vadovas\/\" \/>\n<meta property=\"og:locale\" content=\"en_GB\" \/>\n<meta property=\"og:locale:alternate\" content=\"lt_LT\" \/>\n<meta property=\"og:type\" content=\"article\" \/>\n<meta property=\"og:title\" content=\"\u0160eimos gydytojo vadovas\" \/>\n<meta property=\"og:description\" content=\"\u201e\u0160eimos gydytojo vadovas\u201c buvo pirmoji \u0161eimos gydytojams skirta knyga, kurioje, atsi\u017evelgus \u012f \u0161ios specialyb\u0117s savitum\u0105, buvo apra\u0161ytos da\u017eniausiai \u0161eimos gydytojo praktikoje pasitaikan\u010dios ligos. Kadangi knyga dav\u0117 naudos ir \u0161eimos gydytojams praktikams, ir medicinos studentams, imtasi iniciatyvos ir paruo\u0161tas antrasis \u201e\u0160eimos gydytojo vadovo\u201c leidimas.  Jame taip pat gausu reikalingos \u0161eimos gydytojui sistemingos ir apibendrintos informacijos, ta\u010diau praktiniai dalykai, diagnostika ir gydymas pateikti pagal naujausias pasaulio medicinos ir Lietuvos sveikatos apsaugos ministerijos metodikas ir rekomendacijas.\" \/>\n<meta property=\"og:url\" content=\"https:\/\/skaitytaknyga.lt\/en\/produktas\/seimos-gydytojo-vadovas\/\" \/>\n<meta property=\"og:site_name\" content=\"Skaitytaknyga\" \/>\n<meta property=\"article:publisher\" content=\"https:\/\/www.facebook.com\/skaitytaknyga\/\" \/>\n<meta property=\"article:modified_time\" content=\"2026-03-18T11:15:56+00:00\" \/>\n<meta property=\"og:image\" content=\"https:\/\/skaitytaknyga.lt\/wp-content\/uploads\/2024\/05\/seimos-gydytojo-vadovas.jpg\" \/>\n\t<meta property=\"og:image:width\" content=\"557\" \/>\n\t<meta property=\"og:image:height\" content=\"800\" \/>\n\t<meta property=\"og:image:type\" content=\"image\/jpeg\" \/>\n<meta name=\"twitter:card\" content=\"summary_large_image\" \/>\n<script type=\"application\/ld+json\" class=\"yoast-schema-graph\">{\"@context\":\"https:\/\/schema.org\",\"@graph\":[{\"@type\":\"WebPage\",\"@id\":\"https:\/\/skaitytaknyga.lt\/produktas\/seimos-gydytojo-vadovas\/\",\"url\":\"https:\/\/skaitytaknyga.lt\/produktas\/seimos-gydytojo-vadovas\/\",\"name\":\"\u0160eimos gydytojo vadovas\",\"isPartOf\":{\"@id\":\"https:\/\/skaitytaknyga.lt\/#website\"},\"primaryImageOfPage\":{\"@id\":\"https:\/\/skaitytaknyga.lt\/produktas\/seimos-gydytojo-vadovas\/#primaryimage\"},\"image\":{\"@id\":\"https:\/\/skaitytaknyga.lt\/produktas\/seimos-gydytojo-vadovas\/#primaryimage\"},\"thumbnailUrl\":\"https:\/\/skaitytaknyga.lt\/wp-content\/uploads\/2024\/05\/seimos-gydytojo-vadovas.jpg\",\"datePublished\":\"2024-05-04T19:27:44+00:00\",\"dateModified\":\"2026-03-18T11:15:56+00:00\",\"description\":\"\u201e\u0160eimos gydytojo vadovas\u201c buvo pirmoji \u0161eimos gydytojams skirta knyga, kurioje, atsi\u017evelgus \u012f \u0161ios specialyb\u0117s savitum\u0105, buvo apra\u0161ytos da\u017eniausiai \u0161eimos gydytojo praktikoje pasitaikan\u010dios ligos. Kadangi knyga dav\u0117 naudos ir \u0161eimos gydytojams praktikams, ir medicinos studentams, imtasi iniciatyvos ir paruo\u0161tas antrasis \u201e\u0160eimos gydytojo vadovo\u201c leidimas. Jame taip pat gausu reikalingos \u0161eimos gydytojui sistemingos ir apibendrintos informacijos, ta\u010diau praktiniai dalykai, diagnostika ir gydymas pateikti pagal naujausias pasaulio medicinos ir Lietuvos sveikatos apsaugos ministerijos metodikas ir rekomendacijas.\",\"breadcrumb\":{\"@id\":\"https:\/\/skaitytaknyga.lt\/produktas\/seimos-gydytojo-vadovas\/#breadcrumb\"},\"inLanguage\":\"en-GB\",\"potentialAction\":[{\"@type\":\"ReadAction\",\"target\":[\"https:\/\/skaitytaknyga.lt\/produktas\/seimos-gydytojo-vadovas\/\"]}]},{\"@type\":\"ImageObject\",\"inLanguage\":\"en-GB\",\"@id\":\"https:\/\/skaitytaknyga.lt\/produktas\/seimos-gydytojo-vadovas\/#primaryimage\",\"url\":\"https:\/\/skaitytaknyga.lt\/wp-content\/uploads\/2024\/05\/seimos-gydytojo-vadovas.jpg\",\"contentUrl\":\"https:\/\/skaitytaknyga.lt\/wp-content\/uploads\/2024\/05\/seimos-gydytojo-vadovas.jpg\",\"width\":557,\"height\":800},{\"@type\":\"BreadcrumbList\",\"@id\":\"https:\/\/skaitytaknyga.lt\/produktas\/seimos-gydytojo-vadovas\/#breadcrumb\",\"itemListElement\":[{\"@type\":\"ListItem\",\"position\":1,\"name\":\"Home\",\"item\":\"https:\/\/skaitytaknyga.lt\/\"},{\"@type\":\"ListItem\",\"position\":2,\"name\":\"Parduotuv\u0117\",\"item\":\"https:\/\/skaitytaknyga.lt\/knygu-parduotuve\/\"},{\"@type\":\"ListItem\",\"position\":3,\"name\":\"\u0160eimos gydytojo vadovas\"}]},{\"@type\":\"WebSite\",\"@id\":\"https:\/\/skaitytaknyga.lt\/#website\",\"url\":\"https:\/\/skaitytaknyga.lt\/\",\"name\":\"skaitytaknyga.lt\",\"description\":\"Skaitytaknyga.lt \u2013 tai ma\u017eas \u0161eimos verslas, kuris prasid\u0117jo nuo meil\u0117s knygoms ir siekio i\u0161gelb\u0117ti knygas nuo likimo prie konteinerio. Kas vienam nereikalingas daiktas \u2013 kitam lobis, o mes esame tarpininkai, kurie padeda abiems tapti laimingesniems ???? \u017dinome kaip nelengva i\u0161gyventi ma\u017eiems verslams, tad nuo \u0161iol, \u010dia rasite ir kit\u0173, ma\u017e\u0173 \u0161eim\u0173 versl\u0173, rank\u0173 darbo, dovan\u0173 sau ir artimiesiems.\",\"publisher\":{\"@id\":\"https:\/\/skaitytaknyga.lt\/#organization\"},\"potentialAction\":[{\"@type\":\"SearchAction\",\"target\":{\"@type\":\"EntryPoint\",\"urlTemplate\":\"https:\/\/skaitytaknyga.lt\/?s={search_term_string}\"},\"query-input\":{\"@type\":\"PropertyValueSpecification\",\"valueRequired\":true,\"valueName\":\"search_term_string\"}}],\"inLanguage\":\"en-GB\"},{\"@type\":\"Organization\",\"@id\":\"https:\/\/skaitytaknyga.lt\/#organization\",\"name\":\"skaitytaknyga.lt\",\"url\":\"https:\/\/skaitytaknyga.lt\/\",\"logo\":{\"@type\":\"ImageObject\",\"inLanguage\":\"en-GB\",\"@id\":\"https:\/\/skaitytaknyga.lt\/#\/schema\/logo\/image\/\",\"url\":\"https:\/\/skaitytaknyga.lt\/wp-content\/uploads\/2024\/05\/cropped-cropped-cropped-02_00843_jt3bggkj1j3HLc7SyY6rEUpg.jpeg\",\"contentUrl\":\"https:\/\/skaitytaknyga.lt\/wp-content\/uploads\/2024\/05\/cropped-cropped-cropped-02_00843_jt3bggkj1j3HLc7SyY6rEUpg.jpeg\",\"width\":1600,\"height\":1600,\"caption\":\"skaitytaknyga.lt\"},\"image\":{\"@id\":\"https:\/\/skaitytaknyga.lt\/#\/schema\/logo\/image\/\"},\"sameAs\":[\"https:\/\/www.facebook.com\/skaitytaknyga\/\"]}]}<\/script>\n<!-- \/ Yoast SEO plugin. -->","yoast_head_json":{"title":"\u0160eimos gydytojo vadovas","description":"\u201e\u0160eimos gydytojo vadovas\u201c buvo pirmoji \u0161eimos gydytojams skirta knyga, kurioje, atsi\u017evelgus \u012f \u0161ios specialyb\u0117s savitum\u0105, buvo apra\u0161ytos da\u017eniausiai \u0161eimos gydytojo praktikoje pasitaikan\u010dios ligos. Kadangi knyga dav\u0117 naudos ir \u0161eimos gydytojams praktikams, ir medicinos studentams, imtasi iniciatyvos ir paruo\u0161tas antrasis \u201e\u0160eimos gydytojo vadovo\u201c leidimas.  Jame taip pat gausu reikalingos \u0161eimos gydytojui sistemingos ir apibendrintos informacijos, ta\u010diau praktiniai dalykai, diagnostika ir gydymas pateikti pagal naujausias pasaulio medicinos ir Lietuvos sveikatos apsaugos ministerijos metodikas ir rekomendacijas.","robots":{"index":"index","follow":"follow","max-snippet":"max-snippet:-1","max-image-preview":"max-image-preview:large","max-video-preview":"max-video-preview:-1"},"canonical":"https:\/\/skaitytaknyga.lt\/en\/produktas\/seimos-gydytojo-vadovas\/","og_locale":"en_GB","og_type":"article","og_title":"[:lt]\u0160eimos gydytojo vadovas[:] - Skaitytaknyga","og_description":"\u201e\u0160eimos gydytojo vadovas\u201c buvo pirmoji \u0161eimos gydytojams skirta knyga, kurioje, atsi\u017evelgus \u012f \u0161ios specialyb\u0117s savitum\u0105, buvo apra\u0161ytos da\u017eniausiai \u0161eimos gydytojo praktikoje pasitaikan\u010dios ligos. Kadangi knyga dav\u0117 naudos ir \u0161eimos gydytojams praktikams, ir medicinos studentams, imtasi iniciatyvos ir paruo\u0161tas antrasis \u201e\u0160eimos gydytojo vadovo\u201c leidimas.  Jame taip pat gausu reikalingos \u0161eimos gydytojui sistemingos ir apibendrintos informacijos, ta\u010diau praktiniai dalykai, diagnostika ir gydymas pateikti pagal naujausias pasaulio medicinos ir Lietuvos sveikatos apsaugos ministerijos metodikas ir rekomendacijas.","og_url":"https:\/\/skaitytaknyga.lt\/en\/produktas\/seimos-gydytojo-vadovas\/","og_site_name":"Skaitytaknyga","article_publisher":"https:\/\/www.facebook.com\/skaitytaknyga\/","article_modified_time":"2026-03-18T11:15:56+00:00","og_image":[{"width":557,"height":800,"url":"https:\/\/skaitytaknyga.lt\/wp-content\/uploads\/2024\/05\/seimos-gydytojo-vadovas.jpg","type":"image\/jpeg"}],"twitter_card":"summary_large_image","schema":{"@context":"https:\/\/schema.org","@graph":[{"@type":"WebPage","@id":"https:\/\/skaitytaknyga.lt\/produktas\/seimos-gydytojo-vadovas\/","url":"https:\/\/skaitytaknyga.lt\/produktas\/seimos-gydytojo-vadovas\/","name":"\u0160eimos gydytojo vadovas","isPartOf":{"@id":"https:\/\/skaitytaknyga.lt\/#website"},"primaryImageOfPage":{"@id":"https:\/\/skaitytaknyga.lt\/produktas\/seimos-gydytojo-vadovas\/#primaryimage"},"image":{"@id":"https:\/\/skaitytaknyga.lt\/produktas\/seimos-gydytojo-vadovas\/#primaryimage"},"thumbnailUrl":"https:\/\/skaitytaknyga.lt\/wp-content\/uploads\/2024\/05\/seimos-gydytojo-vadovas.jpg","datePublished":"2024-05-04T19:27:44+00:00","dateModified":"2026-03-18T11:15:56+00:00","description":"\u201e\u0160eimos gydytojo vadovas\u201c buvo pirmoji \u0161eimos gydytojams skirta knyga, kurioje, atsi\u017evelgus \u012f \u0161ios specialyb\u0117s savitum\u0105, buvo apra\u0161ytos da\u017eniausiai \u0161eimos gydytojo praktikoje pasitaikan\u010dios ligos. Kadangi knyga dav\u0117 naudos ir \u0161eimos gydytojams praktikams, ir medicinos studentams, imtasi iniciatyvos ir paruo\u0161tas antrasis \u201e\u0160eimos gydytojo vadovo\u201c leidimas. Jame taip pat gausu reikalingos \u0161eimos gydytojui sistemingos ir apibendrintos informacijos, ta\u010diau praktiniai dalykai, diagnostika ir gydymas pateikti pagal naujausias pasaulio medicinos ir Lietuvos sveikatos apsaugos ministerijos metodikas ir rekomendacijas.","breadcrumb":{"@id":"https:\/\/skaitytaknyga.lt\/produktas\/seimos-gydytojo-vadovas\/#breadcrumb"},"inLanguage":"en-GB","potentialAction":[{"@type":"ReadAction","target":["https:\/\/skaitytaknyga.lt\/produktas\/seimos-gydytojo-vadovas\/"]}]},{"@type":"ImageObject","inLanguage":"en-GB","@id":"https:\/\/skaitytaknyga.lt\/produktas\/seimos-gydytojo-vadovas\/#primaryimage","url":"https:\/\/skaitytaknyga.lt\/wp-content\/uploads\/2024\/05\/seimos-gydytojo-vadovas.jpg","contentUrl":"https:\/\/skaitytaknyga.lt\/wp-content\/uploads\/2024\/05\/seimos-gydytojo-vadovas.jpg","width":557,"height":800},{"@type":"BreadcrumbList","@id":"https:\/\/skaitytaknyga.lt\/produktas\/seimos-gydytojo-vadovas\/#breadcrumb","itemListElement":[{"@type":"ListItem","position":1,"name":"Home","item":"https:\/\/skaitytaknyga.lt\/"},{"@type":"ListItem","position":2,"name":"Parduotuv\u0117","item":"https:\/\/skaitytaknyga.lt\/knygu-parduotuve\/"},{"@type":"ListItem","position":3,"name":"\u0160eimos gydytojo vadovas"}]},{"@type":"WebSite","@id":"https:\/\/skaitytaknyga.lt\/#website","url":"https:\/\/skaitytaknyga.lt\/","name":"skaitytaknyga.lt","description":"Skaitytaknyga.lt \u2013 tai ma\u017eas \u0161eimos verslas, kuris prasid\u0117jo nuo meil\u0117s knygoms ir siekio i\u0161gelb\u0117ti knygas nuo likimo prie konteinerio. Kas vienam nereikalingas daiktas \u2013 kitam lobis, o mes esame tarpininkai, kurie padeda abiems tapti laimingesniems ???? \u017dinome kaip nelengva i\u0161gyventi ma\u017eiems verslams, tad nuo \u0161iol, \u010dia rasite ir kit\u0173, ma\u017e\u0173 \u0161eim\u0173 versl\u0173, rank\u0173 darbo, dovan\u0173 sau ir artimiesiems.","publisher":{"@id":"https:\/\/skaitytaknyga.lt\/#organization"},"potentialAction":[{"@type":"SearchAction","target":{"@type":"EntryPoint","urlTemplate":"https:\/\/skaitytaknyga.lt\/?s={search_term_string}"},"query-input":{"@type":"PropertyValueSpecification","valueRequired":true,"valueName":"search_term_string"}}],"inLanguage":"en-GB"},{"@type":"Organization","@id":"https:\/\/skaitytaknyga.lt\/#organization","name":"skaitytaknyga.lt","url":"https:\/\/skaitytaknyga.lt\/","logo":{"@type":"ImageObject","inLanguage":"en-GB","@id":"https:\/\/skaitytaknyga.lt\/#\/schema\/logo\/image\/","url":"https:\/\/skaitytaknyga.lt\/wp-content\/uploads\/2024\/05\/cropped-cropped-cropped-02_00843_jt3bggkj1j3HLc7SyY6rEUpg.jpeg","contentUrl":"https:\/\/skaitytaknyga.lt\/wp-content\/uploads\/2024\/05\/cropped-cropped-cropped-02_00843_jt3bggkj1j3HLc7SyY6rEUpg.jpeg","width":1600,"height":1600,"caption":"skaitytaknyga.lt"},"image":{"@id":"https:\/\/skaitytaknyga.lt\/#\/schema\/logo\/image\/"},"sameAs":["https:\/\/www.facebook.com\/skaitytaknyga\/"]}]}},"_links":{"self":[{"href":"https:\/\/skaitytaknyga.lt\/en\/wp-json\/wp\/v2\/product\/11092","targetHints":{"allow":["GET"]}}],"collection":[{"href":"https:\/\/skaitytaknyga.lt\/en\/wp-json\/wp\/v2\/product"}],"about":[{"href":"https:\/\/skaitytaknyga.lt\/en\/wp-json\/wp\/v2\/types\/product"}],"replies":[{"embeddable":true,"href":"https:\/\/skaitytaknyga.lt\/en\/wp-json\/wp\/v2\/comments?post=11092"}],"wp:featuredmedia":[{"embeddable":true,"href":"https:\/\/skaitytaknyga.lt\/en\/wp-json\/wp\/v2\/media\/11126"}],"wp:attachment":[{"href":"https:\/\/skaitytaknyga.lt\/en\/wp-json\/wp\/v2\/media?parent=11092"}],"wp:term":[{"taxonomy":"product_brand","embeddable":true,"href":"https:\/\/skaitytaknyga.lt\/en\/wp-json\/wp\/v2\/product_brand?post=11092"},{"taxonomy":"product_cat","embeddable":true,"href":"https:\/\/skaitytaknyga.lt\/en\/wp-json\/wp\/v2\/product_cat?post=11092"},{"taxonomy":"product_tag","embeddable":true,"href":"https:\/\/skaitytaknyga.lt\/en\/wp-json\/wp\/v2\/product_tag?post=11092"}],"curies":[{"name":"wp","href":"https:\/\/api.w.org\/{rel}","templated":true}]}}