{"id":11089,"date":"2024-05-04T19:27:44","date_gmt":"2024-05-04T19:27:44","guid":{"rendered":"https:\/\/skaitytaknyga.lt\/?post_type=product&#038;p=11089"},"modified":"2025-04-06T22:31:37","modified_gmt":"2025-04-06T19:31:37","slug":"edita-cekuoliene-flirtas-su-rudeniu-su-defektu","status":"publish","type":"product","link":"https:\/\/skaitytaknyga.lt\/en\/produktas\/edita-cekuoliene-flirtas-su-rudeniu-su-defektu\/","title":{"rendered":"Edita \u010cekuolien\u0117 \u201eFlirtas su rudeniu\u201c (Su defektu)"},"content":{"rendered":"<p><strong>\u201eFlirtas su rudeniu\u201c<\/strong>\u00a0\u2013 knyga, skirta moterims, per\u017eengusioms keturiasde\u0161imtme\u010dio slenkst\u012f, jau paauginusioms ar net u\u017eauginusioms vaikus, tod\u0117l daugiau d\u0117mesio galin\u010dioms skirti savo poreikiams.<\/p>\n<p>\u0160is gyvenimo tarpsnis \u2013 dideli\u0173 poky\u010di\u0173 metas. Kei\u010diasi k\u016bnas ir jausmai, santykiai su artimiausiais \u017emon\u0117mis ir draugais, \u2013 ne visada lengva su tuo susitaikyti. Kaip elgtis mamai, tapusiai anyta arba uo\u0161viene, jauna mo\u010diute? Kaip susitaikyti su \u201ei\u0161tu\u0161t\u0117jusiu lizdu\u201c, kai namus palieka vaikai? K\u0105 daryti, kai t\u0117vai ima vis labiau reikalauti globos? Skyrybos, bedarbyst\u0117, ligos, netektys \u2013 nelengvos gyvenimo akimirkos, bet ir tada galima nesugniu\u017eti, jei moki rasti i\u0161eit\u012f ir pad\u0117ti sau. Be to, yra daugyb\u0117 gyvenimo d\u017eiaugsm\u0173 ir malonum\u0173, kuriuos atrasti gali tik dabar, tereikia geriau pa\u017einti save ir nepra\u017eiopsoti gyvenimo si\u016blom\u0173 prog\u0173. To ir moko \u0161i knyga.<\/p>\n<p>&nbsp;<\/p>\n","protected":false},"excerpt":{"rendered":"<p><strong>\u201eFlirtas su rudeniu\u201c<\/strong>\u00a0\u2013 knyga, skirta moterims, per\u017eengusioms keturiasde\u0161imtme\u010dio slenkst\u012f, jau paauginusioms ar net u\u017eauginusioms vaikus, tod\u0117l daugiau d\u0117mesio galin\u010dioms skirti savo poreikiams.<\/p>\n<p>\u0160is gyvenimo tarpsnis \u2013 dideli\u0173 poky\u010di\u0173 metas. Kei\u010diasi k\u016bnas ir jausmai, santykiai su artimiausiais \u017emon\u0117mis ir draugais, \u2013 ne visada lengva su tuo susitaikyti. Kaip elgtis mamai, tapusiai anyta arba uo\u0161viene, jauna mo\u010diute? Kaip susitaikyti su \u201ei\u0161tu\u0161t\u0117jusiu lizdu\u201c, kai namus palieka vaikai? K\u0105 daryti, kai t\u0117vai ima vis labiau reikalauti globos? Skyrybos, bedarbyst\u0117, ligos, netektys \u2013 nelengvos gyvenimo akimirkos, bet ir tada galima nesugniu\u017eti, jei moki rasti i\u0161eit\u012f ir pad\u0117ti sau. Be to, yra daugyb\u0117 gyvenimo d\u017eiaugsm\u0173 ir malonum\u0173, kuriuos atrasti gali tik dabar, tereikia geriau pa\u017einti save ir nepra\u017eiopsoti gyvenimo si\u016blom\u0173 prog\u0173. To ir moko \u0161i knyga.<\/p>\n<p>&nbsp;<\/p>\n","protected":false},"featured_media":5949,"comment_status":"closed","ping_status":"closed","template":"","meta":{"_acf_changed":false,"site-sidebar-layout":"default","site-content-layout":"","ast-site-content-layout":"default","site-content-style":"default","site-sidebar-style":"default","ast-global-header-display":"","ast-banner-title-visibility":"","ast-main-header-display":"","ast-hfb-above-header-display":"","ast-hfb-below-header-display":"","ast-hfb-mobile-header-display":"","site-post-title":"","ast-breadcrumbs-content":"","ast-featured-img":"","footer-sml-layout":"","ast-disable-related-posts":"","theme-transparent-header-meta":"","adv-header-id-meta":"","stick-header-meta":"","header-above-stick-meta":"","header-main-stick-meta":"","header-below-stick-meta":"","astra-migrate-meta-layouts":"default","ast-page-background-enabled":"default","ast-page-background-meta":{"desktop":{"background-color":"","background-image":"","background-repeat":"repeat","background-position":"center center","background-size":"auto","background-attachment":"scroll","background-type":"","background-media":"","overlay-type":"","overlay-color":"","overlay-opacity":"","overlay-gradient":""},"tablet":{"background-color":"","background-image":"","background-repeat":"repeat","background-position":"center center","background-size":"auto","background-attachment":"scroll","background-type":"","background-media":"","overlay-type":"","overlay-color":"","overlay-opacity":"","overlay-gradient":""},"mobile":{"background-color":"","background-image":"","background-repeat":"repeat","background-position":"center center","background-size":"auto","background-attachment":"scroll","background-type":"","background-media":"","overlay-type":"","overlay-color":"","overlay-opacity":"","overlay-gradient":""}},"ast-content-background-meta":{"desktop":{"background-color":"var(--ast-global-color-4)","background-image":"","background-repeat":"repeat","background-position":"center center","background-size":"auto","background-attachment":"scroll","background-type":"","background-media":"","overlay-type":"","overlay-color":"","overlay-opacity":"","overlay-gradient":""},"tablet":{"background-color":"var(--ast-global-color-4)","background-image":"","background-repeat":"repeat","background-position":"center center","background-size":"auto","background-attachment":"scroll","background-type":"","background-media":"","overlay-type":"","overlay-color":"","overlay-opacity":"","overlay-gradient":""},"mobile":{"background-color":"var(--ast-global-color-4)","background-image":"","background-repeat":"repeat","background-position":"center center","background-size":"auto","background-attachment":"scroll","background-type":"","background-media":"","overlay-type":"","overlay-color":"","overlay-opacity":"","overlay-gradient":""}}},"product_brand":[],"product_cat":[30],"product_tag":[],"class_list":{"0":"post-11089","1":"product","2":"type-product","3":"status-publish","4":"has-post-thumbnail","6":"product_cat-psichologija-ir-saviugda","7":"desktop-align-left","8":"tablet-align-left","9":"mobile-align-left","11":"first","12":"outofstock","13":"shipping-taxable","14":"purchasable","15":"product-type-simple"},"acf":[],"yoast_head":"<!-- This site is optimized with the Yoast SEO plugin v27.0 - https:\/\/yoast.com\/product\/yoast-seo-wordpress\/ -->\n<title>Edita \u010cekuolien\u0117 \u201eFlirtas su rudeniu\u201c (Su defektu) - Skaitytaknyga<\/title>\n<meta name=\"description\" content=\"\u201eFlirtas su rudeniu\u201c\u00a0\u2013 knyga, skirta moterims, per\u017eengusioms keturiasde\u0161imtme\u010dio slenkst\u012f, jau paauginusioms ar net u\u017eauginusioms vaikus, tod\u0117l daugiau d\u0117mesio galin\u010dioms skirti savo poreikiams.  \u0160is gyvenimo tarpsnis \u2013 dideli\u0173 poky\u010di\u0173 metas. Kei\u010diasi k\u016bnas ir jausmai, santykiai su artimiausiais \u017emon\u0117mis ir draugais, \u2013 ne visada lengva su tuo susitaikyti. Kaip elgtis mamai, tapusiai anyta arba uo\u0161viene, jauna mo\u010diute? Kaip susitaikyti su \u201ei\u0161tu\u0161t\u0117jusiu lizdu\u201c, kai namus palieka vaikai? K\u0105 daryti, kai t\u0117vai ima vis labiau reikalauti globos? Skyrybos, bedarbyst\u0117, ligos, netektys \u2013 nelengvos gyvenimo akimirkos, bet ir tada galima nesugniu\u017eti, jei moki rasti i\u0161eit\u012f ir pad\u0117ti sau. Be to, yra daugyb\u0117 gyvenimo d\u017eiaugsm\u0173 ir malonum\u0173, kuriuos atrasti gali tik dabar, tereikia geriau pa\u017einti save ir nepra\u017eiopsoti gyvenimo si\u016blom\u0173 prog\u0173. To ir moko \u0161i knyga.  &nbsp;\" \/>\n<meta name=\"robots\" content=\"index, follow, max-snippet:-1, max-image-preview:large, max-video-preview:-1\" \/>\n<link rel=\"canonical\" href=\"https:\/\/skaitytaknyga.lt\/en\/produktas\/edita-cekuoliene-flirtas-su-rudeniu-su-defektu\/\" \/>\n<meta property=\"og:locale\" content=\"en_GB\" \/>\n<meta property=\"og:locale:alternate\" content=\"lt_LT\" \/>\n<meta property=\"og:type\" content=\"article\" \/>\n<meta property=\"og:title\" content=\"Edita \u010cekuolien\u0117 \u201eFlirtas su rudeniu\u201c (Su defektu) - Skaitytaknyga\" \/>\n<meta property=\"og:description\" content=\"\u201eFlirtas su rudeniu\u201c\u00a0\u2013 knyga, skirta moterims, per\u017eengusioms keturiasde\u0161imtme\u010dio slenkst\u012f, jau paauginusioms ar net u\u017eauginusioms vaikus, tod\u0117l daugiau d\u0117mesio galin\u010dioms skirti savo poreikiams.  \u0160is gyvenimo tarpsnis \u2013 dideli\u0173 poky\u010di\u0173 metas. Kei\u010diasi k\u016bnas ir jausmai, santykiai su artimiausiais \u017emon\u0117mis ir draugais, \u2013 ne visada lengva su tuo susitaikyti. Kaip elgtis mamai, tapusiai anyta arba uo\u0161viene, jauna mo\u010diute? Kaip susitaikyti su \u201ei\u0161tu\u0161t\u0117jusiu lizdu\u201c, kai namus palieka vaikai? K\u0105 daryti, kai t\u0117vai ima vis labiau reikalauti globos? Skyrybos, bedarbyst\u0117, ligos, netektys \u2013 nelengvos gyvenimo akimirkos, bet ir tada galima nesugniu\u017eti, jei moki rasti i\u0161eit\u012f ir pad\u0117ti sau. Be to, yra daugyb\u0117 gyvenimo d\u017eiaugsm\u0173 ir malonum\u0173, kuriuos atrasti gali tik dabar, tereikia geriau pa\u017einti save ir nepra\u017eiopsoti gyvenimo si\u016blom\u0173 prog\u0173. To ir moko \u0161i knyga.  &nbsp;\" \/>\n<meta property=\"og:url\" content=\"https:\/\/skaitytaknyga.lt\/en\/produktas\/edita-cekuoliene-flirtas-su-rudeniu-su-defektu\/\" \/>\n<meta property=\"og:site_name\" content=\"Skaitytaknyga\" \/>\n<meta property=\"article:publisher\" content=\"https:\/\/www.facebook.com\/skaitytaknyga\/\" \/>\n<meta property=\"article:modified_time\" content=\"2025-04-06T19:31:37+00:00\" \/>\n<meta property=\"og:image\" content=\"https:\/\/skaitytaknyga.lt\/wp-content\/uploads\/2024\/05\/1462882046_flirtas-su-rudeniu-1.jpg\" \/>\n\t<meta property=\"og:image:width\" content=\"287\" \/>\n\t<meta property=\"og:image:height\" content=\"430\" \/>\n\t<meta property=\"og:image:type\" content=\"image\/jpeg\" \/>\n<meta name=\"twitter:card\" content=\"summary_large_image\" \/>\n<meta name=\"twitter:label1\" content=\"Estimated reading time\" \/>\n\t<meta name=\"twitter:data1\" content=\"1 minute\" \/>\n<script type=\"application\/ld+json\" class=\"yoast-schema-graph\">{\"@context\":\"https:\/\/schema.org\",\"@graph\":[{\"@type\":\"WebPage\",\"@id\":\"https:\/\/skaitytaknyga.lt\/produktas\/edita-cekuoliene-flirtas-su-rudeniu-su-defektu\/\",\"url\":\"https:\/\/skaitytaknyga.lt\/produktas\/edita-cekuoliene-flirtas-su-rudeniu-su-defektu\/\",\"name\":\"Edita \u010cekuolien\u0117 \u201eFlirtas su rudeniu\u201c (Su defektu) - Skaitytaknyga\",\"isPartOf\":{\"@id\":\"https:\/\/skaitytaknyga.lt\/#website\"},\"primaryImageOfPage\":{\"@id\":\"https:\/\/skaitytaknyga.lt\/produktas\/edita-cekuoliene-flirtas-su-rudeniu-su-defektu\/#primaryimage\"},\"image\":{\"@id\":\"https:\/\/skaitytaknyga.lt\/produktas\/edita-cekuoliene-flirtas-su-rudeniu-su-defektu\/#primaryimage\"},\"thumbnailUrl\":\"https:\/\/skaitytaknyga.lt\/wp-content\/uploads\/2024\/05\/1462882046_flirtas-su-rudeniu-1.jpg\",\"datePublished\":\"2024-05-04T19:27:44+00:00\",\"dateModified\":\"2025-04-06T19:31:37+00:00\",\"description\":\"\u201eFlirtas su rudeniu\u201c\u00a0\u2013 knyga, skirta moterims, per\u017eengusioms keturiasde\u0161imtme\u010dio slenkst\u012f, jau paauginusioms ar net u\u017eauginusioms vaikus, tod\u0117l daugiau d\u0117mesio galin\u010dioms skirti savo poreikiams. \u0160is gyvenimo tarpsnis \u2013 dideli\u0173 poky\u010di\u0173 metas. Kei\u010diasi k\u016bnas ir jausmai, santykiai su artimiausiais \u017emon\u0117mis ir draugais, \u2013 ne visada lengva su tuo susitaikyti. Kaip elgtis mamai, tapusiai anyta arba uo\u0161viene, jauna mo\u010diute? Kaip susitaikyti su \u201ei\u0161tu\u0161t\u0117jusiu lizdu\u201c, kai namus palieka vaikai? K\u0105 daryti, kai t\u0117vai ima vis labiau reikalauti globos? Skyrybos, bedarbyst\u0117, ligos, netektys \u2013 nelengvos gyvenimo akimirkos, bet ir tada galima nesugniu\u017eti, jei moki rasti i\u0161eit\u012f ir pad\u0117ti sau. Be to, yra daugyb\u0117 gyvenimo d\u017eiaugsm\u0173 ir malonum\u0173, kuriuos atrasti gali tik dabar, tereikia geriau pa\u017einti save ir nepra\u017eiopsoti gyvenimo si\u016blom\u0173 prog\u0173. To ir moko \u0161i knyga. &nbsp;\",\"breadcrumb\":{\"@id\":\"https:\/\/skaitytaknyga.lt\/produktas\/edita-cekuoliene-flirtas-su-rudeniu-su-defektu\/#breadcrumb\"},\"inLanguage\":\"en-GB\",\"potentialAction\":[{\"@type\":\"ReadAction\",\"target\":[\"https:\/\/skaitytaknyga.lt\/produktas\/edita-cekuoliene-flirtas-su-rudeniu-su-defektu\/\"]}]},{\"@type\":\"ImageObject\",\"inLanguage\":\"en-GB\",\"@id\":\"https:\/\/skaitytaknyga.lt\/produktas\/edita-cekuoliene-flirtas-su-rudeniu-su-defektu\/#primaryimage\",\"url\":\"https:\/\/skaitytaknyga.lt\/wp-content\/uploads\/2024\/05\/1462882046_flirtas-su-rudeniu-1.jpg\",\"contentUrl\":\"https:\/\/skaitytaknyga.lt\/wp-content\/uploads\/2024\/05\/1462882046_flirtas-su-rudeniu-1.jpg\",\"width\":287,\"height\":430},{\"@type\":\"BreadcrumbList\",\"@id\":\"https:\/\/skaitytaknyga.lt\/produktas\/edita-cekuoliene-flirtas-su-rudeniu-su-defektu\/#breadcrumb\",\"itemListElement\":[{\"@type\":\"ListItem\",\"position\":1,\"name\":\"Home\",\"item\":\"https:\/\/skaitytaknyga.lt\/\"},{\"@type\":\"ListItem\",\"position\":2,\"name\":\"Parduotuv\u0117\",\"item\":\"https:\/\/skaitytaknyga.lt\/knygu-parduotuve\/\"},{\"@type\":\"ListItem\",\"position\":3,\"name\":\"Edita \u010cekuolien\u0117 \u201eFlirtas su rudeniu\u201c (Su defektu)\"}]},{\"@type\":\"WebSite\",\"@id\":\"https:\/\/skaitytaknyga.lt\/#website\",\"url\":\"https:\/\/skaitytaknyga.lt\/\",\"name\":\"skaitytaknyga.lt\",\"description\":\"Skaitytaknyga.lt \u2013 tai ma\u017eas \u0161eimos verslas, kuris prasid\u0117jo nuo meil\u0117s knygoms ir siekio i\u0161gelb\u0117ti knygas nuo likimo prie konteinerio. Kas vienam nereikalingas daiktas \u2013 kitam lobis, o mes esame tarpininkai, kurie padeda abiems tapti laimingesniems ???? \u017dinome kaip nelengva i\u0161gyventi ma\u017eiems verslams, tad nuo \u0161iol, \u010dia rasite ir kit\u0173, ma\u017e\u0173 \u0161eim\u0173 versl\u0173, rank\u0173 darbo, dovan\u0173 sau ir artimiesiems.\",\"publisher\":{\"@id\":\"https:\/\/skaitytaknyga.lt\/#organization\"},\"potentialAction\":[{\"@type\":\"SearchAction\",\"target\":{\"@type\":\"EntryPoint\",\"urlTemplate\":\"https:\/\/skaitytaknyga.lt\/?s={search_term_string}\"},\"query-input\":{\"@type\":\"PropertyValueSpecification\",\"valueRequired\":true,\"valueName\":\"search_term_string\"}}],\"inLanguage\":\"en-GB\"},{\"@type\":\"Organization\",\"@id\":\"https:\/\/skaitytaknyga.lt\/#organization\",\"name\":\"skaitytaknyga.lt\",\"url\":\"https:\/\/skaitytaknyga.lt\/\",\"logo\":{\"@type\":\"ImageObject\",\"inLanguage\":\"en-GB\",\"@id\":\"https:\/\/skaitytaknyga.lt\/#\/schema\/logo\/image\/\",\"url\":\"https:\/\/skaitytaknyga.lt\/wp-content\/uploads\/2024\/05\/cropped-cropped-cropped-02_00843_jt3bggkj1j3HLc7SyY6rEUpg.jpeg\",\"contentUrl\":\"https:\/\/skaitytaknyga.lt\/wp-content\/uploads\/2024\/05\/cropped-cropped-cropped-02_00843_jt3bggkj1j3HLc7SyY6rEUpg.jpeg\",\"width\":1600,\"height\":1600,\"caption\":\"skaitytaknyga.lt\"},\"image\":{\"@id\":\"https:\/\/skaitytaknyga.lt\/#\/schema\/logo\/image\/\"},\"sameAs\":[\"https:\/\/www.facebook.com\/skaitytaknyga\/\"]}]}<\/script>\n<!-- \/ Yoast SEO plugin. -->","yoast_head_json":{"title":"Edita \u010cekuolien\u0117 \u201eFlirtas su rudeniu\u201c (Su defektu) - Skaitytaknyga","description":"\u201eFlirtas su rudeniu\u201c\u00a0\u2013 knyga, skirta moterims, per\u017eengusioms keturiasde\u0161imtme\u010dio slenkst\u012f, jau paauginusioms ar net u\u017eauginusioms vaikus, tod\u0117l daugiau d\u0117mesio galin\u010dioms skirti savo poreikiams.  \u0160is gyvenimo tarpsnis \u2013 dideli\u0173 poky\u010di\u0173 metas. Kei\u010diasi k\u016bnas ir jausmai, santykiai su artimiausiais \u017emon\u0117mis ir draugais, \u2013 ne visada lengva su tuo susitaikyti. Kaip elgtis mamai, tapusiai anyta arba uo\u0161viene, jauna mo\u010diute? Kaip susitaikyti su \u201ei\u0161tu\u0161t\u0117jusiu lizdu\u201c, kai namus palieka vaikai? K\u0105 daryti, kai t\u0117vai ima vis labiau reikalauti globos? Skyrybos, bedarbyst\u0117, ligos, netektys \u2013 nelengvos gyvenimo akimirkos, bet ir tada galima nesugniu\u017eti, jei moki rasti i\u0161eit\u012f ir pad\u0117ti sau. Be to, yra daugyb\u0117 gyvenimo d\u017eiaugsm\u0173 ir malonum\u0173, kuriuos atrasti gali tik dabar, tereikia geriau pa\u017einti save ir nepra\u017eiopsoti gyvenimo si\u016blom\u0173 prog\u0173. To ir moko \u0161i knyga.  &nbsp;","robots":{"index":"index","follow":"follow","max-snippet":"max-snippet:-1","max-image-preview":"max-image-preview:large","max-video-preview":"max-video-preview:-1"},"canonical":"https:\/\/skaitytaknyga.lt\/en\/produktas\/edita-cekuoliene-flirtas-su-rudeniu-su-defektu\/","og_locale":"en_GB","og_type":"article","og_title":"Edita \u010cekuolien\u0117 \u201eFlirtas su rudeniu\u201c (Su defektu) - Skaitytaknyga","og_description":"\u201eFlirtas su rudeniu\u201c\u00a0\u2013 knyga, skirta moterims, per\u017eengusioms keturiasde\u0161imtme\u010dio slenkst\u012f, jau paauginusioms ar net u\u017eauginusioms vaikus, tod\u0117l daugiau d\u0117mesio galin\u010dioms skirti savo poreikiams.  \u0160is gyvenimo tarpsnis \u2013 dideli\u0173 poky\u010di\u0173 metas. Kei\u010diasi k\u016bnas ir jausmai, santykiai su artimiausiais \u017emon\u0117mis ir draugais, \u2013 ne visada lengva su tuo susitaikyti. Kaip elgtis mamai, tapusiai anyta arba uo\u0161viene, jauna mo\u010diute? Kaip susitaikyti su \u201ei\u0161tu\u0161t\u0117jusiu lizdu\u201c, kai namus palieka vaikai? K\u0105 daryti, kai t\u0117vai ima vis labiau reikalauti globos? Skyrybos, bedarbyst\u0117, ligos, netektys \u2013 nelengvos gyvenimo akimirkos, bet ir tada galima nesugniu\u017eti, jei moki rasti i\u0161eit\u012f ir pad\u0117ti sau. Be to, yra daugyb\u0117 gyvenimo d\u017eiaugsm\u0173 ir malonum\u0173, kuriuos atrasti gali tik dabar, tereikia geriau pa\u017einti save ir nepra\u017eiopsoti gyvenimo si\u016blom\u0173 prog\u0173. To ir moko \u0161i knyga.  &nbsp;","og_url":"https:\/\/skaitytaknyga.lt\/en\/produktas\/edita-cekuoliene-flirtas-su-rudeniu-su-defektu\/","og_site_name":"Skaitytaknyga","article_publisher":"https:\/\/www.facebook.com\/skaitytaknyga\/","article_modified_time":"2025-04-06T19:31:37+00:00","og_image":[{"width":287,"height":430,"url":"https:\/\/skaitytaknyga.lt\/wp-content\/uploads\/2024\/05\/1462882046_flirtas-su-rudeniu-1.jpg","type":"image\/jpeg"}],"twitter_card":"summary_large_image","twitter_misc":{"Estimated reading time":"1 minute"},"schema":{"@context":"https:\/\/schema.org","@graph":[{"@type":"WebPage","@id":"https:\/\/skaitytaknyga.lt\/produktas\/edita-cekuoliene-flirtas-su-rudeniu-su-defektu\/","url":"https:\/\/skaitytaknyga.lt\/produktas\/edita-cekuoliene-flirtas-su-rudeniu-su-defektu\/","name":"Edita \u010cekuolien\u0117 \u201eFlirtas su rudeniu\u201c (Su defektu) - Skaitytaknyga","isPartOf":{"@id":"https:\/\/skaitytaknyga.lt\/#website"},"primaryImageOfPage":{"@id":"https:\/\/skaitytaknyga.lt\/produktas\/edita-cekuoliene-flirtas-su-rudeniu-su-defektu\/#primaryimage"},"image":{"@id":"https:\/\/skaitytaknyga.lt\/produktas\/edita-cekuoliene-flirtas-su-rudeniu-su-defektu\/#primaryimage"},"thumbnailUrl":"https:\/\/skaitytaknyga.lt\/wp-content\/uploads\/2024\/05\/1462882046_flirtas-su-rudeniu-1.jpg","datePublished":"2024-05-04T19:27:44+00:00","dateModified":"2025-04-06T19:31:37+00:00","description":"\u201eFlirtas su rudeniu\u201c\u00a0\u2013 knyga, skirta moterims, per\u017eengusioms keturiasde\u0161imtme\u010dio slenkst\u012f, jau paauginusioms ar net u\u017eauginusioms vaikus, tod\u0117l daugiau d\u0117mesio galin\u010dioms skirti savo poreikiams. \u0160is gyvenimo tarpsnis \u2013 dideli\u0173 poky\u010di\u0173 metas. Kei\u010diasi k\u016bnas ir jausmai, santykiai su artimiausiais \u017emon\u0117mis ir draugais, \u2013 ne visada lengva su tuo susitaikyti. Kaip elgtis mamai, tapusiai anyta arba uo\u0161viene, jauna mo\u010diute? Kaip susitaikyti su \u201ei\u0161tu\u0161t\u0117jusiu lizdu\u201c, kai namus palieka vaikai? K\u0105 daryti, kai t\u0117vai ima vis labiau reikalauti globos? Skyrybos, bedarbyst\u0117, ligos, netektys \u2013 nelengvos gyvenimo akimirkos, bet ir tada galima nesugniu\u017eti, jei moki rasti i\u0161eit\u012f ir pad\u0117ti sau. Be to, yra daugyb\u0117 gyvenimo d\u017eiaugsm\u0173 ir malonum\u0173, kuriuos atrasti gali tik dabar, tereikia geriau pa\u017einti save ir nepra\u017eiopsoti gyvenimo si\u016blom\u0173 prog\u0173. To ir moko \u0161i knyga. &nbsp;","breadcrumb":{"@id":"https:\/\/skaitytaknyga.lt\/produktas\/edita-cekuoliene-flirtas-su-rudeniu-su-defektu\/#breadcrumb"},"inLanguage":"en-GB","potentialAction":[{"@type":"ReadAction","target":["https:\/\/skaitytaknyga.lt\/produktas\/edita-cekuoliene-flirtas-su-rudeniu-su-defektu\/"]}]},{"@type":"ImageObject","inLanguage":"en-GB","@id":"https:\/\/skaitytaknyga.lt\/produktas\/edita-cekuoliene-flirtas-su-rudeniu-su-defektu\/#primaryimage","url":"https:\/\/skaitytaknyga.lt\/wp-content\/uploads\/2024\/05\/1462882046_flirtas-su-rudeniu-1.jpg","contentUrl":"https:\/\/skaitytaknyga.lt\/wp-content\/uploads\/2024\/05\/1462882046_flirtas-su-rudeniu-1.jpg","width":287,"height":430},{"@type":"BreadcrumbList","@id":"https:\/\/skaitytaknyga.lt\/produktas\/edita-cekuoliene-flirtas-su-rudeniu-su-defektu\/#breadcrumb","itemListElement":[{"@type":"ListItem","position":1,"name":"Home","item":"https:\/\/skaitytaknyga.lt\/"},{"@type":"ListItem","position":2,"name":"Parduotuv\u0117","item":"https:\/\/skaitytaknyga.lt\/knygu-parduotuve\/"},{"@type":"ListItem","position":3,"name":"Edita \u010cekuolien\u0117 \u201eFlirtas su rudeniu\u201c (Su defektu)"}]},{"@type":"WebSite","@id":"https:\/\/skaitytaknyga.lt\/#website","url":"https:\/\/skaitytaknyga.lt\/","name":"skaitytaknyga.lt","description":"Skaitytaknyga.lt \u2013 tai ma\u017eas \u0161eimos verslas, kuris prasid\u0117jo nuo meil\u0117s knygoms ir siekio i\u0161gelb\u0117ti knygas nuo likimo prie konteinerio. Kas vienam nereikalingas daiktas \u2013 kitam lobis, o mes esame tarpininkai, kurie padeda abiems tapti laimingesniems ???? \u017dinome kaip nelengva i\u0161gyventi ma\u017eiems verslams, tad nuo \u0161iol, \u010dia rasite ir kit\u0173, ma\u017e\u0173 \u0161eim\u0173 versl\u0173, rank\u0173 darbo, dovan\u0173 sau ir artimiesiems.","publisher":{"@id":"https:\/\/skaitytaknyga.lt\/#organization"},"potentialAction":[{"@type":"SearchAction","target":{"@type":"EntryPoint","urlTemplate":"https:\/\/skaitytaknyga.lt\/?s={search_term_string}"},"query-input":{"@type":"PropertyValueSpecification","valueRequired":true,"valueName":"search_term_string"}}],"inLanguage":"en-GB"},{"@type":"Organization","@id":"https:\/\/skaitytaknyga.lt\/#organization","name":"skaitytaknyga.lt","url":"https:\/\/skaitytaknyga.lt\/","logo":{"@type":"ImageObject","inLanguage":"en-GB","@id":"https:\/\/skaitytaknyga.lt\/#\/schema\/logo\/image\/","url":"https:\/\/skaitytaknyga.lt\/wp-content\/uploads\/2024\/05\/cropped-cropped-cropped-02_00843_jt3bggkj1j3HLc7SyY6rEUpg.jpeg","contentUrl":"https:\/\/skaitytaknyga.lt\/wp-content\/uploads\/2024\/05\/cropped-cropped-cropped-02_00843_jt3bggkj1j3HLc7SyY6rEUpg.jpeg","width":1600,"height":1600,"caption":"skaitytaknyga.lt"},"image":{"@id":"https:\/\/skaitytaknyga.lt\/#\/schema\/logo\/image\/"},"sameAs":["https:\/\/www.facebook.com\/skaitytaknyga\/"]}]}},"_links":{"self":[{"href":"https:\/\/skaitytaknyga.lt\/en\/wp-json\/wp\/v2\/product\/11089","targetHints":{"allow":["GET"]}}],"collection":[{"href":"https:\/\/skaitytaknyga.lt\/en\/wp-json\/wp\/v2\/product"}],"about":[{"href":"https:\/\/skaitytaknyga.lt\/en\/wp-json\/wp\/v2\/types\/product"}],"replies":[{"embeddable":true,"href":"https:\/\/skaitytaknyga.lt\/en\/wp-json\/wp\/v2\/comments?post=11089"}],"wp:featuredmedia":[{"embeddable":true,"href":"https:\/\/skaitytaknyga.lt\/en\/wp-json\/wp\/v2\/media\/5949"}],"wp:attachment":[{"href":"https:\/\/skaitytaknyga.lt\/en\/wp-json\/wp\/v2\/media?parent=11089"}],"wp:term":[{"taxonomy":"product_brand","embeddable":true,"href":"https:\/\/skaitytaknyga.lt\/en\/wp-json\/wp\/v2\/product_brand?post=11089"},{"taxonomy":"product_cat","embeddable":true,"href":"https:\/\/skaitytaknyga.lt\/en\/wp-json\/wp\/v2\/product_cat?post=11089"},{"taxonomy":"product_tag","embeddable":true,"href":"https:\/\/skaitytaknyga.lt\/en\/wp-json\/wp\/v2\/product_tag?post=11089"}],"curies":[{"name":"wp","href":"https:\/\/api.w.org\/{rel}","templated":true}]}}