{"id":11079,"date":"2024-05-04T19:27:22","date_gmt":"2024-05-04T19:27:22","guid":{"rendered":"https:\/\/skaitytaknyga.lt\/?post_type=product&#038;p=11079"},"modified":"2024-05-04T19:28:46","modified_gmt":"2024-05-04T19:28:46","slug":"mokekime-vaikams-pasakyti-ne","status":"publish","type":"product","link":"https:\/\/skaitytaknyga.lt\/en\/produktas\/mokekime-vaikams-pasakyti-ne\/","title":{"rendered":"Mok\u0117kime vaikams pasakyti \u201ene\u201c"},"content":{"rendered":"<p>B\u016bti t\u0117vais \u2013 nelengva. Vaik\u0173 aukl\u0117jimas \u2013 tikras menas!<br \/>\nKnyga \u201eMok\u0117kime vaikams pasakyti \u201ene\u201c\u201c \u2013 puiki paspirtis \u0161iuolaikiniams t\u0117vams. Joje pateikta daug praktini\u0173 patarim\u0173 ir pasi\u016blym\u0173, kaip skland\u017eiau ir maloniau bendrauti su vaikais.<br \/>\nAutorius neauk\u0161tina dar neseniai vyravusio valdingo autoriteto, kaip tik ragina j\u012f rodyti apgalvotai ir veiksmingai. Pasak jo, svarbiausia \u2013 \u0161eimos laim\u0117 ir vis\u0173 jos nari\u0173 tarpusavio pagarba. Ta\u010diau dera atminti, kad, norint s\u0117kmingai aukl\u0117ti vaikus ir \u012fskiepyti jiems svarbiausias vertybes, b\u016btina mok\u0117ti pasakyti \u201ene\u201c \u2013 ne tik tvirtai, bet ir argumentuotai, ne i\u0161 pyk\u010dio, bet su meile.<\/p>\n<p>Robert Langis daugel\u012f met\u0173 dirba vaik\u0173 ugdymo srityje, siekia pagerinti t\u0117v\u0173, vaik\u0173 ir aukl\u0117toj\u0173 gyvenimo kokyb\u0119.<br \/>\nAuginkime atsakingus vaikus!<\/p>\n","protected":false},"excerpt":{"rendered":"<p>B\u016bti t\u0117vais \u2013 nelengva. Vaik\u0173 aukl\u0117jimas \u2013 tikras menas!<br \/>\nKnyga \u201eMok\u0117kime vaikams pasakyti \u201ene\u201c\u201c \u2013 puiki paspirtis \u0161iuolaikiniams t\u0117vams. Joje pateikta daug praktini\u0173 patarim\u0173 ir pasi\u016blym\u0173, kaip skland\u017eiau ir maloniau bendrauti su vaikais.<br \/>\nAutorius neauk\u0161tina dar neseniai vyravusio valdingo autoriteto, kaip tik ragina j\u012f rodyti apgalvotai ir veiksmingai. Pasak jo, svarbiausia \u2013 \u0161eimos laim\u0117 ir vis\u0173 jos nari\u0173 tarpusavio pagarba. Ta\u010diau dera atminti, kad, norint s\u0117kmingai aukl\u0117ti vaikus ir \u012fskiepyti jiems svarbiausias vertybes, b\u016btina mok\u0117ti pasakyti \u201ene\u201c \u2013 ne tik tvirtai, bet ir argumentuotai, ne i\u0161 pyk\u010dio, bet su meile.<\/p>\n<p>Robert Langis daugel\u012f met\u0173 dirba vaik\u0173 ugdymo srityje, siekia pagerinti t\u0117v\u0173, vaik\u0173 ir aukl\u0117toj\u0173 gyvenimo kokyb\u0119.<br \/>\nAuginkime atsakingus vaikus!<\/p>\n","protected":false},"featured_media":11114,"comment_status":"closed","ping_status":"closed","template":"","meta":{"_acf_changed":false,"site-sidebar-layout":"default","site-content-layout":"","ast-site-content-layout":"default","site-content-style":"default","site-sidebar-style":"default","ast-global-header-display":"","ast-banner-title-visibility":"","ast-main-header-display":"","ast-hfb-above-header-display":"","ast-hfb-below-header-display":"","ast-hfb-mobile-header-display":"","site-post-title":"","ast-breadcrumbs-content":"","ast-featured-img":"","footer-sml-layout":"","ast-disable-related-posts":"","theme-transparent-header-meta":"","adv-header-id-meta":"","stick-header-meta":"","header-above-stick-meta":"","header-main-stick-meta":"","header-below-stick-meta":"","astra-migrate-meta-layouts":"default","ast-page-background-enabled":"default","ast-page-background-meta":{"desktop":{"background-color":"","background-image":"","background-repeat":"repeat","background-position":"center center","background-size":"auto","background-attachment":"scroll","background-type":"","background-media":"","overlay-type":"","overlay-color":"","overlay-opacity":"","overlay-gradient":""},"tablet":{"background-color":"","background-image":"","background-repeat":"repeat","background-position":"center center","background-size":"auto","background-attachment":"scroll","background-type":"","background-media":"","overlay-type":"","overlay-color":"","overlay-opacity":"","overlay-gradient":""},"mobile":{"background-color":"","background-image":"","background-repeat":"repeat","background-position":"center center","background-size":"auto","background-attachment":"scroll","background-type":"","background-media":"","overlay-type":"","overlay-color":"","overlay-opacity":"","overlay-gradient":""}},"ast-content-background-meta":{"desktop":{"background-color":"var(--ast-global-color-4)","background-image":"","background-repeat":"repeat","background-position":"center center","background-size":"auto","background-attachment":"scroll","background-type":"","background-media":"","overlay-type":"","overlay-color":"","overlay-opacity":"","overlay-gradient":""},"tablet":{"background-color":"var(--ast-global-color-4)","background-image":"","background-repeat":"repeat","background-position":"center center","background-size":"auto","background-attachment":"scroll","background-type":"","background-media":"","overlay-type":"","overlay-color":"","overlay-opacity":"","overlay-gradient":""},"mobile":{"background-color":"var(--ast-global-color-4)","background-image":"","background-repeat":"repeat","background-position":"center center","background-size":"auto","background-attachment":"scroll","background-type":"","background-media":"","overlay-type":"","overlay-color":"","overlay-opacity":"","overlay-gradient":""}}},"product_brand":[],"product_cat":[37],"product_tag":[],"class_list":{"0":"post-11079","1":"product","2":"type-product","3":"status-publish","4":"has-post-thumbnail","6":"product_cat-nestumas-ir-vaiku-prieziura-bei-auklejimas","7":"desktop-align-left","8":"tablet-align-left","9":"mobile-align-left","11":"first","12":"instock","13":"shipping-taxable","14":"purchasable","15":"product-type-simple"},"acf":[],"yoast_head":"<!-- This site is optimized with the Yoast SEO plugin v27.0 - https:\/\/yoast.com\/product\/yoast-seo-wordpress\/ -->\n<title>Mok\u0117kime vaikams pasakyti \u201ene\u201c - Skaitytaknyga<\/title>\n<meta name=\"description\" content=\"B\u016bti t\u0117vais \u2013 nelengva. Vaik\u0173 aukl\u0117jimas \u2013 tikras menas! Knyga \u201eMok\u0117kime vaikams pasakyti \u201ene\u201c\u201c \u2013 puiki paspirtis \u0161iuolaikiniams t\u0117vams. Joje pateikta daug praktini\u0173 patarim\u0173 ir pasi\u016blym\u0173, kaip skland\u017eiau ir maloniau bendrauti su vaikais. Autorius neauk\u0161tina dar neseniai vyravusio valdingo autoriteto, kaip tik ragina j\u012f rodyti apgalvotai ir veiksmingai. Pasak jo, svarbiausia \u2013 \u0161eimos laim\u0117 ir vis\u0173 jos nari\u0173 tarpusavio pagarba. Ta\u010diau dera atminti, kad, norint s\u0117kmingai aukl\u0117ti vaikus ir \u012fskiepyti jiems svarbiausias vertybes, b\u016btina mok\u0117ti pasakyti \u201ene\u201c \u2013 ne tik tvirtai, bet ir argumentuotai, ne i\u0161 pyk\u010dio, bet su meile.  Robert Langis daugel\u012f met\u0173 dirba vaik\u0173 ugdymo srityje, siekia pagerinti t\u0117v\u0173, vaik\u0173 ir aukl\u0117toj\u0173 gyvenimo kokyb\u0119. Auginkime atsakingus vaikus!\" \/>\n<meta name=\"robots\" content=\"index, follow, max-snippet:-1, max-image-preview:large, max-video-preview:-1\" \/>\n<link rel=\"canonical\" href=\"https:\/\/skaitytaknyga.lt\/en\/produktas\/mokekime-vaikams-pasakyti-ne\/\" \/>\n<meta property=\"og:locale\" content=\"en_GB\" \/>\n<meta property=\"og:locale:alternate\" content=\"lt_LT\" \/>\n<meta property=\"og:type\" content=\"article\" \/>\n<meta property=\"og:title\" content=\"Mok\u0117kime vaikams pasakyti \u201ene\u201c - Skaitytaknyga\" \/>\n<meta property=\"og:description\" content=\"B\u016bti t\u0117vais \u2013 nelengva. Vaik\u0173 aukl\u0117jimas \u2013 tikras menas! Knyga \u201eMok\u0117kime vaikams pasakyti \u201ene\u201c\u201c \u2013 puiki paspirtis \u0161iuolaikiniams t\u0117vams. Joje pateikta daug praktini\u0173 patarim\u0173 ir pasi\u016blym\u0173, kaip skland\u017eiau ir maloniau bendrauti su vaikais. Autorius neauk\u0161tina dar neseniai vyravusio valdingo autoriteto, kaip tik ragina j\u012f rodyti apgalvotai ir veiksmingai. Pasak jo, svarbiausia \u2013 \u0161eimos laim\u0117 ir vis\u0173 jos nari\u0173 tarpusavio pagarba. Ta\u010diau dera atminti, kad, norint s\u0117kmingai aukl\u0117ti vaikus ir \u012fskiepyti jiems svarbiausias vertybes, b\u016btina mok\u0117ti pasakyti \u201ene\u201c \u2013 ne tik tvirtai, bet ir argumentuotai, ne i\u0161 pyk\u010dio, bet su meile.  Robert Langis daugel\u012f met\u0173 dirba vaik\u0173 ugdymo srityje, siekia pagerinti t\u0117v\u0173, vaik\u0173 ir aukl\u0117toj\u0173 gyvenimo kokyb\u0119. Auginkime atsakingus vaikus!\" \/>\n<meta property=\"og:url\" content=\"https:\/\/skaitytaknyga.lt\/en\/produktas\/mokekime-vaikams-pasakyti-ne\/\" \/>\n<meta property=\"og:site_name\" content=\"Skaitytaknyga\" \/>\n<meta property=\"article:publisher\" content=\"https:\/\/www.facebook.com\/skaitytaknyga\/\" \/>\n<meta property=\"article:modified_time\" content=\"2024-05-04T19:28:46+00:00\" \/>\n<meta property=\"og:image\" content=\"https:\/\/skaitytaknyga.lt\/wp-content\/uploads\/2024\/05\/atsisiusti-2-1.jpg\" \/>\n\t<meta property=\"og:image:width\" content=\"184\" \/>\n\t<meta property=\"og:image:height\" content=\"273\" \/>\n\t<meta property=\"og:image:type\" content=\"image\/jpeg\" \/>\n<meta name=\"twitter:card\" content=\"summary_large_image\" \/>\n<meta name=\"twitter:label1\" content=\"Estimated reading time\" \/>\n\t<meta name=\"twitter:data1\" content=\"1 minute\" \/>\n<script type=\"application\/ld+json\" class=\"yoast-schema-graph\">{\"@context\":\"https:\/\/schema.org\",\"@graph\":[{\"@type\":\"WebPage\",\"@id\":\"https:\/\/skaitytaknyga.lt\/produktas\/mokekime-vaikams-pasakyti-ne\/\",\"url\":\"https:\/\/skaitytaknyga.lt\/produktas\/mokekime-vaikams-pasakyti-ne\/\",\"name\":\"Mok\u0117kime vaikams pasakyti \u201ene\u201c - Skaitytaknyga\",\"isPartOf\":{\"@id\":\"https:\/\/skaitytaknyga.lt\/#website\"},\"primaryImageOfPage\":{\"@id\":\"https:\/\/skaitytaknyga.lt\/produktas\/mokekime-vaikams-pasakyti-ne\/#primaryimage\"},\"image\":{\"@id\":\"https:\/\/skaitytaknyga.lt\/produktas\/mokekime-vaikams-pasakyti-ne\/#primaryimage\"},\"thumbnailUrl\":\"https:\/\/skaitytaknyga.lt\/wp-content\/uploads\/2024\/05\/atsisiusti-2-1.jpg\",\"datePublished\":\"2024-05-04T19:27:22+00:00\",\"dateModified\":\"2024-05-04T19:28:46+00:00\",\"description\":\"B\u016bti t\u0117vais \u2013 nelengva. Vaik\u0173 aukl\u0117jimas \u2013 tikras menas! Knyga \u201eMok\u0117kime vaikams pasakyti \u201ene\u201c\u201c \u2013 puiki paspirtis \u0161iuolaikiniams t\u0117vams. Joje pateikta daug praktini\u0173 patarim\u0173 ir pasi\u016blym\u0173, kaip skland\u017eiau ir maloniau bendrauti su vaikais. Autorius neauk\u0161tina dar neseniai vyravusio valdingo autoriteto, kaip tik ragina j\u012f rodyti apgalvotai ir veiksmingai. Pasak jo, svarbiausia \u2013 \u0161eimos laim\u0117 ir vis\u0173 jos nari\u0173 tarpusavio pagarba. Ta\u010diau dera atminti, kad, norint s\u0117kmingai aukl\u0117ti vaikus ir \u012fskiepyti jiems svarbiausias vertybes, b\u016btina mok\u0117ti pasakyti \u201ene\u201c \u2013 ne tik tvirtai, bet ir argumentuotai, ne i\u0161 pyk\u010dio, bet su meile. Robert Langis daugel\u012f met\u0173 dirba vaik\u0173 ugdymo srityje, siekia pagerinti t\u0117v\u0173, vaik\u0173 ir aukl\u0117toj\u0173 gyvenimo kokyb\u0119. Auginkime atsakingus vaikus!\",\"breadcrumb\":{\"@id\":\"https:\/\/skaitytaknyga.lt\/produktas\/mokekime-vaikams-pasakyti-ne\/#breadcrumb\"},\"inLanguage\":\"en-GB\",\"potentialAction\":[{\"@type\":\"ReadAction\",\"target\":[\"https:\/\/skaitytaknyga.lt\/produktas\/mokekime-vaikams-pasakyti-ne\/\"]}]},{\"@type\":\"ImageObject\",\"inLanguage\":\"en-GB\",\"@id\":\"https:\/\/skaitytaknyga.lt\/produktas\/mokekime-vaikams-pasakyti-ne\/#primaryimage\",\"url\":\"https:\/\/skaitytaknyga.lt\/wp-content\/uploads\/2024\/05\/atsisiusti-2-1.jpg\",\"contentUrl\":\"https:\/\/skaitytaknyga.lt\/wp-content\/uploads\/2024\/05\/atsisiusti-2-1.jpg\",\"width\":184,\"height\":273},{\"@type\":\"BreadcrumbList\",\"@id\":\"https:\/\/skaitytaknyga.lt\/produktas\/mokekime-vaikams-pasakyti-ne\/#breadcrumb\",\"itemListElement\":[{\"@type\":\"ListItem\",\"position\":1,\"name\":\"Home\",\"item\":\"https:\/\/skaitytaknyga.lt\/\"},{\"@type\":\"ListItem\",\"position\":2,\"name\":\"Parduotuv\u0117\",\"item\":\"https:\/\/skaitytaknyga.lt\/knygu-parduotuve\/\"},{\"@type\":\"ListItem\",\"position\":3,\"name\":\"Mok\u0117kime vaikams pasakyti \u201ene\u201c\"}]},{\"@type\":\"WebSite\",\"@id\":\"https:\/\/skaitytaknyga.lt\/#website\",\"url\":\"https:\/\/skaitytaknyga.lt\/\",\"name\":\"skaitytaknyga.lt\",\"description\":\"Skaitytaknyga.lt \u2013 tai ma\u017eas \u0161eimos verslas, kuris prasid\u0117jo nuo meil\u0117s knygoms ir siekio i\u0161gelb\u0117ti knygas nuo likimo prie konteinerio. Kas vienam nereikalingas daiktas \u2013 kitam lobis, o mes esame tarpininkai, kurie padeda abiems tapti laimingesniems ???? \u017dinome kaip nelengva i\u0161gyventi ma\u017eiems verslams, tad nuo \u0161iol, \u010dia rasite ir kit\u0173, ma\u017e\u0173 \u0161eim\u0173 versl\u0173, rank\u0173 darbo, dovan\u0173 sau ir artimiesiems.\",\"publisher\":{\"@id\":\"https:\/\/skaitytaknyga.lt\/#organization\"},\"potentialAction\":[{\"@type\":\"SearchAction\",\"target\":{\"@type\":\"EntryPoint\",\"urlTemplate\":\"https:\/\/skaitytaknyga.lt\/?s={search_term_string}\"},\"query-input\":{\"@type\":\"PropertyValueSpecification\",\"valueRequired\":true,\"valueName\":\"search_term_string\"}}],\"inLanguage\":\"en-GB\"},{\"@type\":\"Organization\",\"@id\":\"https:\/\/skaitytaknyga.lt\/#organization\",\"name\":\"skaitytaknyga.lt\",\"url\":\"https:\/\/skaitytaknyga.lt\/\",\"logo\":{\"@type\":\"ImageObject\",\"inLanguage\":\"en-GB\",\"@id\":\"https:\/\/skaitytaknyga.lt\/#\/schema\/logo\/image\/\",\"url\":\"https:\/\/skaitytaknyga.lt\/wp-content\/uploads\/2024\/05\/cropped-cropped-cropped-02_00843_jt3bggkj1j3HLc7SyY6rEUpg.jpeg\",\"contentUrl\":\"https:\/\/skaitytaknyga.lt\/wp-content\/uploads\/2024\/05\/cropped-cropped-cropped-02_00843_jt3bggkj1j3HLc7SyY6rEUpg.jpeg\",\"width\":1600,\"height\":1600,\"caption\":\"skaitytaknyga.lt\"},\"image\":{\"@id\":\"https:\/\/skaitytaknyga.lt\/#\/schema\/logo\/image\/\"},\"sameAs\":[\"https:\/\/www.facebook.com\/skaitytaknyga\/\"]}]}<\/script>\n<!-- \/ Yoast SEO plugin. -->","yoast_head_json":{"title":"Mok\u0117kime vaikams pasakyti \u201ene\u201c - Skaitytaknyga","description":"B\u016bti t\u0117vais \u2013 nelengva. Vaik\u0173 aukl\u0117jimas \u2013 tikras menas! Knyga \u201eMok\u0117kime vaikams pasakyti \u201ene\u201c\u201c \u2013 puiki paspirtis \u0161iuolaikiniams t\u0117vams. Joje pateikta daug praktini\u0173 patarim\u0173 ir pasi\u016blym\u0173, kaip skland\u017eiau ir maloniau bendrauti su vaikais. Autorius neauk\u0161tina dar neseniai vyravusio valdingo autoriteto, kaip tik ragina j\u012f rodyti apgalvotai ir veiksmingai. Pasak jo, svarbiausia \u2013 \u0161eimos laim\u0117 ir vis\u0173 jos nari\u0173 tarpusavio pagarba. Ta\u010diau dera atminti, kad, norint s\u0117kmingai aukl\u0117ti vaikus ir \u012fskiepyti jiems svarbiausias vertybes, b\u016btina mok\u0117ti pasakyti \u201ene\u201c \u2013 ne tik tvirtai, bet ir argumentuotai, ne i\u0161 pyk\u010dio, bet su meile.  Robert Langis daugel\u012f met\u0173 dirba vaik\u0173 ugdymo srityje, siekia pagerinti t\u0117v\u0173, vaik\u0173 ir aukl\u0117toj\u0173 gyvenimo kokyb\u0119. Auginkime atsakingus vaikus!","robots":{"index":"index","follow":"follow","max-snippet":"max-snippet:-1","max-image-preview":"max-image-preview:large","max-video-preview":"max-video-preview:-1"},"canonical":"https:\/\/skaitytaknyga.lt\/en\/produktas\/mokekime-vaikams-pasakyti-ne\/","og_locale":"en_GB","og_type":"article","og_title":"Mok\u0117kime vaikams pasakyti \u201ene\u201c - Skaitytaknyga","og_description":"B\u016bti t\u0117vais \u2013 nelengva. Vaik\u0173 aukl\u0117jimas \u2013 tikras menas! Knyga \u201eMok\u0117kime vaikams pasakyti \u201ene\u201c\u201c \u2013 puiki paspirtis \u0161iuolaikiniams t\u0117vams. Joje pateikta daug praktini\u0173 patarim\u0173 ir pasi\u016blym\u0173, kaip skland\u017eiau ir maloniau bendrauti su vaikais. Autorius neauk\u0161tina dar neseniai vyravusio valdingo autoriteto, kaip tik ragina j\u012f rodyti apgalvotai ir veiksmingai. Pasak jo, svarbiausia \u2013 \u0161eimos laim\u0117 ir vis\u0173 jos nari\u0173 tarpusavio pagarba. Ta\u010diau dera atminti, kad, norint s\u0117kmingai aukl\u0117ti vaikus ir \u012fskiepyti jiems svarbiausias vertybes, b\u016btina mok\u0117ti pasakyti \u201ene\u201c \u2013 ne tik tvirtai, bet ir argumentuotai, ne i\u0161 pyk\u010dio, bet su meile.  Robert Langis daugel\u012f met\u0173 dirba vaik\u0173 ugdymo srityje, siekia pagerinti t\u0117v\u0173, vaik\u0173 ir aukl\u0117toj\u0173 gyvenimo kokyb\u0119. Auginkime atsakingus vaikus!","og_url":"https:\/\/skaitytaknyga.lt\/en\/produktas\/mokekime-vaikams-pasakyti-ne\/","og_site_name":"Skaitytaknyga","article_publisher":"https:\/\/www.facebook.com\/skaitytaknyga\/","article_modified_time":"2024-05-04T19:28:46+00:00","og_image":[{"width":184,"height":273,"url":"https:\/\/skaitytaknyga.lt\/wp-content\/uploads\/2024\/05\/atsisiusti-2-1.jpg","type":"image\/jpeg"}],"twitter_card":"summary_large_image","twitter_misc":{"Estimated reading time":"1 minute"},"schema":{"@context":"https:\/\/schema.org","@graph":[{"@type":"WebPage","@id":"https:\/\/skaitytaknyga.lt\/produktas\/mokekime-vaikams-pasakyti-ne\/","url":"https:\/\/skaitytaknyga.lt\/produktas\/mokekime-vaikams-pasakyti-ne\/","name":"Mok\u0117kime vaikams pasakyti \u201ene\u201c - Skaitytaknyga","isPartOf":{"@id":"https:\/\/skaitytaknyga.lt\/#website"},"primaryImageOfPage":{"@id":"https:\/\/skaitytaknyga.lt\/produktas\/mokekime-vaikams-pasakyti-ne\/#primaryimage"},"image":{"@id":"https:\/\/skaitytaknyga.lt\/produktas\/mokekime-vaikams-pasakyti-ne\/#primaryimage"},"thumbnailUrl":"https:\/\/skaitytaknyga.lt\/wp-content\/uploads\/2024\/05\/atsisiusti-2-1.jpg","datePublished":"2024-05-04T19:27:22+00:00","dateModified":"2024-05-04T19:28:46+00:00","description":"B\u016bti t\u0117vais \u2013 nelengva. Vaik\u0173 aukl\u0117jimas \u2013 tikras menas! Knyga \u201eMok\u0117kime vaikams pasakyti \u201ene\u201c\u201c \u2013 puiki paspirtis \u0161iuolaikiniams t\u0117vams. Joje pateikta daug praktini\u0173 patarim\u0173 ir pasi\u016blym\u0173, kaip skland\u017eiau ir maloniau bendrauti su vaikais. Autorius neauk\u0161tina dar neseniai vyravusio valdingo autoriteto, kaip tik ragina j\u012f rodyti apgalvotai ir veiksmingai. Pasak jo, svarbiausia \u2013 \u0161eimos laim\u0117 ir vis\u0173 jos nari\u0173 tarpusavio pagarba. Ta\u010diau dera atminti, kad, norint s\u0117kmingai aukl\u0117ti vaikus ir \u012fskiepyti jiems svarbiausias vertybes, b\u016btina mok\u0117ti pasakyti \u201ene\u201c \u2013 ne tik tvirtai, bet ir argumentuotai, ne i\u0161 pyk\u010dio, bet su meile. Robert Langis daugel\u012f met\u0173 dirba vaik\u0173 ugdymo srityje, siekia pagerinti t\u0117v\u0173, vaik\u0173 ir aukl\u0117toj\u0173 gyvenimo kokyb\u0119. Auginkime atsakingus vaikus!","breadcrumb":{"@id":"https:\/\/skaitytaknyga.lt\/produktas\/mokekime-vaikams-pasakyti-ne\/#breadcrumb"},"inLanguage":"en-GB","potentialAction":[{"@type":"ReadAction","target":["https:\/\/skaitytaknyga.lt\/produktas\/mokekime-vaikams-pasakyti-ne\/"]}]},{"@type":"ImageObject","inLanguage":"en-GB","@id":"https:\/\/skaitytaknyga.lt\/produktas\/mokekime-vaikams-pasakyti-ne\/#primaryimage","url":"https:\/\/skaitytaknyga.lt\/wp-content\/uploads\/2024\/05\/atsisiusti-2-1.jpg","contentUrl":"https:\/\/skaitytaknyga.lt\/wp-content\/uploads\/2024\/05\/atsisiusti-2-1.jpg","width":184,"height":273},{"@type":"BreadcrumbList","@id":"https:\/\/skaitytaknyga.lt\/produktas\/mokekime-vaikams-pasakyti-ne\/#breadcrumb","itemListElement":[{"@type":"ListItem","position":1,"name":"Home","item":"https:\/\/skaitytaknyga.lt\/"},{"@type":"ListItem","position":2,"name":"Parduotuv\u0117","item":"https:\/\/skaitytaknyga.lt\/knygu-parduotuve\/"},{"@type":"ListItem","position":3,"name":"Mok\u0117kime vaikams pasakyti \u201ene\u201c"}]},{"@type":"WebSite","@id":"https:\/\/skaitytaknyga.lt\/#website","url":"https:\/\/skaitytaknyga.lt\/","name":"skaitytaknyga.lt","description":"Skaitytaknyga.lt \u2013 tai ma\u017eas \u0161eimos verslas, kuris prasid\u0117jo nuo meil\u0117s knygoms ir siekio i\u0161gelb\u0117ti knygas nuo likimo prie konteinerio. Kas vienam nereikalingas daiktas \u2013 kitam lobis, o mes esame tarpininkai, kurie padeda abiems tapti laimingesniems ???? \u017dinome kaip nelengva i\u0161gyventi ma\u017eiems verslams, tad nuo \u0161iol, \u010dia rasite ir kit\u0173, ma\u017e\u0173 \u0161eim\u0173 versl\u0173, rank\u0173 darbo, dovan\u0173 sau ir artimiesiems.","publisher":{"@id":"https:\/\/skaitytaknyga.lt\/#organization"},"potentialAction":[{"@type":"SearchAction","target":{"@type":"EntryPoint","urlTemplate":"https:\/\/skaitytaknyga.lt\/?s={search_term_string}"},"query-input":{"@type":"PropertyValueSpecification","valueRequired":true,"valueName":"search_term_string"}}],"inLanguage":"en-GB"},{"@type":"Organization","@id":"https:\/\/skaitytaknyga.lt\/#organization","name":"skaitytaknyga.lt","url":"https:\/\/skaitytaknyga.lt\/","logo":{"@type":"ImageObject","inLanguage":"en-GB","@id":"https:\/\/skaitytaknyga.lt\/#\/schema\/logo\/image\/","url":"https:\/\/skaitytaknyga.lt\/wp-content\/uploads\/2024\/05\/cropped-cropped-cropped-02_00843_jt3bggkj1j3HLc7SyY6rEUpg.jpeg","contentUrl":"https:\/\/skaitytaknyga.lt\/wp-content\/uploads\/2024\/05\/cropped-cropped-cropped-02_00843_jt3bggkj1j3HLc7SyY6rEUpg.jpeg","width":1600,"height":1600,"caption":"skaitytaknyga.lt"},"image":{"@id":"https:\/\/skaitytaknyga.lt\/#\/schema\/logo\/image\/"},"sameAs":["https:\/\/www.facebook.com\/skaitytaknyga\/"]}]}},"_links":{"self":[{"href":"https:\/\/skaitytaknyga.lt\/en\/wp-json\/wp\/v2\/product\/11079","targetHints":{"allow":["GET"]}}],"collection":[{"href":"https:\/\/skaitytaknyga.lt\/en\/wp-json\/wp\/v2\/product"}],"about":[{"href":"https:\/\/skaitytaknyga.lt\/en\/wp-json\/wp\/v2\/types\/product"}],"replies":[{"embeddable":true,"href":"https:\/\/skaitytaknyga.lt\/en\/wp-json\/wp\/v2\/comments?post=11079"}],"wp:featuredmedia":[{"embeddable":true,"href":"https:\/\/skaitytaknyga.lt\/en\/wp-json\/wp\/v2\/media\/11114"}],"wp:attachment":[{"href":"https:\/\/skaitytaknyga.lt\/en\/wp-json\/wp\/v2\/media?parent=11079"}],"wp:term":[{"taxonomy":"product_brand","embeddable":true,"href":"https:\/\/skaitytaknyga.lt\/en\/wp-json\/wp\/v2\/product_brand?post=11079"},{"taxonomy":"product_cat","embeddable":true,"href":"https:\/\/skaitytaknyga.lt\/en\/wp-json\/wp\/v2\/product_cat?post=11079"},{"taxonomy":"product_tag","embeddable":true,"href":"https:\/\/skaitytaknyga.lt\/en\/wp-json\/wp\/v2\/product_tag?post=11079"}],"curies":[{"name":"wp","href":"https:\/\/api.w.org\/{rel}","templated":true}]}}