{"id":11077,"date":"2024-05-04T19:27:21","date_gmt":"2024-05-04T19:27:21","guid":{"rendered":"https:\/\/skaitytaknyga.lt\/?post_type=product&#038;p=11077"},"modified":"2024-05-04T19:28:43","modified_gmt":"2024-05-04T19:28:43","slug":"kaledos-pasaulio-tradicijos-ir-sventiniai-receptai","status":"publish","type":"product","link":"https:\/\/skaitytaknyga.lt\/en\/produktas\/kaledos-pasaulio-tradicijos-ir-sventiniai-receptai\/","title":{"rendered":"Kal\u0117dos. Pasaulio tradicijos ir \u0161ventiniai receptai"},"content":{"rendered":"<p>Gra\u017eiausia \u017eiemos \u0161vent\u0117 &#8211; Kal\u0117dos. O kokia \u0161vent\u0117 be sav\u0173 tradicij\u0173 ir \u0161ventini\u0173 vai\u0161i\u0173? Kietais vir\u0161eliais i\u0161leistoje, gausiai iliustruotoje knygoje, &#8220;Kal\u0117dos. Pasaulio tradicijos ir \u0161ventiniai receptai&#8221;, \u012fdomi\u0173 dalyk\u0173 suras visa \u0161eima, o ypa\u010d, moterys. \u012e \u0161i\u0105 knyg\u0105 sud\u0117tos \u012fvairios pasaulio tradicijos ir tai k\u0105 Kal\u0117d\u0173 stalui si\u016blo ne tik Lietuvos, bet ir viso pasaulio \u0161eiminink\u0117s.<br \/>\nTaigi pasaulis v\u0117l rengiasi \u0161v\u0119sti Kal\u0117das. Mielas skaitytojau, pasid\u017eiauk \u0161ia \u0161vente.<\/p>\n","protected":false},"excerpt":{"rendered":"<p>Gra\u017eiausia \u017eiemos \u0161vent\u0117 &#8211; Kal\u0117dos. O kokia \u0161vent\u0117 be sav\u0173 tradicij\u0173 ir \u0161ventini\u0173 vai\u0161i\u0173? Kietais vir\u0161eliais i\u0161leistoje, gausiai iliustruotoje knygoje, &#8220;Kal\u0117dos. Pasaulio tradicijos ir \u0161ventiniai receptai&#8221;, \u012fdomi\u0173 dalyk\u0173 suras visa \u0161eima, o ypa\u010d, moterys. \u012e \u0161i\u0105 knyg\u0105 sud\u0117tos \u012fvairios pasaulio tradicijos ir tai k\u0105 Kal\u0117d\u0173 stalui si\u016blo ne tik Lietuvos, bet ir viso pasaulio \u0161eiminink\u0117s.<br \/>\nTaigi pasaulis v\u0117l rengiasi \u0161v\u0119sti Kal\u0117das. Mielas skaitytojau, pasid\u017eiauk \u0161ia \u0161vente.<\/p>\n","protected":false},"featured_media":11112,"comment_status":"closed","ping_status":"closed","template":"","meta":{"_acf_changed":false,"site-sidebar-layout":"default","site-content-layout":"","ast-site-content-layout":"default","site-content-style":"default","site-sidebar-style":"default","ast-global-header-display":"","ast-banner-title-visibility":"","ast-main-header-display":"","ast-hfb-above-header-display":"","ast-hfb-below-header-display":"","ast-hfb-mobile-header-display":"","site-post-title":"","ast-breadcrumbs-content":"","ast-featured-img":"","footer-sml-layout":"","ast-disable-related-posts":"","theme-transparent-header-meta":"","adv-header-id-meta":"","stick-header-meta":"","header-above-stick-meta":"","header-main-stick-meta":"","header-below-stick-meta":"","astra-migrate-meta-layouts":"default","ast-page-background-enabled":"default","ast-page-background-meta":{"desktop":{"background-color":"","background-image":"","background-repeat":"repeat","background-position":"center center","background-size":"auto","background-attachment":"scroll","background-type":"","background-media":"","overlay-type":"","overlay-color":"","overlay-opacity":"","overlay-gradient":""},"tablet":{"background-color":"","background-image":"","background-repeat":"repeat","background-position":"center center","background-size":"auto","background-attachment":"scroll","background-type":"","background-media":"","overlay-type":"","overlay-color":"","overlay-opacity":"","overlay-gradient":""},"mobile":{"background-color":"","background-image":"","background-repeat":"repeat","background-position":"center center","background-size":"auto","background-attachment":"scroll","background-type":"","background-media":"","overlay-type":"","overlay-color":"","overlay-opacity":"","overlay-gradient":""}},"ast-content-background-meta":{"desktop":{"background-color":"var(--ast-global-color-4)","background-image":"","background-repeat":"repeat","background-position":"center center","background-size":"auto","background-attachment":"scroll","background-type":"","background-media":"","overlay-type":"","overlay-color":"","overlay-opacity":"","overlay-gradient":""},"tablet":{"background-color":"var(--ast-global-color-4)","background-image":"","background-repeat":"repeat","background-position":"center center","background-size":"auto","background-attachment":"scroll","background-type":"","background-media":"","overlay-type":"","overlay-color":"","overlay-opacity":"","overlay-gradient":""},"mobile":{"background-color":"var(--ast-global-color-4)","background-image":"","background-repeat":"repeat","background-position":"center center","background-size":"auto","background-attachment":"scroll","background-type":"","background-media":"","overlay-type":"","overlay-color":"","overlay-opacity":"","overlay-gradient":""}}},"product_brand":[],"product_cat":[15],"product_tag":[],"class_list":{"0":"post-11077","1":"product","2":"type-product","3":"status-publish","4":"has-post-thumbnail","6":"product_cat-uncategorized","7":"desktop-align-left","8":"tablet-align-left","9":"mobile-align-left","11":"first","12":"outofstock","13":"shipping-taxable","14":"purchasable","15":"product-type-simple"},"acf":[],"yoast_head":"<!-- This site is optimized with the Yoast SEO plugin v27.0 - https:\/\/yoast.com\/product\/yoast-seo-wordpress\/ -->\n<title>Kal\u0117dos. Pasaulio tradicijos ir \u0161ventiniai receptai - Skaitytaknyga<\/title>\n<meta name=\"description\" content=\"Gra\u017eiausia \u017eiemos \u0161vent\u0117 - Kal\u0117dos. O kokia \u0161vent\u0117 be sav\u0173 tradicij\u0173 ir \u0161ventini\u0173 vai\u0161i\u0173? Kietais vir\u0161eliais i\u0161leistoje, gausiai iliustruotoje knygoje, &quot;Kal\u0117dos. Pasaulio tradicijos ir \u0161ventiniai receptai&quot;, \u012fdomi\u0173 dalyk\u0173 suras visa \u0161eima, o ypa\u010d, moterys. \u012e \u0161i\u0105 knyg\u0105 sud\u0117tos \u012fvairios pasaulio tradicijos ir tai k\u0105 Kal\u0117d\u0173 stalui si\u016blo ne tik Lietuvos, bet ir viso pasaulio \u0161eiminink\u0117s. Taigi pasaulis v\u0117l rengiasi \u0161v\u0119sti Kal\u0117das. Mielas skaitytojau, pasid\u017eiauk \u0161ia \u0161vente.\" \/>\n<meta name=\"robots\" content=\"index, follow, max-snippet:-1, max-image-preview:large, max-video-preview:-1\" \/>\n<link rel=\"canonical\" href=\"https:\/\/skaitytaknyga.lt\/en\/produktas\/kaledos-pasaulio-tradicijos-ir-sventiniai-receptai\/\" \/>\n<meta property=\"og:locale\" content=\"en_GB\" \/>\n<meta property=\"og:locale:alternate\" content=\"lt_LT\" \/>\n<meta property=\"og:type\" content=\"article\" \/>\n<meta property=\"og:title\" content=\"Kal\u0117dos. Pasaulio tradicijos ir \u0161ventiniai receptai - Skaitytaknyga\" \/>\n<meta property=\"og:description\" content=\"Gra\u017eiausia \u017eiemos \u0161vent\u0117 - Kal\u0117dos. O kokia \u0161vent\u0117 be sav\u0173 tradicij\u0173 ir \u0161ventini\u0173 vai\u0161i\u0173? Kietais vir\u0161eliais i\u0161leistoje, gausiai iliustruotoje knygoje, &quot;Kal\u0117dos. Pasaulio tradicijos ir \u0161ventiniai receptai&quot;, \u012fdomi\u0173 dalyk\u0173 suras visa \u0161eima, o ypa\u010d, moterys. \u012e \u0161i\u0105 knyg\u0105 sud\u0117tos \u012fvairios pasaulio tradicijos ir tai k\u0105 Kal\u0117d\u0173 stalui si\u016blo ne tik Lietuvos, bet ir viso pasaulio \u0161eiminink\u0117s. Taigi pasaulis v\u0117l rengiasi \u0161v\u0119sti Kal\u0117das. Mielas skaitytojau, pasid\u017eiauk \u0161ia \u0161vente.\" \/>\n<meta property=\"og:url\" content=\"https:\/\/skaitytaknyga.lt\/en\/produktas\/kaledos-pasaulio-tradicijos-ir-sventiniai-receptai\/\" \/>\n<meta property=\"og:site_name\" content=\"Skaitytaknyga\" \/>\n<meta property=\"article:publisher\" content=\"https:\/\/www.facebook.com\/skaitytaknyga\/\" \/>\n<meta property=\"article:modified_time\" content=\"2024-05-04T19:28:43+00:00\" \/>\n<meta property=\"og:image\" content=\"https:\/\/skaitytaknyga.lt\/wp-content\/uploads\/2024\/05\/Be-pavadinimo-2-6.png\" \/>\n\t<meta property=\"og:image:width\" content=\"399\" \/>\n\t<meta property=\"og:image:height\" content=\"529\" \/>\n\t<meta property=\"og:image:type\" content=\"image\/png\" \/>\n<meta name=\"twitter:card\" content=\"summary_large_image\" \/>\n<script type=\"application\/ld+json\" class=\"yoast-schema-graph\">{\"@context\":\"https:\/\/schema.org\",\"@graph\":[{\"@type\":\"WebPage\",\"@id\":\"https:\/\/skaitytaknyga.lt\/produktas\/kaledos-pasaulio-tradicijos-ir-sventiniai-receptai\/\",\"url\":\"https:\/\/skaitytaknyga.lt\/produktas\/kaledos-pasaulio-tradicijos-ir-sventiniai-receptai\/\",\"name\":\"Kal\u0117dos. Pasaulio tradicijos ir \u0161ventiniai receptai - Skaitytaknyga\",\"isPartOf\":{\"@id\":\"https:\/\/skaitytaknyga.lt\/#website\"},\"primaryImageOfPage\":{\"@id\":\"https:\/\/skaitytaknyga.lt\/produktas\/kaledos-pasaulio-tradicijos-ir-sventiniai-receptai\/#primaryimage\"},\"image\":{\"@id\":\"https:\/\/skaitytaknyga.lt\/produktas\/kaledos-pasaulio-tradicijos-ir-sventiniai-receptai\/#primaryimage\"},\"thumbnailUrl\":\"https:\/\/skaitytaknyga.lt\/wp-content\/uploads\/2024\/05\/Be-pavadinimo-2-6.png\",\"datePublished\":\"2024-05-04T19:27:21+00:00\",\"dateModified\":\"2024-05-04T19:28:43+00:00\",\"description\":\"Gra\u017eiausia \u017eiemos \u0161vent\u0117 - Kal\u0117dos. O kokia \u0161vent\u0117 be sav\u0173 tradicij\u0173 ir \u0161ventini\u0173 vai\u0161i\u0173? Kietais vir\u0161eliais i\u0161leistoje, gausiai iliustruotoje knygoje, \\\"Kal\u0117dos. Pasaulio tradicijos ir \u0161ventiniai receptai\\\", \u012fdomi\u0173 dalyk\u0173 suras visa \u0161eima, o ypa\u010d, moterys. \u012e \u0161i\u0105 knyg\u0105 sud\u0117tos \u012fvairios pasaulio tradicijos ir tai k\u0105 Kal\u0117d\u0173 stalui si\u016blo ne tik Lietuvos, bet ir viso pasaulio \u0161eiminink\u0117s. Taigi pasaulis v\u0117l rengiasi \u0161v\u0119sti Kal\u0117das. Mielas skaitytojau, pasid\u017eiauk \u0161ia \u0161vente.\",\"breadcrumb\":{\"@id\":\"https:\/\/skaitytaknyga.lt\/produktas\/kaledos-pasaulio-tradicijos-ir-sventiniai-receptai\/#breadcrumb\"},\"inLanguage\":\"en-GB\",\"potentialAction\":[{\"@type\":\"ReadAction\",\"target\":[\"https:\/\/skaitytaknyga.lt\/produktas\/kaledos-pasaulio-tradicijos-ir-sventiniai-receptai\/\"]}]},{\"@type\":\"ImageObject\",\"inLanguage\":\"en-GB\",\"@id\":\"https:\/\/skaitytaknyga.lt\/produktas\/kaledos-pasaulio-tradicijos-ir-sventiniai-receptai\/#primaryimage\",\"url\":\"https:\/\/skaitytaknyga.lt\/wp-content\/uploads\/2024\/05\/Be-pavadinimo-2-6.png\",\"contentUrl\":\"https:\/\/skaitytaknyga.lt\/wp-content\/uploads\/2024\/05\/Be-pavadinimo-2-6.png\",\"width\":399,\"height\":529},{\"@type\":\"BreadcrumbList\",\"@id\":\"https:\/\/skaitytaknyga.lt\/produktas\/kaledos-pasaulio-tradicijos-ir-sventiniai-receptai\/#breadcrumb\",\"itemListElement\":[{\"@type\":\"ListItem\",\"position\":1,\"name\":\"Home\",\"item\":\"https:\/\/skaitytaknyga.lt\/\"},{\"@type\":\"ListItem\",\"position\":2,\"name\":\"Parduotuv\u0117\",\"item\":\"https:\/\/skaitytaknyga.lt\/knygu-parduotuve\/\"},{\"@type\":\"ListItem\",\"position\":3,\"name\":\"Kal\u0117dos. Pasaulio tradicijos ir \u0161ventiniai receptai\"}]},{\"@type\":\"WebSite\",\"@id\":\"https:\/\/skaitytaknyga.lt\/#website\",\"url\":\"https:\/\/skaitytaknyga.lt\/\",\"name\":\"skaitytaknyga.lt\",\"description\":\"Skaitytaknyga.lt \u2013 tai ma\u017eas \u0161eimos verslas, kuris prasid\u0117jo nuo meil\u0117s knygoms ir siekio i\u0161gelb\u0117ti knygas nuo likimo prie konteinerio. Kas vienam nereikalingas daiktas \u2013 kitam lobis, o mes esame tarpininkai, kurie padeda abiems tapti laimingesniems ???? \u017dinome kaip nelengva i\u0161gyventi ma\u017eiems verslams, tad nuo \u0161iol, \u010dia rasite ir kit\u0173, ma\u017e\u0173 \u0161eim\u0173 versl\u0173, rank\u0173 darbo, dovan\u0173 sau ir artimiesiems.\",\"publisher\":{\"@id\":\"https:\/\/skaitytaknyga.lt\/#organization\"},\"potentialAction\":[{\"@type\":\"SearchAction\",\"target\":{\"@type\":\"EntryPoint\",\"urlTemplate\":\"https:\/\/skaitytaknyga.lt\/?s={search_term_string}\"},\"query-input\":{\"@type\":\"PropertyValueSpecification\",\"valueRequired\":true,\"valueName\":\"search_term_string\"}}],\"inLanguage\":\"en-GB\"},{\"@type\":\"Organization\",\"@id\":\"https:\/\/skaitytaknyga.lt\/#organization\",\"name\":\"skaitytaknyga.lt\",\"url\":\"https:\/\/skaitytaknyga.lt\/\",\"logo\":{\"@type\":\"ImageObject\",\"inLanguage\":\"en-GB\",\"@id\":\"https:\/\/skaitytaknyga.lt\/#\/schema\/logo\/image\/\",\"url\":\"https:\/\/skaitytaknyga.lt\/wp-content\/uploads\/2024\/05\/cropped-cropped-cropped-02_00843_jt3bggkj1j3HLc7SyY6rEUpg.jpeg\",\"contentUrl\":\"https:\/\/skaitytaknyga.lt\/wp-content\/uploads\/2024\/05\/cropped-cropped-cropped-02_00843_jt3bggkj1j3HLc7SyY6rEUpg.jpeg\",\"width\":1600,\"height\":1600,\"caption\":\"skaitytaknyga.lt\"},\"image\":{\"@id\":\"https:\/\/skaitytaknyga.lt\/#\/schema\/logo\/image\/\"},\"sameAs\":[\"https:\/\/www.facebook.com\/skaitytaknyga\/\"]}]}<\/script>\n<!-- \/ Yoast SEO plugin. -->","yoast_head_json":{"title":"Kal\u0117dos. Pasaulio tradicijos ir \u0161ventiniai receptai - Skaitytaknyga","description":"Gra\u017eiausia \u017eiemos \u0161vent\u0117 - Kal\u0117dos. O kokia \u0161vent\u0117 be sav\u0173 tradicij\u0173 ir \u0161ventini\u0173 vai\u0161i\u0173? Kietais vir\u0161eliais i\u0161leistoje, gausiai iliustruotoje knygoje, \"Kal\u0117dos. Pasaulio tradicijos ir \u0161ventiniai receptai\", \u012fdomi\u0173 dalyk\u0173 suras visa \u0161eima, o ypa\u010d, moterys. \u012e \u0161i\u0105 knyg\u0105 sud\u0117tos \u012fvairios pasaulio tradicijos ir tai k\u0105 Kal\u0117d\u0173 stalui si\u016blo ne tik Lietuvos, bet ir viso pasaulio \u0161eiminink\u0117s. Taigi pasaulis v\u0117l rengiasi \u0161v\u0119sti Kal\u0117das. Mielas skaitytojau, pasid\u017eiauk \u0161ia \u0161vente.","robots":{"index":"index","follow":"follow","max-snippet":"max-snippet:-1","max-image-preview":"max-image-preview:large","max-video-preview":"max-video-preview:-1"},"canonical":"https:\/\/skaitytaknyga.lt\/en\/produktas\/kaledos-pasaulio-tradicijos-ir-sventiniai-receptai\/","og_locale":"en_GB","og_type":"article","og_title":"Kal\u0117dos. Pasaulio tradicijos ir \u0161ventiniai receptai - Skaitytaknyga","og_description":"Gra\u017eiausia \u017eiemos \u0161vent\u0117 - Kal\u0117dos. O kokia \u0161vent\u0117 be sav\u0173 tradicij\u0173 ir \u0161ventini\u0173 vai\u0161i\u0173? Kietais vir\u0161eliais i\u0161leistoje, gausiai iliustruotoje knygoje, \"Kal\u0117dos. Pasaulio tradicijos ir \u0161ventiniai receptai\", \u012fdomi\u0173 dalyk\u0173 suras visa \u0161eima, o ypa\u010d, moterys. \u012e \u0161i\u0105 knyg\u0105 sud\u0117tos \u012fvairios pasaulio tradicijos ir tai k\u0105 Kal\u0117d\u0173 stalui si\u016blo ne tik Lietuvos, bet ir viso pasaulio \u0161eiminink\u0117s. Taigi pasaulis v\u0117l rengiasi \u0161v\u0119sti Kal\u0117das. Mielas skaitytojau, pasid\u017eiauk \u0161ia \u0161vente.","og_url":"https:\/\/skaitytaknyga.lt\/en\/produktas\/kaledos-pasaulio-tradicijos-ir-sventiniai-receptai\/","og_site_name":"Skaitytaknyga","article_publisher":"https:\/\/www.facebook.com\/skaitytaknyga\/","article_modified_time":"2024-05-04T19:28:43+00:00","og_image":[{"width":399,"height":529,"url":"https:\/\/skaitytaknyga.lt\/wp-content\/uploads\/2024\/05\/Be-pavadinimo-2-6.png","type":"image\/png"}],"twitter_card":"summary_large_image","schema":{"@context":"https:\/\/schema.org","@graph":[{"@type":"WebPage","@id":"https:\/\/skaitytaknyga.lt\/produktas\/kaledos-pasaulio-tradicijos-ir-sventiniai-receptai\/","url":"https:\/\/skaitytaknyga.lt\/produktas\/kaledos-pasaulio-tradicijos-ir-sventiniai-receptai\/","name":"Kal\u0117dos. Pasaulio tradicijos ir \u0161ventiniai receptai - Skaitytaknyga","isPartOf":{"@id":"https:\/\/skaitytaknyga.lt\/#website"},"primaryImageOfPage":{"@id":"https:\/\/skaitytaknyga.lt\/produktas\/kaledos-pasaulio-tradicijos-ir-sventiniai-receptai\/#primaryimage"},"image":{"@id":"https:\/\/skaitytaknyga.lt\/produktas\/kaledos-pasaulio-tradicijos-ir-sventiniai-receptai\/#primaryimage"},"thumbnailUrl":"https:\/\/skaitytaknyga.lt\/wp-content\/uploads\/2024\/05\/Be-pavadinimo-2-6.png","datePublished":"2024-05-04T19:27:21+00:00","dateModified":"2024-05-04T19:28:43+00:00","description":"Gra\u017eiausia \u017eiemos \u0161vent\u0117 - Kal\u0117dos. O kokia \u0161vent\u0117 be sav\u0173 tradicij\u0173 ir \u0161ventini\u0173 vai\u0161i\u0173? Kietais vir\u0161eliais i\u0161leistoje, gausiai iliustruotoje knygoje, \"Kal\u0117dos. Pasaulio tradicijos ir \u0161ventiniai receptai\", \u012fdomi\u0173 dalyk\u0173 suras visa \u0161eima, o ypa\u010d, moterys. \u012e \u0161i\u0105 knyg\u0105 sud\u0117tos \u012fvairios pasaulio tradicijos ir tai k\u0105 Kal\u0117d\u0173 stalui si\u016blo ne tik Lietuvos, bet ir viso pasaulio \u0161eiminink\u0117s. Taigi pasaulis v\u0117l rengiasi \u0161v\u0119sti Kal\u0117das. Mielas skaitytojau, pasid\u017eiauk \u0161ia \u0161vente.","breadcrumb":{"@id":"https:\/\/skaitytaknyga.lt\/produktas\/kaledos-pasaulio-tradicijos-ir-sventiniai-receptai\/#breadcrumb"},"inLanguage":"en-GB","potentialAction":[{"@type":"ReadAction","target":["https:\/\/skaitytaknyga.lt\/produktas\/kaledos-pasaulio-tradicijos-ir-sventiniai-receptai\/"]}]},{"@type":"ImageObject","inLanguage":"en-GB","@id":"https:\/\/skaitytaknyga.lt\/produktas\/kaledos-pasaulio-tradicijos-ir-sventiniai-receptai\/#primaryimage","url":"https:\/\/skaitytaknyga.lt\/wp-content\/uploads\/2024\/05\/Be-pavadinimo-2-6.png","contentUrl":"https:\/\/skaitytaknyga.lt\/wp-content\/uploads\/2024\/05\/Be-pavadinimo-2-6.png","width":399,"height":529},{"@type":"BreadcrumbList","@id":"https:\/\/skaitytaknyga.lt\/produktas\/kaledos-pasaulio-tradicijos-ir-sventiniai-receptai\/#breadcrumb","itemListElement":[{"@type":"ListItem","position":1,"name":"Home","item":"https:\/\/skaitytaknyga.lt\/"},{"@type":"ListItem","position":2,"name":"Parduotuv\u0117","item":"https:\/\/skaitytaknyga.lt\/knygu-parduotuve\/"},{"@type":"ListItem","position":3,"name":"Kal\u0117dos. Pasaulio tradicijos ir \u0161ventiniai receptai"}]},{"@type":"WebSite","@id":"https:\/\/skaitytaknyga.lt\/#website","url":"https:\/\/skaitytaknyga.lt\/","name":"skaitytaknyga.lt","description":"Skaitytaknyga.lt \u2013 tai ma\u017eas \u0161eimos verslas, kuris prasid\u0117jo nuo meil\u0117s knygoms ir siekio i\u0161gelb\u0117ti knygas nuo likimo prie konteinerio. Kas vienam nereikalingas daiktas \u2013 kitam lobis, o mes esame tarpininkai, kurie padeda abiems tapti laimingesniems ???? \u017dinome kaip nelengva i\u0161gyventi ma\u017eiems verslams, tad nuo \u0161iol, \u010dia rasite ir kit\u0173, ma\u017e\u0173 \u0161eim\u0173 versl\u0173, rank\u0173 darbo, dovan\u0173 sau ir artimiesiems.","publisher":{"@id":"https:\/\/skaitytaknyga.lt\/#organization"},"potentialAction":[{"@type":"SearchAction","target":{"@type":"EntryPoint","urlTemplate":"https:\/\/skaitytaknyga.lt\/?s={search_term_string}"},"query-input":{"@type":"PropertyValueSpecification","valueRequired":true,"valueName":"search_term_string"}}],"inLanguage":"en-GB"},{"@type":"Organization","@id":"https:\/\/skaitytaknyga.lt\/#organization","name":"skaitytaknyga.lt","url":"https:\/\/skaitytaknyga.lt\/","logo":{"@type":"ImageObject","inLanguage":"en-GB","@id":"https:\/\/skaitytaknyga.lt\/#\/schema\/logo\/image\/","url":"https:\/\/skaitytaknyga.lt\/wp-content\/uploads\/2024\/05\/cropped-cropped-cropped-02_00843_jt3bggkj1j3HLc7SyY6rEUpg.jpeg","contentUrl":"https:\/\/skaitytaknyga.lt\/wp-content\/uploads\/2024\/05\/cropped-cropped-cropped-02_00843_jt3bggkj1j3HLc7SyY6rEUpg.jpeg","width":1600,"height":1600,"caption":"skaitytaknyga.lt"},"image":{"@id":"https:\/\/skaitytaknyga.lt\/#\/schema\/logo\/image\/"},"sameAs":["https:\/\/www.facebook.com\/skaitytaknyga\/"]}]}},"_links":{"self":[{"href":"https:\/\/skaitytaknyga.lt\/en\/wp-json\/wp\/v2\/product\/11077","targetHints":{"allow":["GET"]}}],"collection":[{"href":"https:\/\/skaitytaknyga.lt\/en\/wp-json\/wp\/v2\/product"}],"about":[{"href":"https:\/\/skaitytaknyga.lt\/en\/wp-json\/wp\/v2\/types\/product"}],"replies":[{"embeddable":true,"href":"https:\/\/skaitytaknyga.lt\/en\/wp-json\/wp\/v2\/comments?post=11077"}],"wp:featuredmedia":[{"embeddable":true,"href":"https:\/\/skaitytaknyga.lt\/en\/wp-json\/wp\/v2\/media\/11112"}],"wp:attachment":[{"href":"https:\/\/skaitytaknyga.lt\/en\/wp-json\/wp\/v2\/media?parent=11077"}],"wp:term":[{"taxonomy":"product_brand","embeddable":true,"href":"https:\/\/skaitytaknyga.lt\/en\/wp-json\/wp\/v2\/product_brand?post=11077"},{"taxonomy":"product_cat","embeddable":true,"href":"https:\/\/skaitytaknyga.lt\/en\/wp-json\/wp\/v2\/product_cat?post=11077"},{"taxonomy":"product_tag","embeddable":true,"href":"https:\/\/skaitytaknyga.lt\/en\/wp-json\/wp\/v2\/product_tag?post=11077"}],"curies":[{"name":"wp","href":"https:\/\/api.w.org\/{rel}","templated":true}]}}