{"id":11076,"date":"2024-05-04T19:27:21","date_gmt":"2024-05-04T19:27:21","guid":{"rendered":"https:\/\/skaitytaknyga.lt\/?post_type=product&#038;p=11076"},"modified":"2024-10-18T10:07:32","modified_gmt":"2024-10-18T07:07:32","slug":"bodo-schafer-uzdirbkite-daugiau","status":"publish","type":"product","link":"https:\/\/skaitytaknyga.lt\/en\/produktas\/bodo-schafer-uzdirbkite-daugiau\/","title":{"rendered":"Bodo Schafer \u201eU\u017edirbkite daugiau\u201c"},"content":{"rendered":"<p>Pirm\u0105 kart\u0105 vienoje knygoje jums pateikiamos ai\u0161kios taisykl\u0117s ir patikima strategija, kaip per itin trump\u0105 laik\u0105 gerokai kilstel\u0117ti savo pajamas \u2013 ir nesvarbu, ar esate samdomas darbuotojas, verslininkas, ar laisvai samdomas darbuotojas.<\/p>\n<p>Bestseleri\u0173 autorius atskleis jums, kod\u0117l neturite laukti, kol jums pakels atlyginim\u0105, o jau dabar aktyviai imtis didinti u\u017edarb\u012f. Knygoje su\u017einosite:<\/p>\n<ul>\n<li>\u00a0\u00a0\u00a0 kaip per trejus metus padvigubinti pajamas;<\/li>\n<\/ul>\n<ul>\n<li>\u00a0\u00a0\u00a0 dvylika nauj\u0173 informacinio am\u017eiaus s\u0117km\u0117s taisykli\u0173;<\/li>\n<\/ul>\n<ul>\n<li>\u00a0\u00a0\u00a0 kaip derantis su \u0161efu i\u0161sikovoti kuo didesn\u012f atlyginim\u0105;<\/li>\n<\/ul>\n<ul>\n<li>\u00a0\u00a0\u00a0 kaip dirbant savaranki\u0161kai rasti klient\u0173, kurie gerokai papildyt\u0173 j\u016bs\u0173 s\u0105skait\u0105;<\/li>\n<\/ul>\n<ul>\n<li>\u00a0\u00a0\u00a0 kaip pasiekti, kad darbo vieta jums b\u016bt\u0173 garantuota.<\/li>\n<\/ul>\n<ul class=\"about-product d-none d-xl-block mt-4\">\n<li><strong>Originalus pavadinimas:<\/strong>\u00a0Endlich mehr verdienen<\/li>\n<li><strong>Leid\u0117jas:<\/strong>\u00a0Alma littera<\/li>\n<li><strong>Metai:<\/strong>\u00a02007<\/li>\n<li><strong>Puslapiai:<\/strong>\u00a0302<\/li>\n<li class=\"toggleable type-new-formats \"><strong>ISBN:<\/strong>\u00a09789955247661<\/li>\n<li class=\"toggleable type-new-formats \"><strong>Formatas:<\/strong>\u00a014 x 21 cm, mink\u0161ti vir\u0161eliai<\/li>\n<li><strong>Kalba:<\/strong>\u00a0Lietuvi\u0173<\/li>\n<li><strong>Vert\u0117jas:<\/strong>\u00a0Virginija Masiulionien\u0117<\/li>\n<\/ul>\n","protected":false},"excerpt":{"rendered":"<p>Pirm\u0105 kart\u0105 vienoje knygoje jums pateikiamos ai\u0161kios taisykl\u0117s ir patikima strategija, kaip per itin trump\u0105 laik\u0105 gerokai kilstel\u0117ti savo pajamas \u2013 ir nesvarbu, ar esate samdomas darbuotojas, verslininkas, ar laisvai samdomas darbuotojas. Bestseleri\u0173 autorius atskleis jums, kod\u0117l neturite laukti, kol jums pakels atlyginim\u0105, o jau dabar aktyviai imtis didinti u\u017edarb\u012f. Knygoje su\u017einosite: \u00a0\u00a0\u00a0 kaip per trejus metus padvigubinti pajamas; \u00a0\u00a0\u00a0 dvylika nauj\u0173 informacinio am\u017eiaus s\u0117km\u0117s taisykli\u0173; \u00a0\u00a0\u00a0 kaip derantis su \u0161efu i\u0161sikovoti kuo didesn\u012f atlyginim\u0105; \u00a0\u00a0\u00a0 kaip dirbant savaranki\u0161kai rasti klient\u0173, kurie gerokai papildyt\u0173 j\u016bs\u0173 s\u0105skait\u0105; \u00a0\u00a0\u00a0 kaip pasiekti, kad darbo vieta jums b\u016bt\u0173 garantuota. Originalus pavadinimas:\u00a0Endlich mehr verdienen Leid\u0117jas:\u00a0Alma littera Metai:\u00a02007 Puslapiai:\u00a0302 ISBN:\u00a09789955247661 Formatas:\u00a014 x 21 cm, mink\u0161ti vir\u0161eliai Kalba:\u00a0Lietuvi\u0173 Vert\u0117jas:\u00a0Virginija Masiulionien\u0117<\/p>\n","protected":false},"featured_media":11111,"comment_status":"closed","ping_status":"closed","template":"","meta":{"_acf_changed":false,"site-sidebar-layout":"default","site-content-layout":"","ast-site-content-layout":"default","site-content-style":"default","site-sidebar-style":"default","ast-global-header-display":"","ast-banner-title-visibility":"","ast-main-header-display":"","ast-hfb-above-header-display":"","ast-hfb-below-header-display":"","ast-hfb-mobile-header-display":"","site-post-title":"","ast-breadcrumbs-content":"","ast-featured-img":"","footer-sml-layout":"","ast-disable-related-posts":"","theme-transparent-header-meta":"default","adv-header-id-meta":"","stick-header-meta":"","header-above-stick-meta":"","header-main-stick-meta":"","header-below-stick-meta":"","astra-migrate-meta-layouts":"set","ast-page-background-enabled":"default","ast-page-background-meta":{"desktop":{"background-color":"","background-image":"","background-repeat":"repeat","background-position":"center center","background-size":"auto","background-attachment":"scroll","background-type":"","background-media":"","overlay-type":"","overlay-color":"","overlay-opacity":"","overlay-gradient":""},"tablet":{"background-color":"","background-image":"","background-repeat":"repeat","background-position":"center center","background-size":"auto","background-attachment":"scroll","background-type":"","background-media":"","overlay-type":"","overlay-color":"","overlay-opacity":"","overlay-gradient":""},"mobile":{"background-color":"","background-image":"","background-repeat":"repeat","background-position":"center center","background-size":"auto","background-attachment":"scroll","background-type":"","background-media":"","overlay-type":"","overlay-color":"","overlay-opacity":"","overlay-gradient":""}},"ast-content-background-meta":{"desktop":{"background-color":"var(--ast-global-color-4)","background-image":"","background-repeat":"repeat","background-position":"center center","background-size":"auto","background-attachment":"scroll","background-type":"","background-media":"","overlay-type":"","overlay-color":"","overlay-opacity":"","overlay-gradient":""},"tablet":{"background-color":"var(--ast-global-color-4)","background-image":"","background-repeat":"repeat","background-position":"center center","background-size":"auto","background-attachment":"scroll","background-type":"","background-media":"","overlay-type":"","overlay-color":"","overlay-opacity":"","overlay-gradient":""},"mobile":{"background-color":"var(--ast-global-color-4)","background-image":"","background-repeat":"repeat","background-position":"center center","background-size":"auto","background-attachment":"scroll","background-type":"","background-media":"","overlay-type":"","overlay-color":"","overlay-opacity":"","overlay-gradient":""}}},"product_brand":[],"product_cat":[26],"product_tag":[],"class_list":{"0":"post-11076","1":"product","2":"type-product","3":"status-publish","4":"has-post-thumbnail","6":"product_cat-verslas-vadyba-ir-finansai","7":"desktop-align-left","8":"tablet-align-left","9":"mobile-align-left","11":"first","12":"instock","13":"shipping-taxable","14":"purchasable","15":"product-type-simple"},"acf":[],"yoast_head":"<!-- This site is optimized with the Yoast SEO plugin v27.0 - https:\/\/yoast.com\/product\/yoast-seo-wordpress\/ -->\n<title>Bodo Schafer \u201eU\u017edirbkite daugiau\u201c<\/title>\n<meta name=\"description\" content=\"Pirm\u0105 kart\u0105 vienoje knygoje jums pateikiamos ai\u0161kios taisykl\u0117s ir patikima strategija, kaip per itin trump\u0105 laik\u0105 gerokai kilstel\u0117ti savo pajamas \u2013 ir\" \/>\n<meta name=\"robots\" content=\"index, follow, max-snippet:-1, max-image-preview:large, max-video-preview:-1\" \/>\n<link rel=\"canonical\" href=\"https:\/\/skaitytaknyga.lt\/en\/produktas\/bodo-schafer-uzdirbkite-daugiau\/\" \/>\n<meta property=\"og:locale\" content=\"en_GB\" \/>\n<meta property=\"og:locale:alternate\" content=\"lt_LT\" \/>\n<meta property=\"og:type\" content=\"article\" \/>\n<meta property=\"og:title\" content=\"Bodo Schafer \u201eU\u017edirbkite daugiau\u201c\" \/>\n<meta property=\"og:description\" content=\"Pirm\u0105 kart\u0105 vienoje knygoje jums pateikiamos ai\u0161kios taisykl\u0117s ir patikima strategija, kaip per itin trump\u0105 laik\u0105 gerokai kilstel\u0117ti savo pajamas \u2013 ir\" \/>\n<meta property=\"og:url\" content=\"https:\/\/skaitytaknyga.lt\/en\/produktas\/bodo-schafer-uzdirbkite-daugiau\/\" \/>\n<meta property=\"og:site_name\" content=\"Skaitytaknyga\" \/>\n<meta property=\"article:publisher\" content=\"https:\/\/www.facebook.com\/skaitytaknyga\/\" \/>\n<meta property=\"article:modified_time\" content=\"2024-10-18T07:07:32+00:00\" \/>\n<meta property=\"og:image\" content=\"https:\/\/skaitytaknyga.lt\/wp-content\/uploads\/2024\/05\/schaefer-bodo-uzdirbkite-daugiau-e1685040314883.jpg\" \/>\n\t<meta property=\"og:image:width\" content=\"253\" \/>\n\t<meta property=\"og:image:height\" content=\"403\" \/>\n\t<meta property=\"og:image:type\" content=\"image\/jpeg\" \/>\n<meta name=\"twitter:card\" content=\"summary_large_image\" \/>\n<meta name=\"twitter:label1\" content=\"Estimated reading time\" \/>\n\t<meta name=\"twitter:data1\" content=\"1 minute\" \/>\n<script type=\"application\/ld+json\" class=\"yoast-schema-graph\">{\"@context\":\"https:\/\/schema.org\",\"@graph\":[{\"@type\":\"WebPage\",\"@id\":\"https:\/\/skaitytaknyga.lt\/produktas\/bodo-schafer-uzdirbkite-daugiau\/\",\"url\":\"https:\/\/skaitytaknyga.lt\/produktas\/bodo-schafer-uzdirbkite-daugiau\/\",\"name\":\"Bodo Schafer \u201eU\u017edirbkite daugiau\u201c\",\"isPartOf\":{\"@id\":\"https:\/\/skaitytaknyga.lt\/#website\"},\"primaryImageOfPage\":{\"@id\":\"https:\/\/skaitytaknyga.lt\/produktas\/bodo-schafer-uzdirbkite-daugiau\/#primaryimage\"},\"image\":{\"@id\":\"https:\/\/skaitytaknyga.lt\/produktas\/bodo-schafer-uzdirbkite-daugiau\/#primaryimage\"},\"thumbnailUrl\":\"https:\/\/skaitytaknyga.lt\/wp-content\/uploads\/2024\/05\/schaefer-bodo-uzdirbkite-daugiau-e1685040314883.jpg\",\"datePublished\":\"2024-05-04T19:27:21+00:00\",\"dateModified\":\"2024-10-18T07:07:32+00:00\",\"description\":\"Pirm\u0105 kart\u0105 vienoje knygoje jums pateikiamos ai\u0161kios taisykl\u0117s ir patikima strategija, kaip per itin trump\u0105 laik\u0105 gerokai kilstel\u0117ti savo pajamas \u2013 ir\",\"breadcrumb\":{\"@id\":\"https:\/\/skaitytaknyga.lt\/produktas\/bodo-schafer-uzdirbkite-daugiau\/#breadcrumb\"},\"inLanguage\":\"en-GB\",\"potentialAction\":[{\"@type\":\"ReadAction\",\"target\":[\"https:\/\/skaitytaknyga.lt\/produktas\/bodo-schafer-uzdirbkite-daugiau\/\"]}]},{\"@type\":\"ImageObject\",\"inLanguage\":\"en-GB\",\"@id\":\"https:\/\/skaitytaknyga.lt\/produktas\/bodo-schafer-uzdirbkite-daugiau\/#primaryimage\",\"url\":\"https:\/\/skaitytaknyga.lt\/wp-content\/uploads\/2024\/05\/schaefer-bodo-uzdirbkite-daugiau-e1685040314883.jpg\",\"contentUrl\":\"https:\/\/skaitytaknyga.lt\/wp-content\/uploads\/2024\/05\/schaefer-bodo-uzdirbkite-daugiau-e1685040314883.jpg\",\"width\":253,\"height\":403,\"caption\":\"Bodo Schafer \u201eU\u017edirbkite daugiau\u201c\"},{\"@type\":\"BreadcrumbList\",\"@id\":\"https:\/\/skaitytaknyga.lt\/produktas\/bodo-schafer-uzdirbkite-daugiau\/#breadcrumb\",\"itemListElement\":[{\"@type\":\"ListItem\",\"position\":1,\"name\":\"Home\",\"item\":\"https:\/\/skaitytaknyga.lt\/\"},{\"@type\":\"ListItem\",\"position\":2,\"name\":\"Parduotuv\u0117\",\"item\":\"https:\/\/skaitytaknyga.lt\/knygu-parduotuve\/\"},{\"@type\":\"ListItem\",\"position\":3,\"name\":\"Bodo Schafer \u201eU\u017edirbkite daugiau\u201c\"}]},{\"@type\":\"WebSite\",\"@id\":\"https:\/\/skaitytaknyga.lt\/#website\",\"url\":\"https:\/\/skaitytaknyga.lt\/\",\"name\":\"skaitytaknyga.lt\",\"description\":\"Skaitytaknyga.lt \u2013 tai ma\u017eas \u0161eimos verslas, kuris prasid\u0117jo nuo meil\u0117s knygoms ir siekio i\u0161gelb\u0117ti knygas nuo likimo prie konteinerio. Kas vienam nereikalingas daiktas \u2013 kitam lobis, o mes esame tarpininkai, kurie padeda abiems tapti laimingesniems ???? \u017dinome kaip nelengva i\u0161gyventi ma\u017eiems verslams, tad nuo \u0161iol, \u010dia rasite ir kit\u0173, ma\u017e\u0173 \u0161eim\u0173 versl\u0173, rank\u0173 darbo, dovan\u0173 sau ir artimiesiems.\",\"publisher\":{\"@id\":\"https:\/\/skaitytaknyga.lt\/#organization\"},\"potentialAction\":[{\"@type\":\"SearchAction\",\"target\":{\"@type\":\"EntryPoint\",\"urlTemplate\":\"https:\/\/skaitytaknyga.lt\/?s={search_term_string}\"},\"query-input\":{\"@type\":\"PropertyValueSpecification\",\"valueRequired\":true,\"valueName\":\"search_term_string\"}}],\"inLanguage\":\"en-GB\"},{\"@type\":\"Organization\",\"@id\":\"https:\/\/skaitytaknyga.lt\/#organization\",\"name\":\"skaitytaknyga.lt\",\"url\":\"https:\/\/skaitytaknyga.lt\/\",\"logo\":{\"@type\":\"ImageObject\",\"inLanguage\":\"en-GB\",\"@id\":\"https:\/\/skaitytaknyga.lt\/#\/schema\/logo\/image\/\",\"url\":\"https:\/\/skaitytaknyga.lt\/wp-content\/uploads\/2024\/05\/cropped-cropped-cropped-02_00843_jt3bggkj1j3HLc7SyY6rEUpg.jpeg\",\"contentUrl\":\"https:\/\/skaitytaknyga.lt\/wp-content\/uploads\/2024\/05\/cropped-cropped-cropped-02_00843_jt3bggkj1j3HLc7SyY6rEUpg.jpeg\",\"width\":1600,\"height\":1600,\"caption\":\"skaitytaknyga.lt\"},\"image\":{\"@id\":\"https:\/\/skaitytaknyga.lt\/#\/schema\/logo\/image\/\"},\"sameAs\":[\"https:\/\/www.facebook.com\/skaitytaknyga\/\"]}]}<\/script>\n<!-- \/ Yoast SEO plugin. -->","yoast_head_json":{"title":"Bodo Schafer \u201eU\u017edirbkite daugiau\u201c","description":"Pirm\u0105 kart\u0105 vienoje knygoje jums pateikiamos ai\u0161kios taisykl\u0117s ir patikima strategija, kaip per itin trump\u0105 laik\u0105 gerokai kilstel\u0117ti savo pajamas \u2013 ir","robots":{"index":"index","follow":"follow","max-snippet":"max-snippet:-1","max-image-preview":"max-image-preview:large","max-video-preview":"max-video-preview:-1"},"canonical":"https:\/\/skaitytaknyga.lt\/en\/produktas\/bodo-schafer-uzdirbkite-daugiau\/","og_locale":"en_GB","og_type":"article","og_title":"[:lt]Bodo Schafer \u201eU\u017edirbkite daugiau\u201c[:] - Skaitytaknyga","og_description":"Pirm\u0105 kart\u0105 vienoje knygoje jums pateikiamos ai\u0161kios taisykl\u0117s ir patikima strategija, kaip per itin trump\u0105 laik\u0105 gerokai kilstel\u0117ti savo pajamas \u2013 ir","og_url":"https:\/\/skaitytaknyga.lt\/en\/produktas\/bodo-schafer-uzdirbkite-daugiau\/","og_site_name":"Skaitytaknyga","article_publisher":"https:\/\/www.facebook.com\/skaitytaknyga\/","article_modified_time":"2024-10-18T07:07:32+00:00","og_image":[{"width":253,"height":403,"url":"https:\/\/skaitytaknyga.lt\/wp-content\/uploads\/2024\/05\/schaefer-bodo-uzdirbkite-daugiau-e1685040314883.jpg","type":"image\/jpeg"}],"twitter_card":"summary_large_image","twitter_misc":{"Estimated reading time":"1 minute"},"schema":{"@context":"https:\/\/schema.org","@graph":[{"@type":"WebPage","@id":"https:\/\/skaitytaknyga.lt\/produktas\/bodo-schafer-uzdirbkite-daugiau\/","url":"https:\/\/skaitytaknyga.lt\/produktas\/bodo-schafer-uzdirbkite-daugiau\/","name":"Bodo Schafer \u201eU\u017edirbkite daugiau\u201c","isPartOf":{"@id":"https:\/\/skaitytaknyga.lt\/#website"},"primaryImageOfPage":{"@id":"https:\/\/skaitytaknyga.lt\/produktas\/bodo-schafer-uzdirbkite-daugiau\/#primaryimage"},"image":{"@id":"https:\/\/skaitytaknyga.lt\/produktas\/bodo-schafer-uzdirbkite-daugiau\/#primaryimage"},"thumbnailUrl":"https:\/\/skaitytaknyga.lt\/wp-content\/uploads\/2024\/05\/schaefer-bodo-uzdirbkite-daugiau-e1685040314883.jpg","datePublished":"2024-05-04T19:27:21+00:00","dateModified":"2024-10-18T07:07:32+00:00","description":"Pirm\u0105 kart\u0105 vienoje knygoje jums pateikiamos ai\u0161kios taisykl\u0117s ir patikima strategija, kaip per itin trump\u0105 laik\u0105 gerokai kilstel\u0117ti savo pajamas \u2013 ir","breadcrumb":{"@id":"https:\/\/skaitytaknyga.lt\/produktas\/bodo-schafer-uzdirbkite-daugiau\/#breadcrumb"},"inLanguage":"en-GB","potentialAction":[{"@type":"ReadAction","target":["https:\/\/skaitytaknyga.lt\/produktas\/bodo-schafer-uzdirbkite-daugiau\/"]}]},{"@type":"ImageObject","inLanguage":"en-GB","@id":"https:\/\/skaitytaknyga.lt\/produktas\/bodo-schafer-uzdirbkite-daugiau\/#primaryimage","url":"https:\/\/skaitytaknyga.lt\/wp-content\/uploads\/2024\/05\/schaefer-bodo-uzdirbkite-daugiau-e1685040314883.jpg","contentUrl":"https:\/\/skaitytaknyga.lt\/wp-content\/uploads\/2024\/05\/schaefer-bodo-uzdirbkite-daugiau-e1685040314883.jpg","width":253,"height":403,"caption":"Bodo Schafer \u201eU\u017edirbkite daugiau\u201c"},{"@type":"BreadcrumbList","@id":"https:\/\/skaitytaknyga.lt\/produktas\/bodo-schafer-uzdirbkite-daugiau\/#breadcrumb","itemListElement":[{"@type":"ListItem","position":1,"name":"Home","item":"https:\/\/skaitytaknyga.lt\/"},{"@type":"ListItem","position":2,"name":"Parduotuv\u0117","item":"https:\/\/skaitytaknyga.lt\/knygu-parduotuve\/"},{"@type":"ListItem","position":3,"name":"Bodo Schafer \u201eU\u017edirbkite daugiau\u201c"}]},{"@type":"WebSite","@id":"https:\/\/skaitytaknyga.lt\/#website","url":"https:\/\/skaitytaknyga.lt\/","name":"skaitytaknyga.lt","description":"Skaitytaknyga.lt \u2013 tai ma\u017eas \u0161eimos verslas, kuris prasid\u0117jo nuo meil\u0117s knygoms ir siekio i\u0161gelb\u0117ti knygas nuo likimo prie konteinerio. Kas vienam nereikalingas daiktas \u2013 kitam lobis, o mes esame tarpininkai, kurie padeda abiems tapti laimingesniems ???? \u017dinome kaip nelengva i\u0161gyventi ma\u017eiems verslams, tad nuo \u0161iol, \u010dia rasite ir kit\u0173, ma\u017e\u0173 \u0161eim\u0173 versl\u0173, rank\u0173 darbo, dovan\u0173 sau ir artimiesiems.","publisher":{"@id":"https:\/\/skaitytaknyga.lt\/#organization"},"potentialAction":[{"@type":"SearchAction","target":{"@type":"EntryPoint","urlTemplate":"https:\/\/skaitytaknyga.lt\/?s={search_term_string}"},"query-input":{"@type":"PropertyValueSpecification","valueRequired":true,"valueName":"search_term_string"}}],"inLanguage":"en-GB"},{"@type":"Organization","@id":"https:\/\/skaitytaknyga.lt\/#organization","name":"skaitytaknyga.lt","url":"https:\/\/skaitytaknyga.lt\/","logo":{"@type":"ImageObject","inLanguage":"en-GB","@id":"https:\/\/skaitytaknyga.lt\/#\/schema\/logo\/image\/","url":"https:\/\/skaitytaknyga.lt\/wp-content\/uploads\/2024\/05\/cropped-cropped-cropped-02_00843_jt3bggkj1j3HLc7SyY6rEUpg.jpeg","contentUrl":"https:\/\/skaitytaknyga.lt\/wp-content\/uploads\/2024\/05\/cropped-cropped-cropped-02_00843_jt3bggkj1j3HLc7SyY6rEUpg.jpeg","width":1600,"height":1600,"caption":"skaitytaknyga.lt"},"image":{"@id":"https:\/\/skaitytaknyga.lt\/#\/schema\/logo\/image\/"},"sameAs":["https:\/\/www.facebook.com\/skaitytaknyga\/"]}]}},"_links":{"self":[{"href":"https:\/\/skaitytaknyga.lt\/en\/wp-json\/wp\/v2\/product\/11076","targetHints":{"allow":["GET"]}}],"collection":[{"href":"https:\/\/skaitytaknyga.lt\/en\/wp-json\/wp\/v2\/product"}],"about":[{"href":"https:\/\/skaitytaknyga.lt\/en\/wp-json\/wp\/v2\/types\/product"}],"replies":[{"embeddable":true,"href":"https:\/\/skaitytaknyga.lt\/en\/wp-json\/wp\/v2\/comments?post=11076"}],"wp:featuredmedia":[{"embeddable":true,"href":"https:\/\/skaitytaknyga.lt\/en\/wp-json\/wp\/v2\/media\/11111"}],"wp:attachment":[{"href":"https:\/\/skaitytaknyga.lt\/en\/wp-json\/wp\/v2\/media?parent=11076"}],"wp:term":[{"taxonomy":"product_brand","embeddable":true,"href":"https:\/\/skaitytaknyga.lt\/en\/wp-json\/wp\/v2\/product_brand?post=11076"},{"taxonomy":"product_cat","embeddable":true,"href":"https:\/\/skaitytaknyga.lt\/en\/wp-json\/wp\/v2\/product_cat?post=11076"},{"taxonomy":"product_tag","embeddable":true,"href":"https:\/\/skaitytaknyga.lt\/en\/wp-json\/wp\/v2\/product_tag?post=11076"}],"curies":[{"name":"wp","href":"https:\/\/api.w.org\/{rel}","templated":true}]}}