{"id":11075,"date":"2024-05-04T19:27:21","date_gmt":"2024-05-04T19:27:21","guid":{"rendered":"https:\/\/skaitytaknyga.lt\/?post_type=product&#038;p=11075"},"modified":"2026-02-26T18:36:12","modified_gmt":"2026-02-26T16:36:12","slug":"michael-ondaatje-anglas-ligonis-pageltes-virsus-nedidelis-virselio-defektas","status":"publish","type":"product","link":"https:\/\/skaitytaknyga.lt\/en\/produktas\/michael-ondaatje-anglas-ligonis-pageltes-virsus-nedidelis-virselio-defektas\/","title":{"rendered":"Michael Ondaatje \u201eAnglas ligonis\u201c (pagelt\u0119s vir\u0161us, nedidelis vir\u0161elio defektas)"},"content":{"rendered":"<p>\u201eAnglas ligonis\u201c \u2013 kupinas poetinio \u012fkv\u0117pimo k\u016brinys, alsuojantis meile gyvenimui, \u017emoni\u0173 jausmams, baugiai puosel\u0117jamiems ir saugomiems \u0161irdies gilumoje ir tik svaigulio (savaiminio ar morfijui veikiant) akimirkomis i\u0161siver\u017eiantiems \u012f pavir\u0161i\u0173.<\/p>\n<p>\u0160iaur\u0117s Italijos kalvose, netoli Toskanos, karo ligonine paverstoje viduram\u017ei\u0173 viloje, jauna gailestingoji sesel\u0117 Hana slaugo vienintel\u012f ligon\u012f \u2013 angl\u0173 lak\u016bn\u0105, baisiai apdegus\u012f, jo l\u0117ktuvui nukritus Sacharoje. Anglas ligonis \u2013 pats m\u012fslingiausias romano persona\u017eas \u2013 apduj\u0119s nuo morfijaus, kamuojamas dykumos ilgesio, tolyd\u017eio klejojantis apie pragari\u0161k\u0105 aistr\u0105 moteriai, sutiktai Kaire karo i\u0161vakar\u0117se. Kas jis i\u0161 tikr\u0173j\u0173? Mokslininkas? Nuotyki\u0173 ie\u0161kotojas? Vokie\u010di\u0173 \u0161nipas?<\/p>\n","protected":false},"excerpt":{"rendered":"<p>\u201eAnglas ligonis\u201c \u2013 kupinas poetinio \u012fkv\u0117pimo k\u016brinys, alsuojantis meile gyvenimui, \u017emoni\u0173 jausmams, baugiai puosel\u0117jamiems ir saugomiems \u0161irdies gilumoje ir tik svaigulio (savaiminio ar morfijui veikiant) akimirkomis i\u0161siver\u017eiantiems \u012f pavir\u0161i\u0173.<\/p>\n<p>\u0160iaur\u0117s Italijos kalvose, netoli Toskanos, karo ligonine paverstoje viduram\u017ei\u0173 viloje, jauna gailestingoji sesel\u0117 Hana slaugo vienintel\u012f ligon\u012f \u2013 angl\u0173 lak\u016bn\u0105, baisiai apdegus\u012f, jo l\u0117ktuvui nukritus Sacharoje. Anglas ligonis \u2013 pats m\u012fslingiausias romano persona\u017eas \u2013 apduj\u0119s nuo morfijaus, kamuojamas dykumos ilgesio, tolyd\u017eio klejojantis apie pragari\u0161k\u0105 aistr\u0105 moteriai, sutiktai Kaire karo i\u0161vakar\u0117se. Kas jis i\u0161 tikr\u0173j\u0173? Mokslininkas? Nuotyki\u0173 ie\u0161kotojas? Vokie\u010di\u0173 \u0161nipas?<\/p>\n","protected":false},"featured_media":23196,"comment_status":"closed","ping_status":"closed","template":"","meta":{"_acf_changed":false,"site-sidebar-layout":"default","site-content-layout":"","ast-site-content-layout":"default","site-content-style":"default","site-sidebar-style":"default","ast-global-header-display":"","ast-banner-title-visibility":"","ast-main-header-display":"","ast-hfb-above-header-display":"","ast-hfb-below-header-display":"","ast-hfb-mobile-header-display":"","site-post-title":"","ast-breadcrumbs-content":"","ast-featured-img":"","footer-sml-layout":"","ast-disable-related-posts":"","theme-transparent-header-meta":"default","adv-header-id-meta":"","stick-header-meta":"","header-above-stick-meta":"","header-main-stick-meta":"","header-below-stick-meta":"","astra-migrate-meta-layouts":"set","ast-page-background-enabled":"default","ast-page-background-meta":{"desktop":{"background-color":"","background-image":"","background-repeat":"repeat","background-position":"center center","background-size":"auto","background-attachment":"scroll","background-type":"","background-media":"","overlay-type":"","overlay-color":"","overlay-opacity":"","overlay-gradient":""},"tablet":{"background-color":"","background-image":"","background-repeat":"repeat","background-position":"center center","background-size":"auto","background-attachment":"scroll","background-type":"","background-media":"","overlay-type":"","overlay-color":"","overlay-opacity":"","overlay-gradient":""},"mobile":{"background-color":"","background-image":"","background-repeat":"repeat","background-position":"center center","background-size":"auto","background-attachment":"scroll","background-type":"","background-media":"","overlay-type":"","overlay-color":"","overlay-opacity":"","overlay-gradient":""}},"ast-content-background-meta":{"desktop":{"background-color":"var(--ast-global-color-4)","background-image":"","background-repeat":"repeat","background-position":"center center","background-size":"auto","background-attachment":"scroll","background-type":"","background-media":"","overlay-type":"","overlay-color":"","overlay-opacity":"","overlay-gradient":""},"tablet":{"background-color":"var(--ast-global-color-4)","background-image":"","background-repeat":"repeat","background-position":"center center","background-size":"auto","background-attachment":"scroll","background-type":"","background-media":"","overlay-type":"","overlay-color":"","overlay-opacity":"","overlay-gradient":""},"mobile":{"background-color":"var(--ast-global-color-4)","background-image":"","background-repeat":"repeat","background-position":"center center","background-size":"auto","background-attachment":"scroll","background-type":"","background-media":"","overlay-type":"","overlay-color":"","overlay-opacity":"","overlay-gradient":""}}},"product_brand":[],"product_cat":[31],"product_tag":[],"class_list":{"0":"post-11075","1":"product","2":"type-product","3":"status-publish","4":"has-post-thumbnail","6":"product_cat-grozine-literatura","7":"desktop-align-left","8":"tablet-align-left","9":"mobile-align-left","11":"first","12":"instock","13":"shipping-taxable","14":"purchasable","15":"product-type-simple"},"acf":[],"yoast_head":"<!-- This site is optimized with the Yoast SEO plugin v27.0 - https:\/\/yoast.com\/product\/yoast-seo-wordpress\/ -->\n<title>Michael Ondaatje \u201eAnglas ligonis\u201c (pagelt\u0119s vir\u0161us, nedidelis vir\u0161elio defektas)<\/title>\n<meta name=\"description\" content=\"\u201eAnglas ligonis\u201c \u2013 kupinas poetinio \u012fkv\u0117pimo k\u016brinys, alsuojantis meile gyvenimui, \u017emoni\u0173 jausmams, baugiai puosel\u0117jamiems ir saugomiems \u0161irdies gilumoje ir tik svaigulio (savaiminio ar morfijui veikiant) akimirkomis i\u0161siver\u017eiantiems \u012f pavir\u0161i\u0173.  \u0160iaur\u0117s Italijos kalvose, netoli Toskanos, karo ligonine paverstoje viduram\u017ei\u0173 viloje, jauna gailestingoji sesel\u0117 Hana slaugo vienintel\u012f ligon\u012f \u2013 angl\u0173 lak\u016bn\u0105, baisiai apdegus\u012f, jo l\u0117ktuvui nukritus Sacharoje. Anglas ligonis \u2013 pats m\u012fslingiausias romano persona\u017eas \u2013 apduj\u0119s nuo morfijaus, kamuojamas dykumos ilgesio, tolyd\u017eio klejojantis apie pragari\u0161k\u0105 aistr\u0105 moteriai, sutiktai Kaire karo i\u0161vakar\u0117se. Kas jis i\u0161 tikr\u0173j\u0173? Mokslininkas? Nuotyki\u0173 ie\u0161kotojas? Vokie\u010di\u0173 \u0161nipas?\" \/>\n<meta name=\"robots\" content=\"index, follow, max-snippet:-1, max-image-preview:large, max-video-preview:-1\" \/>\n<link rel=\"canonical\" href=\"https:\/\/skaitytaknyga.lt\/en\/produktas\/michael-ondaatje-anglas-ligonis-pageltes-virsus-nedidelis-virselio-defektas\/\" \/>\n<meta property=\"og:locale\" content=\"en_GB\" \/>\n<meta property=\"og:locale:alternate\" content=\"lt_LT\" \/>\n<meta property=\"og:type\" content=\"article\" \/>\n<meta property=\"og:title\" content=\"Michael Ondaatje \u201eAnglas ligonis\u201c (pagelt\u0119s vir\u0161us, nedidelis vir\u0161elio defektas)\" \/>\n<meta property=\"og:description\" content=\"\u201eAnglas ligonis\u201c \u2013 kupinas poetinio \u012fkv\u0117pimo k\u016brinys, alsuojantis meile gyvenimui, \u017emoni\u0173 jausmams, baugiai puosel\u0117jamiems ir saugomiems \u0161irdies gilumoje ir tik svaigulio (savaiminio ar morfijui veikiant) akimirkomis i\u0161siver\u017eiantiems \u012f pavir\u0161i\u0173.  \u0160iaur\u0117s Italijos kalvose, netoli Toskanos, karo ligonine paverstoje viduram\u017ei\u0173 viloje, jauna gailestingoji sesel\u0117 Hana slaugo vienintel\u012f ligon\u012f \u2013 angl\u0173 lak\u016bn\u0105, baisiai apdegus\u012f, jo l\u0117ktuvui nukritus Sacharoje. Anglas ligonis \u2013 pats m\u012fslingiausias romano persona\u017eas \u2013 apduj\u0119s nuo morfijaus, kamuojamas dykumos ilgesio, tolyd\u017eio klejojantis apie pragari\u0161k\u0105 aistr\u0105 moteriai, sutiktai Kaire karo i\u0161vakar\u0117se. Kas jis i\u0161 tikr\u0173j\u0173? Mokslininkas? Nuotyki\u0173 ie\u0161kotojas? Vokie\u010di\u0173 \u0161nipas?\" \/>\n<meta property=\"og:url\" content=\"https:\/\/skaitytaknyga.lt\/en\/produktas\/michael-ondaatje-anglas-ligonis-pageltes-virsus-nedidelis-virselio-defektas\/\" \/>\n<meta property=\"og:site_name\" content=\"Skaitytaknyga\" \/>\n<meta property=\"article:publisher\" content=\"https:\/\/www.facebook.com\/skaitytaknyga\/\" \/>\n<meta property=\"article:modified_time\" content=\"2026-02-26T16:36:12+00:00\" \/>\n<meta property=\"og:image\" content=\"https:\/\/skaitytaknyga.lt\/wp-content\/uploads\/2024\/07\/skaitytaknyga.png\" \/>\n\t<meta property=\"og:image:width\" content=\"747\" \/>\n\t<meta property=\"og:image:height\" content=\"496\" \/>\n\t<meta property=\"og:image:type\" content=\"image\/png\" \/>\n<meta name=\"twitter:card\" content=\"summary_large_image\" \/>\n<meta name=\"twitter:label1\" content=\"Estimated reading time\" \/>\n\t<meta name=\"twitter:data1\" content=\"1 minute\" \/>\n<script type=\"application\/ld+json\" class=\"yoast-schema-graph\">{\"@context\":\"https:\/\/schema.org\",\"@graph\":[{\"@type\":\"WebPage\",\"@id\":\"https:\/\/skaitytaknyga.lt\/produktas\/michael-ondaatje-anglas-ligonis-pageltes-virsus-nedidelis-virselio-defektas\/\",\"url\":\"https:\/\/skaitytaknyga.lt\/produktas\/michael-ondaatje-anglas-ligonis-pageltes-virsus-nedidelis-virselio-defektas\/\",\"name\":\"Michael Ondaatje \u201eAnglas ligonis\u201c (pagelt\u0119s vir\u0161us, nedidelis vir\u0161elio defektas)\",\"isPartOf\":{\"@id\":\"https:\/\/skaitytaknyga.lt\/#website\"},\"primaryImageOfPage\":{\"@id\":\"https:\/\/skaitytaknyga.lt\/produktas\/michael-ondaatje-anglas-ligonis-pageltes-virsus-nedidelis-virselio-defektas\/#primaryimage\"},\"image\":{\"@id\":\"https:\/\/skaitytaknyga.lt\/produktas\/michael-ondaatje-anglas-ligonis-pageltes-virsus-nedidelis-virselio-defektas\/#primaryimage\"},\"thumbnailUrl\":\"https:\/\/skaitytaknyga.lt\/wp-content\/uploads\/2024\/05\/Anglas-ligonis-1.webp\",\"datePublished\":\"2024-05-04T19:27:21+00:00\",\"dateModified\":\"2026-02-26T16:36:12+00:00\",\"description\":\"\u201eAnglas ligonis\u201c \u2013 kupinas poetinio \u012fkv\u0117pimo k\u016brinys, alsuojantis meile gyvenimui, \u017emoni\u0173 jausmams, baugiai puosel\u0117jamiems ir saugomiems \u0161irdies gilumoje ir tik svaigulio (savaiminio ar morfijui veikiant) akimirkomis i\u0161siver\u017eiantiems \u012f pavir\u0161i\u0173. \u0160iaur\u0117s Italijos kalvose, netoli Toskanos, karo ligonine paverstoje viduram\u017ei\u0173 viloje, jauna gailestingoji sesel\u0117 Hana slaugo vienintel\u012f ligon\u012f \u2013 angl\u0173 lak\u016bn\u0105, baisiai apdegus\u012f, jo l\u0117ktuvui nukritus Sacharoje. Anglas ligonis \u2013 pats m\u012fslingiausias romano persona\u017eas \u2013 apduj\u0119s nuo morfijaus, kamuojamas dykumos ilgesio, tolyd\u017eio klejojantis apie pragari\u0161k\u0105 aistr\u0105 moteriai, sutiktai Kaire karo i\u0161vakar\u0117se. Kas jis i\u0161 tikr\u0173j\u0173? Mokslininkas? Nuotyki\u0173 ie\u0161kotojas? Vokie\u010di\u0173 \u0161nipas?\",\"breadcrumb\":{\"@id\":\"https:\/\/skaitytaknyga.lt\/produktas\/michael-ondaatje-anglas-ligonis-pageltes-virsus-nedidelis-virselio-defektas\/#breadcrumb\"},\"inLanguage\":\"en-GB\",\"potentialAction\":[{\"@type\":\"ReadAction\",\"target\":[\"https:\/\/skaitytaknyga.lt\/produktas\/michael-ondaatje-anglas-ligonis-pageltes-virsus-nedidelis-virselio-defektas\/\"]}]},{\"@type\":\"ImageObject\",\"inLanguage\":\"en-GB\",\"@id\":\"https:\/\/skaitytaknyga.lt\/produktas\/michael-ondaatje-anglas-ligonis-pageltes-virsus-nedidelis-virselio-defektas\/#primaryimage\",\"url\":\"https:\/\/skaitytaknyga.lt\/wp-content\/uploads\/2024\/05\/Anglas-ligonis-1.webp\",\"contentUrl\":\"https:\/\/skaitytaknyga.lt\/wp-content\/uploads\/2024\/05\/Anglas-ligonis-1.webp\",\"width\":300,\"height\":462,\"caption\":\"Anglas ligonis\"},{\"@type\":\"BreadcrumbList\",\"@id\":\"https:\/\/skaitytaknyga.lt\/produktas\/michael-ondaatje-anglas-ligonis-pageltes-virsus-nedidelis-virselio-defektas\/#breadcrumb\",\"itemListElement\":[{\"@type\":\"ListItem\",\"position\":1,\"name\":\"Home\",\"item\":\"https:\/\/skaitytaknyga.lt\/\"},{\"@type\":\"ListItem\",\"position\":2,\"name\":\"Parduotuv\u0117\",\"item\":\"https:\/\/skaitytaknyga.lt\/knygu-parduotuve\/\"},{\"@type\":\"ListItem\",\"position\":3,\"name\":\"Michael Ondaatje \u201eAnglas ligonis\u201c (pagelt\u0119s vir\u0161us, nedidelis vir\u0161elio defektas)\"}]},{\"@type\":\"WebSite\",\"@id\":\"https:\/\/skaitytaknyga.lt\/#website\",\"url\":\"https:\/\/skaitytaknyga.lt\/\",\"name\":\"skaitytaknyga.lt\",\"description\":\"Skaitytaknyga.lt \u2013 tai ma\u017eas \u0161eimos verslas, kuris prasid\u0117jo nuo meil\u0117s knygoms ir siekio i\u0161gelb\u0117ti knygas nuo likimo prie konteinerio. Kas vienam nereikalingas daiktas \u2013 kitam lobis, o mes esame tarpininkai, kurie padeda abiems tapti laimingesniems ???? \u017dinome kaip nelengva i\u0161gyventi ma\u017eiems verslams, tad nuo \u0161iol, \u010dia rasite ir kit\u0173, ma\u017e\u0173 \u0161eim\u0173 versl\u0173, rank\u0173 darbo, dovan\u0173 sau ir artimiesiems.\",\"publisher\":{\"@id\":\"https:\/\/skaitytaknyga.lt\/#organization\"},\"potentialAction\":[{\"@type\":\"SearchAction\",\"target\":{\"@type\":\"EntryPoint\",\"urlTemplate\":\"https:\/\/skaitytaknyga.lt\/?s={search_term_string}\"},\"query-input\":{\"@type\":\"PropertyValueSpecification\",\"valueRequired\":true,\"valueName\":\"search_term_string\"}}],\"inLanguage\":\"en-GB\"},{\"@type\":\"Organization\",\"@id\":\"https:\/\/skaitytaknyga.lt\/#organization\",\"name\":\"skaitytaknyga.lt\",\"url\":\"https:\/\/skaitytaknyga.lt\/\",\"logo\":{\"@type\":\"ImageObject\",\"inLanguage\":\"en-GB\",\"@id\":\"https:\/\/skaitytaknyga.lt\/#\/schema\/logo\/image\/\",\"url\":\"https:\/\/skaitytaknyga.lt\/wp-content\/uploads\/2024\/05\/cropped-cropped-cropped-02_00843_jt3bggkj1j3HLc7SyY6rEUpg.jpeg\",\"contentUrl\":\"https:\/\/skaitytaknyga.lt\/wp-content\/uploads\/2024\/05\/cropped-cropped-cropped-02_00843_jt3bggkj1j3HLc7SyY6rEUpg.jpeg\",\"width\":1600,\"height\":1600,\"caption\":\"skaitytaknyga.lt\"},\"image\":{\"@id\":\"https:\/\/skaitytaknyga.lt\/#\/schema\/logo\/image\/\"},\"sameAs\":[\"https:\/\/www.facebook.com\/skaitytaknyga\/\"]}]}<\/script>\n<!-- \/ Yoast SEO plugin. -->","yoast_head_json":{"title":"Michael Ondaatje \u201eAnglas ligonis\u201c (pagelt\u0119s vir\u0161us, nedidelis vir\u0161elio defektas)","description":"\u201eAnglas ligonis\u201c \u2013 kupinas poetinio \u012fkv\u0117pimo k\u016brinys, alsuojantis meile gyvenimui, \u017emoni\u0173 jausmams, baugiai puosel\u0117jamiems ir saugomiems \u0161irdies gilumoje ir tik svaigulio (savaiminio ar morfijui veikiant) akimirkomis i\u0161siver\u017eiantiems \u012f pavir\u0161i\u0173.  \u0160iaur\u0117s Italijos kalvose, netoli Toskanos, karo ligonine paverstoje viduram\u017ei\u0173 viloje, jauna gailestingoji sesel\u0117 Hana slaugo vienintel\u012f ligon\u012f \u2013 angl\u0173 lak\u016bn\u0105, baisiai apdegus\u012f, jo l\u0117ktuvui nukritus Sacharoje. Anglas ligonis \u2013 pats m\u012fslingiausias romano persona\u017eas \u2013 apduj\u0119s nuo morfijaus, kamuojamas dykumos ilgesio, tolyd\u017eio klejojantis apie pragari\u0161k\u0105 aistr\u0105 moteriai, sutiktai Kaire karo i\u0161vakar\u0117se. Kas jis i\u0161 tikr\u0173j\u0173? Mokslininkas? Nuotyki\u0173 ie\u0161kotojas? Vokie\u010di\u0173 \u0161nipas?","robots":{"index":"index","follow":"follow","max-snippet":"max-snippet:-1","max-image-preview":"max-image-preview:large","max-video-preview":"max-video-preview:-1"},"canonical":"https:\/\/skaitytaknyga.lt\/en\/produktas\/michael-ondaatje-anglas-ligonis-pageltes-virsus-nedidelis-virselio-defektas\/","og_locale":"en_GB","og_type":"article","og_title":"[:lt]Michael Ondaatje \u201eAnglas ligonis\u201c (pagelt\u0119s vir\u0161us, nedidelis vir\u0161elio defektas)[:] - Skaitytaknyga","og_description":"\u201eAnglas ligonis\u201c \u2013 kupinas poetinio \u012fkv\u0117pimo k\u016brinys, alsuojantis meile gyvenimui, \u017emoni\u0173 jausmams, baugiai puosel\u0117jamiems ir saugomiems \u0161irdies gilumoje ir tik svaigulio (savaiminio ar morfijui veikiant) akimirkomis i\u0161siver\u017eiantiems \u012f pavir\u0161i\u0173.  \u0160iaur\u0117s Italijos kalvose, netoli Toskanos, karo ligonine paverstoje viduram\u017ei\u0173 viloje, jauna gailestingoji sesel\u0117 Hana slaugo vienintel\u012f ligon\u012f \u2013 angl\u0173 lak\u016bn\u0105, baisiai apdegus\u012f, jo l\u0117ktuvui nukritus Sacharoje. Anglas ligonis \u2013 pats m\u012fslingiausias romano persona\u017eas \u2013 apduj\u0119s nuo morfijaus, kamuojamas dykumos ilgesio, tolyd\u017eio klejojantis apie pragari\u0161k\u0105 aistr\u0105 moteriai, sutiktai Kaire karo i\u0161vakar\u0117se. Kas jis i\u0161 tikr\u0173j\u0173? Mokslininkas? Nuotyki\u0173 ie\u0161kotojas? Vokie\u010di\u0173 \u0161nipas?","og_url":"https:\/\/skaitytaknyga.lt\/en\/produktas\/michael-ondaatje-anglas-ligonis-pageltes-virsus-nedidelis-virselio-defektas\/","og_site_name":"Skaitytaknyga","article_publisher":"https:\/\/www.facebook.com\/skaitytaknyga\/","article_modified_time":"2026-02-26T16:36:12+00:00","og_image":[{"width":747,"height":496,"url":"https:\/\/skaitytaknyga.lt\/wp-content\/uploads\/2024\/07\/skaitytaknyga.png","type":"image\/png"}],"twitter_card":"summary_large_image","twitter_misc":{"Estimated reading time":"1 minute"},"schema":{"@context":"https:\/\/schema.org","@graph":[{"@type":"WebPage","@id":"https:\/\/skaitytaknyga.lt\/produktas\/michael-ondaatje-anglas-ligonis-pageltes-virsus-nedidelis-virselio-defektas\/","url":"https:\/\/skaitytaknyga.lt\/produktas\/michael-ondaatje-anglas-ligonis-pageltes-virsus-nedidelis-virselio-defektas\/","name":"Michael Ondaatje \u201eAnglas ligonis\u201c (pagelt\u0119s vir\u0161us, nedidelis vir\u0161elio defektas)","isPartOf":{"@id":"https:\/\/skaitytaknyga.lt\/#website"},"primaryImageOfPage":{"@id":"https:\/\/skaitytaknyga.lt\/produktas\/michael-ondaatje-anglas-ligonis-pageltes-virsus-nedidelis-virselio-defektas\/#primaryimage"},"image":{"@id":"https:\/\/skaitytaknyga.lt\/produktas\/michael-ondaatje-anglas-ligonis-pageltes-virsus-nedidelis-virselio-defektas\/#primaryimage"},"thumbnailUrl":"https:\/\/skaitytaknyga.lt\/wp-content\/uploads\/2024\/05\/Anglas-ligonis-1.webp","datePublished":"2024-05-04T19:27:21+00:00","dateModified":"2026-02-26T16:36:12+00:00","description":"\u201eAnglas ligonis\u201c \u2013 kupinas poetinio \u012fkv\u0117pimo k\u016brinys, alsuojantis meile gyvenimui, \u017emoni\u0173 jausmams, baugiai puosel\u0117jamiems ir saugomiems \u0161irdies gilumoje ir tik svaigulio (savaiminio ar morfijui veikiant) akimirkomis i\u0161siver\u017eiantiems \u012f pavir\u0161i\u0173. \u0160iaur\u0117s Italijos kalvose, netoli Toskanos, karo ligonine paverstoje viduram\u017ei\u0173 viloje, jauna gailestingoji sesel\u0117 Hana slaugo vienintel\u012f ligon\u012f \u2013 angl\u0173 lak\u016bn\u0105, baisiai apdegus\u012f, jo l\u0117ktuvui nukritus Sacharoje. Anglas ligonis \u2013 pats m\u012fslingiausias romano persona\u017eas \u2013 apduj\u0119s nuo morfijaus, kamuojamas dykumos ilgesio, tolyd\u017eio klejojantis apie pragari\u0161k\u0105 aistr\u0105 moteriai, sutiktai Kaire karo i\u0161vakar\u0117se. Kas jis i\u0161 tikr\u0173j\u0173? Mokslininkas? Nuotyki\u0173 ie\u0161kotojas? Vokie\u010di\u0173 \u0161nipas?","breadcrumb":{"@id":"https:\/\/skaitytaknyga.lt\/produktas\/michael-ondaatje-anglas-ligonis-pageltes-virsus-nedidelis-virselio-defektas\/#breadcrumb"},"inLanguage":"en-GB","potentialAction":[{"@type":"ReadAction","target":["https:\/\/skaitytaknyga.lt\/produktas\/michael-ondaatje-anglas-ligonis-pageltes-virsus-nedidelis-virselio-defektas\/"]}]},{"@type":"ImageObject","inLanguage":"en-GB","@id":"https:\/\/skaitytaknyga.lt\/produktas\/michael-ondaatje-anglas-ligonis-pageltes-virsus-nedidelis-virselio-defektas\/#primaryimage","url":"https:\/\/skaitytaknyga.lt\/wp-content\/uploads\/2024\/05\/Anglas-ligonis-1.webp","contentUrl":"https:\/\/skaitytaknyga.lt\/wp-content\/uploads\/2024\/05\/Anglas-ligonis-1.webp","width":300,"height":462,"caption":"Anglas ligonis"},{"@type":"BreadcrumbList","@id":"https:\/\/skaitytaknyga.lt\/produktas\/michael-ondaatje-anglas-ligonis-pageltes-virsus-nedidelis-virselio-defektas\/#breadcrumb","itemListElement":[{"@type":"ListItem","position":1,"name":"Home","item":"https:\/\/skaitytaknyga.lt\/"},{"@type":"ListItem","position":2,"name":"Parduotuv\u0117","item":"https:\/\/skaitytaknyga.lt\/knygu-parduotuve\/"},{"@type":"ListItem","position":3,"name":"Michael Ondaatje \u201eAnglas ligonis\u201c (pagelt\u0119s vir\u0161us, nedidelis vir\u0161elio defektas)"}]},{"@type":"WebSite","@id":"https:\/\/skaitytaknyga.lt\/#website","url":"https:\/\/skaitytaknyga.lt\/","name":"skaitytaknyga.lt","description":"Skaitytaknyga.lt \u2013 tai ma\u017eas \u0161eimos verslas, kuris prasid\u0117jo nuo meil\u0117s knygoms ir siekio i\u0161gelb\u0117ti knygas nuo likimo prie konteinerio. Kas vienam nereikalingas daiktas \u2013 kitam lobis, o mes esame tarpininkai, kurie padeda abiems tapti laimingesniems ???? \u017dinome kaip nelengva i\u0161gyventi ma\u017eiems verslams, tad nuo \u0161iol, \u010dia rasite ir kit\u0173, ma\u017e\u0173 \u0161eim\u0173 versl\u0173, rank\u0173 darbo, dovan\u0173 sau ir artimiesiems.","publisher":{"@id":"https:\/\/skaitytaknyga.lt\/#organization"},"potentialAction":[{"@type":"SearchAction","target":{"@type":"EntryPoint","urlTemplate":"https:\/\/skaitytaknyga.lt\/?s={search_term_string}"},"query-input":{"@type":"PropertyValueSpecification","valueRequired":true,"valueName":"search_term_string"}}],"inLanguage":"en-GB"},{"@type":"Organization","@id":"https:\/\/skaitytaknyga.lt\/#organization","name":"skaitytaknyga.lt","url":"https:\/\/skaitytaknyga.lt\/","logo":{"@type":"ImageObject","inLanguage":"en-GB","@id":"https:\/\/skaitytaknyga.lt\/#\/schema\/logo\/image\/","url":"https:\/\/skaitytaknyga.lt\/wp-content\/uploads\/2024\/05\/cropped-cropped-cropped-02_00843_jt3bggkj1j3HLc7SyY6rEUpg.jpeg","contentUrl":"https:\/\/skaitytaknyga.lt\/wp-content\/uploads\/2024\/05\/cropped-cropped-cropped-02_00843_jt3bggkj1j3HLc7SyY6rEUpg.jpeg","width":1600,"height":1600,"caption":"skaitytaknyga.lt"},"image":{"@id":"https:\/\/skaitytaknyga.lt\/#\/schema\/logo\/image\/"},"sameAs":["https:\/\/www.facebook.com\/skaitytaknyga\/"]}]}},"_links":{"self":[{"href":"https:\/\/skaitytaknyga.lt\/en\/wp-json\/wp\/v2\/product\/11075","targetHints":{"allow":["GET"]}}],"collection":[{"href":"https:\/\/skaitytaknyga.lt\/en\/wp-json\/wp\/v2\/product"}],"about":[{"href":"https:\/\/skaitytaknyga.lt\/en\/wp-json\/wp\/v2\/types\/product"}],"replies":[{"embeddable":true,"href":"https:\/\/skaitytaknyga.lt\/en\/wp-json\/wp\/v2\/comments?post=11075"}],"wp:featuredmedia":[{"embeddable":true,"href":"https:\/\/skaitytaknyga.lt\/en\/wp-json\/wp\/v2\/media\/23196"}],"wp:attachment":[{"href":"https:\/\/skaitytaknyga.lt\/en\/wp-json\/wp\/v2\/media?parent=11075"}],"wp:term":[{"taxonomy":"product_brand","embeddable":true,"href":"https:\/\/skaitytaknyga.lt\/en\/wp-json\/wp\/v2\/product_brand?post=11075"},{"taxonomy":"product_cat","embeddable":true,"href":"https:\/\/skaitytaknyga.lt\/en\/wp-json\/wp\/v2\/product_cat?post=11075"},{"taxonomy":"product_tag","embeddable":true,"href":"https:\/\/skaitytaknyga.lt\/en\/wp-json\/wp\/v2\/product_tag?post=11075"}],"curies":[{"name":"wp","href":"https:\/\/api.w.org\/{rel}","templated":true}]}}