{"id":11074,"date":"2024-05-04T22:27:21","date_gmt":"2024-05-04T19:27:21","guid":{"rendered":"https:\/\/skaitytaknyga.lt\/?post_type=product&#038;p=11074"},"modified":"2026-03-18T10:59:05","modified_gmt":"2026-03-18T08:59:05","slug":"algimantas-cekuolis-generolo-sena-karve-istorija","status":"publish","type":"product","link":"https:\/\/skaitytaknyga.lt\/en\/produktas\/algimantas-cekuolis-generolo-sena-karve-istorija\/","title":{"rendered":"Generolo \u201eSena Karv\u0117\u201c istorija"},"content":{"rendered":"<p>Algimant\u0105 \u010cekuol\u012f pa\u017e\u012fsta turb\u016bt visi Lietuvos \u017emon\u0117s. Dauguma, ypa\u010d jaunimas, &#8211; i\u0161 jo laid\u0173 televizijoje. Vyresni atsimena savaitra\u0161t\u012f \u201eGimtasis kra\u0161tas\u201c,\u00a0 kuris nu\u0161viet\u0117\u00a0 padang\u0119 dar keleri metai iki S\u0105j\u016bd\u017eio. Kai kurie atsimena jo j\u016brinius apsakymus, kelioni\u0173 apybrai\u017eas.<\/p>\n<p>Nes lengvu keliu \u0161is \u017emogus niekada n\u0117jo. Jeigu \u012f j\u016br\u0105 \u2013 tai j\u016brininku. Ir ne vienai kelionei, o vienuolikai met\u0173.<\/p>\n<p>Bet tik Lietuvai atgavus laisv\u0119 ra\u0161ytojas tapo savimi. Dabar kasmet i\u0161eina po knyg\u0105. Ir jos nesikartoja.\u00a0 Tik vienu jos pana\u0161ios \u2013 kiekviena \u012fdomi.<\/p>\n<p>At\u0117jo laikas geriau pa\u017einti ir pat\u012f Algimant\u0105 \u010cekuol\u012f.<\/p>\n<p>\u0160ioje knygoje dvi dalys: Algimanto \u010cekuolio autobiografija, ir kaip visada \u2013 enciklopedin\u0117 publicistika apie svarbiausius rei\u0161kinius m\u016bs\u0173 dien\u0173\u00a0 pasaulyje, apie mitus &#8211; tikrus ir melagingus.<\/p>\n","protected":false},"excerpt":{"rendered":"<p>Algimant\u0105 \u010cekuol\u012f pa\u017e\u012fsta turb\u016bt visi Lietuvos \u017emon\u0117s. Dauguma, ypa\u010d jaunimas, &#8211; i\u0161 jo laid\u0173 televizijoje. Vyresni atsimena savaitra\u0161t\u012f \u201eGimtasis kra\u0161tas\u201c,\u00a0 kuris nu\u0161viet\u0117\u00a0 padang\u0119 dar keleri metai iki S\u0105j\u016bd\u017eio. Kai kurie atsimena jo j\u016brinius apsakymus, kelioni\u0173 apybrai\u017eas.<\/p>\n<p>Nes lengvu keliu \u0161is \u017emogus niekada n\u0117jo. Jeigu \u012f j\u016br\u0105 \u2013 tai j\u016brininku. Ir ne vienai kelionei, o vienuolikai met\u0173.<\/p>\n<p>Bet tik Lietuvai atgavus laisv\u0119 ra\u0161ytojas tapo savimi. Dabar kasmet i\u0161eina po knyg\u0105. Ir jos nesikartoja.\u00a0 Tik vienu jos pana\u0161ios \u2013 kiekviena \u012fdomi.<\/p>\n<p>At\u0117jo laikas geriau pa\u017einti ir pat\u012f Algimant\u0105 \u010cekuol\u012f.<\/p>\n<p>\u0160ioje knygoje dvi dalys: Algimanto \u010cekuolio autobiografija, ir kaip visada \u2013 enciklopedin\u0117 publicistika apie svarbiausius rei\u0161kinius m\u016bs\u0173 dien\u0173\u00a0 pasaulyje, apie mitus &#8211; tikrus ir melagingus.<\/p>\n","protected":false},"featured_media":11109,"comment_status":"closed","ping_status":"closed","template":"","meta":{"_acf_changed":false,"site-sidebar-layout":"default","site-content-layout":"","ast-site-content-layout":"default","site-content-style":"default","site-sidebar-style":"default","ast-global-header-display":"","ast-banner-title-visibility":"","ast-main-header-display":"","ast-hfb-above-header-display":"","ast-hfb-below-header-display":"","ast-hfb-mobile-header-display":"","site-post-title":"","ast-breadcrumbs-content":"","ast-featured-img":"","footer-sml-layout":"","ast-disable-related-posts":"","theme-transparent-header-meta":"","adv-header-id-meta":"","stick-header-meta":"","header-above-stick-meta":"","header-main-stick-meta":"","header-below-stick-meta":"","astra-migrate-meta-layouts":"default","ast-page-background-enabled":"default","ast-page-background-meta":{"desktop":{"background-color":"","background-image":"","background-repeat":"repeat","background-position":"center center","background-size":"auto","background-attachment":"scroll","background-type":"","background-media":"","overlay-type":"","overlay-color":"","overlay-opacity":"","overlay-gradient":""},"tablet":{"background-color":"","background-image":"","background-repeat":"repeat","background-position":"center center","background-size":"auto","background-attachment":"scroll","background-type":"","background-media":"","overlay-type":"","overlay-color":"","overlay-opacity":"","overlay-gradient":""},"mobile":{"background-color":"","background-image":"","background-repeat":"repeat","background-position":"center center","background-size":"auto","background-attachment":"scroll","background-type":"","background-media":"","overlay-type":"","overlay-color":"","overlay-opacity":"","overlay-gradient":""}},"ast-content-background-meta":{"desktop":{"background-color":"var(--ast-global-color-4)","background-image":"","background-repeat":"repeat","background-position":"center center","background-size":"auto","background-attachment":"scroll","background-type":"","background-media":"","overlay-type":"","overlay-color":"","overlay-opacity":"","overlay-gradient":""},"tablet":{"background-color":"var(--ast-global-color-4)","background-image":"","background-repeat":"repeat","background-position":"center center","background-size":"auto","background-attachment":"scroll","background-type":"","background-media":"","overlay-type":"","overlay-color":"","overlay-opacity":"","overlay-gradient":""},"mobile":{"background-color":"var(--ast-global-color-4)","background-image":"","background-repeat":"repeat","background-position":"center center","background-size":"auto","background-attachment":"scroll","background-type":"","background-media":"","overlay-type":"","overlay-color":"","overlay-opacity":"","overlay-gradient":""}}},"product_brand":[],"product_cat":[9590],"product_tag":[],"class_list":{"0":"post-11074","1":"product","2":"type-product","3":"status-publish","4":"has-post-thumbnail","6":"product_cat-lietuviu-literatura","7":"desktop-align-left","8":"tablet-align-left","9":"mobile-align-left","11":"first","12":"instock","13":"shipping-taxable","14":"purchasable","15":"product-type-simple"},"acf":[],"yoast_head":"<!-- This site is optimized with the Yoast SEO plugin v27.0 - https:\/\/yoast.com\/product\/yoast-seo-wordpress\/ -->\n<title>Generolo \u201eSena Karv\u0117\u201c istorija<\/title>\n<meta name=\"description\" content=\"Algimant\u0105 \u010cekuol\u012f pa\u017e\u012fsta turb\u016bt visi Lietuvos \u017emon\u0117s. Dauguma, ypa\u010d jaunimas, - i\u0161 jo laid\u0173 televizijoje. Vyresni atsimena savaitra\u0161t\u012f \u201eGimtasis kra\u0161tas\u201c,\u00a0 kuris nu\u0161viet\u0117\u00a0 padang\u0119 dar keleri metai iki S\u0105j\u016bd\u017eio. Kai kurie atsimena jo j\u016brinius apsakymus, kelioni\u0173 apybrai\u017eas.  Nes lengvu keliu \u0161is \u017emogus niekada n\u0117jo. Jeigu \u012f j\u016br\u0105 \u2013 tai j\u016brininku. Ir ne vienai kelionei, o vienuolikai met\u0173.  Bet tik Lietuvai atgavus laisv\u0119 ra\u0161ytojas tapo savimi. Dabar kasmet i\u0161eina po knyg\u0105. Ir jos nesikartoja.\u00a0 Tik vienu jos pana\u0161ios \u2013 kiekviena \u012fdomi.  At\u0117jo laikas geriau pa\u017einti ir pat\u012f Algimant\u0105 \u010cekuol\u012f.  \u0160ioje knygoje dvi dalys: Algimanto \u010cekuolio autobiografija, ir kaip visada \u2013 enciklopedin\u0117 publicistika apie svarbiausius rei\u0161kinius m\u016bs\u0173 dien\u0173\u00a0 pasaulyje, apie mitus - tikrus ir melagingus.\" \/>\n<meta name=\"robots\" content=\"index, follow, max-snippet:-1, max-image-preview:large, max-video-preview:-1\" \/>\n<link rel=\"canonical\" href=\"https:\/\/skaitytaknyga.lt\/en\/produktas\/algimantas-cekuolis-generolo-sena-karve-istorija\/\" \/>\n<meta property=\"og:locale\" content=\"en_GB\" \/>\n<meta property=\"og:locale:alternate\" content=\"lt_LT\" \/>\n<meta property=\"og:type\" content=\"article\" \/>\n<meta property=\"og:title\" content=\"Generolo \u201eSena Karv\u0117\u201c istorija\" \/>\n<meta property=\"og:description\" content=\"Algimant\u0105 \u010cekuol\u012f pa\u017e\u012fsta turb\u016bt visi Lietuvos \u017emon\u0117s. Dauguma, ypa\u010d jaunimas, - i\u0161 jo laid\u0173 televizijoje. Vyresni atsimena savaitra\u0161t\u012f \u201eGimtasis kra\u0161tas\u201c,\u00a0 kuris nu\u0161viet\u0117\u00a0 padang\u0119 dar keleri metai iki S\u0105j\u016bd\u017eio. Kai kurie atsimena jo j\u016brinius apsakymus, kelioni\u0173 apybrai\u017eas.  Nes lengvu keliu \u0161is \u017emogus niekada n\u0117jo. Jeigu \u012f j\u016br\u0105 \u2013 tai j\u016brininku. Ir ne vienai kelionei, o vienuolikai met\u0173.  Bet tik Lietuvai atgavus laisv\u0119 ra\u0161ytojas tapo savimi. Dabar kasmet i\u0161eina po knyg\u0105. Ir jos nesikartoja.\u00a0 Tik vienu jos pana\u0161ios \u2013 kiekviena \u012fdomi.  At\u0117jo laikas geriau pa\u017einti ir pat\u012f Algimant\u0105 \u010cekuol\u012f.  \u0160ioje knygoje dvi dalys: Algimanto \u010cekuolio autobiografija, ir kaip visada \u2013 enciklopedin\u0117 publicistika apie svarbiausius rei\u0161kinius m\u016bs\u0173 dien\u0173\u00a0 pasaulyje, apie mitus - tikrus ir melagingus.\" \/>\n<meta property=\"og:url\" content=\"https:\/\/skaitytaknyga.lt\/en\/produktas\/algimantas-cekuolis-generolo-sena-karve-istorija\/\" \/>\n<meta property=\"og:site_name\" content=\"Skaitytaknyga\" \/>\n<meta property=\"article:publisher\" content=\"https:\/\/www.facebook.com\/skaitytaknyga\/\" \/>\n<meta property=\"article:modified_time\" content=\"2026-03-18T08:59:05+00:00\" \/>\n<meta property=\"og:image\" content=\"https:\/\/skaitytaknyga.lt\/wp-content\/uploads\/2024\/05\/Be-pavadinimo-1-8.png\" \/>\n\t<meta property=\"og:image:width\" content=\"252\" \/>\n\t<meta property=\"og:image:height\" content=\"381\" \/>\n\t<meta property=\"og:image:type\" content=\"image\/png\" \/>\n<meta name=\"twitter:card\" content=\"summary_large_image\" \/>\n<meta name=\"twitter:label1\" content=\"Estimated reading time\" \/>\n\t<meta name=\"twitter:data1\" content=\"1 minute\" \/>\n<script type=\"application\/ld+json\" class=\"yoast-schema-graph\">{\"@context\":\"https:\/\/schema.org\",\"@graph\":[{\"@type\":\"WebPage\",\"@id\":\"https:\/\/skaitytaknyga.lt\/produktas\/algimantas-cekuolis-generolo-sena-karve-istorija\/\",\"url\":\"https:\/\/skaitytaknyga.lt\/produktas\/algimantas-cekuolis-generolo-sena-karve-istorija\/\",\"name\":\"Generolo \u201eSena Karv\u0117\u201c istorija\",\"isPartOf\":{\"@id\":\"https:\/\/skaitytaknyga.lt\/#website\"},\"primaryImageOfPage\":{\"@id\":\"https:\/\/skaitytaknyga.lt\/produktas\/algimantas-cekuolis-generolo-sena-karve-istorija\/#primaryimage\"},\"image\":{\"@id\":\"https:\/\/skaitytaknyga.lt\/produktas\/algimantas-cekuolis-generolo-sena-karve-istorija\/#primaryimage\"},\"thumbnailUrl\":\"https:\/\/skaitytaknyga.lt\/wp-content\/uploads\/2024\/05\/Be-pavadinimo-1-8.png\",\"datePublished\":\"2024-05-04T19:27:21+00:00\",\"dateModified\":\"2026-03-18T08:59:05+00:00\",\"description\":\"Algimant\u0105 \u010cekuol\u012f pa\u017e\u012fsta turb\u016bt visi Lietuvos \u017emon\u0117s. Dauguma, ypa\u010d jaunimas, - i\u0161 jo laid\u0173 televizijoje. Vyresni atsimena savaitra\u0161t\u012f \u201eGimtasis kra\u0161tas\u201c,\u00a0 kuris nu\u0161viet\u0117\u00a0 padang\u0119 dar keleri metai iki S\u0105j\u016bd\u017eio. Kai kurie atsimena jo j\u016brinius apsakymus, kelioni\u0173 apybrai\u017eas. Nes lengvu keliu \u0161is \u017emogus niekada n\u0117jo. Jeigu \u012f j\u016br\u0105 \u2013 tai j\u016brininku. Ir ne vienai kelionei, o vienuolikai met\u0173. Bet tik Lietuvai atgavus laisv\u0119 ra\u0161ytojas tapo savimi. Dabar kasmet i\u0161eina po knyg\u0105. Ir jos nesikartoja.\u00a0 Tik vienu jos pana\u0161ios \u2013 kiekviena \u012fdomi. At\u0117jo laikas geriau pa\u017einti ir pat\u012f Algimant\u0105 \u010cekuol\u012f. \u0160ioje knygoje dvi dalys: Algimanto \u010cekuolio autobiografija, ir kaip visada \u2013 enciklopedin\u0117 publicistika apie svarbiausius rei\u0161kinius m\u016bs\u0173 dien\u0173\u00a0 pasaulyje, apie mitus - tikrus ir melagingus.\",\"breadcrumb\":{\"@id\":\"https:\/\/skaitytaknyga.lt\/produktas\/algimantas-cekuolis-generolo-sena-karve-istorija\/#breadcrumb\"},\"inLanguage\":\"en-GB\",\"potentialAction\":[{\"@type\":\"ReadAction\",\"target\":[\"https:\/\/skaitytaknyga.lt\/produktas\/algimantas-cekuolis-generolo-sena-karve-istorija\/\"]}]},{\"@type\":\"ImageObject\",\"inLanguage\":\"en-GB\",\"@id\":\"https:\/\/skaitytaknyga.lt\/produktas\/algimantas-cekuolis-generolo-sena-karve-istorija\/#primaryimage\",\"url\":\"https:\/\/skaitytaknyga.lt\/wp-content\/uploads\/2024\/05\/Be-pavadinimo-1-8.png\",\"contentUrl\":\"https:\/\/skaitytaknyga.lt\/wp-content\/uploads\/2024\/05\/Be-pavadinimo-1-8.png\",\"width\":252,\"height\":381},{\"@type\":\"BreadcrumbList\",\"@id\":\"https:\/\/skaitytaknyga.lt\/produktas\/algimantas-cekuolis-generolo-sena-karve-istorija\/#breadcrumb\",\"itemListElement\":[{\"@type\":\"ListItem\",\"position\":1,\"name\":\"Home\",\"item\":\"https:\/\/skaitytaknyga.lt\/\"},{\"@type\":\"ListItem\",\"position\":2,\"name\":\"Parduotuv\u0117\",\"item\":\"https:\/\/skaitytaknyga.lt\/knygu-parduotuve\/\"},{\"@type\":\"ListItem\",\"position\":3,\"name\":\"Generolo \u201eSena Karv\u0117\u201c istorija\"}]},{\"@type\":\"WebSite\",\"@id\":\"https:\/\/skaitytaknyga.lt\/#website\",\"url\":\"https:\/\/skaitytaknyga.lt\/\",\"name\":\"skaitytaknyga.lt\",\"description\":\"Skaitytaknyga.lt \u2013 tai ma\u017eas \u0161eimos verslas, kuris prasid\u0117jo nuo meil\u0117s knygoms ir siekio i\u0161gelb\u0117ti knygas nuo likimo prie konteinerio. Kas vienam nereikalingas daiktas \u2013 kitam lobis, o mes esame tarpininkai, kurie padeda abiems tapti laimingesniems ???? \u017dinome kaip nelengva i\u0161gyventi ma\u017eiems verslams, tad nuo \u0161iol, \u010dia rasite ir kit\u0173, ma\u017e\u0173 \u0161eim\u0173 versl\u0173, rank\u0173 darbo, dovan\u0173 sau ir artimiesiems.\",\"publisher\":{\"@id\":\"https:\/\/skaitytaknyga.lt\/#organization\"},\"potentialAction\":[{\"@type\":\"SearchAction\",\"target\":{\"@type\":\"EntryPoint\",\"urlTemplate\":\"https:\/\/skaitytaknyga.lt\/?s={search_term_string}\"},\"query-input\":{\"@type\":\"PropertyValueSpecification\",\"valueRequired\":true,\"valueName\":\"search_term_string\"}}],\"inLanguage\":\"en-GB\"},{\"@type\":\"Organization\",\"@id\":\"https:\/\/skaitytaknyga.lt\/#organization\",\"name\":\"skaitytaknyga.lt\",\"url\":\"https:\/\/skaitytaknyga.lt\/\",\"logo\":{\"@type\":\"ImageObject\",\"inLanguage\":\"en-GB\",\"@id\":\"https:\/\/skaitytaknyga.lt\/#\/schema\/logo\/image\/\",\"url\":\"https:\/\/skaitytaknyga.lt\/wp-content\/uploads\/2024\/05\/cropped-cropped-cropped-02_00843_jt3bggkj1j3HLc7SyY6rEUpg.jpeg\",\"contentUrl\":\"https:\/\/skaitytaknyga.lt\/wp-content\/uploads\/2024\/05\/cropped-cropped-cropped-02_00843_jt3bggkj1j3HLc7SyY6rEUpg.jpeg\",\"width\":1600,\"height\":1600,\"caption\":\"skaitytaknyga.lt\"},\"image\":{\"@id\":\"https:\/\/skaitytaknyga.lt\/#\/schema\/logo\/image\/\"},\"sameAs\":[\"https:\/\/www.facebook.com\/skaitytaknyga\/\"]}]}<\/script>\n<!-- \/ Yoast SEO plugin. -->","yoast_head_json":{"title":"Generolo \u201eSena Karv\u0117\u201c istorija","description":"Algimant\u0105 \u010cekuol\u012f pa\u017e\u012fsta turb\u016bt visi Lietuvos \u017emon\u0117s. Dauguma, ypa\u010d jaunimas, - i\u0161 jo laid\u0173 televizijoje. Vyresni atsimena savaitra\u0161t\u012f \u201eGimtasis kra\u0161tas\u201c,\u00a0 kuris nu\u0161viet\u0117\u00a0 padang\u0119 dar keleri metai iki S\u0105j\u016bd\u017eio. Kai kurie atsimena jo j\u016brinius apsakymus, kelioni\u0173 apybrai\u017eas.  Nes lengvu keliu \u0161is \u017emogus niekada n\u0117jo. Jeigu \u012f j\u016br\u0105 \u2013 tai j\u016brininku. Ir ne vienai kelionei, o vienuolikai met\u0173.  Bet tik Lietuvai atgavus laisv\u0119 ra\u0161ytojas tapo savimi. Dabar kasmet i\u0161eina po knyg\u0105. Ir jos nesikartoja.\u00a0 Tik vienu jos pana\u0161ios \u2013 kiekviena \u012fdomi.  At\u0117jo laikas geriau pa\u017einti ir pat\u012f Algimant\u0105 \u010cekuol\u012f.  \u0160ioje knygoje dvi dalys: Algimanto \u010cekuolio autobiografija, ir kaip visada \u2013 enciklopedin\u0117 publicistika apie svarbiausius rei\u0161kinius m\u016bs\u0173 dien\u0173\u00a0 pasaulyje, apie mitus - tikrus ir melagingus.","robots":{"index":"index","follow":"follow","max-snippet":"max-snippet:-1","max-image-preview":"max-image-preview:large","max-video-preview":"max-video-preview:-1"},"canonical":"https:\/\/skaitytaknyga.lt\/en\/produktas\/algimantas-cekuolis-generolo-sena-karve-istorija\/","og_locale":"en_GB","og_type":"article","og_title":"[:lt]Generolo \u201eSena Karv\u0117\u201c istorija[:] - Skaitytaknyga","og_description":"Algimant\u0105 \u010cekuol\u012f pa\u017e\u012fsta turb\u016bt visi Lietuvos \u017emon\u0117s. Dauguma, ypa\u010d jaunimas, - i\u0161 jo laid\u0173 televizijoje. Vyresni atsimena savaitra\u0161t\u012f \u201eGimtasis kra\u0161tas\u201c,\u00a0 kuris nu\u0161viet\u0117\u00a0 padang\u0119 dar keleri metai iki S\u0105j\u016bd\u017eio. Kai kurie atsimena jo j\u016brinius apsakymus, kelioni\u0173 apybrai\u017eas.  Nes lengvu keliu \u0161is \u017emogus niekada n\u0117jo. Jeigu \u012f j\u016br\u0105 \u2013 tai j\u016brininku. Ir ne vienai kelionei, o vienuolikai met\u0173.  Bet tik Lietuvai atgavus laisv\u0119 ra\u0161ytojas tapo savimi. Dabar kasmet i\u0161eina po knyg\u0105. Ir jos nesikartoja.\u00a0 Tik vienu jos pana\u0161ios \u2013 kiekviena \u012fdomi.  At\u0117jo laikas geriau pa\u017einti ir pat\u012f Algimant\u0105 \u010cekuol\u012f.  \u0160ioje knygoje dvi dalys: Algimanto \u010cekuolio autobiografija, ir kaip visada \u2013 enciklopedin\u0117 publicistika apie svarbiausius rei\u0161kinius m\u016bs\u0173 dien\u0173\u00a0 pasaulyje, apie mitus - tikrus ir melagingus.","og_url":"https:\/\/skaitytaknyga.lt\/en\/produktas\/algimantas-cekuolis-generolo-sena-karve-istorija\/","og_site_name":"Skaitytaknyga","article_publisher":"https:\/\/www.facebook.com\/skaitytaknyga\/","article_modified_time":"2026-03-18T08:59:05+00:00","og_image":[{"width":252,"height":381,"url":"https:\/\/skaitytaknyga.lt\/wp-content\/uploads\/2024\/05\/Be-pavadinimo-1-8.png","type":"image\/png"}],"twitter_card":"summary_large_image","twitter_misc":{"Estimated reading time":"1 minute"},"schema":{"@context":"https:\/\/schema.org","@graph":[{"@type":"WebPage","@id":"https:\/\/skaitytaknyga.lt\/produktas\/algimantas-cekuolis-generolo-sena-karve-istorija\/","url":"https:\/\/skaitytaknyga.lt\/produktas\/algimantas-cekuolis-generolo-sena-karve-istorija\/","name":"Generolo \u201eSena Karv\u0117\u201c istorija","isPartOf":{"@id":"https:\/\/skaitytaknyga.lt\/#website"},"primaryImageOfPage":{"@id":"https:\/\/skaitytaknyga.lt\/produktas\/algimantas-cekuolis-generolo-sena-karve-istorija\/#primaryimage"},"image":{"@id":"https:\/\/skaitytaknyga.lt\/produktas\/algimantas-cekuolis-generolo-sena-karve-istorija\/#primaryimage"},"thumbnailUrl":"https:\/\/skaitytaknyga.lt\/wp-content\/uploads\/2024\/05\/Be-pavadinimo-1-8.png","datePublished":"2024-05-04T19:27:21+00:00","dateModified":"2026-03-18T08:59:05+00:00","description":"Algimant\u0105 \u010cekuol\u012f pa\u017e\u012fsta turb\u016bt visi Lietuvos \u017emon\u0117s. Dauguma, ypa\u010d jaunimas, - i\u0161 jo laid\u0173 televizijoje. Vyresni atsimena savaitra\u0161t\u012f \u201eGimtasis kra\u0161tas\u201c,\u00a0 kuris nu\u0161viet\u0117\u00a0 padang\u0119 dar keleri metai iki S\u0105j\u016bd\u017eio. Kai kurie atsimena jo j\u016brinius apsakymus, kelioni\u0173 apybrai\u017eas. Nes lengvu keliu \u0161is \u017emogus niekada n\u0117jo. Jeigu \u012f j\u016br\u0105 \u2013 tai j\u016brininku. Ir ne vienai kelionei, o vienuolikai met\u0173. Bet tik Lietuvai atgavus laisv\u0119 ra\u0161ytojas tapo savimi. Dabar kasmet i\u0161eina po knyg\u0105. Ir jos nesikartoja.\u00a0 Tik vienu jos pana\u0161ios \u2013 kiekviena \u012fdomi. At\u0117jo laikas geriau pa\u017einti ir pat\u012f Algimant\u0105 \u010cekuol\u012f. \u0160ioje knygoje dvi dalys: Algimanto \u010cekuolio autobiografija, ir kaip visada \u2013 enciklopedin\u0117 publicistika apie svarbiausius rei\u0161kinius m\u016bs\u0173 dien\u0173\u00a0 pasaulyje, apie mitus - tikrus ir melagingus.","breadcrumb":{"@id":"https:\/\/skaitytaknyga.lt\/produktas\/algimantas-cekuolis-generolo-sena-karve-istorija\/#breadcrumb"},"inLanguage":"en-GB","potentialAction":[{"@type":"ReadAction","target":["https:\/\/skaitytaknyga.lt\/produktas\/algimantas-cekuolis-generolo-sena-karve-istorija\/"]}]},{"@type":"ImageObject","inLanguage":"en-GB","@id":"https:\/\/skaitytaknyga.lt\/produktas\/algimantas-cekuolis-generolo-sena-karve-istorija\/#primaryimage","url":"https:\/\/skaitytaknyga.lt\/wp-content\/uploads\/2024\/05\/Be-pavadinimo-1-8.png","contentUrl":"https:\/\/skaitytaknyga.lt\/wp-content\/uploads\/2024\/05\/Be-pavadinimo-1-8.png","width":252,"height":381},{"@type":"BreadcrumbList","@id":"https:\/\/skaitytaknyga.lt\/produktas\/algimantas-cekuolis-generolo-sena-karve-istorija\/#breadcrumb","itemListElement":[{"@type":"ListItem","position":1,"name":"Home","item":"https:\/\/skaitytaknyga.lt\/"},{"@type":"ListItem","position":2,"name":"Parduotuv\u0117","item":"https:\/\/skaitytaknyga.lt\/knygu-parduotuve\/"},{"@type":"ListItem","position":3,"name":"Generolo \u201eSena Karv\u0117\u201c istorija"}]},{"@type":"WebSite","@id":"https:\/\/skaitytaknyga.lt\/#website","url":"https:\/\/skaitytaknyga.lt\/","name":"skaitytaknyga.lt","description":"Skaitytaknyga.lt \u2013 tai ma\u017eas \u0161eimos verslas, kuris prasid\u0117jo nuo meil\u0117s knygoms ir siekio i\u0161gelb\u0117ti knygas nuo likimo prie konteinerio. Kas vienam nereikalingas daiktas \u2013 kitam lobis, o mes esame tarpininkai, kurie padeda abiems tapti laimingesniems ???? \u017dinome kaip nelengva i\u0161gyventi ma\u017eiems verslams, tad nuo \u0161iol, \u010dia rasite ir kit\u0173, ma\u017e\u0173 \u0161eim\u0173 versl\u0173, rank\u0173 darbo, dovan\u0173 sau ir artimiesiems.","publisher":{"@id":"https:\/\/skaitytaknyga.lt\/#organization"},"potentialAction":[{"@type":"SearchAction","target":{"@type":"EntryPoint","urlTemplate":"https:\/\/skaitytaknyga.lt\/?s={search_term_string}"},"query-input":{"@type":"PropertyValueSpecification","valueRequired":true,"valueName":"search_term_string"}}],"inLanguage":"en-GB"},{"@type":"Organization","@id":"https:\/\/skaitytaknyga.lt\/#organization","name":"skaitytaknyga.lt","url":"https:\/\/skaitytaknyga.lt\/","logo":{"@type":"ImageObject","inLanguage":"en-GB","@id":"https:\/\/skaitytaknyga.lt\/#\/schema\/logo\/image\/","url":"https:\/\/skaitytaknyga.lt\/wp-content\/uploads\/2024\/05\/cropped-cropped-cropped-02_00843_jt3bggkj1j3HLc7SyY6rEUpg.jpeg","contentUrl":"https:\/\/skaitytaknyga.lt\/wp-content\/uploads\/2024\/05\/cropped-cropped-cropped-02_00843_jt3bggkj1j3HLc7SyY6rEUpg.jpeg","width":1600,"height":1600,"caption":"skaitytaknyga.lt"},"image":{"@id":"https:\/\/skaitytaknyga.lt\/#\/schema\/logo\/image\/"},"sameAs":["https:\/\/www.facebook.com\/skaitytaknyga\/"]}]}},"_links":{"self":[{"href":"https:\/\/skaitytaknyga.lt\/en\/wp-json\/wp\/v2\/product\/11074","targetHints":{"allow":["GET"]}}],"collection":[{"href":"https:\/\/skaitytaknyga.lt\/en\/wp-json\/wp\/v2\/product"}],"about":[{"href":"https:\/\/skaitytaknyga.lt\/en\/wp-json\/wp\/v2\/types\/product"}],"replies":[{"embeddable":true,"href":"https:\/\/skaitytaknyga.lt\/en\/wp-json\/wp\/v2\/comments?post=11074"}],"wp:featuredmedia":[{"embeddable":true,"href":"https:\/\/skaitytaknyga.lt\/en\/wp-json\/wp\/v2\/media\/11109"}],"wp:attachment":[{"href":"https:\/\/skaitytaknyga.lt\/en\/wp-json\/wp\/v2\/media?parent=11074"}],"wp:term":[{"taxonomy":"product_brand","embeddable":true,"href":"https:\/\/skaitytaknyga.lt\/en\/wp-json\/wp\/v2\/product_brand?post=11074"},{"taxonomy":"product_cat","embeddable":true,"href":"https:\/\/skaitytaknyga.lt\/en\/wp-json\/wp\/v2\/product_cat?post=11074"},{"taxonomy":"product_tag","embeddable":true,"href":"https:\/\/skaitytaknyga.lt\/en\/wp-json\/wp\/v2\/product_tag?post=11074"}],"curies":[{"name":"wp","href":"https:\/\/api.w.org\/{rel}","templated":true}]}}