{"id":11073,"date":"2024-05-04T19:27:21","date_gmt":"2024-05-04T19:27:21","guid":{"rendered":"https:\/\/skaitytaknyga.lt\/?post_type=product&#038;p=11073"},"modified":"2024-05-04T19:28:24","modified_gmt":"2024-05-04T19:28:24","slug":"daphne-du-maurier-jamaikos-smukle","status":"publish","type":"product","link":"https:\/\/skaitytaknyga.lt\/en\/produktas\/daphne-du-maurier-jamaikos-smukle\/","title":{"rendered":"Daphne du Maurier \u201e&#8221;Jamaikos&#8221; smukl\u0117\u201c"},"content":{"rendered":"<p>&#8220;Jamaikos&#8221; smukl\u0117&#8221; &#8211; tai patraukli, romanti\u0161ka nuotyki\u0173 ir meil\u0117s kupina istorija, pasi\u017eyminti meistri\u0161kai supinta detektyvine intriga.<\/p>\n<p>Veiksmas vyksta &#8220;Jamaikos&#8221; smukl\u0117je, nesvetingoje net dienos met\u0105, o nakt\u012f atverian\u010dioje duris piktadariams ir pl\u0117\u0161ikams.<\/p>\n<p>&#8230;Vien\u0105 dien\u0105 \u012f smukl\u0119 atvyksta jauna mergina Meri Jelan, ie\u0161kanti prieglobs\u010dio tetos namuose. Netrukus &#8220;Jamaikoje&#8221; pradeda d\u0117tis sukre\u010diantys dalykai. Veiksmas kaitaliojasi \u017eaibi\u0161kai, o atomazga visi\u0161kai netik\u0117ta &#8230;<\/p>\n","protected":false},"excerpt":{"rendered":"<p>&#8220;Jamaikos&#8221; smukl\u0117&#8221; &#8211; tai patraukli, romanti\u0161ka nuotyki\u0173 ir meil\u0117s kupina istorija, pasi\u017eyminti meistri\u0161kai supinta detektyvine intriga.<\/p>\n<p>Veiksmas vyksta &#8220;Jamaikos&#8221; smukl\u0117je, nesvetingoje net dienos met\u0105, o nakt\u012f atverian\u010dioje duris piktadariams ir pl\u0117\u0161ikams.<\/p>\n<p>&#8230;Vien\u0105 dien\u0105 \u012f smukl\u0119 atvyksta jauna mergina Meri Jelan, ie\u0161kanti prieglobs\u010dio tetos namuose. Netrukus &#8220;Jamaikoje&#8221; pradeda d\u0117tis sukre\u010diantys dalykai. Veiksmas kaitaliojasi \u017eaibi\u0161kai, o atomazga visi\u0161kai netik\u0117ta &#8230;<\/p>\n","protected":false},"featured_media":11103,"comment_status":"closed","ping_status":"closed","template":"","meta":{"_acf_changed":false,"site-sidebar-layout":"default","site-content-layout":"","ast-site-content-layout":"default","site-content-style":"default","site-sidebar-style":"default","ast-global-header-display":"","ast-banner-title-visibility":"","ast-main-header-display":"","ast-hfb-above-header-display":"","ast-hfb-below-header-display":"","ast-hfb-mobile-header-display":"","site-post-title":"","ast-breadcrumbs-content":"","ast-featured-img":"","footer-sml-layout":"","ast-disable-related-posts":"","theme-transparent-header-meta":"","adv-header-id-meta":"","stick-header-meta":"","header-above-stick-meta":"","header-main-stick-meta":"","header-below-stick-meta":"","astra-migrate-meta-layouts":"default","ast-page-background-enabled":"default","ast-page-background-meta":{"desktop":{"background-color":"","background-image":"","background-repeat":"repeat","background-position":"center center","background-size":"auto","background-attachment":"scroll","background-type":"","background-media":"","overlay-type":"","overlay-color":"","overlay-opacity":"","overlay-gradient":""},"tablet":{"background-color":"","background-image":"","background-repeat":"repeat","background-position":"center center","background-size":"auto","background-attachment":"scroll","background-type":"","background-media":"","overlay-type":"","overlay-color":"","overlay-opacity":"","overlay-gradient":""},"mobile":{"background-color":"","background-image":"","background-repeat":"repeat","background-position":"center center","background-size":"auto","background-attachment":"scroll","background-type":"","background-media":"","overlay-type":"","overlay-color":"","overlay-opacity":"","overlay-gradient":""}},"ast-content-background-meta":{"desktop":{"background-color":"var(--ast-global-color-4)","background-image":"","background-repeat":"repeat","background-position":"center center","background-size":"auto","background-attachment":"scroll","background-type":"","background-media":"","overlay-type":"","overlay-color":"","overlay-opacity":"","overlay-gradient":""},"tablet":{"background-color":"var(--ast-global-color-4)","background-image":"","background-repeat":"repeat","background-position":"center center","background-size":"auto","background-attachment":"scroll","background-type":"","background-media":"","overlay-type":"","overlay-color":"","overlay-opacity":"","overlay-gradient":""},"mobile":{"background-color":"var(--ast-global-color-4)","background-image":"","background-repeat":"repeat","background-position":"center center","background-size":"auto","background-attachment":"scroll","background-type":"","background-media":"","overlay-type":"","overlay-color":"","overlay-opacity":"","overlay-gradient":""}}},"product_brand":[],"product_cat":[31],"product_tag":[29],"class_list":{"0":"post-11073","1":"product","2":"type-product","3":"status-publish","4":"has-post-thumbnail","6":"product_cat-grozine-literatura","7":"product_tag-zaltvykstes-kolekcija","8":"desktop-align-left","9":"tablet-align-left","10":"mobile-align-left","12":"first","13":"instock","14":"shipping-taxable","15":"purchasable","16":"product-type-simple"},"acf":[],"yoast_head":"<!-- This site is optimized with the Yoast SEO plugin v27.0 - https:\/\/yoast.com\/product\/yoast-seo-wordpress\/ -->\n<title>Daphne du Maurier \u201e&quot;Jamaikos&quot; smukl\u0117\u201c - Skaitytaknyga<\/title>\n<meta name=\"description\" content=\"&quot;Jamaikos&quot; smukl\u0117&quot; - tai patraukli, romanti\u0161ka nuotyki\u0173 ir meil\u0117s kupina istorija, pasi\u017eyminti meistri\u0161kai supinta detektyvine intriga.  Veiksmas vyksta &quot;Jamaikos&quot; smukl\u0117je, nesvetingoje net dienos met\u0105, o nakt\u012f atverian\u010dioje duris piktadariams ir pl\u0117\u0161ikams.  ...Vien\u0105 dien\u0105 \u012f smukl\u0119 atvyksta jauna mergina Meri Jelan, ie\u0161kanti prieglobs\u010dio tetos namuose. Netrukus &quot;Jamaikoje&quot; pradeda d\u0117tis sukre\u010diantys dalykai. Veiksmas kaitaliojasi \u017eaibi\u0161kai, o atomazga visi\u0161kai netik\u0117ta ...\" \/>\n<meta name=\"robots\" content=\"index, follow, max-snippet:-1, max-image-preview:large, max-video-preview:-1\" \/>\n<link rel=\"canonical\" href=\"https:\/\/skaitytaknyga.lt\/en\/produktas\/daphne-du-maurier-jamaikos-smukle\/\" \/>\n<meta property=\"og:locale\" content=\"en_GB\" \/>\n<meta property=\"og:locale:alternate\" content=\"lt_LT\" \/>\n<meta property=\"og:type\" content=\"article\" \/>\n<meta property=\"og:title\" content=\"Daphne du Maurier \u201e&quot;Jamaikos&quot; smukl\u0117\u201c - Skaitytaknyga\" \/>\n<meta property=\"og:description\" content=\"&quot;Jamaikos&quot; smukl\u0117&quot; - tai patraukli, romanti\u0161ka nuotyki\u0173 ir meil\u0117s kupina istorija, pasi\u017eyminti meistri\u0161kai supinta detektyvine intriga.  Veiksmas vyksta &quot;Jamaikos&quot; smukl\u0117je, nesvetingoje net dienos met\u0105, o nakt\u012f atverian\u010dioje duris piktadariams ir pl\u0117\u0161ikams.  ...Vien\u0105 dien\u0105 \u012f smukl\u0119 atvyksta jauna mergina Meri Jelan, ie\u0161kanti prieglobs\u010dio tetos namuose. Netrukus &quot;Jamaikoje&quot; pradeda d\u0117tis sukre\u010diantys dalykai. Veiksmas kaitaliojasi \u017eaibi\u0161kai, o atomazga visi\u0161kai netik\u0117ta ...\" \/>\n<meta property=\"og:url\" content=\"https:\/\/skaitytaknyga.lt\/en\/produktas\/daphne-du-maurier-jamaikos-smukle\/\" \/>\n<meta property=\"og:site_name\" content=\"Skaitytaknyga\" \/>\n<meta property=\"article:publisher\" content=\"https:\/\/www.facebook.com\/skaitytaknyga\/\" \/>\n<meta property=\"article:modified_time\" content=\"2024-05-04T19:28:24+00:00\" \/>\n<meta property=\"og:image\" content=\"https:\/\/skaitytaknyga.lt\/wp-content\/uploads\/2024\/05\/jamaikos-smukle-maurier-d-e1685039777209.jpg\" \/>\n\t<meta property=\"og:image:width\" content=\"155\" \/>\n\t<meta property=\"og:image:height\" content=\"256\" \/>\n\t<meta property=\"og:image:type\" content=\"image\/jpeg\" \/>\n<meta name=\"twitter:card\" content=\"summary_large_image\" \/>\n<script type=\"application\/ld+json\" class=\"yoast-schema-graph\">{\"@context\":\"https:\/\/schema.org\",\"@graph\":[{\"@type\":\"WebPage\",\"@id\":\"https:\/\/skaitytaknyga.lt\/produktas\/daphne-du-maurier-jamaikos-smukle\/\",\"url\":\"https:\/\/skaitytaknyga.lt\/produktas\/daphne-du-maurier-jamaikos-smukle\/\",\"name\":\"Daphne du Maurier \u201e\\\"Jamaikos\\\" smukl\u0117\u201c - Skaitytaknyga\",\"isPartOf\":{\"@id\":\"https:\/\/skaitytaknyga.lt\/#website\"},\"primaryImageOfPage\":{\"@id\":\"https:\/\/skaitytaknyga.lt\/produktas\/daphne-du-maurier-jamaikos-smukle\/#primaryimage\"},\"image\":{\"@id\":\"https:\/\/skaitytaknyga.lt\/produktas\/daphne-du-maurier-jamaikos-smukle\/#primaryimage\"},\"thumbnailUrl\":\"https:\/\/skaitytaknyga.lt\/wp-content\/uploads\/2024\/05\/jamaikos-smukle-maurier-d-e1685039777209.jpg\",\"datePublished\":\"2024-05-04T19:27:21+00:00\",\"dateModified\":\"2024-05-04T19:28:24+00:00\",\"description\":\"\\\"Jamaikos\\\" smukl\u0117\\\" - tai patraukli, romanti\u0161ka nuotyki\u0173 ir meil\u0117s kupina istorija, pasi\u017eyminti meistri\u0161kai supinta detektyvine intriga. Veiksmas vyksta \\\"Jamaikos\\\" smukl\u0117je, nesvetingoje net dienos met\u0105, o nakt\u012f atverian\u010dioje duris piktadariams ir pl\u0117\u0161ikams. ...Vien\u0105 dien\u0105 \u012f smukl\u0119 atvyksta jauna mergina Meri Jelan, ie\u0161kanti prieglobs\u010dio tetos namuose. Netrukus \\\"Jamaikoje\\\" pradeda d\u0117tis sukre\u010diantys dalykai. Veiksmas kaitaliojasi \u017eaibi\u0161kai, o atomazga visi\u0161kai netik\u0117ta ...\",\"breadcrumb\":{\"@id\":\"https:\/\/skaitytaknyga.lt\/produktas\/daphne-du-maurier-jamaikos-smukle\/#breadcrumb\"},\"inLanguage\":\"en-GB\",\"potentialAction\":[{\"@type\":\"ReadAction\",\"target\":[\"https:\/\/skaitytaknyga.lt\/produktas\/daphne-du-maurier-jamaikos-smukle\/\"]}]},{\"@type\":\"ImageObject\",\"inLanguage\":\"en-GB\",\"@id\":\"https:\/\/skaitytaknyga.lt\/produktas\/daphne-du-maurier-jamaikos-smukle\/#primaryimage\",\"url\":\"https:\/\/skaitytaknyga.lt\/wp-content\/uploads\/2024\/05\/jamaikos-smukle-maurier-d-e1685039777209.jpg\",\"contentUrl\":\"https:\/\/skaitytaknyga.lt\/wp-content\/uploads\/2024\/05\/jamaikos-smukle-maurier-d-e1685039777209.jpg\",\"width\":155,\"height\":256},{\"@type\":\"BreadcrumbList\",\"@id\":\"https:\/\/skaitytaknyga.lt\/produktas\/daphne-du-maurier-jamaikos-smukle\/#breadcrumb\",\"itemListElement\":[{\"@type\":\"ListItem\",\"position\":1,\"name\":\"Home\",\"item\":\"https:\/\/skaitytaknyga.lt\/\"},{\"@type\":\"ListItem\",\"position\":2,\"name\":\"Parduotuv\u0117\",\"item\":\"https:\/\/skaitytaknyga.lt\/knygu-parduotuve\/\"},{\"@type\":\"ListItem\",\"position\":3,\"name\":\"Daphne du Maurier \u201e&#8221;Jamaikos&#8221; smukl\u0117\u201c\"}]},{\"@type\":\"WebSite\",\"@id\":\"https:\/\/skaitytaknyga.lt\/#website\",\"url\":\"https:\/\/skaitytaknyga.lt\/\",\"name\":\"skaitytaknyga.lt\",\"description\":\"Skaitytaknyga.lt \u2013 tai ma\u017eas \u0161eimos verslas, kuris prasid\u0117jo nuo meil\u0117s knygoms ir siekio i\u0161gelb\u0117ti knygas nuo likimo prie konteinerio. Kas vienam nereikalingas daiktas \u2013 kitam lobis, o mes esame tarpininkai, kurie padeda abiems tapti laimingesniems ???? \u017dinome kaip nelengva i\u0161gyventi ma\u017eiems verslams, tad nuo \u0161iol, \u010dia rasite ir kit\u0173, ma\u017e\u0173 \u0161eim\u0173 versl\u0173, rank\u0173 darbo, dovan\u0173 sau ir artimiesiems.\",\"publisher\":{\"@id\":\"https:\/\/skaitytaknyga.lt\/#organization\"},\"potentialAction\":[{\"@type\":\"SearchAction\",\"target\":{\"@type\":\"EntryPoint\",\"urlTemplate\":\"https:\/\/skaitytaknyga.lt\/?s={search_term_string}\"},\"query-input\":{\"@type\":\"PropertyValueSpecification\",\"valueRequired\":true,\"valueName\":\"search_term_string\"}}],\"inLanguage\":\"en-GB\"},{\"@type\":\"Organization\",\"@id\":\"https:\/\/skaitytaknyga.lt\/#organization\",\"name\":\"skaitytaknyga.lt\",\"url\":\"https:\/\/skaitytaknyga.lt\/\",\"logo\":{\"@type\":\"ImageObject\",\"inLanguage\":\"en-GB\",\"@id\":\"https:\/\/skaitytaknyga.lt\/#\/schema\/logo\/image\/\",\"url\":\"https:\/\/skaitytaknyga.lt\/wp-content\/uploads\/2024\/05\/cropped-cropped-cropped-02_00843_jt3bggkj1j3HLc7SyY6rEUpg.jpeg\",\"contentUrl\":\"https:\/\/skaitytaknyga.lt\/wp-content\/uploads\/2024\/05\/cropped-cropped-cropped-02_00843_jt3bggkj1j3HLc7SyY6rEUpg.jpeg\",\"width\":1600,\"height\":1600,\"caption\":\"skaitytaknyga.lt\"},\"image\":{\"@id\":\"https:\/\/skaitytaknyga.lt\/#\/schema\/logo\/image\/\"},\"sameAs\":[\"https:\/\/www.facebook.com\/skaitytaknyga\/\"]}]}<\/script>\n<!-- \/ Yoast SEO plugin. -->","yoast_head_json":{"title":"Daphne du Maurier \u201e\"Jamaikos\" smukl\u0117\u201c - Skaitytaknyga","description":"\"Jamaikos\" smukl\u0117\" - tai patraukli, romanti\u0161ka nuotyki\u0173 ir meil\u0117s kupina istorija, pasi\u017eyminti meistri\u0161kai supinta detektyvine intriga.  Veiksmas vyksta \"Jamaikos\" smukl\u0117je, nesvetingoje net dienos met\u0105, o nakt\u012f atverian\u010dioje duris piktadariams ir pl\u0117\u0161ikams.  ...Vien\u0105 dien\u0105 \u012f smukl\u0119 atvyksta jauna mergina Meri Jelan, ie\u0161kanti prieglobs\u010dio tetos namuose. Netrukus \"Jamaikoje\" pradeda d\u0117tis sukre\u010diantys dalykai. Veiksmas kaitaliojasi \u017eaibi\u0161kai, o atomazga visi\u0161kai netik\u0117ta ...","robots":{"index":"index","follow":"follow","max-snippet":"max-snippet:-1","max-image-preview":"max-image-preview:large","max-video-preview":"max-video-preview:-1"},"canonical":"https:\/\/skaitytaknyga.lt\/en\/produktas\/daphne-du-maurier-jamaikos-smukle\/","og_locale":"en_GB","og_type":"article","og_title":"Daphne du Maurier \u201e\"Jamaikos\" smukl\u0117\u201c - Skaitytaknyga","og_description":"\"Jamaikos\" smukl\u0117\" - tai patraukli, romanti\u0161ka nuotyki\u0173 ir meil\u0117s kupina istorija, pasi\u017eyminti meistri\u0161kai supinta detektyvine intriga.  Veiksmas vyksta \"Jamaikos\" smukl\u0117je, nesvetingoje net dienos met\u0105, o nakt\u012f atverian\u010dioje duris piktadariams ir pl\u0117\u0161ikams.  ...Vien\u0105 dien\u0105 \u012f smukl\u0119 atvyksta jauna mergina Meri Jelan, ie\u0161kanti prieglobs\u010dio tetos namuose. Netrukus \"Jamaikoje\" pradeda d\u0117tis sukre\u010diantys dalykai. Veiksmas kaitaliojasi \u017eaibi\u0161kai, o atomazga visi\u0161kai netik\u0117ta ...","og_url":"https:\/\/skaitytaknyga.lt\/en\/produktas\/daphne-du-maurier-jamaikos-smukle\/","og_site_name":"Skaitytaknyga","article_publisher":"https:\/\/www.facebook.com\/skaitytaknyga\/","article_modified_time":"2024-05-04T19:28:24+00:00","og_image":[{"width":155,"height":256,"url":"https:\/\/skaitytaknyga.lt\/wp-content\/uploads\/2024\/05\/jamaikos-smukle-maurier-d-e1685039777209.jpg","type":"image\/jpeg"}],"twitter_card":"summary_large_image","schema":{"@context":"https:\/\/schema.org","@graph":[{"@type":"WebPage","@id":"https:\/\/skaitytaknyga.lt\/produktas\/daphne-du-maurier-jamaikos-smukle\/","url":"https:\/\/skaitytaknyga.lt\/produktas\/daphne-du-maurier-jamaikos-smukle\/","name":"Daphne du Maurier \u201e\"Jamaikos\" smukl\u0117\u201c - Skaitytaknyga","isPartOf":{"@id":"https:\/\/skaitytaknyga.lt\/#website"},"primaryImageOfPage":{"@id":"https:\/\/skaitytaknyga.lt\/produktas\/daphne-du-maurier-jamaikos-smukle\/#primaryimage"},"image":{"@id":"https:\/\/skaitytaknyga.lt\/produktas\/daphne-du-maurier-jamaikos-smukle\/#primaryimage"},"thumbnailUrl":"https:\/\/skaitytaknyga.lt\/wp-content\/uploads\/2024\/05\/jamaikos-smukle-maurier-d-e1685039777209.jpg","datePublished":"2024-05-04T19:27:21+00:00","dateModified":"2024-05-04T19:28:24+00:00","description":"\"Jamaikos\" smukl\u0117\" - tai patraukli, romanti\u0161ka nuotyki\u0173 ir meil\u0117s kupina istorija, pasi\u017eyminti meistri\u0161kai supinta detektyvine intriga. Veiksmas vyksta \"Jamaikos\" smukl\u0117je, nesvetingoje net dienos met\u0105, o nakt\u012f atverian\u010dioje duris piktadariams ir pl\u0117\u0161ikams. ...Vien\u0105 dien\u0105 \u012f smukl\u0119 atvyksta jauna mergina Meri Jelan, ie\u0161kanti prieglobs\u010dio tetos namuose. Netrukus \"Jamaikoje\" pradeda d\u0117tis sukre\u010diantys dalykai. Veiksmas kaitaliojasi \u017eaibi\u0161kai, o atomazga visi\u0161kai netik\u0117ta ...","breadcrumb":{"@id":"https:\/\/skaitytaknyga.lt\/produktas\/daphne-du-maurier-jamaikos-smukle\/#breadcrumb"},"inLanguage":"en-GB","potentialAction":[{"@type":"ReadAction","target":["https:\/\/skaitytaknyga.lt\/produktas\/daphne-du-maurier-jamaikos-smukle\/"]}]},{"@type":"ImageObject","inLanguage":"en-GB","@id":"https:\/\/skaitytaknyga.lt\/produktas\/daphne-du-maurier-jamaikos-smukle\/#primaryimage","url":"https:\/\/skaitytaknyga.lt\/wp-content\/uploads\/2024\/05\/jamaikos-smukle-maurier-d-e1685039777209.jpg","contentUrl":"https:\/\/skaitytaknyga.lt\/wp-content\/uploads\/2024\/05\/jamaikos-smukle-maurier-d-e1685039777209.jpg","width":155,"height":256},{"@type":"BreadcrumbList","@id":"https:\/\/skaitytaknyga.lt\/produktas\/daphne-du-maurier-jamaikos-smukle\/#breadcrumb","itemListElement":[{"@type":"ListItem","position":1,"name":"Home","item":"https:\/\/skaitytaknyga.lt\/"},{"@type":"ListItem","position":2,"name":"Parduotuv\u0117","item":"https:\/\/skaitytaknyga.lt\/knygu-parduotuve\/"},{"@type":"ListItem","position":3,"name":"Daphne du Maurier \u201e&#8221;Jamaikos&#8221; smukl\u0117\u201c"}]},{"@type":"WebSite","@id":"https:\/\/skaitytaknyga.lt\/#website","url":"https:\/\/skaitytaknyga.lt\/","name":"skaitytaknyga.lt","description":"Skaitytaknyga.lt \u2013 tai ma\u017eas \u0161eimos verslas, kuris prasid\u0117jo nuo meil\u0117s knygoms ir siekio i\u0161gelb\u0117ti knygas nuo likimo prie konteinerio. Kas vienam nereikalingas daiktas \u2013 kitam lobis, o mes esame tarpininkai, kurie padeda abiems tapti laimingesniems ???? \u017dinome kaip nelengva i\u0161gyventi ma\u017eiems verslams, tad nuo \u0161iol, \u010dia rasite ir kit\u0173, ma\u017e\u0173 \u0161eim\u0173 versl\u0173, rank\u0173 darbo, dovan\u0173 sau ir artimiesiems.","publisher":{"@id":"https:\/\/skaitytaknyga.lt\/#organization"},"potentialAction":[{"@type":"SearchAction","target":{"@type":"EntryPoint","urlTemplate":"https:\/\/skaitytaknyga.lt\/?s={search_term_string}"},"query-input":{"@type":"PropertyValueSpecification","valueRequired":true,"valueName":"search_term_string"}}],"inLanguage":"en-GB"},{"@type":"Organization","@id":"https:\/\/skaitytaknyga.lt\/#organization","name":"skaitytaknyga.lt","url":"https:\/\/skaitytaknyga.lt\/","logo":{"@type":"ImageObject","inLanguage":"en-GB","@id":"https:\/\/skaitytaknyga.lt\/#\/schema\/logo\/image\/","url":"https:\/\/skaitytaknyga.lt\/wp-content\/uploads\/2024\/05\/cropped-cropped-cropped-02_00843_jt3bggkj1j3HLc7SyY6rEUpg.jpeg","contentUrl":"https:\/\/skaitytaknyga.lt\/wp-content\/uploads\/2024\/05\/cropped-cropped-cropped-02_00843_jt3bggkj1j3HLc7SyY6rEUpg.jpeg","width":1600,"height":1600,"caption":"skaitytaknyga.lt"},"image":{"@id":"https:\/\/skaitytaknyga.lt\/#\/schema\/logo\/image\/"},"sameAs":["https:\/\/www.facebook.com\/skaitytaknyga\/"]}]}},"_links":{"self":[{"href":"https:\/\/skaitytaknyga.lt\/en\/wp-json\/wp\/v2\/product\/11073","targetHints":{"allow":["GET"]}}],"collection":[{"href":"https:\/\/skaitytaknyga.lt\/en\/wp-json\/wp\/v2\/product"}],"about":[{"href":"https:\/\/skaitytaknyga.lt\/en\/wp-json\/wp\/v2\/types\/product"}],"replies":[{"embeddable":true,"href":"https:\/\/skaitytaknyga.lt\/en\/wp-json\/wp\/v2\/comments?post=11073"}],"wp:featuredmedia":[{"embeddable":true,"href":"https:\/\/skaitytaknyga.lt\/en\/wp-json\/wp\/v2\/media\/11103"}],"wp:attachment":[{"href":"https:\/\/skaitytaknyga.lt\/en\/wp-json\/wp\/v2\/media?parent=11073"}],"wp:term":[{"taxonomy":"product_brand","embeddable":true,"href":"https:\/\/skaitytaknyga.lt\/en\/wp-json\/wp\/v2\/product_brand?post=11073"},{"taxonomy":"product_cat","embeddable":true,"href":"https:\/\/skaitytaknyga.lt\/en\/wp-json\/wp\/v2\/product_cat?post=11073"},{"taxonomy":"product_tag","embeddable":true,"href":"https:\/\/skaitytaknyga.lt\/en\/wp-json\/wp\/v2\/product_tag?post=11073"}],"curies":[{"name":"wp","href":"https:\/\/api.w.org\/{rel}","templated":true}]}}