{"id":11064,"date":"2024-05-04T19:27:00","date_gmt":"2024-05-04T19:27:00","guid":{"rendered":"https:\/\/skaitytaknyga.lt\/?post_type=product&#038;p=11064"},"modified":"2025-05-24T21:16:14","modified_gmt":"2025-05-24T18:16:14","slug":"robert-greene-joost-elffers-33-karo-strategijos","status":"publish","type":"product","link":"https:\/\/skaitytaknyga.lt\/en\/produktas\/robert-greene-joost-elffers-33-karo-strategijos\/","title":{"rendered":"33 karo strategijos"},"content":{"rendered":"<p>\u201e33 karo strategijos\u201c tai pasaulinio karo, gynybos ir puolimo istorijos kolekcija leid\u017eianti skaitytojams pasinaudoti sprend\u017eiant \u012fvairius \u0161iuolaikinio gyvenimo konfliktus. \u0160i nuostabi knyga nepakei\u010diama ramiame, nedrums\u010diamame, bet gana \u017eiauriame ir visi\u0161kai nekompromisiniame \u017eaidime, kurio pavadinimas \u201eGyvenimas\u201c.<br \/>\nJoje pateikiami did\u017ei\u0173j\u0173 pasaulio civilizacij\u0173 karybos laim\u0117jimai, susintetinama daugyb\u0117 politini\u0173, filosofini\u0173 bei religini\u0173 tekst\u0173 ir ap\u017evelgiama \u012fvairiais am\u017eiais vykusi\u0173 karini\u0173 konflikt\u0173 istorija,\u00a0 yra i\u0161samus subtilaus, kasdien vykstan\u010dio socialinio \u017eaidimo vadovas, kuriame nagrin\u0117jami patys originaliausi ir veiksmingiausi karybos principai. Sudaryta originaliu tik Greene\u2018ui b\u016bdingu principu. \u0160i knyga yra \u0161iuolaikinis Sun-tzu traktato \u201eKaro menas\u201c t\u0119sinys. Knyg\u0105, pad\u0117sian\u010di\u0105 jums laim\u0117ti gyvenimo kovas, sudaro trisde\u0161imt trys skyriai, kuriuose gausu pavyzd\u017ei\u0173 i\u0161 istorijos, pasakojim\u0173 apie \u017eymi\u0173 \u017emoni\u0173 (Napoleono, Margaret Thatcher, Shakos Zulu, lordo Nelsono, Hanibalo, Ulysso Granto, stambi\u0173 verslo magnat\u0173, samuraj\u0173 kardinink\u0173 ir diplomat\u0173) genialius strateginius sprendimus ir ne\u012ftik\u0117tinas kvailystes.<br \/>\nRobert Greene \u2013 populiariausios knygos &#8220;J\u0117ga&#8221; autorius.<\/p>\n","protected":false},"excerpt":{"rendered":"<p>\u201e33 karo strategijos\u201c tai pasaulinio karo, gynybos ir puolimo istorijos kolekcija leid\u017eianti skaitytojams pasinaudoti sprend\u017eiant \u012fvairius \u0161iuolaikinio gyvenimo konfliktus. \u0160i nuostabi knyga nepakei\u010diama ramiame, nedrums\u010diamame, bet gana \u017eiauriame ir visi\u0161kai nekompromisiniame \u017eaidime, kurio pavadinimas \u201eGyvenimas\u201c.<br \/>\nJoje pateikiami did\u017ei\u0173j\u0173 pasaulio civilizacij\u0173 karybos laim\u0117jimai, susintetinama daugyb\u0117 politini\u0173, filosofini\u0173 bei religini\u0173 tekst\u0173 ir ap\u017evelgiama \u012fvairiais am\u017eiais vykusi\u0173 karini\u0173 konflikt\u0173 istorija,\u00a0 yra i\u0161samus subtilaus, kasdien vykstan\u010dio socialinio \u017eaidimo vadovas, kuriame nagrin\u0117jami patys originaliausi ir veiksmingiausi karybos principai. Sudaryta originaliu tik Greene\u2018ui b\u016bdingu principu. \u0160i knyga yra \u0161iuolaikinis Sun-tzu traktato \u201eKaro menas\u201c t\u0119sinys. Knyg\u0105, pad\u0117sian\u010di\u0105 jums laim\u0117ti gyvenimo kovas, sudaro trisde\u0161imt trys skyriai, kuriuose gausu pavyzd\u017ei\u0173 i\u0161 istorijos, pasakojim\u0173 apie \u017eymi\u0173 \u017emoni\u0173 (Napoleono, Margaret Thatcher, Shakos Zulu, lordo Nelsono, Hanibalo, Ulysso Granto, stambi\u0173 verslo magnat\u0173, samuraj\u0173 kardinink\u0173 ir diplomat\u0173) genialius strateginius sprendimus ir ne\u012ftik\u0117tinas kvailystes.<br \/>\nRobert Greene \u2013 populiariausios knygos &#8220;J\u0117ga&#8221; autorius.<\/p>\n","protected":false},"featured_media":11101,"comment_status":"closed","ping_status":"closed","template":"","meta":{"_acf_changed":false,"site-sidebar-layout":"default","site-content-layout":"","ast-site-content-layout":"default","site-content-style":"default","site-sidebar-style":"default","ast-global-header-display":"","ast-banner-title-visibility":"","ast-main-header-display":"","ast-hfb-above-header-display":"","ast-hfb-below-header-display":"","ast-hfb-mobile-header-display":"","site-post-title":"","ast-breadcrumbs-content":"","ast-featured-img":"","footer-sml-layout":"","ast-disable-related-posts":"","theme-transparent-header-meta":"","adv-header-id-meta":"","stick-header-meta":"","header-above-stick-meta":"","header-main-stick-meta":"","header-below-stick-meta":"","astra-migrate-meta-layouts":"default","ast-page-background-enabled":"default","ast-page-background-meta":{"desktop":{"background-color":"","background-image":"","background-repeat":"repeat","background-position":"center center","background-size":"auto","background-attachment":"scroll","background-type":"","background-media":"","overlay-type":"","overlay-color":"","overlay-opacity":"","overlay-gradient":""},"tablet":{"background-color":"","background-image":"","background-repeat":"repeat","background-position":"center center","background-size":"auto","background-attachment":"scroll","background-type":"","background-media":"","overlay-type":"","overlay-color":"","overlay-opacity":"","overlay-gradient":""},"mobile":{"background-color":"","background-image":"","background-repeat":"repeat","background-position":"center center","background-size":"auto","background-attachment":"scroll","background-type":"","background-media":"","overlay-type":"","overlay-color":"","overlay-opacity":"","overlay-gradient":""}},"ast-content-background-meta":{"desktop":{"background-color":"var(--ast-global-color-4)","background-image":"","background-repeat":"repeat","background-position":"center center","background-size":"auto","background-attachment":"scroll","background-type":"","background-media":"","overlay-type":"","overlay-color":"","overlay-opacity":"","overlay-gradient":""},"tablet":{"background-color":"var(--ast-global-color-4)","background-image":"","background-repeat":"repeat","background-position":"center center","background-size":"auto","background-attachment":"scroll","background-type":"","background-media":"","overlay-type":"","overlay-color":"","overlay-opacity":"","overlay-gradient":""},"mobile":{"background-color":"var(--ast-global-color-4)","background-image":"","background-repeat":"repeat","background-position":"center center","background-size":"auto","background-attachment":"scroll","background-type":"","background-media":"","overlay-type":"","overlay-color":"","overlay-opacity":"","overlay-gradient":""}}},"product_brand":[],"product_cat":[26],"product_tag":[2224,4388,4309,2395,4387,1541],"class_list":{"0":"post-11064","1":"product","2":"type-product","3":"status-publish","4":"has-post-thumbnail","6":"product_cat-verslas-vadyba-ir-finansai","7":"product_tag-istorija","8":"product_tag-joost-elffers","9":"product_tag-karo-menas","10":"product_tag-politika","11":"product_tag-robert-greene","12":"product_tag-strategija","13":"desktop-align-left","14":"tablet-align-left","15":"mobile-align-left","17":"first","18":"outofstock","19":"shipping-taxable","20":"purchasable","21":"product-type-simple"},"acf":[],"yoast_head":"<!-- This site is optimized with the Yoast SEO plugin v27.0 - https:\/\/yoast.com\/product\/yoast-seo-wordpress\/ -->\n<title>33 karo strategijos<\/title>\n<meta name=\"description\" content=\"\u201e33 karo strategijos\u201c tai pasaulinio karo, gynybos ir puolimo istorijos kolekcija leid\u017eianti skaitytojams pasinaudoti sprend\u017eiant \u012fvairius \u0161iuolaikinio gyvenimo konfliktus. \u0160i nuostabi knyga nepakei\u010diama ramiame, nedrums\u010diamame, bet gana \u017eiauriame ir visi\u0161kai nekompromisiniame \u017eaidime, kurio pavadinimas \u201eGyvenimas\u201c. Joje pateikiami did\u017ei\u0173j\u0173 pasaulio civilizacij\u0173 karybos laim\u0117jimai, susintetinama daugyb\u0117 politini\u0173, filosofini\u0173 bei religini\u0173 tekst\u0173 ir ap\u017evelgiama \u012fvairiais am\u017eiais vykusi\u0173 karini\u0173 konflikt\u0173 istorija,\u00a0 yra i\u0161samus subtilaus, kasdien vykstan\u010dio socialinio \u017eaidimo vadovas, kuriame nagrin\u0117jami patys originaliausi ir veiksmingiausi karybos principai. Sudaryta originaliu tik Greene\u2018ui b\u016bdingu principu. \u0160i knyga yra \u0161iuolaikinis Sun-tzu traktato \u201eKaro menas\u201c t\u0119sinys. Knyg\u0105, pad\u0117sian\u010di\u0105 jums laim\u0117ti gyvenimo kovas, sudaro trisde\u0161imt trys skyriai, kuriuose gausu pavyzd\u017ei\u0173 i\u0161 istorijos, pasakojim\u0173 apie \u017eymi\u0173 \u017emoni\u0173 (Napoleono, Margaret Thatcher, Shakos Zulu, lordo Nelsono, Hanibalo, Ulysso Granto, stambi\u0173 verslo magnat\u0173, samuraj\u0173 kardinink\u0173 ir diplomat\u0173) genialius strateginius sprendimus ir ne\u012ftik\u0117tinas kvailystes. Robert Greene \u2013 populiariausios knygos &quot;J\u0117ga&quot; autorius.\" \/>\n<meta name=\"robots\" content=\"index, follow, max-snippet:-1, max-image-preview:large, max-video-preview:-1\" \/>\n<link rel=\"canonical\" href=\"https:\/\/skaitytaknyga.lt\/en\/produktas\/robert-greene-joost-elffers-33-karo-strategijos\/\" \/>\n<meta property=\"og:locale\" content=\"en_GB\" \/>\n<meta property=\"og:locale:alternate\" content=\"lt_LT\" \/>\n<meta property=\"og:type\" content=\"article\" \/>\n<meta property=\"og:title\" content=\"33 karo strategijos\" \/>\n<meta property=\"og:description\" content=\"\u201e33 karo strategijos\u201c tai pasaulinio karo, gynybos ir puolimo istorijos kolekcija leid\u017eianti skaitytojams pasinaudoti sprend\u017eiant \u012fvairius \u0161iuolaikinio gyvenimo konfliktus. \u0160i nuostabi knyga nepakei\u010diama ramiame, nedrums\u010diamame, bet gana \u017eiauriame ir visi\u0161kai nekompromisiniame \u017eaidime, kurio pavadinimas \u201eGyvenimas\u201c. Joje pateikiami did\u017ei\u0173j\u0173 pasaulio civilizacij\u0173 karybos laim\u0117jimai, susintetinama daugyb\u0117 politini\u0173, filosofini\u0173 bei religini\u0173 tekst\u0173 ir ap\u017evelgiama \u012fvairiais am\u017eiais vykusi\u0173 karini\u0173 konflikt\u0173 istorija,\u00a0 yra i\u0161samus subtilaus, kasdien vykstan\u010dio socialinio \u017eaidimo vadovas, kuriame nagrin\u0117jami patys originaliausi ir veiksmingiausi karybos principai. Sudaryta originaliu tik Greene\u2018ui b\u016bdingu principu. \u0160i knyga yra \u0161iuolaikinis Sun-tzu traktato \u201eKaro menas\u201c t\u0119sinys. Knyg\u0105, pad\u0117sian\u010di\u0105 jums laim\u0117ti gyvenimo kovas, sudaro trisde\u0161imt trys skyriai, kuriuose gausu pavyzd\u017ei\u0173 i\u0161 istorijos, pasakojim\u0173 apie \u017eymi\u0173 \u017emoni\u0173 (Napoleono, Margaret Thatcher, Shakos Zulu, lordo Nelsono, Hanibalo, Ulysso Granto, stambi\u0173 verslo magnat\u0173, samuraj\u0173 kardinink\u0173 ir diplomat\u0173) genialius strateginius sprendimus ir ne\u012ftik\u0117tinas kvailystes. Robert Greene \u2013 populiariausios knygos &quot;J\u0117ga&quot; autorius.\" \/>\n<meta property=\"og:url\" content=\"https:\/\/skaitytaknyga.lt\/en\/produktas\/robert-greene-joost-elffers-33-karo-strategijos\/\" \/>\n<meta property=\"og:site_name\" content=\"Skaitytaknyga\" \/>\n<meta property=\"article:publisher\" content=\"https:\/\/www.facebook.com\/skaitytaknyga\/\" \/>\n<meta property=\"article:modified_time\" content=\"2025-05-24T18:16:14+00:00\" \/>\n<meta property=\"og:image\" content=\"https:\/\/skaitytaknyga.lt\/wp-content\/uploads\/2024\/05\/33-karo-strategijos-e1685039415468.jpg\" \/>\n\t<meta property=\"og:image:width\" content=\"303\" \/>\n\t<meta property=\"og:image:height\" content=\"428\" \/>\n\t<meta property=\"og:image:type\" content=\"image\/jpeg\" \/>\n<meta name=\"twitter:card\" content=\"summary_large_image\" \/>\n<meta name=\"twitter:label1\" content=\"Estimated reading time\" \/>\n\t<meta name=\"twitter:data1\" content=\"1 minute\" \/>\n<script type=\"application\/ld+json\" class=\"yoast-schema-graph\">{\"@context\":\"https:\/\/schema.org\",\"@graph\":[{\"@type\":\"WebPage\",\"@id\":\"https:\/\/skaitytaknyga.lt\/produktas\/robert-greene-joost-elffers-33-karo-strategijos\/\",\"url\":\"https:\/\/skaitytaknyga.lt\/produktas\/robert-greene-joost-elffers-33-karo-strategijos\/\",\"name\":\"33 karo strategijos\",\"isPartOf\":{\"@id\":\"https:\/\/skaitytaknyga.lt\/#website\"},\"primaryImageOfPage\":{\"@id\":\"https:\/\/skaitytaknyga.lt\/produktas\/robert-greene-joost-elffers-33-karo-strategijos\/#primaryimage\"},\"image\":{\"@id\":\"https:\/\/skaitytaknyga.lt\/produktas\/robert-greene-joost-elffers-33-karo-strategijos\/#primaryimage\"},\"thumbnailUrl\":\"https:\/\/skaitytaknyga.lt\/wp-content\/uploads\/2024\/05\/33-karo-strategijos-e1685039415468.jpg\",\"datePublished\":\"2024-05-04T19:27:00+00:00\",\"dateModified\":\"2025-05-24T18:16:14+00:00\",\"description\":\"\u201e33 karo strategijos\u201c tai pasaulinio karo, gynybos ir puolimo istorijos kolekcija leid\u017eianti skaitytojams pasinaudoti sprend\u017eiant \u012fvairius \u0161iuolaikinio gyvenimo konfliktus. \u0160i nuostabi knyga nepakei\u010diama ramiame, nedrums\u010diamame, bet gana \u017eiauriame ir visi\u0161kai nekompromisiniame \u017eaidime, kurio pavadinimas \u201eGyvenimas\u201c. Joje pateikiami did\u017ei\u0173j\u0173 pasaulio civilizacij\u0173 karybos laim\u0117jimai, susintetinama daugyb\u0117 politini\u0173, filosofini\u0173 bei religini\u0173 tekst\u0173 ir ap\u017evelgiama \u012fvairiais am\u017eiais vykusi\u0173 karini\u0173 konflikt\u0173 istorija,\u00a0 yra i\u0161samus subtilaus, kasdien vykstan\u010dio socialinio \u017eaidimo vadovas, kuriame nagrin\u0117jami patys originaliausi ir veiksmingiausi karybos principai. Sudaryta originaliu tik Greene\u2018ui b\u016bdingu principu. \u0160i knyga yra \u0161iuolaikinis Sun-tzu traktato \u201eKaro menas\u201c t\u0119sinys. Knyg\u0105, pad\u0117sian\u010di\u0105 jums laim\u0117ti gyvenimo kovas, sudaro trisde\u0161imt trys skyriai, kuriuose gausu pavyzd\u017ei\u0173 i\u0161 istorijos, pasakojim\u0173 apie \u017eymi\u0173 \u017emoni\u0173 (Napoleono, Margaret Thatcher, Shakos Zulu, lordo Nelsono, Hanibalo, Ulysso Granto, stambi\u0173 verslo magnat\u0173, samuraj\u0173 kardinink\u0173 ir diplomat\u0173) genialius strateginius sprendimus ir ne\u012ftik\u0117tinas kvailystes. Robert Greene \u2013 populiariausios knygos \\\"J\u0117ga\\\" autorius.\",\"breadcrumb\":{\"@id\":\"https:\/\/skaitytaknyga.lt\/produktas\/robert-greene-joost-elffers-33-karo-strategijos\/#breadcrumb\"},\"inLanguage\":\"en-GB\",\"potentialAction\":[{\"@type\":\"ReadAction\",\"target\":[\"https:\/\/skaitytaknyga.lt\/produktas\/robert-greene-joost-elffers-33-karo-strategijos\/\"]}]},{\"@type\":\"ImageObject\",\"inLanguage\":\"en-GB\",\"@id\":\"https:\/\/skaitytaknyga.lt\/produktas\/robert-greene-joost-elffers-33-karo-strategijos\/#primaryimage\",\"url\":\"https:\/\/skaitytaknyga.lt\/wp-content\/uploads\/2024\/05\/33-karo-strategijos-e1685039415468.jpg\",\"contentUrl\":\"https:\/\/skaitytaknyga.lt\/wp-content\/uploads\/2024\/05\/33-karo-strategijos-e1685039415468.jpg\",\"width\":303,\"height\":428},{\"@type\":\"BreadcrumbList\",\"@id\":\"https:\/\/skaitytaknyga.lt\/produktas\/robert-greene-joost-elffers-33-karo-strategijos\/#breadcrumb\",\"itemListElement\":[{\"@type\":\"ListItem\",\"position\":1,\"name\":\"Home\",\"item\":\"https:\/\/skaitytaknyga.lt\/\"},{\"@type\":\"ListItem\",\"position\":2,\"name\":\"Parduotuv\u0117\",\"item\":\"https:\/\/skaitytaknyga.lt\/knygu-parduotuve\/\"},{\"@type\":\"ListItem\",\"position\":3,\"name\":\"33 karo strategijos\"}]},{\"@type\":\"WebSite\",\"@id\":\"https:\/\/skaitytaknyga.lt\/#website\",\"url\":\"https:\/\/skaitytaknyga.lt\/\",\"name\":\"skaitytaknyga.lt\",\"description\":\"Skaitytaknyga.lt \u2013 tai ma\u017eas \u0161eimos verslas, kuris prasid\u0117jo nuo meil\u0117s knygoms ir siekio i\u0161gelb\u0117ti knygas nuo likimo prie konteinerio. Kas vienam nereikalingas daiktas \u2013 kitam lobis, o mes esame tarpininkai, kurie padeda abiems tapti laimingesniems ???? \u017dinome kaip nelengva i\u0161gyventi ma\u017eiems verslams, tad nuo \u0161iol, \u010dia rasite ir kit\u0173, ma\u017e\u0173 \u0161eim\u0173 versl\u0173, rank\u0173 darbo, dovan\u0173 sau ir artimiesiems.\",\"publisher\":{\"@id\":\"https:\/\/skaitytaknyga.lt\/#organization\"},\"potentialAction\":[{\"@type\":\"SearchAction\",\"target\":{\"@type\":\"EntryPoint\",\"urlTemplate\":\"https:\/\/skaitytaknyga.lt\/?s={search_term_string}\"},\"query-input\":{\"@type\":\"PropertyValueSpecification\",\"valueRequired\":true,\"valueName\":\"search_term_string\"}}],\"inLanguage\":\"en-GB\"},{\"@type\":\"Organization\",\"@id\":\"https:\/\/skaitytaknyga.lt\/#organization\",\"name\":\"skaitytaknyga.lt\",\"url\":\"https:\/\/skaitytaknyga.lt\/\",\"logo\":{\"@type\":\"ImageObject\",\"inLanguage\":\"en-GB\",\"@id\":\"https:\/\/skaitytaknyga.lt\/#\/schema\/logo\/image\/\",\"url\":\"https:\/\/skaitytaknyga.lt\/wp-content\/uploads\/2024\/05\/cropped-cropped-cropped-02_00843_jt3bggkj1j3HLc7SyY6rEUpg.jpeg\",\"contentUrl\":\"https:\/\/skaitytaknyga.lt\/wp-content\/uploads\/2024\/05\/cropped-cropped-cropped-02_00843_jt3bggkj1j3HLc7SyY6rEUpg.jpeg\",\"width\":1600,\"height\":1600,\"caption\":\"skaitytaknyga.lt\"},\"image\":{\"@id\":\"https:\/\/skaitytaknyga.lt\/#\/schema\/logo\/image\/\"},\"sameAs\":[\"https:\/\/www.facebook.com\/skaitytaknyga\/\"]}]}<\/script>\n<!-- \/ Yoast SEO plugin. -->","yoast_head_json":{"title":"33 karo strategijos","description":"\u201e33 karo strategijos\u201c tai pasaulinio karo, gynybos ir puolimo istorijos kolekcija leid\u017eianti skaitytojams pasinaudoti sprend\u017eiant \u012fvairius \u0161iuolaikinio gyvenimo konfliktus. \u0160i nuostabi knyga nepakei\u010diama ramiame, nedrums\u010diamame, bet gana \u017eiauriame ir visi\u0161kai nekompromisiniame \u017eaidime, kurio pavadinimas \u201eGyvenimas\u201c. Joje pateikiami did\u017ei\u0173j\u0173 pasaulio civilizacij\u0173 karybos laim\u0117jimai, susintetinama daugyb\u0117 politini\u0173, filosofini\u0173 bei religini\u0173 tekst\u0173 ir ap\u017evelgiama \u012fvairiais am\u017eiais vykusi\u0173 karini\u0173 konflikt\u0173 istorija,\u00a0 yra i\u0161samus subtilaus, kasdien vykstan\u010dio socialinio \u017eaidimo vadovas, kuriame nagrin\u0117jami patys originaliausi ir veiksmingiausi karybos principai. Sudaryta originaliu tik Greene\u2018ui b\u016bdingu principu. \u0160i knyga yra \u0161iuolaikinis Sun-tzu traktato \u201eKaro menas\u201c t\u0119sinys. Knyg\u0105, pad\u0117sian\u010di\u0105 jums laim\u0117ti gyvenimo kovas, sudaro trisde\u0161imt trys skyriai, kuriuose gausu pavyzd\u017ei\u0173 i\u0161 istorijos, pasakojim\u0173 apie \u017eymi\u0173 \u017emoni\u0173 (Napoleono, Margaret Thatcher, Shakos Zulu, lordo Nelsono, Hanibalo, Ulysso Granto, stambi\u0173 verslo magnat\u0173, samuraj\u0173 kardinink\u0173 ir diplomat\u0173) genialius strateginius sprendimus ir ne\u012ftik\u0117tinas kvailystes. Robert Greene \u2013 populiariausios knygos \"J\u0117ga\" autorius.","robots":{"index":"index","follow":"follow","max-snippet":"max-snippet:-1","max-image-preview":"max-image-preview:large","max-video-preview":"max-video-preview:-1"},"canonical":"https:\/\/skaitytaknyga.lt\/en\/produktas\/robert-greene-joost-elffers-33-karo-strategijos\/","og_locale":"en_GB","og_type":"article","og_title":"[:lt]33 karo strategijos[:] - Skaitytaknyga","og_description":"\u201e33 karo strategijos\u201c tai pasaulinio karo, gynybos ir puolimo istorijos kolekcija leid\u017eianti skaitytojams pasinaudoti sprend\u017eiant \u012fvairius \u0161iuolaikinio gyvenimo konfliktus. \u0160i nuostabi knyga nepakei\u010diama ramiame, nedrums\u010diamame, bet gana \u017eiauriame ir visi\u0161kai nekompromisiniame \u017eaidime, kurio pavadinimas \u201eGyvenimas\u201c. Joje pateikiami did\u017ei\u0173j\u0173 pasaulio civilizacij\u0173 karybos laim\u0117jimai, susintetinama daugyb\u0117 politini\u0173, filosofini\u0173 bei religini\u0173 tekst\u0173 ir ap\u017evelgiama \u012fvairiais am\u017eiais vykusi\u0173 karini\u0173 konflikt\u0173 istorija,\u00a0 yra i\u0161samus subtilaus, kasdien vykstan\u010dio socialinio \u017eaidimo vadovas, kuriame nagrin\u0117jami patys originaliausi ir veiksmingiausi karybos principai. Sudaryta originaliu tik Greene\u2018ui b\u016bdingu principu. \u0160i knyga yra \u0161iuolaikinis Sun-tzu traktato \u201eKaro menas\u201c t\u0119sinys. Knyg\u0105, pad\u0117sian\u010di\u0105 jums laim\u0117ti gyvenimo kovas, sudaro trisde\u0161imt trys skyriai, kuriuose gausu pavyzd\u017ei\u0173 i\u0161 istorijos, pasakojim\u0173 apie \u017eymi\u0173 \u017emoni\u0173 (Napoleono, Margaret Thatcher, Shakos Zulu, lordo Nelsono, Hanibalo, Ulysso Granto, stambi\u0173 verslo magnat\u0173, samuraj\u0173 kardinink\u0173 ir diplomat\u0173) genialius strateginius sprendimus ir ne\u012ftik\u0117tinas kvailystes. Robert Greene \u2013 populiariausios knygos \"J\u0117ga\" autorius.","og_url":"https:\/\/skaitytaknyga.lt\/en\/produktas\/robert-greene-joost-elffers-33-karo-strategijos\/","og_site_name":"Skaitytaknyga","article_publisher":"https:\/\/www.facebook.com\/skaitytaknyga\/","article_modified_time":"2025-05-24T18:16:14+00:00","og_image":[{"width":303,"height":428,"url":"https:\/\/skaitytaknyga.lt\/wp-content\/uploads\/2024\/05\/33-karo-strategijos-e1685039415468.jpg","type":"image\/jpeg"}],"twitter_card":"summary_large_image","twitter_misc":{"Estimated reading time":"1 minute"},"schema":{"@context":"https:\/\/schema.org","@graph":[{"@type":"WebPage","@id":"https:\/\/skaitytaknyga.lt\/produktas\/robert-greene-joost-elffers-33-karo-strategijos\/","url":"https:\/\/skaitytaknyga.lt\/produktas\/robert-greene-joost-elffers-33-karo-strategijos\/","name":"33 karo strategijos","isPartOf":{"@id":"https:\/\/skaitytaknyga.lt\/#website"},"primaryImageOfPage":{"@id":"https:\/\/skaitytaknyga.lt\/produktas\/robert-greene-joost-elffers-33-karo-strategijos\/#primaryimage"},"image":{"@id":"https:\/\/skaitytaknyga.lt\/produktas\/robert-greene-joost-elffers-33-karo-strategijos\/#primaryimage"},"thumbnailUrl":"https:\/\/skaitytaknyga.lt\/wp-content\/uploads\/2024\/05\/33-karo-strategijos-e1685039415468.jpg","datePublished":"2024-05-04T19:27:00+00:00","dateModified":"2025-05-24T18:16:14+00:00","description":"\u201e33 karo strategijos\u201c tai pasaulinio karo, gynybos ir puolimo istorijos kolekcija leid\u017eianti skaitytojams pasinaudoti sprend\u017eiant \u012fvairius \u0161iuolaikinio gyvenimo konfliktus. \u0160i nuostabi knyga nepakei\u010diama ramiame, nedrums\u010diamame, bet gana \u017eiauriame ir visi\u0161kai nekompromisiniame \u017eaidime, kurio pavadinimas \u201eGyvenimas\u201c. Joje pateikiami did\u017ei\u0173j\u0173 pasaulio civilizacij\u0173 karybos laim\u0117jimai, susintetinama daugyb\u0117 politini\u0173, filosofini\u0173 bei religini\u0173 tekst\u0173 ir ap\u017evelgiama \u012fvairiais am\u017eiais vykusi\u0173 karini\u0173 konflikt\u0173 istorija,\u00a0 yra i\u0161samus subtilaus, kasdien vykstan\u010dio socialinio \u017eaidimo vadovas, kuriame nagrin\u0117jami patys originaliausi ir veiksmingiausi karybos principai. Sudaryta originaliu tik Greene\u2018ui b\u016bdingu principu. \u0160i knyga yra \u0161iuolaikinis Sun-tzu traktato \u201eKaro menas\u201c t\u0119sinys. Knyg\u0105, pad\u0117sian\u010di\u0105 jums laim\u0117ti gyvenimo kovas, sudaro trisde\u0161imt trys skyriai, kuriuose gausu pavyzd\u017ei\u0173 i\u0161 istorijos, pasakojim\u0173 apie \u017eymi\u0173 \u017emoni\u0173 (Napoleono, Margaret Thatcher, Shakos Zulu, lordo Nelsono, Hanibalo, Ulysso Granto, stambi\u0173 verslo magnat\u0173, samuraj\u0173 kardinink\u0173 ir diplomat\u0173) genialius strateginius sprendimus ir ne\u012ftik\u0117tinas kvailystes. Robert Greene \u2013 populiariausios knygos \"J\u0117ga\" autorius.","breadcrumb":{"@id":"https:\/\/skaitytaknyga.lt\/produktas\/robert-greene-joost-elffers-33-karo-strategijos\/#breadcrumb"},"inLanguage":"en-GB","potentialAction":[{"@type":"ReadAction","target":["https:\/\/skaitytaknyga.lt\/produktas\/robert-greene-joost-elffers-33-karo-strategijos\/"]}]},{"@type":"ImageObject","inLanguage":"en-GB","@id":"https:\/\/skaitytaknyga.lt\/produktas\/robert-greene-joost-elffers-33-karo-strategijos\/#primaryimage","url":"https:\/\/skaitytaknyga.lt\/wp-content\/uploads\/2024\/05\/33-karo-strategijos-e1685039415468.jpg","contentUrl":"https:\/\/skaitytaknyga.lt\/wp-content\/uploads\/2024\/05\/33-karo-strategijos-e1685039415468.jpg","width":303,"height":428},{"@type":"BreadcrumbList","@id":"https:\/\/skaitytaknyga.lt\/produktas\/robert-greene-joost-elffers-33-karo-strategijos\/#breadcrumb","itemListElement":[{"@type":"ListItem","position":1,"name":"Home","item":"https:\/\/skaitytaknyga.lt\/"},{"@type":"ListItem","position":2,"name":"Parduotuv\u0117","item":"https:\/\/skaitytaknyga.lt\/knygu-parduotuve\/"},{"@type":"ListItem","position":3,"name":"33 karo strategijos"}]},{"@type":"WebSite","@id":"https:\/\/skaitytaknyga.lt\/#website","url":"https:\/\/skaitytaknyga.lt\/","name":"skaitytaknyga.lt","description":"Skaitytaknyga.lt \u2013 tai ma\u017eas \u0161eimos verslas, kuris prasid\u0117jo nuo meil\u0117s knygoms ir siekio i\u0161gelb\u0117ti knygas nuo likimo prie konteinerio. Kas vienam nereikalingas daiktas \u2013 kitam lobis, o mes esame tarpininkai, kurie padeda abiems tapti laimingesniems ???? \u017dinome kaip nelengva i\u0161gyventi ma\u017eiems verslams, tad nuo \u0161iol, \u010dia rasite ir kit\u0173, ma\u017e\u0173 \u0161eim\u0173 versl\u0173, rank\u0173 darbo, dovan\u0173 sau ir artimiesiems.","publisher":{"@id":"https:\/\/skaitytaknyga.lt\/#organization"},"potentialAction":[{"@type":"SearchAction","target":{"@type":"EntryPoint","urlTemplate":"https:\/\/skaitytaknyga.lt\/?s={search_term_string}"},"query-input":{"@type":"PropertyValueSpecification","valueRequired":true,"valueName":"search_term_string"}}],"inLanguage":"en-GB"},{"@type":"Organization","@id":"https:\/\/skaitytaknyga.lt\/#organization","name":"skaitytaknyga.lt","url":"https:\/\/skaitytaknyga.lt\/","logo":{"@type":"ImageObject","inLanguage":"en-GB","@id":"https:\/\/skaitytaknyga.lt\/#\/schema\/logo\/image\/","url":"https:\/\/skaitytaknyga.lt\/wp-content\/uploads\/2024\/05\/cropped-cropped-cropped-02_00843_jt3bggkj1j3HLc7SyY6rEUpg.jpeg","contentUrl":"https:\/\/skaitytaknyga.lt\/wp-content\/uploads\/2024\/05\/cropped-cropped-cropped-02_00843_jt3bggkj1j3HLc7SyY6rEUpg.jpeg","width":1600,"height":1600,"caption":"skaitytaknyga.lt"},"image":{"@id":"https:\/\/skaitytaknyga.lt\/#\/schema\/logo\/image\/"},"sameAs":["https:\/\/www.facebook.com\/skaitytaknyga\/"]}]}},"_links":{"self":[{"href":"https:\/\/skaitytaknyga.lt\/en\/wp-json\/wp\/v2\/product\/11064","targetHints":{"allow":["GET"]}}],"collection":[{"href":"https:\/\/skaitytaknyga.lt\/en\/wp-json\/wp\/v2\/product"}],"about":[{"href":"https:\/\/skaitytaknyga.lt\/en\/wp-json\/wp\/v2\/types\/product"}],"replies":[{"embeddable":true,"href":"https:\/\/skaitytaknyga.lt\/en\/wp-json\/wp\/v2\/comments?post=11064"}],"wp:featuredmedia":[{"embeddable":true,"href":"https:\/\/skaitytaknyga.lt\/en\/wp-json\/wp\/v2\/media\/11101"}],"wp:attachment":[{"href":"https:\/\/skaitytaknyga.lt\/en\/wp-json\/wp\/v2\/media?parent=11064"}],"wp:term":[{"taxonomy":"product_brand","embeddable":true,"href":"https:\/\/skaitytaknyga.lt\/en\/wp-json\/wp\/v2\/product_brand?post=11064"},{"taxonomy":"product_cat","embeddable":true,"href":"https:\/\/skaitytaknyga.lt\/en\/wp-json\/wp\/v2\/product_cat?post=11064"},{"taxonomy":"product_tag","embeddable":true,"href":"https:\/\/skaitytaknyga.lt\/en\/wp-json\/wp\/v2\/product_tag?post=11064"}],"curies":[{"name":"wp","href":"https:\/\/api.w.org\/{rel}","templated":true}]}}