{"id":11061,"date":"2024-05-04T19:26:59","date_gmt":"2024-05-04T19:26:59","guid":{"rendered":"https:\/\/skaitytaknyga.lt\/?post_type=product&#038;p=11061"},"modified":"2024-05-04T19:28:04","modified_gmt":"2024-05-04T19:28:04","slug":"zemaiciu-kankiniai","status":"publish","type":"product","link":"https:\/\/skaitytaknyga.lt\/en\/produktas\/zemaiciu-kankiniai\/","title":{"rendered":"\u017demai\u010di\u0173 kankiniai"},"content":{"rendered":"<p><span class=\"fontz1\">Nuo Raini\u0173 mi\u0161kelio tragedijos prab\u0117go penki de\u0161imtme\u010diai. Nedaug beliko liudinink\u0173, tos kartos \u017emoni\u0173, vietoje i\u0161kirsto mi\u0161ko, kur vyko \u017eudyn\u0117s, auga jaunos eglait\u0117s, nema\u010diusios tos baisios nakties. Bet nei \u017demaitija, nei visa Lietuva niekada neu\u017emir\u0161o savo kankini\u0173 ir savo skausmo. Kasmet \u017eudyni\u0173 sukakties proga po nakties i\u0161dygdavo kry\u017eiai, kuriuos raudonieji okupantai ir j\u0173 pakalikai barbari\u0161kai i\u0161sprogdindavo. J\u0173 budrumas b\u016bdavo bej\u0117gi\u0161kas.<\/span><\/p>\n<p><span class=\"fontz1\">Prasid\u0117jus Atgimimui Rainiai v\u0117l nuskamb\u0117jo kaip viena \u0161iurpiausi\u0173 lietuvi\u0173 tautos ir visos Europos tragedij\u0173. Apie juos daug ra\u0161yta. Ta\u010diau knygel\u0117 \u201e\u017demai\u010di\u0173 kankiniai&#8221;, 1942 Tel\u0161iuose i\u0161leista vietos patriot\u0173, v\u0117liau pakartota Kanadoje, tapo bibliografin\u0117 retenyb\u0117. Tai pirmutinis ir kol kas bene vienintelis dokumentinis tragedijos \u0161altinis. Atgimimo prad\u017eioje ji plito padauginta atspaudais. Dabar leid\u0117jai, suprasdami jos svarb\u0105, ry\u017etasi dar syk\u012f pateikti visuomenei.<\/span><\/p>\n<p><span class=\"fontz1\">Teateina ji \u012f kiekvienus namus kaip \u0161venta Maldos knyga, teskamba kaip tautos skausmas ir ne\u012fveikiamas jos ry\u017etas kovoje d\u0117l laisv\u0117s!<\/span><\/p>\n","protected":false},"excerpt":{"rendered":"<p><span class=\"fontz1\">Nuo Raini\u0173 mi\u0161kelio tragedijos prab\u0117go penki de\u0161imtme\u010diai. Nedaug beliko liudinink\u0173, tos kartos \u017emoni\u0173, vietoje i\u0161kirsto mi\u0161ko, kur vyko \u017eudyn\u0117s, auga jaunos eglait\u0117s, nema\u010diusios tos baisios nakties. Bet nei \u017demaitija, nei visa Lietuva niekada neu\u017emir\u0161o savo kankini\u0173 ir savo skausmo. Kasmet \u017eudyni\u0173 sukakties proga po nakties i\u0161dygdavo kry\u017eiai, kuriuos raudonieji okupantai ir j\u0173 pakalikai barbari\u0161kai i\u0161sprogdindavo. J\u0173 budrumas b\u016bdavo bej\u0117gi\u0161kas.<\/span><\/p>\n<p><span class=\"fontz1\">Prasid\u0117jus Atgimimui Rainiai v\u0117l nuskamb\u0117jo kaip viena \u0161iurpiausi\u0173 lietuvi\u0173 tautos ir visos Europos tragedij\u0173. Apie juos daug ra\u0161yta. Ta\u010diau knygel\u0117 \u201e\u017demai\u010di\u0173 kankiniai&#8221;, 1942 Tel\u0161iuose i\u0161leista vietos patriot\u0173, v\u0117liau pakartota Kanadoje, tapo bibliografin\u0117 retenyb\u0117. Tai pirmutinis ir kol kas bene vienintelis dokumentinis tragedijos \u0161altinis. Atgimimo prad\u017eioje ji plito padauginta atspaudais. Dabar leid\u0117jai, suprasdami jos svarb\u0105, ry\u017etasi dar syk\u012f pateikti visuomenei.<\/span><\/p>\n<p><span class=\"fontz1\">Teateina ji \u012f kiekvienus namus kaip \u0161venta Maldos knyga, teskamba kaip tautos skausmas ir ne\u012fveikiamas jos ry\u017etas kovoje d\u0117l laisv\u0117s!<\/span><\/p>\n","protected":false},"featured_media":11095,"comment_status":"closed","ping_status":"closed","template":"","meta":{"_acf_changed":false,"site-sidebar-layout":"default","site-content-layout":"","ast-site-content-layout":"default","site-content-style":"default","site-sidebar-style":"default","ast-global-header-display":"","ast-banner-title-visibility":"","ast-main-header-display":"","ast-hfb-above-header-display":"","ast-hfb-below-header-display":"","ast-hfb-mobile-header-display":"","site-post-title":"","ast-breadcrumbs-content":"","ast-featured-img":"","footer-sml-layout":"","ast-disable-related-posts":"","theme-transparent-header-meta":"","adv-header-id-meta":"","stick-header-meta":"","header-above-stick-meta":"","header-main-stick-meta":"","header-below-stick-meta":"","astra-migrate-meta-layouts":"default","ast-page-background-enabled":"default","ast-page-background-meta":{"desktop":{"background-color":"","background-image":"","background-repeat":"repeat","background-position":"center center","background-size":"auto","background-attachment":"scroll","background-type":"","background-media":"","overlay-type":"","overlay-color":"","overlay-opacity":"","overlay-gradient":""},"tablet":{"background-color":"","background-image":"","background-repeat":"repeat","background-position":"center center","background-size":"auto","background-attachment":"scroll","background-type":"","background-media":"","overlay-type":"","overlay-color":"","overlay-opacity":"","overlay-gradient":""},"mobile":{"background-color":"","background-image":"","background-repeat":"repeat","background-position":"center center","background-size":"auto","background-attachment":"scroll","background-type":"","background-media":"","overlay-type":"","overlay-color":"","overlay-opacity":"","overlay-gradient":""}},"ast-content-background-meta":{"desktop":{"background-color":"var(--ast-global-color-4)","background-image":"","background-repeat":"repeat","background-position":"center center","background-size":"auto","background-attachment":"scroll","background-type":"","background-media":"","overlay-type":"","overlay-color":"","overlay-opacity":"","overlay-gradient":""},"tablet":{"background-color":"var(--ast-global-color-4)","background-image":"","background-repeat":"repeat","background-position":"center center","background-size":"auto","background-attachment":"scroll","background-type":"","background-media":"","overlay-type":"","overlay-color":"","overlay-opacity":"","overlay-gradient":""},"mobile":{"background-color":"var(--ast-global-color-4)","background-image":"","background-repeat":"repeat","background-position":"center center","background-size":"auto","background-attachment":"scroll","background-type":"","background-media":"","overlay-type":"","overlay-color":"","overlay-opacity":"","overlay-gradient":""}}},"product_brand":[],"product_cat":[174],"product_tag":[],"class_list":{"0":"post-11061","1":"product","2":"type-product","3":"status-publish","4":"has-post-thumbnail","6":"product_cat-istorija-ir-politologija","7":"desktop-align-left","8":"tablet-align-left","9":"mobile-align-left","11":"first","12":"outofstock","13":"shipping-taxable","14":"purchasable","15":"product-type-simple"},"acf":[],"yoast_head":"<!-- This site is optimized with the Yoast SEO plugin v27.0 - https:\/\/yoast.com\/product\/yoast-seo-wordpress\/ -->\n<title>\u017demai\u010di\u0173 kankiniai - Skaitytaknyga<\/title>\n<meta name=\"description\" content=\"Nuo Raini\u0173 mi\u0161kelio tragedijos prab\u0117go penki de\u0161imtme\u010diai. Nedaug beliko liudinink\u0173, tos kartos \u017emoni\u0173, vietoje i\u0161kirsto mi\u0161ko, kur vyko \u017eudyn\u0117s, auga jaunos eglait\u0117s, nema\u010diusios tos baisios nakties. Bet nei \u017demaitija, nei visa Lietuva niekada neu\u017emir\u0161o savo kankini\u0173 ir savo skausmo. Kasmet \u017eudyni\u0173 sukakties proga po nakties i\u0161dygdavo kry\u017eiai, kuriuos raudonieji okupantai ir j\u0173 pakalikai barbari\u0161kai i\u0161sprogdindavo. J\u0173 budrumas b\u016bdavo bej\u0117gi\u0161kas.  Prasid\u0117jus Atgimimui Rainiai v\u0117l nuskamb\u0117jo kaip viena \u0161iurpiausi\u0173 lietuvi\u0173 tautos ir visos Europos tragedij\u0173. Apie juos daug ra\u0161yta. Ta\u010diau knygel\u0117 \u201e\u017demai\u010di\u0173 kankiniai&quot;, 1942 Tel\u0161iuose i\u0161leista vietos patriot\u0173, v\u0117liau pakartota Kanadoje, tapo bibliografin\u0117 retenyb\u0117. Tai pirmutinis ir kol kas bene vienintelis dokumentinis tragedijos \u0161altinis. Atgimimo prad\u017eioje ji plito padauginta atspaudais. Dabar leid\u0117jai, suprasdami jos svarb\u0105, ry\u017etasi dar syk\u012f pateikti visuomenei.  Teateina ji \u012f kiekvienus namus kaip \u0161venta Maldos knyga, teskamba kaip tautos skausmas ir ne\u012fveikiamas jos ry\u017etas kovoje d\u0117l laisv\u0117s!\" \/>\n<meta name=\"robots\" content=\"index, follow, max-snippet:-1, max-image-preview:large, max-video-preview:-1\" \/>\n<link rel=\"canonical\" href=\"https:\/\/skaitytaknyga.lt\/en\/produktas\/zemaiciu-kankiniai\/\" \/>\n<meta property=\"og:locale\" content=\"en_GB\" \/>\n<meta property=\"og:locale:alternate\" content=\"lt_LT\" \/>\n<meta property=\"og:type\" content=\"article\" \/>\n<meta property=\"og:title\" content=\"\u017demai\u010di\u0173 kankiniai - Skaitytaknyga\" \/>\n<meta property=\"og:description\" content=\"Nuo Raini\u0173 mi\u0161kelio tragedijos prab\u0117go penki de\u0161imtme\u010diai. Nedaug beliko liudinink\u0173, tos kartos \u017emoni\u0173, vietoje i\u0161kirsto mi\u0161ko, kur vyko \u017eudyn\u0117s, auga jaunos eglait\u0117s, nema\u010diusios tos baisios nakties. Bet nei \u017demaitija, nei visa Lietuva niekada neu\u017emir\u0161o savo kankini\u0173 ir savo skausmo. Kasmet \u017eudyni\u0173 sukakties proga po nakties i\u0161dygdavo kry\u017eiai, kuriuos raudonieji okupantai ir j\u0173 pakalikai barbari\u0161kai i\u0161sprogdindavo. J\u0173 budrumas b\u016bdavo bej\u0117gi\u0161kas.  Prasid\u0117jus Atgimimui Rainiai v\u0117l nuskamb\u0117jo kaip viena \u0161iurpiausi\u0173 lietuvi\u0173 tautos ir visos Europos tragedij\u0173. Apie juos daug ra\u0161yta. Ta\u010diau knygel\u0117 \u201e\u017demai\u010di\u0173 kankiniai&quot;, 1942 Tel\u0161iuose i\u0161leista vietos patriot\u0173, v\u0117liau pakartota Kanadoje, tapo bibliografin\u0117 retenyb\u0117. Tai pirmutinis ir kol kas bene vienintelis dokumentinis tragedijos \u0161altinis. Atgimimo prad\u017eioje ji plito padauginta atspaudais. Dabar leid\u0117jai, suprasdami jos svarb\u0105, ry\u017etasi dar syk\u012f pateikti visuomenei.  Teateina ji \u012f kiekvienus namus kaip \u0161venta Maldos knyga, teskamba kaip tautos skausmas ir ne\u012fveikiamas jos ry\u017etas kovoje d\u0117l laisv\u0117s!\" \/>\n<meta property=\"og:url\" content=\"https:\/\/skaitytaknyga.lt\/en\/produktas\/zemaiciu-kankiniai\/\" \/>\n<meta property=\"og:site_name\" content=\"Skaitytaknyga\" \/>\n<meta property=\"article:publisher\" content=\"https:\/\/www.facebook.com\/skaitytaknyga\/\" \/>\n<meta property=\"article:modified_time\" content=\"2024-05-04T19:28:04+00:00\" \/>\n<meta property=\"og:image\" content=\"https:\/\/skaitytaknyga.lt\/wp-content\/uploads\/2024\/05\/zemaiciu-kankiniai-1.jpg\" \/>\n\t<meta property=\"og:image:width\" content=\"1117\" \/>\n\t<meta property=\"og:image:height\" content=\"1687\" \/>\n\t<meta property=\"og:image:type\" content=\"image\/jpeg\" \/>\n<meta name=\"twitter:card\" content=\"summary_large_image\" \/>\n<meta name=\"twitter:label1\" content=\"Estimated reading time\" \/>\n\t<meta name=\"twitter:data1\" content=\"1 minute\" \/>\n<script type=\"application\/ld+json\" class=\"yoast-schema-graph\">{\"@context\":\"https:\/\/schema.org\",\"@graph\":[{\"@type\":\"WebPage\",\"@id\":\"https:\/\/skaitytaknyga.lt\/produktas\/zemaiciu-kankiniai\/\",\"url\":\"https:\/\/skaitytaknyga.lt\/produktas\/zemaiciu-kankiniai\/\",\"name\":\"\u017demai\u010di\u0173 kankiniai - Skaitytaknyga\",\"isPartOf\":{\"@id\":\"https:\/\/skaitytaknyga.lt\/#website\"},\"primaryImageOfPage\":{\"@id\":\"https:\/\/skaitytaknyga.lt\/produktas\/zemaiciu-kankiniai\/#primaryimage\"},\"image\":{\"@id\":\"https:\/\/skaitytaknyga.lt\/produktas\/zemaiciu-kankiniai\/#primaryimage\"},\"thumbnailUrl\":\"https:\/\/skaitytaknyga.lt\/wp-content\/uploads\/2024\/05\/zemaiciu-kankiniai-1.jpg\",\"datePublished\":\"2024-05-04T19:26:59+00:00\",\"dateModified\":\"2024-05-04T19:28:04+00:00\",\"description\":\"Nuo Raini\u0173 mi\u0161kelio tragedijos prab\u0117go penki de\u0161imtme\u010diai. Nedaug beliko liudinink\u0173, tos kartos \u017emoni\u0173, vietoje i\u0161kirsto mi\u0161ko, kur vyko \u017eudyn\u0117s, auga jaunos eglait\u0117s, nema\u010diusios tos baisios nakties. Bet nei \u017demaitija, nei visa Lietuva niekada neu\u017emir\u0161o savo kankini\u0173 ir savo skausmo. Kasmet \u017eudyni\u0173 sukakties proga po nakties i\u0161dygdavo kry\u017eiai, kuriuos raudonieji okupantai ir j\u0173 pakalikai barbari\u0161kai i\u0161sprogdindavo. J\u0173 budrumas b\u016bdavo bej\u0117gi\u0161kas. Prasid\u0117jus Atgimimui Rainiai v\u0117l nuskamb\u0117jo kaip viena \u0161iurpiausi\u0173 lietuvi\u0173 tautos ir visos Europos tragedij\u0173. Apie juos daug ra\u0161yta. Ta\u010diau knygel\u0117 \u201e\u017demai\u010di\u0173 kankiniai\\\", 1942 Tel\u0161iuose i\u0161leista vietos patriot\u0173, v\u0117liau pakartota Kanadoje, tapo bibliografin\u0117 retenyb\u0117. Tai pirmutinis ir kol kas bene vienintelis dokumentinis tragedijos \u0161altinis. Atgimimo prad\u017eioje ji plito padauginta atspaudais. Dabar leid\u0117jai, suprasdami jos svarb\u0105, ry\u017etasi dar syk\u012f pateikti visuomenei. Teateina ji \u012f kiekvienus namus kaip \u0161venta Maldos knyga, teskamba kaip tautos skausmas ir ne\u012fveikiamas jos ry\u017etas kovoje d\u0117l laisv\u0117s!\",\"breadcrumb\":{\"@id\":\"https:\/\/skaitytaknyga.lt\/produktas\/zemaiciu-kankiniai\/#breadcrumb\"},\"inLanguage\":\"en-GB\",\"potentialAction\":[{\"@type\":\"ReadAction\",\"target\":[\"https:\/\/skaitytaknyga.lt\/produktas\/zemaiciu-kankiniai\/\"]}]},{\"@type\":\"ImageObject\",\"inLanguage\":\"en-GB\",\"@id\":\"https:\/\/skaitytaknyga.lt\/produktas\/zemaiciu-kankiniai\/#primaryimage\",\"url\":\"https:\/\/skaitytaknyga.lt\/wp-content\/uploads\/2024\/05\/zemaiciu-kankiniai-1.jpg\",\"contentUrl\":\"https:\/\/skaitytaknyga.lt\/wp-content\/uploads\/2024\/05\/zemaiciu-kankiniai-1.jpg\",\"width\":1117,\"height\":1687},{\"@type\":\"BreadcrumbList\",\"@id\":\"https:\/\/skaitytaknyga.lt\/produktas\/zemaiciu-kankiniai\/#breadcrumb\",\"itemListElement\":[{\"@type\":\"ListItem\",\"position\":1,\"name\":\"Home\",\"item\":\"https:\/\/skaitytaknyga.lt\/\"},{\"@type\":\"ListItem\",\"position\":2,\"name\":\"Parduotuv\u0117\",\"item\":\"https:\/\/skaitytaknyga.lt\/knygu-parduotuve\/\"},{\"@type\":\"ListItem\",\"position\":3,\"name\":\"\u017demai\u010di\u0173 kankiniai\"}]},{\"@type\":\"WebSite\",\"@id\":\"https:\/\/skaitytaknyga.lt\/#website\",\"url\":\"https:\/\/skaitytaknyga.lt\/\",\"name\":\"skaitytaknyga.lt\",\"description\":\"Skaitytaknyga.lt \u2013 tai ma\u017eas \u0161eimos verslas, kuris prasid\u0117jo nuo meil\u0117s knygoms ir siekio i\u0161gelb\u0117ti knygas nuo likimo prie konteinerio. Kas vienam nereikalingas daiktas \u2013 kitam lobis, o mes esame tarpininkai, kurie padeda abiems tapti laimingesniems ???? \u017dinome kaip nelengva i\u0161gyventi ma\u017eiems verslams, tad nuo \u0161iol, \u010dia rasite ir kit\u0173, ma\u017e\u0173 \u0161eim\u0173 versl\u0173, rank\u0173 darbo, dovan\u0173 sau ir artimiesiems.\",\"publisher\":{\"@id\":\"https:\/\/skaitytaknyga.lt\/#organization\"},\"potentialAction\":[{\"@type\":\"SearchAction\",\"target\":{\"@type\":\"EntryPoint\",\"urlTemplate\":\"https:\/\/skaitytaknyga.lt\/?s={search_term_string}\"},\"query-input\":{\"@type\":\"PropertyValueSpecification\",\"valueRequired\":true,\"valueName\":\"search_term_string\"}}],\"inLanguage\":\"en-GB\"},{\"@type\":\"Organization\",\"@id\":\"https:\/\/skaitytaknyga.lt\/#organization\",\"name\":\"skaitytaknyga.lt\",\"url\":\"https:\/\/skaitytaknyga.lt\/\",\"logo\":{\"@type\":\"ImageObject\",\"inLanguage\":\"en-GB\",\"@id\":\"https:\/\/skaitytaknyga.lt\/#\/schema\/logo\/image\/\",\"url\":\"https:\/\/skaitytaknyga.lt\/wp-content\/uploads\/2024\/05\/cropped-cropped-cropped-02_00843_jt3bggkj1j3HLc7SyY6rEUpg.jpeg\",\"contentUrl\":\"https:\/\/skaitytaknyga.lt\/wp-content\/uploads\/2024\/05\/cropped-cropped-cropped-02_00843_jt3bggkj1j3HLc7SyY6rEUpg.jpeg\",\"width\":1600,\"height\":1600,\"caption\":\"skaitytaknyga.lt\"},\"image\":{\"@id\":\"https:\/\/skaitytaknyga.lt\/#\/schema\/logo\/image\/\"},\"sameAs\":[\"https:\/\/www.facebook.com\/skaitytaknyga\/\"]}]}<\/script>\n<!-- \/ Yoast SEO plugin. -->","yoast_head_json":{"title":"\u017demai\u010di\u0173 kankiniai - Skaitytaknyga","description":"Nuo Raini\u0173 mi\u0161kelio tragedijos prab\u0117go penki de\u0161imtme\u010diai. Nedaug beliko liudinink\u0173, tos kartos \u017emoni\u0173, vietoje i\u0161kirsto mi\u0161ko, kur vyko \u017eudyn\u0117s, auga jaunos eglait\u0117s, nema\u010diusios tos baisios nakties. Bet nei \u017demaitija, nei visa Lietuva niekada neu\u017emir\u0161o savo kankini\u0173 ir savo skausmo. Kasmet \u017eudyni\u0173 sukakties proga po nakties i\u0161dygdavo kry\u017eiai, kuriuos raudonieji okupantai ir j\u0173 pakalikai barbari\u0161kai i\u0161sprogdindavo. J\u0173 budrumas b\u016bdavo bej\u0117gi\u0161kas.  Prasid\u0117jus Atgimimui Rainiai v\u0117l nuskamb\u0117jo kaip viena \u0161iurpiausi\u0173 lietuvi\u0173 tautos ir visos Europos tragedij\u0173. Apie juos daug ra\u0161yta. Ta\u010diau knygel\u0117 \u201e\u017demai\u010di\u0173 kankiniai\", 1942 Tel\u0161iuose i\u0161leista vietos patriot\u0173, v\u0117liau pakartota Kanadoje, tapo bibliografin\u0117 retenyb\u0117. Tai pirmutinis ir kol kas bene vienintelis dokumentinis tragedijos \u0161altinis. Atgimimo prad\u017eioje ji plito padauginta atspaudais. Dabar leid\u0117jai, suprasdami jos svarb\u0105, ry\u017etasi dar syk\u012f pateikti visuomenei.  Teateina ji \u012f kiekvienus namus kaip \u0161venta Maldos knyga, teskamba kaip tautos skausmas ir ne\u012fveikiamas jos ry\u017etas kovoje d\u0117l laisv\u0117s!","robots":{"index":"index","follow":"follow","max-snippet":"max-snippet:-1","max-image-preview":"max-image-preview:large","max-video-preview":"max-video-preview:-1"},"canonical":"https:\/\/skaitytaknyga.lt\/en\/produktas\/zemaiciu-kankiniai\/","og_locale":"en_GB","og_type":"article","og_title":"\u017demai\u010di\u0173 kankiniai - Skaitytaknyga","og_description":"Nuo Raini\u0173 mi\u0161kelio tragedijos prab\u0117go penki de\u0161imtme\u010diai. Nedaug beliko liudinink\u0173, tos kartos \u017emoni\u0173, vietoje i\u0161kirsto mi\u0161ko, kur vyko \u017eudyn\u0117s, auga jaunos eglait\u0117s, nema\u010diusios tos baisios nakties. Bet nei \u017demaitija, nei visa Lietuva niekada neu\u017emir\u0161o savo kankini\u0173 ir savo skausmo. Kasmet \u017eudyni\u0173 sukakties proga po nakties i\u0161dygdavo kry\u017eiai, kuriuos raudonieji okupantai ir j\u0173 pakalikai barbari\u0161kai i\u0161sprogdindavo. J\u0173 budrumas b\u016bdavo bej\u0117gi\u0161kas.  Prasid\u0117jus Atgimimui Rainiai v\u0117l nuskamb\u0117jo kaip viena \u0161iurpiausi\u0173 lietuvi\u0173 tautos ir visos Europos tragedij\u0173. Apie juos daug ra\u0161yta. Ta\u010diau knygel\u0117 \u201e\u017demai\u010di\u0173 kankiniai\", 1942 Tel\u0161iuose i\u0161leista vietos patriot\u0173, v\u0117liau pakartota Kanadoje, tapo bibliografin\u0117 retenyb\u0117. Tai pirmutinis ir kol kas bene vienintelis dokumentinis tragedijos \u0161altinis. Atgimimo prad\u017eioje ji plito padauginta atspaudais. Dabar leid\u0117jai, suprasdami jos svarb\u0105, ry\u017etasi dar syk\u012f pateikti visuomenei.  Teateina ji \u012f kiekvienus namus kaip \u0161venta Maldos knyga, teskamba kaip tautos skausmas ir ne\u012fveikiamas jos ry\u017etas kovoje d\u0117l laisv\u0117s!","og_url":"https:\/\/skaitytaknyga.lt\/en\/produktas\/zemaiciu-kankiniai\/","og_site_name":"Skaitytaknyga","article_publisher":"https:\/\/www.facebook.com\/skaitytaknyga\/","article_modified_time":"2024-05-04T19:28:04+00:00","og_image":[{"width":1117,"height":1687,"url":"https:\/\/skaitytaknyga.lt\/wp-content\/uploads\/2024\/05\/zemaiciu-kankiniai-1.jpg","type":"image\/jpeg"}],"twitter_card":"summary_large_image","twitter_misc":{"Estimated reading time":"1 minute"},"schema":{"@context":"https:\/\/schema.org","@graph":[{"@type":"WebPage","@id":"https:\/\/skaitytaknyga.lt\/produktas\/zemaiciu-kankiniai\/","url":"https:\/\/skaitytaknyga.lt\/produktas\/zemaiciu-kankiniai\/","name":"\u017demai\u010di\u0173 kankiniai - Skaitytaknyga","isPartOf":{"@id":"https:\/\/skaitytaknyga.lt\/#website"},"primaryImageOfPage":{"@id":"https:\/\/skaitytaknyga.lt\/produktas\/zemaiciu-kankiniai\/#primaryimage"},"image":{"@id":"https:\/\/skaitytaknyga.lt\/produktas\/zemaiciu-kankiniai\/#primaryimage"},"thumbnailUrl":"https:\/\/skaitytaknyga.lt\/wp-content\/uploads\/2024\/05\/zemaiciu-kankiniai-1.jpg","datePublished":"2024-05-04T19:26:59+00:00","dateModified":"2024-05-04T19:28:04+00:00","description":"Nuo Raini\u0173 mi\u0161kelio tragedijos prab\u0117go penki de\u0161imtme\u010diai. Nedaug beliko liudinink\u0173, tos kartos \u017emoni\u0173, vietoje i\u0161kirsto mi\u0161ko, kur vyko \u017eudyn\u0117s, auga jaunos eglait\u0117s, nema\u010diusios tos baisios nakties. Bet nei \u017demaitija, nei visa Lietuva niekada neu\u017emir\u0161o savo kankini\u0173 ir savo skausmo. Kasmet \u017eudyni\u0173 sukakties proga po nakties i\u0161dygdavo kry\u017eiai, kuriuos raudonieji okupantai ir j\u0173 pakalikai barbari\u0161kai i\u0161sprogdindavo. J\u0173 budrumas b\u016bdavo bej\u0117gi\u0161kas. Prasid\u0117jus Atgimimui Rainiai v\u0117l nuskamb\u0117jo kaip viena \u0161iurpiausi\u0173 lietuvi\u0173 tautos ir visos Europos tragedij\u0173. Apie juos daug ra\u0161yta. Ta\u010diau knygel\u0117 \u201e\u017demai\u010di\u0173 kankiniai\", 1942 Tel\u0161iuose i\u0161leista vietos patriot\u0173, v\u0117liau pakartota Kanadoje, tapo bibliografin\u0117 retenyb\u0117. Tai pirmutinis ir kol kas bene vienintelis dokumentinis tragedijos \u0161altinis. Atgimimo prad\u017eioje ji plito padauginta atspaudais. Dabar leid\u0117jai, suprasdami jos svarb\u0105, ry\u017etasi dar syk\u012f pateikti visuomenei. Teateina ji \u012f kiekvienus namus kaip \u0161venta Maldos knyga, teskamba kaip tautos skausmas ir ne\u012fveikiamas jos ry\u017etas kovoje d\u0117l laisv\u0117s!","breadcrumb":{"@id":"https:\/\/skaitytaknyga.lt\/produktas\/zemaiciu-kankiniai\/#breadcrumb"},"inLanguage":"en-GB","potentialAction":[{"@type":"ReadAction","target":["https:\/\/skaitytaknyga.lt\/produktas\/zemaiciu-kankiniai\/"]}]},{"@type":"ImageObject","inLanguage":"en-GB","@id":"https:\/\/skaitytaknyga.lt\/produktas\/zemaiciu-kankiniai\/#primaryimage","url":"https:\/\/skaitytaknyga.lt\/wp-content\/uploads\/2024\/05\/zemaiciu-kankiniai-1.jpg","contentUrl":"https:\/\/skaitytaknyga.lt\/wp-content\/uploads\/2024\/05\/zemaiciu-kankiniai-1.jpg","width":1117,"height":1687},{"@type":"BreadcrumbList","@id":"https:\/\/skaitytaknyga.lt\/produktas\/zemaiciu-kankiniai\/#breadcrumb","itemListElement":[{"@type":"ListItem","position":1,"name":"Home","item":"https:\/\/skaitytaknyga.lt\/"},{"@type":"ListItem","position":2,"name":"Parduotuv\u0117","item":"https:\/\/skaitytaknyga.lt\/knygu-parduotuve\/"},{"@type":"ListItem","position":3,"name":"\u017demai\u010di\u0173 kankiniai"}]},{"@type":"WebSite","@id":"https:\/\/skaitytaknyga.lt\/#website","url":"https:\/\/skaitytaknyga.lt\/","name":"skaitytaknyga.lt","description":"Skaitytaknyga.lt \u2013 tai ma\u017eas \u0161eimos verslas, kuris prasid\u0117jo nuo meil\u0117s knygoms ir siekio i\u0161gelb\u0117ti knygas nuo likimo prie konteinerio. Kas vienam nereikalingas daiktas \u2013 kitam lobis, o mes esame tarpininkai, kurie padeda abiems tapti laimingesniems ???? \u017dinome kaip nelengva i\u0161gyventi ma\u017eiems verslams, tad nuo \u0161iol, \u010dia rasite ir kit\u0173, ma\u017e\u0173 \u0161eim\u0173 versl\u0173, rank\u0173 darbo, dovan\u0173 sau ir artimiesiems.","publisher":{"@id":"https:\/\/skaitytaknyga.lt\/#organization"},"potentialAction":[{"@type":"SearchAction","target":{"@type":"EntryPoint","urlTemplate":"https:\/\/skaitytaknyga.lt\/?s={search_term_string}"},"query-input":{"@type":"PropertyValueSpecification","valueRequired":true,"valueName":"search_term_string"}}],"inLanguage":"en-GB"},{"@type":"Organization","@id":"https:\/\/skaitytaknyga.lt\/#organization","name":"skaitytaknyga.lt","url":"https:\/\/skaitytaknyga.lt\/","logo":{"@type":"ImageObject","inLanguage":"en-GB","@id":"https:\/\/skaitytaknyga.lt\/#\/schema\/logo\/image\/","url":"https:\/\/skaitytaknyga.lt\/wp-content\/uploads\/2024\/05\/cropped-cropped-cropped-02_00843_jt3bggkj1j3HLc7SyY6rEUpg.jpeg","contentUrl":"https:\/\/skaitytaknyga.lt\/wp-content\/uploads\/2024\/05\/cropped-cropped-cropped-02_00843_jt3bggkj1j3HLc7SyY6rEUpg.jpeg","width":1600,"height":1600,"caption":"skaitytaknyga.lt"},"image":{"@id":"https:\/\/skaitytaknyga.lt\/#\/schema\/logo\/image\/"},"sameAs":["https:\/\/www.facebook.com\/skaitytaknyga\/"]}]}},"_links":{"self":[{"href":"https:\/\/skaitytaknyga.lt\/en\/wp-json\/wp\/v2\/product\/11061","targetHints":{"allow":["GET"]}}],"collection":[{"href":"https:\/\/skaitytaknyga.lt\/en\/wp-json\/wp\/v2\/product"}],"about":[{"href":"https:\/\/skaitytaknyga.lt\/en\/wp-json\/wp\/v2\/types\/product"}],"replies":[{"embeddable":true,"href":"https:\/\/skaitytaknyga.lt\/en\/wp-json\/wp\/v2\/comments?post=11061"}],"wp:featuredmedia":[{"embeddable":true,"href":"https:\/\/skaitytaknyga.lt\/en\/wp-json\/wp\/v2\/media\/11095"}],"wp:attachment":[{"href":"https:\/\/skaitytaknyga.lt\/en\/wp-json\/wp\/v2\/media?parent=11061"}],"wp:term":[{"taxonomy":"product_brand","embeddable":true,"href":"https:\/\/skaitytaknyga.lt\/en\/wp-json\/wp\/v2\/product_brand?post=11061"},{"taxonomy":"product_cat","embeddable":true,"href":"https:\/\/skaitytaknyga.lt\/en\/wp-json\/wp\/v2\/product_cat?post=11061"},{"taxonomy":"product_tag","embeddable":true,"href":"https:\/\/skaitytaknyga.lt\/en\/wp-json\/wp\/v2\/product_tag?post=11061"}],"curies":[{"name":"wp","href":"https:\/\/api.w.org\/{rel}","templated":true}]}}