{"id":11050,"date":"2024-05-04T19:26:36","date_gmt":"2024-05-04T19:26:36","guid":{"rendered":"https:\/\/skaitytaknyga.lt\/?post_type=product&#038;p=11050"},"modified":"2025-05-14T09:57:13","modified_gmt":"2025-05-14T06:57:13","slug":"peter-kummer-nieko-nera-neimanoma","status":"publish","type":"product","link":"https:\/\/skaitytaknyga.lt\/en\/produktas\/peter-kummer-nieko-nera-neimanoma\/","title":{"rendered":"Nieko n\u0117ra ne\u012fmanoma"},"content":{"rendered":"<p>Ar m\u016bs\u0173 gyvenimas priklauso nuo atsitiktinum\u0173, laim\u0117s ir nelaim\u0117s u\u017egaid\u0173? O gal mes galime savo lemt\u012f vairuoti patys, daryti jai poveik\u012f? Atsakymas: taip, mes turime toki\u0105 galimyb\u0119, ir i\u0161mokti, kaip tai padaryti, visai lengva. M\u016bs\u0173 pa\u010di\u0173 pas\u0105mon\u0117 yra raktas \u012f nauj\u0105, geresn\u012f gyvenim\u0105! Konstruktyvus m\u0105stymas \u2013 \u0161tai j\u016bs\u0173 s\u0117km\u0117s, j\u016bs\u0173 sveikatos paslaptis.<\/p>\n<p>Mokydamiesi pa\u017einti ir panaudoti nei\u0161senkam\u0105 savo pas\u0105mon\u0117s gali\u0105, pasieksite visus svarbius gyvenimo tikslus, \u2013 net ir tuos, kurie \u0161iandien jums atrodo fantasti\u0161ki ir nepasiekiami. \u0160ioje knygoje taip pat rasite pavyzd\u017ei\u0173, kaip daugelis \u017emoni\u0173, pasinaudoj\u0119 \u0161iuo efektyviu metodu, jau pakeit\u0117 savo gyvenim\u0105.<\/p>\n","protected":false},"excerpt":{"rendered":"<p>Ar m\u016bs\u0173 gyvenimas priklauso nuo atsitiktinum\u0173, laim\u0117s ir nelaim\u0117s u\u017egaid\u0173? O gal mes galime savo lemt\u012f vairuoti patys, daryti jai poveik\u012f? Atsakymas: taip, mes turime toki\u0105 galimyb\u0119, ir i\u0161mokti, kaip tai padaryti, visai lengva. M\u016bs\u0173 pa\u010di\u0173 pas\u0105mon\u0117 yra raktas \u012f nauj\u0105, geresn\u012f gyvenim\u0105! Konstruktyvus m\u0105stymas \u2013 \u0161tai j\u016bs\u0173 s\u0117km\u0117s, j\u016bs\u0173 sveikatos paslaptis.<\/p>\n<p>Mokydamiesi pa\u017einti ir panaudoti nei\u0161senkam\u0105 savo pas\u0105mon\u0117s gali\u0105, pasieksite visus svarbius gyvenimo tikslus, \u2013 net ir tuos, kurie \u0161iandien jums atrodo fantasti\u0161ki ir nepasiekiami. \u0160ioje knygoje taip pat rasite pavyzd\u017ei\u0173, kaip daugelis \u017emoni\u0173, pasinaudoj\u0119 \u0161iuo efektyviu metodu, jau pakeit\u0117 savo gyvenim\u0105.<\/p>\n","protected":false},"featured_media":11083,"comment_status":"closed","ping_status":"closed","template":"","meta":{"_acf_changed":false,"site-sidebar-layout":"default","site-content-layout":"","ast-site-content-layout":"default","site-content-style":"default","site-sidebar-style":"default","ast-global-header-display":"","ast-banner-title-visibility":"","ast-main-header-display":"","ast-hfb-above-header-display":"","ast-hfb-below-header-display":"","ast-hfb-mobile-header-display":"","site-post-title":"","ast-breadcrumbs-content":"","ast-featured-img":"","footer-sml-layout":"","ast-disable-related-posts":"","theme-transparent-header-meta":"","adv-header-id-meta":"","stick-header-meta":"","header-above-stick-meta":"","header-main-stick-meta":"","header-below-stick-meta":"","astra-migrate-meta-layouts":"default","ast-page-background-enabled":"default","ast-page-background-meta":{"desktop":{"background-color":"","background-image":"","background-repeat":"repeat","background-position":"center center","background-size":"auto","background-attachment":"scroll","background-type":"","background-media":"","overlay-type":"","overlay-color":"","overlay-opacity":"","overlay-gradient":""},"tablet":{"background-color":"","background-image":"","background-repeat":"repeat","background-position":"center center","background-size":"auto","background-attachment":"scroll","background-type":"","background-media":"","overlay-type":"","overlay-color":"","overlay-opacity":"","overlay-gradient":""},"mobile":{"background-color":"","background-image":"","background-repeat":"repeat","background-position":"center center","background-size":"auto","background-attachment":"scroll","background-type":"","background-media":"","overlay-type":"","overlay-color":"","overlay-opacity":"","overlay-gradient":""}},"ast-content-background-meta":{"desktop":{"background-color":"var(--ast-global-color-4)","background-image":"","background-repeat":"repeat","background-position":"center center","background-size":"auto","background-attachment":"scroll","background-type":"","background-media":"","overlay-type":"","overlay-color":"","overlay-opacity":"","overlay-gradient":""},"tablet":{"background-color":"var(--ast-global-color-4)","background-image":"","background-repeat":"repeat","background-position":"center center","background-size":"auto","background-attachment":"scroll","background-type":"","background-media":"","overlay-type":"","overlay-color":"","overlay-opacity":"","overlay-gradient":""},"mobile":{"background-color":"var(--ast-global-color-4)","background-image":"","background-repeat":"repeat","background-position":"center center","background-size":"auto","background-attachment":"scroll","background-type":"","background-media":"","overlay-type":"","overlay-color":"","overlay-opacity":"","overlay-gradient":""}}},"product_brand":[],"product_cat":[30],"product_tag":[],"class_list":{"0":"post-11050","1":"product","2":"type-product","3":"status-publish","4":"has-post-thumbnail","6":"product_cat-psichologija-ir-saviugda","7":"desktop-align-left","8":"tablet-align-left","9":"mobile-align-left","11":"first","12":"outofstock","13":"shipping-taxable","14":"purchasable","15":"product-type-simple"},"acf":[],"yoast_head":"<!-- This site is optimized with the Yoast SEO plugin v27.0 - https:\/\/yoast.com\/product\/yoast-seo-wordpress\/ -->\n<title>Nieko n\u0117ra ne\u012fmanoma<\/title>\n<meta name=\"description\" content=\"Ar m\u016bs\u0173 gyvenimas priklauso nuo atsitiktinum\u0173, laim\u0117s ir nelaim\u0117s u\u017egaid\u0173? O gal mes galime savo lemt\u012f vairuoti patys, daryti jai poveik\u012f? Atsakymas: taip, mes turime toki\u0105 galimyb\u0119, ir i\u0161mokti, kaip tai padaryti, visai lengva. M\u016bs\u0173 pa\u010di\u0173 pas\u0105mon\u0117 yra raktas \u012f nauj\u0105, geresn\u012f gyvenim\u0105! Konstruktyvus m\u0105stymas \u2013 \u0161tai j\u016bs\u0173 s\u0117km\u0117s, j\u016bs\u0173 sveikatos paslaptis.  Mokydamiesi pa\u017einti ir panaudoti nei\u0161senkam\u0105 savo pas\u0105mon\u0117s gali\u0105, pasieksite visus svarbius gyvenimo tikslus, \u2013 net ir tuos, kurie \u0161iandien jums atrodo fantasti\u0161ki ir nepasiekiami. \u0160ioje knygoje taip pat rasite pavyzd\u017ei\u0173, kaip daugelis \u017emoni\u0173, pasinaudoj\u0119 \u0161iuo efektyviu metodu, jau pakeit\u0117 savo gyvenim\u0105.\" \/>\n<meta name=\"robots\" content=\"index, follow, max-snippet:-1, max-image-preview:large, max-video-preview:-1\" \/>\n<link rel=\"canonical\" href=\"https:\/\/skaitytaknyga.lt\/en\/produktas\/peter-kummer-nieko-nera-neimanoma\/\" \/>\n<meta property=\"og:locale\" content=\"en_GB\" \/>\n<meta property=\"og:locale:alternate\" content=\"lt_LT\" \/>\n<meta property=\"og:type\" content=\"article\" \/>\n<meta property=\"og:title\" content=\"Nieko n\u0117ra ne\u012fmanoma\" \/>\n<meta property=\"og:description\" content=\"Ar m\u016bs\u0173 gyvenimas priklauso nuo atsitiktinum\u0173, laim\u0117s ir nelaim\u0117s u\u017egaid\u0173? O gal mes galime savo lemt\u012f vairuoti patys, daryti jai poveik\u012f? Atsakymas: taip, mes turime toki\u0105 galimyb\u0119, ir i\u0161mokti, kaip tai padaryti, visai lengva. M\u016bs\u0173 pa\u010di\u0173 pas\u0105mon\u0117 yra raktas \u012f nauj\u0105, geresn\u012f gyvenim\u0105! Konstruktyvus m\u0105stymas \u2013 \u0161tai j\u016bs\u0173 s\u0117km\u0117s, j\u016bs\u0173 sveikatos paslaptis.  Mokydamiesi pa\u017einti ir panaudoti nei\u0161senkam\u0105 savo pas\u0105mon\u0117s gali\u0105, pasieksite visus svarbius gyvenimo tikslus, \u2013 net ir tuos, kurie \u0161iandien jums atrodo fantasti\u0161ki ir nepasiekiami. \u0160ioje knygoje taip pat rasite pavyzd\u017ei\u0173, kaip daugelis \u017emoni\u0173, pasinaudoj\u0119 \u0161iuo efektyviu metodu, jau pakeit\u0117 savo gyvenim\u0105.\" \/>\n<meta property=\"og:url\" content=\"https:\/\/skaitytaknyga.lt\/en\/produktas\/peter-kummer-nieko-nera-neimanoma\/\" \/>\n<meta property=\"og:site_name\" content=\"Skaitytaknyga\" \/>\n<meta property=\"article:publisher\" content=\"https:\/\/www.facebook.com\/skaitytaknyga\/\" \/>\n<meta property=\"article:modified_time\" content=\"2025-05-14T06:57:13+00:00\" \/>\n<meta property=\"og:image\" content=\"https:\/\/skaitytaknyga.lt\/wp-content\/uploads\/2024\/05\/114517-img-20191004-113907.jpg\" \/>\n\t<meta property=\"og:image:width\" content=\"600\" \/>\n\t<meta property=\"og:image:height\" content=\"800\" \/>\n\t<meta property=\"og:image:type\" content=\"image\/jpeg\" \/>\n<meta name=\"twitter:card\" content=\"summary_large_image\" \/>\n<meta name=\"twitter:label1\" content=\"Estimated reading time\" \/>\n\t<meta name=\"twitter:data1\" content=\"1 minute\" \/>\n<script type=\"application\/ld+json\" class=\"yoast-schema-graph\">{\"@context\":\"https:\/\/schema.org\",\"@graph\":[{\"@type\":\"WebPage\",\"@id\":\"https:\/\/skaitytaknyga.lt\/produktas\/peter-kummer-nieko-nera-neimanoma\/\",\"url\":\"https:\/\/skaitytaknyga.lt\/produktas\/peter-kummer-nieko-nera-neimanoma\/\",\"name\":\"Nieko n\u0117ra ne\u012fmanoma\",\"isPartOf\":{\"@id\":\"https:\/\/skaitytaknyga.lt\/#website\"},\"primaryImageOfPage\":{\"@id\":\"https:\/\/skaitytaknyga.lt\/produktas\/peter-kummer-nieko-nera-neimanoma\/#primaryimage\"},\"image\":{\"@id\":\"https:\/\/skaitytaknyga.lt\/produktas\/peter-kummer-nieko-nera-neimanoma\/#primaryimage\"},\"thumbnailUrl\":\"https:\/\/skaitytaknyga.lt\/wp-content\/uploads\/2024\/05\/114517-img-20191004-113907.jpg\",\"datePublished\":\"2024-05-04T19:26:36+00:00\",\"dateModified\":\"2025-05-14T06:57:13+00:00\",\"description\":\"Ar m\u016bs\u0173 gyvenimas priklauso nuo atsitiktinum\u0173, laim\u0117s ir nelaim\u0117s u\u017egaid\u0173? O gal mes galime savo lemt\u012f vairuoti patys, daryti jai poveik\u012f? Atsakymas: taip, mes turime toki\u0105 galimyb\u0119, ir i\u0161mokti, kaip tai padaryti, visai lengva. M\u016bs\u0173 pa\u010di\u0173 pas\u0105mon\u0117 yra raktas \u012f nauj\u0105, geresn\u012f gyvenim\u0105! Konstruktyvus m\u0105stymas \u2013 \u0161tai j\u016bs\u0173 s\u0117km\u0117s, j\u016bs\u0173 sveikatos paslaptis. Mokydamiesi pa\u017einti ir panaudoti nei\u0161senkam\u0105 savo pas\u0105mon\u0117s gali\u0105, pasieksite visus svarbius gyvenimo tikslus, \u2013 net ir tuos, kurie \u0161iandien jums atrodo fantasti\u0161ki ir nepasiekiami. \u0160ioje knygoje taip pat rasite pavyzd\u017ei\u0173, kaip daugelis \u017emoni\u0173, pasinaudoj\u0119 \u0161iuo efektyviu metodu, jau pakeit\u0117 savo gyvenim\u0105.\",\"breadcrumb\":{\"@id\":\"https:\/\/skaitytaknyga.lt\/produktas\/peter-kummer-nieko-nera-neimanoma\/#breadcrumb\"},\"inLanguage\":\"en-GB\",\"potentialAction\":[{\"@type\":\"ReadAction\",\"target\":[\"https:\/\/skaitytaknyga.lt\/produktas\/peter-kummer-nieko-nera-neimanoma\/\"]}]},{\"@type\":\"ImageObject\",\"inLanguage\":\"en-GB\",\"@id\":\"https:\/\/skaitytaknyga.lt\/produktas\/peter-kummer-nieko-nera-neimanoma\/#primaryimage\",\"url\":\"https:\/\/skaitytaknyga.lt\/wp-content\/uploads\/2024\/05\/114517-img-20191004-113907.jpg\",\"contentUrl\":\"https:\/\/skaitytaknyga.lt\/wp-content\/uploads\/2024\/05\/114517-img-20191004-113907.jpg\",\"width\":600,\"height\":800},{\"@type\":\"BreadcrumbList\",\"@id\":\"https:\/\/skaitytaknyga.lt\/produktas\/peter-kummer-nieko-nera-neimanoma\/#breadcrumb\",\"itemListElement\":[{\"@type\":\"ListItem\",\"position\":1,\"name\":\"Home\",\"item\":\"https:\/\/skaitytaknyga.lt\/\"},{\"@type\":\"ListItem\",\"position\":2,\"name\":\"Parduotuv\u0117\",\"item\":\"https:\/\/skaitytaknyga.lt\/knygu-parduotuve\/\"},{\"@type\":\"ListItem\",\"position\":3,\"name\":\"Nieko n\u0117ra ne\u012fmanoma\"}]},{\"@type\":\"WebSite\",\"@id\":\"https:\/\/skaitytaknyga.lt\/#website\",\"url\":\"https:\/\/skaitytaknyga.lt\/\",\"name\":\"skaitytaknyga.lt\",\"description\":\"Skaitytaknyga.lt \u2013 tai ma\u017eas \u0161eimos verslas, kuris prasid\u0117jo nuo meil\u0117s knygoms ir siekio i\u0161gelb\u0117ti knygas nuo likimo prie konteinerio. Kas vienam nereikalingas daiktas \u2013 kitam lobis, o mes esame tarpininkai, kurie padeda abiems tapti laimingesniems ???? \u017dinome kaip nelengva i\u0161gyventi ma\u017eiems verslams, tad nuo \u0161iol, \u010dia rasite ir kit\u0173, ma\u017e\u0173 \u0161eim\u0173 versl\u0173, rank\u0173 darbo, dovan\u0173 sau ir artimiesiems.\",\"publisher\":{\"@id\":\"https:\/\/skaitytaknyga.lt\/#organization\"},\"potentialAction\":[{\"@type\":\"SearchAction\",\"target\":{\"@type\":\"EntryPoint\",\"urlTemplate\":\"https:\/\/skaitytaknyga.lt\/?s={search_term_string}\"},\"query-input\":{\"@type\":\"PropertyValueSpecification\",\"valueRequired\":true,\"valueName\":\"search_term_string\"}}],\"inLanguage\":\"en-GB\"},{\"@type\":\"Organization\",\"@id\":\"https:\/\/skaitytaknyga.lt\/#organization\",\"name\":\"skaitytaknyga.lt\",\"url\":\"https:\/\/skaitytaknyga.lt\/\",\"logo\":{\"@type\":\"ImageObject\",\"inLanguage\":\"en-GB\",\"@id\":\"https:\/\/skaitytaknyga.lt\/#\/schema\/logo\/image\/\",\"url\":\"https:\/\/skaitytaknyga.lt\/wp-content\/uploads\/2024\/05\/cropped-cropped-cropped-02_00843_jt3bggkj1j3HLc7SyY6rEUpg.jpeg\",\"contentUrl\":\"https:\/\/skaitytaknyga.lt\/wp-content\/uploads\/2024\/05\/cropped-cropped-cropped-02_00843_jt3bggkj1j3HLc7SyY6rEUpg.jpeg\",\"width\":1600,\"height\":1600,\"caption\":\"skaitytaknyga.lt\"},\"image\":{\"@id\":\"https:\/\/skaitytaknyga.lt\/#\/schema\/logo\/image\/\"},\"sameAs\":[\"https:\/\/www.facebook.com\/skaitytaknyga\/\"]}]}<\/script>\n<!-- \/ Yoast SEO plugin. -->","yoast_head_json":{"title":"Nieko n\u0117ra ne\u012fmanoma","description":"Ar m\u016bs\u0173 gyvenimas priklauso nuo atsitiktinum\u0173, laim\u0117s ir nelaim\u0117s u\u017egaid\u0173? O gal mes galime savo lemt\u012f vairuoti patys, daryti jai poveik\u012f? Atsakymas: taip, mes turime toki\u0105 galimyb\u0119, ir i\u0161mokti, kaip tai padaryti, visai lengva. M\u016bs\u0173 pa\u010di\u0173 pas\u0105mon\u0117 yra raktas \u012f nauj\u0105, geresn\u012f gyvenim\u0105! Konstruktyvus m\u0105stymas \u2013 \u0161tai j\u016bs\u0173 s\u0117km\u0117s, j\u016bs\u0173 sveikatos paslaptis.  Mokydamiesi pa\u017einti ir panaudoti nei\u0161senkam\u0105 savo pas\u0105mon\u0117s gali\u0105, pasieksite visus svarbius gyvenimo tikslus, \u2013 net ir tuos, kurie \u0161iandien jums atrodo fantasti\u0161ki ir nepasiekiami. \u0160ioje knygoje taip pat rasite pavyzd\u017ei\u0173, kaip daugelis \u017emoni\u0173, pasinaudoj\u0119 \u0161iuo efektyviu metodu, jau pakeit\u0117 savo gyvenim\u0105.","robots":{"index":"index","follow":"follow","max-snippet":"max-snippet:-1","max-image-preview":"max-image-preview:large","max-video-preview":"max-video-preview:-1"},"canonical":"https:\/\/skaitytaknyga.lt\/en\/produktas\/peter-kummer-nieko-nera-neimanoma\/","og_locale":"en_GB","og_type":"article","og_title":"[:lt]Nieko n\u0117ra ne\u012fmanoma[:] - Skaitytaknyga","og_description":"Ar m\u016bs\u0173 gyvenimas priklauso nuo atsitiktinum\u0173, laim\u0117s ir nelaim\u0117s u\u017egaid\u0173? O gal mes galime savo lemt\u012f vairuoti patys, daryti jai poveik\u012f? Atsakymas: taip, mes turime toki\u0105 galimyb\u0119, ir i\u0161mokti, kaip tai padaryti, visai lengva. M\u016bs\u0173 pa\u010di\u0173 pas\u0105mon\u0117 yra raktas \u012f nauj\u0105, geresn\u012f gyvenim\u0105! Konstruktyvus m\u0105stymas \u2013 \u0161tai j\u016bs\u0173 s\u0117km\u0117s, j\u016bs\u0173 sveikatos paslaptis.  Mokydamiesi pa\u017einti ir panaudoti nei\u0161senkam\u0105 savo pas\u0105mon\u0117s gali\u0105, pasieksite visus svarbius gyvenimo tikslus, \u2013 net ir tuos, kurie \u0161iandien jums atrodo fantasti\u0161ki ir nepasiekiami. \u0160ioje knygoje taip pat rasite pavyzd\u017ei\u0173, kaip daugelis \u017emoni\u0173, pasinaudoj\u0119 \u0161iuo efektyviu metodu, jau pakeit\u0117 savo gyvenim\u0105.","og_url":"https:\/\/skaitytaknyga.lt\/en\/produktas\/peter-kummer-nieko-nera-neimanoma\/","og_site_name":"Skaitytaknyga","article_publisher":"https:\/\/www.facebook.com\/skaitytaknyga\/","article_modified_time":"2025-05-14T06:57:13+00:00","og_image":[{"width":600,"height":800,"url":"https:\/\/skaitytaknyga.lt\/wp-content\/uploads\/2024\/05\/114517-img-20191004-113907.jpg","type":"image\/jpeg"}],"twitter_card":"summary_large_image","twitter_misc":{"Estimated reading time":"1 minute"},"schema":{"@context":"https:\/\/schema.org","@graph":[{"@type":"WebPage","@id":"https:\/\/skaitytaknyga.lt\/produktas\/peter-kummer-nieko-nera-neimanoma\/","url":"https:\/\/skaitytaknyga.lt\/produktas\/peter-kummer-nieko-nera-neimanoma\/","name":"Nieko n\u0117ra ne\u012fmanoma","isPartOf":{"@id":"https:\/\/skaitytaknyga.lt\/#website"},"primaryImageOfPage":{"@id":"https:\/\/skaitytaknyga.lt\/produktas\/peter-kummer-nieko-nera-neimanoma\/#primaryimage"},"image":{"@id":"https:\/\/skaitytaknyga.lt\/produktas\/peter-kummer-nieko-nera-neimanoma\/#primaryimage"},"thumbnailUrl":"https:\/\/skaitytaknyga.lt\/wp-content\/uploads\/2024\/05\/114517-img-20191004-113907.jpg","datePublished":"2024-05-04T19:26:36+00:00","dateModified":"2025-05-14T06:57:13+00:00","description":"Ar m\u016bs\u0173 gyvenimas priklauso nuo atsitiktinum\u0173, laim\u0117s ir nelaim\u0117s u\u017egaid\u0173? O gal mes galime savo lemt\u012f vairuoti patys, daryti jai poveik\u012f? Atsakymas: taip, mes turime toki\u0105 galimyb\u0119, ir i\u0161mokti, kaip tai padaryti, visai lengva. M\u016bs\u0173 pa\u010di\u0173 pas\u0105mon\u0117 yra raktas \u012f nauj\u0105, geresn\u012f gyvenim\u0105! Konstruktyvus m\u0105stymas \u2013 \u0161tai j\u016bs\u0173 s\u0117km\u0117s, j\u016bs\u0173 sveikatos paslaptis. Mokydamiesi pa\u017einti ir panaudoti nei\u0161senkam\u0105 savo pas\u0105mon\u0117s gali\u0105, pasieksite visus svarbius gyvenimo tikslus, \u2013 net ir tuos, kurie \u0161iandien jums atrodo fantasti\u0161ki ir nepasiekiami. \u0160ioje knygoje taip pat rasite pavyzd\u017ei\u0173, kaip daugelis \u017emoni\u0173, pasinaudoj\u0119 \u0161iuo efektyviu metodu, jau pakeit\u0117 savo gyvenim\u0105.","breadcrumb":{"@id":"https:\/\/skaitytaknyga.lt\/produktas\/peter-kummer-nieko-nera-neimanoma\/#breadcrumb"},"inLanguage":"en-GB","potentialAction":[{"@type":"ReadAction","target":["https:\/\/skaitytaknyga.lt\/produktas\/peter-kummer-nieko-nera-neimanoma\/"]}]},{"@type":"ImageObject","inLanguage":"en-GB","@id":"https:\/\/skaitytaknyga.lt\/produktas\/peter-kummer-nieko-nera-neimanoma\/#primaryimage","url":"https:\/\/skaitytaknyga.lt\/wp-content\/uploads\/2024\/05\/114517-img-20191004-113907.jpg","contentUrl":"https:\/\/skaitytaknyga.lt\/wp-content\/uploads\/2024\/05\/114517-img-20191004-113907.jpg","width":600,"height":800},{"@type":"BreadcrumbList","@id":"https:\/\/skaitytaknyga.lt\/produktas\/peter-kummer-nieko-nera-neimanoma\/#breadcrumb","itemListElement":[{"@type":"ListItem","position":1,"name":"Home","item":"https:\/\/skaitytaknyga.lt\/"},{"@type":"ListItem","position":2,"name":"Parduotuv\u0117","item":"https:\/\/skaitytaknyga.lt\/knygu-parduotuve\/"},{"@type":"ListItem","position":3,"name":"Nieko n\u0117ra ne\u012fmanoma"}]},{"@type":"WebSite","@id":"https:\/\/skaitytaknyga.lt\/#website","url":"https:\/\/skaitytaknyga.lt\/","name":"skaitytaknyga.lt","description":"Skaitytaknyga.lt \u2013 tai ma\u017eas \u0161eimos verslas, kuris prasid\u0117jo nuo meil\u0117s knygoms ir siekio i\u0161gelb\u0117ti knygas nuo likimo prie konteinerio. Kas vienam nereikalingas daiktas \u2013 kitam lobis, o mes esame tarpininkai, kurie padeda abiems tapti laimingesniems ???? \u017dinome kaip nelengva i\u0161gyventi ma\u017eiems verslams, tad nuo \u0161iol, \u010dia rasite ir kit\u0173, ma\u017e\u0173 \u0161eim\u0173 versl\u0173, rank\u0173 darbo, dovan\u0173 sau ir artimiesiems.","publisher":{"@id":"https:\/\/skaitytaknyga.lt\/#organization"},"potentialAction":[{"@type":"SearchAction","target":{"@type":"EntryPoint","urlTemplate":"https:\/\/skaitytaknyga.lt\/?s={search_term_string}"},"query-input":{"@type":"PropertyValueSpecification","valueRequired":true,"valueName":"search_term_string"}}],"inLanguage":"en-GB"},{"@type":"Organization","@id":"https:\/\/skaitytaknyga.lt\/#organization","name":"skaitytaknyga.lt","url":"https:\/\/skaitytaknyga.lt\/","logo":{"@type":"ImageObject","inLanguage":"en-GB","@id":"https:\/\/skaitytaknyga.lt\/#\/schema\/logo\/image\/","url":"https:\/\/skaitytaknyga.lt\/wp-content\/uploads\/2024\/05\/cropped-cropped-cropped-02_00843_jt3bggkj1j3HLc7SyY6rEUpg.jpeg","contentUrl":"https:\/\/skaitytaknyga.lt\/wp-content\/uploads\/2024\/05\/cropped-cropped-cropped-02_00843_jt3bggkj1j3HLc7SyY6rEUpg.jpeg","width":1600,"height":1600,"caption":"skaitytaknyga.lt"},"image":{"@id":"https:\/\/skaitytaknyga.lt\/#\/schema\/logo\/image\/"},"sameAs":["https:\/\/www.facebook.com\/skaitytaknyga\/"]}]}},"_links":{"self":[{"href":"https:\/\/skaitytaknyga.lt\/en\/wp-json\/wp\/v2\/product\/11050","targetHints":{"allow":["GET"]}}],"collection":[{"href":"https:\/\/skaitytaknyga.lt\/en\/wp-json\/wp\/v2\/product"}],"about":[{"href":"https:\/\/skaitytaknyga.lt\/en\/wp-json\/wp\/v2\/types\/product"}],"replies":[{"embeddable":true,"href":"https:\/\/skaitytaknyga.lt\/en\/wp-json\/wp\/v2\/comments?post=11050"}],"wp:featuredmedia":[{"embeddable":true,"href":"https:\/\/skaitytaknyga.lt\/en\/wp-json\/wp\/v2\/media\/11083"}],"wp:attachment":[{"href":"https:\/\/skaitytaknyga.lt\/en\/wp-json\/wp\/v2\/media?parent=11050"}],"wp:term":[{"taxonomy":"product_brand","embeddable":true,"href":"https:\/\/skaitytaknyga.lt\/en\/wp-json\/wp\/v2\/product_brand?post=11050"},{"taxonomy":"product_cat","embeddable":true,"href":"https:\/\/skaitytaknyga.lt\/en\/wp-json\/wp\/v2\/product_cat?post=11050"},{"taxonomy":"product_tag","embeddable":true,"href":"https:\/\/skaitytaknyga.lt\/en\/wp-json\/wp\/v2\/product_tag?post=11050"}],"curies":[{"name":"wp","href":"https:\/\/api.w.org\/{rel}","templated":true}]}}