{"id":11040,"date":"2024-05-04T19:26:15","date_gmt":"2024-05-04T19:26:15","guid":{"rendered":"https:\/\/skaitytaknyga.lt\/?post_type=product&#038;p=11040"},"modified":"2026-03-18T14:59:54","modified_gmt":"2026-03-18T12:59:54","slug":"jonas-anicas-daktaro-kazio-bobelio-politine-biografija-1-knyga-tarnyste-lietuvos-laisves-bylai","status":"publish","type":"product","link":"https:\/\/skaitytaknyga.lt\/en\/produktas\/jonas-anicas-daktaro-kazio-bobelio-politine-biografija-1-knyga-tarnyste-lietuvos-laisves-bylai\/","title":{"rendered":"Jonas Ani\u010das  \u201eDaktaro Kazio Bobelio politin\u0117 biografija (1 knyga): Tarnyst\u0117 Lietuvos laisv\u0117s bylai\u201c"},"content":{"rendered":"<p>Tai knyga apie \u017eymaus politiko dr. Kazio Bobelio gyvenim\u0105, pa\u017eenklint\u0105 nenuilstamos kovos u\u017e Lietuvos laisv\u0119. I\u0161 gausios dokumentin\u0117s med\u017eiagos, nuotrauk\u0173 ir atsiminim\u0173 fragment\u0173 susid\u0117sto ry\u0161ki i\u0161kilios asmenyb\u0117s, nedvejojusios pasirinkto tikslo svarba ir s\u0117kme, portreto mozaika. Derindamas tiesiogin\u012f mediko darb\u0105 su prasminga ir \u012fvairiapuse visuomenine veikla, dr. K. Bobelis vadovavo \u017eymiausioms lietuvi\u0173 i\u0161eivijos politin\u0117ms organizacijoms ir reik\u0161mingais darbais prisid\u0117jo prie Lietuvos laisv\u0117s s\u0105j\u016bd\u017eio organizavimo Vakaruose bei nepriklausomyb\u0117s atk\u016brimo.<\/p>\n","protected":false},"excerpt":{"rendered":"<p>Tai knyga apie \u017eymaus politiko dr. Kazio Bobelio gyvenim\u0105, pa\u017eenklint\u0105 nenuilstamos kovos u\u017e Lietuvos laisv\u0119. I\u0161 gausios dokumentin\u0117s med\u017eiagos, nuotrauk\u0173 ir atsiminim\u0173 fragment\u0173 susid\u0117sto ry\u0161ki i\u0161kilios asmenyb\u0117s, nedvejojusios pasirinkto tikslo svarba ir s\u0117kme, portreto mozaika. Derindamas tiesiogin\u012f mediko darb\u0105 su prasminga ir \u012fvairiapuse visuomenine veikla, dr. K. Bobelis vadovavo \u017eymiausioms lietuvi\u0173 i\u0161eivijos politin\u0117ms organizacijoms ir reik\u0161mingais darbais prisid\u0117jo prie Lietuvos laisv\u0117s s\u0105j\u016bd\u017eio organizavimo Vakaruose bei nepriklausomyb\u0117s atk\u016brimo.<\/p>\n","protected":false},"featured_media":11072,"comment_status":"closed","ping_status":"closed","template":"","meta":{"_acf_changed":false,"site-sidebar-layout":"default","site-content-layout":"","ast-site-content-layout":"default","site-content-style":"default","site-sidebar-style":"default","ast-global-header-display":"","ast-banner-title-visibility":"","ast-main-header-display":"","ast-hfb-above-header-display":"","ast-hfb-below-header-display":"","ast-hfb-mobile-header-display":"","site-post-title":"","ast-breadcrumbs-content":"","ast-featured-img":"","footer-sml-layout":"","ast-disable-related-posts":"","theme-transparent-header-meta":"","adv-header-id-meta":"","stick-header-meta":"","header-above-stick-meta":"","header-main-stick-meta":"","header-below-stick-meta":"","astra-migrate-meta-layouts":"default","ast-page-background-enabled":"default","ast-page-background-meta":{"desktop":{"background-color":"","background-image":"","background-repeat":"repeat","background-position":"center center","background-size":"auto","background-attachment":"scroll","background-type":"","background-media":"","overlay-type":"","overlay-color":"","overlay-opacity":"","overlay-gradient":""},"tablet":{"background-color":"","background-image":"","background-repeat":"repeat","background-position":"center center","background-size":"auto","background-attachment":"scroll","background-type":"","background-media":"","overlay-type":"","overlay-color":"","overlay-opacity":"","overlay-gradient":""},"mobile":{"background-color":"","background-image":"","background-repeat":"repeat","background-position":"center center","background-size":"auto","background-attachment":"scroll","background-type":"","background-media":"","overlay-type":"","overlay-color":"","overlay-opacity":"","overlay-gradient":""}},"ast-content-background-meta":{"desktop":{"background-color":"var(--ast-global-color-4)","background-image":"","background-repeat":"repeat","background-position":"center center","background-size":"auto","background-attachment":"scroll","background-type":"","background-media":"","overlay-type":"","overlay-color":"","overlay-opacity":"","overlay-gradient":""},"tablet":{"background-color":"var(--ast-global-color-4)","background-image":"","background-repeat":"repeat","background-position":"center center","background-size":"auto","background-attachment":"scroll","background-type":"","background-media":"","overlay-type":"","overlay-color":"","overlay-opacity":"","overlay-gradient":""},"mobile":{"background-color":"var(--ast-global-color-4)","background-image":"","background-repeat":"repeat","background-position":"center center","background-size":"auto","background-attachment":"scroll","background-type":"","background-media":"","overlay-type":"","overlay-color":"","overlay-opacity":"","overlay-gradient":""}}},"product_brand":[],"product_cat":[9862,174],"product_tag":[],"class_list":{"0":"post-11040","1":"product","2":"type-product","3":"status-publish","4":"has-post-thumbnail","6":"product_cat-lietuvos-istorija","7":"product_cat-istorija-ir-politologija","8":"pa_leidimo-metai-93","9":"desktop-align-left","10":"tablet-align-left","11":"mobile-align-left","13":"first","14":"instock","15":"shipping-taxable","16":"purchasable","17":"product-type-simple"},"acf":[],"yoast_head":"<!-- This site is optimized with the Yoast SEO plugin v27.0 - https:\/\/yoast.com\/product\/yoast-seo-wordpress\/ -->\n<title>Jonas Ani\u010das \u201eDaktaro Kazio Bobelio politin\u0117 biografija (1 knyga): Tarnyst\u0117 Lietuvos laisv\u0117s bylai\u201c<\/title>\n<meta name=\"description\" content=\"Tai knyga apie \u017eymaus politiko dr. Kazio Bobelio gyvenim\u0105, pa\u017eenklint\u0105 nenuilstamos kovos u\u017e Lietuvos laisv\u0119. I\u0161 gausios dokumentin\u0117s med\u017eiagos, nuotrauk\u0173 ir atsiminim\u0173 fragment\u0173 susid\u0117sto ry\u0161ki i\u0161kilios asmenyb\u0117s, nedvejojusios pasirinkto tikslo svarba ir s\u0117kme, portreto mozaika. Derindamas tiesiogin\u012f mediko darb\u0105 su prasminga ir \u012fvairiapuse visuomenine veikla, dr. K. Bobelis vadovavo \u017eymiausioms lietuvi\u0173 i\u0161eivijos politin\u0117ms organizacijoms ir reik\u0161mingais darbais prisid\u0117jo prie Lietuvos laisv\u0117s s\u0105j\u016bd\u017eio organizavimo Vakaruose bei nepriklausomyb\u0117s atk\u016brimo.\" \/>\n<meta name=\"robots\" content=\"index, follow, max-snippet:-1, max-image-preview:large, max-video-preview:-1\" \/>\n<link rel=\"canonical\" href=\"https:\/\/skaitytaknyga.lt\/en\/produktas\/jonas-anicas-daktaro-kazio-bobelio-politine-biografija-1-knyga-tarnyste-lietuvos-laisves-bylai\/\" \/>\n<meta property=\"og:locale\" content=\"en_GB\" \/>\n<meta property=\"og:locale:alternate\" content=\"lt_LT\" \/>\n<meta property=\"og:type\" content=\"article\" \/>\n<meta property=\"og:title\" content=\"Jonas Ani\u010das \u201eDaktaro Kazio Bobelio politin\u0117 biografija (1 knyga): Tarnyst\u0117 Lietuvos laisv\u0117s bylai\u201c\" \/>\n<meta property=\"og:description\" content=\"Tai knyga apie \u017eymaus politiko dr. Kazio Bobelio gyvenim\u0105, pa\u017eenklint\u0105 nenuilstamos kovos u\u017e Lietuvos laisv\u0119. I\u0161 gausios dokumentin\u0117s med\u017eiagos, nuotrauk\u0173 ir atsiminim\u0173 fragment\u0173 susid\u0117sto ry\u0161ki i\u0161kilios asmenyb\u0117s, nedvejojusios pasirinkto tikslo svarba ir s\u0117kme, portreto mozaika. Derindamas tiesiogin\u012f mediko darb\u0105 su prasminga ir \u012fvairiapuse visuomenine veikla, dr. K. Bobelis vadovavo \u017eymiausioms lietuvi\u0173 i\u0161eivijos politin\u0117ms organizacijoms ir reik\u0161mingais darbais prisid\u0117jo prie Lietuvos laisv\u0117s s\u0105j\u016bd\u017eio organizavimo Vakaruose bei nepriklausomyb\u0117s atk\u016brimo.\" \/>\n<meta property=\"og:url\" content=\"https:\/\/skaitytaknyga.lt\/en\/produktas\/jonas-anicas-daktaro-kazio-bobelio-politine-biografija-1-knyga-tarnyste-lietuvos-laisves-bylai\/\" \/>\n<meta property=\"og:site_name\" content=\"Skaitytaknyga\" \/>\n<meta property=\"article:publisher\" content=\"https:\/\/www.facebook.com\/skaitytaknyga\/\" \/>\n<meta property=\"article:modified_time\" content=\"2026-03-18T12:59:54+00:00\" \/>\n<meta property=\"og:image\" content=\"https:\/\/skaitytaknyga.lt\/wp-content\/uploads\/2024\/05\/IMG_20190106_0047.jpg\" \/>\n\t<meta property=\"og:image:width\" content=\"768\" \/>\n\t<meta property=\"og:image:height\" content=\"1159\" \/>\n\t<meta property=\"og:image:type\" content=\"image\/jpeg\" \/>\n<meta name=\"twitter:card\" content=\"summary_large_image\" \/>\n<script type=\"application\/ld+json\" class=\"yoast-schema-graph\">{\"@context\":\"https:\/\/schema.org\",\"@graph\":[{\"@type\":\"WebPage\",\"@id\":\"https:\/\/skaitytaknyga.lt\/produktas\/jonas-anicas-daktaro-kazio-bobelio-politine-biografija-1-knyga-tarnyste-lietuvos-laisves-bylai\/\",\"url\":\"https:\/\/skaitytaknyga.lt\/produktas\/jonas-anicas-daktaro-kazio-bobelio-politine-biografija-1-knyga-tarnyste-lietuvos-laisves-bylai\/\",\"name\":\"Jonas Ani\u010das \u201eDaktaro Kazio Bobelio politin\u0117 biografija (1 knyga): Tarnyst\u0117 Lietuvos laisv\u0117s bylai\u201c\",\"isPartOf\":{\"@id\":\"https:\/\/skaitytaknyga.lt\/#website\"},\"primaryImageOfPage\":{\"@id\":\"https:\/\/skaitytaknyga.lt\/produktas\/jonas-anicas-daktaro-kazio-bobelio-politine-biografija-1-knyga-tarnyste-lietuvos-laisves-bylai\/#primaryimage\"},\"image\":{\"@id\":\"https:\/\/skaitytaknyga.lt\/produktas\/jonas-anicas-daktaro-kazio-bobelio-politine-biografija-1-knyga-tarnyste-lietuvos-laisves-bylai\/#primaryimage\"},\"thumbnailUrl\":\"https:\/\/skaitytaknyga.lt\/wp-content\/uploads\/2024\/05\/IMG_20190106_0047.jpg\",\"datePublished\":\"2024-05-04T19:26:15+00:00\",\"dateModified\":\"2026-03-18T12:59:54+00:00\",\"description\":\"Tai knyga apie \u017eymaus politiko dr. Kazio Bobelio gyvenim\u0105, pa\u017eenklint\u0105 nenuilstamos kovos u\u017e Lietuvos laisv\u0119. I\u0161 gausios dokumentin\u0117s med\u017eiagos, nuotrauk\u0173 ir atsiminim\u0173 fragment\u0173 susid\u0117sto ry\u0161ki i\u0161kilios asmenyb\u0117s, nedvejojusios pasirinkto tikslo svarba ir s\u0117kme, portreto mozaika. Derindamas tiesiogin\u012f mediko darb\u0105 su prasminga ir \u012fvairiapuse visuomenine veikla, dr. K. Bobelis vadovavo \u017eymiausioms lietuvi\u0173 i\u0161eivijos politin\u0117ms organizacijoms ir reik\u0161mingais darbais prisid\u0117jo prie Lietuvos laisv\u0117s s\u0105j\u016bd\u017eio organizavimo Vakaruose bei nepriklausomyb\u0117s atk\u016brimo.\",\"breadcrumb\":{\"@id\":\"https:\/\/skaitytaknyga.lt\/produktas\/jonas-anicas-daktaro-kazio-bobelio-politine-biografija-1-knyga-tarnyste-lietuvos-laisves-bylai\/#breadcrumb\"},\"inLanguage\":\"en-GB\",\"potentialAction\":[{\"@type\":\"ReadAction\",\"target\":[\"https:\/\/skaitytaknyga.lt\/produktas\/jonas-anicas-daktaro-kazio-bobelio-politine-biografija-1-knyga-tarnyste-lietuvos-laisves-bylai\/\"]}]},{\"@type\":\"ImageObject\",\"inLanguage\":\"en-GB\",\"@id\":\"https:\/\/skaitytaknyga.lt\/produktas\/jonas-anicas-daktaro-kazio-bobelio-politine-biografija-1-knyga-tarnyste-lietuvos-laisves-bylai\/#primaryimage\",\"url\":\"https:\/\/skaitytaknyga.lt\/wp-content\/uploads\/2024\/05\/IMG_20190106_0047.jpg\",\"contentUrl\":\"https:\/\/skaitytaknyga.lt\/wp-content\/uploads\/2024\/05\/IMG_20190106_0047.jpg\",\"width\":768,\"height\":1159},{\"@type\":\"BreadcrumbList\",\"@id\":\"https:\/\/skaitytaknyga.lt\/produktas\/jonas-anicas-daktaro-kazio-bobelio-politine-biografija-1-knyga-tarnyste-lietuvos-laisves-bylai\/#breadcrumb\",\"itemListElement\":[{\"@type\":\"ListItem\",\"position\":1,\"name\":\"Home\",\"item\":\"https:\/\/skaitytaknyga.lt\/\"},{\"@type\":\"ListItem\",\"position\":2,\"name\":\"Parduotuv\u0117\",\"item\":\"https:\/\/skaitytaknyga.lt\/knygu-parduotuve\/\"},{\"@type\":\"ListItem\",\"position\":3,\"name\":\"Jonas Ani\u010das \u201eDaktaro Kazio Bobelio politin\u0117 biografija (1 knyga): Tarnyst\u0117 Lietuvos laisv\u0117s bylai\u201c\"}]},{\"@type\":\"WebSite\",\"@id\":\"https:\/\/skaitytaknyga.lt\/#website\",\"url\":\"https:\/\/skaitytaknyga.lt\/\",\"name\":\"skaitytaknyga.lt\",\"description\":\"Skaitytaknyga.lt \u2013 tai ma\u017eas \u0161eimos verslas, kuris prasid\u0117jo nuo meil\u0117s knygoms ir siekio i\u0161gelb\u0117ti knygas nuo likimo prie konteinerio. Kas vienam nereikalingas daiktas \u2013 kitam lobis, o mes esame tarpininkai, kurie padeda abiems tapti laimingesniems ???? \u017dinome kaip nelengva i\u0161gyventi ma\u017eiems verslams, tad nuo \u0161iol, \u010dia rasite ir kit\u0173, ma\u017e\u0173 \u0161eim\u0173 versl\u0173, rank\u0173 darbo, dovan\u0173 sau ir artimiesiems.\",\"publisher\":{\"@id\":\"https:\/\/skaitytaknyga.lt\/#organization\"},\"potentialAction\":[{\"@type\":\"SearchAction\",\"target\":{\"@type\":\"EntryPoint\",\"urlTemplate\":\"https:\/\/skaitytaknyga.lt\/?s={search_term_string}\"},\"query-input\":{\"@type\":\"PropertyValueSpecification\",\"valueRequired\":true,\"valueName\":\"search_term_string\"}}],\"inLanguage\":\"en-GB\"},{\"@type\":\"Organization\",\"@id\":\"https:\/\/skaitytaknyga.lt\/#organization\",\"name\":\"skaitytaknyga.lt\",\"url\":\"https:\/\/skaitytaknyga.lt\/\",\"logo\":{\"@type\":\"ImageObject\",\"inLanguage\":\"en-GB\",\"@id\":\"https:\/\/skaitytaknyga.lt\/#\/schema\/logo\/image\/\",\"url\":\"https:\/\/skaitytaknyga.lt\/wp-content\/uploads\/2024\/05\/cropped-cropped-cropped-02_00843_jt3bggkj1j3HLc7SyY6rEUpg.jpeg\",\"contentUrl\":\"https:\/\/skaitytaknyga.lt\/wp-content\/uploads\/2024\/05\/cropped-cropped-cropped-02_00843_jt3bggkj1j3HLc7SyY6rEUpg.jpeg\",\"width\":1600,\"height\":1600,\"caption\":\"skaitytaknyga.lt\"},\"image\":{\"@id\":\"https:\/\/skaitytaknyga.lt\/#\/schema\/logo\/image\/\"},\"sameAs\":[\"https:\/\/www.facebook.com\/skaitytaknyga\/\"]}]}<\/script>\n<!-- \/ Yoast SEO plugin. -->","yoast_head_json":{"title":"Jonas Ani\u010das \u201eDaktaro Kazio Bobelio politin\u0117 biografija (1 knyga): Tarnyst\u0117 Lietuvos laisv\u0117s bylai\u201c","description":"Tai knyga apie \u017eymaus politiko dr. Kazio Bobelio gyvenim\u0105, pa\u017eenklint\u0105 nenuilstamos kovos u\u017e Lietuvos laisv\u0119. I\u0161 gausios dokumentin\u0117s med\u017eiagos, nuotrauk\u0173 ir atsiminim\u0173 fragment\u0173 susid\u0117sto ry\u0161ki i\u0161kilios asmenyb\u0117s, nedvejojusios pasirinkto tikslo svarba ir s\u0117kme, portreto mozaika. Derindamas tiesiogin\u012f mediko darb\u0105 su prasminga ir \u012fvairiapuse visuomenine veikla, dr. K. Bobelis vadovavo \u017eymiausioms lietuvi\u0173 i\u0161eivijos politin\u0117ms organizacijoms ir reik\u0161mingais darbais prisid\u0117jo prie Lietuvos laisv\u0117s s\u0105j\u016bd\u017eio organizavimo Vakaruose bei nepriklausomyb\u0117s atk\u016brimo.","robots":{"index":"index","follow":"follow","max-snippet":"max-snippet:-1","max-image-preview":"max-image-preview:large","max-video-preview":"max-video-preview:-1"},"canonical":"https:\/\/skaitytaknyga.lt\/en\/produktas\/jonas-anicas-daktaro-kazio-bobelio-politine-biografija-1-knyga-tarnyste-lietuvos-laisves-bylai\/","og_locale":"en_GB","og_type":"article","og_title":"[:lt]Jonas Ani\u010das \u201eDaktaro Kazio Bobelio politin\u0117 biografija (1 knyga): Tarnyst\u0117 Lietuvos laisv\u0117s bylai\u201c[:] - Skaitytaknyga","og_description":"Tai knyga apie \u017eymaus politiko dr. Kazio Bobelio gyvenim\u0105, pa\u017eenklint\u0105 nenuilstamos kovos u\u017e Lietuvos laisv\u0119. I\u0161 gausios dokumentin\u0117s med\u017eiagos, nuotrauk\u0173 ir atsiminim\u0173 fragment\u0173 susid\u0117sto ry\u0161ki i\u0161kilios asmenyb\u0117s, nedvejojusios pasirinkto tikslo svarba ir s\u0117kme, portreto mozaika. Derindamas tiesiogin\u012f mediko darb\u0105 su prasminga ir \u012fvairiapuse visuomenine veikla, dr. K. Bobelis vadovavo \u017eymiausioms lietuvi\u0173 i\u0161eivijos politin\u0117ms organizacijoms ir reik\u0161mingais darbais prisid\u0117jo prie Lietuvos laisv\u0117s s\u0105j\u016bd\u017eio organizavimo Vakaruose bei nepriklausomyb\u0117s atk\u016brimo.","og_url":"https:\/\/skaitytaknyga.lt\/en\/produktas\/jonas-anicas-daktaro-kazio-bobelio-politine-biografija-1-knyga-tarnyste-lietuvos-laisves-bylai\/","og_site_name":"Skaitytaknyga","article_publisher":"https:\/\/www.facebook.com\/skaitytaknyga\/","article_modified_time":"2026-03-18T12:59:54+00:00","og_image":[{"width":768,"height":1159,"url":"https:\/\/skaitytaknyga.lt\/wp-content\/uploads\/2024\/05\/IMG_20190106_0047.jpg","type":"image\/jpeg"}],"twitter_card":"summary_large_image","schema":{"@context":"https:\/\/schema.org","@graph":[{"@type":"WebPage","@id":"https:\/\/skaitytaknyga.lt\/produktas\/jonas-anicas-daktaro-kazio-bobelio-politine-biografija-1-knyga-tarnyste-lietuvos-laisves-bylai\/","url":"https:\/\/skaitytaknyga.lt\/produktas\/jonas-anicas-daktaro-kazio-bobelio-politine-biografija-1-knyga-tarnyste-lietuvos-laisves-bylai\/","name":"Jonas Ani\u010das \u201eDaktaro Kazio Bobelio politin\u0117 biografija (1 knyga): Tarnyst\u0117 Lietuvos laisv\u0117s bylai\u201c","isPartOf":{"@id":"https:\/\/skaitytaknyga.lt\/#website"},"primaryImageOfPage":{"@id":"https:\/\/skaitytaknyga.lt\/produktas\/jonas-anicas-daktaro-kazio-bobelio-politine-biografija-1-knyga-tarnyste-lietuvos-laisves-bylai\/#primaryimage"},"image":{"@id":"https:\/\/skaitytaknyga.lt\/produktas\/jonas-anicas-daktaro-kazio-bobelio-politine-biografija-1-knyga-tarnyste-lietuvos-laisves-bylai\/#primaryimage"},"thumbnailUrl":"https:\/\/skaitytaknyga.lt\/wp-content\/uploads\/2024\/05\/IMG_20190106_0047.jpg","datePublished":"2024-05-04T19:26:15+00:00","dateModified":"2026-03-18T12:59:54+00:00","description":"Tai knyga apie \u017eymaus politiko dr. Kazio Bobelio gyvenim\u0105, pa\u017eenklint\u0105 nenuilstamos kovos u\u017e Lietuvos laisv\u0119. I\u0161 gausios dokumentin\u0117s med\u017eiagos, nuotrauk\u0173 ir atsiminim\u0173 fragment\u0173 susid\u0117sto ry\u0161ki i\u0161kilios asmenyb\u0117s, nedvejojusios pasirinkto tikslo svarba ir s\u0117kme, portreto mozaika. Derindamas tiesiogin\u012f mediko darb\u0105 su prasminga ir \u012fvairiapuse visuomenine veikla, dr. K. Bobelis vadovavo \u017eymiausioms lietuvi\u0173 i\u0161eivijos politin\u0117ms organizacijoms ir reik\u0161mingais darbais prisid\u0117jo prie Lietuvos laisv\u0117s s\u0105j\u016bd\u017eio organizavimo Vakaruose bei nepriklausomyb\u0117s atk\u016brimo.","breadcrumb":{"@id":"https:\/\/skaitytaknyga.lt\/produktas\/jonas-anicas-daktaro-kazio-bobelio-politine-biografija-1-knyga-tarnyste-lietuvos-laisves-bylai\/#breadcrumb"},"inLanguage":"en-GB","potentialAction":[{"@type":"ReadAction","target":["https:\/\/skaitytaknyga.lt\/produktas\/jonas-anicas-daktaro-kazio-bobelio-politine-biografija-1-knyga-tarnyste-lietuvos-laisves-bylai\/"]}]},{"@type":"ImageObject","inLanguage":"en-GB","@id":"https:\/\/skaitytaknyga.lt\/produktas\/jonas-anicas-daktaro-kazio-bobelio-politine-biografija-1-knyga-tarnyste-lietuvos-laisves-bylai\/#primaryimage","url":"https:\/\/skaitytaknyga.lt\/wp-content\/uploads\/2024\/05\/IMG_20190106_0047.jpg","contentUrl":"https:\/\/skaitytaknyga.lt\/wp-content\/uploads\/2024\/05\/IMG_20190106_0047.jpg","width":768,"height":1159},{"@type":"BreadcrumbList","@id":"https:\/\/skaitytaknyga.lt\/produktas\/jonas-anicas-daktaro-kazio-bobelio-politine-biografija-1-knyga-tarnyste-lietuvos-laisves-bylai\/#breadcrumb","itemListElement":[{"@type":"ListItem","position":1,"name":"Home","item":"https:\/\/skaitytaknyga.lt\/"},{"@type":"ListItem","position":2,"name":"Parduotuv\u0117","item":"https:\/\/skaitytaknyga.lt\/knygu-parduotuve\/"},{"@type":"ListItem","position":3,"name":"Jonas Ani\u010das \u201eDaktaro Kazio Bobelio politin\u0117 biografija (1 knyga): Tarnyst\u0117 Lietuvos laisv\u0117s bylai\u201c"}]},{"@type":"WebSite","@id":"https:\/\/skaitytaknyga.lt\/#website","url":"https:\/\/skaitytaknyga.lt\/","name":"skaitytaknyga.lt","description":"Skaitytaknyga.lt \u2013 tai ma\u017eas \u0161eimos verslas, kuris prasid\u0117jo nuo meil\u0117s knygoms ir siekio i\u0161gelb\u0117ti knygas nuo likimo prie konteinerio. Kas vienam nereikalingas daiktas \u2013 kitam lobis, o mes esame tarpininkai, kurie padeda abiems tapti laimingesniems ???? \u017dinome kaip nelengva i\u0161gyventi ma\u017eiems verslams, tad nuo \u0161iol, \u010dia rasite ir kit\u0173, ma\u017e\u0173 \u0161eim\u0173 versl\u0173, rank\u0173 darbo, dovan\u0173 sau ir artimiesiems.","publisher":{"@id":"https:\/\/skaitytaknyga.lt\/#organization"},"potentialAction":[{"@type":"SearchAction","target":{"@type":"EntryPoint","urlTemplate":"https:\/\/skaitytaknyga.lt\/?s={search_term_string}"},"query-input":{"@type":"PropertyValueSpecification","valueRequired":true,"valueName":"search_term_string"}}],"inLanguage":"en-GB"},{"@type":"Organization","@id":"https:\/\/skaitytaknyga.lt\/#organization","name":"skaitytaknyga.lt","url":"https:\/\/skaitytaknyga.lt\/","logo":{"@type":"ImageObject","inLanguage":"en-GB","@id":"https:\/\/skaitytaknyga.lt\/#\/schema\/logo\/image\/","url":"https:\/\/skaitytaknyga.lt\/wp-content\/uploads\/2024\/05\/cropped-cropped-cropped-02_00843_jt3bggkj1j3HLc7SyY6rEUpg.jpeg","contentUrl":"https:\/\/skaitytaknyga.lt\/wp-content\/uploads\/2024\/05\/cropped-cropped-cropped-02_00843_jt3bggkj1j3HLc7SyY6rEUpg.jpeg","width":1600,"height":1600,"caption":"skaitytaknyga.lt"},"image":{"@id":"https:\/\/skaitytaknyga.lt\/#\/schema\/logo\/image\/"},"sameAs":["https:\/\/www.facebook.com\/skaitytaknyga\/"]}]}},"_links":{"self":[{"href":"https:\/\/skaitytaknyga.lt\/en\/wp-json\/wp\/v2\/product\/11040","targetHints":{"allow":["GET"]}}],"collection":[{"href":"https:\/\/skaitytaknyga.lt\/en\/wp-json\/wp\/v2\/product"}],"about":[{"href":"https:\/\/skaitytaknyga.lt\/en\/wp-json\/wp\/v2\/types\/product"}],"replies":[{"embeddable":true,"href":"https:\/\/skaitytaknyga.lt\/en\/wp-json\/wp\/v2\/comments?post=11040"}],"wp:featuredmedia":[{"embeddable":true,"href":"https:\/\/skaitytaknyga.lt\/en\/wp-json\/wp\/v2\/media\/11072"}],"wp:attachment":[{"href":"https:\/\/skaitytaknyga.lt\/en\/wp-json\/wp\/v2\/media?parent=11040"}],"wp:term":[{"taxonomy":"product_brand","embeddable":true,"href":"https:\/\/skaitytaknyga.lt\/en\/wp-json\/wp\/v2\/product_brand?post=11040"},{"taxonomy":"product_cat","embeddable":true,"href":"https:\/\/skaitytaknyga.lt\/en\/wp-json\/wp\/v2\/product_cat?post=11040"},{"taxonomy":"product_tag","embeddable":true,"href":"https:\/\/skaitytaknyga.lt\/en\/wp-json\/wp\/v2\/product_tag?post=11040"}],"curies":[{"name":"wp","href":"https:\/\/api.w.org\/{rel}","templated":true}]}}