{"id":11039,"date":"2024-05-04T19:26:15","date_gmt":"2024-05-04T19:26:15","guid":{"rendered":"https:\/\/skaitytaknyga.lt\/?post_type=product&#038;p=11039"},"modified":"2026-03-18T14:59:54","modified_gmt":"2026-03-18T12:59:54","slug":"alfonsas-eidintas-antanas-smetona-politines-biografijos-bruozai","status":"publish","type":"product","link":"https:\/\/skaitytaknyga.lt\/en\/produktas\/alfonsas-eidintas-antanas-smetona-politines-biografijos-bruozai\/","title":{"rendered":"Antanas Smetona. Politin\u0117s biografijos bruo\u017eai"},"content":{"rendered":"<p>\u0160iandien istorijos mokslui keliami nauji reikalavimai &#8211; pa\u017einti istorij\u0105 toki\u0105, kokia ji buvo, su visomis srov\u0117mis ir j\u0173 veik\u0117jais, su ju politin\u0117mis nuostatomis ir b\u016bdais jas igyvendinti. Nagrinejant XXa. Lietuvos istorij\u0105 apsieiti be Antano Smetonos ne\u012fmanoma. Jis dalyvavo beveik visuose 1905-1940 m. Lietuvos visuomen\u0117s svarbiausiuose \u012fvykiuose,o kai kuriems is j\u0173, ypa\u010d vykusiekms 1919-1920 ir 1927-1940 m., turejo did\u017eiul\u0119 \u012ftak\u0105\u201c, &#8211; ra\u0161o autorius \u201e\u012evade\u201c. \u0160iais motyvais vadovaujantis ir paras\u0161yta studija apie vien\u0105 i\u0161 \u017eymiausi\u0173 lietuvi\u0173 visuomen\u0117s de\u0161iniojo sparno figur\u0173, ilgamet\u012f LR prezident\u0105 A. Smeton\u0105.<\/p>\n","protected":false},"excerpt":{"rendered":"<p>\u0160iandien istorijos mokslui keliami nauji reikalavimai &#8211; pa\u017einti istorij\u0105 toki\u0105, kokia ji buvo, su visomis srov\u0117mis ir j\u0173 veik\u0117jais, su ju politin\u0117mis nuostatomis ir b\u016bdais jas igyvendinti. Nagrinejant XXa. Lietuvos istorij\u0105 apsieiti be Antano Smetonos ne\u012fmanoma. Jis dalyvavo beveik visuose 1905-1940 m. Lietuvos visuomen\u0117s svarbiausiuose \u012fvykiuose,o kai kuriems is j\u0173, ypa\u010d vykusiekms 1919-1920 ir 1927-1940 m., turejo did\u017eiul\u0119 \u012ftak\u0105\u201c, &#8211; ra\u0161o autorius \u201e\u012evade\u201c. \u0160iais motyvais vadovaujantis ir paras\u0161yta studija apie vien\u0105 i\u0161 \u017eymiausi\u0173 lietuvi\u0173 visuomen\u0117s de\u0161iniojo sparno figur\u0173, ilgamet\u012f LR prezident\u0105 A. Smeton\u0105.<\/p>\n","protected":false},"featured_media":11071,"comment_status":"closed","ping_status":"closed","template":"","meta":{"_acf_changed":false,"site-sidebar-layout":"default","site-content-layout":"","ast-site-content-layout":"default","site-content-style":"default","site-sidebar-style":"default","ast-global-header-display":"","ast-banner-title-visibility":"","ast-main-header-display":"","ast-hfb-above-header-display":"","ast-hfb-below-header-display":"","ast-hfb-mobile-header-display":"","site-post-title":"","ast-breadcrumbs-content":"","ast-featured-img":"","footer-sml-layout":"","ast-disable-related-posts":"","theme-transparent-header-meta":"","adv-header-id-meta":"","stick-header-meta":"","header-above-stick-meta":"","header-main-stick-meta":"","header-below-stick-meta":"","astra-migrate-meta-layouts":"default","ast-page-background-enabled":"default","ast-page-background-meta":{"desktop":{"background-color":"","background-image":"","background-repeat":"repeat","background-position":"center center","background-size":"auto","background-attachment":"scroll","background-type":"","background-media":"","overlay-type":"","overlay-color":"","overlay-opacity":"","overlay-gradient":""},"tablet":{"background-color":"","background-image":"","background-repeat":"repeat","background-position":"center center","background-size":"auto","background-attachment":"scroll","background-type":"","background-media":"","overlay-type":"","overlay-color":"","overlay-opacity":"","overlay-gradient":""},"mobile":{"background-color":"","background-image":"","background-repeat":"repeat","background-position":"center center","background-size":"auto","background-attachment":"scroll","background-type":"","background-media":"","overlay-type":"","overlay-color":"","overlay-opacity":"","overlay-gradient":""}},"ast-content-background-meta":{"desktop":{"background-color":"var(--ast-global-color-4)","background-image":"","background-repeat":"repeat","background-position":"center center","background-size":"auto","background-attachment":"scroll","background-type":"","background-media":"","overlay-type":"","overlay-color":"","overlay-opacity":"","overlay-gradient":""},"tablet":{"background-color":"var(--ast-global-color-4)","background-image":"","background-repeat":"repeat","background-position":"center center","background-size":"auto","background-attachment":"scroll","background-type":"","background-media":"","overlay-type":"","overlay-color":"","overlay-opacity":"","overlay-gradient":""},"mobile":{"background-color":"var(--ast-global-color-4)","background-image":"","background-repeat":"repeat","background-position":"center center","background-size":"auto","background-attachment":"scroll","background-type":"","background-media":"","overlay-type":"","overlay-color":"","overlay-opacity":"","overlay-gradient":""}}},"product_brand":[],"product_cat":[9862,174],"product_tag":[1340,2328,2228,2331,2330,2329],"class_list":{"0":"post-11039","1":"product","2":"type-product","3":"status-publish","4":"has-post-thumbnail","6":"product_cat-lietuvos-istorija","7":"product_cat-istorija-ir-politologija","8":"product_tag-alfonsas-eidintas","9":"product_tag-antanas-smetona","10":"product_tag-lietuvos-istorija","11":"product_tag-politine-biografija","12":"product_tag-prezidentas","13":"product_tag-tarpukario-politika","14":"pa_leidimo-metai-93","15":"desktop-align-left","16":"tablet-align-left","17":"mobile-align-left","19":"first","20":"instock","21":"shipping-taxable","22":"purchasable","23":"product-type-simple"},"acf":[],"yoast_head":"<!-- This site is optimized with the Yoast SEO plugin v27.0 - https:\/\/yoast.com\/product\/yoast-seo-wordpress\/ -->\n<title>Antanas Smetona. Politin\u0117s biografijos bruo\u017eai<\/title>\n<meta name=\"description\" content=\"\u0160iandien istorijos mokslui keliami nauji reikalavimai - pa\u017einti istorij\u0105 toki\u0105, kokia ji buvo, su visomis srov\u0117mis ir j\u0173 veik\u0117jais, su ju politin\u0117mis nuostatomis ir b\u016bdais jas igyvendinti. Nagrinejant XXa. Lietuvos istorij\u0105 apsieiti be Antano Smetonos ne\u012fmanoma. Jis dalyvavo beveik visuose 1905-1940 m. Lietuvos visuomen\u0117s svarbiausiuose \u012fvykiuose,o kai kuriems is j\u0173, ypa\u010d vykusiekms 1919-1920 ir 1927-1940 m., turejo did\u017eiul\u0119 \u012ftak\u0105\u201c, - ra\u0161o autorius \u201e\u012evade\u201c. \u0160iais motyvais vadovaujantis ir paras\u0161yta studija apie vien\u0105 i\u0161 \u017eymiausi\u0173 lietuvi\u0173 visuomen\u0117s de\u0161iniojo sparno figur\u0173, ilgamet\u012f LR prezident\u0105 A. Smeton\u0105.\" \/>\n<meta name=\"robots\" content=\"index, follow, max-snippet:-1, max-image-preview:large, max-video-preview:-1\" \/>\n<link rel=\"canonical\" href=\"https:\/\/skaitytaknyga.lt\/en\/produktas\/alfonsas-eidintas-antanas-smetona-politines-biografijos-bruozai\/\" \/>\n<meta property=\"og:locale\" content=\"en_GB\" \/>\n<meta property=\"og:locale:alternate\" content=\"lt_LT\" \/>\n<meta property=\"og:type\" content=\"article\" \/>\n<meta property=\"og:title\" content=\"Antanas Smetona. Politin\u0117s biografijos bruo\u017eai\" \/>\n<meta property=\"og:description\" content=\"\u0160iandien istorijos mokslui keliami nauji reikalavimai - pa\u017einti istorij\u0105 toki\u0105, kokia ji buvo, su visomis srov\u0117mis ir j\u0173 veik\u0117jais, su ju politin\u0117mis nuostatomis ir b\u016bdais jas igyvendinti. Nagrinejant XXa. Lietuvos istorij\u0105 apsieiti be Antano Smetonos ne\u012fmanoma. Jis dalyvavo beveik visuose 1905-1940 m. Lietuvos visuomen\u0117s svarbiausiuose \u012fvykiuose,o kai kuriems is j\u0173, ypa\u010d vykusiekms 1919-1920 ir 1927-1940 m., turejo did\u017eiul\u0119 \u012ftak\u0105\u201c, - ra\u0161o autorius \u201e\u012evade\u201c. \u0160iais motyvais vadovaujantis ir paras\u0161yta studija apie vien\u0105 i\u0161 \u017eymiausi\u0173 lietuvi\u0173 visuomen\u0117s de\u0161iniojo sparno figur\u0173, ilgamet\u012f LR prezident\u0105 A. Smeton\u0105.\" \/>\n<meta property=\"og:url\" content=\"https:\/\/skaitytaknyga.lt\/en\/produktas\/alfonsas-eidintas-antanas-smetona-politines-biografijos-bruozai\/\" \/>\n<meta property=\"og:site_name\" content=\"Skaitytaknyga\" \/>\n<meta property=\"article:publisher\" content=\"https:\/\/www.facebook.com\/skaitytaknyga\/\" \/>\n<meta property=\"article:modified_time\" content=\"2026-03-18T12:59:54+00:00\" \/>\n<meta property=\"og:image\" content=\"https:\/\/skaitytaknyga.lt\/wp-content\/uploads\/2024\/05\/eidintas-alfonsas-antanas-smetona-politines-biografijos-bruozai-e1683918916880.jpg\" \/>\n\t<meta property=\"og:image:width\" content=\"254\" \/>\n\t<meta property=\"og:image:height\" content=\"405\" \/>\n\t<meta property=\"og:image:type\" content=\"image\/jpeg\" \/>\n<meta name=\"twitter:card\" content=\"summary_large_image\" \/>\n<script type=\"application\/ld+json\" class=\"yoast-schema-graph\">{\"@context\":\"https:\/\/schema.org\",\"@graph\":[{\"@type\":\"WebPage\",\"@id\":\"https:\/\/skaitytaknyga.lt\/produktas\/alfonsas-eidintas-antanas-smetona-politines-biografijos-bruozai\/\",\"url\":\"https:\/\/skaitytaknyga.lt\/produktas\/alfonsas-eidintas-antanas-smetona-politines-biografijos-bruozai\/\",\"name\":\"Antanas Smetona. Politin\u0117s biografijos bruo\u017eai\",\"isPartOf\":{\"@id\":\"https:\/\/skaitytaknyga.lt\/#website\"},\"primaryImageOfPage\":{\"@id\":\"https:\/\/skaitytaknyga.lt\/produktas\/alfonsas-eidintas-antanas-smetona-politines-biografijos-bruozai\/#primaryimage\"},\"image\":{\"@id\":\"https:\/\/skaitytaknyga.lt\/produktas\/alfonsas-eidintas-antanas-smetona-politines-biografijos-bruozai\/#primaryimage\"},\"thumbnailUrl\":\"https:\/\/skaitytaknyga.lt\/wp-content\/uploads\/2024\/05\/eidintas-alfonsas-antanas-smetona-politines-biografijos-bruozai-e1683918916880.jpg\",\"datePublished\":\"2024-05-04T19:26:15+00:00\",\"dateModified\":\"2026-03-18T12:59:54+00:00\",\"description\":\"\u0160iandien istorijos mokslui keliami nauji reikalavimai - pa\u017einti istorij\u0105 toki\u0105, kokia ji buvo, su visomis srov\u0117mis ir j\u0173 veik\u0117jais, su ju politin\u0117mis nuostatomis ir b\u016bdais jas igyvendinti. Nagrinejant XXa. Lietuvos istorij\u0105 apsieiti be Antano Smetonos ne\u012fmanoma. Jis dalyvavo beveik visuose 1905-1940 m. Lietuvos visuomen\u0117s svarbiausiuose \u012fvykiuose,o kai kuriems is j\u0173, ypa\u010d vykusiekms 1919-1920 ir 1927-1940 m., turejo did\u017eiul\u0119 \u012ftak\u0105\u201c, - ra\u0161o autorius \u201e\u012evade\u201c. \u0160iais motyvais vadovaujantis ir paras\u0161yta studija apie vien\u0105 i\u0161 \u017eymiausi\u0173 lietuvi\u0173 visuomen\u0117s de\u0161iniojo sparno figur\u0173, ilgamet\u012f LR prezident\u0105 A. Smeton\u0105.\",\"breadcrumb\":{\"@id\":\"https:\/\/skaitytaknyga.lt\/produktas\/alfonsas-eidintas-antanas-smetona-politines-biografijos-bruozai\/#breadcrumb\"},\"inLanguage\":\"en-GB\",\"potentialAction\":[{\"@type\":\"ReadAction\",\"target\":[\"https:\/\/skaitytaknyga.lt\/produktas\/alfonsas-eidintas-antanas-smetona-politines-biografijos-bruozai\/\"]}]},{\"@type\":\"ImageObject\",\"inLanguage\":\"en-GB\",\"@id\":\"https:\/\/skaitytaknyga.lt\/produktas\/alfonsas-eidintas-antanas-smetona-politines-biografijos-bruozai\/#primaryimage\",\"url\":\"https:\/\/skaitytaknyga.lt\/wp-content\/uploads\/2024\/05\/eidintas-alfonsas-antanas-smetona-politines-biografijos-bruozai-e1683918916880.jpg\",\"contentUrl\":\"https:\/\/skaitytaknyga.lt\/wp-content\/uploads\/2024\/05\/eidintas-alfonsas-antanas-smetona-politines-biografijos-bruozai-e1683918916880.jpg\",\"width\":254,\"height\":405},{\"@type\":\"BreadcrumbList\",\"@id\":\"https:\/\/skaitytaknyga.lt\/produktas\/alfonsas-eidintas-antanas-smetona-politines-biografijos-bruozai\/#breadcrumb\",\"itemListElement\":[{\"@type\":\"ListItem\",\"position\":1,\"name\":\"Home\",\"item\":\"https:\/\/skaitytaknyga.lt\/\"},{\"@type\":\"ListItem\",\"position\":2,\"name\":\"Parduotuv\u0117\",\"item\":\"https:\/\/skaitytaknyga.lt\/knygu-parduotuve\/\"},{\"@type\":\"ListItem\",\"position\":3,\"name\":\"Antanas Smetona. Politin\u0117s biografijos bruo\u017eai\"}]},{\"@type\":\"WebSite\",\"@id\":\"https:\/\/skaitytaknyga.lt\/#website\",\"url\":\"https:\/\/skaitytaknyga.lt\/\",\"name\":\"skaitytaknyga.lt\",\"description\":\"Skaitytaknyga.lt \u2013 tai ma\u017eas \u0161eimos verslas, kuris prasid\u0117jo nuo meil\u0117s knygoms ir siekio i\u0161gelb\u0117ti knygas nuo likimo prie konteinerio. Kas vienam nereikalingas daiktas \u2013 kitam lobis, o mes esame tarpininkai, kurie padeda abiems tapti laimingesniems ???? \u017dinome kaip nelengva i\u0161gyventi ma\u017eiems verslams, tad nuo \u0161iol, \u010dia rasite ir kit\u0173, ma\u017e\u0173 \u0161eim\u0173 versl\u0173, rank\u0173 darbo, dovan\u0173 sau ir artimiesiems.\",\"publisher\":{\"@id\":\"https:\/\/skaitytaknyga.lt\/#organization\"},\"potentialAction\":[{\"@type\":\"SearchAction\",\"target\":{\"@type\":\"EntryPoint\",\"urlTemplate\":\"https:\/\/skaitytaknyga.lt\/?s={search_term_string}\"},\"query-input\":{\"@type\":\"PropertyValueSpecification\",\"valueRequired\":true,\"valueName\":\"search_term_string\"}}],\"inLanguage\":\"en-GB\"},{\"@type\":\"Organization\",\"@id\":\"https:\/\/skaitytaknyga.lt\/#organization\",\"name\":\"skaitytaknyga.lt\",\"url\":\"https:\/\/skaitytaknyga.lt\/\",\"logo\":{\"@type\":\"ImageObject\",\"inLanguage\":\"en-GB\",\"@id\":\"https:\/\/skaitytaknyga.lt\/#\/schema\/logo\/image\/\",\"url\":\"https:\/\/skaitytaknyga.lt\/wp-content\/uploads\/2024\/05\/cropped-cropped-cropped-02_00843_jt3bggkj1j3HLc7SyY6rEUpg.jpeg\",\"contentUrl\":\"https:\/\/skaitytaknyga.lt\/wp-content\/uploads\/2024\/05\/cropped-cropped-cropped-02_00843_jt3bggkj1j3HLc7SyY6rEUpg.jpeg\",\"width\":1600,\"height\":1600,\"caption\":\"skaitytaknyga.lt\"},\"image\":{\"@id\":\"https:\/\/skaitytaknyga.lt\/#\/schema\/logo\/image\/\"},\"sameAs\":[\"https:\/\/www.facebook.com\/skaitytaknyga\/\"]}]}<\/script>\n<!-- \/ Yoast SEO plugin. -->","yoast_head_json":{"title":"Antanas Smetona. Politin\u0117s biografijos bruo\u017eai","description":"\u0160iandien istorijos mokslui keliami nauji reikalavimai - pa\u017einti istorij\u0105 toki\u0105, kokia ji buvo, su visomis srov\u0117mis ir j\u0173 veik\u0117jais, su ju politin\u0117mis nuostatomis ir b\u016bdais jas igyvendinti. Nagrinejant XXa. Lietuvos istorij\u0105 apsieiti be Antano Smetonos ne\u012fmanoma. Jis dalyvavo beveik visuose 1905-1940 m. Lietuvos visuomen\u0117s svarbiausiuose \u012fvykiuose,o kai kuriems is j\u0173, ypa\u010d vykusiekms 1919-1920 ir 1927-1940 m., turejo did\u017eiul\u0119 \u012ftak\u0105\u201c, - ra\u0161o autorius \u201e\u012evade\u201c. \u0160iais motyvais vadovaujantis ir paras\u0161yta studija apie vien\u0105 i\u0161 \u017eymiausi\u0173 lietuvi\u0173 visuomen\u0117s de\u0161iniojo sparno figur\u0173, ilgamet\u012f LR prezident\u0105 A. Smeton\u0105.","robots":{"index":"index","follow":"follow","max-snippet":"max-snippet:-1","max-image-preview":"max-image-preview:large","max-video-preview":"max-video-preview:-1"},"canonical":"https:\/\/skaitytaknyga.lt\/en\/produktas\/alfonsas-eidintas-antanas-smetona-politines-biografijos-bruozai\/","og_locale":"en_GB","og_type":"article","og_title":"[:lt]Antanas Smetona. Politin\u0117s biografijos bruo\u017eai[:] - Skaitytaknyga","og_description":"\u0160iandien istorijos mokslui keliami nauji reikalavimai - pa\u017einti istorij\u0105 toki\u0105, kokia ji buvo, su visomis srov\u0117mis ir j\u0173 veik\u0117jais, su ju politin\u0117mis nuostatomis ir b\u016bdais jas igyvendinti. Nagrinejant XXa. Lietuvos istorij\u0105 apsieiti be Antano Smetonos ne\u012fmanoma. Jis dalyvavo beveik visuose 1905-1940 m. Lietuvos visuomen\u0117s svarbiausiuose \u012fvykiuose,o kai kuriems is j\u0173, ypa\u010d vykusiekms 1919-1920 ir 1927-1940 m., turejo did\u017eiul\u0119 \u012ftak\u0105\u201c, - ra\u0161o autorius \u201e\u012evade\u201c. \u0160iais motyvais vadovaujantis ir paras\u0161yta studija apie vien\u0105 i\u0161 \u017eymiausi\u0173 lietuvi\u0173 visuomen\u0117s de\u0161iniojo sparno figur\u0173, ilgamet\u012f LR prezident\u0105 A. Smeton\u0105.","og_url":"https:\/\/skaitytaknyga.lt\/en\/produktas\/alfonsas-eidintas-antanas-smetona-politines-biografijos-bruozai\/","og_site_name":"Skaitytaknyga","article_publisher":"https:\/\/www.facebook.com\/skaitytaknyga\/","article_modified_time":"2026-03-18T12:59:54+00:00","og_image":[{"width":254,"height":405,"url":"https:\/\/skaitytaknyga.lt\/wp-content\/uploads\/2024\/05\/eidintas-alfonsas-antanas-smetona-politines-biografijos-bruozai-e1683918916880.jpg","type":"image\/jpeg"}],"twitter_card":"summary_large_image","schema":{"@context":"https:\/\/schema.org","@graph":[{"@type":"WebPage","@id":"https:\/\/skaitytaknyga.lt\/produktas\/alfonsas-eidintas-antanas-smetona-politines-biografijos-bruozai\/","url":"https:\/\/skaitytaknyga.lt\/produktas\/alfonsas-eidintas-antanas-smetona-politines-biografijos-bruozai\/","name":"Antanas Smetona. Politin\u0117s biografijos bruo\u017eai","isPartOf":{"@id":"https:\/\/skaitytaknyga.lt\/#website"},"primaryImageOfPage":{"@id":"https:\/\/skaitytaknyga.lt\/produktas\/alfonsas-eidintas-antanas-smetona-politines-biografijos-bruozai\/#primaryimage"},"image":{"@id":"https:\/\/skaitytaknyga.lt\/produktas\/alfonsas-eidintas-antanas-smetona-politines-biografijos-bruozai\/#primaryimage"},"thumbnailUrl":"https:\/\/skaitytaknyga.lt\/wp-content\/uploads\/2024\/05\/eidintas-alfonsas-antanas-smetona-politines-biografijos-bruozai-e1683918916880.jpg","datePublished":"2024-05-04T19:26:15+00:00","dateModified":"2026-03-18T12:59:54+00:00","description":"\u0160iandien istorijos mokslui keliami nauji reikalavimai - pa\u017einti istorij\u0105 toki\u0105, kokia ji buvo, su visomis srov\u0117mis ir j\u0173 veik\u0117jais, su ju politin\u0117mis nuostatomis ir b\u016bdais jas igyvendinti. Nagrinejant XXa. Lietuvos istorij\u0105 apsieiti be Antano Smetonos ne\u012fmanoma. Jis dalyvavo beveik visuose 1905-1940 m. Lietuvos visuomen\u0117s svarbiausiuose \u012fvykiuose,o kai kuriems is j\u0173, ypa\u010d vykusiekms 1919-1920 ir 1927-1940 m., turejo did\u017eiul\u0119 \u012ftak\u0105\u201c, - ra\u0161o autorius \u201e\u012evade\u201c. \u0160iais motyvais vadovaujantis ir paras\u0161yta studija apie vien\u0105 i\u0161 \u017eymiausi\u0173 lietuvi\u0173 visuomen\u0117s de\u0161iniojo sparno figur\u0173, ilgamet\u012f LR prezident\u0105 A. Smeton\u0105.","breadcrumb":{"@id":"https:\/\/skaitytaknyga.lt\/produktas\/alfonsas-eidintas-antanas-smetona-politines-biografijos-bruozai\/#breadcrumb"},"inLanguage":"en-GB","potentialAction":[{"@type":"ReadAction","target":["https:\/\/skaitytaknyga.lt\/produktas\/alfonsas-eidintas-antanas-smetona-politines-biografijos-bruozai\/"]}]},{"@type":"ImageObject","inLanguage":"en-GB","@id":"https:\/\/skaitytaknyga.lt\/produktas\/alfonsas-eidintas-antanas-smetona-politines-biografijos-bruozai\/#primaryimage","url":"https:\/\/skaitytaknyga.lt\/wp-content\/uploads\/2024\/05\/eidintas-alfonsas-antanas-smetona-politines-biografijos-bruozai-e1683918916880.jpg","contentUrl":"https:\/\/skaitytaknyga.lt\/wp-content\/uploads\/2024\/05\/eidintas-alfonsas-antanas-smetona-politines-biografijos-bruozai-e1683918916880.jpg","width":254,"height":405},{"@type":"BreadcrumbList","@id":"https:\/\/skaitytaknyga.lt\/produktas\/alfonsas-eidintas-antanas-smetona-politines-biografijos-bruozai\/#breadcrumb","itemListElement":[{"@type":"ListItem","position":1,"name":"Home","item":"https:\/\/skaitytaknyga.lt\/"},{"@type":"ListItem","position":2,"name":"Parduotuv\u0117","item":"https:\/\/skaitytaknyga.lt\/knygu-parduotuve\/"},{"@type":"ListItem","position":3,"name":"Antanas Smetona. Politin\u0117s biografijos bruo\u017eai"}]},{"@type":"WebSite","@id":"https:\/\/skaitytaknyga.lt\/#website","url":"https:\/\/skaitytaknyga.lt\/","name":"skaitytaknyga.lt","description":"Skaitytaknyga.lt \u2013 tai ma\u017eas \u0161eimos verslas, kuris prasid\u0117jo nuo meil\u0117s knygoms ir siekio i\u0161gelb\u0117ti knygas nuo likimo prie konteinerio. Kas vienam nereikalingas daiktas \u2013 kitam lobis, o mes esame tarpininkai, kurie padeda abiems tapti laimingesniems ???? \u017dinome kaip nelengva i\u0161gyventi ma\u017eiems verslams, tad nuo \u0161iol, \u010dia rasite ir kit\u0173, ma\u017e\u0173 \u0161eim\u0173 versl\u0173, rank\u0173 darbo, dovan\u0173 sau ir artimiesiems.","publisher":{"@id":"https:\/\/skaitytaknyga.lt\/#organization"},"potentialAction":[{"@type":"SearchAction","target":{"@type":"EntryPoint","urlTemplate":"https:\/\/skaitytaknyga.lt\/?s={search_term_string}"},"query-input":{"@type":"PropertyValueSpecification","valueRequired":true,"valueName":"search_term_string"}}],"inLanguage":"en-GB"},{"@type":"Organization","@id":"https:\/\/skaitytaknyga.lt\/#organization","name":"skaitytaknyga.lt","url":"https:\/\/skaitytaknyga.lt\/","logo":{"@type":"ImageObject","inLanguage":"en-GB","@id":"https:\/\/skaitytaknyga.lt\/#\/schema\/logo\/image\/","url":"https:\/\/skaitytaknyga.lt\/wp-content\/uploads\/2024\/05\/cropped-cropped-cropped-02_00843_jt3bggkj1j3HLc7SyY6rEUpg.jpeg","contentUrl":"https:\/\/skaitytaknyga.lt\/wp-content\/uploads\/2024\/05\/cropped-cropped-cropped-02_00843_jt3bggkj1j3HLc7SyY6rEUpg.jpeg","width":1600,"height":1600,"caption":"skaitytaknyga.lt"},"image":{"@id":"https:\/\/skaitytaknyga.lt\/#\/schema\/logo\/image\/"},"sameAs":["https:\/\/www.facebook.com\/skaitytaknyga\/"]}]}},"_links":{"self":[{"href":"https:\/\/skaitytaknyga.lt\/en\/wp-json\/wp\/v2\/product\/11039","targetHints":{"allow":["GET"]}}],"collection":[{"href":"https:\/\/skaitytaknyga.lt\/en\/wp-json\/wp\/v2\/product"}],"about":[{"href":"https:\/\/skaitytaknyga.lt\/en\/wp-json\/wp\/v2\/types\/product"}],"replies":[{"embeddable":true,"href":"https:\/\/skaitytaknyga.lt\/en\/wp-json\/wp\/v2\/comments?post=11039"}],"wp:featuredmedia":[{"embeddable":true,"href":"https:\/\/skaitytaknyga.lt\/en\/wp-json\/wp\/v2\/media\/11071"}],"wp:attachment":[{"href":"https:\/\/skaitytaknyga.lt\/en\/wp-json\/wp\/v2\/media?parent=11039"}],"wp:term":[{"taxonomy":"product_brand","embeddable":true,"href":"https:\/\/skaitytaknyga.lt\/en\/wp-json\/wp\/v2\/product_brand?post=11039"},{"taxonomy":"product_cat","embeddable":true,"href":"https:\/\/skaitytaknyga.lt\/en\/wp-json\/wp\/v2\/product_cat?post=11039"},{"taxonomy":"product_tag","embeddable":true,"href":"https:\/\/skaitytaknyga.lt\/en\/wp-json\/wp\/v2\/product_tag?post=11039"}],"curies":[{"name":"wp","href":"https:\/\/api.w.org\/{rel}","templated":true}]}}