{"id":11030,"date":"2025-09-08T19:25:53","date_gmt":"2025-09-08T16:25:53","guid":{"rendered":"https:\/\/skaitytaknyga.lt\/?post_type=product&#038;p=11030"},"modified":"2026-03-05T16:49:32","modified_gmt":"2026-03-05T14:49:32","slug":"evelina-daciute-inga-dagile-drambliai-ejo-i-svecius","status":"publish","type":"product","link":"https:\/\/skaitytaknyga.lt\/en\/produktas\/evelina-daciute-inga-dagile-drambliai-ejo-i-svecius\/","title":{"rendered":"Drambliai \u0117jo \u012f sve\u010dius"},"content":{"rendered":"<p>Tolimose d\u017eiungl\u0117se laimingai gyveno de\u0161imties drambli\u0173 \u0161eima &#8211; mama drambl\u0117, t\u0117tis dramblys, mo\u010diut\u0117 drambl\u0117, senelis dramblys ir \u0161e\u0161i ma\u017ei drambliukai. Kart\u0105 jie visi i\u0161siruo\u0161\u0117 \u012f sve\u010dius. Ta\u010diau, kai \u0161eimoje tiek nari\u0173, pakeliui atsitinka \u012fvairiausi\u0173 dalyk\u0173. Buvo de\u0161imt drambli\u0173. Kiek j\u0173 at\u0117jo \u012f sve\u010dius?<\/p>\n<p>Knygoje\u00a0<strong>\u201eDrambliai \u0117jo \u012f sve\u010dius\u201c<\/strong>\u00a0vaikai ras ne tik smagi\u0105 istorij\u0105 ir \u017eaismingus pie\u0161inius, bet ir pasimokys skai\u010diuoti iki de\u0161imties ir atgal.<\/p>\n","protected":false},"excerpt":{"rendered":"<p>Tolimose d\u017eiungl\u0117se laimingai gyveno de\u0161imties drambli\u0173 \u0161eima &#8211; mama drambl\u0117, t\u0117tis dramblys, mo\u010diut\u0117 drambl\u0117, senelis dramblys ir \u0161e\u0161i ma\u017ei drambliukai. Kart\u0105 jie visi i\u0161siruo\u0161\u0117 \u012f sve\u010dius. Ta\u010diau, kai \u0161eimoje tiek nari\u0173, pakeliui atsitinka \u012fvairiausi\u0173 dalyk\u0173. Buvo de\u0161imt drambli\u0173. Kiek j\u0173 at\u0117jo \u012f sve\u010dius?<\/p>\n<p>Knygoje\u00a0<strong>\u201eDrambliai \u0117jo \u012f sve\u010dius\u201c<\/strong>\u00a0vaikai ras ne tik smagi\u0105 istorij\u0105 ir \u017eaismingus pie\u0161inius, bet ir pasimokys skai\u010diuoti iki de\u0161imties ir atgal.<\/p>\n","protected":false},"featured_media":11067,"comment_status":"closed","ping_status":"closed","template":"","meta":{"_acf_changed":false,"site-sidebar-layout":"default","site-content-layout":"","ast-site-content-layout":"default","site-content-style":"default","site-sidebar-style":"default","ast-global-header-display":"","ast-banner-title-visibility":"","ast-main-header-display":"","ast-hfb-above-header-display":"","ast-hfb-below-header-display":"","ast-hfb-mobile-header-display":"","site-post-title":"","ast-breadcrumbs-content":"","ast-featured-img":"","footer-sml-layout":"","ast-disable-related-posts":"","theme-transparent-header-meta":"","adv-header-id-meta":"","stick-header-meta":"","header-above-stick-meta":"","header-main-stick-meta":"","header-below-stick-meta":"","astra-migrate-meta-layouts":"default","ast-page-background-enabled":"default","ast-page-background-meta":{"desktop":{"background-color":"","background-image":"","background-repeat":"repeat","background-position":"center center","background-size":"auto","background-attachment":"scroll","background-type":"","background-media":"","overlay-type":"","overlay-color":"","overlay-opacity":"","overlay-gradient":""},"tablet":{"background-color":"","background-image":"","background-repeat":"repeat","background-position":"center center","background-size":"auto","background-attachment":"scroll","background-type":"","background-media":"","overlay-type":"","overlay-color":"","overlay-opacity":"","overlay-gradient":""},"mobile":{"background-color":"","background-image":"","background-repeat":"repeat","background-position":"center center","background-size":"auto","background-attachment":"scroll","background-type":"","background-media":"","overlay-type":"","overlay-color":"","overlay-opacity":"","overlay-gradient":""}},"ast-content-background-meta":{"desktop":{"background-color":"var(--ast-global-color-4)","background-image":"","background-repeat":"repeat","background-position":"center center","background-size":"auto","background-attachment":"scroll","background-type":"","background-media":"","overlay-type":"","overlay-color":"","overlay-opacity":"","overlay-gradient":""},"tablet":{"background-color":"var(--ast-global-color-4)","background-image":"","background-repeat":"repeat","background-position":"center center","background-size":"auto","background-attachment":"scroll","background-type":"","background-media":"","overlay-type":"","overlay-color":"","overlay-opacity":"","overlay-gradient":""},"mobile":{"background-color":"var(--ast-global-color-4)","background-image":"","background-repeat":"repeat","background-position":"center center","background-size":"auto","background-attachment":"scroll","background-type":"","background-media":"","overlay-type":"","overlay-color":"","overlay-opacity":"","overlay-gradient":""}}},"product_brand":[],"product_cat":[9677],"product_tag":[1647,8789,1982,8790,1646,8791,1978],"class_list":{"0":"post-11030","1":"product","2":"type-product","3":"status-publish","4":"has-post-thumbnail","6":"product_cat-ikimokyklinukams","7":"product_tag-draugyste","8":"product_tag-evelina-daciute","9":"product_tag-iliustracijos","10":"product_tag-inga-dagile","11":"product_tag-seima","12":"product_tag-skaiciavimas","13":"product_tag-vaiku-knyga","14":"desktop-align-left","15":"tablet-align-left","16":"mobile-align-left","18":"first","19":"outofstock","20":"shipping-taxable","21":"purchasable","22":"product-type-simple"},"acf":[],"yoast_head":"<!-- This site is optimized with the Yoast SEO plugin v27.0 - https:\/\/yoast.com\/product\/yoast-seo-wordpress\/ -->\n<title>Drambliai \u0117jo \u012f sve\u010dius<\/title>\n<meta name=\"description\" content=\"Tolimose d\u017eiungl\u0117se laimingai gyveno de\u0161imties drambli\u0173 \u0161eima - mama drambl\u0117, t\u0117tis dramblys, mo\u010diut\u0117 drambl\u0117, senelis dramblys ir \u0161e\u0161i ma\u017ei drambliukai. Kart\u0105 jie visi i\u0161siruo\u0161\u0117 \u012f sve\u010dius. Ta\u010diau, kai \u0161eimoje tiek nari\u0173, pakeliui atsitinka \u012fvairiausi\u0173 dalyk\u0173. Buvo de\u0161imt drambli\u0173. Kiek j\u0173 at\u0117jo \u012f sve\u010dius?  Knygoje\u00a0\u201eDrambliai \u0117jo \u012f sve\u010dius\u201c\u00a0vaikai ras ne tik smagi\u0105 istorij\u0105 ir \u017eaismingus pie\u0161inius, bet ir pasimokys skai\u010diuoti iki de\u0161imties ir atgal.\" \/>\n<meta name=\"robots\" content=\"index, follow, max-snippet:-1, max-image-preview:large, max-video-preview:-1\" \/>\n<link rel=\"canonical\" href=\"https:\/\/skaitytaknyga.lt\/en\/produktas\/evelina-daciute-inga-dagile-drambliai-ejo-i-svecius\/\" \/>\n<meta property=\"og:locale\" content=\"en_GB\" \/>\n<meta property=\"og:locale:alternate\" content=\"lt_LT\" \/>\n<meta property=\"og:type\" content=\"article\" \/>\n<meta property=\"og:title\" content=\"Drambliai \u0117jo \u012f sve\u010dius\" \/>\n<meta property=\"og:description\" content=\"Tolimose d\u017eiungl\u0117se laimingai gyveno de\u0161imties drambli\u0173 \u0161eima - mama drambl\u0117, t\u0117tis dramblys, mo\u010diut\u0117 drambl\u0117, senelis dramblys ir \u0161e\u0161i ma\u017ei drambliukai. Kart\u0105 jie visi i\u0161siruo\u0161\u0117 \u012f sve\u010dius. Ta\u010diau, kai \u0161eimoje tiek nari\u0173, pakeliui atsitinka \u012fvairiausi\u0173 dalyk\u0173. Buvo de\u0161imt drambli\u0173. Kiek j\u0173 at\u0117jo \u012f sve\u010dius?  Knygoje\u00a0\u201eDrambliai \u0117jo \u012f sve\u010dius\u201c\u00a0vaikai ras ne tik smagi\u0105 istorij\u0105 ir \u017eaismingus pie\u0161inius, bet ir pasimokys skai\u010diuoti iki de\u0161imties ir atgal.\" \/>\n<meta property=\"og:url\" content=\"https:\/\/skaitytaknyga.lt\/en\/produktas\/evelina-daciute-inga-dagile-drambliai-ejo-i-svecius\/\" \/>\n<meta property=\"og:site_name\" content=\"Skaitytaknyga\" \/>\n<meta property=\"article:publisher\" content=\"https:\/\/www.facebook.com\/skaitytaknyga\/\" \/>\n<meta property=\"article:modified_time\" content=\"2026-03-05T14:49:32+00:00\" \/>\n<meta property=\"og:image\" content=\"https:\/\/skaitytaknyga.lt\/wp-content\/uploads\/2024\/05\/Be-pavadinimo-14.png\" \/>\n\t<meta property=\"og:image:width\" content=\"245\" \/>\n\t<meta property=\"og:image:height\" content=\"224\" \/>\n\t<meta property=\"og:image:type\" content=\"image\/png\" \/>\n<meta name=\"twitter:card\" content=\"summary_large_image\" \/>\n<script type=\"application\/ld+json\" class=\"yoast-schema-graph\">{\"@context\":\"https:\/\/schema.org\",\"@graph\":[{\"@type\":\"WebPage\",\"@id\":\"https:\/\/skaitytaknyga.lt\/produktas\/evelina-daciute-inga-dagile-drambliai-ejo-i-svecius\/\",\"url\":\"https:\/\/skaitytaknyga.lt\/produktas\/evelina-daciute-inga-dagile-drambliai-ejo-i-svecius\/\",\"name\":\"Drambliai \u0117jo \u012f sve\u010dius\",\"isPartOf\":{\"@id\":\"https:\/\/skaitytaknyga.lt\/#website\"},\"primaryImageOfPage\":{\"@id\":\"https:\/\/skaitytaknyga.lt\/produktas\/evelina-daciute-inga-dagile-drambliai-ejo-i-svecius\/#primaryimage\"},\"image\":{\"@id\":\"https:\/\/skaitytaknyga.lt\/produktas\/evelina-daciute-inga-dagile-drambliai-ejo-i-svecius\/#primaryimage\"},\"thumbnailUrl\":\"https:\/\/skaitytaknyga.lt\/wp-content\/uploads\/2024\/05\/Be-pavadinimo-14.png\",\"datePublished\":\"2025-09-08T16:25:53+00:00\",\"dateModified\":\"2026-03-05T14:49:32+00:00\",\"description\":\"Tolimose d\u017eiungl\u0117se laimingai gyveno de\u0161imties drambli\u0173 \u0161eima - mama drambl\u0117, t\u0117tis dramblys, mo\u010diut\u0117 drambl\u0117, senelis dramblys ir \u0161e\u0161i ma\u017ei drambliukai. Kart\u0105 jie visi i\u0161siruo\u0161\u0117 \u012f sve\u010dius. Ta\u010diau, kai \u0161eimoje tiek nari\u0173, pakeliui atsitinka \u012fvairiausi\u0173 dalyk\u0173. Buvo de\u0161imt drambli\u0173. Kiek j\u0173 at\u0117jo \u012f sve\u010dius? Knygoje\u00a0\u201eDrambliai \u0117jo \u012f sve\u010dius\u201c\u00a0vaikai ras ne tik smagi\u0105 istorij\u0105 ir \u017eaismingus pie\u0161inius, bet ir pasimokys skai\u010diuoti iki de\u0161imties ir atgal.\",\"breadcrumb\":{\"@id\":\"https:\/\/skaitytaknyga.lt\/produktas\/evelina-daciute-inga-dagile-drambliai-ejo-i-svecius\/#breadcrumb\"},\"inLanguage\":\"en-GB\",\"potentialAction\":[{\"@type\":\"ReadAction\",\"target\":[\"https:\/\/skaitytaknyga.lt\/produktas\/evelina-daciute-inga-dagile-drambliai-ejo-i-svecius\/\"]}]},{\"@type\":\"ImageObject\",\"inLanguage\":\"en-GB\",\"@id\":\"https:\/\/skaitytaknyga.lt\/produktas\/evelina-daciute-inga-dagile-drambliai-ejo-i-svecius\/#primaryimage\",\"url\":\"https:\/\/skaitytaknyga.lt\/wp-content\/uploads\/2024\/05\/Be-pavadinimo-14.png\",\"contentUrl\":\"https:\/\/skaitytaknyga.lt\/wp-content\/uploads\/2024\/05\/Be-pavadinimo-14.png\",\"width\":245,\"height\":224},{\"@type\":\"BreadcrumbList\",\"@id\":\"https:\/\/skaitytaknyga.lt\/produktas\/evelina-daciute-inga-dagile-drambliai-ejo-i-svecius\/#breadcrumb\",\"itemListElement\":[{\"@type\":\"ListItem\",\"position\":1,\"name\":\"Home\",\"item\":\"https:\/\/skaitytaknyga.lt\/\"},{\"@type\":\"ListItem\",\"position\":2,\"name\":\"Parduotuv\u0117\",\"item\":\"https:\/\/skaitytaknyga.lt\/knygu-parduotuve\/\"},{\"@type\":\"ListItem\",\"position\":3,\"name\":\"Drambliai \u0117jo \u012f sve\u010dius\"}]},{\"@type\":\"WebSite\",\"@id\":\"https:\/\/skaitytaknyga.lt\/#website\",\"url\":\"https:\/\/skaitytaknyga.lt\/\",\"name\":\"skaitytaknyga.lt\",\"description\":\"Skaitytaknyga.lt \u2013 tai ma\u017eas \u0161eimos verslas, kuris prasid\u0117jo nuo meil\u0117s knygoms ir siekio i\u0161gelb\u0117ti knygas nuo likimo prie konteinerio. Kas vienam nereikalingas daiktas \u2013 kitam lobis, o mes esame tarpininkai, kurie padeda abiems tapti laimingesniems ???? \u017dinome kaip nelengva i\u0161gyventi ma\u017eiems verslams, tad nuo \u0161iol, \u010dia rasite ir kit\u0173, ma\u017e\u0173 \u0161eim\u0173 versl\u0173, rank\u0173 darbo, dovan\u0173 sau ir artimiesiems.\",\"publisher\":{\"@id\":\"https:\/\/skaitytaknyga.lt\/#organization\"},\"potentialAction\":[{\"@type\":\"SearchAction\",\"target\":{\"@type\":\"EntryPoint\",\"urlTemplate\":\"https:\/\/skaitytaknyga.lt\/?s={search_term_string}\"},\"query-input\":{\"@type\":\"PropertyValueSpecification\",\"valueRequired\":true,\"valueName\":\"search_term_string\"}}],\"inLanguage\":\"en-GB\"},{\"@type\":\"Organization\",\"@id\":\"https:\/\/skaitytaknyga.lt\/#organization\",\"name\":\"skaitytaknyga.lt\",\"url\":\"https:\/\/skaitytaknyga.lt\/\",\"logo\":{\"@type\":\"ImageObject\",\"inLanguage\":\"en-GB\",\"@id\":\"https:\/\/skaitytaknyga.lt\/#\/schema\/logo\/image\/\",\"url\":\"https:\/\/skaitytaknyga.lt\/wp-content\/uploads\/2024\/05\/cropped-cropped-cropped-02_00843_jt3bggkj1j3HLc7SyY6rEUpg.jpeg\",\"contentUrl\":\"https:\/\/skaitytaknyga.lt\/wp-content\/uploads\/2024\/05\/cropped-cropped-cropped-02_00843_jt3bggkj1j3HLc7SyY6rEUpg.jpeg\",\"width\":1600,\"height\":1600,\"caption\":\"skaitytaknyga.lt\"},\"image\":{\"@id\":\"https:\/\/skaitytaknyga.lt\/#\/schema\/logo\/image\/\"},\"sameAs\":[\"https:\/\/www.facebook.com\/skaitytaknyga\/\"]}]}<\/script>\n<!-- \/ Yoast SEO plugin. -->","yoast_head_json":{"title":"Drambliai \u0117jo \u012f sve\u010dius","description":"Tolimose d\u017eiungl\u0117se laimingai gyveno de\u0161imties drambli\u0173 \u0161eima - mama drambl\u0117, t\u0117tis dramblys, mo\u010diut\u0117 drambl\u0117, senelis dramblys ir \u0161e\u0161i ma\u017ei drambliukai. Kart\u0105 jie visi i\u0161siruo\u0161\u0117 \u012f sve\u010dius. Ta\u010diau, kai \u0161eimoje tiek nari\u0173, pakeliui atsitinka \u012fvairiausi\u0173 dalyk\u0173. Buvo de\u0161imt drambli\u0173. Kiek j\u0173 at\u0117jo \u012f sve\u010dius?  Knygoje\u00a0\u201eDrambliai \u0117jo \u012f sve\u010dius\u201c\u00a0vaikai ras ne tik smagi\u0105 istorij\u0105 ir \u017eaismingus pie\u0161inius, bet ir pasimokys skai\u010diuoti iki de\u0161imties ir atgal.","robots":{"index":"index","follow":"follow","max-snippet":"max-snippet:-1","max-image-preview":"max-image-preview:large","max-video-preview":"max-video-preview:-1"},"canonical":"https:\/\/skaitytaknyga.lt\/en\/produktas\/evelina-daciute-inga-dagile-drambliai-ejo-i-svecius\/","og_locale":"en_GB","og_type":"article","og_title":"[:lt]Drambliai \u0117jo \u012f sve\u010dius[:] - Skaitytaknyga","og_description":"Tolimose d\u017eiungl\u0117se laimingai gyveno de\u0161imties drambli\u0173 \u0161eima - mama drambl\u0117, t\u0117tis dramblys, mo\u010diut\u0117 drambl\u0117, senelis dramblys ir \u0161e\u0161i ma\u017ei drambliukai. Kart\u0105 jie visi i\u0161siruo\u0161\u0117 \u012f sve\u010dius. Ta\u010diau, kai \u0161eimoje tiek nari\u0173, pakeliui atsitinka \u012fvairiausi\u0173 dalyk\u0173. Buvo de\u0161imt drambli\u0173. Kiek j\u0173 at\u0117jo \u012f sve\u010dius?  Knygoje\u00a0\u201eDrambliai \u0117jo \u012f sve\u010dius\u201c\u00a0vaikai ras ne tik smagi\u0105 istorij\u0105 ir \u017eaismingus pie\u0161inius, bet ir pasimokys skai\u010diuoti iki de\u0161imties ir atgal.","og_url":"https:\/\/skaitytaknyga.lt\/en\/produktas\/evelina-daciute-inga-dagile-drambliai-ejo-i-svecius\/","og_site_name":"Skaitytaknyga","article_publisher":"https:\/\/www.facebook.com\/skaitytaknyga\/","article_modified_time":"2026-03-05T14:49:32+00:00","og_image":[{"width":245,"height":224,"url":"https:\/\/skaitytaknyga.lt\/wp-content\/uploads\/2024\/05\/Be-pavadinimo-14.png","type":"image\/png"}],"twitter_card":"summary_large_image","schema":{"@context":"https:\/\/schema.org","@graph":[{"@type":"WebPage","@id":"https:\/\/skaitytaknyga.lt\/produktas\/evelina-daciute-inga-dagile-drambliai-ejo-i-svecius\/","url":"https:\/\/skaitytaknyga.lt\/produktas\/evelina-daciute-inga-dagile-drambliai-ejo-i-svecius\/","name":"Drambliai \u0117jo \u012f sve\u010dius","isPartOf":{"@id":"https:\/\/skaitytaknyga.lt\/#website"},"primaryImageOfPage":{"@id":"https:\/\/skaitytaknyga.lt\/produktas\/evelina-daciute-inga-dagile-drambliai-ejo-i-svecius\/#primaryimage"},"image":{"@id":"https:\/\/skaitytaknyga.lt\/produktas\/evelina-daciute-inga-dagile-drambliai-ejo-i-svecius\/#primaryimage"},"thumbnailUrl":"https:\/\/skaitytaknyga.lt\/wp-content\/uploads\/2024\/05\/Be-pavadinimo-14.png","datePublished":"2025-09-08T16:25:53+00:00","dateModified":"2026-03-05T14:49:32+00:00","description":"Tolimose d\u017eiungl\u0117se laimingai gyveno de\u0161imties drambli\u0173 \u0161eima - mama drambl\u0117, t\u0117tis dramblys, mo\u010diut\u0117 drambl\u0117, senelis dramblys ir \u0161e\u0161i ma\u017ei drambliukai. Kart\u0105 jie visi i\u0161siruo\u0161\u0117 \u012f sve\u010dius. Ta\u010diau, kai \u0161eimoje tiek nari\u0173, pakeliui atsitinka \u012fvairiausi\u0173 dalyk\u0173. Buvo de\u0161imt drambli\u0173. Kiek j\u0173 at\u0117jo \u012f sve\u010dius? Knygoje\u00a0\u201eDrambliai \u0117jo \u012f sve\u010dius\u201c\u00a0vaikai ras ne tik smagi\u0105 istorij\u0105 ir \u017eaismingus pie\u0161inius, bet ir pasimokys skai\u010diuoti iki de\u0161imties ir atgal.","breadcrumb":{"@id":"https:\/\/skaitytaknyga.lt\/produktas\/evelina-daciute-inga-dagile-drambliai-ejo-i-svecius\/#breadcrumb"},"inLanguage":"en-GB","potentialAction":[{"@type":"ReadAction","target":["https:\/\/skaitytaknyga.lt\/produktas\/evelina-daciute-inga-dagile-drambliai-ejo-i-svecius\/"]}]},{"@type":"ImageObject","inLanguage":"en-GB","@id":"https:\/\/skaitytaknyga.lt\/produktas\/evelina-daciute-inga-dagile-drambliai-ejo-i-svecius\/#primaryimage","url":"https:\/\/skaitytaknyga.lt\/wp-content\/uploads\/2024\/05\/Be-pavadinimo-14.png","contentUrl":"https:\/\/skaitytaknyga.lt\/wp-content\/uploads\/2024\/05\/Be-pavadinimo-14.png","width":245,"height":224},{"@type":"BreadcrumbList","@id":"https:\/\/skaitytaknyga.lt\/produktas\/evelina-daciute-inga-dagile-drambliai-ejo-i-svecius\/#breadcrumb","itemListElement":[{"@type":"ListItem","position":1,"name":"Home","item":"https:\/\/skaitytaknyga.lt\/"},{"@type":"ListItem","position":2,"name":"Parduotuv\u0117","item":"https:\/\/skaitytaknyga.lt\/knygu-parduotuve\/"},{"@type":"ListItem","position":3,"name":"Drambliai \u0117jo \u012f sve\u010dius"}]},{"@type":"WebSite","@id":"https:\/\/skaitytaknyga.lt\/#website","url":"https:\/\/skaitytaknyga.lt\/","name":"skaitytaknyga.lt","description":"Skaitytaknyga.lt \u2013 tai ma\u017eas \u0161eimos verslas, kuris prasid\u0117jo nuo meil\u0117s knygoms ir siekio i\u0161gelb\u0117ti knygas nuo likimo prie konteinerio. Kas vienam nereikalingas daiktas \u2013 kitam lobis, o mes esame tarpininkai, kurie padeda abiems tapti laimingesniems ???? \u017dinome kaip nelengva i\u0161gyventi ma\u017eiems verslams, tad nuo \u0161iol, \u010dia rasite ir kit\u0173, ma\u017e\u0173 \u0161eim\u0173 versl\u0173, rank\u0173 darbo, dovan\u0173 sau ir artimiesiems.","publisher":{"@id":"https:\/\/skaitytaknyga.lt\/#organization"},"potentialAction":[{"@type":"SearchAction","target":{"@type":"EntryPoint","urlTemplate":"https:\/\/skaitytaknyga.lt\/?s={search_term_string}"},"query-input":{"@type":"PropertyValueSpecification","valueRequired":true,"valueName":"search_term_string"}}],"inLanguage":"en-GB"},{"@type":"Organization","@id":"https:\/\/skaitytaknyga.lt\/#organization","name":"skaitytaknyga.lt","url":"https:\/\/skaitytaknyga.lt\/","logo":{"@type":"ImageObject","inLanguage":"en-GB","@id":"https:\/\/skaitytaknyga.lt\/#\/schema\/logo\/image\/","url":"https:\/\/skaitytaknyga.lt\/wp-content\/uploads\/2024\/05\/cropped-cropped-cropped-02_00843_jt3bggkj1j3HLc7SyY6rEUpg.jpeg","contentUrl":"https:\/\/skaitytaknyga.lt\/wp-content\/uploads\/2024\/05\/cropped-cropped-cropped-02_00843_jt3bggkj1j3HLc7SyY6rEUpg.jpeg","width":1600,"height":1600,"caption":"skaitytaknyga.lt"},"image":{"@id":"https:\/\/skaitytaknyga.lt\/#\/schema\/logo\/image\/"},"sameAs":["https:\/\/www.facebook.com\/skaitytaknyga\/"]}]}},"_links":{"self":[{"href":"https:\/\/skaitytaknyga.lt\/en\/wp-json\/wp\/v2\/product\/11030","targetHints":{"allow":["GET"]}}],"collection":[{"href":"https:\/\/skaitytaknyga.lt\/en\/wp-json\/wp\/v2\/product"}],"about":[{"href":"https:\/\/skaitytaknyga.lt\/en\/wp-json\/wp\/v2\/types\/product"}],"replies":[{"embeddable":true,"href":"https:\/\/skaitytaknyga.lt\/en\/wp-json\/wp\/v2\/comments?post=11030"}],"wp:featuredmedia":[{"embeddable":true,"href":"https:\/\/skaitytaknyga.lt\/en\/wp-json\/wp\/v2\/media\/11067"}],"wp:attachment":[{"href":"https:\/\/skaitytaknyga.lt\/en\/wp-json\/wp\/v2\/media?parent=11030"}],"wp:term":[{"taxonomy":"product_brand","embeddable":true,"href":"https:\/\/skaitytaknyga.lt\/en\/wp-json\/wp\/v2\/product_brand?post=11030"},{"taxonomy":"product_cat","embeddable":true,"href":"https:\/\/skaitytaknyga.lt\/en\/wp-json\/wp\/v2\/product_cat?post=11030"},{"taxonomy":"product_tag","embeddable":true,"href":"https:\/\/skaitytaknyga.lt\/en\/wp-json\/wp\/v2\/product_tag?post=11030"}],"curies":[{"name":"wp","href":"https:\/\/api.w.org\/{rel}","templated":true}]}}