{"id":11029,"date":"2024-05-04T19:25:53","date_gmt":"2024-05-04T19:25:53","guid":{"rendered":"https:\/\/skaitytaknyga.lt\/?post_type=product&#038;p=11029"},"modified":"2024-05-04T19:27:02","modified_gmt":"2024-05-04T19:27:02","slug":"jonas-liniauskas-pauksciu-abecele","status":"publish","type":"product","link":"https:\/\/skaitytaknyga.lt\/en\/produktas\/jonas-liniauskas-pauksciu-abecele\/","title":{"rendered":"Jonas Liniauskas \u201ePauk\u0161\u010di\u0173 ab\u0117c\u0117l\u0117\u201c"},"content":{"rendered":"<p><strong>&#8220;<\/strong><a class=\"listitem4\"><strong>Pauk\u0161\u010di\u0173 ab\u0117c\u0117l\u0117&#8221;<\/strong>\u00a0&#8211; p<\/a>oem\u0117l\u0117 apie pauk\u0161\u010dius.<\/p>\n<p>\u0160ios eiliuotos ab\u0117c\u0117l\u0117s autorius yra i\u0161leid\u0119s knyg\u0173 ir t\u0117vams, ir vaikams. Ma\u017eiesiems jis ra\u0161o apie bebrus, apie vanden\u0173 gyventojus, o \u0161\u012f kart\u0105 \u2013 apie pauk\u0161\u010dius ir j\u0173 draugus. Poem\u0117l\u0117 d\u017eiugina nuotaikingais \u012fvykiais ir &#8211; kartu trumpais paai\u0161kinimais bei klausimais &#8211; pa\u017eeria \u017eini\u0173 apie sparnuo\u010dius.<\/p>\n<p>Knyga iliustruota \u017divil\u0117s \u0160im\u0117nien\u0117s pie\u0161iniais.<\/p>\n<p>U\u017e \u0161i\u0105 knyg\u0105 autorius tapo \u201ePoezijos pavasaris 2011\u201c festivalio prizininku u\u017e poezij\u0105 vaikams.<\/p>\n","protected":false},"excerpt":{"rendered":"<p><strong>&#8220;<\/strong><a class=\"listitem4\"><strong>Pauk\u0161\u010di\u0173 ab\u0117c\u0117l\u0117&#8221;<\/strong>\u00a0&#8211; p<\/a>oem\u0117l\u0117 apie pauk\u0161\u010dius.<\/p>\n<p>\u0160ios eiliuotos ab\u0117c\u0117l\u0117s autorius yra i\u0161leid\u0119s knyg\u0173 ir t\u0117vams, ir vaikams. Ma\u017eiesiems jis ra\u0161o apie bebrus, apie vanden\u0173 gyventojus, o \u0161\u012f kart\u0105 \u2013 apie pauk\u0161\u010dius ir j\u0173 draugus. Poem\u0117l\u0117 d\u017eiugina nuotaikingais \u012fvykiais ir &#8211; kartu trumpais paai\u0161kinimais bei klausimais &#8211; pa\u017eeria \u017eini\u0173 apie sparnuo\u010dius.<\/p>\n<p>Knyga iliustruota \u017divil\u0117s \u0160im\u0117nien\u0117s pie\u0161iniais.<\/p>\n<p>U\u017e \u0161i\u0105 knyg\u0105 autorius tapo \u201ePoezijos pavasaris 2011\u201c festivalio prizininku u\u017e poezij\u0105 vaikams.<\/p>\n","protected":false},"featured_media":11066,"comment_status":"closed","ping_status":"closed","template":"","meta":{"_acf_changed":false,"site-sidebar-layout":"default","site-content-layout":"","ast-site-content-layout":"default","site-content-style":"default","site-sidebar-style":"default","ast-global-header-display":"","ast-banner-title-visibility":"","ast-main-header-display":"","ast-hfb-above-header-display":"","ast-hfb-below-header-display":"","ast-hfb-mobile-header-display":"","site-post-title":"","ast-breadcrumbs-content":"","ast-featured-img":"","footer-sml-layout":"","ast-disable-related-posts":"","theme-transparent-header-meta":"","adv-header-id-meta":"","stick-header-meta":"","header-above-stick-meta":"","header-main-stick-meta":"","header-below-stick-meta":"","astra-migrate-meta-layouts":"default","ast-page-background-enabled":"default","ast-page-background-meta":{"desktop":{"background-color":"","background-image":"","background-repeat":"repeat","background-position":"center center","background-size":"auto","background-attachment":"scroll","background-type":"","background-media":"","overlay-type":"","overlay-color":"","overlay-opacity":"","overlay-gradient":""},"tablet":{"background-color":"","background-image":"","background-repeat":"repeat","background-position":"center center","background-size":"auto","background-attachment":"scroll","background-type":"","background-media":"","overlay-type":"","overlay-color":"","overlay-opacity":"","overlay-gradient":""},"mobile":{"background-color":"","background-image":"","background-repeat":"repeat","background-position":"center center","background-size":"auto","background-attachment":"scroll","background-type":"","background-media":"","overlay-type":"","overlay-color":"","overlay-opacity":"","overlay-gradient":""}},"ast-content-background-meta":{"desktop":{"background-color":"var(--ast-global-color-4)","background-image":"","background-repeat":"repeat","background-position":"center center","background-size":"auto","background-attachment":"scroll","background-type":"","background-media":"","overlay-type":"","overlay-color":"","overlay-opacity":"","overlay-gradient":""},"tablet":{"background-color":"var(--ast-global-color-4)","background-image":"","background-repeat":"repeat","background-position":"center center","background-size":"auto","background-attachment":"scroll","background-type":"","background-media":"","overlay-type":"","overlay-color":"","overlay-opacity":"","overlay-gradient":""},"mobile":{"background-color":"var(--ast-global-color-4)","background-image":"","background-repeat":"repeat","background-position":"center center","background-size":"auto","background-attachment":"scroll","background-type":"","background-media":"","overlay-type":"","overlay-color":"","overlay-opacity":"","overlay-gradient":""}}},"product_brand":[],"product_cat":[35],"product_tag":[],"class_list":{"0":"post-11029","1":"product","2":"type-product","3":"status-publish","4":"has-post-thumbnail","6":"product_cat-vaikams-ir-paaugliams","7":"desktop-align-left","8":"tablet-align-left","9":"mobile-align-left","11":"first","12":"instock","13":"shipping-taxable","14":"purchasable","15":"product-type-simple"},"acf":[],"yoast_head":"<!-- This site is optimized with the Yoast SEO plugin v27.4 - https:\/\/yoast.com\/product\/yoast-seo-wordpress\/ -->\n<title>Jonas Liniauskas \u201ePauk\u0161\u010di\u0173 ab\u0117c\u0117l\u0117\u201c - Skaitytaknyga<\/title>\n<meta name=\"description\" content=\"&quot;Pauk\u0161\u010di\u0173 ab\u0117c\u0117l\u0117&quot;\u00a0- poem\u0117l\u0117 apie pauk\u0161\u010dius.  \u0160ios eiliuotos ab\u0117c\u0117l\u0117s autorius yra i\u0161leid\u0119s knyg\u0173 ir t\u0117vams, ir vaikams. Ma\u017eiesiems jis ra\u0161o apie bebrus, apie vanden\u0173 gyventojus, o \u0161\u012f kart\u0105 \u2013 apie pauk\u0161\u010dius ir j\u0173 draugus. Poem\u0117l\u0117 d\u017eiugina nuotaikingais \u012fvykiais ir - kartu trumpais paai\u0161kinimais bei klausimais - pa\u017eeria \u017eini\u0173 apie sparnuo\u010dius.   Knyga iliustruota \u017divil\u0117s \u0160im\u0117nien\u0117s pie\u0161iniais.  U\u017e \u0161i\u0105 knyg\u0105 autorius tapo \u201ePoezijos pavasaris 2011\u201c festivalio prizininku u\u017e poezij\u0105 vaikams.\" \/>\n<meta name=\"robots\" content=\"index, follow, max-snippet:-1, max-image-preview:large, max-video-preview:-1\" \/>\n<link rel=\"canonical\" href=\"https:\/\/skaitytaknyga.lt\/en\/produktas\/jonas-liniauskas-pauksciu-abecele\/\" \/>\n<meta property=\"og:locale\" content=\"en_GB\" \/>\n<meta property=\"og:locale:alternate\" content=\"lt_LT\" \/>\n<meta property=\"og:type\" content=\"article\" \/>\n<meta property=\"og:title\" content=\"Jonas Liniauskas \u201ePauk\u0161\u010di\u0173 ab\u0117c\u0117l\u0117\u201c - Skaitytaknyga\" \/>\n<meta property=\"og:description\" content=\"&quot;Pauk\u0161\u010di\u0173 ab\u0117c\u0117l\u0117&quot;\u00a0- poem\u0117l\u0117 apie pauk\u0161\u010dius.  \u0160ios eiliuotos ab\u0117c\u0117l\u0117s autorius yra i\u0161leid\u0119s knyg\u0173 ir t\u0117vams, ir vaikams. Ma\u017eiesiems jis ra\u0161o apie bebrus, apie vanden\u0173 gyventojus, o \u0161\u012f kart\u0105 \u2013 apie pauk\u0161\u010dius ir j\u0173 draugus. Poem\u0117l\u0117 d\u017eiugina nuotaikingais \u012fvykiais ir - kartu trumpais paai\u0161kinimais bei klausimais - pa\u017eeria \u017eini\u0173 apie sparnuo\u010dius.   Knyga iliustruota \u017divil\u0117s \u0160im\u0117nien\u0117s pie\u0161iniais.  U\u017e \u0161i\u0105 knyg\u0105 autorius tapo \u201ePoezijos pavasaris 2011\u201c festivalio prizininku u\u017e poezij\u0105 vaikams.\" \/>\n<meta property=\"og:url\" content=\"https:\/\/skaitytaknyga.lt\/en\/produktas\/jonas-liniauskas-pauksciu-abecele\/\" \/>\n<meta property=\"og:site_name\" content=\"Skaitytaknyga\" \/>\n<meta property=\"article:publisher\" content=\"https:\/\/www.facebook.com\/skaitytaknyga\/\" \/>\n<meta property=\"article:modified_time\" content=\"2024-05-04T19:27:02+00:00\" \/>\n<meta property=\"og:image\" content=\"https:\/\/skaitytaknyga.lt\/wp-content\/uploads\/2024\/05\/pauksciu-abecele.jpg\" \/>\n\t<meta property=\"og:image:width\" content=\"388\" \/>\n\t<meta property=\"og:image:height\" content=\"444\" \/>\n\t<meta property=\"og:image:type\" content=\"image\/jpeg\" \/>\n<meta name=\"twitter:card\" content=\"summary_large_image\" \/>\n<script type=\"application\/ld+json\" class=\"yoast-schema-graph\">{\"@context\":\"https:\\\/\\\/schema.org\",\"@graph\":[{\"@type\":\"WebPage\",\"@id\":\"https:\\\/\\\/skaitytaknyga.lt\\\/produktas\\\/jonas-liniauskas-pauksciu-abecele\\\/\",\"url\":\"https:\\\/\\\/skaitytaknyga.lt\\\/produktas\\\/jonas-liniauskas-pauksciu-abecele\\\/\",\"name\":\"Jonas Liniauskas \u201ePauk\u0161\u010di\u0173 ab\u0117c\u0117l\u0117\u201c - Skaitytaknyga\",\"isPartOf\":{\"@id\":\"https:\\\/\\\/skaitytaknyga.lt\\\/#website\"},\"primaryImageOfPage\":{\"@id\":\"https:\\\/\\\/skaitytaknyga.lt\\\/produktas\\\/jonas-liniauskas-pauksciu-abecele\\\/#primaryimage\"},\"image\":{\"@id\":\"https:\\\/\\\/skaitytaknyga.lt\\\/produktas\\\/jonas-liniauskas-pauksciu-abecele\\\/#primaryimage\"},\"thumbnailUrl\":\"https:\\\/\\\/skaitytaknyga.lt\\\/wp-content\\\/uploads\\\/2024\\\/05\\\/pauksciu-abecele.jpg\",\"datePublished\":\"2024-05-04T19:25:53+00:00\",\"dateModified\":\"2024-05-04T19:27:02+00:00\",\"description\":\"\\\"Pauk\u0161\u010di\u0173 ab\u0117c\u0117l\u0117\\\"\u00a0- poem\u0117l\u0117 apie pauk\u0161\u010dius. \u0160ios eiliuotos ab\u0117c\u0117l\u0117s autorius yra i\u0161leid\u0119s knyg\u0173 ir t\u0117vams, ir vaikams. Ma\u017eiesiems jis ra\u0161o apie bebrus, apie vanden\u0173 gyventojus, o \u0161\u012f kart\u0105 \u2013 apie pauk\u0161\u010dius ir j\u0173 draugus. Poem\u0117l\u0117 d\u017eiugina nuotaikingais \u012fvykiais ir - kartu trumpais paai\u0161kinimais bei klausimais - pa\u017eeria \u017eini\u0173 apie sparnuo\u010dius. Knyga iliustruota \u017divil\u0117s \u0160im\u0117nien\u0117s pie\u0161iniais. U\u017e \u0161i\u0105 knyg\u0105 autorius tapo \u201ePoezijos pavasaris 2011\u201c festivalio prizininku u\u017e poezij\u0105 vaikams.\",\"breadcrumb\":{\"@id\":\"https:\\\/\\\/skaitytaknyga.lt\\\/produktas\\\/jonas-liniauskas-pauksciu-abecele\\\/#breadcrumb\"},\"inLanguage\":\"en-GB\",\"potentialAction\":[{\"@type\":\"ReadAction\",\"target\":[\"https:\\\/\\\/skaitytaknyga.lt\\\/produktas\\\/jonas-liniauskas-pauksciu-abecele\\\/\"]}]},{\"@type\":\"ImageObject\",\"inLanguage\":\"en-GB\",\"@id\":\"https:\\\/\\\/skaitytaknyga.lt\\\/produktas\\\/jonas-liniauskas-pauksciu-abecele\\\/#primaryimage\",\"url\":\"https:\\\/\\\/skaitytaknyga.lt\\\/wp-content\\\/uploads\\\/2024\\\/05\\\/pauksciu-abecele.jpg\",\"contentUrl\":\"https:\\\/\\\/skaitytaknyga.lt\\\/wp-content\\\/uploads\\\/2024\\\/05\\\/pauksciu-abecele.jpg\",\"width\":388,\"height\":444},{\"@type\":\"BreadcrumbList\",\"@id\":\"https:\\\/\\\/skaitytaknyga.lt\\\/produktas\\\/jonas-liniauskas-pauksciu-abecele\\\/#breadcrumb\",\"itemListElement\":[{\"@type\":\"ListItem\",\"position\":1,\"name\":\"Home\",\"item\":\"https:\\\/\\\/skaitytaknyga.lt\\\/\"},{\"@type\":\"ListItem\",\"position\":2,\"name\":\"Parduotuv\u0117\",\"item\":\"https:\\\/\\\/skaitytaknyga.lt\\\/knygu-parduotuve\\\/\"},{\"@type\":\"ListItem\",\"position\":3,\"name\":\"Jonas Liniauskas \u201ePauk\u0161\u010di\u0173 ab\u0117c\u0117l\u0117\u201c\"}]},{\"@type\":\"WebSite\",\"@id\":\"https:\\\/\\\/skaitytaknyga.lt\\\/#website\",\"url\":\"https:\\\/\\\/skaitytaknyga.lt\\\/\",\"name\":\"skaitytaknyga.lt\",\"description\":\"Skaitytaknyga.lt \u2013 tai ma\u017eas \u0161eimos verslas, kuris prasid\u0117jo nuo meil\u0117s knygoms ir siekio i\u0161gelb\u0117ti knygas nuo likimo prie konteinerio. Kas vienam nereikalingas daiktas \u2013 kitam lobis, o mes esame tarpininkai, kurie padeda abiems tapti laimingesniems ???? \u017dinome kaip nelengva i\u0161gyventi ma\u017eiems verslams, tad nuo \u0161iol, \u010dia rasite ir kit\u0173, ma\u017e\u0173 \u0161eim\u0173 versl\u0173, rank\u0173 darbo, dovan\u0173 sau ir artimiesiems.\",\"publisher\":{\"@id\":\"https:\\\/\\\/skaitytaknyga.lt\\\/#organization\"},\"potentialAction\":[{\"@type\":\"SearchAction\",\"target\":{\"@type\":\"EntryPoint\",\"urlTemplate\":\"https:\\\/\\\/skaitytaknyga.lt\\\/?s={search_term_string}\"},\"query-input\":{\"@type\":\"PropertyValueSpecification\",\"valueRequired\":true,\"valueName\":\"search_term_string\"}}],\"inLanguage\":\"en-GB\"},{\"@type\":\"Organization\",\"@id\":\"https:\\\/\\\/skaitytaknyga.lt\\\/#organization\",\"name\":\"skaitytaknyga.lt\",\"url\":\"https:\\\/\\\/skaitytaknyga.lt\\\/\",\"logo\":{\"@type\":\"ImageObject\",\"inLanguage\":\"en-GB\",\"@id\":\"https:\\\/\\\/skaitytaknyga.lt\\\/#\\\/schema\\\/logo\\\/image\\\/\",\"url\":\"https:\\\/\\\/skaitytaknyga.lt\\\/wp-content\\\/uploads\\\/2024\\\/05\\\/cropped-cropped-cropped-02_00843_jt3bggkj1j3HLc7SyY6rEUpg.jpeg\",\"contentUrl\":\"https:\\\/\\\/skaitytaknyga.lt\\\/wp-content\\\/uploads\\\/2024\\\/05\\\/cropped-cropped-cropped-02_00843_jt3bggkj1j3HLc7SyY6rEUpg.jpeg\",\"width\":1600,\"height\":1600,\"caption\":\"skaitytaknyga.lt\"},\"image\":{\"@id\":\"https:\\\/\\\/skaitytaknyga.lt\\\/#\\\/schema\\\/logo\\\/image\\\/\"},\"sameAs\":[\"https:\\\/\\\/www.facebook.com\\\/skaitytaknyga\\\/\"]}]}<\/script>\n<!-- \/ Yoast SEO plugin. -->","yoast_head_json":{"title":"Jonas Liniauskas \u201ePauk\u0161\u010di\u0173 ab\u0117c\u0117l\u0117\u201c - Skaitytaknyga","description":"\"Pauk\u0161\u010di\u0173 ab\u0117c\u0117l\u0117\"\u00a0- poem\u0117l\u0117 apie pauk\u0161\u010dius.  \u0160ios eiliuotos ab\u0117c\u0117l\u0117s autorius yra i\u0161leid\u0119s knyg\u0173 ir t\u0117vams, ir vaikams. Ma\u017eiesiems jis ra\u0161o apie bebrus, apie vanden\u0173 gyventojus, o \u0161\u012f kart\u0105 \u2013 apie pauk\u0161\u010dius ir j\u0173 draugus. Poem\u0117l\u0117 d\u017eiugina nuotaikingais \u012fvykiais ir - kartu trumpais paai\u0161kinimais bei klausimais - pa\u017eeria \u017eini\u0173 apie sparnuo\u010dius.   Knyga iliustruota \u017divil\u0117s \u0160im\u0117nien\u0117s pie\u0161iniais.  U\u017e \u0161i\u0105 knyg\u0105 autorius tapo \u201ePoezijos pavasaris 2011\u201c festivalio prizininku u\u017e poezij\u0105 vaikams.","robots":{"index":"index","follow":"follow","max-snippet":"max-snippet:-1","max-image-preview":"max-image-preview:large","max-video-preview":"max-video-preview:-1"},"canonical":"https:\/\/skaitytaknyga.lt\/en\/produktas\/jonas-liniauskas-pauksciu-abecele\/","og_locale":"en_GB","og_type":"article","og_title":"Jonas Liniauskas \u201ePauk\u0161\u010di\u0173 ab\u0117c\u0117l\u0117\u201c - Skaitytaknyga","og_description":"\"Pauk\u0161\u010di\u0173 ab\u0117c\u0117l\u0117\"\u00a0- poem\u0117l\u0117 apie pauk\u0161\u010dius.  \u0160ios eiliuotos ab\u0117c\u0117l\u0117s autorius yra i\u0161leid\u0119s knyg\u0173 ir t\u0117vams, ir vaikams. Ma\u017eiesiems jis ra\u0161o apie bebrus, apie vanden\u0173 gyventojus, o \u0161\u012f kart\u0105 \u2013 apie pauk\u0161\u010dius ir j\u0173 draugus. Poem\u0117l\u0117 d\u017eiugina nuotaikingais \u012fvykiais ir - kartu trumpais paai\u0161kinimais bei klausimais - pa\u017eeria \u017eini\u0173 apie sparnuo\u010dius.   Knyga iliustruota \u017divil\u0117s \u0160im\u0117nien\u0117s pie\u0161iniais.  U\u017e \u0161i\u0105 knyg\u0105 autorius tapo \u201ePoezijos pavasaris 2011\u201c festivalio prizininku u\u017e poezij\u0105 vaikams.","og_url":"https:\/\/skaitytaknyga.lt\/en\/produktas\/jonas-liniauskas-pauksciu-abecele\/","og_site_name":"Skaitytaknyga","article_publisher":"https:\/\/www.facebook.com\/skaitytaknyga\/","article_modified_time":"2024-05-04T19:27:02+00:00","og_image":[{"width":388,"height":444,"url":"https:\/\/skaitytaknyga.lt\/wp-content\/uploads\/2024\/05\/pauksciu-abecele.jpg","type":"image\/jpeg"}],"twitter_card":"summary_large_image","schema":{"@context":"https:\/\/schema.org","@graph":[{"@type":"WebPage","@id":"https:\/\/skaitytaknyga.lt\/produktas\/jonas-liniauskas-pauksciu-abecele\/","url":"https:\/\/skaitytaknyga.lt\/produktas\/jonas-liniauskas-pauksciu-abecele\/","name":"Jonas Liniauskas \u201ePauk\u0161\u010di\u0173 ab\u0117c\u0117l\u0117\u201c - Skaitytaknyga","isPartOf":{"@id":"https:\/\/skaitytaknyga.lt\/#website"},"primaryImageOfPage":{"@id":"https:\/\/skaitytaknyga.lt\/produktas\/jonas-liniauskas-pauksciu-abecele\/#primaryimage"},"image":{"@id":"https:\/\/skaitytaknyga.lt\/produktas\/jonas-liniauskas-pauksciu-abecele\/#primaryimage"},"thumbnailUrl":"https:\/\/skaitytaknyga.lt\/wp-content\/uploads\/2024\/05\/pauksciu-abecele.jpg","datePublished":"2024-05-04T19:25:53+00:00","dateModified":"2024-05-04T19:27:02+00:00","description":"\"Pauk\u0161\u010di\u0173 ab\u0117c\u0117l\u0117\"\u00a0- poem\u0117l\u0117 apie pauk\u0161\u010dius. \u0160ios eiliuotos ab\u0117c\u0117l\u0117s autorius yra i\u0161leid\u0119s knyg\u0173 ir t\u0117vams, ir vaikams. Ma\u017eiesiems jis ra\u0161o apie bebrus, apie vanden\u0173 gyventojus, o \u0161\u012f kart\u0105 \u2013 apie pauk\u0161\u010dius ir j\u0173 draugus. Poem\u0117l\u0117 d\u017eiugina nuotaikingais \u012fvykiais ir - kartu trumpais paai\u0161kinimais bei klausimais - pa\u017eeria \u017eini\u0173 apie sparnuo\u010dius. Knyga iliustruota \u017divil\u0117s \u0160im\u0117nien\u0117s pie\u0161iniais. U\u017e \u0161i\u0105 knyg\u0105 autorius tapo \u201ePoezijos pavasaris 2011\u201c festivalio prizininku u\u017e poezij\u0105 vaikams.","breadcrumb":{"@id":"https:\/\/skaitytaknyga.lt\/produktas\/jonas-liniauskas-pauksciu-abecele\/#breadcrumb"},"inLanguage":"en-GB","potentialAction":[{"@type":"ReadAction","target":["https:\/\/skaitytaknyga.lt\/produktas\/jonas-liniauskas-pauksciu-abecele\/"]}]},{"@type":"ImageObject","inLanguage":"en-GB","@id":"https:\/\/skaitytaknyga.lt\/produktas\/jonas-liniauskas-pauksciu-abecele\/#primaryimage","url":"https:\/\/skaitytaknyga.lt\/wp-content\/uploads\/2024\/05\/pauksciu-abecele.jpg","contentUrl":"https:\/\/skaitytaknyga.lt\/wp-content\/uploads\/2024\/05\/pauksciu-abecele.jpg","width":388,"height":444},{"@type":"BreadcrumbList","@id":"https:\/\/skaitytaknyga.lt\/produktas\/jonas-liniauskas-pauksciu-abecele\/#breadcrumb","itemListElement":[{"@type":"ListItem","position":1,"name":"Home","item":"https:\/\/skaitytaknyga.lt\/"},{"@type":"ListItem","position":2,"name":"Parduotuv\u0117","item":"https:\/\/skaitytaknyga.lt\/knygu-parduotuve\/"},{"@type":"ListItem","position":3,"name":"Jonas Liniauskas \u201ePauk\u0161\u010di\u0173 ab\u0117c\u0117l\u0117\u201c"}]},{"@type":"WebSite","@id":"https:\/\/skaitytaknyga.lt\/#website","url":"https:\/\/skaitytaknyga.lt\/","name":"skaitytaknyga.lt","description":"Skaitytaknyga.lt \u2013 tai ma\u017eas \u0161eimos verslas, kuris prasid\u0117jo nuo meil\u0117s knygoms ir siekio i\u0161gelb\u0117ti knygas nuo likimo prie konteinerio. Kas vienam nereikalingas daiktas \u2013 kitam lobis, o mes esame tarpininkai, kurie padeda abiems tapti laimingesniems ???? \u017dinome kaip nelengva i\u0161gyventi ma\u017eiems verslams, tad nuo \u0161iol, \u010dia rasite ir kit\u0173, ma\u017e\u0173 \u0161eim\u0173 versl\u0173, rank\u0173 darbo, dovan\u0173 sau ir artimiesiems.","publisher":{"@id":"https:\/\/skaitytaknyga.lt\/#organization"},"potentialAction":[{"@type":"SearchAction","target":{"@type":"EntryPoint","urlTemplate":"https:\/\/skaitytaknyga.lt\/?s={search_term_string}"},"query-input":{"@type":"PropertyValueSpecification","valueRequired":true,"valueName":"search_term_string"}}],"inLanguage":"en-GB"},{"@type":"Organization","@id":"https:\/\/skaitytaknyga.lt\/#organization","name":"skaitytaknyga.lt","url":"https:\/\/skaitytaknyga.lt\/","logo":{"@type":"ImageObject","inLanguage":"en-GB","@id":"https:\/\/skaitytaknyga.lt\/#\/schema\/logo\/image\/","url":"https:\/\/skaitytaknyga.lt\/wp-content\/uploads\/2024\/05\/cropped-cropped-cropped-02_00843_jt3bggkj1j3HLc7SyY6rEUpg.jpeg","contentUrl":"https:\/\/skaitytaknyga.lt\/wp-content\/uploads\/2024\/05\/cropped-cropped-cropped-02_00843_jt3bggkj1j3HLc7SyY6rEUpg.jpeg","width":1600,"height":1600,"caption":"skaitytaknyga.lt"},"image":{"@id":"https:\/\/skaitytaknyga.lt\/#\/schema\/logo\/image\/"},"sameAs":["https:\/\/www.facebook.com\/skaitytaknyga\/"]}]}},"_links":{"self":[{"href":"https:\/\/skaitytaknyga.lt\/en\/wp-json\/wp\/v2\/product\/11029","targetHints":{"allow":["GET"]}}],"collection":[{"href":"https:\/\/skaitytaknyga.lt\/en\/wp-json\/wp\/v2\/product"}],"about":[{"href":"https:\/\/skaitytaknyga.lt\/en\/wp-json\/wp\/v2\/types\/product"}],"replies":[{"embeddable":true,"href":"https:\/\/skaitytaknyga.lt\/en\/wp-json\/wp\/v2\/comments?post=11029"}],"wp:featuredmedia":[{"embeddable":true,"href":"https:\/\/skaitytaknyga.lt\/en\/wp-json\/wp\/v2\/media\/11066"}],"wp:attachment":[{"href":"https:\/\/skaitytaknyga.lt\/en\/wp-json\/wp\/v2\/media?parent=11029"}],"wp:term":[{"taxonomy":"product_brand","embeddable":true,"href":"https:\/\/skaitytaknyga.lt\/en\/wp-json\/wp\/v2\/product_brand?post=11029"},{"taxonomy":"product_cat","embeddable":true,"href":"https:\/\/skaitytaknyga.lt\/en\/wp-json\/wp\/v2\/product_cat?post=11029"},{"taxonomy":"product_tag","embeddable":true,"href":"https:\/\/skaitytaknyga.lt\/en\/wp-json\/wp\/v2\/product_tag?post=11029"}],"curies":[{"name":"wp","href":"https:\/\/api.w.org\/{rel}","templated":true}]}}