{"id":11014,"date":"2024-05-04T19:24:53","date_gmt":"2024-05-04T19:24:53","guid":{"rendered":"https:\/\/skaitytaknyga.lt\/?post_type=product&#038;p=11014"},"modified":"2026-03-18T14:58:13","modified_gmt":"2026-03-18T12:58:13","slug":"francas-baueris-mirties-vardas-berija","status":"publish","type":"product","link":"https:\/\/skaitytaknyga.lt\/en\/produktas\/francas-baueris-mirties-vardas-berija\/","title":{"rendered":"Francas Baueris \u201eMirties vardas &#8211; Berija\u201c"},"content":{"rendered":"<p>Istorinis romanas apie siaubing\u0105 1917 met\u0173 rus\u0173 revoliucij\u0105 ir jos pasekmes, valdant dviem tironams Stalinui ir Berijai. Romane pavaizduotas Berijos at\u0117jimas \u012f vald\u017ei\u0105, jo \u017eudiki\u0161ki polinkiai, naikinant Rusijos dvarininkus, karininkus, dvari\u0161kius, inteligentij\u0105 ir paprastus kaimo \u017emones.<\/p>\n<p>Stalino kurstomas tapo kruviniausiu parankiniu. Ant \u0161i\u0173 bol\u0161evik\u0173 ir \u201erevoliucijos s\u016bn\u0173\u201c s\u0105\u017ein\u0117s guli milijon\u0173 \u017emoni\u0173 gyvyb\u0117s, nei\u0161skiriant n\u0117 auk\u0161\u010diausi\u0173 bol\u0161evikin\u0117s Lenino partijos pareig\u016bn\u0173 ir j\u0173 \u0161eim\u0173. Berija tampa \u0161\u0117tono prana\u0161u ir negailestingu \u017eudiku.<\/p>\n","protected":false},"excerpt":{"rendered":"<p>Istorinis romanas apie siaubing\u0105 1917 met\u0173 rus\u0173 revoliucij\u0105 ir jos pasekmes, valdant dviem tironams Stalinui ir Berijai. Romane pavaizduotas Berijos at\u0117jimas \u012f vald\u017ei\u0105, jo \u017eudiki\u0161ki polinkiai, naikinant Rusijos dvarininkus, karininkus, dvari\u0161kius, inteligentij\u0105 ir paprastus kaimo \u017emones.<\/p>\n<p>Stalino kurstomas tapo kruviniausiu parankiniu. Ant \u0161i\u0173 bol\u0161evik\u0173 ir \u201erevoliucijos s\u016bn\u0173\u201c s\u0105\u017ein\u0117s guli milijon\u0173 \u017emoni\u0173 gyvyb\u0117s, nei\u0161skiriant n\u0117 auk\u0161\u010diausi\u0173 bol\u0161evikin\u0117s Lenino partijos pareig\u016bn\u0173 ir j\u0173 \u0161eim\u0173. Berija tampa \u0161\u0117tono prana\u0161u ir negailestingu \u017eudiku.<\/p>\n","protected":false},"featured_media":11048,"comment_status":"closed","ping_status":"closed","template":"","meta":{"_acf_changed":false,"site-sidebar-layout":"default","site-content-layout":"","ast-site-content-layout":"default","site-content-style":"default","site-sidebar-style":"default","ast-global-header-display":"","ast-banner-title-visibility":"","ast-main-header-display":"","ast-hfb-above-header-display":"","ast-hfb-below-header-display":"","ast-hfb-mobile-header-display":"","site-post-title":"","ast-breadcrumbs-content":"","ast-featured-img":"","footer-sml-layout":"","ast-disable-related-posts":"","theme-transparent-header-meta":"","adv-header-id-meta":"","stick-header-meta":"","header-above-stick-meta":"","header-main-stick-meta":"","header-below-stick-meta":"","astra-migrate-meta-layouts":"default","ast-page-background-enabled":"default","ast-page-background-meta":{"desktop":{"background-color":"","background-image":"","background-repeat":"repeat","background-position":"center center","background-size":"auto","background-attachment":"scroll","background-type":"","background-media":"","overlay-type":"","overlay-color":"","overlay-opacity":"","overlay-gradient":""},"tablet":{"background-color":"","background-image":"","background-repeat":"repeat","background-position":"center center","background-size":"auto","background-attachment":"scroll","background-type":"","background-media":"","overlay-type":"","overlay-color":"","overlay-opacity":"","overlay-gradient":""},"mobile":{"background-color":"","background-image":"","background-repeat":"repeat","background-position":"center center","background-size":"auto","background-attachment":"scroll","background-type":"","background-media":"","overlay-type":"","overlay-color":"","overlay-opacity":"","overlay-gradient":""}},"ast-content-background-meta":{"desktop":{"background-color":"var(--ast-global-color-4)","background-image":"","background-repeat":"repeat","background-position":"center center","background-size":"auto","background-attachment":"scroll","background-type":"","background-media":"","overlay-type":"","overlay-color":"","overlay-opacity":"","overlay-gradient":""},"tablet":{"background-color":"var(--ast-global-color-4)","background-image":"","background-repeat":"repeat","background-position":"center center","background-size":"auto","background-attachment":"scroll","background-type":"","background-media":"","overlay-type":"","overlay-color":"","overlay-opacity":"","overlay-gradient":""},"mobile":{"background-color":"var(--ast-global-color-4)","background-image":"","background-repeat":"repeat","background-position":"center center","background-size":"auto","background-attachment":"scroll","background-type":"","background-media":"","overlay-type":"","overlay-color":"","overlay-opacity":"","overlay-gradient":""}}},"product_brand":[],"product_cat":[9864,174],"product_tag":[],"class_list":{"0":"post-11014","1":"product","2":"type-product","3":"status-publish","4":"has-post-thumbnail","6":"product_cat-karo-istorija","7":"product_cat-istorija-ir-politologija","8":"pa_leidimo-metai-680","9":"desktop-align-left","10":"tablet-align-left","11":"mobile-align-left","13":"first","14":"outofstock","15":"shipping-taxable","16":"purchasable","17":"product-type-simple"},"acf":[],"yoast_head":"<!-- This site is optimized with the Yoast SEO plugin v27.0 - https:\/\/yoast.com\/product\/yoast-seo-wordpress\/ -->\n<title>Francas Baueris \u201eMirties vardas - Berija\u201c<\/title>\n<meta name=\"description\" content=\"Istorinis romanas apie siaubing\u0105 1917 met\u0173 rus\u0173 revoliucij\u0105 ir jos pasekmes, valdant dviem tironams Stalinui ir Berijai. Romane pavaizduotas Berijos at\u0117jimas \u012f vald\u017ei\u0105, jo \u017eudiki\u0161ki polinkiai, naikinant Rusijos dvarininkus, karininkus, dvari\u0161kius, inteligentij\u0105 ir paprastus kaimo \u017emones.  Stalino kurstomas tapo kruviniausiu parankiniu. Ant \u0161i\u0173 bol\u0161evik\u0173 ir \u201erevoliucijos s\u016bn\u0173\u201c s\u0105\u017ein\u0117s guli milijon\u0173 \u017emoni\u0173 gyvyb\u0117s, nei\u0161skiriant n\u0117 auk\u0161\u010diausi\u0173 bol\u0161evikin\u0117s Lenino partijos pareig\u016bn\u0173 ir j\u0173 \u0161eim\u0173. Berija tampa \u0161\u0117tono prana\u0161u ir negailestingu \u017eudiku.\" \/>\n<meta name=\"robots\" content=\"index, follow, max-snippet:-1, max-image-preview:large, max-video-preview:-1\" \/>\n<link rel=\"canonical\" href=\"https:\/\/skaitytaknyga.lt\/en\/produktas\/francas-baueris-mirties-vardas-berija\/\" \/>\n<meta property=\"og:locale\" content=\"en_GB\" \/>\n<meta property=\"og:locale:alternate\" content=\"lt_LT\" \/>\n<meta property=\"og:type\" content=\"article\" \/>\n<meta property=\"og:title\" content=\"Francas Baueris \u201eMirties vardas - Berija\u201c\" \/>\n<meta property=\"og:description\" content=\"Istorinis romanas apie siaubing\u0105 1917 met\u0173 rus\u0173 revoliucij\u0105 ir jos pasekmes, valdant dviem tironams Stalinui ir Berijai. Romane pavaizduotas Berijos at\u0117jimas \u012f vald\u017ei\u0105, jo \u017eudiki\u0161ki polinkiai, naikinant Rusijos dvarininkus, karininkus, dvari\u0161kius, inteligentij\u0105 ir paprastus kaimo \u017emones.  Stalino kurstomas tapo kruviniausiu parankiniu. Ant \u0161i\u0173 bol\u0161evik\u0173 ir \u201erevoliucijos s\u016bn\u0173\u201c s\u0105\u017ein\u0117s guli milijon\u0173 \u017emoni\u0173 gyvyb\u0117s, nei\u0161skiriant n\u0117 auk\u0161\u010diausi\u0173 bol\u0161evikin\u0117s Lenino partijos pareig\u016bn\u0173 ir j\u0173 \u0161eim\u0173. Berija tampa \u0161\u0117tono prana\u0161u ir negailestingu \u017eudiku.\" \/>\n<meta property=\"og:url\" content=\"https:\/\/skaitytaknyga.lt\/en\/produktas\/francas-baueris-mirties-vardas-berija\/\" \/>\n<meta property=\"og:site_name\" content=\"Skaitytaknyga\" \/>\n<meta property=\"article:publisher\" content=\"https:\/\/www.facebook.com\/skaitytaknyga\/\" \/>\n<meta property=\"article:modified_time\" content=\"2026-03-18T12:58:13+00:00\" \/>\n<meta property=\"og:image\" content=\"https:\/\/skaitytaknyga.lt\/wp-content\/uploads\/2024\/05\/mirties-vardas-berija-2.jpg\" \/>\n\t<meta property=\"og:image:width\" content=\"654\" \/>\n\t<meta property=\"og:image:height\" content=\"1000\" \/>\n\t<meta property=\"og:image:type\" content=\"image\/jpeg\" \/>\n<meta name=\"twitter:card\" content=\"summary_large_image\" \/>\n<script type=\"application\/ld+json\" class=\"yoast-schema-graph\">{\"@context\":\"https:\/\/schema.org\",\"@graph\":[{\"@type\":\"WebPage\",\"@id\":\"https:\/\/skaitytaknyga.lt\/produktas\/francas-baueris-mirties-vardas-berija\/\",\"url\":\"https:\/\/skaitytaknyga.lt\/produktas\/francas-baueris-mirties-vardas-berija\/\",\"name\":\"Francas Baueris \u201eMirties vardas - Berija\u201c\",\"isPartOf\":{\"@id\":\"https:\/\/skaitytaknyga.lt\/#website\"},\"primaryImageOfPage\":{\"@id\":\"https:\/\/skaitytaknyga.lt\/produktas\/francas-baueris-mirties-vardas-berija\/#primaryimage\"},\"image\":{\"@id\":\"https:\/\/skaitytaknyga.lt\/produktas\/francas-baueris-mirties-vardas-berija\/#primaryimage\"},\"thumbnailUrl\":\"https:\/\/skaitytaknyga.lt\/wp-content\/uploads\/2024\/05\/mirties-vardas-berija-2.jpg\",\"datePublished\":\"2024-05-04T19:24:53+00:00\",\"dateModified\":\"2026-03-18T12:58:13+00:00\",\"description\":\"Istorinis romanas apie siaubing\u0105 1917 met\u0173 rus\u0173 revoliucij\u0105 ir jos pasekmes, valdant dviem tironams Stalinui ir Berijai. Romane pavaizduotas Berijos at\u0117jimas \u012f vald\u017ei\u0105, jo \u017eudiki\u0161ki polinkiai, naikinant Rusijos dvarininkus, karininkus, dvari\u0161kius, inteligentij\u0105 ir paprastus kaimo \u017emones. Stalino kurstomas tapo kruviniausiu parankiniu. Ant \u0161i\u0173 bol\u0161evik\u0173 ir \u201erevoliucijos s\u016bn\u0173\u201c s\u0105\u017ein\u0117s guli milijon\u0173 \u017emoni\u0173 gyvyb\u0117s, nei\u0161skiriant n\u0117 auk\u0161\u010diausi\u0173 bol\u0161evikin\u0117s Lenino partijos pareig\u016bn\u0173 ir j\u0173 \u0161eim\u0173. Berija tampa \u0161\u0117tono prana\u0161u ir negailestingu \u017eudiku.\",\"breadcrumb\":{\"@id\":\"https:\/\/skaitytaknyga.lt\/produktas\/francas-baueris-mirties-vardas-berija\/#breadcrumb\"},\"inLanguage\":\"en-GB\",\"potentialAction\":[{\"@type\":\"ReadAction\",\"target\":[\"https:\/\/skaitytaknyga.lt\/produktas\/francas-baueris-mirties-vardas-berija\/\"]}]},{\"@type\":\"ImageObject\",\"inLanguage\":\"en-GB\",\"@id\":\"https:\/\/skaitytaknyga.lt\/produktas\/francas-baueris-mirties-vardas-berija\/#primaryimage\",\"url\":\"https:\/\/skaitytaknyga.lt\/wp-content\/uploads\/2024\/05\/mirties-vardas-berija-2.jpg\",\"contentUrl\":\"https:\/\/skaitytaknyga.lt\/wp-content\/uploads\/2024\/05\/mirties-vardas-berija-2.jpg\",\"width\":654,\"height\":1000},{\"@type\":\"BreadcrumbList\",\"@id\":\"https:\/\/skaitytaknyga.lt\/produktas\/francas-baueris-mirties-vardas-berija\/#breadcrumb\",\"itemListElement\":[{\"@type\":\"ListItem\",\"position\":1,\"name\":\"Home\",\"item\":\"https:\/\/skaitytaknyga.lt\/\"},{\"@type\":\"ListItem\",\"position\":2,\"name\":\"Parduotuv\u0117\",\"item\":\"https:\/\/skaitytaknyga.lt\/knygu-parduotuve\/\"},{\"@type\":\"ListItem\",\"position\":3,\"name\":\"Francas Baueris \u201eMirties vardas &#8211; Berija\u201c\"}]},{\"@type\":\"WebSite\",\"@id\":\"https:\/\/skaitytaknyga.lt\/#website\",\"url\":\"https:\/\/skaitytaknyga.lt\/\",\"name\":\"skaitytaknyga.lt\",\"description\":\"Skaitytaknyga.lt \u2013 tai ma\u017eas \u0161eimos verslas, kuris prasid\u0117jo nuo meil\u0117s knygoms ir siekio i\u0161gelb\u0117ti knygas nuo likimo prie konteinerio. Kas vienam nereikalingas daiktas \u2013 kitam lobis, o mes esame tarpininkai, kurie padeda abiems tapti laimingesniems ???? \u017dinome kaip nelengva i\u0161gyventi ma\u017eiems verslams, tad nuo \u0161iol, \u010dia rasite ir kit\u0173, ma\u017e\u0173 \u0161eim\u0173 versl\u0173, rank\u0173 darbo, dovan\u0173 sau ir artimiesiems.\",\"publisher\":{\"@id\":\"https:\/\/skaitytaknyga.lt\/#organization\"},\"potentialAction\":[{\"@type\":\"SearchAction\",\"target\":{\"@type\":\"EntryPoint\",\"urlTemplate\":\"https:\/\/skaitytaknyga.lt\/?s={search_term_string}\"},\"query-input\":{\"@type\":\"PropertyValueSpecification\",\"valueRequired\":true,\"valueName\":\"search_term_string\"}}],\"inLanguage\":\"en-GB\"},{\"@type\":\"Organization\",\"@id\":\"https:\/\/skaitytaknyga.lt\/#organization\",\"name\":\"skaitytaknyga.lt\",\"url\":\"https:\/\/skaitytaknyga.lt\/\",\"logo\":{\"@type\":\"ImageObject\",\"inLanguage\":\"en-GB\",\"@id\":\"https:\/\/skaitytaknyga.lt\/#\/schema\/logo\/image\/\",\"url\":\"https:\/\/skaitytaknyga.lt\/wp-content\/uploads\/2024\/05\/cropped-cropped-cropped-02_00843_jt3bggkj1j3HLc7SyY6rEUpg.jpeg\",\"contentUrl\":\"https:\/\/skaitytaknyga.lt\/wp-content\/uploads\/2024\/05\/cropped-cropped-cropped-02_00843_jt3bggkj1j3HLc7SyY6rEUpg.jpeg\",\"width\":1600,\"height\":1600,\"caption\":\"skaitytaknyga.lt\"},\"image\":{\"@id\":\"https:\/\/skaitytaknyga.lt\/#\/schema\/logo\/image\/\"},\"sameAs\":[\"https:\/\/www.facebook.com\/skaitytaknyga\/\"]}]}<\/script>\n<!-- \/ Yoast SEO plugin. -->","yoast_head_json":{"title":"Francas Baueris \u201eMirties vardas - Berija\u201c","description":"Istorinis romanas apie siaubing\u0105 1917 met\u0173 rus\u0173 revoliucij\u0105 ir jos pasekmes, valdant dviem tironams Stalinui ir Berijai. Romane pavaizduotas Berijos at\u0117jimas \u012f vald\u017ei\u0105, jo \u017eudiki\u0161ki polinkiai, naikinant Rusijos dvarininkus, karininkus, dvari\u0161kius, inteligentij\u0105 ir paprastus kaimo \u017emones.  Stalino kurstomas tapo kruviniausiu parankiniu. Ant \u0161i\u0173 bol\u0161evik\u0173 ir \u201erevoliucijos s\u016bn\u0173\u201c s\u0105\u017ein\u0117s guli milijon\u0173 \u017emoni\u0173 gyvyb\u0117s, nei\u0161skiriant n\u0117 auk\u0161\u010diausi\u0173 bol\u0161evikin\u0117s Lenino partijos pareig\u016bn\u0173 ir j\u0173 \u0161eim\u0173. Berija tampa \u0161\u0117tono prana\u0161u ir negailestingu \u017eudiku.","robots":{"index":"index","follow":"follow","max-snippet":"max-snippet:-1","max-image-preview":"max-image-preview:large","max-video-preview":"max-video-preview:-1"},"canonical":"https:\/\/skaitytaknyga.lt\/en\/produktas\/francas-baueris-mirties-vardas-berija\/","og_locale":"en_GB","og_type":"article","og_title":"[:lt]Francas Baueris \u201eMirties vardas - Berija\u201c[:] - Skaitytaknyga","og_description":"Istorinis romanas apie siaubing\u0105 1917 met\u0173 rus\u0173 revoliucij\u0105 ir jos pasekmes, valdant dviem tironams Stalinui ir Berijai. Romane pavaizduotas Berijos at\u0117jimas \u012f vald\u017ei\u0105, jo \u017eudiki\u0161ki polinkiai, naikinant Rusijos dvarininkus, karininkus, dvari\u0161kius, inteligentij\u0105 ir paprastus kaimo \u017emones.  Stalino kurstomas tapo kruviniausiu parankiniu. Ant \u0161i\u0173 bol\u0161evik\u0173 ir \u201erevoliucijos s\u016bn\u0173\u201c s\u0105\u017ein\u0117s guli milijon\u0173 \u017emoni\u0173 gyvyb\u0117s, nei\u0161skiriant n\u0117 auk\u0161\u010diausi\u0173 bol\u0161evikin\u0117s Lenino partijos pareig\u016bn\u0173 ir j\u0173 \u0161eim\u0173. Berija tampa \u0161\u0117tono prana\u0161u ir negailestingu \u017eudiku.","og_url":"https:\/\/skaitytaknyga.lt\/en\/produktas\/francas-baueris-mirties-vardas-berija\/","og_site_name":"Skaitytaknyga","article_publisher":"https:\/\/www.facebook.com\/skaitytaknyga\/","article_modified_time":"2026-03-18T12:58:13+00:00","og_image":[{"width":654,"height":1000,"url":"https:\/\/skaitytaknyga.lt\/wp-content\/uploads\/2024\/05\/mirties-vardas-berija-2.jpg","type":"image\/jpeg"}],"twitter_card":"summary_large_image","schema":{"@context":"https:\/\/schema.org","@graph":[{"@type":"WebPage","@id":"https:\/\/skaitytaknyga.lt\/produktas\/francas-baueris-mirties-vardas-berija\/","url":"https:\/\/skaitytaknyga.lt\/produktas\/francas-baueris-mirties-vardas-berija\/","name":"Francas Baueris \u201eMirties vardas - Berija\u201c","isPartOf":{"@id":"https:\/\/skaitytaknyga.lt\/#website"},"primaryImageOfPage":{"@id":"https:\/\/skaitytaknyga.lt\/produktas\/francas-baueris-mirties-vardas-berija\/#primaryimage"},"image":{"@id":"https:\/\/skaitytaknyga.lt\/produktas\/francas-baueris-mirties-vardas-berija\/#primaryimage"},"thumbnailUrl":"https:\/\/skaitytaknyga.lt\/wp-content\/uploads\/2024\/05\/mirties-vardas-berija-2.jpg","datePublished":"2024-05-04T19:24:53+00:00","dateModified":"2026-03-18T12:58:13+00:00","description":"Istorinis romanas apie siaubing\u0105 1917 met\u0173 rus\u0173 revoliucij\u0105 ir jos pasekmes, valdant dviem tironams Stalinui ir Berijai. Romane pavaizduotas Berijos at\u0117jimas \u012f vald\u017ei\u0105, jo \u017eudiki\u0161ki polinkiai, naikinant Rusijos dvarininkus, karininkus, dvari\u0161kius, inteligentij\u0105 ir paprastus kaimo \u017emones. Stalino kurstomas tapo kruviniausiu parankiniu. Ant \u0161i\u0173 bol\u0161evik\u0173 ir \u201erevoliucijos s\u016bn\u0173\u201c s\u0105\u017ein\u0117s guli milijon\u0173 \u017emoni\u0173 gyvyb\u0117s, nei\u0161skiriant n\u0117 auk\u0161\u010diausi\u0173 bol\u0161evikin\u0117s Lenino partijos pareig\u016bn\u0173 ir j\u0173 \u0161eim\u0173. Berija tampa \u0161\u0117tono prana\u0161u ir negailestingu \u017eudiku.","breadcrumb":{"@id":"https:\/\/skaitytaknyga.lt\/produktas\/francas-baueris-mirties-vardas-berija\/#breadcrumb"},"inLanguage":"en-GB","potentialAction":[{"@type":"ReadAction","target":["https:\/\/skaitytaknyga.lt\/produktas\/francas-baueris-mirties-vardas-berija\/"]}]},{"@type":"ImageObject","inLanguage":"en-GB","@id":"https:\/\/skaitytaknyga.lt\/produktas\/francas-baueris-mirties-vardas-berija\/#primaryimage","url":"https:\/\/skaitytaknyga.lt\/wp-content\/uploads\/2024\/05\/mirties-vardas-berija-2.jpg","contentUrl":"https:\/\/skaitytaknyga.lt\/wp-content\/uploads\/2024\/05\/mirties-vardas-berija-2.jpg","width":654,"height":1000},{"@type":"BreadcrumbList","@id":"https:\/\/skaitytaknyga.lt\/produktas\/francas-baueris-mirties-vardas-berija\/#breadcrumb","itemListElement":[{"@type":"ListItem","position":1,"name":"Home","item":"https:\/\/skaitytaknyga.lt\/"},{"@type":"ListItem","position":2,"name":"Parduotuv\u0117","item":"https:\/\/skaitytaknyga.lt\/knygu-parduotuve\/"},{"@type":"ListItem","position":3,"name":"Francas Baueris \u201eMirties vardas &#8211; Berija\u201c"}]},{"@type":"WebSite","@id":"https:\/\/skaitytaknyga.lt\/#website","url":"https:\/\/skaitytaknyga.lt\/","name":"skaitytaknyga.lt","description":"Skaitytaknyga.lt \u2013 tai ma\u017eas \u0161eimos verslas, kuris prasid\u0117jo nuo meil\u0117s knygoms ir siekio i\u0161gelb\u0117ti knygas nuo likimo prie konteinerio. Kas vienam nereikalingas daiktas \u2013 kitam lobis, o mes esame tarpininkai, kurie padeda abiems tapti laimingesniems ???? \u017dinome kaip nelengva i\u0161gyventi ma\u017eiems verslams, tad nuo \u0161iol, \u010dia rasite ir kit\u0173, ma\u017e\u0173 \u0161eim\u0173 versl\u0173, rank\u0173 darbo, dovan\u0173 sau ir artimiesiems.","publisher":{"@id":"https:\/\/skaitytaknyga.lt\/#organization"},"potentialAction":[{"@type":"SearchAction","target":{"@type":"EntryPoint","urlTemplate":"https:\/\/skaitytaknyga.lt\/?s={search_term_string}"},"query-input":{"@type":"PropertyValueSpecification","valueRequired":true,"valueName":"search_term_string"}}],"inLanguage":"en-GB"},{"@type":"Organization","@id":"https:\/\/skaitytaknyga.lt\/#organization","name":"skaitytaknyga.lt","url":"https:\/\/skaitytaknyga.lt\/","logo":{"@type":"ImageObject","inLanguage":"en-GB","@id":"https:\/\/skaitytaknyga.lt\/#\/schema\/logo\/image\/","url":"https:\/\/skaitytaknyga.lt\/wp-content\/uploads\/2024\/05\/cropped-cropped-cropped-02_00843_jt3bggkj1j3HLc7SyY6rEUpg.jpeg","contentUrl":"https:\/\/skaitytaknyga.lt\/wp-content\/uploads\/2024\/05\/cropped-cropped-cropped-02_00843_jt3bggkj1j3HLc7SyY6rEUpg.jpeg","width":1600,"height":1600,"caption":"skaitytaknyga.lt"},"image":{"@id":"https:\/\/skaitytaknyga.lt\/#\/schema\/logo\/image\/"},"sameAs":["https:\/\/www.facebook.com\/skaitytaknyga\/"]}]}},"_links":{"self":[{"href":"https:\/\/skaitytaknyga.lt\/en\/wp-json\/wp\/v2\/product\/11014","targetHints":{"allow":["GET"]}}],"collection":[{"href":"https:\/\/skaitytaknyga.lt\/en\/wp-json\/wp\/v2\/product"}],"about":[{"href":"https:\/\/skaitytaknyga.lt\/en\/wp-json\/wp\/v2\/types\/product"}],"replies":[{"embeddable":true,"href":"https:\/\/skaitytaknyga.lt\/en\/wp-json\/wp\/v2\/comments?post=11014"}],"wp:featuredmedia":[{"embeddable":true,"href":"https:\/\/skaitytaknyga.lt\/en\/wp-json\/wp\/v2\/media\/11048"}],"wp:attachment":[{"href":"https:\/\/skaitytaknyga.lt\/en\/wp-json\/wp\/v2\/media?parent=11014"}],"wp:term":[{"taxonomy":"product_brand","embeddable":true,"href":"https:\/\/skaitytaknyga.lt\/en\/wp-json\/wp\/v2\/product_brand?post=11014"},{"taxonomy":"product_cat","embeddable":true,"href":"https:\/\/skaitytaknyga.lt\/en\/wp-json\/wp\/v2\/product_cat?post=11014"},{"taxonomy":"product_tag","embeddable":true,"href":"https:\/\/skaitytaknyga.lt\/en\/wp-json\/wp\/v2\/product_tag?post=11014"}],"curies":[{"name":"wp","href":"https:\/\/api.w.org\/{rel}","templated":true}]}}