{"id":11010,"date":"2024-05-04T19:24:20","date_gmt":"2024-05-04T19:24:20","guid":{"rendered":"https:\/\/skaitytaknyga.lt\/?post_type=product&#038;p=11010"},"modified":"2025-05-19T11:02:48","modified_gmt":"2025-05-19T08:02:48","slug":"viktoras-suvorovas-kontrole","status":"publish","type":"product","link":"https:\/\/skaitytaknyga.lt\/en\/produktas\/viktoras-suvorovas-kontrole\/","title":{"rendered":"Kontrol\u0117"},"content":{"rendered":"<p>Romano veik\u0117jai &#8211; Streleckaja (\u017dar ptica), Cholovanovas (Drakonas), Stalinas, Je\u017eovas ir kiti &#8211; m\u016bs\u0173 skaitytojui jau pa\u017e\u012fstami i\u0161 i\u0161leisto Viktoro Suvorovo romano &#8220;Pasirinkimas&#8221;. Pagrindin\u0117 \u0161io romano tema &#8211; Je\u017eovo vadovaujamame SSRS valstyb\u0117s saugume rezgamo s\u0105mokslo atskleidimas, su juo susij\u0119 Nastios Streleckajos ir asmeninio Stalino lak\u016bno Cholovanovo pavojingi nuotykiai, \u017eiaurios represijos, i\u0161tikimyb\u0117s Stalinui kontrol\u0117.<\/p>\n","protected":false},"excerpt":{"rendered":"<p>Romano veik\u0117jai &#8211; Streleckaja (\u017dar ptica), Cholovanovas (Drakonas), Stalinas, Je\u017eovas ir kiti &#8211; m\u016bs\u0173 skaitytojui jau pa\u017e\u012fstami i\u0161 i\u0161leisto Viktoro Suvorovo romano &#8220;Pasirinkimas&#8221;. Pagrindin\u0117 \u0161io romano tema &#8211; Je\u017eovo vadovaujamame SSRS valstyb\u0117s saugume rezgamo s\u0105mokslo atskleidimas, su juo susij\u0119 Nastios Streleckajos ir asmeninio Stalino lak\u016bno Cholovanovo pavojingi nuotykiai, \u017eiaurios represijos, i\u0161tikimyb\u0117s Stalinui kontrol\u0117.<\/p>\n","protected":false},"featured_media":11047,"comment_status":"closed","ping_status":"closed","template":"","meta":{"_acf_changed":false,"site-sidebar-layout":"default","site-content-layout":"","ast-site-content-layout":"default","site-content-style":"default","site-sidebar-style":"default","ast-global-header-display":"","ast-banner-title-visibility":"","ast-main-header-display":"","ast-hfb-above-header-display":"","ast-hfb-below-header-display":"","ast-hfb-mobile-header-display":"","site-post-title":"","ast-breadcrumbs-content":"","ast-featured-img":"","footer-sml-layout":"","ast-disable-related-posts":"","theme-transparent-header-meta":"","adv-header-id-meta":"","stick-header-meta":"","header-above-stick-meta":"","header-main-stick-meta":"","header-below-stick-meta":"","astra-migrate-meta-layouts":"default","ast-page-background-enabled":"default","ast-page-background-meta":{"desktop":{"background-color":"","background-image":"","background-repeat":"repeat","background-position":"center center","background-size":"auto","background-attachment":"scroll","background-type":"","background-media":"","overlay-type":"","overlay-color":"","overlay-opacity":"","overlay-gradient":""},"tablet":{"background-color":"","background-image":"","background-repeat":"repeat","background-position":"center center","background-size":"auto","background-attachment":"scroll","background-type":"","background-media":"","overlay-type":"","overlay-color":"","overlay-opacity":"","overlay-gradient":""},"mobile":{"background-color":"","background-image":"","background-repeat":"repeat","background-position":"center center","background-size":"auto","background-attachment":"scroll","background-type":"","background-media":"","overlay-type":"","overlay-color":"","overlay-opacity":"","overlay-gradient":""}},"ast-content-background-meta":{"desktop":{"background-color":"var(--ast-global-color-4)","background-image":"","background-repeat":"repeat","background-position":"center center","background-size":"auto","background-attachment":"scroll","background-type":"","background-media":"","overlay-type":"","overlay-color":"","overlay-opacity":"","overlay-gradient":""},"tablet":{"background-color":"var(--ast-global-color-4)","background-image":"","background-repeat":"repeat","background-position":"center center","background-size":"auto","background-attachment":"scroll","background-type":"","background-media":"","overlay-type":"","overlay-color":"","overlay-opacity":"","overlay-gradient":""},"mobile":{"background-color":"var(--ast-global-color-4)","background-image":"","background-repeat":"repeat","background-position":"center center","background-size":"auto","background-attachment":"scroll","background-type":"","background-media":"","overlay-type":"","overlay-color":"","overlay-opacity":"","overlay-gradient":""}}},"product_brand":[],"product_cat":[31],"product_tag":[2069,2395,3874,3875],"class_list":{"0":"post-11010","1":"product","2":"type-product","3":"status-publish","4":"has-post-thumbnail","6":"product_cat-grozine-literatura","7":"product_tag-istorinis-romanas","8":"product_tag-politika","9":"product_tag-ssrs","10":"product_tag-viktoras-suvorovas","11":"desktop-align-left","12":"tablet-align-left","13":"mobile-align-left","15":"first","16":"instock","17":"shipping-taxable","18":"purchasable","19":"product-type-simple"},"acf":[],"yoast_head":"<!-- This site is optimized with the Yoast SEO plugin v27.0 - https:\/\/yoast.com\/product\/yoast-seo-wordpress\/ -->\n<title>Kontrol\u0117<\/title>\n<meta name=\"description\" content=\"Romano veik\u0117jai - Streleckaja (\u017dar ptica), Cholovanovas (Drakonas), Stalinas, Je\u017eovas ir kiti - m\u016bs\u0173 skaitytojui jau pa\u017e\u012fstami i\u0161 i\u0161leisto Viktoro Suvorovo romano &quot;Pasirinkimas&quot;. Pagrindin\u0117 \u0161io romano tema - Je\u017eovo vadovaujamame SSRS valstyb\u0117s saugume rezgamo s\u0105mokslo atskleidimas, su juo susij\u0119 Nastios Streleckajos ir asmeninio Stalino lak\u016bno Cholovanovo pavojingi nuotykiai, \u017eiaurios represijos, i\u0161tikimyb\u0117s Stalinui kontrol\u0117.\" \/>\n<meta name=\"robots\" content=\"index, follow, max-snippet:-1, max-image-preview:large, max-video-preview:-1\" \/>\n<link rel=\"canonical\" href=\"https:\/\/skaitytaknyga.lt\/en\/produktas\/viktoras-suvorovas-kontrole\/\" \/>\n<meta property=\"og:locale\" content=\"en_GB\" \/>\n<meta property=\"og:locale:alternate\" content=\"lt_LT\" \/>\n<meta property=\"og:type\" content=\"article\" \/>\n<meta property=\"og:title\" content=\"Kontrol\u0117\" \/>\n<meta property=\"og:description\" content=\"Romano veik\u0117jai - Streleckaja (\u017dar ptica), Cholovanovas (Drakonas), Stalinas, Je\u017eovas ir kiti - m\u016bs\u0173 skaitytojui jau pa\u017e\u012fstami i\u0161 i\u0161leisto Viktoro Suvorovo romano &quot;Pasirinkimas&quot;. Pagrindin\u0117 \u0161io romano tema - Je\u017eovo vadovaujamame SSRS valstyb\u0117s saugume rezgamo s\u0105mokslo atskleidimas, su juo susij\u0119 Nastios Streleckajos ir asmeninio Stalino lak\u016bno Cholovanovo pavojingi nuotykiai, \u017eiaurios represijos, i\u0161tikimyb\u0117s Stalinui kontrol\u0117.\" \/>\n<meta property=\"og:url\" content=\"https:\/\/skaitytaknyga.lt\/en\/produktas\/viktoras-suvorovas-kontrole\/\" \/>\n<meta property=\"og:site_name\" content=\"Skaitytaknyga\" \/>\n<meta property=\"article:publisher\" content=\"https:\/\/www.facebook.com\/skaitytaknyga\/\" \/>\n<meta property=\"article:modified_time\" content=\"2025-05-19T08:02:48+00:00\" \/>\n<meta property=\"og:image\" content=\"https:\/\/skaitytaknyga.lt\/wp-content\/uploads\/2024\/05\/181430-16343972391497188587622397991825-e1682762128550.jpg\" \/>\n\t<meta property=\"og:image:width\" content=\"560\" \/>\n\t<meta property=\"og:image:height\" content=\"750\" \/>\n\t<meta property=\"og:image:type\" content=\"image\/jpeg\" \/>\n<meta name=\"twitter:card\" content=\"summary_large_image\" \/>\n<script type=\"application\/ld+json\" class=\"yoast-schema-graph\">{\"@context\":\"https:\/\/schema.org\",\"@graph\":[{\"@type\":\"WebPage\",\"@id\":\"https:\/\/skaitytaknyga.lt\/produktas\/viktoras-suvorovas-kontrole\/\",\"url\":\"https:\/\/skaitytaknyga.lt\/produktas\/viktoras-suvorovas-kontrole\/\",\"name\":\"Kontrol\u0117\",\"isPartOf\":{\"@id\":\"https:\/\/skaitytaknyga.lt\/#website\"},\"primaryImageOfPage\":{\"@id\":\"https:\/\/skaitytaknyga.lt\/produktas\/viktoras-suvorovas-kontrole\/#primaryimage\"},\"image\":{\"@id\":\"https:\/\/skaitytaknyga.lt\/produktas\/viktoras-suvorovas-kontrole\/#primaryimage\"},\"thumbnailUrl\":\"https:\/\/skaitytaknyga.lt\/wp-content\/uploads\/2024\/05\/181430-16343972391497188587622397991825-e1682762128550.jpg\",\"datePublished\":\"2024-05-04T19:24:20+00:00\",\"dateModified\":\"2025-05-19T08:02:48+00:00\",\"description\":\"Romano veik\u0117jai - Streleckaja (\u017dar ptica), Cholovanovas (Drakonas), Stalinas, Je\u017eovas ir kiti - m\u016bs\u0173 skaitytojui jau pa\u017e\u012fstami i\u0161 i\u0161leisto Viktoro Suvorovo romano \\\"Pasirinkimas\\\". Pagrindin\u0117 \u0161io romano tema - Je\u017eovo vadovaujamame SSRS valstyb\u0117s saugume rezgamo s\u0105mokslo atskleidimas, su juo susij\u0119 Nastios Streleckajos ir asmeninio Stalino lak\u016bno Cholovanovo pavojingi nuotykiai, \u017eiaurios represijos, i\u0161tikimyb\u0117s Stalinui kontrol\u0117.\",\"breadcrumb\":{\"@id\":\"https:\/\/skaitytaknyga.lt\/produktas\/viktoras-suvorovas-kontrole\/#breadcrumb\"},\"inLanguage\":\"en-GB\",\"potentialAction\":[{\"@type\":\"ReadAction\",\"target\":[\"https:\/\/skaitytaknyga.lt\/produktas\/viktoras-suvorovas-kontrole\/\"]}]},{\"@type\":\"ImageObject\",\"inLanguage\":\"en-GB\",\"@id\":\"https:\/\/skaitytaknyga.lt\/produktas\/viktoras-suvorovas-kontrole\/#primaryimage\",\"url\":\"https:\/\/skaitytaknyga.lt\/wp-content\/uploads\/2024\/05\/181430-16343972391497188587622397991825-e1682762128550.jpg\",\"contentUrl\":\"https:\/\/skaitytaknyga.lt\/wp-content\/uploads\/2024\/05\/181430-16343972391497188587622397991825-e1682762128550.jpg\",\"width\":560,\"height\":750},{\"@type\":\"BreadcrumbList\",\"@id\":\"https:\/\/skaitytaknyga.lt\/produktas\/viktoras-suvorovas-kontrole\/#breadcrumb\",\"itemListElement\":[{\"@type\":\"ListItem\",\"position\":1,\"name\":\"Home\",\"item\":\"https:\/\/skaitytaknyga.lt\/\"},{\"@type\":\"ListItem\",\"position\":2,\"name\":\"Parduotuv\u0117\",\"item\":\"https:\/\/skaitytaknyga.lt\/knygu-parduotuve\/\"},{\"@type\":\"ListItem\",\"position\":3,\"name\":\"Kontrol\u0117\"}]},{\"@type\":\"WebSite\",\"@id\":\"https:\/\/skaitytaknyga.lt\/#website\",\"url\":\"https:\/\/skaitytaknyga.lt\/\",\"name\":\"skaitytaknyga.lt\",\"description\":\"Skaitytaknyga.lt \u2013 tai ma\u017eas \u0161eimos verslas, kuris prasid\u0117jo nuo meil\u0117s knygoms ir siekio i\u0161gelb\u0117ti knygas nuo likimo prie konteinerio. Kas vienam nereikalingas daiktas \u2013 kitam lobis, o mes esame tarpininkai, kurie padeda abiems tapti laimingesniems ???? \u017dinome kaip nelengva i\u0161gyventi ma\u017eiems verslams, tad nuo \u0161iol, \u010dia rasite ir kit\u0173, ma\u017e\u0173 \u0161eim\u0173 versl\u0173, rank\u0173 darbo, dovan\u0173 sau ir artimiesiems.\",\"publisher\":{\"@id\":\"https:\/\/skaitytaknyga.lt\/#organization\"},\"potentialAction\":[{\"@type\":\"SearchAction\",\"target\":{\"@type\":\"EntryPoint\",\"urlTemplate\":\"https:\/\/skaitytaknyga.lt\/?s={search_term_string}\"},\"query-input\":{\"@type\":\"PropertyValueSpecification\",\"valueRequired\":true,\"valueName\":\"search_term_string\"}}],\"inLanguage\":\"en-GB\"},{\"@type\":\"Organization\",\"@id\":\"https:\/\/skaitytaknyga.lt\/#organization\",\"name\":\"skaitytaknyga.lt\",\"url\":\"https:\/\/skaitytaknyga.lt\/\",\"logo\":{\"@type\":\"ImageObject\",\"inLanguage\":\"en-GB\",\"@id\":\"https:\/\/skaitytaknyga.lt\/#\/schema\/logo\/image\/\",\"url\":\"https:\/\/skaitytaknyga.lt\/wp-content\/uploads\/2024\/05\/cropped-cropped-cropped-02_00843_jt3bggkj1j3HLc7SyY6rEUpg.jpeg\",\"contentUrl\":\"https:\/\/skaitytaknyga.lt\/wp-content\/uploads\/2024\/05\/cropped-cropped-cropped-02_00843_jt3bggkj1j3HLc7SyY6rEUpg.jpeg\",\"width\":1600,\"height\":1600,\"caption\":\"skaitytaknyga.lt\"},\"image\":{\"@id\":\"https:\/\/skaitytaknyga.lt\/#\/schema\/logo\/image\/\"},\"sameAs\":[\"https:\/\/www.facebook.com\/skaitytaknyga\/\"]}]}<\/script>\n<!-- \/ Yoast SEO plugin. -->","yoast_head_json":{"title":"Kontrol\u0117","description":"Romano veik\u0117jai - Streleckaja (\u017dar ptica), Cholovanovas (Drakonas), Stalinas, Je\u017eovas ir kiti - m\u016bs\u0173 skaitytojui jau pa\u017e\u012fstami i\u0161 i\u0161leisto Viktoro Suvorovo romano \"Pasirinkimas\". Pagrindin\u0117 \u0161io romano tema - Je\u017eovo vadovaujamame SSRS valstyb\u0117s saugume rezgamo s\u0105mokslo atskleidimas, su juo susij\u0119 Nastios Streleckajos ir asmeninio Stalino lak\u016bno Cholovanovo pavojingi nuotykiai, \u017eiaurios represijos, i\u0161tikimyb\u0117s Stalinui kontrol\u0117.","robots":{"index":"index","follow":"follow","max-snippet":"max-snippet:-1","max-image-preview":"max-image-preview:large","max-video-preview":"max-video-preview:-1"},"canonical":"https:\/\/skaitytaknyga.lt\/en\/produktas\/viktoras-suvorovas-kontrole\/","og_locale":"en_GB","og_type":"article","og_title":"[:lt]Kontrol\u0117[:] - Skaitytaknyga","og_description":"Romano veik\u0117jai - Streleckaja (\u017dar ptica), Cholovanovas (Drakonas), Stalinas, Je\u017eovas ir kiti - m\u016bs\u0173 skaitytojui jau pa\u017e\u012fstami i\u0161 i\u0161leisto Viktoro Suvorovo romano \"Pasirinkimas\". Pagrindin\u0117 \u0161io romano tema - Je\u017eovo vadovaujamame SSRS valstyb\u0117s saugume rezgamo s\u0105mokslo atskleidimas, su juo susij\u0119 Nastios Streleckajos ir asmeninio Stalino lak\u016bno Cholovanovo pavojingi nuotykiai, \u017eiaurios represijos, i\u0161tikimyb\u0117s Stalinui kontrol\u0117.","og_url":"https:\/\/skaitytaknyga.lt\/en\/produktas\/viktoras-suvorovas-kontrole\/","og_site_name":"Skaitytaknyga","article_publisher":"https:\/\/www.facebook.com\/skaitytaknyga\/","article_modified_time":"2025-05-19T08:02:48+00:00","og_image":[{"width":560,"height":750,"url":"https:\/\/skaitytaknyga.lt\/wp-content\/uploads\/2024\/05\/181430-16343972391497188587622397991825-e1682762128550.jpg","type":"image\/jpeg"}],"twitter_card":"summary_large_image","schema":{"@context":"https:\/\/schema.org","@graph":[{"@type":"WebPage","@id":"https:\/\/skaitytaknyga.lt\/produktas\/viktoras-suvorovas-kontrole\/","url":"https:\/\/skaitytaknyga.lt\/produktas\/viktoras-suvorovas-kontrole\/","name":"Kontrol\u0117","isPartOf":{"@id":"https:\/\/skaitytaknyga.lt\/#website"},"primaryImageOfPage":{"@id":"https:\/\/skaitytaknyga.lt\/produktas\/viktoras-suvorovas-kontrole\/#primaryimage"},"image":{"@id":"https:\/\/skaitytaknyga.lt\/produktas\/viktoras-suvorovas-kontrole\/#primaryimage"},"thumbnailUrl":"https:\/\/skaitytaknyga.lt\/wp-content\/uploads\/2024\/05\/181430-16343972391497188587622397991825-e1682762128550.jpg","datePublished":"2024-05-04T19:24:20+00:00","dateModified":"2025-05-19T08:02:48+00:00","description":"Romano veik\u0117jai - Streleckaja (\u017dar ptica), Cholovanovas (Drakonas), Stalinas, Je\u017eovas ir kiti - m\u016bs\u0173 skaitytojui jau pa\u017e\u012fstami i\u0161 i\u0161leisto Viktoro Suvorovo romano \"Pasirinkimas\". Pagrindin\u0117 \u0161io romano tema - Je\u017eovo vadovaujamame SSRS valstyb\u0117s saugume rezgamo s\u0105mokslo atskleidimas, su juo susij\u0119 Nastios Streleckajos ir asmeninio Stalino lak\u016bno Cholovanovo pavojingi nuotykiai, \u017eiaurios represijos, i\u0161tikimyb\u0117s Stalinui kontrol\u0117.","breadcrumb":{"@id":"https:\/\/skaitytaknyga.lt\/produktas\/viktoras-suvorovas-kontrole\/#breadcrumb"},"inLanguage":"en-GB","potentialAction":[{"@type":"ReadAction","target":["https:\/\/skaitytaknyga.lt\/produktas\/viktoras-suvorovas-kontrole\/"]}]},{"@type":"ImageObject","inLanguage":"en-GB","@id":"https:\/\/skaitytaknyga.lt\/produktas\/viktoras-suvorovas-kontrole\/#primaryimage","url":"https:\/\/skaitytaknyga.lt\/wp-content\/uploads\/2024\/05\/181430-16343972391497188587622397991825-e1682762128550.jpg","contentUrl":"https:\/\/skaitytaknyga.lt\/wp-content\/uploads\/2024\/05\/181430-16343972391497188587622397991825-e1682762128550.jpg","width":560,"height":750},{"@type":"BreadcrumbList","@id":"https:\/\/skaitytaknyga.lt\/produktas\/viktoras-suvorovas-kontrole\/#breadcrumb","itemListElement":[{"@type":"ListItem","position":1,"name":"Home","item":"https:\/\/skaitytaknyga.lt\/"},{"@type":"ListItem","position":2,"name":"Parduotuv\u0117","item":"https:\/\/skaitytaknyga.lt\/knygu-parduotuve\/"},{"@type":"ListItem","position":3,"name":"Kontrol\u0117"}]},{"@type":"WebSite","@id":"https:\/\/skaitytaknyga.lt\/#website","url":"https:\/\/skaitytaknyga.lt\/","name":"skaitytaknyga.lt","description":"Skaitytaknyga.lt \u2013 tai ma\u017eas \u0161eimos verslas, kuris prasid\u0117jo nuo meil\u0117s knygoms ir siekio i\u0161gelb\u0117ti knygas nuo likimo prie konteinerio. Kas vienam nereikalingas daiktas \u2013 kitam lobis, o mes esame tarpininkai, kurie padeda abiems tapti laimingesniems ???? \u017dinome kaip nelengva i\u0161gyventi ma\u017eiems verslams, tad nuo \u0161iol, \u010dia rasite ir kit\u0173, ma\u017e\u0173 \u0161eim\u0173 versl\u0173, rank\u0173 darbo, dovan\u0173 sau ir artimiesiems.","publisher":{"@id":"https:\/\/skaitytaknyga.lt\/#organization"},"potentialAction":[{"@type":"SearchAction","target":{"@type":"EntryPoint","urlTemplate":"https:\/\/skaitytaknyga.lt\/?s={search_term_string}"},"query-input":{"@type":"PropertyValueSpecification","valueRequired":true,"valueName":"search_term_string"}}],"inLanguage":"en-GB"},{"@type":"Organization","@id":"https:\/\/skaitytaknyga.lt\/#organization","name":"skaitytaknyga.lt","url":"https:\/\/skaitytaknyga.lt\/","logo":{"@type":"ImageObject","inLanguage":"en-GB","@id":"https:\/\/skaitytaknyga.lt\/#\/schema\/logo\/image\/","url":"https:\/\/skaitytaknyga.lt\/wp-content\/uploads\/2024\/05\/cropped-cropped-cropped-02_00843_jt3bggkj1j3HLc7SyY6rEUpg.jpeg","contentUrl":"https:\/\/skaitytaknyga.lt\/wp-content\/uploads\/2024\/05\/cropped-cropped-cropped-02_00843_jt3bggkj1j3HLc7SyY6rEUpg.jpeg","width":1600,"height":1600,"caption":"skaitytaknyga.lt"},"image":{"@id":"https:\/\/skaitytaknyga.lt\/#\/schema\/logo\/image\/"},"sameAs":["https:\/\/www.facebook.com\/skaitytaknyga\/"]}]}},"_links":{"self":[{"href":"https:\/\/skaitytaknyga.lt\/en\/wp-json\/wp\/v2\/product\/11010","targetHints":{"allow":["GET"]}}],"collection":[{"href":"https:\/\/skaitytaknyga.lt\/en\/wp-json\/wp\/v2\/product"}],"about":[{"href":"https:\/\/skaitytaknyga.lt\/en\/wp-json\/wp\/v2\/types\/product"}],"replies":[{"embeddable":true,"href":"https:\/\/skaitytaknyga.lt\/en\/wp-json\/wp\/v2\/comments?post=11010"}],"wp:featuredmedia":[{"embeddable":true,"href":"https:\/\/skaitytaknyga.lt\/en\/wp-json\/wp\/v2\/media\/11047"}],"wp:attachment":[{"href":"https:\/\/skaitytaknyga.lt\/en\/wp-json\/wp\/v2\/media?parent=11010"}],"wp:term":[{"taxonomy":"product_brand","embeddable":true,"href":"https:\/\/skaitytaknyga.lt\/en\/wp-json\/wp\/v2\/product_brand?post=11010"},{"taxonomy":"product_cat","embeddable":true,"href":"https:\/\/skaitytaknyga.lt\/en\/wp-json\/wp\/v2\/product_cat?post=11010"},{"taxonomy":"product_tag","embeddable":true,"href":"https:\/\/skaitytaknyga.lt\/en\/wp-json\/wp\/v2\/product_tag?post=11010"}],"curies":[{"name":"wp","href":"https:\/\/api.w.org\/{rel}","templated":true}]}}