{"id":11009,"date":"2024-05-04T19:24:20","date_gmt":"2024-05-04T19:24:20","guid":{"rendered":"https:\/\/skaitytaknyga.lt\/?post_type=product&#038;p=11009"},"modified":"2024-07-15T09:57:08","modified_gmt":"2024-07-15T06:57:08","slug":"glen-cook-juodoji-gvardija-pfaf-75","status":"publish","type":"product","link":"https:\/\/skaitytaknyga.lt\/en\/produktas\/glen-cook-juodoji-gvardija-pfaf-75\/","title":{"rendered":"Glen Cook \u201eJuodoji gvardija \u201c (PFAF 75)"},"content":{"rendered":"<p>Juodoji Gvardija egzistuoja t\u016bkstan\u010dius met\u0173. Nesuskai\u010diuojami jos \u017eygdarbiai bei skaud\u016bs pralaim\u0117jimai kruop\u0161\u010diai u\u017era\u0161omi Metra\u0161\u010diuose. Ta\u010diau net Metra\u0161\u010diuose nerastum apra\u0161yt\u0173 toki\u0173 siaubing\u0173 laik\u0173, kuriuos n\u016bnai tenka i\u0161gyventi Gvardijai.<\/p>\n<p>Tod\u0117l, kad dabar ji tarnauja i\u0161 kapo prisik\u0117lusiai Valdovei. Kai kas mano, jog atgijusi Valdov\u0117 saugo \u017emonij\u0105 nuo antgamtinio blogio. Kai kas tuo smarkiai abejoja. O u\u017esigr\u016bdin\u0119 Juodosios Gvardijos kariai u\u017ekasa savo abejones kartu su savo mirusiaisiais&#8230;<\/p>\n","protected":false},"excerpt":{"rendered":"<p>Juodoji Gvardija egzistuoja t\u016bkstan\u010dius met\u0173. Nesuskai\u010diuojami jos \u017eygdarbiai bei skaud\u016bs pralaim\u0117jimai kruop\u0161\u010diai u\u017era\u0161omi Metra\u0161\u010diuose. Ta\u010diau net Metra\u0161\u010diuose nerastum apra\u0161yt\u0173 toki\u0173 siaubing\u0173 laik\u0173, kuriuos n\u016bnai tenka i\u0161gyventi Gvardijai.<\/p>\n<p>Tod\u0117l, kad dabar ji tarnauja i\u0161 kapo prisik\u0117lusiai Valdovei. Kai kas mano, jog atgijusi Valdov\u0117 saugo \u017emonij\u0105 nuo antgamtinio blogio. Kai kas tuo smarkiai abejoja. O u\u017esigr\u016bdin\u0119 Juodosios Gvardijos kariai u\u017ekasa savo abejones kartu su savo mirusiaisiais&#8230;<\/p>\n","protected":false},"featured_media":11046,"comment_status":"closed","ping_status":"closed","template":"","meta":{"_acf_changed":false,"site-sidebar-layout":"default","site-content-layout":"","ast-site-content-layout":"default","site-content-style":"default","site-sidebar-style":"default","ast-global-header-display":"","ast-banner-title-visibility":"","ast-main-header-display":"","ast-hfb-above-header-display":"","ast-hfb-below-header-display":"","ast-hfb-mobile-header-display":"","site-post-title":"","ast-breadcrumbs-content":"","ast-featured-img":"","footer-sml-layout":"","ast-disable-related-posts":"","theme-transparent-header-meta":"","adv-header-id-meta":"","stick-header-meta":"","header-above-stick-meta":"","header-main-stick-meta":"","header-below-stick-meta":"","astra-migrate-meta-layouts":"default","ast-page-background-enabled":"default","ast-page-background-meta":{"desktop":{"background-color":"","background-image":"","background-repeat":"repeat","background-position":"center center","background-size":"auto","background-attachment":"scroll","background-type":"","background-media":"","overlay-type":"","overlay-color":"","overlay-opacity":"","overlay-gradient":""},"tablet":{"background-color":"","background-image":"","background-repeat":"repeat","background-position":"center center","background-size":"auto","background-attachment":"scroll","background-type":"","background-media":"","overlay-type":"","overlay-color":"","overlay-opacity":"","overlay-gradient":""},"mobile":{"background-color":"","background-image":"","background-repeat":"repeat","background-position":"center center","background-size":"auto","background-attachment":"scroll","background-type":"","background-media":"","overlay-type":"","overlay-color":"","overlay-opacity":"","overlay-gradient":""}},"ast-content-background-meta":{"desktop":{"background-color":"var(--ast-global-color-4)","background-image":"","background-repeat":"repeat","background-position":"center center","background-size":"auto","background-attachment":"scroll","background-type":"","background-media":"","overlay-type":"","overlay-color":"","overlay-opacity":"","overlay-gradient":""},"tablet":{"background-color":"var(--ast-global-color-4)","background-image":"","background-repeat":"repeat","background-position":"center center","background-size":"auto","background-attachment":"scroll","background-type":"","background-media":"","overlay-type":"","overlay-color":"","overlay-opacity":"","overlay-gradient":""},"mobile":{"background-color":"var(--ast-global-color-4)","background-image":"","background-repeat":"repeat","background-position":"center center","background-size":"auto","background-attachment":"scroll","background-type":"","background-media":"","overlay-type":"","overlay-color":"","overlay-opacity":"","overlay-gradient":""}}},"product_brand":[],"product_cat":[1059,31],"product_tag":[458],"class_list":{"0":"post-11009","1":"product","2":"type-product","3":"status-publish","4":"has-post-thumbnail","6":"product_cat-pasaulines-fantastikos-aukso-fondas","7":"product_cat-grozine-literatura","8":"product_tag-pasauline-fantastikos-aukso-fondas","9":"pa_leidimo-metai-680","10":"pa_virselis-kietas","11":"desktop-align-left","12":"tablet-align-left","13":"mobile-align-left","15":"first","16":"instock","17":"shipping-taxable","18":"purchasable","19":"product-type-simple"},"acf":[],"yoast_head":"<!-- This site is optimized with the Yoast SEO plugin v27.0 - https:\/\/yoast.com\/product\/yoast-seo-wordpress\/ -->\n<title>Glen Cook \u201eJuodoji gvardija \u201c (PFAF 75)<\/title>\n<meta name=\"description\" content=\"Juodoji Gvardija egzistuoja t\u016bkstan\u010dius met\u0173. Nesuskai\u010diuojami jos \u017eygdarbiai bei skaud\u016bs pralaim\u0117jimai kruop\u0161\u010diai u\u017era\u0161omi Metra\u0161\u010diuose. Ta\u010diau net Metra\u0161\u010diuose nerastum apra\u0161yt\u0173 toki\u0173 siaubing\u0173 laik\u0173, kuriuos n\u016bnai tenka i\u0161gyventi Gvardijai.  Tod\u0117l, kad dabar ji tarnauja i\u0161 kapo prisik\u0117lusiai Valdovei. Kai kas mano, jog atgijusi Valdov\u0117 saugo \u017emonij\u0105 nuo antgamtinio blogio. Kai kas tuo smarkiai abejoja. O u\u017esigr\u016bdin\u0119 Juodosios Gvardijos kariai u\u017ekasa savo abejones kartu su savo mirusiaisiais...\" \/>\n<meta name=\"robots\" content=\"index, follow, max-snippet:-1, max-image-preview:large, max-video-preview:-1\" \/>\n<link rel=\"canonical\" href=\"https:\/\/skaitytaknyga.lt\/en\/produktas\/glen-cook-juodoji-gvardija-pfaf-75\/\" \/>\n<meta property=\"og:locale\" content=\"en_GB\" \/>\n<meta property=\"og:locale:alternate\" content=\"lt_LT\" \/>\n<meta property=\"og:type\" content=\"article\" \/>\n<meta property=\"og:title\" content=\"Glen Cook \u201eJuodoji gvardija \u201c (PFAF 75)\" \/>\n<meta property=\"og:description\" content=\"Juodoji Gvardija egzistuoja t\u016bkstan\u010dius met\u0173. Nesuskai\u010diuojami jos \u017eygdarbiai bei skaud\u016bs pralaim\u0117jimai kruop\u0161\u010diai u\u017era\u0161omi Metra\u0161\u010diuose. Ta\u010diau net Metra\u0161\u010diuose nerastum apra\u0161yt\u0173 toki\u0173 siaubing\u0173 laik\u0173, kuriuos n\u016bnai tenka i\u0161gyventi Gvardijai.  Tod\u0117l, kad dabar ji tarnauja i\u0161 kapo prisik\u0117lusiai Valdovei. Kai kas mano, jog atgijusi Valdov\u0117 saugo \u017emonij\u0105 nuo antgamtinio blogio. Kai kas tuo smarkiai abejoja. O u\u017esigr\u016bdin\u0119 Juodosios Gvardijos kariai u\u017ekasa savo abejones kartu su savo mirusiaisiais...\" \/>\n<meta property=\"og:url\" content=\"https:\/\/skaitytaknyga.lt\/en\/produktas\/glen-cook-juodoji-gvardija-pfaf-75\/\" \/>\n<meta property=\"og:site_name\" content=\"Skaitytaknyga\" \/>\n<meta property=\"article:publisher\" content=\"https:\/\/www.facebook.com\/skaitytaknyga\/\" \/>\n<meta property=\"article:modified_time\" content=\"2024-07-15T06:57:08+00:00\" \/>\n<meta property=\"og:image\" content=\"https:\/\/skaitytaknyga.lt\/wp-content\/uploads\/2024\/05\/glen-cook-juodoji-gvardija-75-knyga.jpg\" \/>\n\t<meta property=\"og:image:width\" content=\"254\" \/>\n\t<meta property=\"og:image:height\" content=\"400\" \/>\n\t<meta property=\"og:image:type\" content=\"image\/jpeg\" \/>\n<meta name=\"twitter:card\" content=\"summary_large_image\" \/>\n<script type=\"application\/ld+json\" class=\"yoast-schema-graph\">{\"@context\":\"https:\/\/schema.org\",\"@graph\":[{\"@type\":\"WebPage\",\"@id\":\"https:\/\/skaitytaknyga.lt\/produktas\/glen-cook-juodoji-gvardija-pfaf-75\/\",\"url\":\"https:\/\/skaitytaknyga.lt\/produktas\/glen-cook-juodoji-gvardija-pfaf-75\/\",\"name\":\"Glen Cook \u201eJuodoji gvardija \u201c (PFAF 75)\",\"isPartOf\":{\"@id\":\"https:\/\/skaitytaknyga.lt\/#website\"},\"primaryImageOfPage\":{\"@id\":\"https:\/\/skaitytaknyga.lt\/produktas\/glen-cook-juodoji-gvardija-pfaf-75\/#primaryimage\"},\"image\":{\"@id\":\"https:\/\/skaitytaknyga.lt\/produktas\/glen-cook-juodoji-gvardija-pfaf-75\/#primaryimage\"},\"thumbnailUrl\":\"https:\/\/skaitytaknyga.lt\/wp-content\/uploads\/2024\/05\/glen-cook-juodoji-gvardija-75-knyga.jpg\",\"datePublished\":\"2024-05-04T19:24:20+00:00\",\"dateModified\":\"2024-07-15T06:57:08+00:00\",\"description\":\"Juodoji Gvardija egzistuoja t\u016bkstan\u010dius met\u0173. Nesuskai\u010diuojami jos \u017eygdarbiai bei skaud\u016bs pralaim\u0117jimai kruop\u0161\u010diai u\u017era\u0161omi Metra\u0161\u010diuose. Ta\u010diau net Metra\u0161\u010diuose nerastum apra\u0161yt\u0173 toki\u0173 siaubing\u0173 laik\u0173, kuriuos n\u016bnai tenka i\u0161gyventi Gvardijai. Tod\u0117l, kad dabar ji tarnauja i\u0161 kapo prisik\u0117lusiai Valdovei. Kai kas mano, jog atgijusi Valdov\u0117 saugo \u017emonij\u0105 nuo antgamtinio blogio. Kai kas tuo smarkiai abejoja. O u\u017esigr\u016bdin\u0119 Juodosios Gvardijos kariai u\u017ekasa savo abejones kartu su savo mirusiaisiais...\",\"breadcrumb\":{\"@id\":\"https:\/\/skaitytaknyga.lt\/produktas\/glen-cook-juodoji-gvardija-pfaf-75\/#breadcrumb\"},\"inLanguage\":\"en-GB\",\"potentialAction\":[{\"@type\":\"ReadAction\",\"target\":[\"https:\/\/skaitytaknyga.lt\/produktas\/glen-cook-juodoji-gvardija-pfaf-75\/\"]}]},{\"@type\":\"ImageObject\",\"inLanguage\":\"en-GB\",\"@id\":\"https:\/\/skaitytaknyga.lt\/produktas\/glen-cook-juodoji-gvardija-pfaf-75\/#primaryimage\",\"url\":\"https:\/\/skaitytaknyga.lt\/wp-content\/uploads\/2024\/05\/glen-cook-juodoji-gvardija-75-knyga.jpg\",\"contentUrl\":\"https:\/\/skaitytaknyga.lt\/wp-content\/uploads\/2024\/05\/glen-cook-juodoji-gvardija-75-knyga.jpg\",\"width\":254,\"height\":400},{\"@type\":\"BreadcrumbList\",\"@id\":\"https:\/\/skaitytaknyga.lt\/produktas\/glen-cook-juodoji-gvardija-pfaf-75\/#breadcrumb\",\"itemListElement\":[{\"@type\":\"ListItem\",\"position\":1,\"name\":\"Home\",\"item\":\"https:\/\/skaitytaknyga.lt\/\"},{\"@type\":\"ListItem\",\"position\":2,\"name\":\"Parduotuv\u0117\",\"item\":\"https:\/\/skaitytaknyga.lt\/knygu-parduotuve\/\"},{\"@type\":\"ListItem\",\"position\":3,\"name\":\"Glen Cook \u201eJuodoji gvardija \u201c (PFAF 75)\"}]},{\"@type\":\"WebSite\",\"@id\":\"https:\/\/skaitytaknyga.lt\/#website\",\"url\":\"https:\/\/skaitytaknyga.lt\/\",\"name\":\"skaitytaknyga.lt\",\"description\":\"Skaitytaknyga.lt \u2013 tai ma\u017eas \u0161eimos verslas, kuris prasid\u0117jo nuo meil\u0117s knygoms ir siekio i\u0161gelb\u0117ti knygas nuo likimo prie konteinerio. Kas vienam nereikalingas daiktas \u2013 kitam lobis, o mes esame tarpininkai, kurie padeda abiems tapti laimingesniems ???? \u017dinome kaip nelengva i\u0161gyventi ma\u017eiems verslams, tad nuo \u0161iol, \u010dia rasite ir kit\u0173, ma\u017e\u0173 \u0161eim\u0173 versl\u0173, rank\u0173 darbo, dovan\u0173 sau ir artimiesiems.\",\"publisher\":{\"@id\":\"https:\/\/skaitytaknyga.lt\/#organization\"},\"potentialAction\":[{\"@type\":\"SearchAction\",\"target\":{\"@type\":\"EntryPoint\",\"urlTemplate\":\"https:\/\/skaitytaknyga.lt\/?s={search_term_string}\"},\"query-input\":{\"@type\":\"PropertyValueSpecification\",\"valueRequired\":true,\"valueName\":\"search_term_string\"}}],\"inLanguage\":\"en-GB\"},{\"@type\":\"Organization\",\"@id\":\"https:\/\/skaitytaknyga.lt\/#organization\",\"name\":\"skaitytaknyga.lt\",\"url\":\"https:\/\/skaitytaknyga.lt\/\",\"logo\":{\"@type\":\"ImageObject\",\"inLanguage\":\"en-GB\",\"@id\":\"https:\/\/skaitytaknyga.lt\/#\/schema\/logo\/image\/\",\"url\":\"https:\/\/skaitytaknyga.lt\/wp-content\/uploads\/2024\/05\/cropped-cropped-cropped-02_00843_jt3bggkj1j3HLc7SyY6rEUpg.jpeg\",\"contentUrl\":\"https:\/\/skaitytaknyga.lt\/wp-content\/uploads\/2024\/05\/cropped-cropped-cropped-02_00843_jt3bggkj1j3HLc7SyY6rEUpg.jpeg\",\"width\":1600,\"height\":1600,\"caption\":\"skaitytaknyga.lt\"},\"image\":{\"@id\":\"https:\/\/skaitytaknyga.lt\/#\/schema\/logo\/image\/\"},\"sameAs\":[\"https:\/\/www.facebook.com\/skaitytaknyga\/\"]}]}<\/script>\n<!-- \/ Yoast SEO plugin. -->","yoast_head_json":{"title":"Glen Cook \u201eJuodoji gvardija \u201c (PFAF 75)","description":"Juodoji Gvardija egzistuoja t\u016bkstan\u010dius met\u0173. Nesuskai\u010diuojami jos \u017eygdarbiai bei skaud\u016bs pralaim\u0117jimai kruop\u0161\u010diai u\u017era\u0161omi Metra\u0161\u010diuose. Ta\u010diau net Metra\u0161\u010diuose nerastum apra\u0161yt\u0173 toki\u0173 siaubing\u0173 laik\u0173, kuriuos n\u016bnai tenka i\u0161gyventi Gvardijai.  Tod\u0117l, kad dabar ji tarnauja i\u0161 kapo prisik\u0117lusiai Valdovei. Kai kas mano, jog atgijusi Valdov\u0117 saugo \u017emonij\u0105 nuo antgamtinio blogio. Kai kas tuo smarkiai abejoja. O u\u017esigr\u016bdin\u0119 Juodosios Gvardijos kariai u\u017ekasa savo abejones kartu su savo mirusiaisiais...","robots":{"index":"index","follow":"follow","max-snippet":"max-snippet:-1","max-image-preview":"max-image-preview:large","max-video-preview":"max-video-preview:-1"},"canonical":"https:\/\/skaitytaknyga.lt\/en\/produktas\/glen-cook-juodoji-gvardija-pfaf-75\/","og_locale":"en_GB","og_type":"article","og_title":"[:lt]Glen Cook \u201eJuodoji gvardija \u201c (PFAF 75)[:] - Skaitytaknyga","og_description":"Juodoji Gvardija egzistuoja t\u016bkstan\u010dius met\u0173. Nesuskai\u010diuojami jos \u017eygdarbiai bei skaud\u016bs pralaim\u0117jimai kruop\u0161\u010diai u\u017era\u0161omi Metra\u0161\u010diuose. Ta\u010diau net Metra\u0161\u010diuose nerastum apra\u0161yt\u0173 toki\u0173 siaubing\u0173 laik\u0173, kuriuos n\u016bnai tenka i\u0161gyventi Gvardijai.  Tod\u0117l, kad dabar ji tarnauja i\u0161 kapo prisik\u0117lusiai Valdovei. Kai kas mano, jog atgijusi Valdov\u0117 saugo \u017emonij\u0105 nuo antgamtinio blogio. Kai kas tuo smarkiai abejoja. O u\u017esigr\u016bdin\u0119 Juodosios Gvardijos kariai u\u017ekasa savo abejones kartu su savo mirusiaisiais...","og_url":"https:\/\/skaitytaknyga.lt\/en\/produktas\/glen-cook-juodoji-gvardija-pfaf-75\/","og_site_name":"Skaitytaknyga","article_publisher":"https:\/\/www.facebook.com\/skaitytaknyga\/","article_modified_time":"2024-07-15T06:57:08+00:00","og_image":[{"width":254,"height":400,"url":"https:\/\/skaitytaknyga.lt\/wp-content\/uploads\/2024\/05\/glen-cook-juodoji-gvardija-75-knyga.jpg","type":"image\/jpeg"}],"twitter_card":"summary_large_image","schema":{"@context":"https:\/\/schema.org","@graph":[{"@type":"WebPage","@id":"https:\/\/skaitytaknyga.lt\/produktas\/glen-cook-juodoji-gvardija-pfaf-75\/","url":"https:\/\/skaitytaknyga.lt\/produktas\/glen-cook-juodoji-gvardija-pfaf-75\/","name":"Glen Cook \u201eJuodoji gvardija \u201c (PFAF 75)","isPartOf":{"@id":"https:\/\/skaitytaknyga.lt\/#website"},"primaryImageOfPage":{"@id":"https:\/\/skaitytaknyga.lt\/produktas\/glen-cook-juodoji-gvardija-pfaf-75\/#primaryimage"},"image":{"@id":"https:\/\/skaitytaknyga.lt\/produktas\/glen-cook-juodoji-gvardija-pfaf-75\/#primaryimage"},"thumbnailUrl":"https:\/\/skaitytaknyga.lt\/wp-content\/uploads\/2024\/05\/glen-cook-juodoji-gvardija-75-knyga.jpg","datePublished":"2024-05-04T19:24:20+00:00","dateModified":"2024-07-15T06:57:08+00:00","description":"Juodoji Gvardija egzistuoja t\u016bkstan\u010dius met\u0173. Nesuskai\u010diuojami jos \u017eygdarbiai bei skaud\u016bs pralaim\u0117jimai kruop\u0161\u010diai u\u017era\u0161omi Metra\u0161\u010diuose. Ta\u010diau net Metra\u0161\u010diuose nerastum apra\u0161yt\u0173 toki\u0173 siaubing\u0173 laik\u0173, kuriuos n\u016bnai tenka i\u0161gyventi Gvardijai. Tod\u0117l, kad dabar ji tarnauja i\u0161 kapo prisik\u0117lusiai Valdovei. Kai kas mano, jog atgijusi Valdov\u0117 saugo \u017emonij\u0105 nuo antgamtinio blogio. Kai kas tuo smarkiai abejoja. O u\u017esigr\u016bdin\u0119 Juodosios Gvardijos kariai u\u017ekasa savo abejones kartu su savo mirusiaisiais...","breadcrumb":{"@id":"https:\/\/skaitytaknyga.lt\/produktas\/glen-cook-juodoji-gvardija-pfaf-75\/#breadcrumb"},"inLanguage":"en-GB","potentialAction":[{"@type":"ReadAction","target":["https:\/\/skaitytaknyga.lt\/produktas\/glen-cook-juodoji-gvardija-pfaf-75\/"]}]},{"@type":"ImageObject","inLanguage":"en-GB","@id":"https:\/\/skaitytaknyga.lt\/produktas\/glen-cook-juodoji-gvardija-pfaf-75\/#primaryimage","url":"https:\/\/skaitytaknyga.lt\/wp-content\/uploads\/2024\/05\/glen-cook-juodoji-gvardija-75-knyga.jpg","contentUrl":"https:\/\/skaitytaknyga.lt\/wp-content\/uploads\/2024\/05\/glen-cook-juodoji-gvardija-75-knyga.jpg","width":254,"height":400},{"@type":"BreadcrumbList","@id":"https:\/\/skaitytaknyga.lt\/produktas\/glen-cook-juodoji-gvardija-pfaf-75\/#breadcrumb","itemListElement":[{"@type":"ListItem","position":1,"name":"Home","item":"https:\/\/skaitytaknyga.lt\/"},{"@type":"ListItem","position":2,"name":"Parduotuv\u0117","item":"https:\/\/skaitytaknyga.lt\/knygu-parduotuve\/"},{"@type":"ListItem","position":3,"name":"Glen Cook \u201eJuodoji gvardija \u201c (PFAF 75)"}]},{"@type":"WebSite","@id":"https:\/\/skaitytaknyga.lt\/#website","url":"https:\/\/skaitytaknyga.lt\/","name":"skaitytaknyga.lt","description":"Skaitytaknyga.lt \u2013 tai ma\u017eas \u0161eimos verslas, kuris prasid\u0117jo nuo meil\u0117s knygoms ir siekio i\u0161gelb\u0117ti knygas nuo likimo prie konteinerio. Kas vienam nereikalingas daiktas \u2013 kitam lobis, o mes esame tarpininkai, kurie padeda abiems tapti laimingesniems ???? \u017dinome kaip nelengva i\u0161gyventi ma\u017eiems verslams, tad nuo \u0161iol, \u010dia rasite ir kit\u0173, ma\u017e\u0173 \u0161eim\u0173 versl\u0173, rank\u0173 darbo, dovan\u0173 sau ir artimiesiems.","publisher":{"@id":"https:\/\/skaitytaknyga.lt\/#organization"},"potentialAction":[{"@type":"SearchAction","target":{"@type":"EntryPoint","urlTemplate":"https:\/\/skaitytaknyga.lt\/?s={search_term_string}"},"query-input":{"@type":"PropertyValueSpecification","valueRequired":true,"valueName":"search_term_string"}}],"inLanguage":"en-GB"},{"@type":"Organization","@id":"https:\/\/skaitytaknyga.lt\/#organization","name":"skaitytaknyga.lt","url":"https:\/\/skaitytaknyga.lt\/","logo":{"@type":"ImageObject","inLanguage":"en-GB","@id":"https:\/\/skaitytaknyga.lt\/#\/schema\/logo\/image\/","url":"https:\/\/skaitytaknyga.lt\/wp-content\/uploads\/2024\/05\/cropped-cropped-cropped-02_00843_jt3bggkj1j3HLc7SyY6rEUpg.jpeg","contentUrl":"https:\/\/skaitytaknyga.lt\/wp-content\/uploads\/2024\/05\/cropped-cropped-cropped-02_00843_jt3bggkj1j3HLc7SyY6rEUpg.jpeg","width":1600,"height":1600,"caption":"skaitytaknyga.lt"},"image":{"@id":"https:\/\/skaitytaknyga.lt\/#\/schema\/logo\/image\/"},"sameAs":["https:\/\/www.facebook.com\/skaitytaknyga\/"]}]}},"_links":{"self":[{"href":"https:\/\/skaitytaknyga.lt\/en\/wp-json\/wp\/v2\/product\/11009","targetHints":{"allow":["GET"]}}],"collection":[{"href":"https:\/\/skaitytaknyga.lt\/en\/wp-json\/wp\/v2\/product"}],"about":[{"href":"https:\/\/skaitytaknyga.lt\/en\/wp-json\/wp\/v2\/types\/product"}],"replies":[{"embeddable":true,"href":"https:\/\/skaitytaknyga.lt\/en\/wp-json\/wp\/v2\/comments?post=11009"}],"wp:featuredmedia":[{"embeddable":true,"href":"https:\/\/skaitytaknyga.lt\/en\/wp-json\/wp\/v2\/media\/11046"}],"wp:attachment":[{"href":"https:\/\/skaitytaknyga.lt\/en\/wp-json\/wp\/v2\/media?parent=11009"}],"wp:term":[{"taxonomy":"product_brand","embeddable":true,"href":"https:\/\/skaitytaknyga.lt\/en\/wp-json\/wp\/v2\/product_brand?post=11009"},{"taxonomy":"product_cat","embeddable":true,"href":"https:\/\/skaitytaknyga.lt\/en\/wp-json\/wp\/v2\/product_cat?post=11009"},{"taxonomy":"product_tag","embeddable":true,"href":"https:\/\/skaitytaknyga.lt\/en\/wp-json\/wp\/v2\/product_tag?post=11009"}],"curies":[{"name":"wp","href":"https:\/\/api.w.org\/{rel}","templated":true}]}}