{"id":11008,"date":"2024-05-04T19:24:20","date_gmt":"2024-05-04T19:24:20","guid":{"rendered":"https:\/\/skaitytaknyga.lt\/?post_type=product&#038;p=11008"},"modified":"2024-07-15T09:57:18","modified_gmt":"2024-07-15T06:57:18","slug":"sterling-e-lanier-hiero-kelione-pfaf-77","status":"publish","type":"product","link":"https:\/\/skaitytaknyga.lt\/en\/produktas\/sterling-e-lanier-hiero-kelione-pfaf-77\/","title":{"rendered":"Sterling E. Lanier \u201eHiero kelion\u0117\u201c (PFAF 77)"},"content":{"rendered":"<p>\u017dem\u0117 nu\u017eudyta atominio ir biologinio ginklo. Po bevaisius tyrlaukius bei miest\u0173 griuv\u0117sius klajoja siaubingi mutantai: \u017eiurkia\u017emogi\u0173, land\u016bn\u0173, buleri\u0173, gyvatgalvi\u0173 bandos. O jas kontroliuoja kraup\u016bs Suteptieji, m\u0105stantys Tamsiosios Brolijos nariai, i\u0161tro\u0161k\u0119 pakeisti gamtos d\u0117snius ir sunaikinti saujel\u0119 normali\u0173 \u017emoni\u0173, kurie slepiasi Vienuolynuose.<\/p>\n<p>Peras Hieras Destinas, Antros Klas\u0117s \u0160ventikas Egzorcistas, i\u0161keliauja \u012f pavojing\u0105 \u017eyg\u012f, idant Prarastuose Miestuose gal\u0117t\u0173 atskleisti ne vien\u0105 pra\u017euvusi\u0173 laik\u0173 paslapt\u012f ir pad\u0117t\u0173 i\u0161likti \u017emonijai.<\/p>\n","protected":false},"excerpt":{"rendered":"<p>\u017dem\u0117 nu\u017eudyta atominio ir biologinio ginklo. Po bevaisius tyrlaukius bei miest\u0173 griuv\u0117sius klajoja siaubingi mutantai: \u017eiurkia\u017emogi\u0173, land\u016bn\u0173, buleri\u0173, gyvatgalvi\u0173 bandos. O jas kontroliuoja kraup\u016bs Suteptieji, m\u0105stantys Tamsiosios Brolijos nariai, i\u0161tro\u0161k\u0119 pakeisti gamtos d\u0117snius ir sunaikinti saujel\u0119 normali\u0173 \u017emoni\u0173, kurie slepiasi Vienuolynuose.<\/p>\n<p>Peras Hieras Destinas, Antros Klas\u0117s \u0160ventikas Egzorcistas, i\u0161keliauja \u012f pavojing\u0105 \u017eyg\u012f, idant Prarastuose Miestuose gal\u0117t\u0173 atskleisti ne vien\u0105 pra\u017euvusi\u0173 laik\u0173 paslapt\u012f ir pad\u0117t\u0173 i\u0161likti \u017emonijai.<\/p>\n","protected":false},"featured_media":11045,"comment_status":"closed","ping_status":"closed","template":"","meta":{"_acf_changed":false,"site-sidebar-layout":"default","site-content-layout":"","ast-site-content-layout":"default","site-content-style":"default","site-sidebar-style":"default","ast-global-header-display":"","ast-banner-title-visibility":"","ast-main-header-display":"","ast-hfb-above-header-display":"","ast-hfb-below-header-display":"","ast-hfb-mobile-header-display":"","site-post-title":"","ast-breadcrumbs-content":"","ast-featured-img":"","footer-sml-layout":"","ast-disable-related-posts":"","theme-transparent-header-meta":"","adv-header-id-meta":"","stick-header-meta":"","header-above-stick-meta":"","header-main-stick-meta":"","header-below-stick-meta":"","astra-migrate-meta-layouts":"default","ast-page-background-enabled":"default","ast-page-background-meta":{"desktop":{"background-color":"","background-image":"","background-repeat":"repeat","background-position":"center center","background-size":"auto","background-attachment":"scroll","background-type":"","background-media":"","overlay-type":"","overlay-color":"","overlay-opacity":"","overlay-gradient":""},"tablet":{"background-color":"","background-image":"","background-repeat":"repeat","background-position":"center center","background-size":"auto","background-attachment":"scroll","background-type":"","background-media":"","overlay-type":"","overlay-color":"","overlay-opacity":"","overlay-gradient":""},"mobile":{"background-color":"","background-image":"","background-repeat":"repeat","background-position":"center center","background-size":"auto","background-attachment":"scroll","background-type":"","background-media":"","overlay-type":"","overlay-color":"","overlay-opacity":"","overlay-gradient":""}},"ast-content-background-meta":{"desktop":{"background-color":"var(--ast-global-color-4)","background-image":"","background-repeat":"repeat","background-position":"center center","background-size":"auto","background-attachment":"scroll","background-type":"","background-media":"","overlay-type":"","overlay-color":"","overlay-opacity":"","overlay-gradient":""},"tablet":{"background-color":"var(--ast-global-color-4)","background-image":"","background-repeat":"repeat","background-position":"center center","background-size":"auto","background-attachment":"scroll","background-type":"","background-media":"","overlay-type":"","overlay-color":"","overlay-opacity":"","overlay-gradient":""},"mobile":{"background-color":"var(--ast-global-color-4)","background-image":"","background-repeat":"repeat","background-position":"center center","background-size":"auto","background-attachment":"scroll","background-type":"","background-media":"","overlay-type":"","overlay-color":"","overlay-opacity":"","overlay-gradient":""}}},"product_brand":[],"product_cat":[1059,31],"product_tag":[458],"class_list":{"0":"post-11008","1":"product","2":"type-product","3":"status-publish","4":"has-post-thumbnail","6":"product_cat-pasaulines-fantastikos-aukso-fondas","7":"product_cat-grozine-literatura","8":"product_tag-pasauline-fantastikos-aukso-fondas","9":"pa_leidimo-metai-680","10":"pa_virselis-kietas","11":"desktop-align-left","12":"tablet-align-left","13":"mobile-align-left","15":"first","16":"instock","17":"shipping-taxable","18":"purchasable","19":"product-type-simple"},"acf":[],"yoast_head":"<!-- This site is optimized with the Yoast SEO plugin v27.0 - https:\/\/yoast.com\/product\/yoast-seo-wordpress\/ -->\n<title>Sterling E. Lanier \u201eHiero kelion\u0117\u201c (PFAF 77)<\/title>\n<meta name=\"description\" content=\"\u017dem\u0117 nu\u017eudyta atominio ir biologinio ginklo. Po bevaisius tyrlaukius bei miest\u0173 griuv\u0117sius klajoja siaubingi mutantai: \u017eiurkia\u017emogi\u0173, land\u016bn\u0173, buleri\u0173, gyvatgalvi\u0173 bandos. O jas kontroliuoja kraup\u016bs Suteptieji, m\u0105stantys Tamsiosios Brolijos nariai, i\u0161tro\u0161k\u0119 pakeisti gamtos d\u0117snius ir sunaikinti saujel\u0119 normali\u0173 \u017emoni\u0173, kurie slepiasi Vienuolynuose.  Peras Hieras Destinas, Antros Klas\u0117s \u0160ventikas Egzorcistas, i\u0161keliauja \u012f pavojing\u0105 \u017eyg\u012f, idant Prarastuose Miestuose gal\u0117t\u0173 atskleisti ne vien\u0105 pra\u017euvusi\u0173 laik\u0173 paslapt\u012f ir pad\u0117t\u0173 i\u0161likti \u017emonijai.\" \/>\n<meta name=\"robots\" content=\"index, follow, max-snippet:-1, max-image-preview:large, max-video-preview:-1\" \/>\n<link rel=\"canonical\" href=\"https:\/\/skaitytaknyga.lt\/en\/produktas\/sterling-e-lanier-hiero-kelione-pfaf-77\/\" \/>\n<meta property=\"og:locale\" content=\"en_GB\" \/>\n<meta property=\"og:locale:alternate\" content=\"lt_LT\" \/>\n<meta property=\"og:type\" content=\"article\" \/>\n<meta property=\"og:title\" content=\"Sterling E. Lanier \u201eHiero kelion\u0117\u201c (PFAF 77)\" \/>\n<meta property=\"og:description\" content=\"\u017dem\u0117 nu\u017eudyta atominio ir biologinio ginklo. Po bevaisius tyrlaukius bei miest\u0173 griuv\u0117sius klajoja siaubingi mutantai: \u017eiurkia\u017emogi\u0173, land\u016bn\u0173, buleri\u0173, gyvatgalvi\u0173 bandos. O jas kontroliuoja kraup\u016bs Suteptieji, m\u0105stantys Tamsiosios Brolijos nariai, i\u0161tro\u0161k\u0119 pakeisti gamtos d\u0117snius ir sunaikinti saujel\u0119 normali\u0173 \u017emoni\u0173, kurie slepiasi Vienuolynuose.  Peras Hieras Destinas, Antros Klas\u0117s \u0160ventikas Egzorcistas, i\u0161keliauja \u012f pavojing\u0105 \u017eyg\u012f, idant Prarastuose Miestuose gal\u0117t\u0173 atskleisti ne vien\u0105 pra\u017euvusi\u0173 laik\u0173 paslapt\u012f ir pad\u0117t\u0173 i\u0161likti \u017emonijai.\" \/>\n<meta property=\"og:url\" content=\"https:\/\/skaitytaknyga.lt\/en\/produktas\/sterling-e-lanier-hiero-kelione-pfaf-77\/\" \/>\n<meta property=\"og:site_name\" content=\"Skaitytaknyga\" \/>\n<meta property=\"article:publisher\" content=\"https:\/\/www.facebook.com\/skaitytaknyga\/\" \/>\n<meta property=\"article:modified_time\" content=\"2024-07-15T06:57:18+00:00\" \/>\n<meta property=\"og:image\" content=\"https:\/\/skaitytaknyga.lt\/wp-content\/uploads\/2024\/05\/hiero-kelione-pfaf-77-2-1-625x794_0.jpg\" \/>\n\t<meta property=\"og:image:width\" content=\"625\" \/>\n\t<meta property=\"og:image:height\" content=\"794\" \/>\n\t<meta property=\"og:image:type\" content=\"image\/jpeg\" \/>\n<meta name=\"twitter:card\" content=\"summary_large_image\" \/>\n<script type=\"application\/ld+json\" class=\"yoast-schema-graph\">{\"@context\":\"https:\/\/schema.org\",\"@graph\":[{\"@type\":\"WebPage\",\"@id\":\"https:\/\/skaitytaknyga.lt\/produktas\/sterling-e-lanier-hiero-kelione-pfaf-77\/\",\"url\":\"https:\/\/skaitytaknyga.lt\/produktas\/sterling-e-lanier-hiero-kelione-pfaf-77\/\",\"name\":\"Sterling E. Lanier \u201eHiero kelion\u0117\u201c (PFAF 77)\",\"isPartOf\":{\"@id\":\"https:\/\/skaitytaknyga.lt\/#website\"},\"primaryImageOfPage\":{\"@id\":\"https:\/\/skaitytaknyga.lt\/produktas\/sterling-e-lanier-hiero-kelione-pfaf-77\/#primaryimage\"},\"image\":{\"@id\":\"https:\/\/skaitytaknyga.lt\/produktas\/sterling-e-lanier-hiero-kelione-pfaf-77\/#primaryimage\"},\"thumbnailUrl\":\"https:\/\/skaitytaknyga.lt\/wp-content\/uploads\/2024\/05\/hiero-kelione-pfaf-77-2-1-625x794_0.jpg\",\"datePublished\":\"2024-05-04T19:24:20+00:00\",\"dateModified\":\"2024-07-15T06:57:18+00:00\",\"description\":\"\u017dem\u0117 nu\u017eudyta atominio ir biologinio ginklo. Po bevaisius tyrlaukius bei miest\u0173 griuv\u0117sius klajoja siaubingi mutantai: \u017eiurkia\u017emogi\u0173, land\u016bn\u0173, buleri\u0173, gyvatgalvi\u0173 bandos. O jas kontroliuoja kraup\u016bs Suteptieji, m\u0105stantys Tamsiosios Brolijos nariai, i\u0161tro\u0161k\u0119 pakeisti gamtos d\u0117snius ir sunaikinti saujel\u0119 normali\u0173 \u017emoni\u0173, kurie slepiasi Vienuolynuose. Peras Hieras Destinas, Antros Klas\u0117s \u0160ventikas Egzorcistas, i\u0161keliauja \u012f pavojing\u0105 \u017eyg\u012f, idant Prarastuose Miestuose gal\u0117t\u0173 atskleisti ne vien\u0105 pra\u017euvusi\u0173 laik\u0173 paslapt\u012f ir pad\u0117t\u0173 i\u0161likti \u017emonijai.\",\"breadcrumb\":{\"@id\":\"https:\/\/skaitytaknyga.lt\/produktas\/sterling-e-lanier-hiero-kelione-pfaf-77\/#breadcrumb\"},\"inLanguage\":\"en-GB\",\"potentialAction\":[{\"@type\":\"ReadAction\",\"target\":[\"https:\/\/skaitytaknyga.lt\/produktas\/sterling-e-lanier-hiero-kelione-pfaf-77\/\"]}]},{\"@type\":\"ImageObject\",\"inLanguage\":\"en-GB\",\"@id\":\"https:\/\/skaitytaknyga.lt\/produktas\/sterling-e-lanier-hiero-kelione-pfaf-77\/#primaryimage\",\"url\":\"https:\/\/skaitytaknyga.lt\/wp-content\/uploads\/2024\/05\/hiero-kelione-pfaf-77-2-1-625x794_0.jpg\",\"contentUrl\":\"https:\/\/skaitytaknyga.lt\/wp-content\/uploads\/2024\/05\/hiero-kelione-pfaf-77-2-1-625x794_0.jpg\",\"width\":625,\"height\":794},{\"@type\":\"BreadcrumbList\",\"@id\":\"https:\/\/skaitytaknyga.lt\/produktas\/sterling-e-lanier-hiero-kelione-pfaf-77\/#breadcrumb\",\"itemListElement\":[{\"@type\":\"ListItem\",\"position\":1,\"name\":\"Home\",\"item\":\"https:\/\/skaitytaknyga.lt\/\"},{\"@type\":\"ListItem\",\"position\":2,\"name\":\"Parduotuv\u0117\",\"item\":\"https:\/\/skaitytaknyga.lt\/knygu-parduotuve\/\"},{\"@type\":\"ListItem\",\"position\":3,\"name\":\"Sterling E. Lanier \u201eHiero kelion\u0117\u201c (PFAF 77)\"}]},{\"@type\":\"WebSite\",\"@id\":\"https:\/\/skaitytaknyga.lt\/#website\",\"url\":\"https:\/\/skaitytaknyga.lt\/\",\"name\":\"skaitytaknyga.lt\",\"description\":\"Skaitytaknyga.lt \u2013 tai ma\u017eas \u0161eimos verslas, kuris prasid\u0117jo nuo meil\u0117s knygoms ir siekio i\u0161gelb\u0117ti knygas nuo likimo prie konteinerio. Kas vienam nereikalingas daiktas \u2013 kitam lobis, o mes esame tarpininkai, kurie padeda abiems tapti laimingesniems ???? \u017dinome kaip nelengva i\u0161gyventi ma\u017eiems verslams, tad nuo \u0161iol, \u010dia rasite ir kit\u0173, ma\u017e\u0173 \u0161eim\u0173 versl\u0173, rank\u0173 darbo, dovan\u0173 sau ir artimiesiems.\",\"publisher\":{\"@id\":\"https:\/\/skaitytaknyga.lt\/#organization\"},\"potentialAction\":[{\"@type\":\"SearchAction\",\"target\":{\"@type\":\"EntryPoint\",\"urlTemplate\":\"https:\/\/skaitytaknyga.lt\/?s={search_term_string}\"},\"query-input\":{\"@type\":\"PropertyValueSpecification\",\"valueRequired\":true,\"valueName\":\"search_term_string\"}}],\"inLanguage\":\"en-GB\"},{\"@type\":\"Organization\",\"@id\":\"https:\/\/skaitytaknyga.lt\/#organization\",\"name\":\"skaitytaknyga.lt\",\"url\":\"https:\/\/skaitytaknyga.lt\/\",\"logo\":{\"@type\":\"ImageObject\",\"inLanguage\":\"en-GB\",\"@id\":\"https:\/\/skaitytaknyga.lt\/#\/schema\/logo\/image\/\",\"url\":\"https:\/\/skaitytaknyga.lt\/wp-content\/uploads\/2024\/05\/cropped-cropped-cropped-02_00843_jt3bggkj1j3HLc7SyY6rEUpg.jpeg\",\"contentUrl\":\"https:\/\/skaitytaknyga.lt\/wp-content\/uploads\/2024\/05\/cropped-cropped-cropped-02_00843_jt3bggkj1j3HLc7SyY6rEUpg.jpeg\",\"width\":1600,\"height\":1600,\"caption\":\"skaitytaknyga.lt\"},\"image\":{\"@id\":\"https:\/\/skaitytaknyga.lt\/#\/schema\/logo\/image\/\"},\"sameAs\":[\"https:\/\/www.facebook.com\/skaitytaknyga\/\"]}]}<\/script>\n<!-- \/ Yoast SEO plugin. -->","yoast_head_json":{"title":"Sterling E. Lanier \u201eHiero kelion\u0117\u201c (PFAF 77)","description":"\u017dem\u0117 nu\u017eudyta atominio ir biologinio ginklo. Po bevaisius tyrlaukius bei miest\u0173 griuv\u0117sius klajoja siaubingi mutantai: \u017eiurkia\u017emogi\u0173, land\u016bn\u0173, buleri\u0173, gyvatgalvi\u0173 bandos. O jas kontroliuoja kraup\u016bs Suteptieji, m\u0105stantys Tamsiosios Brolijos nariai, i\u0161tro\u0161k\u0119 pakeisti gamtos d\u0117snius ir sunaikinti saujel\u0119 normali\u0173 \u017emoni\u0173, kurie slepiasi Vienuolynuose.  Peras Hieras Destinas, Antros Klas\u0117s \u0160ventikas Egzorcistas, i\u0161keliauja \u012f pavojing\u0105 \u017eyg\u012f, idant Prarastuose Miestuose gal\u0117t\u0173 atskleisti ne vien\u0105 pra\u017euvusi\u0173 laik\u0173 paslapt\u012f ir pad\u0117t\u0173 i\u0161likti \u017emonijai.","robots":{"index":"index","follow":"follow","max-snippet":"max-snippet:-1","max-image-preview":"max-image-preview:large","max-video-preview":"max-video-preview:-1"},"canonical":"https:\/\/skaitytaknyga.lt\/en\/produktas\/sterling-e-lanier-hiero-kelione-pfaf-77\/","og_locale":"en_GB","og_type":"article","og_title":"[:lt]Sterling E. Lanier \u201eHiero kelion\u0117\u201c (PFAF 77)[:] - Skaitytaknyga","og_description":"\u017dem\u0117 nu\u017eudyta atominio ir biologinio ginklo. Po bevaisius tyrlaukius bei miest\u0173 griuv\u0117sius klajoja siaubingi mutantai: \u017eiurkia\u017emogi\u0173, land\u016bn\u0173, buleri\u0173, gyvatgalvi\u0173 bandos. O jas kontroliuoja kraup\u016bs Suteptieji, m\u0105stantys Tamsiosios Brolijos nariai, i\u0161tro\u0161k\u0119 pakeisti gamtos d\u0117snius ir sunaikinti saujel\u0119 normali\u0173 \u017emoni\u0173, kurie slepiasi Vienuolynuose.  Peras Hieras Destinas, Antros Klas\u0117s \u0160ventikas Egzorcistas, i\u0161keliauja \u012f pavojing\u0105 \u017eyg\u012f, idant Prarastuose Miestuose gal\u0117t\u0173 atskleisti ne vien\u0105 pra\u017euvusi\u0173 laik\u0173 paslapt\u012f ir pad\u0117t\u0173 i\u0161likti \u017emonijai.","og_url":"https:\/\/skaitytaknyga.lt\/en\/produktas\/sterling-e-lanier-hiero-kelione-pfaf-77\/","og_site_name":"Skaitytaknyga","article_publisher":"https:\/\/www.facebook.com\/skaitytaknyga\/","article_modified_time":"2024-07-15T06:57:18+00:00","og_image":[{"width":625,"height":794,"url":"https:\/\/skaitytaknyga.lt\/wp-content\/uploads\/2024\/05\/hiero-kelione-pfaf-77-2-1-625x794_0.jpg","type":"image\/jpeg"}],"twitter_card":"summary_large_image","schema":{"@context":"https:\/\/schema.org","@graph":[{"@type":"WebPage","@id":"https:\/\/skaitytaknyga.lt\/produktas\/sterling-e-lanier-hiero-kelione-pfaf-77\/","url":"https:\/\/skaitytaknyga.lt\/produktas\/sterling-e-lanier-hiero-kelione-pfaf-77\/","name":"Sterling E. Lanier \u201eHiero kelion\u0117\u201c (PFAF 77)","isPartOf":{"@id":"https:\/\/skaitytaknyga.lt\/#website"},"primaryImageOfPage":{"@id":"https:\/\/skaitytaknyga.lt\/produktas\/sterling-e-lanier-hiero-kelione-pfaf-77\/#primaryimage"},"image":{"@id":"https:\/\/skaitytaknyga.lt\/produktas\/sterling-e-lanier-hiero-kelione-pfaf-77\/#primaryimage"},"thumbnailUrl":"https:\/\/skaitytaknyga.lt\/wp-content\/uploads\/2024\/05\/hiero-kelione-pfaf-77-2-1-625x794_0.jpg","datePublished":"2024-05-04T19:24:20+00:00","dateModified":"2024-07-15T06:57:18+00:00","description":"\u017dem\u0117 nu\u017eudyta atominio ir biologinio ginklo. Po bevaisius tyrlaukius bei miest\u0173 griuv\u0117sius klajoja siaubingi mutantai: \u017eiurkia\u017emogi\u0173, land\u016bn\u0173, buleri\u0173, gyvatgalvi\u0173 bandos. O jas kontroliuoja kraup\u016bs Suteptieji, m\u0105stantys Tamsiosios Brolijos nariai, i\u0161tro\u0161k\u0119 pakeisti gamtos d\u0117snius ir sunaikinti saujel\u0119 normali\u0173 \u017emoni\u0173, kurie slepiasi Vienuolynuose. Peras Hieras Destinas, Antros Klas\u0117s \u0160ventikas Egzorcistas, i\u0161keliauja \u012f pavojing\u0105 \u017eyg\u012f, idant Prarastuose Miestuose gal\u0117t\u0173 atskleisti ne vien\u0105 pra\u017euvusi\u0173 laik\u0173 paslapt\u012f ir pad\u0117t\u0173 i\u0161likti \u017emonijai.","breadcrumb":{"@id":"https:\/\/skaitytaknyga.lt\/produktas\/sterling-e-lanier-hiero-kelione-pfaf-77\/#breadcrumb"},"inLanguage":"en-GB","potentialAction":[{"@type":"ReadAction","target":["https:\/\/skaitytaknyga.lt\/produktas\/sterling-e-lanier-hiero-kelione-pfaf-77\/"]}]},{"@type":"ImageObject","inLanguage":"en-GB","@id":"https:\/\/skaitytaknyga.lt\/produktas\/sterling-e-lanier-hiero-kelione-pfaf-77\/#primaryimage","url":"https:\/\/skaitytaknyga.lt\/wp-content\/uploads\/2024\/05\/hiero-kelione-pfaf-77-2-1-625x794_0.jpg","contentUrl":"https:\/\/skaitytaknyga.lt\/wp-content\/uploads\/2024\/05\/hiero-kelione-pfaf-77-2-1-625x794_0.jpg","width":625,"height":794},{"@type":"BreadcrumbList","@id":"https:\/\/skaitytaknyga.lt\/produktas\/sterling-e-lanier-hiero-kelione-pfaf-77\/#breadcrumb","itemListElement":[{"@type":"ListItem","position":1,"name":"Home","item":"https:\/\/skaitytaknyga.lt\/"},{"@type":"ListItem","position":2,"name":"Parduotuv\u0117","item":"https:\/\/skaitytaknyga.lt\/knygu-parduotuve\/"},{"@type":"ListItem","position":3,"name":"Sterling E. Lanier \u201eHiero kelion\u0117\u201c (PFAF 77)"}]},{"@type":"WebSite","@id":"https:\/\/skaitytaknyga.lt\/#website","url":"https:\/\/skaitytaknyga.lt\/","name":"skaitytaknyga.lt","description":"Skaitytaknyga.lt \u2013 tai ma\u017eas \u0161eimos verslas, kuris prasid\u0117jo nuo meil\u0117s knygoms ir siekio i\u0161gelb\u0117ti knygas nuo likimo prie konteinerio. Kas vienam nereikalingas daiktas \u2013 kitam lobis, o mes esame tarpininkai, kurie padeda abiems tapti laimingesniems ???? \u017dinome kaip nelengva i\u0161gyventi ma\u017eiems verslams, tad nuo \u0161iol, \u010dia rasite ir kit\u0173, ma\u017e\u0173 \u0161eim\u0173 versl\u0173, rank\u0173 darbo, dovan\u0173 sau ir artimiesiems.","publisher":{"@id":"https:\/\/skaitytaknyga.lt\/#organization"},"potentialAction":[{"@type":"SearchAction","target":{"@type":"EntryPoint","urlTemplate":"https:\/\/skaitytaknyga.lt\/?s={search_term_string}"},"query-input":{"@type":"PropertyValueSpecification","valueRequired":true,"valueName":"search_term_string"}}],"inLanguage":"en-GB"},{"@type":"Organization","@id":"https:\/\/skaitytaknyga.lt\/#organization","name":"skaitytaknyga.lt","url":"https:\/\/skaitytaknyga.lt\/","logo":{"@type":"ImageObject","inLanguage":"en-GB","@id":"https:\/\/skaitytaknyga.lt\/#\/schema\/logo\/image\/","url":"https:\/\/skaitytaknyga.lt\/wp-content\/uploads\/2024\/05\/cropped-cropped-cropped-02_00843_jt3bggkj1j3HLc7SyY6rEUpg.jpeg","contentUrl":"https:\/\/skaitytaknyga.lt\/wp-content\/uploads\/2024\/05\/cropped-cropped-cropped-02_00843_jt3bggkj1j3HLc7SyY6rEUpg.jpeg","width":1600,"height":1600,"caption":"skaitytaknyga.lt"},"image":{"@id":"https:\/\/skaitytaknyga.lt\/#\/schema\/logo\/image\/"},"sameAs":["https:\/\/www.facebook.com\/skaitytaknyga\/"]}]}},"_links":{"self":[{"href":"https:\/\/skaitytaknyga.lt\/en\/wp-json\/wp\/v2\/product\/11008","targetHints":{"allow":["GET"]}}],"collection":[{"href":"https:\/\/skaitytaknyga.lt\/en\/wp-json\/wp\/v2\/product"}],"about":[{"href":"https:\/\/skaitytaknyga.lt\/en\/wp-json\/wp\/v2\/types\/product"}],"replies":[{"embeddable":true,"href":"https:\/\/skaitytaknyga.lt\/en\/wp-json\/wp\/v2\/comments?post=11008"}],"wp:featuredmedia":[{"embeddable":true,"href":"https:\/\/skaitytaknyga.lt\/en\/wp-json\/wp\/v2\/media\/11045"}],"wp:attachment":[{"href":"https:\/\/skaitytaknyga.lt\/en\/wp-json\/wp\/v2\/media?parent=11008"}],"wp:term":[{"taxonomy":"product_brand","embeddable":true,"href":"https:\/\/skaitytaknyga.lt\/en\/wp-json\/wp\/v2\/product_brand?post=11008"},{"taxonomy":"product_cat","embeddable":true,"href":"https:\/\/skaitytaknyga.lt\/en\/wp-json\/wp\/v2\/product_cat?post=11008"},{"taxonomy":"product_tag","embeddable":true,"href":"https:\/\/skaitytaknyga.lt\/en\/wp-json\/wp\/v2\/product_tag?post=11008"}],"curies":[{"name":"wp","href":"https:\/\/api.w.org\/{rel}","templated":true}]}}