{"id":11007,"date":"2024-05-04T19:24:20","date_gmt":"2024-05-04T19:24:20","guid":{"rendered":"https:\/\/skaitytaknyga.lt\/?post_type=product&#038;p=11007"},"modified":"2024-07-15T09:57:25","modified_gmt":"2024-07-15T06:57:25","slug":"jack-l-chalkerlilita-pfaf-71","status":"publish","type":"product","link":"https:\/\/skaitytaknyga.lt\/en\/produktas\/jack-l-chalkerlilita-pfaf-71\/","title":{"rendered":"Jack L. Chalker\u201eLilita\u201c (PFAF 71)"},"content":{"rendered":"<p>Ka\u017ekur i\u0161 Vardeno Deimanto planet\u0173 prie\u0161i\u0161ki ateiviai \u012fd\u0117miai stebi \u017dem\u0119. Ta\u010diau n\u0117ra jokios galimyb\u0117s i\u0161tirti \u0161iuos pasaulius, nes \u010dionyk\u0161\u010diai mikroorganizmai naikina bet koki\u0105 technik\u0105.<\/p>\n<p>Negana to \u2013 ir \u017dmon\u0117s pabuvoj\u0119 Vardeno Deimante negali i\u0161 jo i\u0161tr\u016bkti. Tuomet konfederacijai tenka imtis itin drasti\u0161k\u0173 priemoni\u0173&#8230;<\/p>\n","protected":false},"excerpt":{"rendered":"<p>Ka\u017ekur i\u0161 Vardeno Deimanto planet\u0173 prie\u0161i\u0161ki ateiviai \u012fd\u0117miai stebi \u017dem\u0119. Ta\u010diau n\u0117ra jokios galimyb\u0117s i\u0161tirti \u0161iuos pasaulius, nes \u010dionyk\u0161\u010diai mikroorganizmai naikina bet koki\u0105 technik\u0105.<\/p>\n<p>Negana to \u2013 ir \u017dmon\u0117s pabuvoj\u0119 Vardeno Deimante negali i\u0161 jo i\u0161tr\u016bkti. Tuomet konfederacijai tenka imtis itin drasti\u0161k\u0173 priemoni\u0173&#8230;<\/p>\n","protected":false},"featured_media":11044,"comment_status":"closed","ping_status":"closed","template":"","meta":{"_acf_changed":false,"site-sidebar-layout":"default","site-content-layout":"","ast-site-content-layout":"default","site-content-style":"default","site-sidebar-style":"default","ast-global-header-display":"","ast-banner-title-visibility":"","ast-main-header-display":"","ast-hfb-above-header-display":"","ast-hfb-below-header-display":"","ast-hfb-mobile-header-display":"","site-post-title":"","ast-breadcrumbs-content":"","ast-featured-img":"","footer-sml-layout":"","ast-disable-related-posts":"","theme-transparent-header-meta":"","adv-header-id-meta":"","stick-header-meta":"","header-above-stick-meta":"","header-main-stick-meta":"","header-below-stick-meta":"","astra-migrate-meta-layouts":"default","ast-page-background-enabled":"default","ast-page-background-meta":{"desktop":{"background-color":"","background-image":"","background-repeat":"repeat","background-position":"center center","background-size":"auto","background-attachment":"scroll","background-type":"","background-media":"","overlay-type":"","overlay-color":"","overlay-opacity":"","overlay-gradient":""},"tablet":{"background-color":"","background-image":"","background-repeat":"repeat","background-position":"center center","background-size":"auto","background-attachment":"scroll","background-type":"","background-media":"","overlay-type":"","overlay-color":"","overlay-opacity":"","overlay-gradient":""},"mobile":{"background-color":"","background-image":"","background-repeat":"repeat","background-position":"center center","background-size":"auto","background-attachment":"scroll","background-type":"","background-media":"","overlay-type":"","overlay-color":"","overlay-opacity":"","overlay-gradient":""}},"ast-content-background-meta":{"desktop":{"background-color":"var(--ast-global-color-4)","background-image":"","background-repeat":"repeat","background-position":"center center","background-size":"auto","background-attachment":"scroll","background-type":"","background-media":"","overlay-type":"","overlay-color":"","overlay-opacity":"","overlay-gradient":""},"tablet":{"background-color":"var(--ast-global-color-4)","background-image":"","background-repeat":"repeat","background-position":"center center","background-size":"auto","background-attachment":"scroll","background-type":"","background-media":"","overlay-type":"","overlay-color":"","overlay-opacity":"","overlay-gradient":""},"mobile":{"background-color":"var(--ast-global-color-4)","background-image":"","background-repeat":"repeat","background-position":"center center","background-size":"auto","background-attachment":"scroll","background-type":"","background-media":"","overlay-type":"","overlay-color":"","overlay-opacity":"","overlay-gradient":""}}},"product_brand":[],"product_cat":[1059,31],"product_tag":[458],"class_list":{"0":"post-11007","1":"product","2":"type-product","3":"status-publish","4":"has-post-thumbnail","6":"product_cat-pasaulines-fantastikos-aukso-fondas","7":"product_cat-grozine-literatura","8":"product_tag-pasauline-fantastikos-aukso-fondas","9":"pa_leidimo-metai-680","10":"pa_virselis-kietas","11":"desktop-align-left","12":"tablet-align-left","13":"mobile-align-left","15":"first","16":"instock","17":"shipping-taxable","18":"purchasable","19":"product-type-simple"},"acf":[],"yoast_head":"<!-- This site is optimized with the Yoast SEO plugin v27.0 - https:\/\/yoast.com\/product\/yoast-seo-wordpress\/ -->\n<title>Jack L. Chalker\u201eLilita\u201c (PFAF 71)<\/title>\n<meta name=\"description\" content=\"Ka\u017ekur i\u0161 Vardeno Deimanto planet\u0173 prie\u0161i\u0161ki ateiviai \u012fd\u0117miai stebi \u017dem\u0119. Ta\u010diau n\u0117ra jokios galimyb\u0117s i\u0161tirti \u0161iuos pasaulius, nes \u010dionyk\u0161\u010diai mikroorganizmai naikina bet koki\u0105 technik\u0105.  Negana to \u2013 ir \u017dmon\u0117s pabuvoj\u0119 Vardeno Deimante negali i\u0161 jo i\u0161tr\u016bkti. Tuomet konfederacijai tenka imtis itin drasti\u0161k\u0173 priemoni\u0173...\" \/>\n<meta name=\"robots\" content=\"index, follow, max-snippet:-1, max-image-preview:large, max-video-preview:-1\" \/>\n<link rel=\"canonical\" href=\"https:\/\/skaitytaknyga.lt\/en\/produktas\/jack-l-chalkerlilita-pfaf-71\/\" \/>\n<meta property=\"og:locale\" content=\"en_GB\" \/>\n<meta property=\"og:locale:alternate\" content=\"lt_LT\" \/>\n<meta property=\"og:type\" content=\"article\" \/>\n<meta property=\"og:title\" content=\"Jack L. Chalker\u201eLilita\u201c (PFAF 71)\" \/>\n<meta property=\"og:description\" content=\"Ka\u017ekur i\u0161 Vardeno Deimanto planet\u0173 prie\u0161i\u0161ki ateiviai \u012fd\u0117miai stebi \u017dem\u0119. Ta\u010diau n\u0117ra jokios galimyb\u0117s i\u0161tirti \u0161iuos pasaulius, nes \u010dionyk\u0161\u010diai mikroorganizmai naikina bet koki\u0105 technik\u0105.  Negana to \u2013 ir \u017dmon\u0117s pabuvoj\u0119 Vardeno Deimante negali i\u0161 jo i\u0161tr\u016bkti. Tuomet konfederacijai tenka imtis itin drasti\u0161k\u0173 priemoni\u0173...\" \/>\n<meta property=\"og:url\" content=\"https:\/\/skaitytaknyga.lt\/en\/produktas\/jack-l-chalkerlilita-pfaf-71\/\" \/>\n<meta property=\"og:site_name\" content=\"Skaitytaknyga\" \/>\n<meta property=\"article:publisher\" content=\"https:\/\/www.facebook.com\/skaitytaknyga\/\" \/>\n<meta property=\"article:modified_time\" content=\"2024-07-15T06:57:25+00:00\" \/>\n<meta property=\"og:image\" content=\"https:\/\/skaitytaknyga.lt\/wp-content\/uploads\/2024\/05\/sf71.png\" \/>\n\t<meta property=\"og:image:width\" content=\"232\" \/>\n\t<meta property=\"og:image:height\" content=\"363\" \/>\n\t<meta property=\"og:image:type\" content=\"image\/png\" \/>\n<meta name=\"twitter:card\" content=\"summary_large_image\" \/>\n<script type=\"application\/ld+json\" class=\"yoast-schema-graph\">{\"@context\":\"https:\/\/schema.org\",\"@graph\":[{\"@type\":\"WebPage\",\"@id\":\"https:\/\/skaitytaknyga.lt\/produktas\/jack-l-chalkerlilita-pfaf-71\/\",\"url\":\"https:\/\/skaitytaknyga.lt\/produktas\/jack-l-chalkerlilita-pfaf-71\/\",\"name\":\"Jack L. Chalker\u201eLilita\u201c (PFAF 71)\",\"isPartOf\":{\"@id\":\"https:\/\/skaitytaknyga.lt\/#website\"},\"primaryImageOfPage\":{\"@id\":\"https:\/\/skaitytaknyga.lt\/produktas\/jack-l-chalkerlilita-pfaf-71\/#primaryimage\"},\"image\":{\"@id\":\"https:\/\/skaitytaknyga.lt\/produktas\/jack-l-chalkerlilita-pfaf-71\/#primaryimage\"},\"thumbnailUrl\":\"https:\/\/skaitytaknyga.lt\/wp-content\/uploads\/2024\/05\/sf71.png\",\"datePublished\":\"2024-05-04T19:24:20+00:00\",\"dateModified\":\"2024-07-15T06:57:25+00:00\",\"description\":\"Ka\u017ekur i\u0161 Vardeno Deimanto planet\u0173 prie\u0161i\u0161ki ateiviai \u012fd\u0117miai stebi \u017dem\u0119. Ta\u010diau n\u0117ra jokios galimyb\u0117s i\u0161tirti \u0161iuos pasaulius, nes \u010dionyk\u0161\u010diai mikroorganizmai naikina bet koki\u0105 technik\u0105. Negana to \u2013 ir \u017dmon\u0117s pabuvoj\u0119 Vardeno Deimante negali i\u0161 jo i\u0161tr\u016bkti. Tuomet konfederacijai tenka imtis itin drasti\u0161k\u0173 priemoni\u0173...\",\"breadcrumb\":{\"@id\":\"https:\/\/skaitytaknyga.lt\/produktas\/jack-l-chalkerlilita-pfaf-71\/#breadcrumb\"},\"inLanguage\":\"en-GB\",\"potentialAction\":[{\"@type\":\"ReadAction\",\"target\":[\"https:\/\/skaitytaknyga.lt\/produktas\/jack-l-chalkerlilita-pfaf-71\/\"]}]},{\"@type\":\"ImageObject\",\"inLanguage\":\"en-GB\",\"@id\":\"https:\/\/skaitytaknyga.lt\/produktas\/jack-l-chalkerlilita-pfaf-71\/#primaryimage\",\"url\":\"https:\/\/skaitytaknyga.lt\/wp-content\/uploads\/2024\/05\/sf71.png\",\"contentUrl\":\"https:\/\/skaitytaknyga.lt\/wp-content\/uploads\/2024\/05\/sf71.png\",\"width\":232,\"height\":363},{\"@type\":\"BreadcrumbList\",\"@id\":\"https:\/\/skaitytaknyga.lt\/produktas\/jack-l-chalkerlilita-pfaf-71\/#breadcrumb\",\"itemListElement\":[{\"@type\":\"ListItem\",\"position\":1,\"name\":\"Home\",\"item\":\"https:\/\/skaitytaknyga.lt\/\"},{\"@type\":\"ListItem\",\"position\":2,\"name\":\"Parduotuv\u0117\",\"item\":\"https:\/\/skaitytaknyga.lt\/knygu-parduotuve\/\"},{\"@type\":\"ListItem\",\"position\":3,\"name\":\"Jack L. Chalker\u201eLilita\u201c (PFAF 71)\"}]},{\"@type\":\"WebSite\",\"@id\":\"https:\/\/skaitytaknyga.lt\/#website\",\"url\":\"https:\/\/skaitytaknyga.lt\/\",\"name\":\"skaitytaknyga.lt\",\"description\":\"Skaitytaknyga.lt \u2013 tai ma\u017eas \u0161eimos verslas, kuris prasid\u0117jo nuo meil\u0117s knygoms ir siekio i\u0161gelb\u0117ti knygas nuo likimo prie konteinerio. Kas vienam nereikalingas daiktas \u2013 kitam lobis, o mes esame tarpininkai, kurie padeda abiems tapti laimingesniems ???? \u017dinome kaip nelengva i\u0161gyventi ma\u017eiems verslams, tad nuo \u0161iol, \u010dia rasite ir kit\u0173, ma\u017e\u0173 \u0161eim\u0173 versl\u0173, rank\u0173 darbo, dovan\u0173 sau ir artimiesiems.\",\"publisher\":{\"@id\":\"https:\/\/skaitytaknyga.lt\/#organization\"},\"potentialAction\":[{\"@type\":\"SearchAction\",\"target\":{\"@type\":\"EntryPoint\",\"urlTemplate\":\"https:\/\/skaitytaknyga.lt\/?s={search_term_string}\"},\"query-input\":{\"@type\":\"PropertyValueSpecification\",\"valueRequired\":true,\"valueName\":\"search_term_string\"}}],\"inLanguage\":\"en-GB\"},{\"@type\":\"Organization\",\"@id\":\"https:\/\/skaitytaknyga.lt\/#organization\",\"name\":\"skaitytaknyga.lt\",\"url\":\"https:\/\/skaitytaknyga.lt\/\",\"logo\":{\"@type\":\"ImageObject\",\"inLanguage\":\"en-GB\",\"@id\":\"https:\/\/skaitytaknyga.lt\/#\/schema\/logo\/image\/\",\"url\":\"https:\/\/skaitytaknyga.lt\/wp-content\/uploads\/2024\/05\/cropped-cropped-cropped-02_00843_jt3bggkj1j3HLc7SyY6rEUpg.jpeg\",\"contentUrl\":\"https:\/\/skaitytaknyga.lt\/wp-content\/uploads\/2024\/05\/cropped-cropped-cropped-02_00843_jt3bggkj1j3HLc7SyY6rEUpg.jpeg\",\"width\":1600,\"height\":1600,\"caption\":\"skaitytaknyga.lt\"},\"image\":{\"@id\":\"https:\/\/skaitytaknyga.lt\/#\/schema\/logo\/image\/\"},\"sameAs\":[\"https:\/\/www.facebook.com\/skaitytaknyga\/\"]}]}<\/script>\n<!-- \/ Yoast SEO plugin. -->","yoast_head_json":{"title":"Jack L. Chalker\u201eLilita\u201c (PFAF 71)","description":"Ka\u017ekur i\u0161 Vardeno Deimanto planet\u0173 prie\u0161i\u0161ki ateiviai \u012fd\u0117miai stebi \u017dem\u0119. Ta\u010diau n\u0117ra jokios galimyb\u0117s i\u0161tirti \u0161iuos pasaulius, nes \u010dionyk\u0161\u010diai mikroorganizmai naikina bet koki\u0105 technik\u0105.  Negana to \u2013 ir \u017dmon\u0117s pabuvoj\u0119 Vardeno Deimante negali i\u0161 jo i\u0161tr\u016bkti. Tuomet konfederacijai tenka imtis itin drasti\u0161k\u0173 priemoni\u0173...","robots":{"index":"index","follow":"follow","max-snippet":"max-snippet:-1","max-image-preview":"max-image-preview:large","max-video-preview":"max-video-preview:-1"},"canonical":"https:\/\/skaitytaknyga.lt\/en\/produktas\/jack-l-chalkerlilita-pfaf-71\/","og_locale":"en_GB","og_type":"article","og_title":"[:lt]Jack L. Chalker\u201eLilita\u201c (PFAF 71)[:] - Skaitytaknyga","og_description":"Ka\u017ekur i\u0161 Vardeno Deimanto planet\u0173 prie\u0161i\u0161ki ateiviai \u012fd\u0117miai stebi \u017dem\u0119. Ta\u010diau n\u0117ra jokios galimyb\u0117s i\u0161tirti \u0161iuos pasaulius, nes \u010dionyk\u0161\u010diai mikroorganizmai naikina bet koki\u0105 technik\u0105.  Negana to \u2013 ir \u017dmon\u0117s pabuvoj\u0119 Vardeno Deimante negali i\u0161 jo i\u0161tr\u016bkti. Tuomet konfederacijai tenka imtis itin drasti\u0161k\u0173 priemoni\u0173...","og_url":"https:\/\/skaitytaknyga.lt\/en\/produktas\/jack-l-chalkerlilita-pfaf-71\/","og_site_name":"Skaitytaknyga","article_publisher":"https:\/\/www.facebook.com\/skaitytaknyga\/","article_modified_time":"2024-07-15T06:57:25+00:00","og_image":[{"width":232,"height":363,"url":"https:\/\/skaitytaknyga.lt\/wp-content\/uploads\/2024\/05\/sf71.png","type":"image\/png"}],"twitter_card":"summary_large_image","schema":{"@context":"https:\/\/schema.org","@graph":[{"@type":"WebPage","@id":"https:\/\/skaitytaknyga.lt\/produktas\/jack-l-chalkerlilita-pfaf-71\/","url":"https:\/\/skaitytaknyga.lt\/produktas\/jack-l-chalkerlilita-pfaf-71\/","name":"Jack L. Chalker\u201eLilita\u201c (PFAF 71)","isPartOf":{"@id":"https:\/\/skaitytaknyga.lt\/#website"},"primaryImageOfPage":{"@id":"https:\/\/skaitytaknyga.lt\/produktas\/jack-l-chalkerlilita-pfaf-71\/#primaryimage"},"image":{"@id":"https:\/\/skaitytaknyga.lt\/produktas\/jack-l-chalkerlilita-pfaf-71\/#primaryimage"},"thumbnailUrl":"https:\/\/skaitytaknyga.lt\/wp-content\/uploads\/2024\/05\/sf71.png","datePublished":"2024-05-04T19:24:20+00:00","dateModified":"2024-07-15T06:57:25+00:00","description":"Ka\u017ekur i\u0161 Vardeno Deimanto planet\u0173 prie\u0161i\u0161ki ateiviai \u012fd\u0117miai stebi \u017dem\u0119. Ta\u010diau n\u0117ra jokios galimyb\u0117s i\u0161tirti \u0161iuos pasaulius, nes \u010dionyk\u0161\u010diai mikroorganizmai naikina bet koki\u0105 technik\u0105. Negana to \u2013 ir \u017dmon\u0117s pabuvoj\u0119 Vardeno Deimante negali i\u0161 jo i\u0161tr\u016bkti. Tuomet konfederacijai tenka imtis itin drasti\u0161k\u0173 priemoni\u0173...","breadcrumb":{"@id":"https:\/\/skaitytaknyga.lt\/produktas\/jack-l-chalkerlilita-pfaf-71\/#breadcrumb"},"inLanguage":"en-GB","potentialAction":[{"@type":"ReadAction","target":["https:\/\/skaitytaknyga.lt\/produktas\/jack-l-chalkerlilita-pfaf-71\/"]}]},{"@type":"ImageObject","inLanguage":"en-GB","@id":"https:\/\/skaitytaknyga.lt\/produktas\/jack-l-chalkerlilita-pfaf-71\/#primaryimage","url":"https:\/\/skaitytaknyga.lt\/wp-content\/uploads\/2024\/05\/sf71.png","contentUrl":"https:\/\/skaitytaknyga.lt\/wp-content\/uploads\/2024\/05\/sf71.png","width":232,"height":363},{"@type":"BreadcrumbList","@id":"https:\/\/skaitytaknyga.lt\/produktas\/jack-l-chalkerlilita-pfaf-71\/#breadcrumb","itemListElement":[{"@type":"ListItem","position":1,"name":"Home","item":"https:\/\/skaitytaknyga.lt\/"},{"@type":"ListItem","position":2,"name":"Parduotuv\u0117","item":"https:\/\/skaitytaknyga.lt\/knygu-parduotuve\/"},{"@type":"ListItem","position":3,"name":"Jack L. Chalker\u201eLilita\u201c (PFAF 71)"}]},{"@type":"WebSite","@id":"https:\/\/skaitytaknyga.lt\/#website","url":"https:\/\/skaitytaknyga.lt\/","name":"skaitytaknyga.lt","description":"Skaitytaknyga.lt \u2013 tai ma\u017eas \u0161eimos verslas, kuris prasid\u0117jo nuo meil\u0117s knygoms ir siekio i\u0161gelb\u0117ti knygas nuo likimo prie konteinerio. Kas vienam nereikalingas daiktas \u2013 kitam lobis, o mes esame tarpininkai, kurie padeda abiems tapti laimingesniems ???? \u017dinome kaip nelengva i\u0161gyventi ma\u017eiems verslams, tad nuo \u0161iol, \u010dia rasite ir kit\u0173, ma\u017e\u0173 \u0161eim\u0173 versl\u0173, rank\u0173 darbo, dovan\u0173 sau ir artimiesiems.","publisher":{"@id":"https:\/\/skaitytaknyga.lt\/#organization"},"potentialAction":[{"@type":"SearchAction","target":{"@type":"EntryPoint","urlTemplate":"https:\/\/skaitytaknyga.lt\/?s={search_term_string}"},"query-input":{"@type":"PropertyValueSpecification","valueRequired":true,"valueName":"search_term_string"}}],"inLanguage":"en-GB"},{"@type":"Organization","@id":"https:\/\/skaitytaknyga.lt\/#organization","name":"skaitytaknyga.lt","url":"https:\/\/skaitytaknyga.lt\/","logo":{"@type":"ImageObject","inLanguage":"en-GB","@id":"https:\/\/skaitytaknyga.lt\/#\/schema\/logo\/image\/","url":"https:\/\/skaitytaknyga.lt\/wp-content\/uploads\/2024\/05\/cropped-cropped-cropped-02_00843_jt3bggkj1j3HLc7SyY6rEUpg.jpeg","contentUrl":"https:\/\/skaitytaknyga.lt\/wp-content\/uploads\/2024\/05\/cropped-cropped-cropped-02_00843_jt3bggkj1j3HLc7SyY6rEUpg.jpeg","width":1600,"height":1600,"caption":"skaitytaknyga.lt"},"image":{"@id":"https:\/\/skaitytaknyga.lt\/#\/schema\/logo\/image\/"},"sameAs":["https:\/\/www.facebook.com\/skaitytaknyga\/"]}]}},"_links":{"self":[{"href":"https:\/\/skaitytaknyga.lt\/en\/wp-json\/wp\/v2\/product\/11007","targetHints":{"allow":["GET"]}}],"collection":[{"href":"https:\/\/skaitytaknyga.lt\/en\/wp-json\/wp\/v2\/product"}],"about":[{"href":"https:\/\/skaitytaknyga.lt\/en\/wp-json\/wp\/v2\/types\/product"}],"replies":[{"embeddable":true,"href":"https:\/\/skaitytaknyga.lt\/en\/wp-json\/wp\/v2\/comments?post=11007"}],"wp:featuredmedia":[{"embeddable":true,"href":"https:\/\/skaitytaknyga.lt\/en\/wp-json\/wp\/v2\/media\/11044"}],"wp:attachment":[{"href":"https:\/\/skaitytaknyga.lt\/en\/wp-json\/wp\/v2\/media?parent=11007"}],"wp:term":[{"taxonomy":"product_brand","embeddable":true,"href":"https:\/\/skaitytaknyga.lt\/en\/wp-json\/wp\/v2\/product_brand?post=11007"},{"taxonomy":"product_cat","embeddable":true,"href":"https:\/\/skaitytaknyga.lt\/en\/wp-json\/wp\/v2\/product_cat?post=11007"},{"taxonomy":"product_tag","embeddable":true,"href":"https:\/\/skaitytaknyga.lt\/en\/wp-json\/wp\/v2\/product_tag?post=11007"}],"curies":[{"name":"wp","href":"https:\/\/api.w.org\/{rel}","templated":true}]}}