{"id":11006,"date":"2024-05-04T19:24:20","date_gmt":"2024-05-04T19:24:20","guid":{"rendered":"https:\/\/skaitytaknyga.lt\/?post_type=product&#038;p=11006"},"modified":"2026-03-18T14:59:54","modified_gmt":"2026-03-18T12:59:54","slug":"zmogus-iveikes-rusija-yra-skaitymo-zymiu-nedideliu-defektu","status":"publish","type":"product","link":"https:\/\/skaitytaknyga.lt\/en\/produktas\/zmogus-iveikes-rusija-yra-skaitymo-zymiu-nedideliu-defektu\/","title":{"rendered":"\u017dmogus, \u012fveik\u0119s Rusij\u0105 (yra skaitymo \u017eymi\u0173, nedideli\u0173 defekt\u0173)"},"content":{"rendered":"<p>Mar\u0161alas\u00a0<strong>Carlas Gustafas Mannerheimas<\/strong>\u00a0(1867\u20131951) yra viena i\u0161 \u012fsp\u016bdingiausi\u0173 XX a. asmenybi\u0173 ir i\u0161skirtinis karininkas, dalyvav\u0119s visuose did\u017eiausiuose XX a. pirmosios pus\u0117s konfliktuose: rus\u0173 ir japon\u0173, soviet\u0173 ir suomi\u0173, Pirmajame ir Antrajame pasauliniuose karuose. Jis i\u0161vijo i\u0161 gimtin\u0117s bol\u0161evikus ir i\u0161kovojo jai nepriklausomyb\u0119, jo iniciatyva pastatyti Manerheimo linija vadinami \u012ftvirtinimai, kurie apsaugojo Suomij\u0105 nuo Lietuvos, Latvijos ir Estijos likimo \u2013 soviet\u0173 okupacijos.<\/p>\n","protected":false},"excerpt":{"rendered":"<p>Mar\u0161alas\u00a0<strong>Carlas Gustafas Mannerheimas<\/strong>\u00a0(1867\u20131951) yra viena i\u0161 \u012fsp\u016bdingiausi\u0173 XX a. asmenybi\u0173 ir i\u0161skirtinis karininkas, dalyvav\u0119s visuose did\u017eiausiuose XX a. pirmosios pus\u0117s konfliktuose: rus\u0173 ir japon\u0173, soviet\u0173 ir suomi\u0173, Pirmajame ir Antrajame pasauliniuose karuose. Jis i\u0161vijo i\u0161 gimtin\u0117s bol\u0161evikus ir i\u0161kovojo jai nepriklausomyb\u0119, jo iniciatyva pastatyti Manerheimo linija vadinami \u012ftvirtinimai, kurie apsaugojo Suomij\u0105 nuo Lietuvos, Latvijos ir Estijos likimo \u2013 soviet\u0173 okupacijos.<\/p>\n","protected":false},"featured_media":11038,"comment_status":"closed","ping_status":"closed","template":"","meta":{"_acf_changed":false,"site-sidebar-layout":"default","site-content-layout":"","ast-site-content-layout":"default","site-content-style":"default","site-sidebar-style":"default","ast-global-header-display":"","ast-banner-title-visibility":"","ast-main-header-display":"","ast-hfb-above-header-display":"","ast-hfb-below-header-display":"","ast-hfb-mobile-header-display":"","site-post-title":"","ast-breadcrumbs-content":"","ast-featured-img":"","footer-sml-layout":"","ast-disable-related-posts":"","theme-transparent-header-meta":"","adv-header-id-meta":"","stick-header-meta":"","header-above-stick-meta":"","header-main-stick-meta":"","header-below-stick-meta":"","astra-migrate-meta-layouts":"default","ast-page-background-enabled":"default","ast-page-background-meta":{"desktop":{"background-color":"","background-image":"","background-repeat":"repeat","background-position":"center center","background-size":"auto","background-attachment":"scroll","background-type":"","background-media":"","overlay-type":"","overlay-color":"","overlay-opacity":"","overlay-gradient":""},"tablet":{"background-color":"","background-image":"","background-repeat":"repeat","background-position":"center center","background-size":"auto","background-attachment":"scroll","background-type":"","background-media":"","overlay-type":"","overlay-color":"","overlay-opacity":"","overlay-gradient":""},"mobile":{"background-color":"","background-image":"","background-repeat":"repeat","background-position":"center center","background-size":"auto","background-attachment":"scroll","background-type":"","background-media":"","overlay-type":"","overlay-color":"","overlay-opacity":"","overlay-gradient":""}},"ast-content-background-meta":{"desktop":{"background-color":"var(--ast-global-color-4)","background-image":"","background-repeat":"repeat","background-position":"center center","background-size":"auto","background-attachment":"scroll","background-type":"","background-media":"","overlay-type":"","overlay-color":"","overlay-opacity":"","overlay-gradient":""},"tablet":{"background-color":"var(--ast-global-color-4)","background-image":"","background-repeat":"repeat","background-position":"center center","background-size":"auto","background-attachment":"scroll","background-type":"","background-media":"","overlay-type":"","overlay-color":"","overlay-opacity":"","overlay-gradient":""},"mobile":{"background-color":"var(--ast-global-color-4)","background-image":"","background-repeat":"repeat","background-position":"center center","background-size":"auto","background-attachment":"scroll","background-type":"","background-media":"","overlay-type":"","overlay-color":"","overlay-opacity":"","overlay-gradient":""}}},"product_brand":[],"product_cat":[9864,9862,174],"product_tag":[],"class_list":{"0":"post-11006","1":"product","2":"type-product","3":"status-publish","4":"has-post-thumbnail","6":"product_cat-karo-istorija","7":"product_cat-lietuvos-istorija","8":"product_cat-istorija-ir-politologija","9":"pa_leidimo-metai-680","10":"desktop-align-left","11":"tablet-align-left","12":"mobile-align-left","14":"first","15":"outofstock","16":"shipping-taxable","17":"purchasable","18":"product-type-simple"},"acf":[],"yoast_head":"<!-- This site is optimized with the Yoast SEO plugin v27.0 - https:\/\/yoast.com\/product\/yoast-seo-wordpress\/ -->\n<title>\u017dmogus, \u012fveik\u0119s Rusij\u0105 (yra skaitymo \u017eymi\u0173, nedideli\u0173 defekt\u0173)<\/title>\n<meta name=\"description\" content=\"Mar\u0161alas\u00a0Carlas Gustafas Mannerheimas\u00a0(1867\u20131951) yra viena i\u0161 \u012fsp\u016bdingiausi\u0173 XX a. asmenybi\u0173 ir i\u0161skirtinis karininkas, dalyvav\u0119s visuose did\u017eiausiuose XX a. pirmosios pus\u0117s konfliktuose: rus\u0173 ir japon\u0173, soviet\u0173 ir suomi\u0173, Pirmajame ir Antrajame pasauliniuose karuose. Jis i\u0161vijo i\u0161 gimtin\u0117s bol\u0161evikus ir i\u0161kovojo jai nepriklausomyb\u0119, jo iniciatyva pastatyti Manerheimo linija vadinami \u012ftvirtinimai, kurie apsaugojo Suomij\u0105 nuo Lietuvos, Latvijos ir Estijos likimo \u2013 soviet\u0173 okupacijos.\" \/>\n<meta name=\"robots\" content=\"index, follow, max-snippet:-1, max-image-preview:large, max-video-preview:-1\" \/>\n<link rel=\"canonical\" href=\"https:\/\/skaitytaknyga.lt\/en\/produktas\/zmogus-iveikes-rusija-yra-skaitymo-zymiu-nedideliu-defektu\/\" \/>\n<meta property=\"og:locale\" content=\"en_GB\" \/>\n<meta property=\"og:locale:alternate\" content=\"lt_LT\" \/>\n<meta property=\"og:type\" content=\"article\" \/>\n<meta property=\"og:title\" content=\"\u017dmogus, \u012fveik\u0119s Rusij\u0105 (yra skaitymo \u017eymi\u0173, nedideli\u0173 defekt\u0173)\" \/>\n<meta property=\"og:description\" content=\"Mar\u0161alas\u00a0Carlas Gustafas Mannerheimas\u00a0(1867\u20131951) yra viena i\u0161 \u012fsp\u016bdingiausi\u0173 XX a. asmenybi\u0173 ir i\u0161skirtinis karininkas, dalyvav\u0119s visuose did\u017eiausiuose XX a. pirmosios pus\u0117s konfliktuose: rus\u0173 ir japon\u0173, soviet\u0173 ir suomi\u0173, Pirmajame ir Antrajame pasauliniuose karuose. Jis i\u0161vijo i\u0161 gimtin\u0117s bol\u0161evikus ir i\u0161kovojo jai nepriklausomyb\u0119, jo iniciatyva pastatyti Manerheimo linija vadinami \u012ftvirtinimai, kurie apsaugojo Suomij\u0105 nuo Lietuvos, Latvijos ir Estijos likimo \u2013 soviet\u0173 okupacijos.\" \/>\n<meta property=\"og:url\" content=\"https:\/\/skaitytaknyga.lt\/en\/produktas\/zmogus-iveikes-rusija-yra-skaitymo-zymiu-nedideliu-defektu\/\" \/>\n<meta property=\"og:site_name\" content=\"Skaitytaknyga\" \/>\n<meta property=\"article:publisher\" content=\"https:\/\/www.facebook.com\/skaitytaknyga\/\" \/>\n<meta property=\"article:modified_time\" content=\"2026-03-18T12:59:54+00:00\" \/>\n<meta property=\"og:image\" content=\"https:\/\/skaitytaknyga.lt\/wp-content\/uploads\/2024\/05\/zmogus-iveikes-rusija-e1682761374966.jpg\" \/>\n\t<meta property=\"og:image:width\" content=\"1060\" \/>\n\t<meta property=\"og:image:height\" content=\"1689\" \/>\n\t<meta property=\"og:image:type\" content=\"image\/jpeg\" \/>\n<meta name=\"twitter:card\" content=\"summary_large_image\" \/>\n<script type=\"application\/ld+json\" class=\"yoast-schema-graph\">{\"@context\":\"https:\/\/schema.org\",\"@graph\":[{\"@type\":\"WebPage\",\"@id\":\"https:\/\/skaitytaknyga.lt\/produktas\/zmogus-iveikes-rusija-yra-skaitymo-zymiu-nedideliu-defektu\/\",\"url\":\"https:\/\/skaitytaknyga.lt\/produktas\/zmogus-iveikes-rusija-yra-skaitymo-zymiu-nedideliu-defektu\/\",\"name\":\"\u017dmogus, \u012fveik\u0119s Rusij\u0105 (yra skaitymo \u017eymi\u0173, nedideli\u0173 defekt\u0173)\",\"isPartOf\":{\"@id\":\"https:\/\/skaitytaknyga.lt\/#website\"},\"primaryImageOfPage\":{\"@id\":\"https:\/\/skaitytaknyga.lt\/produktas\/zmogus-iveikes-rusija-yra-skaitymo-zymiu-nedideliu-defektu\/#primaryimage\"},\"image\":{\"@id\":\"https:\/\/skaitytaknyga.lt\/produktas\/zmogus-iveikes-rusija-yra-skaitymo-zymiu-nedideliu-defektu\/#primaryimage\"},\"thumbnailUrl\":\"https:\/\/skaitytaknyga.lt\/wp-content\/uploads\/2024\/05\/zmogus-iveikes-rusija-e1682761374966.jpg\",\"datePublished\":\"2024-05-04T19:24:20+00:00\",\"dateModified\":\"2026-03-18T12:59:54+00:00\",\"description\":\"Mar\u0161alas\u00a0Carlas Gustafas Mannerheimas\u00a0(1867\u20131951) yra viena i\u0161 \u012fsp\u016bdingiausi\u0173 XX a. asmenybi\u0173 ir i\u0161skirtinis karininkas, dalyvav\u0119s visuose did\u017eiausiuose XX a. pirmosios pus\u0117s konfliktuose: rus\u0173 ir japon\u0173, soviet\u0173 ir suomi\u0173, Pirmajame ir Antrajame pasauliniuose karuose. Jis i\u0161vijo i\u0161 gimtin\u0117s bol\u0161evikus ir i\u0161kovojo jai nepriklausomyb\u0119, jo iniciatyva pastatyti Manerheimo linija vadinami \u012ftvirtinimai, kurie apsaugojo Suomij\u0105 nuo Lietuvos, Latvijos ir Estijos likimo \u2013 soviet\u0173 okupacijos.\",\"breadcrumb\":{\"@id\":\"https:\/\/skaitytaknyga.lt\/produktas\/zmogus-iveikes-rusija-yra-skaitymo-zymiu-nedideliu-defektu\/#breadcrumb\"},\"inLanguage\":\"en-GB\",\"potentialAction\":[{\"@type\":\"ReadAction\",\"target\":[\"https:\/\/skaitytaknyga.lt\/produktas\/zmogus-iveikes-rusija-yra-skaitymo-zymiu-nedideliu-defektu\/\"]}]},{\"@type\":\"ImageObject\",\"inLanguage\":\"en-GB\",\"@id\":\"https:\/\/skaitytaknyga.lt\/produktas\/zmogus-iveikes-rusija-yra-skaitymo-zymiu-nedideliu-defektu\/#primaryimage\",\"url\":\"https:\/\/skaitytaknyga.lt\/wp-content\/uploads\/2024\/05\/zmogus-iveikes-rusija-e1682761374966.jpg\",\"contentUrl\":\"https:\/\/skaitytaknyga.lt\/wp-content\/uploads\/2024\/05\/zmogus-iveikes-rusija-e1682761374966.jpg\",\"width\":1060,\"height\":1689},{\"@type\":\"BreadcrumbList\",\"@id\":\"https:\/\/skaitytaknyga.lt\/produktas\/zmogus-iveikes-rusija-yra-skaitymo-zymiu-nedideliu-defektu\/#breadcrumb\",\"itemListElement\":[{\"@type\":\"ListItem\",\"position\":1,\"name\":\"Home\",\"item\":\"https:\/\/skaitytaknyga.lt\/\"},{\"@type\":\"ListItem\",\"position\":2,\"name\":\"Parduotuv\u0117\",\"item\":\"https:\/\/skaitytaknyga.lt\/knygu-parduotuve\/\"},{\"@type\":\"ListItem\",\"position\":3,\"name\":\"\u017dmogus, \u012fveik\u0119s Rusij\u0105 (yra skaitymo \u017eymi\u0173, nedideli\u0173 defekt\u0173)\"}]},{\"@type\":\"WebSite\",\"@id\":\"https:\/\/skaitytaknyga.lt\/#website\",\"url\":\"https:\/\/skaitytaknyga.lt\/\",\"name\":\"skaitytaknyga.lt\",\"description\":\"Skaitytaknyga.lt \u2013 tai ma\u017eas \u0161eimos verslas, kuris prasid\u0117jo nuo meil\u0117s knygoms ir siekio i\u0161gelb\u0117ti knygas nuo likimo prie konteinerio. Kas vienam nereikalingas daiktas \u2013 kitam lobis, o mes esame tarpininkai, kurie padeda abiems tapti laimingesniems ???? \u017dinome kaip nelengva i\u0161gyventi ma\u017eiems verslams, tad nuo \u0161iol, \u010dia rasite ir kit\u0173, ma\u017e\u0173 \u0161eim\u0173 versl\u0173, rank\u0173 darbo, dovan\u0173 sau ir artimiesiems.\",\"publisher\":{\"@id\":\"https:\/\/skaitytaknyga.lt\/#organization\"},\"potentialAction\":[{\"@type\":\"SearchAction\",\"target\":{\"@type\":\"EntryPoint\",\"urlTemplate\":\"https:\/\/skaitytaknyga.lt\/?s={search_term_string}\"},\"query-input\":{\"@type\":\"PropertyValueSpecification\",\"valueRequired\":true,\"valueName\":\"search_term_string\"}}],\"inLanguage\":\"en-GB\"},{\"@type\":\"Organization\",\"@id\":\"https:\/\/skaitytaknyga.lt\/#organization\",\"name\":\"skaitytaknyga.lt\",\"url\":\"https:\/\/skaitytaknyga.lt\/\",\"logo\":{\"@type\":\"ImageObject\",\"inLanguage\":\"en-GB\",\"@id\":\"https:\/\/skaitytaknyga.lt\/#\/schema\/logo\/image\/\",\"url\":\"https:\/\/skaitytaknyga.lt\/wp-content\/uploads\/2024\/05\/cropped-cropped-cropped-02_00843_jt3bggkj1j3HLc7SyY6rEUpg.jpeg\",\"contentUrl\":\"https:\/\/skaitytaknyga.lt\/wp-content\/uploads\/2024\/05\/cropped-cropped-cropped-02_00843_jt3bggkj1j3HLc7SyY6rEUpg.jpeg\",\"width\":1600,\"height\":1600,\"caption\":\"skaitytaknyga.lt\"},\"image\":{\"@id\":\"https:\/\/skaitytaknyga.lt\/#\/schema\/logo\/image\/\"},\"sameAs\":[\"https:\/\/www.facebook.com\/skaitytaknyga\/\"]}]}<\/script>\n<!-- \/ Yoast SEO plugin. -->","yoast_head_json":{"title":"\u017dmogus, \u012fveik\u0119s Rusij\u0105 (yra skaitymo \u017eymi\u0173, nedideli\u0173 defekt\u0173)","description":"Mar\u0161alas\u00a0Carlas Gustafas Mannerheimas\u00a0(1867\u20131951) yra viena i\u0161 \u012fsp\u016bdingiausi\u0173 XX a. asmenybi\u0173 ir i\u0161skirtinis karininkas, dalyvav\u0119s visuose did\u017eiausiuose XX a. pirmosios pus\u0117s konfliktuose: rus\u0173 ir japon\u0173, soviet\u0173 ir suomi\u0173, Pirmajame ir Antrajame pasauliniuose karuose. Jis i\u0161vijo i\u0161 gimtin\u0117s bol\u0161evikus ir i\u0161kovojo jai nepriklausomyb\u0119, jo iniciatyva pastatyti Manerheimo linija vadinami \u012ftvirtinimai, kurie apsaugojo Suomij\u0105 nuo Lietuvos, Latvijos ir Estijos likimo \u2013 soviet\u0173 okupacijos.","robots":{"index":"index","follow":"follow","max-snippet":"max-snippet:-1","max-image-preview":"max-image-preview:large","max-video-preview":"max-video-preview:-1"},"canonical":"https:\/\/skaitytaknyga.lt\/en\/produktas\/zmogus-iveikes-rusija-yra-skaitymo-zymiu-nedideliu-defektu\/","og_locale":"en_GB","og_type":"article","og_title":"[:lt]\u017dmogus, \u012fveik\u0119s Rusij\u0105 (yra skaitymo \u017eymi\u0173, nedideli\u0173 defekt\u0173)[:] - Skaitytaknyga","og_description":"Mar\u0161alas\u00a0Carlas Gustafas Mannerheimas\u00a0(1867\u20131951) yra viena i\u0161 \u012fsp\u016bdingiausi\u0173 XX a. asmenybi\u0173 ir i\u0161skirtinis karininkas, dalyvav\u0119s visuose did\u017eiausiuose XX a. pirmosios pus\u0117s konfliktuose: rus\u0173 ir japon\u0173, soviet\u0173 ir suomi\u0173, Pirmajame ir Antrajame pasauliniuose karuose. Jis i\u0161vijo i\u0161 gimtin\u0117s bol\u0161evikus ir i\u0161kovojo jai nepriklausomyb\u0119, jo iniciatyva pastatyti Manerheimo linija vadinami \u012ftvirtinimai, kurie apsaugojo Suomij\u0105 nuo Lietuvos, Latvijos ir Estijos likimo \u2013 soviet\u0173 okupacijos.","og_url":"https:\/\/skaitytaknyga.lt\/en\/produktas\/zmogus-iveikes-rusija-yra-skaitymo-zymiu-nedideliu-defektu\/","og_site_name":"Skaitytaknyga","article_publisher":"https:\/\/www.facebook.com\/skaitytaknyga\/","article_modified_time":"2026-03-18T12:59:54+00:00","og_image":[{"width":1060,"height":1689,"url":"https:\/\/skaitytaknyga.lt\/wp-content\/uploads\/2024\/05\/zmogus-iveikes-rusija-e1682761374966.jpg","type":"image\/jpeg"}],"twitter_card":"summary_large_image","schema":{"@context":"https:\/\/schema.org","@graph":[{"@type":"WebPage","@id":"https:\/\/skaitytaknyga.lt\/produktas\/zmogus-iveikes-rusija-yra-skaitymo-zymiu-nedideliu-defektu\/","url":"https:\/\/skaitytaknyga.lt\/produktas\/zmogus-iveikes-rusija-yra-skaitymo-zymiu-nedideliu-defektu\/","name":"\u017dmogus, \u012fveik\u0119s Rusij\u0105 (yra skaitymo \u017eymi\u0173, nedideli\u0173 defekt\u0173)","isPartOf":{"@id":"https:\/\/skaitytaknyga.lt\/#website"},"primaryImageOfPage":{"@id":"https:\/\/skaitytaknyga.lt\/produktas\/zmogus-iveikes-rusija-yra-skaitymo-zymiu-nedideliu-defektu\/#primaryimage"},"image":{"@id":"https:\/\/skaitytaknyga.lt\/produktas\/zmogus-iveikes-rusija-yra-skaitymo-zymiu-nedideliu-defektu\/#primaryimage"},"thumbnailUrl":"https:\/\/skaitytaknyga.lt\/wp-content\/uploads\/2024\/05\/zmogus-iveikes-rusija-e1682761374966.jpg","datePublished":"2024-05-04T19:24:20+00:00","dateModified":"2026-03-18T12:59:54+00:00","description":"Mar\u0161alas\u00a0Carlas Gustafas Mannerheimas\u00a0(1867\u20131951) yra viena i\u0161 \u012fsp\u016bdingiausi\u0173 XX a. asmenybi\u0173 ir i\u0161skirtinis karininkas, dalyvav\u0119s visuose did\u017eiausiuose XX a. pirmosios pus\u0117s konfliktuose: rus\u0173 ir japon\u0173, soviet\u0173 ir suomi\u0173, Pirmajame ir Antrajame pasauliniuose karuose. Jis i\u0161vijo i\u0161 gimtin\u0117s bol\u0161evikus ir i\u0161kovojo jai nepriklausomyb\u0119, jo iniciatyva pastatyti Manerheimo linija vadinami \u012ftvirtinimai, kurie apsaugojo Suomij\u0105 nuo Lietuvos, Latvijos ir Estijos likimo \u2013 soviet\u0173 okupacijos.","breadcrumb":{"@id":"https:\/\/skaitytaknyga.lt\/produktas\/zmogus-iveikes-rusija-yra-skaitymo-zymiu-nedideliu-defektu\/#breadcrumb"},"inLanguage":"en-GB","potentialAction":[{"@type":"ReadAction","target":["https:\/\/skaitytaknyga.lt\/produktas\/zmogus-iveikes-rusija-yra-skaitymo-zymiu-nedideliu-defektu\/"]}]},{"@type":"ImageObject","inLanguage":"en-GB","@id":"https:\/\/skaitytaknyga.lt\/produktas\/zmogus-iveikes-rusija-yra-skaitymo-zymiu-nedideliu-defektu\/#primaryimage","url":"https:\/\/skaitytaknyga.lt\/wp-content\/uploads\/2024\/05\/zmogus-iveikes-rusija-e1682761374966.jpg","contentUrl":"https:\/\/skaitytaknyga.lt\/wp-content\/uploads\/2024\/05\/zmogus-iveikes-rusija-e1682761374966.jpg","width":1060,"height":1689},{"@type":"BreadcrumbList","@id":"https:\/\/skaitytaknyga.lt\/produktas\/zmogus-iveikes-rusija-yra-skaitymo-zymiu-nedideliu-defektu\/#breadcrumb","itemListElement":[{"@type":"ListItem","position":1,"name":"Home","item":"https:\/\/skaitytaknyga.lt\/"},{"@type":"ListItem","position":2,"name":"Parduotuv\u0117","item":"https:\/\/skaitytaknyga.lt\/knygu-parduotuve\/"},{"@type":"ListItem","position":3,"name":"\u017dmogus, \u012fveik\u0119s Rusij\u0105 (yra skaitymo \u017eymi\u0173, nedideli\u0173 defekt\u0173)"}]},{"@type":"WebSite","@id":"https:\/\/skaitytaknyga.lt\/#website","url":"https:\/\/skaitytaknyga.lt\/","name":"skaitytaknyga.lt","description":"Skaitytaknyga.lt \u2013 tai ma\u017eas \u0161eimos verslas, kuris prasid\u0117jo nuo meil\u0117s knygoms ir siekio i\u0161gelb\u0117ti knygas nuo likimo prie konteinerio. Kas vienam nereikalingas daiktas \u2013 kitam lobis, o mes esame tarpininkai, kurie padeda abiems tapti laimingesniems ???? \u017dinome kaip nelengva i\u0161gyventi ma\u017eiems verslams, tad nuo \u0161iol, \u010dia rasite ir kit\u0173, ma\u017e\u0173 \u0161eim\u0173 versl\u0173, rank\u0173 darbo, dovan\u0173 sau ir artimiesiems.","publisher":{"@id":"https:\/\/skaitytaknyga.lt\/#organization"},"potentialAction":[{"@type":"SearchAction","target":{"@type":"EntryPoint","urlTemplate":"https:\/\/skaitytaknyga.lt\/?s={search_term_string}"},"query-input":{"@type":"PropertyValueSpecification","valueRequired":true,"valueName":"search_term_string"}}],"inLanguage":"en-GB"},{"@type":"Organization","@id":"https:\/\/skaitytaknyga.lt\/#organization","name":"skaitytaknyga.lt","url":"https:\/\/skaitytaknyga.lt\/","logo":{"@type":"ImageObject","inLanguage":"en-GB","@id":"https:\/\/skaitytaknyga.lt\/#\/schema\/logo\/image\/","url":"https:\/\/skaitytaknyga.lt\/wp-content\/uploads\/2024\/05\/cropped-cropped-cropped-02_00843_jt3bggkj1j3HLc7SyY6rEUpg.jpeg","contentUrl":"https:\/\/skaitytaknyga.lt\/wp-content\/uploads\/2024\/05\/cropped-cropped-cropped-02_00843_jt3bggkj1j3HLc7SyY6rEUpg.jpeg","width":1600,"height":1600,"caption":"skaitytaknyga.lt"},"image":{"@id":"https:\/\/skaitytaknyga.lt\/#\/schema\/logo\/image\/"},"sameAs":["https:\/\/www.facebook.com\/skaitytaknyga\/"]}]}},"_links":{"self":[{"href":"https:\/\/skaitytaknyga.lt\/en\/wp-json\/wp\/v2\/product\/11006","targetHints":{"allow":["GET"]}}],"collection":[{"href":"https:\/\/skaitytaknyga.lt\/en\/wp-json\/wp\/v2\/product"}],"about":[{"href":"https:\/\/skaitytaknyga.lt\/en\/wp-json\/wp\/v2\/types\/product"}],"replies":[{"embeddable":true,"href":"https:\/\/skaitytaknyga.lt\/en\/wp-json\/wp\/v2\/comments?post=11006"}],"wp:featuredmedia":[{"embeddable":true,"href":"https:\/\/skaitytaknyga.lt\/en\/wp-json\/wp\/v2\/media\/11038"}],"wp:attachment":[{"href":"https:\/\/skaitytaknyga.lt\/en\/wp-json\/wp\/v2\/media?parent=11006"}],"wp:term":[{"taxonomy":"product_brand","embeddable":true,"href":"https:\/\/skaitytaknyga.lt\/en\/wp-json\/wp\/v2\/product_brand?post=11006"},{"taxonomy":"product_cat","embeddable":true,"href":"https:\/\/skaitytaknyga.lt\/en\/wp-json\/wp\/v2\/product_cat?post=11006"},{"taxonomy":"product_tag","embeddable":true,"href":"https:\/\/skaitytaknyga.lt\/en\/wp-json\/wp\/v2\/product_tag?post=11006"}],"curies":[{"name":"wp","href":"https:\/\/api.w.org\/{rel}","templated":true}]}}