{"id":10988,"date":"2024-05-04T19:23:19","date_gmt":"2024-05-04T19:23:19","guid":{"rendered":"https:\/\/skaitytaknyga.lt\/?post_type=product&#038;p=10988"},"modified":"2026-03-18T14:59:55","modified_gmt":"2026-03-18T12:59:55","slug":"karas-po-karo-war-after-war","status":"publish","type":"product","link":"https:\/\/skaitytaknyga.lt\/en\/produktas\/karas-po-karo-war-after-war\/","title":{"rendered":"Karas po karo\/ War after War"},"content":{"rendered":"<p>Katalogas parodos \u201eKaras po karo: ginkluotasis antisovietinis pasiprie\u0161inimas Lietuvoje 1944\u20131953 m.\u201c \/ Catalogue of the exhibition \u201eWar After War: the Armed Anti-Soviet Resistance in Lithuania in 1944\u20131953\u201c. Gausiai iliustruotame kataloge pasakojama partizaninio karo istorija, pateikiama informacijos apie partizanin\u012f pasiprie\u0161inim\u0105, kovas, spaud\u0105, sekinan\u010di\u0105 buit\u012f ir kasdienio gyvenimo akimirkas. Leidinyje atsispindi sud\u0117tinga partizan\u0173 pad\u0117tis, netektys ir atkaklus tik\u0117jimas Lietuvos laisve.<br \/>\nI\u0161leistas lietuvi\u0173 ir angl\u0173, \u0161ved\u0173 ir angl\u0173, vokie\u010di\u0173 ir angl\u0173 kalbomis.<\/p>\n","protected":false},"excerpt":{"rendered":"<p>Katalogas parodos \u201eKaras po karo: ginkluotasis antisovietinis pasiprie\u0161inimas Lietuvoje 1944\u20131953 m.\u201c \/ Catalogue of the exhibition \u201eWar After War: the Armed Anti-Soviet Resistance in Lithuania in 1944\u20131953\u201c. Gausiai iliustruotame kataloge pasakojama partizaninio karo istorija, pateikiama informacijos apie partizanin\u012f pasiprie\u0161inim\u0105, kovas, spaud\u0105, sekinan\u010di\u0105 buit\u012f ir kasdienio gyvenimo akimirkas. Leidinyje atsispindi sud\u0117tinga partizan\u0173 pad\u0117tis, netektys ir atkaklus tik\u0117jimas Lietuvos laisve.<br \/>\nI\u0161leistas lietuvi\u0173 ir angl\u0173, \u0161ved\u0173 ir angl\u0173, vokie\u010di\u0173 ir angl\u0173 kalbomis.<\/p>\n","protected":false},"featured_media":11027,"comment_status":"closed","ping_status":"closed","template":"","meta":{"_acf_changed":false,"site-sidebar-layout":"default","site-content-layout":"","ast-site-content-layout":"default","site-content-style":"default","site-sidebar-style":"default","ast-global-header-display":"","ast-banner-title-visibility":"","ast-main-header-display":"","ast-hfb-above-header-display":"","ast-hfb-below-header-display":"","ast-hfb-mobile-header-display":"","site-post-title":"","ast-breadcrumbs-content":"","ast-featured-img":"","footer-sml-layout":"","ast-disable-related-posts":"","theme-transparent-header-meta":"","adv-header-id-meta":"","stick-header-meta":"","header-above-stick-meta":"","header-main-stick-meta":"","header-below-stick-meta":"","astra-migrate-meta-layouts":"default","ast-page-background-enabled":"default","ast-page-background-meta":{"desktop":{"background-color":"","background-image":"","background-repeat":"repeat","background-position":"center center","background-size":"auto","background-attachment":"scroll","background-type":"","background-media":"","overlay-type":"","overlay-color":"","overlay-opacity":"","overlay-gradient":""},"tablet":{"background-color":"","background-image":"","background-repeat":"repeat","background-position":"center center","background-size":"auto","background-attachment":"scroll","background-type":"","background-media":"","overlay-type":"","overlay-color":"","overlay-opacity":"","overlay-gradient":""},"mobile":{"background-color":"","background-image":"","background-repeat":"repeat","background-position":"center center","background-size":"auto","background-attachment":"scroll","background-type":"","background-media":"","overlay-type":"","overlay-color":"","overlay-opacity":"","overlay-gradient":""}},"ast-content-background-meta":{"desktop":{"background-color":"var(--ast-global-color-4)","background-image":"","background-repeat":"repeat","background-position":"center center","background-size":"auto","background-attachment":"scroll","background-type":"","background-media":"","overlay-type":"","overlay-color":"","overlay-opacity":"","overlay-gradient":""},"tablet":{"background-color":"var(--ast-global-color-4)","background-image":"","background-repeat":"repeat","background-position":"center center","background-size":"auto","background-attachment":"scroll","background-type":"","background-media":"","overlay-type":"","overlay-color":"","overlay-opacity":"","overlay-gradient":""},"mobile":{"background-color":"var(--ast-global-color-4)","background-image":"","background-repeat":"repeat","background-position":"center center","background-size":"auto","background-attachment":"scroll","background-type":"","background-media":"","overlay-type":"","overlay-color":"","overlay-opacity":"","overlay-gradient":""}}},"product_brand":[],"product_cat":[174,9864,9862],"product_tag":[],"class_list":{"0":"post-10988","1":"product","2":"type-product","3":"status-publish","4":"has-post-thumbnail","6":"product_cat-istorija-ir-politologija","7":"product_cat-karo-istorija","8":"product_cat-lietuvos-istorija","9":"desktop-align-left","10":"tablet-align-left","11":"mobile-align-left","13":"first","14":"instock","15":"shipping-taxable","16":"purchasable","17":"product-type-simple"},"acf":[],"yoast_head":"<!-- This site is optimized with the Yoast SEO plugin v27.4 - https:\/\/yoast.com\/product\/yoast-seo-wordpress\/ -->\n<title>Karas po karo\/ War after War<\/title>\n<meta name=\"description\" content=\"Katalogas parodos \u201eKaras po karo: ginkluotasis antisovietinis pasiprie\u0161inimas Lietuvoje 1944\u20131953 m.\u201c \/ Catalogue of the exhibition \u201eWar After War: the Armed Anti-Soviet Resistance in Lithuania in 1944\u20131953\u201c. Gausiai iliustruotame kataloge pasakojama partizaninio karo istorija, pateikiama informacijos apie partizanin\u012f pasiprie\u0161inim\u0105, kovas, spaud\u0105, sekinan\u010di\u0105 buit\u012f ir kasdienio gyvenimo akimirkas. Leidinyje atsispindi sud\u0117tinga partizan\u0173 pad\u0117tis, netektys ir atkaklus tik\u0117jimas Lietuvos laisve. I\u0161leistas lietuvi\u0173 ir angl\u0173, \u0161ved\u0173 ir angl\u0173, vokie\u010di\u0173 ir angl\u0173 kalbomis.\" \/>\n<meta name=\"robots\" content=\"index, follow, max-snippet:-1, max-image-preview:large, max-video-preview:-1\" \/>\n<link rel=\"canonical\" href=\"https:\/\/skaitytaknyga.lt\/en\/produktas\/karas-po-karo-war-after-war\/\" \/>\n<meta property=\"og:locale\" content=\"en_GB\" \/>\n<meta property=\"og:locale:alternate\" content=\"lt_LT\" \/>\n<meta property=\"og:type\" content=\"article\" \/>\n<meta property=\"og:title\" content=\"Karas po karo\/ War after War\" \/>\n<meta property=\"og:description\" content=\"Katalogas parodos \u201eKaras po karo: ginkluotasis antisovietinis pasiprie\u0161inimas Lietuvoje 1944\u20131953 m.\u201c \/ Catalogue of the exhibition \u201eWar After War: the Armed Anti-Soviet Resistance in Lithuania in 1944\u20131953\u201c. Gausiai iliustruotame kataloge pasakojama partizaninio karo istorija, pateikiama informacijos apie partizanin\u012f pasiprie\u0161inim\u0105, kovas, spaud\u0105, sekinan\u010di\u0105 buit\u012f ir kasdienio gyvenimo akimirkas. Leidinyje atsispindi sud\u0117tinga partizan\u0173 pad\u0117tis, netektys ir atkaklus tik\u0117jimas Lietuvos laisve. I\u0161leistas lietuvi\u0173 ir angl\u0173, \u0161ved\u0173 ir angl\u0173, vokie\u010di\u0173 ir angl\u0173 kalbomis.\" \/>\n<meta property=\"og:url\" content=\"https:\/\/skaitytaknyga.lt\/en\/produktas\/karas-po-karo-war-after-war\/\" \/>\n<meta property=\"og:site_name\" content=\"Skaitytaknyga\" \/>\n<meta property=\"article:publisher\" content=\"https:\/\/www.facebook.com\/skaitytaknyga\/\" \/>\n<meta property=\"article:modified_time\" content=\"2026-03-18T12:59:55+00:00\" \/>\n<meta property=\"og:image\" content=\"https:\/\/skaitytaknyga.lt\/wp-content\/uploads\/2024\/05\/anons15.jpg\" \/>\n\t<meta property=\"og:image:width\" content=\"170\" \/>\n\t<meta property=\"og:image:height\" content=\"169\" \/>\n\t<meta property=\"og:image:type\" content=\"image\/jpeg\" \/>\n<meta name=\"twitter:card\" content=\"summary_large_image\" \/>\n<script type=\"application\/ld+json\" class=\"yoast-schema-graph\">{\"@context\":\"https:\\\/\\\/schema.org\",\"@graph\":[{\"@type\":\"WebPage\",\"@id\":\"https:\\\/\\\/skaitytaknyga.lt\\\/produktas\\\/karas-po-karo-war-after-war\\\/\",\"url\":\"https:\\\/\\\/skaitytaknyga.lt\\\/produktas\\\/karas-po-karo-war-after-war\\\/\",\"name\":\"Karas po karo\\\/ War after War\",\"isPartOf\":{\"@id\":\"https:\\\/\\\/skaitytaknyga.lt\\\/#website\"},\"primaryImageOfPage\":{\"@id\":\"https:\\\/\\\/skaitytaknyga.lt\\\/produktas\\\/karas-po-karo-war-after-war\\\/#primaryimage\"},\"image\":{\"@id\":\"https:\\\/\\\/skaitytaknyga.lt\\\/produktas\\\/karas-po-karo-war-after-war\\\/#primaryimage\"},\"thumbnailUrl\":\"https:\\\/\\\/skaitytaknyga.lt\\\/wp-content\\\/uploads\\\/2024\\\/05\\\/anons15.jpg\",\"datePublished\":\"2024-05-04T19:23:19+00:00\",\"dateModified\":\"2026-03-18T12:59:55+00:00\",\"description\":\"Katalogas parodos \u201eKaras po karo: ginkluotasis antisovietinis pasiprie\u0161inimas Lietuvoje 1944\u20131953 m.\u201c \\\/ Catalogue of the exhibition \u201eWar After War: the Armed Anti-Soviet Resistance in Lithuania in 1944\u20131953\u201c. Gausiai iliustruotame kataloge pasakojama partizaninio karo istorija, pateikiama informacijos apie partizanin\u012f pasiprie\u0161inim\u0105, kovas, spaud\u0105, sekinan\u010di\u0105 buit\u012f ir kasdienio gyvenimo akimirkas. Leidinyje atsispindi sud\u0117tinga partizan\u0173 pad\u0117tis, netektys ir atkaklus tik\u0117jimas Lietuvos laisve. I\u0161leistas lietuvi\u0173 ir angl\u0173, \u0161ved\u0173 ir angl\u0173, vokie\u010di\u0173 ir angl\u0173 kalbomis.\",\"breadcrumb\":{\"@id\":\"https:\\\/\\\/skaitytaknyga.lt\\\/produktas\\\/karas-po-karo-war-after-war\\\/#breadcrumb\"},\"inLanguage\":\"en-GB\",\"potentialAction\":[{\"@type\":\"ReadAction\",\"target\":[\"https:\\\/\\\/skaitytaknyga.lt\\\/produktas\\\/karas-po-karo-war-after-war\\\/\"]}]},{\"@type\":\"ImageObject\",\"inLanguage\":\"en-GB\",\"@id\":\"https:\\\/\\\/skaitytaknyga.lt\\\/produktas\\\/karas-po-karo-war-after-war\\\/#primaryimage\",\"url\":\"https:\\\/\\\/skaitytaknyga.lt\\\/wp-content\\\/uploads\\\/2024\\\/05\\\/anons15.jpg\",\"contentUrl\":\"https:\\\/\\\/skaitytaknyga.lt\\\/wp-content\\\/uploads\\\/2024\\\/05\\\/anons15.jpg\",\"width\":170,\"height\":169},{\"@type\":\"BreadcrumbList\",\"@id\":\"https:\\\/\\\/skaitytaknyga.lt\\\/produktas\\\/karas-po-karo-war-after-war\\\/#breadcrumb\",\"itemListElement\":[{\"@type\":\"ListItem\",\"position\":1,\"name\":\"Home\",\"item\":\"https:\\\/\\\/skaitytaknyga.lt\\\/\"},{\"@type\":\"ListItem\",\"position\":2,\"name\":\"Parduotuv\u0117\",\"item\":\"https:\\\/\\\/skaitytaknyga.lt\\\/knygu-parduotuve\\\/\"},{\"@type\":\"ListItem\",\"position\":3,\"name\":\"Karas po karo\\\/ War after War\"}]},{\"@type\":\"WebSite\",\"@id\":\"https:\\\/\\\/skaitytaknyga.lt\\\/#website\",\"url\":\"https:\\\/\\\/skaitytaknyga.lt\\\/\",\"name\":\"skaitytaknyga.lt\",\"description\":\"Skaitytaknyga.lt \u2013 tai ma\u017eas \u0161eimos verslas, kuris prasid\u0117jo nuo meil\u0117s knygoms ir siekio i\u0161gelb\u0117ti knygas nuo likimo prie konteinerio. Kas vienam nereikalingas daiktas \u2013 kitam lobis, o mes esame tarpininkai, kurie padeda abiems tapti laimingesniems ???? \u017dinome kaip nelengva i\u0161gyventi ma\u017eiems verslams, tad nuo \u0161iol, \u010dia rasite ir kit\u0173, ma\u017e\u0173 \u0161eim\u0173 versl\u0173, rank\u0173 darbo, dovan\u0173 sau ir artimiesiems.\",\"publisher\":{\"@id\":\"https:\\\/\\\/skaitytaknyga.lt\\\/#organization\"},\"potentialAction\":[{\"@type\":\"SearchAction\",\"target\":{\"@type\":\"EntryPoint\",\"urlTemplate\":\"https:\\\/\\\/skaitytaknyga.lt\\\/?s={search_term_string}\"},\"query-input\":{\"@type\":\"PropertyValueSpecification\",\"valueRequired\":true,\"valueName\":\"search_term_string\"}}],\"inLanguage\":\"en-GB\"},{\"@type\":\"Organization\",\"@id\":\"https:\\\/\\\/skaitytaknyga.lt\\\/#organization\",\"name\":\"skaitytaknyga.lt\",\"url\":\"https:\\\/\\\/skaitytaknyga.lt\\\/\",\"logo\":{\"@type\":\"ImageObject\",\"inLanguage\":\"en-GB\",\"@id\":\"https:\\\/\\\/skaitytaknyga.lt\\\/#\\\/schema\\\/logo\\\/image\\\/\",\"url\":\"https:\\\/\\\/skaitytaknyga.lt\\\/wp-content\\\/uploads\\\/2024\\\/05\\\/cropped-cropped-cropped-02_00843_jt3bggkj1j3HLc7SyY6rEUpg.jpeg\",\"contentUrl\":\"https:\\\/\\\/skaitytaknyga.lt\\\/wp-content\\\/uploads\\\/2024\\\/05\\\/cropped-cropped-cropped-02_00843_jt3bggkj1j3HLc7SyY6rEUpg.jpeg\",\"width\":1600,\"height\":1600,\"caption\":\"skaitytaknyga.lt\"},\"image\":{\"@id\":\"https:\\\/\\\/skaitytaknyga.lt\\\/#\\\/schema\\\/logo\\\/image\\\/\"},\"sameAs\":[\"https:\\\/\\\/www.facebook.com\\\/skaitytaknyga\\\/\"]}]}<\/script>\n<!-- \/ Yoast SEO plugin. -->","yoast_head_json":{"title":"Karas po karo\/ War after War","description":"Katalogas parodos \u201eKaras po karo: ginkluotasis antisovietinis pasiprie\u0161inimas Lietuvoje 1944\u20131953 m.\u201c \/ Catalogue of the exhibition \u201eWar After War: the Armed Anti-Soviet Resistance in Lithuania in 1944\u20131953\u201c. Gausiai iliustruotame kataloge pasakojama partizaninio karo istorija, pateikiama informacijos apie partizanin\u012f pasiprie\u0161inim\u0105, kovas, spaud\u0105, sekinan\u010di\u0105 buit\u012f ir kasdienio gyvenimo akimirkas. Leidinyje atsispindi sud\u0117tinga partizan\u0173 pad\u0117tis, netektys ir atkaklus tik\u0117jimas Lietuvos laisve. I\u0161leistas lietuvi\u0173 ir angl\u0173, \u0161ved\u0173 ir angl\u0173, vokie\u010di\u0173 ir angl\u0173 kalbomis.","robots":{"index":"index","follow":"follow","max-snippet":"max-snippet:-1","max-image-preview":"max-image-preview:large","max-video-preview":"max-video-preview:-1"},"canonical":"https:\/\/skaitytaknyga.lt\/en\/produktas\/karas-po-karo-war-after-war\/","og_locale":"en_GB","og_type":"article","og_title":"[:lt]Karas po karo\/ War after War[:] - Skaitytaknyga","og_description":"Katalogas parodos \u201eKaras po karo: ginkluotasis antisovietinis pasiprie\u0161inimas Lietuvoje 1944\u20131953 m.\u201c \/ Catalogue of the exhibition \u201eWar After War: the Armed Anti-Soviet Resistance in Lithuania in 1944\u20131953\u201c. Gausiai iliustruotame kataloge pasakojama partizaninio karo istorija, pateikiama informacijos apie partizanin\u012f pasiprie\u0161inim\u0105, kovas, spaud\u0105, sekinan\u010di\u0105 buit\u012f ir kasdienio gyvenimo akimirkas. Leidinyje atsispindi sud\u0117tinga partizan\u0173 pad\u0117tis, netektys ir atkaklus tik\u0117jimas Lietuvos laisve. I\u0161leistas lietuvi\u0173 ir angl\u0173, \u0161ved\u0173 ir angl\u0173, vokie\u010di\u0173 ir angl\u0173 kalbomis.","og_url":"https:\/\/skaitytaknyga.lt\/en\/produktas\/karas-po-karo-war-after-war\/","og_site_name":"Skaitytaknyga","article_publisher":"https:\/\/www.facebook.com\/skaitytaknyga\/","article_modified_time":"2026-03-18T12:59:55+00:00","og_image":[{"width":170,"height":169,"url":"https:\/\/skaitytaknyga.lt\/wp-content\/uploads\/2024\/05\/anons15.jpg","type":"image\/jpeg"}],"twitter_card":"summary_large_image","schema":{"@context":"https:\/\/schema.org","@graph":[{"@type":"WebPage","@id":"https:\/\/skaitytaknyga.lt\/produktas\/karas-po-karo-war-after-war\/","url":"https:\/\/skaitytaknyga.lt\/produktas\/karas-po-karo-war-after-war\/","name":"Karas po karo\/ War after War","isPartOf":{"@id":"https:\/\/skaitytaknyga.lt\/#website"},"primaryImageOfPage":{"@id":"https:\/\/skaitytaknyga.lt\/produktas\/karas-po-karo-war-after-war\/#primaryimage"},"image":{"@id":"https:\/\/skaitytaknyga.lt\/produktas\/karas-po-karo-war-after-war\/#primaryimage"},"thumbnailUrl":"https:\/\/skaitytaknyga.lt\/wp-content\/uploads\/2024\/05\/anons15.jpg","datePublished":"2024-05-04T19:23:19+00:00","dateModified":"2026-03-18T12:59:55+00:00","description":"Katalogas parodos \u201eKaras po karo: ginkluotasis antisovietinis pasiprie\u0161inimas Lietuvoje 1944\u20131953 m.\u201c \/ Catalogue of the exhibition \u201eWar After War: the Armed Anti-Soviet Resistance in Lithuania in 1944\u20131953\u201c. Gausiai iliustruotame kataloge pasakojama partizaninio karo istorija, pateikiama informacijos apie partizanin\u012f pasiprie\u0161inim\u0105, kovas, spaud\u0105, sekinan\u010di\u0105 buit\u012f ir kasdienio gyvenimo akimirkas. Leidinyje atsispindi sud\u0117tinga partizan\u0173 pad\u0117tis, netektys ir atkaklus tik\u0117jimas Lietuvos laisve. I\u0161leistas lietuvi\u0173 ir angl\u0173, \u0161ved\u0173 ir angl\u0173, vokie\u010di\u0173 ir angl\u0173 kalbomis.","breadcrumb":{"@id":"https:\/\/skaitytaknyga.lt\/produktas\/karas-po-karo-war-after-war\/#breadcrumb"},"inLanguage":"en-GB","potentialAction":[{"@type":"ReadAction","target":["https:\/\/skaitytaknyga.lt\/produktas\/karas-po-karo-war-after-war\/"]}]},{"@type":"ImageObject","inLanguage":"en-GB","@id":"https:\/\/skaitytaknyga.lt\/produktas\/karas-po-karo-war-after-war\/#primaryimage","url":"https:\/\/skaitytaknyga.lt\/wp-content\/uploads\/2024\/05\/anons15.jpg","contentUrl":"https:\/\/skaitytaknyga.lt\/wp-content\/uploads\/2024\/05\/anons15.jpg","width":170,"height":169},{"@type":"BreadcrumbList","@id":"https:\/\/skaitytaknyga.lt\/produktas\/karas-po-karo-war-after-war\/#breadcrumb","itemListElement":[{"@type":"ListItem","position":1,"name":"Home","item":"https:\/\/skaitytaknyga.lt\/"},{"@type":"ListItem","position":2,"name":"Parduotuv\u0117","item":"https:\/\/skaitytaknyga.lt\/knygu-parduotuve\/"},{"@type":"ListItem","position":3,"name":"Karas po karo\/ War after War"}]},{"@type":"WebSite","@id":"https:\/\/skaitytaknyga.lt\/#website","url":"https:\/\/skaitytaknyga.lt\/","name":"skaitytaknyga.lt","description":"Skaitytaknyga.lt \u2013 tai ma\u017eas \u0161eimos verslas, kuris prasid\u0117jo nuo meil\u0117s knygoms ir siekio i\u0161gelb\u0117ti knygas nuo likimo prie konteinerio. Kas vienam nereikalingas daiktas \u2013 kitam lobis, o mes esame tarpininkai, kurie padeda abiems tapti laimingesniems ???? \u017dinome kaip nelengva i\u0161gyventi ma\u017eiems verslams, tad nuo \u0161iol, \u010dia rasite ir kit\u0173, ma\u017e\u0173 \u0161eim\u0173 versl\u0173, rank\u0173 darbo, dovan\u0173 sau ir artimiesiems.","publisher":{"@id":"https:\/\/skaitytaknyga.lt\/#organization"},"potentialAction":[{"@type":"SearchAction","target":{"@type":"EntryPoint","urlTemplate":"https:\/\/skaitytaknyga.lt\/?s={search_term_string}"},"query-input":{"@type":"PropertyValueSpecification","valueRequired":true,"valueName":"search_term_string"}}],"inLanguage":"en-GB"},{"@type":"Organization","@id":"https:\/\/skaitytaknyga.lt\/#organization","name":"skaitytaknyga.lt","url":"https:\/\/skaitytaknyga.lt\/","logo":{"@type":"ImageObject","inLanguage":"en-GB","@id":"https:\/\/skaitytaknyga.lt\/#\/schema\/logo\/image\/","url":"https:\/\/skaitytaknyga.lt\/wp-content\/uploads\/2024\/05\/cropped-cropped-cropped-02_00843_jt3bggkj1j3HLc7SyY6rEUpg.jpeg","contentUrl":"https:\/\/skaitytaknyga.lt\/wp-content\/uploads\/2024\/05\/cropped-cropped-cropped-02_00843_jt3bggkj1j3HLc7SyY6rEUpg.jpeg","width":1600,"height":1600,"caption":"skaitytaknyga.lt"},"image":{"@id":"https:\/\/skaitytaknyga.lt\/#\/schema\/logo\/image\/"},"sameAs":["https:\/\/www.facebook.com\/skaitytaknyga\/"]}]}},"_links":{"self":[{"href":"https:\/\/skaitytaknyga.lt\/en\/wp-json\/wp\/v2\/product\/10988","targetHints":{"allow":["GET"]}}],"collection":[{"href":"https:\/\/skaitytaknyga.lt\/en\/wp-json\/wp\/v2\/product"}],"about":[{"href":"https:\/\/skaitytaknyga.lt\/en\/wp-json\/wp\/v2\/types\/product"}],"replies":[{"embeddable":true,"href":"https:\/\/skaitytaknyga.lt\/en\/wp-json\/wp\/v2\/comments?post=10988"}],"wp:featuredmedia":[{"embeddable":true,"href":"https:\/\/skaitytaknyga.lt\/en\/wp-json\/wp\/v2\/media\/11027"}],"wp:attachment":[{"href":"https:\/\/skaitytaknyga.lt\/en\/wp-json\/wp\/v2\/media?parent=10988"}],"wp:term":[{"taxonomy":"product_brand","embeddable":true,"href":"https:\/\/skaitytaknyga.lt\/en\/wp-json\/wp\/v2\/product_brand?post=10988"},{"taxonomy":"product_cat","embeddable":true,"href":"https:\/\/skaitytaknyga.lt\/en\/wp-json\/wp\/v2\/product_cat?post=10988"},{"taxonomy":"product_tag","embeddable":true,"href":"https:\/\/skaitytaknyga.lt\/en\/wp-json\/wp\/v2\/product_tag?post=10988"}],"curies":[{"name":"wp","href":"https:\/\/api.w.org\/{rel}","templated":true}]}}