{"id":10978,"date":"2024-05-04T19:22:56","date_gmt":"2024-05-04T19:22:56","guid":{"rendered":"https:\/\/skaitytaknyga.lt\/?post_type=product&#038;p=10978"},"modified":"2024-05-04T19:25:01","modified_gmt":"2024-05-04T19:25:01","slug":"kazys-puida-magnus-dux","status":"publish","type":"product","link":"https:\/\/skaitytaknyga.lt\/en\/produktas\/kazys-puida-magnus-dux\/","title":{"rendered":"Kazys Puida \u201eMagnus Dux\u201c"},"content":{"rendered":"<p>Knygoje vaizduojami XIV a. istoriniai \u012fvykiai Lietuvos Did\u017eiojoje Kunigaik\u0161tyst\u0117je, Vytauto pastangos po K\u0119stu\u010dio mirties atgauti teises valdyti kra\u0161t\u0105, jo konfliktai su kunigaik\u0161\u010diu Skirgaila, Jogaila, tapusiu Lenkijos karaliumi, su lenk\u0173 didikais siekiant sustiprinti Lietuvos valstybingum\u0105 sud\u0117tingu begalini\u0173 kov\u0173 su Kry\u017eiuo\u010di\u0173 ordinu laikotarpiu.<\/p>\n","protected":false},"excerpt":{"rendered":"<p>Knygoje vaizduojami XIV a. istoriniai \u012fvykiai Lietuvos Did\u017eiojoje Kunigaik\u0161tyst\u0117je, Vytauto pastangos po K\u0119stu\u010dio mirties atgauti teises valdyti kra\u0161t\u0105, jo konfliktai su kunigaik\u0161\u010diu Skirgaila, Jogaila, tapusiu Lenkijos karaliumi, su lenk\u0173 didikais siekiant sustiprinti Lietuvos valstybingum\u0105 sud\u0117tingu begalini\u0173 kov\u0173 su Kry\u017eiuo\u010di\u0173 ordinu laikotarpiu.<\/p>\n","protected":false},"featured_media":11018,"comment_status":"closed","ping_status":"closed","template":"","meta":{"_acf_changed":false,"site-sidebar-layout":"default","site-content-layout":"","ast-site-content-layout":"default","site-content-style":"default","site-sidebar-style":"default","ast-global-header-display":"","ast-banner-title-visibility":"","ast-main-header-display":"","ast-hfb-above-header-display":"","ast-hfb-below-header-display":"","ast-hfb-mobile-header-display":"","site-post-title":"","ast-breadcrumbs-content":"","ast-featured-img":"","footer-sml-layout":"","ast-disable-related-posts":"","theme-transparent-header-meta":"","adv-header-id-meta":"","stick-header-meta":"","header-above-stick-meta":"","header-main-stick-meta":"","header-below-stick-meta":"","astra-migrate-meta-layouts":"default","ast-page-background-enabled":"default","ast-page-background-meta":{"desktop":{"background-color":"","background-image":"","background-repeat":"repeat","background-position":"center center","background-size":"auto","background-attachment":"scroll","background-type":"","background-media":"","overlay-type":"","overlay-color":"","overlay-opacity":"","overlay-gradient":""},"tablet":{"background-color":"","background-image":"","background-repeat":"repeat","background-position":"center center","background-size":"auto","background-attachment":"scroll","background-type":"","background-media":"","overlay-type":"","overlay-color":"","overlay-opacity":"","overlay-gradient":""},"mobile":{"background-color":"","background-image":"","background-repeat":"repeat","background-position":"center center","background-size":"auto","background-attachment":"scroll","background-type":"","background-media":"","overlay-type":"","overlay-color":"","overlay-opacity":"","overlay-gradient":""}},"ast-content-background-meta":{"desktop":{"background-color":"var(--ast-global-color-4)","background-image":"","background-repeat":"repeat","background-position":"center center","background-size":"auto","background-attachment":"scroll","background-type":"","background-media":"","overlay-type":"","overlay-color":"","overlay-opacity":"","overlay-gradient":""},"tablet":{"background-color":"var(--ast-global-color-4)","background-image":"","background-repeat":"repeat","background-position":"center center","background-size":"auto","background-attachment":"scroll","background-type":"","background-media":"","overlay-type":"","overlay-color":"","overlay-opacity":"","overlay-gradient":""},"mobile":{"background-color":"var(--ast-global-color-4)","background-image":"","background-repeat":"repeat","background-position":"center center","background-size":"auto","background-attachment":"scroll","background-type":"","background-media":"","overlay-type":"","overlay-color":"","overlay-opacity":"","overlay-gradient":""}}},"product_brand":[],"product_cat":[31],"product_tag":[],"class_list":{"0":"post-10978","1":"product","2":"type-product","3":"status-publish","4":"has-post-thumbnail","6":"product_cat-grozine-literatura","7":"desktop-align-left","8":"tablet-align-left","9":"mobile-align-left","11":"first","12":"instock","13":"shipping-taxable","14":"purchasable","15":"product-type-simple"},"acf":[],"yoast_head":"<!-- This site is optimized with the Yoast SEO plugin v27.4 - https:\/\/yoast.com\/product\/yoast-seo-wordpress\/ -->\n<title>Kazys Puida \u201eMagnus Dux\u201c - Skaitytaknyga<\/title>\n<meta name=\"description\" content=\"Knygoje vaizduojami XIV a. istoriniai \u012fvykiai Lietuvos Did\u017eiojoje Kunigaik\u0161tyst\u0117je, Vytauto pastangos po K\u0119stu\u010dio mirties atgauti teises valdyti kra\u0161t\u0105, jo konfliktai su kunigaik\u0161\u010diu Skirgaila, Jogaila, tapusiu Lenkijos karaliumi, su lenk\u0173 didikais siekiant sustiprinti Lietuvos valstybingum\u0105 sud\u0117tingu begalini\u0173 kov\u0173 su Kry\u017eiuo\u010di\u0173 ordinu laikotarpiu.\" \/>\n<meta name=\"robots\" content=\"index, follow, max-snippet:-1, max-image-preview:large, max-video-preview:-1\" \/>\n<link rel=\"canonical\" href=\"https:\/\/skaitytaknyga.lt\/en\/produktas\/kazys-puida-magnus-dux\/\" \/>\n<meta property=\"og:locale\" content=\"en_GB\" \/>\n<meta property=\"og:locale:alternate\" content=\"lt_LT\" \/>\n<meta property=\"og:type\" content=\"article\" \/>\n<meta property=\"og:title\" content=\"Kazys Puida \u201eMagnus Dux\u201c - Skaitytaknyga\" \/>\n<meta property=\"og:description\" content=\"Knygoje vaizduojami XIV a. istoriniai \u012fvykiai Lietuvos Did\u017eiojoje Kunigaik\u0161tyst\u0117je, Vytauto pastangos po K\u0119stu\u010dio mirties atgauti teises valdyti kra\u0161t\u0105, jo konfliktai su kunigaik\u0161\u010diu Skirgaila, Jogaila, tapusiu Lenkijos karaliumi, su lenk\u0173 didikais siekiant sustiprinti Lietuvos valstybingum\u0105 sud\u0117tingu begalini\u0173 kov\u0173 su Kry\u017eiuo\u010di\u0173 ordinu laikotarpiu.\" \/>\n<meta property=\"og:url\" content=\"https:\/\/skaitytaknyga.lt\/en\/produktas\/kazys-puida-magnus-dux\/\" \/>\n<meta property=\"og:site_name\" content=\"Skaitytaknyga\" \/>\n<meta property=\"article:publisher\" content=\"https:\/\/www.facebook.com\/skaitytaknyga\/\" \/>\n<meta property=\"article:modified_time\" content=\"2024-05-04T19:25:01+00:00\" \/>\n<meta property=\"og:image\" content=\"https:\/\/skaitytaknyga.lt\/wp-content\/uploads\/2024\/05\/magnus-dux-3-e1680776496212.jpg\" \/>\n\t<meta property=\"og:image:width\" content=\"437\" \/>\n\t<meta property=\"og:image:height\" content=\"685\" \/>\n\t<meta property=\"og:image:type\" content=\"image\/jpeg\" \/>\n<meta name=\"twitter:card\" content=\"summary_large_image\" \/>\n<script type=\"application\/ld+json\" class=\"yoast-schema-graph\">{\"@context\":\"https:\\\/\\\/schema.org\",\"@graph\":[{\"@type\":\"WebPage\",\"@id\":\"https:\\\/\\\/skaitytaknyga.lt\\\/produktas\\\/kazys-puida-magnus-dux\\\/\",\"url\":\"https:\\\/\\\/skaitytaknyga.lt\\\/produktas\\\/kazys-puida-magnus-dux\\\/\",\"name\":\"Kazys Puida \u201eMagnus Dux\u201c - Skaitytaknyga\",\"isPartOf\":{\"@id\":\"https:\\\/\\\/skaitytaknyga.lt\\\/#website\"},\"primaryImageOfPage\":{\"@id\":\"https:\\\/\\\/skaitytaknyga.lt\\\/produktas\\\/kazys-puida-magnus-dux\\\/#primaryimage\"},\"image\":{\"@id\":\"https:\\\/\\\/skaitytaknyga.lt\\\/produktas\\\/kazys-puida-magnus-dux\\\/#primaryimage\"},\"thumbnailUrl\":\"https:\\\/\\\/skaitytaknyga.lt\\\/wp-content\\\/uploads\\\/2024\\\/05\\\/magnus-dux-3-e1680776496212.jpg\",\"datePublished\":\"2024-05-04T19:22:56+00:00\",\"dateModified\":\"2024-05-04T19:25:01+00:00\",\"description\":\"Knygoje vaizduojami XIV a. istoriniai \u012fvykiai Lietuvos Did\u017eiojoje Kunigaik\u0161tyst\u0117je, Vytauto pastangos po K\u0119stu\u010dio mirties atgauti teises valdyti kra\u0161t\u0105, jo konfliktai su kunigaik\u0161\u010diu Skirgaila, Jogaila, tapusiu Lenkijos karaliumi, su lenk\u0173 didikais siekiant sustiprinti Lietuvos valstybingum\u0105 sud\u0117tingu begalini\u0173 kov\u0173 su Kry\u017eiuo\u010di\u0173 ordinu laikotarpiu.\",\"breadcrumb\":{\"@id\":\"https:\\\/\\\/skaitytaknyga.lt\\\/produktas\\\/kazys-puida-magnus-dux\\\/#breadcrumb\"},\"inLanguage\":\"en-GB\",\"potentialAction\":[{\"@type\":\"ReadAction\",\"target\":[\"https:\\\/\\\/skaitytaknyga.lt\\\/produktas\\\/kazys-puida-magnus-dux\\\/\"]}]},{\"@type\":\"ImageObject\",\"inLanguage\":\"en-GB\",\"@id\":\"https:\\\/\\\/skaitytaknyga.lt\\\/produktas\\\/kazys-puida-magnus-dux\\\/#primaryimage\",\"url\":\"https:\\\/\\\/skaitytaknyga.lt\\\/wp-content\\\/uploads\\\/2024\\\/05\\\/magnus-dux-3-e1680776496212.jpg\",\"contentUrl\":\"https:\\\/\\\/skaitytaknyga.lt\\\/wp-content\\\/uploads\\\/2024\\\/05\\\/magnus-dux-3-e1680776496212.jpg\",\"width\":437,\"height\":685},{\"@type\":\"BreadcrumbList\",\"@id\":\"https:\\\/\\\/skaitytaknyga.lt\\\/produktas\\\/kazys-puida-magnus-dux\\\/#breadcrumb\",\"itemListElement\":[{\"@type\":\"ListItem\",\"position\":1,\"name\":\"Home\",\"item\":\"https:\\\/\\\/skaitytaknyga.lt\\\/\"},{\"@type\":\"ListItem\",\"position\":2,\"name\":\"Parduotuv\u0117\",\"item\":\"https:\\\/\\\/skaitytaknyga.lt\\\/knygu-parduotuve\\\/\"},{\"@type\":\"ListItem\",\"position\":3,\"name\":\"Kazys Puida \u201eMagnus Dux\u201c\"}]},{\"@type\":\"WebSite\",\"@id\":\"https:\\\/\\\/skaitytaknyga.lt\\\/#website\",\"url\":\"https:\\\/\\\/skaitytaknyga.lt\\\/\",\"name\":\"skaitytaknyga.lt\",\"description\":\"Skaitytaknyga.lt \u2013 tai ma\u017eas \u0161eimos verslas, kuris prasid\u0117jo nuo meil\u0117s knygoms ir siekio i\u0161gelb\u0117ti knygas nuo likimo prie konteinerio. Kas vienam nereikalingas daiktas \u2013 kitam lobis, o mes esame tarpininkai, kurie padeda abiems tapti laimingesniems ???? \u017dinome kaip nelengva i\u0161gyventi ma\u017eiems verslams, tad nuo \u0161iol, \u010dia rasite ir kit\u0173, ma\u017e\u0173 \u0161eim\u0173 versl\u0173, rank\u0173 darbo, dovan\u0173 sau ir artimiesiems.\",\"publisher\":{\"@id\":\"https:\\\/\\\/skaitytaknyga.lt\\\/#organization\"},\"potentialAction\":[{\"@type\":\"SearchAction\",\"target\":{\"@type\":\"EntryPoint\",\"urlTemplate\":\"https:\\\/\\\/skaitytaknyga.lt\\\/?s={search_term_string}\"},\"query-input\":{\"@type\":\"PropertyValueSpecification\",\"valueRequired\":true,\"valueName\":\"search_term_string\"}}],\"inLanguage\":\"en-GB\"},{\"@type\":\"Organization\",\"@id\":\"https:\\\/\\\/skaitytaknyga.lt\\\/#organization\",\"name\":\"skaitytaknyga.lt\",\"url\":\"https:\\\/\\\/skaitytaknyga.lt\\\/\",\"logo\":{\"@type\":\"ImageObject\",\"inLanguage\":\"en-GB\",\"@id\":\"https:\\\/\\\/skaitytaknyga.lt\\\/#\\\/schema\\\/logo\\\/image\\\/\",\"url\":\"https:\\\/\\\/skaitytaknyga.lt\\\/wp-content\\\/uploads\\\/2024\\\/05\\\/cropped-cropped-cropped-02_00843_jt3bggkj1j3HLc7SyY6rEUpg.jpeg\",\"contentUrl\":\"https:\\\/\\\/skaitytaknyga.lt\\\/wp-content\\\/uploads\\\/2024\\\/05\\\/cropped-cropped-cropped-02_00843_jt3bggkj1j3HLc7SyY6rEUpg.jpeg\",\"width\":1600,\"height\":1600,\"caption\":\"skaitytaknyga.lt\"},\"image\":{\"@id\":\"https:\\\/\\\/skaitytaknyga.lt\\\/#\\\/schema\\\/logo\\\/image\\\/\"},\"sameAs\":[\"https:\\\/\\\/www.facebook.com\\\/skaitytaknyga\\\/\"]}]}<\/script>\n<!-- \/ Yoast SEO plugin. -->","yoast_head_json":{"title":"Kazys Puida \u201eMagnus Dux\u201c - Skaitytaknyga","description":"Knygoje vaizduojami XIV a. istoriniai \u012fvykiai Lietuvos Did\u017eiojoje Kunigaik\u0161tyst\u0117je, Vytauto pastangos po K\u0119stu\u010dio mirties atgauti teises valdyti kra\u0161t\u0105, jo konfliktai su kunigaik\u0161\u010diu Skirgaila, Jogaila, tapusiu Lenkijos karaliumi, su lenk\u0173 didikais siekiant sustiprinti Lietuvos valstybingum\u0105 sud\u0117tingu begalini\u0173 kov\u0173 su Kry\u017eiuo\u010di\u0173 ordinu laikotarpiu.","robots":{"index":"index","follow":"follow","max-snippet":"max-snippet:-1","max-image-preview":"max-image-preview:large","max-video-preview":"max-video-preview:-1"},"canonical":"https:\/\/skaitytaknyga.lt\/en\/produktas\/kazys-puida-magnus-dux\/","og_locale":"en_GB","og_type":"article","og_title":"Kazys Puida \u201eMagnus Dux\u201c - Skaitytaknyga","og_description":"Knygoje vaizduojami XIV a. istoriniai \u012fvykiai Lietuvos Did\u017eiojoje Kunigaik\u0161tyst\u0117je, Vytauto pastangos po K\u0119stu\u010dio mirties atgauti teises valdyti kra\u0161t\u0105, jo konfliktai su kunigaik\u0161\u010diu Skirgaila, Jogaila, tapusiu Lenkijos karaliumi, su lenk\u0173 didikais siekiant sustiprinti Lietuvos valstybingum\u0105 sud\u0117tingu begalini\u0173 kov\u0173 su Kry\u017eiuo\u010di\u0173 ordinu laikotarpiu.","og_url":"https:\/\/skaitytaknyga.lt\/en\/produktas\/kazys-puida-magnus-dux\/","og_site_name":"Skaitytaknyga","article_publisher":"https:\/\/www.facebook.com\/skaitytaknyga\/","article_modified_time":"2024-05-04T19:25:01+00:00","og_image":[{"width":437,"height":685,"url":"https:\/\/skaitytaknyga.lt\/wp-content\/uploads\/2024\/05\/magnus-dux-3-e1680776496212.jpg","type":"image\/jpeg"}],"twitter_card":"summary_large_image","schema":{"@context":"https:\/\/schema.org","@graph":[{"@type":"WebPage","@id":"https:\/\/skaitytaknyga.lt\/produktas\/kazys-puida-magnus-dux\/","url":"https:\/\/skaitytaknyga.lt\/produktas\/kazys-puida-magnus-dux\/","name":"Kazys Puida \u201eMagnus Dux\u201c - Skaitytaknyga","isPartOf":{"@id":"https:\/\/skaitytaknyga.lt\/#website"},"primaryImageOfPage":{"@id":"https:\/\/skaitytaknyga.lt\/produktas\/kazys-puida-magnus-dux\/#primaryimage"},"image":{"@id":"https:\/\/skaitytaknyga.lt\/produktas\/kazys-puida-magnus-dux\/#primaryimage"},"thumbnailUrl":"https:\/\/skaitytaknyga.lt\/wp-content\/uploads\/2024\/05\/magnus-dux-3-e1680776496212.jpg","datePublished":"2024-05-04T19:22:56+00:00","dateModified":"2024-05-04T19:25:01+00:00","description":"Knygoje vaizduojami XIV a. istoriniai \u012fvykiai Lietuvos Did\u017eiojoje Kunigaik\u0161tyst\u0117je, Vytauto pastangos po K\u0119stu\u010dio mirties atgauti teises valdyti kra\u0161t\u0105, jo konfliktai su kunigaik\u0161\u010diu Skirgaila, Jogaila, tapusiu Lenkijos karaliumi, su lenk\u0173 didikais siekiant sustiprinti Lietuvos valstybingum\u0105 sud\u0117tingu begalini\u0173 kov\u0173 su Kry\u017eiuo\u010di\u0173 ordinu laikotarpiu.","breadcrumb":{"@id":"https:\/\/skaitytaknyga.lt\/produktas\/kazys-puida-magnus-dux\/#breadcrumb"},"inLanguage":"en-GB","potentialAction":[{"@type":"ReadAction","target":["https:\/\/skaitytaknyga.lt\/produktas\/kazys-puida-magnus-dux\/"]}]},{"@type":"ImageObject","inLanguage":"en-GB","@id":"https:\/\/skaitytaknyga.lt\/produktas\/kazys-puida-magnus-dux\/#primaryimage","url":"https:\/\/skaitytaknyga.lt\/wp-content\/uploads\/2024\/05\/magnus-dux-3-e1680776496212.jpg","contentUrl":"https:\/\/skaitytaknyga.lt\/wp-content\/uploads\/2024\/05\/magnus-dux-3-e1680776496212.jpg","width":437,"height":685},{"@type":"BreadcrumbList","@id":"https:\/\/skaitytaknyga.lt\/produktas\/kazys-puida-magnus-dux\/#breadcrumb","itemListElement":[{"@type":"ListItem","position":1,"name":"Home","item":"https:\/\/skaitytaknyga.lt\/"},{"@type":"ListItem","position":2,"name":"Parduotuv\u0117","item":"https:\/\/skaitytaknyga.lt\/knygu-parduotuve\/"},{"@type":"ListItem","position":3,"name":"Kazys Puida \u201eMagnus Dux\u201c"}]},{"@type":"WebSite","@id":"https:\/\/skaitytaknyga.lt\/#website","url":"https:\/\/skaitytaknyga.lt\/","name":"skaitytaknyga.lt","description":"Skaitytaknyga.lt \u2013 tai ma\u017eas \u0161eimos verslas, kuris prasid\u0117jo nuo meil\u0117s knygoms ir siekio i\u0161gelb\u0117ti knygas nuo likimo prie konteinerio. Kas vienam nereikalingas daiktas \u2013 kitam lobis, o mes esame tarpininkai, kurie padeda abiems tapti laimingesniems ???? \u017dinome kaip nelengva i\u0161gyventi ma\u017eiems verslams, tad nuo \u0161iol, \u010dia rasite ir kit\u0173, ma\u017e\u0173 \u0161eim\u0173 versl\u0173, rank\u0173 darbo, dovan\u0173 sau ir artimiesiems.","publisher":{"@id":"https:\/\/skaitytaknyga.lt\/#organization"},"potentialAction":[{"@type":"SearchAction","target":{"@type":"EntryPoint","urlTemplate":"https:\/\/skaitytaknyga.lt\/?s={search_term_string}"},"query-input":{"@type":"PropertyValueSpecification","valueRequired":true,"valueName":"search_term_string"}}],"inLanguage":"en-GB"},{"@type":"Organization","@id":"https:\/\/skaitytaknyga.lt\/#organization","name":"skaitytaknyga.lt","url":"https:\/\/skaitytaknyga.lt\/","logo":{"@type":"ImageObject","inLanguage":"en-GB","@id":"https:\/\/skaitytaknyga.lt\/#\/schema\/logo\/image\/","url":"https:\/\/skaitytaknyga.lt\/wp-content\/uploads\/2024\/05\/cropped-cropped-cropped-02_00843_jt3bggkj1j3HLc7SyY6rEUpg.jpeg","contentUrl":"https:\/\/skaitytaknyga.lt\/wp-content\/uploads\/2024\/05\/cropped-cropped-cropped-02_00843_jt3bggkj1j3HLc7SyY6rEUpg.jpeg","width":1600,"height":1600,"caption":"skaitytaknyga.lt"},"image":{"@id":"https:\/\/skaitytaknyga.lt\/#\/schema\/logo\/image\/"},"sameAs":["https:\/\/www.facebook.com\/skaitytaknyga\/"]}]}},"_links":{"self":[{"href":"https:\/\/skaitytaknyga.lt\/en\/wp-json\/wp\/v2\/product\/10978","targetHints":{"allow":["GET"]}}],"collection":[{"href":"https:\/\/skaitytaknyga.lt\/en\/wp-json\/wp\/v2\/product"}],"about":[{"href":"https:\/\/skaitytaknyga.lt\/en\/wp-json\/wp\/v2\/types\/product"}],"replies":[{"embeddable":true,"href":"https:\/\/skaitytaknyga.lt\/en\/wp-json\/wp\/v2\/comments?post=10978"}],"wp:featuredmedia":[{"embeddable":true,"href":"https:\/\/skaitytaknyga.lt\/en\/wp-json\/wp\/v2\/media\/11018"}],"wp:attachment":[{"href":"https:\/\/skaitytaknyga.lt\/en\/wp-json\/wp\/v2\/media?parent=10978"}],"wp:term":[{"taxonomy":"product_brand","embeddable":true,"href":"https:\/\/skaitytaknyga.lt\/en\/wp-json\/wp\/v2\/product_brand?post=10978"},{"taxonomy":"product_cat","embeddable":true,"href":"https:\/\/skaitytaknyga.lt\/en\/wp-json\/wp\/v2\/product_cat?post=10978"},{"taxonomy":"product_tag","embeddable":true,"href":"https:\/\/skaitytaknyga.lt\/en\/wp-json\/wp\/v2\/product_tag?post=10978"}],"curies":[{"name":"wp","href":"https:\/\/api.w.org\/{rel}","templated":true}]}}