{"id":10958,"date":"2024-05-04T19:22:09","date_gmt":"2024-05-04T19:22:09","guid":{"rendered":"https:\/\/skaitytaknyga.lt\/?post_type=product&#038;p=10958"},"modified":"2026-03-18T14:59:55","modified_gmt":"2026-03-18T12:59:55","slug":"lietuvos-tsr-istorija-nuo-seniausiu-laiku-iki-1917-metu-t-1","status":"publish","type":"product","link":"https:\/\/skaitytaknyga.lt\/en\/produktas\/lietuvos-tsr-istorija-nuo-seniausiu-laiku-iki-1917-metu-t-1\/","title":{"rendered":"Lietuvos TSR istorija : Nuo seniausi\u0173 laik\u0173 iki 1917 met\u0173 T. 1"},"content":{"rendered":"<p>Nuo seniausi\u0173 laik\u0173 iki 1917 met\u0173. Dvitomio pirmajame tome nagrin\u0117jama Lietuvos socialin\u0117 &#8211; ekonomin\u0117, politin\u0117 ir kult\u016brin\u0117 raida nuo seniausi\u0173 laik\u0173, klasin\u0117s visuomen\u0117s atsiradimas, feodaliniai santykiai, baud\u017eiavin\u0117s santvarkos irimas ir kapitalizmo formavimasis. Nu\u0161vie\u010diamas darbinink\u0173 jud\u0117jimas, 1905-1907 m. revoliucija, Pirmojo pasaulinio karo ir Vasario bur\u017euazin\u0117s-demokratin\u0117s revoliucijos \u012fvykiai. Skiriama visuomenini\u0173 moksl\u0173 specialistams, auk\u0161t\u0173j\u0173 mokykl\u0173 studentams, visiems, kas domisi istorija.<\/p>\n<div class=\"fb-share-button\" data-href=\"https:\/\/developers.facebook.com\/docs\/plugins\/\" data-layout=\"button\" data-size=\"small\"><\/div>\n","protected":false},"excerpt":{"rendered":"<p>Nuo seniausi\u0173 laik\u0173 iki 1917 met\u0173. Dvitomio pirmajame tome nagrin\u0117jama Lietuvos socialin\u0117 &#8211; ekonomin\u0117, politin\u0117 ir kult\u016brin\u0117 raida nuo seniausi\u0173 laik\u0173, klasin\u0117s visuomen\u0117s atsiradimas, feodaliniai santykiai, baud\u017eiavin\u0117s santvarkos irimas ir kapitalizmo formavimasis. Nu\u0161vie\u010diamas darbinink\u0173 jud\u0117jimas, 1905-1907 m. revoliucija, Pirmojo pasaulinio karo ir Vasario bur\u017euazin\u0117s-demokratin\u0117s revoliucijos \u012fvykiai. Skiriama visuomenini\u0173 moksl\u0173 specialistams, auk\u0161t\u0173j\u0173 mokykl\u0173 studentams, visiems, kas domisi istorija.<\/p>\n<div class=\"fb-share-button\" data-href=\"https:\/\/developers.facebook.com\/docs\/plugins\/\" data-layout=\"button\" data-size=\"small\"><\/div>\n<div class=\"fb-share-button\" data-href=\"https:\/\/developers.facebook.com\/docs\/plugins\/\" data-layout=\"button\" data-size=\"small\"><\/div>\n","protected":false},"featured_media":10992,"comment_status":"closed","ping_status":"closed","template":"","meta":{"_acf_changed":false,"site-sidebar-layout":"default","site-content-layout":"","ast-site-content-layout":"default","site-content-style":"default","site-sidebar-style":"default","ast-global-header-display":"","ast-banner-title-visibility":"","ast-main-header-display":"","ast-hfb-above-header-display":"","ast-hfb-below-header-display":"","ast-hfb-mobile-header-display":"","site-post-title":"","ast-breadcrumbs-content":"","ast-featured-img":"","footer-sml-layout":"","ast-disable-related-posts":"","theme-transparent-header-meta":"","adv-header-id-meta":"","stick-header-meta":"","header-above-stick-meta":"","header-main-stick-meta":"","header-below-stick-meta":"","astra-migrate-meta-layouts":"default","ast-page-background-enabled":"default","ast-page-background-meta":{"desktop":{"background-color":"","background-image":"","background-repeat":"repeat","background-position":"center center","background-size":"auto","background-attachment":"scroll","background-type":"","background-media":"","overlay-type":"","overlay-color":"","overlay-opacity":"","overlay-gradient":""},"tablet":{"background-color":"","background-image":"","background-repeat":"repeat","background-position":"center center","background-size":"auto","background-attachment":"scroll","background-type":"","background-media":"","overlay-type":"","overlay-color":"","overlay-opacity":"","overlay-gradient":""},"mobile":{"background-color":"","background-image":"","background-repeat":"repeat","background-position":"center center","background-size":"auto","background-attachment":"scroll","background-type":"","background-media":"","overlay-type":"","overlay-color":"","overlay-opacity":"","overlay-gradient":""}},"ast-content-background-meta":{"desktop":{"background-color":"var(--ast-global-color-4)","background-image":"","background-repeat":"repeat","background-position":"center center","background-size":"auto","background-attachment":"scroll","background-type":"","background-media":"","overlay-type":"","overlay-color":"","overlay-opacity":"","overlay-gradient":""},"tablet":{"background-color":"var(--ast-global-color-4)","background-image":"","background-repeat":"repeat","background-position":"center center","background-size":"auto","background-attachment":"scroll","background-type":"","background-media":"","overlay-type":"","overlay-color":"","overlay-opacity":"","overlay-gradient":""},"mobile":{"background-color":"var(--ast-global-color-4)","background-image":"","background-repeat":"repeat","background-position":"center center","background-size":"auto","background-attachment":"scroll","background-type":"","background-media":"","overlay-type":"","overlay-color":"","overlay-opacity":"","overlay-gradient":""}}},"product_brand":[],"product_cat":[9862,174],"product_tag":[],"class_list":{"0":"post-10958","1":"product","2":"type-product","3":"status-publish","4":"has-post-thumbnail","6":"product_cat-lietuvos-istorija","7":"product_cat-istorija-ir-politologija","8":"pa_leidimo-metai-680","9":"desktop-align-left","10":"tablet-align-left","11":"mobile-align-left","13":"first","14":"instock","15":"shipping-taxable","16":"purchasable","17":"product-type-simple"},"acf":[],"yoast_head":"<!-- This site is optimized with the Yoast SEO plugin v27.0 - https:\/\/yoast.com\/product\/yoast-seo-wordpress\/ -->\n<title>Lietuvos TSR istorija : Nuo seniausi\u0173 laik\u0173 iki 1917 met\u0173 T. 1<\/title>\n<meta name=\"description\" content=\"Nuo seniausi\u0173 laik\u0173 iki 1917 met\u0173. Dvitomio pirmajame tome nagrin\u0117jama Lietuvos socialin\u0117 - ekonomin\u0117, politin\u0117 ir kult\u016brin\u0117 raida nuo seniausi\u0173 laik\u0173, klasin\u0117s visuomen\u0117s atsiradimas, feodaliniai santykiai, baud\u017eiavin\u0117s santvarkos irimas ir kapitalizmo formavimasis. Nu\u0161vie\u010diamas darbinink\u0173 jud\u0117jimas, 1905-1907 m. revoliucija, Pirmojo pasaulinio karo ir Vasario bur\u017euazin\u0117s-demokratin\u0117s revoliucijos \u012fvykiai. Skiriama visuomenini\u0173 moksl\u0173 specialistams, auk\u0161t\u0173j\u0173 mokykl\u0173 studentams, visiems, kas domisi istorija.\" \/>\n<meta name=\"robots\" content=\"index, follow, max-snippet:-1, max-image-preview:large, max-video-preview:-1\" \/>\n<link rel=\"canonical\" href=\"https:\/\/skaitytaknyga.lt\/en\/produktas\/lietuvos-tsr-istorija-nuo-seniausiu-laiku-iki-1917-metu-t-1\/\" \/>\n<meta property=\"og:locale\" content=\"en_GB\" \/>\n<meta property=\"og:locale:alternate\" content=\"lt_LT\" \/>\n<meta property=\"og:type\" content=\"article\" \/>\n<meta property=\"og:title\" content=\"Lietuvos TSR istorija : Nuo seniausi\u0173 laik\u0173 iki 1917 met\u0173 T. 1\" \/>\n<meta property=\"og:description\" content=\"Nuo seniausi\u0173 laik\u0173 iki 1917 met\u0173. Dvitomio pirmajame tome nagrin\u0117jama Lietuvos socialin\u0117 - ekonomin\u0117, politin\u0117 ir kult\u016brin\u0117 raida nuo seniausi\u0173 laik\u0173, klasin\u0117s visuomen\u0117s atsiradimas, feodaliniai santykiai, baud\u017eiavin\u0117s santvarkos irimas ir kapitalizmo formavimasis. Nu\u0161vie\u010diamas darbinink\u0173 jud\u0117jimas, 1905-1907 m. revoliucija, Pirmojo pasaulinio karo ir Vasario bur\u017euazin\u0117s-demokratin\u0117s revoliucijos \u012fvykiai. Skiriama visuomenini\u0173 moksl\u0173 specialistams, auk\u0161t\u0173j\u0173 mokykl\u0173 studentams, visiems, kas domisi istorija.\" \/>\n<meta property=\"og:url\" content=\"https:\/\/skaitytaknyga.lt\/en\/produktas\/lietuvos-tsr-istorija-nuo-seniausiu-laiku-iki-1917-metu-t-1\/\" \/>\n<meta property=\"og:site_name\" content=\"Skaitytaknyga\" \/>\n<meta property=\"article:publisher\" content=\"https:\/\/www.facebook.com\/skaitytaknyga\/\" \/>\n<meta property=\"article:modified_time\" content=\"2026-03-18T12:59:55+00:00\" \/>\n<meta property=\"og:image\" content=\"https:\/\/skaitytaknyga.lt\/wp-content\/uploads\/2024\/05\/lietuvos-tsr-istorija-nuo-seniausiu-laiku-iki-1917-m.jpg\" \/>\n\t<meta property=\"og:image:width\" content=\"458\" \/>\n\t<meta property=\"og:image:height\" content=\"458\" \/>\n\t<meta property=\"og:image:type\" content=\"image\/jpeg\" \/>\n<meta name=\"twitter:card\" content=\"summary_large_image\" \/>\n<script type=\"application\/ld+json\" class=\"yoast-schema-graph\">{\"@context\":\"https:\/\/schema.org\",\"@graph\":[{\"@type\":\"WebPage\",\"@id\":\"https:\/\/skaitytaknyga.lt\/produktas\/lietuvos-tsr-istorija-nuo-seniausiu-laiku-iki-1917-metu-t-1\/\",\"url\":\"https:\/\/skaitytaknyga.lt\/produktas\/lietuvos-tsr-istorija-nuo-seniausiu-laiku-iki-1917-metu-t-1\/\",\"name\":\"Lietuvos TSR istorija : Nuo seniausi\u0173 laik\u0173 iki 1917 met\u0173 T. 1\",\"isPartOf\":{\"@id\":\"https:\/\/skaitytaknyga.lt\/#website\"},\"primaryImageOfPage\":{\"@id\":\"https:\/\/skaitytaknyga.lt\/produktas\/lietuvos-tsr-istorija-nuo-seniausiu-laiku-iki-1917-metu-t-1\/#primaryimage\"},\"image\":{\"@id\":\"https:\/\/skaitytaknyga.lt\/produktas\/lietuvos-tsr-istorija-nuo-seniausiu-laiku-iki-1917-metu-t-1\/#primaryimage\"},\"thumbnailUrl\":\"https:\/\/skaitytaknyga.lt\/wp-content\/uploads\/2024\/05\/lietuvos-tsr-istorija-nuo-seniausiu-laiku-iki-1917-m.jpg\",\"datePublished\":\"2024-05-04T19:22:09+00:00\",\"dateModified\":\"2026-03-18T12:59:55+00:00\",\"description\":\"Nuo seniausi\u0173 laik\u0173 iki 1917 met\u0173. Dvitomio pirmajame tome nagrin\u0117jama Lietuvos socialin\u0117 - ekonomin\u0117, politin\u0117 ir kult\u016brin\u0117 raida nuo seniausi\u0173 laik\u0173, klasin\u0117s visuomen\u0117s atsiradimas, feodaliniai santykiai, baud\u017eiavin\u0117s santvarkos irimas ir kapitalizmo formavimasis. Nu\u0161vie\u010diamas darbinink\u0173 jud\u0117jimas, 1905-1907 m. revoliucija, Pirmojo pasaulinio karo ir Vasario bur\u017euazin\u0117s-demokratin\u0117s revoliucijos \u012fvykiai. Skiriama visuomenini\u0173 moksl\u0173 specialistams, auk\u0161t\u0173j\u0173 mokykl\u0173 studentams, visiems, kas domisi istorija.\",\"breadcrumb\":{\"@id\":\"https:\/\/skaitytaknyga.lt\/produktas\/lietuvos-tsr-istorija-nuo-seniausiu-laiku-iki-1917-metu-t-1\/#breadcrumb\"},\"inLanguage\":\"en-GB\",\"potentialAction\":[{\"@type\":\"ReadAction\",\"target\":[\"https:\/\/skaitytaknyga.lt\/produktas\/lietuvos-tsr-istorija-nuo-seniausiu-laiku-iki-1917-metu-t-1\/\"]}]},{\"@type\":\"ImageObject\",\"inLanguage\":\"en-GB\",\"@id\":\"https:\/\/skaitytaknyga.lt\/produktas\/lietuvos-tsr-istorija-nuo-seniausiu-laiku-iki-1917-metu-t-1\/#primaryimage\",\"url\":\"https:\/\/skaitytaknyga.lt\/wp-content\/uploads\/2024\/05\/lietuvos-tsr-istorija-nuo-seniausiu-laiku-iki-1917-m.jpg\",\"contentUrl\":\"https:\/\/skaitytaknyga.lt\/wp-content\/uploads\/2024\/05\/lietuvos-tsr-istorija-nuo-seniausiu-laiku-iki-1917-m.jpg\",\"width\":458,\"height\":458},{\"@type\":\"BreadcrumbList\",\"@id\":\"https:\/\/skaitytaknyga.lt\/produktas\/lietuvos-tsr-istorija-nuo-seniausiu-laiku-iki-1917-metu-t-1\/#breadcrumb\",\"itemListElement\":[{\"@type\":\"ListItem\",\"position\":1,\"name\":\"Home\",\"item\":\"https:\/\/skaitytaknyga.lt\/\"},{\"@type\":\"ListItem\",\"position\":2,\"name\":\"Parduotuv\u0117\",\"item\":\"https:\/\/skaitytaknyga.lt\/knygu-parduotuve\/\"},{\"@type\":\"ListItem\",\"position\":3,\"name\":\"Lietuvos TSR istorija : Nuo seniausi\u0173 laik\u0173 iki 1917 met\u0173 T. 1\"}]},{\"@type\":\"WebSite\",\"@id\":\"https:\/\/skaitytaknyga.lt\/#website\",\"url\":\"https:\/\/skaitytaknyga.lt\/\",\"name\":\"skaitytaknyga.lt\",\"description\":\"Skaitytaknyga.lt \u2013 tai ma\u017eas \u0161eimos verslas, kuris prasid\u0117jo nuo meil\u0117s knygoms ir siekio i\u0161gelb\u0117ti knygas nuo likimo prie konteinerio. Kas vienam nereikalingas daiktas \u2013 kitam lobis, o mes esame tarpininkai, kurie padeda abiems tapti laimingesniems ???? \u017dinome kaip nelengva i\u0161gyventi ma\u017eiems verslams, tad nuo \u0161iol, \u010dia rasite ir kit\u0173, ma\u017e\u0173 \u0161eim\u0173 versl\u0173, rank\u0173 darbo, dovan\u0173 sau ir artimiesiems.\",\"publisher\":{\"@id\":\"https:\/\/skaitytaknyga.lt\/#organization\"},\"potentialAction\":[{\"@type\":\"SearchAction\",\"target\":{\"@type\":\"EntryPoint\",\"urlTemplate\":\"https:\/\/skaitytaknyga.lt\/?s={search_term_string}\"},\"query-input\":{\"@type\":\"PropertyValueSpecification\",\"valueRequired\":true,\"valueName\":\"search_term_string\"}}],\"inLanguage\":\"en-GB\"},{\"@type\":\"Organization\",\"@id\":\"https:\/\/skaitytaknyga.lt\/#organization\",\"name\":\"skaitytaknyga.lt\",\"url\":\"https:\/\/skaitytaknyga.lt\/\",\"logo\":{\"@type\":\"ImageObject\",\"inLanguage\":\"en-GB\",\"@id\":\"https:\/\/skaitytaknyga.lt\/#\/schema\/logo\/image\/\",\"url\":\"https:\/\/skaitytaknyga.lt\/wp-content\/uploads\/2024\/05\/cropped-cropped-cropped-02_00843_jt3bggkj1j3HLc7SyY6rEUpg.jpeg\",\"contentUrl\":\"https:\/\/skaitytaknyga.lt\/wp-content\/uploads\/2024\/05\/cropped-cropped-cropped-02_00843_jt3bggkj1j3HLc7SyY6rEUpg.jpeg\",\"width\":1600,\"height\":1600,\"caption\":\"skaitytaknyga.lt\"},\"image\":{\"@id\":\"https:\/\/skaitytaknyga.lt\/#\/schema\/logo\/image\/\"},\"sameAs\":[\"https:\/\/www.facebook.com\/skaitytaknyga\/\"]}]}<\/script>\n<!-- \/ Yoast SEO plugin. -->","yoast_head_json":{"title":"Lietuvos TSR istorija : Nuo seniausi\u0173 laik\u0173 iki 1917 met\u0173 T. 1","description":"Nuo seniausi\u0173 laik\u0173 iki 1917 met\u0173. Dvitomio pirmajame tome nagrin\u0117jama Lietuvos socialin\u0117 - ekonomin\u0117, politin\u0117 ir kult\u016brin\u0117 raida nuo seniausi\u0173 laik\u0173, klasin\u0117s visuomen\u0117s atsiradimas, feodaliniai santykiai, baud\u017eiavin\u0117s santvarkos irimas ir kapitalizmo formavimasis. Nu\u0161vie\u010diamas darbinink\u0173 jud\u0117jimas, 1905-1907 m. revoliucija, Pirmojo pasaulinio karo ir Vasario bur\u017euazin\u0117s-demokratin\u0117s revoliucijos \u012fvykiai. Skiriama visuomenini\u0173 moksl\u0173 specialistams, auk\u0161t\u0173j\u0173 mokykl\u0173 studentams, visiems, kas domisi istorija.","robots":{"index":"index","follow":"follow","max-snippet":"max-snippet:-1","max-image-preview":"max-image-preview:large","max-video-preview":"max-video-preview:-1"},"canonical":"https:\/\/skaitytaknyga.lt\/en\/produktas\/lietuvos-tsr-istorija-nuo-seniausiu-laiku-iki-1917-metu-t-1\/","og_locale":"en_GB","og_type":"article","og_title":"[:lt]Lietuvos TSR istorija : Nuo seniausi\u0173 laik\u0173 iki 1917 met\u0173 T. 1[:] - Skaitytaknyga","og_description":"Nuo seniausi\u0173 laik\u0173 iki 1917 met\u0173. Dvitomio pirmajame tome nagrin\u0117jama Lietuvos socialin\u0117 - ekonomin\u0117, politin\u0117 ir kult\u016brin\u0117 raida nuo seniausi\u0173 laik\u0173, klasin\u0117s visuomen\u0117s atsiradimas, feodaliniai santykiai, baud\u017eiavin\u0117s santvarkos irimas ir kapitalizmo formavimasis. Nu\u0161vie\u010diamas darbinink\u0173 jud\u0117jimas, 1905-1907 m. revoliucija, Pirmojo pasaulinio karo ir Vasario bur\u017euazin\u0117s-demokratin\u0117s revoliucijos \u012fvykiai. Skiriama visuomenini\u0173 moksl\u0173 specialistams, auk\u0161t\u0173j\u0173 mokykl\u0173 studentams, visiems, kas domisi istorija.","og_url":"https:\/\/skaitytaknyga.lt\/en\/produktas\/lietuvos-tsr-istorija-nuo-seniausiu-laiku-iki-1917-metu-t-1\/","og_site_name":"Skaitytaknyga","article_publisher":"https:\/\/www.facebook.com\/skaitytaknyga\/","article_modified_time":"2026-03-18T12:59:55+00:00","og_image":[{"width":458,"height":458,"url":"https:\/\/skaitytaknyga.lt\/wp-content\/uploads\/2024\/05\/lietuvos-tsr-istorija-nuo-seniausiu-laiku-iki-1917-m.jpg","type":"image\/jpeg"}],"twitter_card":"summary_large_image","schema":{"@context":"https:\/\/schema.org","@graph":[{"@type":"WebPage","@id":"https:\/\/skaitytaknyga.lt\/produktas\/lietuvos-tsr-istorija-nuo-seniausiu-laiku-iki-1917-metu-t-1\/","url":"https:\/\/skaitytaknyga.lt\/produktas\/lietuvos-tsr-istorija-nuo-seniausiu-laiku-iki-1917-metu-t-1\/","name":"Lietuvos TSR istorija : Nuo seniausi\u0173 laik\u0173 iki 1917 met\u0173 T. 1","isPartOf":{"@id":"https:\/\/skaitytaknyga.lt\/#website"},"primaryImageOfPage":{"@id":"https:\/\/skaitytaknyga.lt\/produktas\/lietuvos-tsr-istorija-nuo-seniausiu-laiku-iki-1917-metu-t-1\/#primaryimage"},"image":{"@id":"https:\/\/skaitytaknyga.lt\/produktas\/lietuvos-tsr-istorija-nuo-seniausiu-laiku-iki-1917-metu-t-1\/#primaryimage"},"thumbnailUrl":"https:\/\/skaitytaknyga.lt\/wp-content\/uploads\/2024\/05\/lietuvos-tsr-istorija-nuo-seniausiu-laiku-iki-1917-m.jpg","datePublished":"2024-05-04T19:22:09+00:00","dateModified":"2026-03-18T12:59:55+00:00","description":"Nuo seniausi\u0173 laik\u0173 iki 1917 met\u0173. Dvitomio pirmajame tome nagrin\u0117jama Lietuvos socialin\u0117 - ekonomin\u0117, politin\u0117 ir kult\u016brin\u0117 raida nuo seniausi\u0173 laik\u0173, klasin\u0117s visuomen\u0117s atsiradimas, feodaliniai santykiai, baud\u017eiavin\u0117s santvarkos irimas ir kapitalizmo formavimasis. Nu\u0161vie\u010diamas darbinink\u0173 jud\u0117jimas, 1905-1907 m. revoliucija, Pirmojo pasaulinio karo ir Vasario bur\u017euazin\u0117s-demokratin\u0117s revoliucijos \u012fvykiai. Skiriama visuomenini\u0173 moksl\u0173 specialistams, auk\u0161t\u0173j\u0173 mokykl\u0173 studentams, visiems, kas domisi istorija.","breadcrumb":{"@id":"https:\/\/skaitytaknyga.lt\/produktas\/lietuvos-tsr-istorija-nuo-seniausiu-laiku-iki-1917-metu-t-1\/#breadcrumb"},"inLanguage":"en-GB","potentialAction":[{"@type":"ReadAction","target":["https:\/\/skaitytaknyga.lt\/produktas\/lietuvos-tsr-istorija-nuo-seniausiu-laiku-iki-1917-metu-t-1\/"]}]},{"@type":"ImageObject","inLanguage":"en-GB","@id":"https:\/\/skaitytaknyga.lt\/produktas\/lietuvos-tsr-istorija-nuo-seniausiu-laiku-iki-1917-metu-t-1\/#primaryimage","url":"https:\/\/skaitytaknyga.lt\/wp-content\/uploads\/2024\/05\/lietuvos-tsr-istorija-nuo-seniausiu-laiku-iki-1917-m.jpg","contentUrl":"https:\/\/skaitytaknyga.lt\/wp-content\/uploads\/2024\/05\/lietuvos-tsr-istorija-nuo-seniausiu-laiku-iki-1917-m.jpg","width":458,"height":458},{"@type":"BreadcrumbList","@id":"https:\/\/skaitytaknyga.lt\/produktas\/lietuvos-tsr-istorija-nuo-seniausiu-laiku-iki-1917-metu-t-1\/#breadcrumb","itemListElement":[{"@type":"ListItem","position":1,"name":"Home","item":"https:\/\/skaitytaknyga.lt\/"},{"@type":"ListItem","position":2,"name":"Parduotuv\u0117","item":"https:\/\/skaitytaknyga.lt\/knygu-parduotuve\/"},{"@type":"ListItem","position":3,"name":"Lietuvos TSR istorija : Nuo seniausi\u0173 laik\u0173 iki 1917 met\u0173 T. 1"}]},{"@type":"WebSite","@id":"https:\/\/skaitytaknyga.lt\/#website","url":"https:\/\/skaitytaknyga.lt\/","name":"skaitytaknyga.lt","description":"Skaitytaknyga.lt \u2013 tai ma\u017eas \u0161eimos verslas, kuris prasid\u0117jo nuo meil\u0117s knygoms ir siekio i\u0161gelb\u0117ti knygas nuo likimo prie konteinerio. Kas vienam nereikalingas daiktas \u2013 kitam lobis, o mes esame tarpininkai, kurie padeda abiems tapti laimingesniems ???? \u017dinome kaip nelengva i\u0161gyventi ma\u017eiems verslams, tad nuo \u0161iol, \u010dia rasite ir kit\u0173, ma\u017e\u0173 \u0161eim\u0173 versl\u0173, rank\u0173 darbo, dovan\u0173 sau ir artimiesiems.","publisher":{"@id":"https:\/\/skaitytaknyga.lt\/#organization"},"potentialAction":[{"@type":"SearchAction","target":{"@type":"EntryPoint","urlTemplate":"https:\/\/skaitytaknyga.lt\/?s={search_term_string}"},"query-input":{"@type":"PropertyValueSpecification","valueRequired":true,"valueName":"search_term_string"}}],"inLanguage":"en-GB"},{"@type":"Organization","@id":"https:\/\/skaitytaknyga.lt\/#organization","name":"skaitytaknyga.lt","url":"https:\/\/skaitytaknyga.lt\/","logo":{"@type":"ImageObject","inLanguage":"en-GB","@id":"https:\/\/skaitytaknyga.lt\/#\/schema\/logo\/image\/","url":"https:\/\/skaitytaknyga.lt\/wp-content\/uploads\/2024\/05\/cropped-cropped-cropped-02_00843_jt3bggkj1j3HLc7SyY6rEUpg.jpeg","contentUrl":"https:\/\/skaitytaknyga.lt\/wp-content\/uploads\/2024\/05\/cropped-cropped-cropped-02_00843_jt3bggkj1j3HLc7SyY6rEUpg.jpeg","width":1600,"height":1600,"caption":"skaitytaknyga.lt"},"image":{"@id":"https:\/\/skaitytaknyga.lt\/#\/schema\/logo\/image\/"},"sameAs":["https:\/\/www.facebook.com\/skaitytaknyga\/"]}]}},"_links":{"self":[{"href":"https:\/\/skaitytaknyga.lt\/en\/wp-json\/wp\/v2\/product\/10958","targetHints":{"allow":["GET"]}}],"collection":[{"href":"https:\/\/skaitytaknyga.lt\/en\/wp-json\/wp\/v2\/product"}],"about":[{"href":"https:\/\/skaitytaknyga.lt\/en\/wp-json\/wp\/v2\/types\/product"}],"replies":[{"embeddable":true,"href":"https:\/\/skaitytaknyga.lt\/en\/wp-json\/wp\/v2\/comments?post=10958"}],"wp:featuredmedia":[{"embeddable":true,"href":"https:\/\/skaitytaknyga.lt\/en\/wp-json\/wp\/v2\/media\/10992"}],"wp:attachment":[{"href":"https:\/\/skaitytaknyga.lt\/en\/wp-json\/wp\/v2\/media?parent=10958"}],"wp:term":[{"taxonomy":"product_brand","embeddable":true,"href":"https:\/\/skaitytaknyga.lt\/en\/wp-json\/wp\/v2\/product_brand?post=10958"},{"taxonomy":"product_cat","embeddable":true,"href":"https:\/\/skaitytaknyga.lt\/en\/wp-json\/wp\/v2\/product_cat?post=10958"},{"taxonomy":"product_tag","embeddable":true,"href":"https:\/\/skaitytaknyga.lt\/en\/wp-json\/wp\/v2\/product_tag?post=10958"}],"curies":[{"name":"wp","href":"https:\/\/api.w.org\/{rel}","templated":true}]}}