{"id":10952,"date":"2024-05-04T19:21:44","date_gmt":"2024-05-04T19:21:44","guid":{"rendered":"https:\/\/skaitytaknyga.lt\/?post_type=product&#038;p=10952"},"modified":"2024-07-15T09:56:59","modified_gmt":"2024-07-15T06:56:59","slug":"poul-anderson-laiko-patrulis-pfaf-33","status":"publish","type":"product","link":"https:\/\/skaitytaknyga.lt\/en\/produktas\/poul-anderson-laiko-patrulis-pfaf-33\/","title":{"rendered":"Poul Anderson \u201eLaiko patrulis\u201c  (PFAF 33)"},"content":{"rendered":"<div class=\"book-descript-wrapper\">\n<section class=\"product-descript more-content-wrapper\">\n<div class=\"\">\n<p>Kelion\u0117s laike suk\u0117l\u0117 begal\u0119 problem\u0173 sergstint Istorij\u0105 nuo \u0161izofrenik\u0173, maniak\u0173 ar \u0161iaip \u017eiauri\u0173 piktadari\u0173. Mensas Everardas, Laiko patrulio agentas, saugo \u017emonijos praeit\u012f, dabart\u012f bei ateit\u012f nuo galimo sunaikinimo.<\/p>\n<\/div>\n<\/section>\n<\/div>\n","protected":false},"excerpt":{"rendered":"<div class=\"book-descript-wrapper\">\n<section class=\"product-descript more-content-wrapper\">\n<div class=\"\">\n<p>Kelion\u0117s laike suk\u0117l\u0117 begal\u0119 problem\u0173 sergstint Istorij\u0105 nuo \u0161izofrenik\u0173, maniak\u0173 ar \u0161iaip \u017eiauri\u0173 piktadari\u0173. Mensas Everardas, Laiko patrulio agentas, saugo \u017emonijos praeit\u012f, dabart\u012f bei ateit\u012f nuo galimo sunaikinimo<\/p>\n<\/div>\n<\/section>\n<\/div>\n","protected":false},"featured_media":10991,"comment_status":"closed","ping_status":"closed","template":"","meta":{"_acf_changed":false,"site-sidebar-layout":"default","site-content-layout":"","ast-site-content-layout":"default","site-content-style":"default","site-sidebar-style":"default","ast-global-header-display":"","ast-banner-title-visibility":"","ast-main-header-display":"","ast-hfb-above-header-display":"","ast-hfb-below-header-display":"","ast-hfb-mobile-header-display":"","site-post-title":"","ast-breadcrumbs-content":"","ast-featured-img":"","footer-sml-layout":"","ast-disable-related-posts":"","theme-transparent-header-meta":"","adv-header-id-meta":"","stick-header-meta":"","header-above-stick-meta":"","header-main-stick-meta":"","header-below-stick-meta":"","astra-migrate-meta-layouts":"default","ast-page-background-enabled":"default","ast-page-background-meta":{"desktop":{"background-color":"","background-image":"","background-repeat":"repeat","background-position":"center center","background-size":"auto","background-attachment":"scroll","background-type":"","background-media":"","overlay-type":"","overlay-color":"","overlay-opacity":"","overlay-gradient":""},"tablet":{"background-color":"","background-image":"","background-repeat":"repeat","background-position":"center center","background-size":"auto","background-attachment":"scroll","background-type":"","background-media":"","overlay-type":"","overlay-color":"","overlay-opacity":"","overlay-gradient":""},"mobile":{"background-color":"","background-image":"","background-repeat":"repeat","background-position":"center center","background-size":"auto","background-attachment":"scroll","background-type":"","background-media":"","overlay-type":"","overlay-color":"","overlay-opacity":"","overlay-gradient":""}},"ast-content-background-meta":{"desktop":{"background-color":"var(--ast-global-color-4)","background-image":"","background-repeat":"repeat","background-position":"center center","background-size":"auto","background-attachment":"scroll","background-type":"","background-media":"","overlay-type":"","overlay-color":"","overlay-opacity":"","overlay-gradient":""},"tablet":{"background-color":"var(--ast-global-color-4)","background-image":"","background-repeat":"repeat","background-position":"center center","background-size":"auto","background-attachment":"scroll","background-type":"","background-media":"","overlay-type":"","overlay-color":"","overlay-opacity":"","overlay-gradient":""},"mobile":{"background-color":"var(--ast-global-color-4)","background-image":"","background-repeat":"repeat","background-position":"center center","background-size":"auto","background-attachment":"scroll","background-type":"","background-media":"","overlay-type":"","overlay-color":"","overlay-opacity":"","overlay-gradient":""}}},"product_brand":[],"product_cat":[1059],"product_tag":[],"class_list":{"0":"post-10952","1":"product","2":"type-product","3":"status-publish","4":"has-post-thumbnail","6":"product_cat-pasaulines-fantastikos-aukso-fondas","7":"desktop-align-left","8":"tablet-align-left","9":"mobile-align-left","11":"first","12":"instock","13":"shipping-taxable","14":"purchasable","15":"product-type-simple"},"acf":[],"yoast_head":"<!-- This site is optimized with the Yoast SEO plugin v27.0 - https:\/\/yoast.com\/product\/yoast-seo-wordpress\/ -->\n<title>Poul Anderson \u201eLaiko patrulis\u201c (PFAF 33)<\/title>\n<meta name=\"description\" content=\"Kelion\u0117s laike suk\u0117l\u0117 begal\u0119 problem\u0173 sergstint Istorij\u0105 nuo \u0161izofrenik\u0173, maniak\u0173 ar \u0161iaip \u017eiauri\u0173 piktadari\u0173. Mensas Everardas, Laiko patrulio agentas, saugo \u017emonijos praeit\u012f, dabart\u012f bei ateit\u012f nuo galimo sunaikinimo\" \/>\n<meta name=\"robots\" content=\"index, follow, max-snippet:-1, max-image-preview:large, max-video-preview:-1\" \/>\n<link rel=\"canonical\" href=\"https:\/\/skaitytaknyga.lt\/en\/produktas\/poul-anderson-laiko-patrulis-pfaf-33\/\" \/>\n<meta property=\"og:locale\" content=\"en_GB\" \/>\n<meta property=\"og:locale:alternate\" content=\"lt_LT\" \/>\n<meta property=\"og:type\" content=\"article\" \/>\n<meta property=\"og:title\" content=\"Poul Anderson \u201eLaiko patrulis\u201c (PFAF 33)\" \/>\n<meta property=\"og:description\" content=\"Kelion\u0117s laike suk\u0117l\u0117 begal\u0119 problem\u0173 sergstint Istorij\u0105 nuo \u0161izofrenik\u0173, maniak\u0173 ar \u0161iaip \u017eiauri\u0173 piktadari\u0173. Mensas Everardas, Laiko patrulio agentas, saugo \u017emonijos praeit\u012f, dabart\u012f bei ateit\u012f nuo galimo sunaikinimo\" \/>\n<meta property=\"og:url\" content=\"https:\/\/skaitytaknyga.lt\/en\/produktas\/poul-anderson-laiko-patrulis-pfaf-33\/\" \/>\n<meta property=\"og:site_name\" content=\"Skaitytaknyga\" \/>\n<meta property=\"article:publisher\" content=\"https:\/\/www.facebook.com\/skaitytaknyga\/\" \/>\n<meta property=\"article:modified_time\" content=\"2024-07-15T06:56:59+00:00\" \/>\n<meta property=\"og:image\" content=\"https:\/\/skaitytaknyga.lt\/wp-content\/uploads\/2024\/05\/laiko-patrulis-33-knyga-anderson-poul.jpg\" \/>\n\t<meta property=\"og:image:width\" content=\"452\" \/>\n\t<meta property=\"og:image:height\" content=\"452\" \/>\n\t<meta property=\"og:image:type\" content=\"image\/jpeg\" \/>\n<meta name=\"twitter:card\" content=\"summary_large_image\" \/>\n<script type=\"application\/ld+json\" class=\"yoast-schema-graph\">{\"@context\":\"https:\/\/schema.org\",\"@graph\":[{\"@type\":\"WebPage\",\"@id\":\"https:\/\/skaitytaknyga.lt\/produktas\/poul-anderson-laiko-patrulis-pfaf-33\/\",\"url\":\"https:\/\/skaitytaknyga.lt\/produktas\/poul-anderson-laiko-patrulis-pfaf-33\/\",\"name\":\"Poul Anderson \u201eLaiko patrulis\u201c (PFAF 33)\",\"isPartOf\":{\"@id\":\"https:\/\/skaitytaknyga.lt\/#website\"},\"primaryImageOfPage\":{\"@id\":\"https:\/\/skaitytaknyga.lt\/produktas\/poul-anderson-laiko-patrulis-pfaf-33\/#primaryimage\"},\"image\":{\"@id\":\"https:\/\/skaitytaknyga.lt\/produktas\/poul-anderson-laiko-patrulis-pfaf-33\/#primaryimage\"},\"thumbnailUrl\":\"https:\/\/skaitytaknyga.lt\/wp-content\/uploads\/2024\/05\/laiko-patrulis-33-knyga-anderson-poul.jpg\",\"datePublished\":\"2024-05-04T19:21:44+00:00\",\"dateModified\":\"2024-07-15T06:56:59+00:00\",\"description\":\"Kelion\u0117s laike suk\u0117l\u0117 begal\u0119 problem\u0173 sergstint Istorij\u0105 nuo \u0161izofrenik\u0173, maniak\u0173 ar \u0161iaip \u017eiauri\u0173 piktadari\u0173. Mensas Everardas, Laiko patrulio agentas, saugo \u017emonijos praeit\u012f, dabart\u012f bei ateit\u012f nuo galimo sunaikinimo\",\"breadcrumb\":{\"@id\":\"https:\/\/skaitytaknyga.lt\/produktas\/poul-anderson-laiko-patrulis-pfaf-33\/#breadcrumb\"},\"inLanguage\":\"en-GB\",\"potentialAction\":[{\"@type\":\"ReadAction\",\"target\":[\"https:\/\/skaitytaknyga.lt\/produktas\/poul-anderson-laiko-patrulis-pfaf-33\/\"]}]},{\"@type\":\"ImageObject\",\"inLanguage\":\"en-GB\",\"@id\":\"https:\/\/skaitytaknyga.lt\/produktas\/poul-anderson-laiko-patrulis-pfaf-33\/#primaryimage\",\"url\":\"https:\/\/skaitytaknyga.lt\/wp-content\/uploads\/2024\/05\/laiko-patrulis-33-knyga-anderson-poul.jpg\",\"contentUrl\":\"https:\/\/skaitytaknyga.lt\/wp-content\/uploads\/2024\/05\/laiko-patrulis-33-knyga-anderson-poul.jpg\",\"width\":452,\"height\":452},{\"@type\":\"BreadcrumbList\",\"@id\":\"https:\/\/skaitytaknyga.lt\/produktas\/poul-anderson-laiko-patrulis-pfaf-33\/#breadcrumb\",\"itemListElement\":[{\"@type\":\"ListItem\",\"position\":1,\"name\":\"Home\",\"item\":\"https:\/\/skaitytaknyga.lt\/\"},{\"@type\":\"ListItem\",\"position\":2,\"name\":\"Parduotuv\u0117\",\"item\":\"https:\/\/skaitytaknyga.lt\/knygu-parduotuve\/\"},{\"@type\":\"ListItem\",\"position\":3,\"name\":\"Poul Anderson \u201eLaiko patrulis\u201c (PFAF 33)\"}]},{\"@type\":\"WebSite\",\"@id\":\"https:\/\/skaitytaknyga.lt\/#website\",\"url\":\"https:\/\/skaitytaknyga.lt\/\",\"name\":\"skaitytaknyga.lt\",\"description\":\"Skaitytaknyga.lt \u2013 tai ma\u017eas \u0161eimos verslas, kuris prasid\u0117jo nuo meil\u0117s knygoms ir siekio i\u0161gelb\u0117ti knygas nuo likimo prie konteinerio. Kas vienam nereikalingas daiktas \u2013 kitam lobis, o mes esame tarpininkai, kurie padeda abiems tapti laimingesniems ???? \u017dinome kaip nelengva i\u0161gyventi ma\u017eiems verslams, tad nuo \u0161iol, \u010dia rasite ir kit\u0173, ma\u017e\u0173 \u0161eim\u0173 versl\u0173, rank\u0173 darbo, dovan\u0173 sau ir artimiesiems.\",\"publisher\":{\"@id\":\"https:\/\/skaitytaknyga.lt\/#organization\"},\"potentialAction\":[{\"@type\":\"SearchAction\",\"target\":{\"@type\":\"EntryPoint\",\"urlTemplate\":\"https:\/\/skaitytaknyga.lt\/?s={search_term_string}\"},\"query-input\":{\"@type\":\"PropertyValueSpecification\",\"valueRequired\":true,\"valueName\":\"search_term_string\"}}],\"inLanguage\":\"en-GB\"},{\"@type\":\"Organization\",\"@id\":\"https:\/\/skaitytaknyga.lt\/#organization\",\"name\":\"skaitytaknyga.lt\",\"url\":\"https:\/\/skaitytaknyga.lt\/\",\"logo\":{\"@type\":\"ImageObject\",\"inLanguage\":\"en-GB\",\"@id\":\"https:\/\/skaitytaknyga.lt\/#\/schema\/logo\/image\/\",\"url\":\"https:\/\/skaitytaknyga.lt\/wp-content\/uploads\/2024\/05\/cropped-cropped-cropped-02_00843_jt3bggkj1j3HLc7SyY6rEUpg.jpeg\",\"contentUrl\":\"https:\/\/skaitytaknyga.lt\/wp-content\/uploads\/2024\/05\/cropped-cropped-cropped-02_00843_jt3bggkj1j3HLc7SyY6rEUpg.jpeg\",\"width\":1600,\"height\":1600,\"caption\":\"skaitytaknyga.lt\"},\"image\":{\"@id\":\"https:\/\/skaitytaknyga.lt\/#\/schema\/logo\/image\/\"},\"sameAs\":[\"https:\/\/www.facebook.com\/skaitytaknyga\/\"]}]}<\/script>\n<!-- \/ Yoast SEO plugin. -->","yoast_head_json":{"title":"Poul Anderson \u201eLaiko patrulis\u201c (PFAF 33)","description":"Kelion\u0117s laike suk\u0117l\u0117 begal\u0119 problem\u0173 sergstint Istorij\u0105 nuo \u0161izofrenik\u0173, maniak\u0173 ar \u0161iaip \u017eiauri\u0173 piktadari\u0173. Mensas Everardas, Laiko patrulio agentas, saugo \u017emonijos praeit\u012f, dabart\u012f bei ateit\u012f nuo galimo sunaikinimo","robots":{"index":"index","follow":"follow","max-snippet":"max-snippet:-1","max-image-preview":"max-image-preview:large","max-video-preview":"max-video-preview:-1"},"canonical":"https:\/\/skaitytaknyga.lt\/en\/produktas\/poul-anderson-laiko-patrulis-pfaf-33\/","og_locale":"en_GB","og_type":"article","og_title":"[:lt]Poul Anderson \u201eLaiko patrulis\u201c (PFAF 33)[:] - Skaitytaknyga","og_description":"Kelion\u0117s laike suk\u0117l\u0117 begal\u0119 problem\u0173 sergstint Istorij\u0105 nuo \u0161izofrenik\u0173, maniak\u0173 ar \u0161iaip \u017eiauri\u0173 piktadari\u0173. Mensas Everardas, Laiko patrulio agentas, saugo \u017emonijos praeit\u012f, dabart\u012f bei ateit\u012f nuo galimo sunaikinimo","og_url":"https:\/\/skaitytaknyga.lt\/en\/produktas\/poul-anderson-laiko-patrulis-pfaf-33\/","og_site_name":"Skaitytaknyga","article_publisher":"https:\/\/www.facebook.com\/skaitytaknyga\/","article_modified_time":"2024-07-15T06:56:59+00:00","og_image":[{"width":452,"height":452,"url":"https:\/\/skaitytaknyga.lt\/wp-content\/uploads\/2024\/05\/laiko-patrulis-33-knyga-anderson-poul.jpg","type":"image\/jpeg"}],"twitter_card":"summary_large_image","schema":{"@context":"https:\/\/schema.org","@graph":[{"@type":"WebPage","@id":"https:\/\/skaitytaknyga.lt\/produktas\/poul-anderson-laiko-patrulis-pfaf-33\/","url":"https:\/\/skaitytaknyga.lt\/produktas\/poul-anderson-laiko-patrulis-pfaf-33\/","name":"Poul Anderson \u201eLaiko patrulis\u201c (PFAF 33)","isPartOf":{"@id":"https:\/\/skaitytaknyga.lt\/#website"},"primaryImageOfPage":{"@id":"https:\/\/skaitytaknyga.lt\/produktas\/poul-anderson-laiko-patrulis-pfaf-33\/#primaryimage"},"image":{"@id":"https:\/\/skaitytaknyga.lt\/produktas\/poul-anderson-laiko-patrulis-pfaf-33\/#primaryimage"},"thumbnailUrl":"https:\/\/skaitytaknyga.lt\/wp-content\/uploads\/2024\/05\/laiko-patrulis-33-knyga-anderson-poul.jpg","datePublished":"2024-05-04T19:21:44+00:00","dateModified":"2024-07-15T06:56:59+00:00","description":"Kelion\u0117s laike suk\u0117l\u0117 begal\u0119 problem\u0173 sergstint Istorij\u0105 nuo \u0161izofrenik\u0173, maniak\u0173 ar \u0161iaip \u017eiauri\u0173 piktadari\u0173. Mensas Everardas, Laiko patrulio agentas, saugo \u017emonijos praeit\u012f, dabart\u012f bei ateit\u012f nuo galimo sunaikinimo","breadcrumb":{"@id":"https:\/\/skaitytaknyga.lt\/produktas\/poul-anderson-laiko-patrulis-pfaf-33\/#breadcrumb"},"inLanguage":"en-GB","potentialAction":[{"@type":"ReadAction","target":["https:\/\/skaitytaknyga.lt\/produktas\/poul-anderson-laiko-patrulis-pfaf-33\/"]}]},{"@type":"ImageObject","inLanguage":"en-GB","@id":"https:\/\/skaitytaknyga.lt\/produktas\/poul-anderson-laiko-patrulis-pfaf-33\/#primaryimage","url":"https:\/\/skaitytaknyga.lt\/wp-content\/uploads\/2024\/05\/laiko-patrulis-33-knyga-anderson-poul.jpg","contentUrl":"https:\/\/skaitytaknyga.lt\/wp-content\/uploads\/2024\/05\/laiko-patrulis-33-knyga-anderson-poul.jpg","width":452,"height":452},{"@type":"BreadcrumbList","@id":"https:\/\/skaitytaknyga.lt\/produktas\/poul-anderson-laiko-patrulis-pfaf-33\/#breadcrumb","itemListElement":[{"@type":"ListItem","position":1,"name":"Home","item":"https:\/\/skaitytaknyga.lt\/"},{"@type":"ListItem","position":2,"name":"Parduotuv\u0117","item":"https:\/\/skaitytaknyga.lt\/knygu-parduotuve\/"},{"@type":"ListItem","position":3,"name":"Poul Anderson \u201eLaiko patrulis\u201c (PFAF 33)"}]},{"@type":"WebSite","@id":"https:\/\/skaitytaknyga.lt\/#website","url":"https:\/\/skaitytaknyga.lt\/","name":"skaitytaknyga.lt","description":"Skaitytaknyga.lt \u2013 tai ma\u017eas \u0161eimos verslas, kuris prasid\u0117jo nuo meil\u0117s knygoms ir siekio i\u0161gelb\u0117ti knygas nuo likimo prie konteinerio. Kas vienam nereikalingas daiktas \u2013 kitam lobis, o mes esame tarpininkai, kurie padeda abiems tapti laimingesniems ???? \u017dinome kaip nelengva i\u0161gyventi ma\u017eiems verslams, tad nuo \u0161iol, \u010dia rasite ir kit\u0173, ma\u017e\u0173 \u0161eim\u0173 versl\u0173, rank\u0173 darbo, dovan\u0173 sau ir artimiesiems.","publisher":{"@id":"https:\/\/skaitytaknyga.lt\/#organization"},"potentialAction":[{"@type":"SearchAction","target":{"@type":"EntryPoint","urlTemplate":"https:\/\/skaitytaknyga.lt\/?s={search_term_string}"},"query-input":{"@type":"PropertyValueSpecification","valueRequired":true,"valueName":"search_term_string"}}],"inLanguage":"en-GB"},{"@type":"Organization","@id":"https:\/\/skaitytaknyga.lt\/#organization","name":"skaitytaknyga.lt","url":"https:\/\/skaitytaknyga.lt\/","logo":{"@type":"ImageObject","inLanguage":"en-GB","@id":"https:\/\/skaitytaknyga.lt\/#\/schema\/logo\/image\/","url":"https:\/\/skaitytaknyga.lt\/wp-content\/uploads\/2024\/05\/cropped-cropped-cropped-02_00843_jt3bggkj1j3HLc7SyY6rEUpg.jpeg","contentUrl":"https:\/\/skaitytaknyga.lt\/wp-content\/uploads\/2024\/05\/cropped-cropped-cropped-02_00843_jt3bggkj1j3HLc7SyY6rEUpg.jpeg","width":1600,"height":1600,"caption":"skaitytaknyga.lt"},"image":{"@id":"https:\/\/skaitytaknyga.lt\/#\/schema\/logo\/image\/"},"sameAs":["https:\/\/www.facebook.com\/skaitytaknyga\/"]}]}},"_links":{"self":[{"href":"https:\/\/skaitytaknyga.lt\/en\/wp-json\/wp\/v2\/product\/10952","targetHints":{"allow":["GET"]}}],"collection":[{"href":"https:\/\/skaitytaknyga.lt\/en\/wp-json\/wp\/v2\/product"}],"about":[{"href":"https:\/\/skaitytaknyga.lt\/en\/wp-json\/wp\/v2\/types\/product"}],"replies":[{"embeddable":true,"href":"https:\/\/skaitytaknyga.lt\/en\/wp-json\/wp\/v2\/comments?post=10952"}],"wp:featuredmedia":[{"embeddable":true,"href":"https:\/\/skaitytaknyga.lt\/en\/wp-json\/wp\/v2\/media\/10991"}],"wp:attachment":[{"href":"https:\/\/skaitytaknyga.lt\/en\/wp-json\/wp\/v2\/media?parent=10952"}],"wp:term":[{"taxonomy":"product_brand","embeddable":true,"href":"https:\/\/skaitytaknyga.lt\/en\/wp-json\/wp\/v2\/product_brand?post=10952"},{"taxonomy":"product_cat","embeddable":true,"href":"https:\/\/skaitytaknyga.lt\/en\/wp-json\/wp\/v2\/product_cat?post=10952"},{"taxonomy":"product_tag","embeddable":true,"href":"https:\/\/skaitytaknyga.lt\/en\/wp-json\/wp\/v2\/product_tag?post=10952"}],"curies":[{"name":"wp","href":"https:\/\/api.w.org\/{rel}","templated":true}]}}