{"id":10951,"date":"2024-05-04T19:21:43","date_gmt":"2024-05-04T19:21:43","guid":{"rendered":"https:\/\/skaitytaknyga.lt\/?post_type=product&#038;p=10951"},"modified":"2024-05-04T19:23:28","modified_gmt":"2024-05-04T19:23:28","slug":"george-sand-mazoji-fadete","status":"publish","type":"product","link":"https:\/\/skaitytaknyga.lt\/en\/produktas\/george-sand-mazoji-fadete\/","title":{"rendered":"George Sand \u201eMa\u017eoji Fadet\u0117\u201c"},"content":{"rendered":"<p>XIX a. viduryje \u017dor\u017e Sand (George Sand) jau pagars\u0117jusi ra\u0161ytoja, jos romanai grobstyte grobstomi. Ji pati labai aktyviai dalyvauja meninink\u0173 veikloje, artimai bendrauja su \u017eymiausiais to meto ra\u0161ytojais, muzikais, dailininkais. Art\u0117jan\u010dios 1848 m. revoliucijos id\u0117j\u0173 veikiama, ra\u0161ytoja sukuria geriausius savo socialinius romanus: \u201ePono Antuano nuod\u0117m\u0117&#8221;, \u201eKonsuela&#8221; ir kt. \u012e gyvenimo pabaig\u0105 \u017dor\u017e Sand pasitraukia nuo a\u0161tresni\u0173 socialini\u0173 tem\u0173. Kaip ir Ruso, ji nori pasi\u0161alinti nuo kovos ir audr\u0173, ie\u0161ko prieglobs\u010dio gamtoje, apsigyvena kaime ir, veikiama jaunyst\u0117s \u012fsp\u016bd\u017ei\u0173, ra\u0161o idili\u0161komis sod\u017eiaus gyvenimo temomis: \u201eMa\u017eoji Fadet\u0117&#8221;, \u201eRastinukas Fransua&#8221; ir kt. k\u016brinius.<\/p>\n","protected":false},"excerpt":{"rendered":"<p>XIX a. viduryje \u017dor\u017e Sand (George Sand) jau pagars\u0117jusi ra\u0161ytoja, jos romanai grobstyte grobstomi. Ji pati labai aktyviai dalyvauja meninink\u0173 veikloje, artimai bendrauja su \u017eymiausiais to meto ra\u0161ytojais, muzikais, dailininkais. Art\u0117jan\u010dios 1848 m. revoliucijos id\u0117j\u0173 veikiama, ra\u0161ytoja sukuria geriausius savo socialinius romanus: \u201ePono Antuano nuod\u0117m\u0117&#8221;, \u201eKonsuela&#8221; ir kt. \u012e gyvenimo pabaig\u0105 \u017dor\u017e Sand pasitraukia nuo a\u0161tresni\u0173 socialini\u0173 tem\u0173. Kaip ir Ruso, ji nori pasi\u0161alinti nuo kovos ir audr\u0173, ie\u0161ko prieglobs\u010dio gamtoje, apsigyvena kaime ir, veikiama jaunyst\u0117s \u012fsp\u016bd\u017ei\u0173, ra\u0161o idili\u0161komis sod\u017eiaus gyvenimo temomis: \u201eMa\u017eoji Fadet\u0117&#8221;, \u201eRastinukas Fransua&#8221; ir kt. k\u016brinius.<\/p>\n","protected":false},"featured_media":10990,"comment_status":"closed","ping_status":"closed","template":"","meta":{"_acf_changed":false,"site-sidebar-layout":"default","site-content-layout":"","ast-site-content-layout":"default","site-content-style":"default","site-sidebar-style":"default","ast-global-header-display":"","ast-banner-title-visibility":"","ast-main-header-display":"","ast-hfb-above-header-display":"","ast-hfb-below-header-display":"","ast-hfb-mobile-header-display":"","site-post-title":"","ast-breadcrumbs-content":"","ast-featured-img":"","footer-sml-layout":"","ast-disable-related-posts":"","theme-transparent-header-meta":"","adv-header-id-meta":"","stick-header-meta":"","header-above-stick-meta":"","header-main-stick-meta":"","header-below-stick-meta":"","astra-migrate-meta-layouts":"default","ast-page-background-enabled":"default","ast-page-background-meta":{"desktop":{"background-color":"","background-image":"","background-repeat":"repeat","background-position":"center center","background-size":"auto","background-attachment":"scroll","background-type":"","background-media":"","overlay-type":"","overlay-color":"","overlay-opacity":"","overlay-gradient":""},"tablet":{"background-color":"","background-image":"","background-repeat":"repeat","background-position":"center center","background-size":"auto","background-attachment":"scroll","background-type":"","background-media":"","overlay-type":"","overlay-color":"","overlay-opacity":"","overlay-gradient":""},"mobile":{"background-color":"","background-image":"","background-repeat":"repeat","background-position":"center center","background-size":"auto","background-attachment":"scroll","background-type":"","background-media":"","overlay-type":"","overlay-color":"","overlay-opacity":"","overlay-gradient":""}},"ast-content-background-meta":{"desktop":{"background-color":"var(--ast-global-color-4)","background-image":"","background-repeat":"repeat","background-position":"center center","background-size":"auto","background-attachment":"scroll","background-type":"","background-media":"","overlay-type":"","overlay-color":"","overlay-opacity":"","overlay-gradient":""},"tablet":{"background-color":"var(--ast-global-color-4)","background-image":"","background-repeat":"repeat","background-position":"center center","background-size":"auto","background-attachment":"scroll","background-type":"","background-media":"","overlay-type":"","overlay-color":"","overlay-opacity":"","overlay-gradient":""},"mobile":{"background-color":"var(--ast-global-color-4)","background-image":"","background-repeat":"repeat","background-position":"center center","background-size":"auto","background-attachment":"scroll","background-type":"","background-media":"","overlay-type":"","overlay-color":"","overlay-opacity":"","overlay-gradient":""}}},"product_brand":[],"product_cat":[31],"product_tag":[],"class_list":{"0":"post-10951","1":"product","2":"type-product","3":"status-publish","4":"has-post-thumbnail","6":"product_cat-grozine-literatura","7":"desktop-align-left","8":"tablet-align-left","9":"mobile-align-left","11":"first","12":"instock","13":"shipping-taxable","14":"purchasable","15":"product-type-simple"},"acf":[],"yoast_head":"<!-- This site is optimized with the Yoast SEO plugin v27.4 - https:\/\/yoast.com\/product\/yoast-seo-wordpress\/ -->\n<title>George Sand \u201eMa\u017eoji Fadet\u0117\u201c - Skaitytaknyga<\/title>\n<meta name=\"description\" content=\"XIX a. viduryje \u017dor\u017e Sand (George Sand) jau pagars\u0117jusi ra\u0161ytoja, jos romanai grobstyte grobstomi. Ji pati labai aktyviai dalyvauja meninink\u0173 veikloje, artimai bendrauja su \u017eymiausiais to meto ra\u0161ytojais, muzikais, dailininkais. Art\u0117jan\u010dios 1848 m. revoliucijos id\u0117j\u0173 veikiama, ra\u0161ytoja sukuria geriausius savo socialinius romanus: \u201ePono Antuano nuod\u0117m\u0117&quot;, \u201eKonsuela&quot; ir kt. \u012e gyvenimo pabaig\u0105 \u017dor\u017e Sand pasitraukia nuo a\u0161tresni\u0173 socialini\u0173 tem\u0173. Kaip ir Ruso, ji nori pasi\u0161alinti nuo kovos ir audr\u0173, ie\u0161ko prieglobs\u010dio gamtoje, apsigyvena kaime ir, veikiama jaunyst\u0117s \u012fsp\u016bd\u017ei\u0173, ra\u0161o idili\u0161komis sod\u017eiaus gyvenimo temomis: \u201eMa\u017eoji Fadet\u0117&quot;, \u201eRastinukas Fransua&quot; ir kt. k\u016brinius.\" \/>\n<meta name=\"robots\" content=\"index, follow, max-snippet:-1, max-image-preview:large, max-video-preview:-1\" \/>\n<link rel=\"canonical\" href=\"https:\/\/skaitytaknyga.lt\/en\/produktas\/george-sand-mazoji-fadete\/\" \/>\n<meta property=\"og:locale\" content=\"en_GB\" \/>\n<meta property=\"og:locale:alternate\" content=\"lt_LT\" \/>\n<meta property=\"og:type\" content=\"article\" \/>\n<meta property=\"og:title\" content=\"George Sand \u201eMa\u017eoji Fadet\u0117\u201c - Skaitytaknyga\" \/>\n<meta property=\"og:description\" content=\"XIX a. viduryje \u017dor\u017e Sand (George Sand) jau pagars\u0117jusi ra\u0161ytoja, jos romanai grobstyte grobstomi. Ji pati labai aktyviai dalyvauja meninink\u0173 veikloje, artimai bendrauja su \u017eymiausiais to meto ra\u0161ytojais, muzikais, dailininkais. Art\u0117jan\u010dios 1848 m. revoliucijos id\u0117j\u0173 veikiama, ra\u0161ytoja sukuria geriausius savo socialinius romanus: \u201ePono Antuano nuod\u0117m\u0117&quot;, \u201eKonsuela&quot; ir kt. \u012e gyvenimo pabaig\u0105 \u017dor\u017e Sand pasitraukia nuo a\u0161tresni\u0173 socialini\u0173 tem\u0173. Kaip ir Ruso, ji nori pasi\u0161alinti nuo kovos ir audr\u0173, ie\u0161ko prieglobs\u010dio gamtoje, apsigyvena kaime ir, veikiama jaunyst\u0117s \u012fsp\u016bd\u017ei\u0173, ra\u0161o idili\u0161komis sod\u017eiaus gyvenimo temomis: \u201eMa\u017eoji Fadet\u0117&quot;, \u201eRastinukas Fransua&quot; ir kt. k\u016brinius.\" \/>\n<meta property=\"og:url\" content=\"https:\/\/skaitytaknyga.lt\/en\/produktas\/george-sand-mazoji-fadete\/\" \/>\n<meta property=\"og:site_name\" content=\"Skaitytaknyga\" \/>\n<meta property=\"article:publisher\" content=\"https:\/\/www.facebook.com\/skaitytaknyga\/\" \/>\n<meta property=\"article:modified_time\" content=\"2024-05-04T19:23:28+00:00\" \/>\n<meta property=\"og:image\" content=\"https:\/\/skaitytaknyga.lt\/wp-content\/uploads\/2024\/05\/veidai_714-625x794_0.jpg\" \/>\n\t<meta property=\"og:image:width\" content=\"625\" \/>\n\t<meta property=\"og:image:height\" content=\"794\" \/>\n\t<meta property=\"og:image:type\" content=\"image\/jpeg\" \/>\n<meta name=\"twitter:card\" content=\"summary_large_image\" \/>\n<meta name=\"twitter:label1\" content=\"Estimated reading time\" \/>\n\t<meta name=\"twitter:data1\" content=\"1 minute\" \/>\n<script type=\"application\/ld+json\" class=\"yoast-schema-graph\">{\"@context\":\"https:\\\/\\\/schema.org\",\"@graph\":[{\"@type\":\"WebPage\",\"@id\":\"https:\\\/\\\/skaitytaknyga.lt\\\/produktas\\\/george-sand-mazoji-fadete\\\/\",\"url\":\"https:\\\/\\\/skaitytaknyga.lt\\\/produktas\\\/george-sand-mazoji-fadete\\\/\",\"name\":\"George Sand \u201eMa\u017eoji Fadet\u0117\u201c - Skaitytaknyga\",\"isPartOf\":{\"@id\":\"https:\\\/\\\/skaitytaknyga.lt\\\/#website\"},\"primaryImageOfPage\":{\"@id\":\"https:\\\/\\\/skaitytaknyga.lt\\\/produktas\\\/george-sand-mazoji-fadete\\\/#primaryimage\"},\"image\":{\"@id\":\"https:\\\/\\\/skaitytaknyga.lt\\\/produktas\\\/george-sand-mazoji-fadete\\\/#primaryimage\"},\"thumbnailUrl\":\"https:\\\/\\\/skaitytaknyga.lt\\\/wp-content\\\/uploads\\\/2024\\\/05\\\/veidai_714-625x794_0.jpg\",\"datePublished\":\"2024-05-04T19:21:43+00:00\",\"dateModified\":\"2024-05-04T19:23:28+00:00\",\"description\":\"XIX a. viduryje \u017dor\u017e Sand (George Sand) jau pagars\u0117jusi ra\u0161ytoja, jos romanai grobstyte grobstomi. Ji pati labai aktyviai dalyvauja meninink\u0173 veikloje, artimai bendrauja su \u017eymiausiais to meto ra\u0161ytojais, muzikais, dailininkais. Art\u0117jan\u010dios 1848 m. revoliucijos id\u0117j\u0173 veikiama, ra\u0161ytoja sukuria geriausius savo socialinius romanus: \u201ePono Antuano nuod\u0117m\u0117\\\", \u201eKonsuela\\\" ir kt. \u012e gyvenimo pabaig\u0105 \u017dor\u017e Sand pasitraukia nuo a\u0161tresni\u0173 socialini\u0173 tem\u0173. Kaip ir Ruso, ji nori pasi\u0161alinti nuo kovos ir audr\u0173, ie\u0161ko prieglobs\u010dio gamtoje, apsigyvena kaime ir, veikiama jaunyst\u0117s \u012fsp\u016bd\u017ei\u0173, ra\u0161o idili\u0161komis sod\u017eiaus gyvenimo temomis: \u201eMa\u017eoji Fadet\u0117\\\", \u201eRastinukas Fransua\\\" ir kt. k\u016brinius.\",\"breadcrumb\":{\"@id\":\"https:\\\/\\\/skaitytaknyga.lt\\\/produktas\\\/george-sand-mazoji-fadete\\\/#breadcrumb\"},\"inLanguage\":\"en-GB\",\"potentialAction\":[{\"@type\":\"ReadAction\",\"target\":[\"https:\\\/\\\/skaitytaknyga.lt\\\/produktas\\\/george-sand-mazoji-fadete\\\/\"]}]},{\"@type\":\"ImageObject\",\"inLanguage\":\"en-GB\",\"@id\":\"https:\\\/\\\/skaitytaknyga.lt\\\/produktas\\\/george-sand-mazoji-fadete\\\/#primaryimage\",\"url\":\"https:\\\/\\\/skaitytaknyga.lt\\\/wp-content\\\/uploads\\\/2024\\\/05\\\/veidai_714-625x794_0.jpg\",\"contentUrl\":\"https:\\\/\\\/skaitytaknyga.lt\\\/wp-content\\\/uploads\\\/2024\\\/05\\\/veidai_714-625x794_0.jpg\",\"width\":625,\"height\":794},{\"@type\":\"BreadcrumbList\",\"@id\":\"https:\\\/\\\/skaitytaknyga.lt\\\/produktas\\\/george-sand-mazoji-fadete\\\/#breadcrumb\",\"itemListElement\":[{\"@type\":\"ListItem\",\"position\":1,\"name\":\"Home\",\"item\":\"https:\\\/\\\/skaitytaknyga.lt\\\/\"},{\"@type\":\"ListItem\",\"position\":2,\"name\":\"Parduotuv\u0117\",\"item\":\"https:\\\/\\\/skaitytaknyga.lt\\\/knygu-parduotuve\\\/\"},{\"@type\":\"ListItem\",\"position\":3,\"name\":\"George Sand \u201eMa\u017eoji Fadet\u0117\u201c\"}]},{\"@type\":\"WebSite\",\"@id\":\"https:\\\/\\\/skaitytaknyga.lt\\\/#website\",\"url\":\"https:\\\/\\\/skaitytaknyga.lt\\\/\",\"name\":\"skaitytaknyga.lt\",\"description\":\"Skaitytaknyga.lt \u2013 tai ma\u017eas \u0161eimos verslas, kuris prasid\u0117jo nuo meil\u0117s knygoms ir siekio i\u0161gelb\u0117ti knygas nuo likimo prie konteinerio. Kas vienam nereikalingas daiktas \u2013 kitam lobis, o mes esame tarpininkai, kurie padeda abiems tapti laimingesniems ???? \u017dinome kaip nelengva i\u0161gyventi ma\u017eiems verslams, tad nuo \u0161iol, \u010dia rasite ir kit\u0173, ma\u017e\u0173 \u0161eim\u0173 versl\u0173, rank\u0173 darbo, dovan\u0173 sau ir artimiesiems.\",\"publisher\":{\"@id\":\"https:\\\/\\\/skaitytaknyga.lt\\\/#organization\"},\"potentialAction\":[{\"@type\":\"SearchAction\",\"target\":{\"@type\":\"EntryPoint\",\"urlTemplate\":\"https:\\\/\\\/skaitytaknyga.lt\\\/?s={search_term_string}\"},\"query-input\":{\"@type\":\"PropertyValueSpecification\",\"valueRequired\":true,\"valueName\":\"search_term_string\"}}],\"inLanguage\":\"en-GB\"},{\"@type\":\"Organization\",\"@id\":\"https:\\\/\\\/skaitytaknyga.lt\\\/#organization\",\"name\":\"skaitytaknyga.lt\",\"url\":\"https:\\\/\\\/skaitytaknyga.lt\\\/\",\"logo\":{\"@type\":\"ImageObject\",\"inLanguage\":\"en-GB\",\"@id\":\"https:\\\/\\\/skaitytaknyga.lt\\\/#\\\/schema\\\/logo\\\/image\\\/\",\"url\":\"https:\\\/\\\/skaitytaknyga.lt\\\/wp-content\\\/uploads\\\/2024\\\/05\\\/cropped-cropped-cropped-02_00843_jt3bggkj1j3HLc7SyY6rEUpg.jpeg\",\"contentUrl\":\"https:\\\/\\\/skaitytaknyga.lt\\\/wp-content\\\/uploads\\\/2024\\\/05\\\/cropped-cropped-cropped-02_00843_jt3bggkj1j3HLc7SyY6rEUpg.jpeg\",\"width\":1600,\"height\":1600,\"caption\":\"skaitytaknyga.lt\"},\"image\":{\"@id\":\"https:\\\/\\\/skaitytaknyga.lt\\\/#\\\/schema\\\/logo\\\/image\\\/\"},\"sameAs\":[\"https:\\\/\\\/www.facebook.com\\\/skaitytaknyga\\\/\"]}]}<\/script>\n<!-- \/ Yoast SEO plugin. -->","yoast_head_json":{"title":"George Sand \u201eMa\u017eoji Fadet\u0117\u201c - Skaitytaknyga","description":"XIX a. viduryje \u017dor\u017e Sand (George Sand) jau pagars\u0117jusi ra\u0161ytoja, jos romanai grobstyte grobstomi. Ji pati labai aktyviai dalyvauja meninink\u0173 veikloje, artimai bendrauja su \u017eymiausiais to meto ra\u0161ytojais, muzikais, dailininkais. Art\u0117jan\u010dios 1848 m. revoliucijos id\u0117j\u0173 veikiama, ra\u0161ytoja sukuria geriausius savo socialinius romanus: \u201ePono Antuano nuod\u0117m\u0117\", \u201eKonsuela\" ir kt. \u012e gyvenimo pabaig\u0105 \u017dor\u017e Sand pasitraukia nuo a\u0161tresni\u0173 socialini\u0173 tem\u0173. Kaip ir Ruso, ji nori pasi\u0161alinti nuo kovos ir audr\u0173, ie\u0161ko prieglobs\u010dio gamtoje, apsigyvena kaime ir, veikiama jaunyst\u0117s \u012fsp\u016bd\u017ei\u0173, ra\u0161o idili\u0161komis sod\u017eiaus gyvenimo temomis: \u201eMa\u017eoji Fadet\u0117\", \u201eRastinukas Fransua\" ir kt. k\u016brinius.","robots":{"index":"index","follow":"follow","max-snippet":"max-snippet:-1","max-image-preview":"max-image-preview:large","max-video-preview":"max-video-preview:-1"},"canonical":"https:\/\/skaitytaknyga.lt\/en\/produktas\/george-sand-mazoji-fadete\/","og_locale":"en_GB","og_type":"article","og_title":"George Sand \u201eMa\u017eoji Fadet\u0117\u201c - Skaitytaknyga","og_description":"XIX a. viduryje \u017dor\u017e Sand (George Sand) jau pagars\u0117jusi ra\u0161ytoja, jos romanai grobstyte grobstomi. Ji pati labai aktyviai dalyvauja meninink\u0173 veikloje, artimai bendrauja su \u017eymiausiais to meto ra\u0161ytojais, muzikais, dailininkais. Art\u0117jan\u010dios 1848 m. revoliucijos id\u0117j\u0173 veikiama, ra\u0161ytoja sukuria geriausius savo socialinius romanus: \u201ePono Antuano nuod\u0117m\u0117\", \u201eKonsuela\" ir kt. \u012e gyvenimo pabaig\u0105 \u017dor\u017e Sand pasitraukia nuo a\u0161tresni\u0173 socialini\u0173 tem\u0173. Kaip ir Ruso, ji nori pasi\u0161alinti nuo kovos ir audr\u0173, ie\u0161ko prieglobs\u010dio gamtoje, apsigyvena kaime ir, veikiama jaunyst\u0117s \u012fsp\u016bd\u017ei\u0173, ra\u0161o idili\u0161komis sod\u017eiaus gyvenimo temomis: \u201eMa\u017eoji Fadet\u0117\", \u201eRastinukas Fransua\" ir kt. k\u016brinius.","og_url":"https:\/\/skaitytaknyga.lt\/en\/produktas\/george-sand-mazoji-fadete\/","og_site_name":"Skaitytaknyga","article_publisher":"https:\/\/www.facebook.com\/skaitytaknyga\/","article_modified_time":"2024-05-04T19:23:28+00:00","og_image":[{"width":625,"height":794,"url":"https:\/\/skaitytaknyga.lt\/wp-content\/uploads\/2024\/05\/veidai_714-625x794_0.jpg","type":"image\/jpeg"}],"twitter_card":"summary_large_image","twitter_misc":{"Estimated reading time":"1 minute"},"schema":{"@context":"https:\/\/schema.org","@graph":[{"@type":"WebPage","@id":"https:\/\/skaitytaknyga.lt\/produktas\/george-sand-mazoji-fadete\/","url":"https:\/\/skaitytaknyga.lt\/produktas\/george-sand-mazoji-fadete\/","name":"George Sand \u201eMa\u017eoji Fadet\u0117\u201c - Skaitytaknyga","isPartOf":{"@id":"https:\/\/skaitytaknyga.lt\/#website"},"primaryImageOfPage":{"@id":"https:\/\/skaitytaknyga.lt\/produktas\/george-sand-mazoji-fadete\/#primaryimage"},"image":{"@id":"https:\/\/skaitytaknyga.lt\/produktas\/george-sand-mazoji-fadete\/#primaryimage"},"thumbnailUrl":"https:\/\/skaitytaknyga.lt\/wp-content\/uploads\/2024\/05\/veidai_714-625x794_0.jpg","datePublished":"2024-05-04T19:21:43+00:00","dateModified":"2024-05-04T19:23:28+00:00","description":"XIX a. viduryje \u017dor\u017e Sand (George Sand) jau pagars\u0117jusi ra\u0161ytoja, jos romanai grobstyte grobstomi. Ji pati labai aktyviai dalyvauja meninink\u0173 veikloje, artimai bendrauja su \u017eymiausiais to meto ra\u0161ytojais, muzikais, dailininkais. Art\u0117jan\u010dios 1848 m. revoliucijos id\u0117j\u0173 veikiama, ra\u0161ytoja sukuria geriausius savo socialinius romanus: \u201ePono Antuano nuod\u0117m\u0117\", \u201eKonsuela\" ir kt. \u012e gyvenimo pabaig\u0105 \u017dor\u017e Sand pasitraukia nuo a\u0161tresni\u0173 socialini\u0173 tem\u0173. Kaip ir Ruso, ji nori pasi\u0161alinti nuo kovos ir audr\u0173, ie\u0161ko prieglobs\u010dio gamtoje, apsigyvena kaime ir, veikiama jaunyst\u0117s \u012fsp\u016bd\u017ei\u0173, ra\u0161o idili\u0161komis sod\u017eiaus gyvenimo temomis: \u201eMa\u017eoji Fadet\u0117\", \u201eRastinukas Fransua\" ir kt. k\u016brinius.","breadcrumb":{"@id":"https:\/\/skaitytaknyga.lt\/produktas\/george-sand-mazoji-fadete\/#breadcrumb"},"inLanguage":"en-GB","potentialAction":[{"@type":"ReadAction","target":["https:\/\/skaitytaknyga.lt\/produktas\/george-sand-mazoji-fadete\/"]}]},{"@type":"ImageObject","inLanguage":"en-GB","@id":"https:\/\/skaitytaknyga.lt\/produktas\/george-sand-mazoji-fadete\/#primaryimage","url":"https:\/\/skaitytaknyga.lt\/wp-content\/uploads\/2024\/05\/veidai_714-625x794_0.jpg","contentUrl":"https:\/\/skaitytaknyga.lt\/wp-content\/uploads\/2024\/05\/veidai_714-625x794_0.jpg","width":625,"height":794},{"@type":"BreadcrumbList","@id":"https:\/\/skaitytaknyga.lt\/produktas\/george-sand-mazoji-fadete\/#breadcrumb","itemListElement":[{"@type":"ListItem","position":1,"name":"Home","item":"https:\/\/skaitytaknyga.lt\/"},{"@type":"ListItem","position":2,"name":"Parduotuv\u0117","item":"https:\/\/skaitytaknyga.lt\/knygu-parduotuve\/"},{"@type":"ListItem","position":3,"name":"George Sand \u201eMa\u017eoji Fadet\u0117\u201c"}]},{"@type":"WebSite","@id":"https:\/\/skaitytaknyga.lt\/#website","url":"https:\/\/skaitytaknyga.lt\/","name":"skaitytaknyga.lt","description":"Skaitytaknyga.lt \u2013 tai ma\u017eas \u0161eimos verslas, kuris prasid\u0117jo nuo meil\u0117s knygoms ir siekio i\u0161gelb\u0117ti knygas nuo likimo prie konteinerio. Kas vienam nereikalingas daiktas \u2013 kitam lobis, o mes esame tarpininkai, kurie padeda abiems tapti laimingesniems ???? \u017dinome kaip nelengva i\u0161gyventi ma\u017eiems verslams, tad nuo \u0161iol, \u010dia rasite ir kit\u0173, ma\u017e\u0173 \u0161eim\u0173 versl\u0173, rank\u0173 darbo, dovan\u0173 sau ir artimiesiems.","publisher":{"@id":"https:\/\/skaitytaknyga.lt\/#organization"},"potentialAction":[{"@type":"SearchAction","target":{"@type":"EntryPoint","urlTemplate":"https:\/\/skaitytaknyga.lt\/?s={search_term_string}"},"query-input":{"@type":"PropertyValueSpecification","valueRequired":true,"valueName":"search_term_string"}}],"inLanguage":"en-GB"},{"@type":"Organization","@id":"https:\/\/skaitytaknyga.lt\/#organization","name":"skaitytaknyga.lt","url":"https:\/\/skaitytaknyga.lt\/","logo":{"@type":"ImageObject","inLanguage":"en-GB","@id":"https:\/\/skaitytaknyga.lt\/#\/schema\/logo\/image\/","url":"https:\/\/skaitytaknyga.lt\/wp-content\/uploads\/2024\/05\/cropped-cropped-cropped-02_00843_jt3bggkj1j3HLc7SyY6rEUpg.jpeg","contentUrl":"https:\/\/skaitytaknyga.lt\/wp-content\/uploads\/2024\/05\/cropped-cropped-cropped-02_00843_jt3bggkj1j3HLc7SyY6rEUpg.jpeg","width":1600,"height":1600,"caption":"skaitytaknyga.lt"},"image":{"@id":"https:\/\/skaitytaknyga.lt\/#\/schema\/logo\/image\/"},"sameAs":["https:\/\/www.facebook.com\/skaitytaknyga\/"]}]}},"_links":{"self":[{"href":"https:\/\/skaitytaknyga.lt\/en\/wp-json\/wp\/v2\/product\/10951","targetHints":{"allow":["GET"]}}],"collection":[{"href":"https:\/\/skaitytaknyga.lt\/en\/wp-json\/wp\/v2\/product"}],"about":[{"href":"https:\/\/skaitytaknyga.lt\/en\/wp-json\/wp\/v2\/types\/product"}],"replies":[{"embeddable":true,"href":"https:\/\/skaitytaknyga.lt\/en\/wp-json\/wp\/v2\/comments?post=10951"}],"wp:featuredmedia":[{"embeddable":true,"href":"https:\/\/skaitytaknyga.lt\/en\/wp-json\/wp\/v2\/media\/10990"}],"wp:attachment":[{"href":"https:\/\/skaitytaknyga.lt\/en\/wp-json\/wp\/v2\/media?parent=10951"}],"wp:term":[{"taxonomy":"product_brand","embeddable":true,"href":"https:\/\/skaitytaknyga.lt\/en\/wp-json\/wp\/v2\/product_brand?post=10951"},{"taxonomy":"product_cat","embeddable":true,"href":"https:\/\/skaitytaknyga.lt\/en\/wp-json\/wp\/v2\/product_cat?post=10951"},{"taxonomy":"product_tag","embeddable":true,"href":"https:\/\/skaitytaknyga.lt\/en\/wp-json\/wp\/v2\/product_tag?post=10951"}],"curies":[{"name":"wp","href":"https:\/\/api.w.org\/{rel}","templated":true}]}}