{"id":10944,"date":"2024-05-04T19:21:18","date_gmt":"2024-05-04T19:21:18","guid":{"rendered":"https:\/\/skaitytaknyga.lt\/?post_type=product&#038;p=10944"},"modified":"2024-12-27T10:15:58","modified_gmt":"2024-12-27T08:15:58","slug":"audrone-ilgeviciene-menas-myleti","status":"publish","type":"product","link":"https:\/\/skaitytaknyga.lt\/en\/produktas\/audrone-ilgeviciene-menas-myleti\/","title":{"rendered":"Audron\u0117 Ilgevi\u010dien\u0117 \u201eMenas myl\u0117ti\u201c"},"content":{"rendered":"<p>Tarp m\u016bs\u0173 visada yra t\u0173, kurie ne\u0161ioja savyje Visatos Meil\u0119 ir I\u0161mint\u012f, bet jie paprasti, niekuo nekrentantys \u012f akis, tod\u0117l j\u0173 nepastebime. Apsi\u017evalgykite aplink sielos akimis, ir j\u016bs tikrai juos pamatysite.<\/p>\n<p>Kuo labiau atverti j\u016bs\u0173 Dvasin\u0117s \u0160irdies vartai, tuo daugiau \u0161ioje istorijoje \u012f\u017evelgsite ir matysite, kas dar laukia. Tie, kas nori atverti \u0161ird\u012f, pamatys, kiek vidinio darbo slypi po \u0161iais dviem \u017eod\u017eiais. Jei to darbo nei\u0161sig\u0105s, gal ir jiems nusi\u0161ypsos laim\u0117 sapne, arba net i\u0161 tikr\u0173j\u0173 atsidurti tame paslaptingame mieste, kuriame apsilank\u0117 m\u016bs\u0173 istorijos herojai, po ko visas gyvenimas nu\u0161vis naujomis spalvomis. Tiems, kieno protas nepripa\u017e\u012fsta to, kas \u010dia para\u0161yta, telieka ta istorija tiesiog pasaka apie karalait\u0119, kuri nugal\u0117jo savo prot\u0105, kad atrast\u0173 \u0161ird\u012f ir i\u0161mokt\u0173 myl\u0117ti.<\/p>\n<div class=\"fb-share-button\" data-href=\"https:\/\/developers.facebook.com\/docs\/plugins\/\" data-layout=\"button\" data-size=\"small\"><\/div>\n","protected":false},"excerpt":{"rendered":"<p>Tarp m\u016bs\u0173 visada yra t\u0173, kurie ne\u0161ioja savyje Visatos Meil\u0119 ir I\u0161mint\u012f, bet jie paprasti, niekuo nekrentantys \u012f akis, tod\u0117l j\u0173 nepastebime. Apsi\u017evalgykite aplink sielos akimis, ir j\u016bs tikrai juos pamatysite.<\/p>\n<p>Kuo labiau atverti j\u016bs\u0173 Dvasin\u0117s \u0160irdies vartai, tuo daugiau \u0161ioje istorijoje \u012f\u017evelgsite ir matysite, kas dar laukia. Tie, kas nori atverti \u0161ird\u012f, pamatys, kiek vidinio darbo slypi po \u0161iais dviem \u017eod\u017eiais. Jei to darbo nei\u0161sig\u0105s, gal ir jiems nusi\u0161ypsos laim\u0117 sapne, arba net i\u0161 tikr\u0173j\u0173 atsidurti tame paslaptingame mieste, kuriame apsilank\u0117 m\u016bs\u0173 istorijos herojai, po ko visas gyvenimas nu\u0161vis naujomis spalvomis. Tiems, kieno protas nepripa\u017e\u012fsta to, kas \u010dia para\u0161yta, telieka ta istorija tiesiog pasaka apie karalait\u0119, kuri nugal\u0117jo savo prot\u0105, kad atrast\u0173 \u0161ird\u012f ir i\u0161mokt\u0173 myl\u0117ti.<\/p>\n<div class=\"fb-share-button\" data-href=\"https:\/\/developers.facebook.com\/docs\/plugins\/\" data-layout=\"button\" data-size=\"small\"><\/div>\n","protected":false},"featured_media":10982,"comment_status":"closed","ping_status":"closed","template":"","meta":{"_acf_changed":false,"site-sidebar-layout":"default","site-content-layout":"","ast-site-content-layout":"default","site-content-style":"default","site-sidebar-style":"default","ast-global-header-display":"","ast-banner-title-visibility":"","ast-main-header-display":"","ast-hfb-above-header-display":"","ast-hfb-below-header-display":"","ast-hfb-mobile-header-display":"","site-post-title":"","ast-breadcrumbs-content":"","ast-featured-img":"","footer-sml-layout":"","ast-disable-related-posts":"","theme-transparent-header-meta":"","adv-header-id-meta":"","stick-header-meta":"","header-above-stick-meta":"","header-main-stick-meta":"","header-below-stick-meta":"","astra-migrate-meta-layouts":"default","ast-page-background-enabled":"default","ast-page-background-meta":{"desktop":{"background-color":"","background-image":"","background-repeat":"repeat","background-position":"center center","background-size":"auto","background-attachment":"scroll","background-type":"","background-media":"","overlay-type":"","overlay-color":"","overlay-opacity":"","overlay-gradient":""},"tablet":{"background-color":"","background-image":"","background-repeat":"repeat","background-position":"center center","background-size":"auto","background-attachment":"scroll","background-type":"","background-media":"","overlay-type":"","overlay-color":"","overlay-opacity":"","overlay-gradient":""},"mobile":{"background-color":"","background-image":"","background-repeat":"repeat","background-position":"center center","background-size":"auto","background-attachment":"scroll","background-type":"","background-media":"","overlay-type":"","overlay-color":"","overlay-opacity":"","overlay-gradient":""}},"ast-content-background-meta":{"desktop":{"background-color":"var(--ast-global-color-4)","background-image":"","background-repeat":"repeat","background-position":"center center","background-size":"auto","background-attachment":"scroll","background-type":"","background-media":"","overlay-type":"","overlay-color":"","overlay-opacity":"","overlay-gradient":""},"tablet":{"background-color":"var(--ast-global-color-4)","background-image":"","background-repeat":"repeat","background-position":"center center","background-size":"auto","background-attachment":"scroll","background-type":"","background-media":"","overlay-type":"","overlay-color":"","overlay-opacity":"","overlay-gradient":""},"mobile":{"background-color":"var(--ast-global-color-4)","background-image":"","background-repeat":"repeat","background-position":"center center","background-size":"auto","background-attachment":"scroll","background-type":"","background-media":"","overlay-type":"","overlay-color":"","overlay-opacity":"","overlay-gradient":""}}},"product_brand":[],"product_cat":[165],"product_tag":[],"class_list":{"0":"post-10944","1":"product","2":"type-product","3":"status-publish","4":"has-post-thumbnail","6":"product_cat-religija-filosofija-ir-ezoterika","7":"desktop-align-left","8":"tablet-align-left","9":"mobile-align-left","11":"first","12":"outofstock","13":"shipping-taxable","14":"purchasable","15":"product-type-simple"},"acf":[],"yoast_head":"<!-- This site is optimized with the Yoast SEO plugin v27.4 - https:\/\/yoast.com\/product\/yoast-seo-wordpress\/ -->\n<title>Audron\u0117 Ilgevi\u010dien\u0117 \u201eMenas myl\u0117ti\u201c - Skaitytaknyga<\/title>\n<meta name=\"description\" content=\"Tarp m\u016bs\u0173 visada yra t\u0173, kurie ne\u0161ioja savyje Visatos Meil\u0119 ir I\u0161mint\u012f, bet jie paprasti, niekuo nekrentantys \u012f akis, tod\u0117l j\u0173 nepastebime. Apsi\u017evalgykite aplink sielos akimis, ir j\u016bs tikrai juos pamatysite.  Kuo labiau atverti j\u016bs\u0173 Dvasin\u0117s \u0160irdies vartai, tuo daugiau \u0161ioje istorijoje \u012f\u017evelgsite ir matysite, kas dar laukia. Tie, kas nori atverti \u0161ird\u012f, pamatys, kiek vidinio darbo slypi po \u0161iais dviem \u017eod\u017eiais. Jei to darbo nei\u0161sig\u0105s, gal ir jiems nusi\u0161ypsos laim\u0117 sapne, arba net i\u0161 tikr\u0173j\u0173 atsidurti tame paslaptingame mieste, kuriame apsilank\u0117 m\u016bs\u0173 istorijos herojai, po ko visas gyvenimas nu\u0161vis naujomis spalvomis. Tiems, kieno protas nepripa\u017e\u012fsta to, kas \u010dia para\u0161yta, telieka ta istorija tiesiog pasaka apie karalait\u0119, kuri nugal\u0117jo savo prot\u0105, kad atrast\u0173 \u0161ird\u012f ir i\u0161mokt\u0173 myl\u0117ti.\" \/>\n<meta name=\"robots\" content=\"index, follow, max-snippet:-1, max-image-preview:large, max-video-preview:-1\" \/>\n<link rel=\"canonical\" href=\"https:\/\/skaitytaknyga.lt\/en\/produktas\/audrone-ilgeviciene-menas-myleti\/\" \/>\n<meta property=\"og:locale\" content=\"en_GB\" \/>\n<meta property=\"og:locale:alternate\" content=\"lt_LT\" \/>\n<meta property=\"og:type\" content=\"article\" \/>\n<meta property=\"og:title\" content=\"Audron\u0117 Ilgevi\u010dien\u0117 \u201eMenas myl\u0117ti\u201c - Skaitytaknyga\" \/>\n<meta property=\"og:description\" content=\"Tarp m\u016bs\u0173 visada yra t\u0173, kurie ne\u0161ioja savyje Visatos Meil\u0119 ir I\u0161mint\u012f, bet jie paprasti, niekuo nekrentantys \u012f akis, tod\u0117l j\u0173 nepastebime. Apsi\u017evalgykite aplink sielos akimis, ir j\u016bs tikrai juos pamatysite.  Kuo labiau atverti j\u016bs\u0173 Dvasin\u0117s \u0160irdies vartai, tuo daugiau \u0161ioje istorijoje \u012f\u017evelgsite ir matysite, kas dar laukia. Tie, kas nori atverti \u0161ird\u012f, pamatys, kiek vidinio darbo slypi po \u0161iais dviem \u017eod\u017eiais. Jei to darbo nei\u0161sig\u0105s, gal ir jiems nusi\u0161ypsos laim\u0117 sapne, arba net i\u0161 tikr\u0173j\u0173 atsidurti tame paslaptingame mieste, kuriame apsilank\u0117 m\u016bs\u0173 istorijos herojai, po ko visas gyvenimas nu\u0161vis naujomis spalvomis. Tiems, kieno protas nepripa\u017e\u012fsta to, kas \u010dia para\u0161yta, telieka ta istorija tiesiog pasaka apie karalait\u0119, kuri nugal\u0117jo savo prot\u0105, kad atrast\u0173 \u0161ird\u012f ir i\u0161mokt\u0173 myl\u0117ti.\" \/>\n<meta property=\"og:url\" content=\"https:\/\/skaitytaknyga.lt\/en\/produktas\/audrone-ilgeviciene-menas-myleti\/\" \/>\n<meta property=\"og:site_name\" content=\"Skaitytaknyga\" \/>\n<meta property=\"article:publisher\" content=\"https:\/\/www.facebook.com\/skaitytaknyga\/\" \/>\n<meta property=\"article:modified_time\" content=\"2024-12-27T08:15:58+00:00\" \/>\n<meta property=\"og:image\" content=\"https:\/\/skaitytaknyga.lt\/wp-content\/uploads\/2024\/05\/000122-1485381648692263228787-e1680761149270.jpg\" \/>\n\t<meta property=\"og:image:width\" content=\"428\" \/>\n\t<meta property=\"og:image:height\" content=\"578\" \/>\n\t<meta property=\"og:image:type\" content=\"image\/jpeg\" \/>\n<meta name=\"twitter:card\" content=\"summary_large_image\" \/>\n<meta name=\"twitter:label1\" content=\"Estimated reading time\" \/>\n\t<meta name=\"twitter:data1\" content=\"1 minute\" \/>\n<script type=\"application\/ld+json\" class=\"yoast-schema-graph\">{\"@context\":\"https:\\\/\\\/schema.org\",\"@graph\":[{\"@type\":\"WebPage\",\"@id\":\"https:\\\/\\\/skaitytaknyga.lt\\\/produktas\\\/audrone-ilgeviciene-menas-myleti\\\/\",\"url\":\"https:\\\/\\\/skaitytaknyga.lt\\\/produktas\\\/audrone-ilgeviciene-menas-myleti\\\/\",\"name\":\"Audron\u0117 Ilgevi\u010dien\u0117 \u201eMenas myl\u0117ti\u201c - Skaitytaknyga\",\"isPartOf\":{\"@id\":\"https:\\\/\\\/skaitytaknyga.lt\\\/#website\"},\"primaryImageOfPage\":{\"@id\":\"https:\\\/\\\/skaitytaknyga.lt\\\/produktas\\\/audrone-ilgeviciene-menas-myleti\\\/#primaryimage\"},\"image\":{\"@id\":\"https:\\\/\\\/skaitytaknyga.lt\\\/produktas\\\/audrone-ilgeviciene-menas-myleti\\\/#primaryimage\"},\"thumbnailUrl\":\"https:\\\/\\\/skaitytaknyga.lt\\\/wp-content\\\/uploads\\\/2024\\\/05\\\/000122-1485381648692263228787-e1680761149270.jpg\",\"datePublished\":\"2024-05-04T19:21:18+00:00\",\"dateModified\":\"2024-12-27T08:15:58+00:00\",\"description\":\"Tarp m\u016bs\u0173 visada yra t\u0173, kurie ne\u0161ioja savyje Visatos Meil\u0119 ir I\u0161mint\u012f, bet jie paprasti, niekuo nekrentantys \u012f akis, tod\u0117l j\u0173 nepastebime. Apsi\u017evalgykite aplink sielos akimis, ir j\u016bs tikrai juos pamatysite. Kuo labiau atverti j\u016bs\u0173 Dvasin\u0117s \u0160irdies vartai, tuo daugiau \u0161ioje istorijoje \u012f\u017evelgsite ir matysite, kas dar laukia. Tie, kas nori atverti \u0161ird\u012f, pamatys, kiek vidinio darbo slypi po \u0161iais dviem \u017eod\u017eiais. Jei to darbo nei\u0161sig\u0105s, gal ir jiems nusi\u0161ypsos laim\u0117 sapne, arba net i\u0161 tikr\u0173j\u0173 atsidurti tame paslaptingame mieste, kuriame apsilank\u0117 m\u016bs\u0173 istorijos herojai, po ko visas gyvenimas nu\u0161vis naujomis spalvomis. Tiems, kieno protas nepripa\u017e\u012fsta to, kas \u010dia para\u0161yta, telieka ta istorija tiesiog pasaka apie karalait\u0119, kuri nugal\u0117jo savo prot\u0105, kad atrast\u0173 \u0161ird\u012f ir i\u0161mokt\u0173 myl\u0117ti.\",\"breadcrumb\":{\"@id\":\"https:\\\/\\\/skaitytaknyga.lt\\\/produktas\\\/audrone-ilgeviciene-menas-myleti\\\/#breadcrumb\"},\"inLanguage\":\"en-GB\",\"potentialAction\":[{\"@type\":\"ReadAction\",\"target\":[\"https:\\\/\\\/skaitytaknyga.lt\\\/produktas\\\/audrone-ilgeviciene-menas-myleti\\\/\"]}]},{\"@type\":\"ImageObject\",\"inLanguage\":\"en-GB\",\"@id\":\"https:\\\/\\\/skaitytaknyga.lt\\\/produktas\\\/audrone-ilgeviciene-menas-myleti\\\/#primaryimage\",\"url\":\"https:\\\/\\\/skaitytaknyga.lt\\\/wp-content\\\/uploads\\\/2024\\\/05\\\/000122-1485381648692263228787-e1680761149270.jpg\",\"contentUrl\":\"https:\\\/\\\/skaitytaknyga.lt\\\/wp-content\\\/uploads\\\/2024\\\/05\\\/000122-1485381648692263228787-e1680761149270.jpg\",\"width\":428,\"height\":578},{\"@type\":\"BreadcrumbList\",\"@id\":\"https:\\\/\\\/skaitytaknyga.lt\\\/produktas\\\/audrone-ilgeviciene-menas-myleti\\\/#breadcrumb\",\"itemListElement\":[{\"@type\":\"ListItem\",\"position\":1,\"name\":\"Home\",\"item\":\"https:\\\/\\\/skaitytaknyga.lt\\\/\"},{\"@type\":\"ListItem\",\"position\":2,\"name\":\"Parduotuv\u0117\",\"item\":\"https:\\\/\\\/skaitytaknyga.lt\\\/knygu-parduotuve\\\/\"},{\"@type\":\"ListItem\",\"position\":3,\"name\":\"Audron\u0117 Ilgevi\u010dien\u0117 \u201eMenas myl\u0117ti\u201c\"}]},{\"@type\":\"WebSite\",\"@id\":\"https:\\\/\\\/skaitytaknyga.lt\\\/#website\",\"url\":\"https:\\\/\\\/skaitytaknyga.lt\\\/\",\"name\":\"skaitytaknyga.lt\",\"description\":\"Skaitytaknyga.lt \u2013 tai ma\u017eas \u0161eimos verslas, kuris prasid\u0117jo nuo meil\u0117s knygoms ir siekio i\u0161gelb\u0117ti knygas nuo likimo prie konteinerio. Kas vienam nereikalingas daiktas \u2013 kitam lobis, o mes esame tarpininkai, kurie padeda abiems tapti laimingesniems ???? \u017dinome kaip nelengva i\u0161gyventi ma\u017eiems verslams, tad nuo \u0161iol, \u010dia rasite ir kit\u0173, ma\u017e\u0173 \u0161eim\u0173 versl\u0173, rank\u0173 darbo, dovan\u0173 sau ir artimiesiems.\",\"publisher\":{\"@id\":\"https:\\\/\\\/skaitytaknyga.lt\\\/#organization\"},\"potentialAction\":[{\"@type\":\"SearchAction\",\"target\":{\"@type\":\"EntryPoint\",\"urlTemplate\":\"https:\\\/\\\/skaitytaknyga.lt\\\/?s={search_term_string}\"},\"query-input\":{\"@type\":\"PropertyValueSpecification\",\"valueRequired\":true,\"valueName\":\"search_term_string\"}}],\"inLanguage\":\"en-GB\"},{\"@type\":\"Organization\",\"@id\":\"https:\\\/\\\/skaitytaknyga.lt\\\/#organization\",\"name\":\"skaitytaknyga.lt\",\"url\":\"https:\\\/\\\/skaitytaknyga.lt\\\/\",\"logo\":{\"@type\":\"ImageObject\",\"inLanguage\":\"en-GB\",\"@id\":\"https:\\\/\\\/skaitytaknyga.lt\\\/#\\\/schema\\\/logo\\\/image\\\/\",\"url\":\"https:\\\/\\\/skaitytaknyga.lt\\\/wp-content\\\/uploads\\\/2024\\\/05\\\/cropped-cropped-cropped-02_00843_jt3bggkj1j3HLc7SyY6rEUpg.jpeg\",\"contentUrl\":\"https:\\\/\\\/skaitytaknyga.lt\\\/wp-content\\\/uploads\\\/2024\\\/05\\\/cropped-cropped-cropped-02_00843_jt3bggkj1j3HLc7SyY6rEUpg.jpeg\",\"width\":1600,\"height\":1600,\"caption\":\"skaitytaknyga.lt\"},\"image\":{\"@id\":\"https:\\\/\\\/skaitytaknyga.lt\\\/#\\\/schema\\\/logo\\\/image\\\/\"},\"sameAs\":[\"https:\\\/\\\/www.facebook.com\\\/skaitytaknyga\\\/\"]}]}<\/script>\n<!-- \/ Yoast SEO plugin. -->","yoast_head_json":{"title":"Audron\u0117 Ilgevi\u010dien\u0117 \u201eMenas myl\u0117ti\u201c - Skaitytaknyga","description":"Tarp m\u016bs\u0173 visada yra t\u0173, kurie ne\u0161ioja savyje Visatos Meil\u0119 ir I\u0161mint\u012f, bet jie paprasti, niekuo nekrentantys \u012f akis, tod\u0117l j\u0173 nepastebime. Apsi\u017evalgykite aplink sielos akimis, ir j\u016bs tikrai juos pamatysite.  Kuo labiau atverti j\u016bs\u0173 Dvasin\u0117s \u0160irdies vartai, tuo daugiau \u0161ioje istorijoje \u012f\u017evelgsite ir matysite, kas dar laukia. Tie, kas nori atverti \u0161ird\u012f, pamatys, kiek vidinio darbo slypi po \u0161iais dviem \u017eod\u017eiais. Jei to darbo nei\u0161sig\u0105s, gal ir jiems nusi\u0161ypsos laim\u0117 sapne, arba net i\u0161 tikr\u0173j\u0173 atsidurti tame paslaptingame mieste, kuriame apsilank\u0117 m\u016bs\u0173 istorijos herojai, po ko visas gyvenimas nu\u0161vis naujomis spalvomis. Tiems, kieno protas nepripa\u017e\u012fsta to, kas \u010dia para\u0161yta, telieka ta istorija tiesiog pasaka apie karalait\u0119, kuri nugal\u0117jo savo prot\u0105, kad atrast\u0173 \u0161ird\u012f ir i\u0161mokt\u0173 myl\u0117ti.","robots":{"index":"index","follow":"follow","max-snippet":"max-snippet:-1","max-image-preview":"max-image-preview:large","max-video-preview":"max-video-preview:-1"},"canonical":"https:\/\/skaitytaknyga.lt\/en\/produktas\/audrone-ilgeviciene-menas-myleti\/","og_locale":"en_GB","og_type":"article","og_title":"Audron\u0117 Ilgevi\u010dien\u0117 \u201eMenas myl\u0117ti\u201c - Skaitytaknyga","og_description":"Tarp m\u016bs\u0173 visada yra t\u0173, kurie ne\u0161ioja savyje Visatos Meil\u0119 ir I\u0161mint\u012f, bet jie paprasti, niekuo nekrentantys \u012f akis, tod\u0117l j\u0173 nepastebime. Apsi\u017evalgykite aplink sielos akimis, ir j\u016bs tikrai juos pamatysite.  Kuo labiau atverti j\u016bs\u0173 Dvasin\u0117s \u0160irdies vartai, tuo daugiau \u0161ioje istorijoje \u012f\u017evelgsite ir matysite, kas dar laukia. Tie, kas nori atverti \u0161ird\u012f, pamatys, kiek vidinio darbo slypi po \u0161iais dviem \u017eod\u017eiais. Jei to darbo nei\u0161sig\u0105s, gal ir jiems nusi\u0161ypsos laim\u0117 sapne, arba net i\u0161 tikr\u0173j\u0173 atsidurti tame paslaptingame mieste, kuriame apsilank\u0117 m\u016bs\u0173 istorijos herojai, po ko visas gyvenimas nu\u0161vis naujomis spalvomis. Tiems, kieno protas nepripa\u017e\u012fsta to, kas \u010dia para\u0161yta, telieka ta istorija tiesiog pasaka apie karalait\u0119, kuri nugal\u0117jo savo prot\u0105, kad atrast\u0173 \u0161ird\u012f ir i\u0161mokt\u0173 myl\u0117ti.","og_url":"https:\/\/skaitytaknyga.lt\/en\/produktas\/audrone-ilgeviciene-menas-myleti\/","og_site_name":"Skaitytaknyga","article_publisher":"https:\/\/www.facebook.com\/skaitytaknyga\/","article_modified_time":"2024-12-27T08:15:58+00:00","og_image":[{"width":428,"height":578,"url":"https:\/\/skaitytaknyga.lt\/wp-content\/uploads\/2024\/05\/000122-1485381648692263228787-e1680761149270.jpg","type":"image\/jpeg"}],"twitter_card":"summary_large_image","twitter_misc":{"Estimated reading time":"1 minute"},"schema":{"@context":"https:\/\/schema.org","@graph":[{"@type":"WebPage","@id":"https:\/\/skaitytaknyga.lt\/produktas\/audrone-ilgeviciene-menas-myleti\/","url":"https:\/\/skaitytaknyga.lt\/produktas\/audrone-ilgeviciene-menas-myleti\/","name":"Audron\u0117 Ilgevi\u010dien\u0117 \u201eMenas myl\u0117ti\u201c - Skaitytaknyga","isPartOf":{"@id":"https:\/\/skaitytaknyga.lt\/#website"},"primaryImageOfPage":{"@id":"https:\/\/skaitytaknyga.lt\/produktas\/audrone-ilgeviciene-menas-myleti\/#primaryimage"},"image":{"@id":"https:\/\/skaitytaknyga.lt\/produktas\/audrone-ilgeviciene-menas-myleti\/#primaryimage"},"thumbnailUrl":"https:\/\/skaitytaknyga.lt\/wp-content\/uploads\/2024\/05\/000122-1485381648692263228787-e1680761149270.jpg","datePublished":"2024-05-04T19:21:18+00:00","dateModified":"2024-12-27T08:15:58+00:00","description":"Tarp m\u016bs\u0173 visada yra t\u0173, kurie ne\u0161ioja savyje Visatos Meil\u0119 ir I\u0161mint\u012f, bet jie paprasti, niekuo nekrentantys \u012f akis, tod\u0117l j\u0173 nepastebime. Apsi\u017evalgykite aplink sielos akimis, ir j\u016bs tikrai juos pamatysite. Kuo labiau atverti j\u016bs\u0173 Dvasin\u0117s \u0160irdies vartai, tuo daugiau \u0161ioje istorijoje \u012f\u017evelgsite ir matysite, kas dar laukia. Tie, kas nori atverti \u0161ird\u012f, pamatys, kiek vidinio darbo slypi po \u0161iais dviem \u017eod\u017eiais. Jei to darbo nei\u0161sig\u0105s, gal ir jiems nusi\u0161ypsos laim\u0117 sapne, arba net i\u0161 tikr\u0173j\u0173 atsidurti tame paslaptingame mieste, kuriame apsilank\u0117 m\u016bs\u0173 istorijos herojai, po ko visas gyvenimas nu\u0161vis naujomis spalvomis. Tiems, kieno protas nepripa\u017e\u012fsta to, kas \u010dia para\u0161yta, telieka ta istorija tiesiog pasaka apie karalait\u0119, kuri nugal\u0117jo savo prot\u0105, kad atrast\u0173 \u0161ird\u012f ir i\u0161mokt\u0173 myl\u0117ti.","breadcrumb":{"@id":"https:\/\/skaitytaknyga.lt\/produktas\/audrone-ilgeviciene-menas-myleti\/#breadcrumb"},"inLanguage":"en-GB","potentialAction":[{"@type":"ReadAction","target":["https:\/\/skaitytaknyga.lt\/produktas\/audrone-ilgeviciene-menas-myleti\/"]}]},{"@type":"ImageObject","inLanguage":"en-GB","@id":"https:\/\/skaitytaknyga.lt\/produktas\/audrone-ilgeviciene-menas-myleti\/#primaryimage","url":"https:\/\/skaitytaknyga.lt\/wp-content\/uploads\/2024\/05\/000122-1485381648692263228787-e1680761149270.jpg","contentUrl":"https:\/\/skaitytaknyga.lt\/wp-content\/uploads\/2024\/05\/000122-1485381648692263228787-e1680761149270.jpg","width":428,"height":578},{"@type":"BreadcrumbList","@id":"https:\/\/skaitytaknyga.lt\/produktas\/audrone-ilgeviciene-menas-myleti\/#breadcrumb","itemListElement":[{"@type":"ListItem","position":1,"name":"Home","item":"https:\/\/skaitytaknyga.lt\/"},{"@type":"ListItem","position":2,"name":"Parduotuv\u0117","item":"https:\/\/skaitytaknyga.lt\/knygu-parduotuve\/"},{"@type":"ListItem","position":3,"name":"Audron\u0117 Ilgevi\u010dien\u0117 \u201eMenas myl\u0117ti\u201c"}]},{"@type":"WebSite","@id":"https:\/\/skaitytaknyga.lt\/#website","url":"https:\/\/skaitytaknyga.lt\/","name":"skaitytaknyga.lt","description":"Skaitytaknyga.lt \u2013 tai ma\u017eas \u0161eimos verslas, kuris prasid\u0117jo nuo meil\u0117s knygoms ir siekio i\u0161gelb\u0117ti knygas nuo likimo prie konteinerio. Kas vienam nereikalingas daiktas \u2013 kitam lobis, o mes esame tarpininkai, kurie padeda abiems tapti laimingesniems ???? \u017dinome kaip nelengva i\u0161gyventi ma\u017eiems verslams, tad nuo \u0161iol, \u010dia rasite ir kit\u0173, ma\u017e\u0173 \u0161eim\u0173 versl\u0173, rank\u0173 darbo, dovan\u0173 sau ir artimiesiems.","publisher":{"@id":"https:\/\/skaitytaknyga.lt\/#organization"},"potentialAction":[{"@type":"SearchAction","target":{"@type":"EntryPoint","urlTemplate":"https:\/\/skaitytaknyga.lt\/?s={search_term_string}"},"query-input":{"@type":"PropertyValueSpecification","valueRequired":true,"valueName":"search_term_string"}}],"inLanguage":"en-GB"},{"@type":"Organization","@id":"https:\/\/skaitytaknyga.lt\/#organization","name":"skaitytaknyga.lt","url":"https:\/\/skaitytaknyga.lt\/","logo":{"@type":"ImageObject","inLanguage":"en-GB","@id":"https:\/\/skaitytaknyga.lt\/#\/schema\/logo\/image\/","url":"https:\/\/skaitytaknyga.lt\/wp-content\/uploads\/2024\/05\/cropped-cropped-cropped-02_00843_jt3bggkj1j3HLc7SyY6rEUpg.jpeg","contentUrl":"https:\/\/skaitytaknyga.lt\/wp-content\/uploads\/2024\/05\/cropped-cropped-cropped-02_00843_jt3bggkj1j3HLc7SyY6rEUpg.jpeg","width":1600,"height":1600,"caption":"skaitytaknyga.lt"},"image":{"@id":"https:\/\/skaitytaknyga.lt\/#\/schema\/logo\/image\/"},"sameAs":["https:\/\/www.facebook.com\/skaitytaknyga\/"]}]}},"_links":{"self":[{"href":"https:\/\/skaitytaknyga.lt\/en\/wp-json\/wp\/v2\/product\/10944","targetHints":{"allow":["GET"]}}],"collection":[{"href":"https:\/\/skaitytaknyga.lt\/en\/wp-json\/wp\/v2\/product"}],"about":[{"href":"https:\/\/skaitytaknyga.lt\/en\/wp-json\/wp\/v2\/types\/product"}],"replies":[{"embeddable":true,"href":"https:\/\/skaitytaknyga.lt\/en\/wp-json\/wp\/v2\/comments?post=10944"}],"wp:featuredmedia":[{"embeddable":true,"href":"https:\/\/skaitytaknyga.lt\/en\/wp-json\/wp\/v2\/media\/10982"}],"wp:attachment":[{"href":"https:\/\/skaitytaknyga.lt\/en\/wp-json\/wp\/v2\/media?parent=10944"}],"wp:term":[{"taxonomy":"product_brand","embeddable":true,"href":"https:\/\/skaitytaknyga.lt\/en\/wp-json\/wp\/v2\/product_brand?post=10944"},{"taxonomy":"product_cat","embeddable":true,"href":"https:\/\/skaitytaknyga.lt\/en\/wp-json\/wp\/v2\/product_cat?post=10944"},{"taxonomy":"product_tag","embeddable":true,"href":"https:\/\/skaitytaknyga.lt\/en\/wp-json\/wp\/v2\/product_tag?post=10944"}],"curies":[{"name":"wp","href":"https:\/\/api.w.org\/{rel}","templated":true}]}}