{"id":10942,"date":"2024-05-04T19:21:18","date_gmt":"2024-05-04T19:21:18","guid":{"rendered":"https:\/\/skaitytaknyga.lt\/?post_type=product&#038;p=10942"},"modified":"2024-05-04T19:23:04","modified_gmt":"2024-05-04T19:23:04","slug":"karina-mikaelis-motina","status":"publish","type":"product","link":"https:\/\/skaitytaknyga.lt\/en\/produktas\/karina-mikaelis-motina\/","title":{"rendered":"Karina Mikaelis \u201eMotina\u201c"},"content":{"rendered":"<p>Dan\u0173 ra\u0161ytoja Karina Mikaelis gim\u0117 Ronderse, \u0160iaur\u0117s Jutlandijoje. Daug keliavo po Amerik\u0105, Europ\u0105. Autor\u0117s romanuose \u201ePavojingas am\u017eius\u201c, \u201eMergait\u0117 su stiklo \u0161uk\u0117mis\u201c, \u201eBlogio ir g\u0117rio medis\u201c, \u201eMotina\u201c K. Mikaelis vaizduoja mergai\u010di\u0173, moter\u0173 gyvenim\u0105, kelia \u0161eimos, buities, vaik\u0173 aukl\u0117jimo problemas.<\/p>\n<p>Pasakojimo perteikimo forma da\u017enai ne\u012fprasta &#8211; lai\u0161kai, monologai, dienora\u0161\u010diai. K\u016briniuose gausu autobiografini\u0173 element\u0173.<\/p>\n","protected":false},"excerpt":{"rendered":"<p>Dan\u0173 ra\u0161ytoja Karina Mikaelis gim\u0117 Ronderse, \u0160iaur\u0117s Jutlandijoje. Daug keliavo po Amerik\u0105, Europ\u0105. Autor\u0117s romanuose \u201ePavojingas am\u017eius\u201c, \u201eMergait\u0117 su stiklo \u0161uk\u0117mis\u201c, \u201eBlogio ir g\u0117rio medis\u201c, \u201eMotina\u201c K. Mikaelis vaizduoja mergai\u010di\u0173, moter\u0173 gyvenim\u0105, kelia \u0161eimos, buities, vaik\u0173 aukl\u0117jimo problemas.<\/p>\n<p>Pasakojimo perteikimo forma da\u017enai ne\u012fprasta &#8211; lai\u0161kai, monologai, dienora\u0161\u010diai. K\u016briniuose gausu autobiografini\u0173 element\u0173.<\/p>\n","protected":false},"featured_media":10980,"comment_status":"closed","ping_status":"closed","template":"","meta":{"_acf_changed":false,"site-sidebar-layout":"default","site-content-layout":"","ast-site-content-layout":"default","site-content-style":"default","site-sidebar-style":"default","ast-global-header-display":"","ast-banner-title-visibility":"","ast-main-header-display":"","ast-hfb-above-header-display":"","ast-hfb-below-header-display":"","ast-hfb-mobile-header-display":"","site-post-title":"","ast-breadcrumbs-content":"","ast-featured-img":"","footer-sml-layout":"","ast-disable-related-posts":"","theme-transparent-header-meta":"","adv-header-id-meta":"","stick-header-meta":"","header-above-stick-meta":"","header-main-stick-meta":"","header-below-stick-meta":"","astra-migrate-meta-layouts":"default","ast-page-background-enabled":"default","ast-page-background-meta":{"desktop":{"background-color":"","background-image":"","background-repeat":"repeat","background-position":"center center","background-size":"auto","background-attachment":"scroll","background-type":"","background-media":"","overlay-type":"","overlay-color":"","overlay-opacity":"","overlay-gradient":""},"tablet":{"background-color":"","background-image":"","background-repeat":"repeat","background-position":"center center","background-size":"auto","background-attachment":"scroll","background-type":"","background-media":"","overlay-type":"","overlay-color":"","overlay-opacity":"","overlay-gradient":""},"mobile":{"background-color":"","background-image":"","background-repeat":"repeat","background-position":"center center","background-size":"auto","background-attachment":"scroll","background-type":"","background-media":"","overlay-type":"","overlay-color":"","overlay-opacity":"","overlay-gradient":""}},"ast-content-background-meta":{"desktop":{"background-color":"var(--ast-global-color-4)","background-image":"","background-repeat":"repeat","background-position":"center center","background-size":"auto","background-attachment":"scroll","background-type":"","background-media":"","overlay-type":"","overlay-color":"","overlay-opacity":"","overlay-gradient":""},"tablet":{"background-color":"var(--ast-global-color-4)","background-image":"","background-repeat":"repeat","background-position":"center center","background-size":"auto","background-attachment":"scroll","background-type":"","background-media":"","overlay-type":"","overlay-color":"","overlay-opacity":"","overlay-gradient":""},"mobile":{"background-color":"var(--ast-global-color-4)","background-image":"","background-repeat":"repeat","background-position":"center center","background-size":"auto","background-attachment":"scroll","background-type":"","background-media":"","overlay-type":"","overlay-color":"","overlay-opacity":"","overlay-gradient":""}}},"product_brand":[],"product_cat":[31],"product_tag":[],"class_list":{"0":"post-10942","1":"product","2":"type-product","3":"status-publish","4":"has-post-thumbnail","6":"product_cat-grozine-literatura","7":"desktop-align-left","8":"tablet-align-left","9":"mobile-align-left","11":"first","12":"instock","13":"shipping-taxable","14":"purchasable","15":"product-type-simple"},"acf":[],"yoast_head":"<!-- This site is optimized with the Yoast SEO plugin v27.4 - https:\/\/yoast.com\/product\/yoast-seo-wordpress\/ -->\n<title>Karina Mikaelis \u201eMotina\u201c - Skaitytaknyga<\/title>\n<meta name=\"description\" content=\"Dan\u0173 ra\u0161ytoja Karina Mikaelis gim\u0117 Ronderse, \u0160iaur\u0117s Jutlandijoje. Daug keliavo po Amerik\u0105, Europ\u0105. Autor\u0117s romanuose \u201ePavojingas am\u017eius\u201c, \u201eMergait\u0117 su stiklo \u0161uk\u0117mis\u201c, \u201eBlogio ir g\u0117rio medis\u201c, \u201eMotina\u201c K. Mikaelis vaizduoja mergai\u010di\u0173, moter\u0173 gyvenim\u0105, kelia \u0161eimos, buities, vaik\u0173 aukl\u0117jimo problemas.  Pasakojimo perteikimo forma da\u017enai ne\u012fprasta - lai\u0161kai, monologai, dienora\u0161\u010diai. K\u016briniuose gausu autobiografini\u0173 element\u0173.\" \/>\n<meta name=\"robots\" content=\"index, follow, max-snippet:-1, max-image-preview:large, max-video-preview:-1\" \/>\n<link rel=\"canonical\" href=\"https:\/\/skaitytaknyga.lt\/en\/produktas\/karina-mikaelis-motina\/\" \/>\n<meta property=\"og:locale\" content=\"en_GB\" \/>\n<meta property=\"og:locale:alternate\" content=\"lt_LT\" \/>\n<meta property=\"og:type\" content=\"article\" \/>\n<meta property=\"og:title\" content=\"Karina Mikaelis \u201eMotina\u201c - Skaitytaknyga\" \/>\n<meta property=\"og:description\" content=\"Dan\u0173 ra\u0161ytoja Karina Mikaelis gim\u0117 Ronderse, \u0160iaur\u0117s Jutlandijoje. Daug keliavo po Amerik\u0105, Europ\u0105. Autor\u0117s romanuose \u201ePavojingas am\u017eius\u201c, \u201eMergait\u0117 su stiklo \u0161uk\u0117mis\u201c, \u201eBlogio ir g\u0117rio medis\u201c, \u201eMotina\u201c K. Mikaelis vaizduoja mergai\u010di\u0173, moter\u0173 gyvenim\u0105, kelia \u0161eimos, buities, vaik\u0173 aukl\u0117jimo problemas.  Pasakojimo perteikimo forma da\u017enai ne\u012fprasta - lai\u0161kai, monologai, dienora\u0161\u010diai. K\u016briniuose gausu autobiografini\u0173 element\u0173.\" \/>\n<meta property=\"og:url\" content=\"https:\/\/skaitytaknyga.lt\/en\/produktas\/karina-mikaelis-motina\/\" \/>\n<meta property=\"og:site_name\" content=\"Skaitytaknyga\" \/>\n<meta property=\"article:publisher\" content=\"https:\/\/www.facebook.com\/skaitytaknyga\/\" \/>\n<meta property=\"article:modified_time\" content=\"2024-05-04T19:23:04+00:00\" \/>\n<meta property=\"og:image\" content=\"https:\/\/skaitytaknyga.lt\/wp-content\/uploads\/2024\/05\/mikaelis-karina-motina.jpg\" \/>\n\t<meta property=\"og:image:width\" content=\"242\" \/>\n\t<meta property=\"og:image:height\" content=\"400\" \/>\n\t<meta property=\"og:image:type\" content=\"image\/jpeg\" \/>\n<meta name=\"twitter:card\" content=\"summary_large_image\" \/>\n<script type=\"application\/ld+json\" class=\"yoast-schema-graph\">{\"@context\":\"https:\\\/\\\/schema.org\",\"@graph\":[{\"@type\":\"WebPage\",\"@id\":\"https:\\\/\\\/skaitytaknyga.lt\\\/produktas\\\/karina-mikaelis-motina\\\/\",\"url\":\"https:\\\/\\\/skaitytaknyga.lt\\\/produktas\\\/karina-mikaelis-motina\\\/\",\"name\":\"Karina Mikaelis \u201eMotina\u201c - Skaitytaknyga\",\"isPartOf\":{\"@id\":\"https:\\\/\\\/skaitytaknyga.lt\\\/#website\"},\"primaryImageOfPage\":{\"@id\":\"https:\\\/\\\/skaitytaknyga.lt\\\/produktas\\\/karina-mikaelis-motina\\\/#primaryimage\"},\"image\":{\"@id\":\"https:\\\/\\\/skaitytaknyga.lt\\\/produktas\\\/karina-mikaelis-motina\\\/#primaryimage\"},\"thumbnailUrl\":\"https:\\\/\\\/skaitytaknyga.lt\\\/wp-content\\\/uploads\\\/2024\\\/05\\\/mikaelis-karina-motina.jpg\",\"datePublished\":\"2024-05-04T19:21:18+00:00\",\"dateModified\":\"2024-05-04T19:23:04+00:00\",\"description\":\"Dan\u0173 ra\u0161ytoja Karina Mikaelis gim\u0117 Ronderse, \u0160iaur\u0117s Jutlandijoje. Daug keliavo po Amerik\u0105, Europ\u0105. Autor\u0117s romanuose \u201ePavojingas am\u017eius\u201c, \u201eMergait\u0117 su stiklo \u0161uk\u0117mis\u201c, \u201eBlogio ir g\u0117rio medis\u201c, \u201eMotina\u201c K. Mikaelis vaizduoja mergai\u010di\u0173, moter\u0173 gyvenim\u0105, kelia \u0161eimos, buities, vaik\u0173 aukl\u0117jimo problemas. Pasakojimo perteikimo forma da\u017enai ne\u012fprasta - lai\u0161kai, monologai, dienora\u0161\u010diai. K\u016briniuose gausu autobiografini\u0173 element\u0173.\",\"breadcrumb\":{\"@id\":\"https:\\\/\\\/skaitytaknyga.lt\\\/produktas\\\/karina-mikaelis-motina\\\/#breadcrumb\"},\"inLanguage\":\"en-GB\",\"potentialAction\":[{\"@type\":\"ReadAction\",\"target\":[\"https:\\\/\\\/skaitytaknyga.lt\\\/produktas\\\/karina-mikaelis-motina\\\/\"]}]},{\"@type\":\"ImageObject\",\"inLanguage\":\"en-GB\",\"@id\":\"https:\\\/\\\/skaitytaknyga.lt\\\/produktas\\\/karina-mikaelis-motina\\\/#primaryimage\",\"url\":\"https:\\\/\\\/skaitytaknyga.lt\\\/wp-content\\\/uploads\\\/2024\\\/05\\\/mikaelis-karina-motina.jpg\",\"contentUrl\":\"https:\\\/\\\/skaitytaknyga.lt\\\/wp-content\\\/uploads\\\/2024\\\/05\\\/mikaelis-karina-motina.jpg\",\"width\":242,\"height\":400},{\"@type\":\"BreadcrumbList\",\"@id\":\"https:\\\/\\\/skaitytaknyga.lt\\\/produktas\\\/karina-mikaelis-motina\\\/#breadcrumb\",\"itemListElement\":[{\"@type\":\"ListItem\",\"position\":1,\"name\":\"Home\",\"item\":\"https:\\\/\\\/skaitytaknyga.lt\\\/\"},{\"@type\":\"ListItem\",\"position\":2,\"name\":\"Parduotuv\u0117\",\"item\":\"https:\\\/\\\/skaitytaknyga.lt\\\/knygu-parduotuve\\\/\"},{\"@type\":\"ListItem\",\"position\":3,\"name\":\"Karina Mikaelis \u201eMotina\u201c\"}]},{\"@type\":\"WebSite\",\"@id\":\"https:\\\/\\\/skaitytaknyga.lt\\\/#website\",\"url\":\"https:\\\/\\\/skaitytaknyga.lt\\\/\",\"name\":\"skaitytaknyga.lt\",\"description\":\"Skaitytaknyga.lt \u2013 tai ma\u017eas \u0161eimos verslas, kuris prasid\u0117jo nuo meil\u0117s knygoms ir siekio i\u0161gelb\u0117ti knygas nuo likimo prie konteinerio. Kas vienam nereikalingas daiktas \u2013 kitam lobis, o mes esame tarpininkai, kurie padeda abiems tapti laimingesniems ???? \u017dinome kaip nelengva i\u0161gyventi ma\u017eiems verslams, tad nuo \u0161iol, \u010dia rasite ir kit\u0173, ma\u017e\u0173 \u0161eim\u0173 versl\u0173, rank\u0173 darbo, dovan\u0173 sau ir artimiesiems.\",\"publisher\":{\"@id\":\"https:\\\/\\\/skaitytaknyga.lt\\\/#organization\"},\"potentialAction\":[{\"@type\":\"SearchAction\",\"target\":{\"@type\":\"EntryPoint\",\"urlTemplate\":\"https:\\\/\\\/skaitytaknyga.lt\\\/?s={search_term_string}\"},\"query-input\":{\"@type\":\"PropertyValueSpecification\",\"valueRequired\":true,\"valueName\":\"search_term_string\"}}],\"inLanguage\":\"en-GB\"},{\"@type\":\"Organization\",\"@id\":\"https:\\\/\\\/skaitytaknyga.lt\\\/#organization\",\"name\":\"skaitytaknyga.lt\",\"url\":\"https:\\\/\\\/skaitytaknyga.lt\\\/\",\"logo\":{\"@type\":\"ImageObject\",\"inLanguage\":\"en-GB\",\"@id\":\"https:\\\/\\\/skaitytaknyga.lt\\\/#\\\/schema\\\/logo\\\/image\\\/\",\"url\":\"https:\\\/\\\/skaitytaknyga.lt\\\/wp-content\\\/uploads\\\/2024\\\/05\\\/cropped-cropped-cropped-02_00843_jt3bggkj1j3HLc7SyY6rEUpg.jpeg\",\"contentUrl\":\"https:\\\/\\\/skaitytaknyga.lt\\\/wp-content\\\/uploads\\\/2024\\\/05\\\/cropped-cropped-cropped-02_00843_jt3bggkj1j3HLc7SyY6rEUpg.jpeg\",\"width\":1600,\"height\":1600,\"caption\":\"skaitytaknyga.lt\"},\"image\":{\"@id\":\"https:\\\/\\\/skaitytaknyga.lt\\\/#\\\/schema\\\/logo\\\/image\\\/\"},\"sameAs\":[\"https:\\\/\\\/www.facebook.com\\\/skaitytaknyga\\\/\"]}]}<\/script>\n<!-- \/ Yoast SEO plugin. -->","yoast_head_json":{"title":"Karina Mikaelis \u201eMotina\u201c - Skaitytaknyga","description":"Dan\u0173 ra\u0161ytoja Karina Mikaelis gim\u0117 Ronderse, \u0160iaur\u0117s Jutlandijoje. Daug keliavo po Amerik\u0105, Europ\u0105. Autor\u0117s romanuose \u201ePavojingas am\u017eius\u201c, \u201eMergait\u0117 su stiklo \u0161uk\u0117mis\u201c, \u201eBlogio ir g\u0117rio medis\u201c, \u201eMotina\u201c K. Mikaelis vaizduoja mergai\u010di\u0173, moter\u0173 gyvenim\u0105, kelia \u0161eimos, buities, vaik\u0173 aukl\u0117jimo problemas.  Pasakojimo perteikimo forma da\u017enai ne\u012fprasta - lai\u0161kai, monologai, dienora\u0161\u010diai. K\u016briniuose gausu autobiografini\u0173 element\u0173.","robots":{"index":"index","follow":"follow","max-snippet":"max-snippet:-1","max-image-preview":"max-image-preview:large","max-video-preview":"max-video-preview:-1"},"canonical":"https:\/\/skaitytaknyga.lt\/en\/produktas\/karina-mikaelis-motina\/","og_locale":"en_GB","og_type":"article","og_title":"Karina Mikaelis \u201eMotina\u201c - Skaitytaknyga","og_description":"Dan\u0173 ra\u0161ytoja Karina Mikaelis gim\u0117 Ronderse, \u0160iaur\u0117s Jutlandijoje. Daug keliavo po Amerik\u0105, Europ\u0105. Autor\u0117s romanuose \u201ePavojingas am\u017eius\u201c, \u201eMergait\u0117 su stiklo \u0161uk\u0117mis\u201c, \u201eBlogio ir g\u0117rio medis\u201c, \u201eMotina\u201c K. Mikaelis vaizduoja mergai\u010di\u0173, moter\u0173 gyvenim\u0105, kelia \u0161eimos, buities, vaik\u0173 aukl\u0117jimo problemas.  Pasakojimo perteikimo forma da\u017enai ne\u012fprasta - lai\u0161kai, monologai, dienora\u0161\u010diai. K\u016briniuose gausu autobiografini\u0173 element\u0173.","og_url":"https:\/\/skaitytaknyga.lt\/en\/produktas\/karina-mikaelis-motina\/","og_site_name":"Skaitytaknyga","article_publisher":"https:\/\/www.facebook.com\/skaitytaknyga\/","article_modified_time":"2024-05-04T19:23:04+00:00","og_image":[{"width":242,"height":400,"url":"https:\/\/skaitytaknyga.lt\/wp-content\/uploads\/2024\/05\/mikaelis-karina-motina.jpg","type":"image\/jpeg"}],"twitter_card":"summary_large_image","schema":{"@context":"https:\/\/schema.org","@graph":[{"@type":"WebPage","@id":"https:\/\/skaitytaknyga.lt\/produktas\/karina-mikaelis-motina\/","url":"https:\/\/skaitytaknyga.lt\/produktas\/karina-mikaelis-motina\/","name":"Karina Mikaelis \u201eMotina\u201c - Skaitytaknyga","isPartOf":{"@id":"https:\/\/skaitytaknyga.lt\/#website"},"primaryImageOfPage":{"@id":"https:\/\/skaitytaknyga.lt\/produktas\/karina-mikaelis-motina\/#primaryimage"},"image":{"@id":"https:\/\/skaitytaknyga.lt\/produktas\/karina-mikaelis-motina\/#primaryimage"},"thumbnailUrl":"https:\/\/skaitytaknyga.lt\/wp-content\/uploads\/2024\/05\/mikaelis-karina-motina.jpg","datePublished":"2024-05-04T19:21:18+00:00","dateModified":"2024-05-04T19:23:04+00:00","description":"Dan\u0173 ra\u0161ytoja Karina Mikaelis gim\u0117 Ronderse, \u0160iaur\u0117s Jutlandijoje. Daug keliavo po Amerik\u0105, Europ\u0105. Autor\u0117s romanuose \u201ePavojingas am\u017eius\u201c, \u201eMergait\u0117 su stiklo \u0161uk\u0117mis\u201c, \u201eBlogio ir g\u0117rio medis\u201c, \u201eMotina\u201c K. Mikaelis vaizduoja mergai\u010di\u0173, moter\u0173 gyvenim\u0105, kelia \u0161eimos, buities, vaik\u0173 aukl\u0117jimo problemas. Pasakojimo perteikimo forma da\u017enai ne\u012fprasta - lai\u0161kai, monologai, dienora\u0161\u010diai. K\u016briniuose gausu autobiografini\u0173 element\u0173.","breadcrumb":{"@id":"https:\/\/skaitytaknyga.lt\/produktas\/karina-mikaelis-motina\/#breadcrumb"},"inLanguage":"en-GB","potentialAction":[{"@type":"ReadAction","target":["https:\/\/skaitytaknyga.lt\/produktas\/karina-mikaelis-motina\/"]}]},{"@type":"ImageObject","inLanguage":"en-GB","@id":"https:\/\/skaitytaknyga.lt\/produktas\/karina-mikaelis-motina\/#primaryimage","url":"https:\/\/skaitytaknyga.lt\/wp-content\/uploads\/2024\/05\/mikaelis-karina-motina.jpg","contentUrl":"https:\/\/skaitytaknyga.lt\/wp-content\/uploads\/2024\/05\/mikaelis-karina-motina.jpg","width":242,"height":400},{"@type":"BreadcrumbList","@id":"https:\/\/skaitytaknyga.lt\/produktas\/karina-mikaelis-motina\/#breadcrumb","itemListElement":[{"@type":"ListItem","position":1,"name":"Home","item":"https:\/\/skaitytaknyga.lt\/"},{"@type":"ListItem","position":2,"name":"Parduotuv\u0117","item":"https:\/\/skaitytaknyga.lt\/knygu-parduotuve\/"},{"@type":"ListItem","position":3,"name":"Karina Mikaelis \u201eMotina\u201c"}]},{"@type":"WebSite","@id":"https:\/\/skaitytaknyga.lt\/#website","url":"https:\/\/skaitytaknyga.lt\/","name":"skaitytaknyga.lt","description":"Skaitytaknyga.lt \u2013 tai ma\u017eas \u0161eimos verslas, kuris prasid\u0117jo nuo meil\u0117s knygoms ir siekio i\u0161gelb\u0117ti knygas nuo likimo prie konteinerio. Kas vienam nereikalingas daiktas \u2013 kitam lobis, o mes esame tarpininkai, kurie padeda abiems tapti laimingesniems ???? \u017dinome kaip nelengva i\u0161gyventi ma\u017eiems verslams, tad nuo \u0161iol, \u010dia rasite ir kit\u0173, ma\u017e\u0173 \u0161eim\u0173 versl\u0173, rank\u0173 darbo, dovan\u0173 sau ir artimiesiems.","publisher":{"@id":"https:\/\/skaitytaknyga.lt\/#organization"},"potentialAction":[{"@type":"SearchAction","target":{"@type":"EntryPoint","urlTemplate":"https:\/\/skaitytaknyga.lt\/?s={search_term_string}"},"query-input":{"@type":"PropertyValueSpecification","valueRequired":true,"valueName":"search_term_string"}}],"inLanguage":"en-GB"},{"@type":"Organization","@id":"https:\/\/skaitytaknyga.lt\/#organization","name":"skaitytaknyga.lt","url":"https:\/\/skaitytaknyga.lt\/","logo":{"@type":"ImageObject","inLanguage":"en-GB","@id":"https:\/\/skaitytaknyga.lt\/#\/schema\/logo\/image\/","url":"https:\/\/skaitytaknyga.lt\/wp-content\/uploads\/2024\/05\/cropped-cropped-cropped-02_00843_jt3bggkj1j3HLc7SyY6rEUpg.jpeg","contentUrl":"https:\/\/skaitytaknyga.lt\/wp-content\/uploads\/2024\/05\/cropped-cropped-cropped-02_00843_jt3bggkj1j3HLc7SyY6rEUpg.jpeg","width":1600,"height":1600,"caption":"skaitytaknyga.lt"},"image":{"@id":"https:\/\/skaitytaknyga.lt\/#\/schema\/logo\/image\/"},"sameAs":["https:\/\/www.facebook.com\/skaitytaknyga\/"]}]}},"_links":{"self":[{"href":"https:\/\/skaitytaknyga.lt\/en\/wp-json\/wp\/v2\/product\/10942","targetHints":{"allow":["GET"]}}],"collection":[{"href":"https:\/\/skaitytaknyga.lt\/en\/wp-json\/wp\/v2\/product"}],"about":[{"href":"https:\/\/skaitytaknyga.lt\/en\/wp-json\/wp\/v2\/types\/product"}],"replies":[{"embeddable":true,"href":"https:\/\/skaitytaknyga.lt\/en\/wp-json\/wp\/v2\/comments?post=10942"}],"wp:featuredmedia":[{"embeddable":true,"href":"https:\/\/skaitytaknyga.lt\/en\/wp-json\/wp\/v2\/media\/10980"}],"wp:attachment":[{"href":"https:\/\/skaitytaknyga.lt\/en\/wp-json\/wp\/v2\/media?parent=10942"}],"wp:term":[{"taxonomy":"product_brand","embeddable":true,"href":"https:\/\/skaitytaknyga.lt\/en\/wp-json\/wp\/v2\/product_brand?post=10942"},{"taxonomy":"product_cat","embeddable":true,"href":"https:\/\/skaitytaknyga.lt\/en\/wp-json\/wp\/v2\/product_cat?post=10942"},{"taxonomy":"product_tag","embeddable":true,"href":"https:\/\/skaitytaknyga.lt\/en\/wp-json\/wp\/v2\/product_tag?post=10942"}],"curies":[{"name":"wp","href":"https:\/\/api.w.org\/{rel}","templated":true}]}}