{"id":10935,"date":"2024-05-04T19:20:56","date_gmt":"2024-05-04T19:20:56","guid":{"rendered":"https:\/\/skaitytaknyga.lt\/?post_type=product&#038;p=10935"},"modified":"2026-03-18T14:59:56","modified_gmt":"2026-03-18T12:59:56","slug":"tadas-adomonis-klemensas-cerbulenas-lietuvos-tsr-dailes-ir-architekturos-istorija-1","status":"publish","type":"product","link":"https:\/\/skaitytaknyga.lt\/en\/produktas\/tadas-adomonis-klemensas-cerbulenas-lietuvos-tsr-dailes-ir-architekturos-istorija-1\/","title":{"rendered":"Tadas Adomonis, Klemensas \u010cerbul\u0117nas \u201eLietuvos TSR dail\u0117s ir architekt\u016bros istorija 1\u201c"},"content":{"rendered":"<div>Tadas Adomonis, Klemensas \u010cerbul\u0117nas. Lietuvos TSR dail\u0117s ir architekt\u016bros istorija 1. Nuo seniausi\u0173 laik\u0173 iki 1775 met\u0173. Leidinyje, remiantis lietuvi\u0173 ir u\u017esienio mokslinink\u0173 paskelbta bei gausia archyvine med\u017eiaga, i\u0161likusiais architekt\u016bros paminklais, muziej\u0173 rinkiniais, glaustai nu\u0161vie\u010diama lietuvi\u0173 dail\u0117s ir architekt\u016bros raida ikifeodaliniu ir feodalizmo (iki 1775 m.) laikotarpiu. Gausiai iliustruota pie\u0161iniais, spalvotomis ir nespalvotomis nuotraukomis.<\/div>\n","protected":false},"excerpt":{"rendered":"<div>Tadas Adomonis, Klemensas \u010cerbul\u0117nas. Lietuvos TSR dail\u0117s ir architekt\u016bros istorija 1. Nuo seniausi\u0173 laik\u0173 iki 1775 met\u0173. Leidinyje, remiantis lietuvi\u0173 ir u\u017esienio mokslinink\u0173 paskelbta bei gausia archyvine med\u017eiaga, i\u0161likusiais architekt\u016bros paminklais, muziej\u0173 rinkiniais, glaustai nu\u0161vie\u010diama lietuvi\u0173 dail\u0117s ir architekt\u016bros raida ikifeodaliniu ir feodalizmo (iki 1775 m.) laikotarpiu. Gausiai iliustruota pie\u0161iniais, spalvotomis ir nespalvotomis nuotraukomis.<\/div>\n","protected":false},"featured_media":10974,"comment_status":"closed","ping_status":"closed","template":"","meta":{"_acf_changed":false,"site-sidebar-layout":"default","site-content-layout":"","ast-site-content-layout":"default","site-content-style":"default","site-sidebar-style":"default","ast-global-header-display":"","ast-banner-title-visibility":"","ast-main-header-display":"","ast-hfb-above-header-display":"","ast-hfb-below-header-display":"","ast-hfb-mobile-header-display":"","site-post-title":"","ast-breadcrumbs-content":"","ast-featured-img":"","footer-sml-layout":"","ast-disable-related-posts":"","theme-transparent-header-meta":"","adv-header-id-meta":"","stick-header-meta":"","header-above-stick-meta":"","header-main-stick-meta":"","header-below-stick-meta":"","astra-migrate-meta-layouts":"default","ast-page-background-enabled":"default","ast-page-background-meta":{"desktop":{"background-color":"","background-image":"","background-repeat":"repeat","background-position":"center center","background-size":"auto","background-attachment":"scroll","background-type":"","background-media":"","overlay-type":"","overlay-color":"","overlay-opacity":"","overlay-gradient":""},"tablet":{"background-color":"","background-image":"","background-repeat":"repeat","background-position":"center center","background-size":"auto","background-attachment":"scroll","background-type":"","background-media":"","overlay-type":"","overlay-color":"","overlay-opacity":"","overlay-gradient":""},"mobile":{"background-color":"","background-image":"","background-repeat":"repeat","background-position":"center center","background-size":"auto","background-attachment":"scroll","background-type":"","background-media":"","overlay-type":"","overlay-color":"","overlay-opacity":"","overlay-gradient":""}},"ast-content-background-meta":{"desktop":{"background-color":"var(--ast-global-color-4)","background-image":"","background-repeat":"repeat","background-position":"center center","background-size":"auto","background-attachment":"scroll","background-type":"","background-media":"","overlay-type":"","overlay-color":"","overlay-opacity":"","overlay-gradient":""},"tablet":{"background-color":"var(--ast-global-color-4)","background-image":"","background-repeat":"repeat","background-position":"center center","background-size":"auto","background-attachment":"scroll","background-type":"","background-media":"","overlay-type":"","overlay-color":"","overlay-opacity":"","overlay-gradient":""},"mobile":{"background-color":"var(--ast-global-color-4)","background-image":"","background-repeat":"repeat","background-position":"center center","background-size":"auto","background-attachment":"scroll","background-type":"","background-media":"","overlay-type":"","overlay-color":"","overlay-opacity":"","overlay-gradient":""}}},"product_brand":[],"product_cat":[9862,174,57],"product_tag":[],"class_list":{"0":"post-10935","1":"product","2":"type-product","3":"status-publish","4":"has-post-thumbnail","6":"product_cat-lietuvos-istorija","7":"product_cat-istorija-ir-politologija","8":"product_cat-menas-ir-albumai","9":"pa_leidimo-metai-642","10":"pa_virselis-kietas","11":"desktop-align-left","12":"tablet-align-left","13":"mobile-align-left","15":"first","16":"instock","17":"shipping-taxable","18":"purchasable","19":"product-type-simple"},"acf":[],"yoast_head":"<!-- This site is optimized with the Yoast SEO plugin v27.0 - https:\/\/yoast.com\/product\/yoast-seo-wordpress\/ -->\n<title>Tadas Adomonis, Klemensas \u010cerbul\u0117nas \u201eLietuvos TSR dail\u0117s ir architekt\u016bros istorija 1\u201c<\/title>\n<meta name=\"description\" content=\"Tadas Adomonis, Klemensas \u010cerbul\u0117nas. Lietuvos TSR dail\u0117s ir architekt\u016bros istorija 1. Nuo seniausi\u0173 laik\u0173 iki 1775 met\u0173. Leidinyje, remiantis lietuvi\u0173 ir u\u017esienio mokslinink\u0173 paskelbta bei gausia archyvine med\u017eiaga, i\u0161likusiais architekt\u016bros paminklais, muziej\u0173 rinkiniais, glaustai nu\u0161vie\u010diama lietuvi\u0173 dail\u0117s ir architekt\u016bros raida ikifeodaliniu ir feodalizmo (iki 1775 m.) laikotarpiu. Gausiai iliustruota pie\u0161iniais, spalvotomis ir nespalvotomis nuotraukomis.\" \/>\n<meta name=\"robots\" content=\"index, follow, max-snippet:-1, max-image-preview:large, max-video-preview:-1\" \/>\n<link rel=\"canonical\" href=\"https:\/\/skaitytaknyga.lt\/en\/produktas\/tadas-adomonis-klemensas-cerbulenas-lietuvos-tsr-dailes-ir-architekturos-istorija-1\/\" \/>\n<meta property=\"og:locale\" content=\"en_GB\" \/>\n<meta property=\"og:locale:alternate\" content=\"lt_LT\" \/>\n<meta property=\"og:type\" content=\"article\" \/>\n<meta property=\"og:title\" content=\"Tadas Adomonis, Klemensas \u010cerbul\u0117nas \u201eLietuvos TSR dail\u0117s ir architekt\u016bros istorija 1\u201c\" \/>\n<meta property=\"og:description\" content=\"Tadas Adomonis, Klemensas \u010cerbul\u0117nas. Lietuvos TSR dail\u0117s ir architekt\u016bros istorija 1. Nuo seniausi\u0173 laik\u0173 iki 1775 met\u0173. Leidinyje, remiantis lietuvi\u0173 ir u\u017esienio mokslinink\u0173 paskelbta bei gausia archyvine med\u017eiaga, i\u0161likusiais architekt\u016bros paminklais, muziej\u0173 rinkiniais, glaustai nu\u0161vie\u010diama lietuvi\u0173 dail\u0117s ir architekt\u016bros raida ikifeodaliniu ir feodalizmo (iki 1775 m.) laikotarpiu. Gausiai iliustruota pie\u0161iniais, spalvotomis ir nespalvotomis nuotraukomis.\" \/>\n<meta property=\"og:url\" content=\"https:\/\/skaitytaknyga.lt\/en\/produktas\/tadas-adomonis-klemensas-cerbulenas-lietuvos-tsr-dailes-ir-architekturos-istorija-1\/\" \/>\n<meta property=\"og:site_name\" content=\"Skaitytaknyga\" \/>\n<meta property=\"article:publisher\" content=\"https:\/\/www.facebook.com\/skaitytaknyga\/\" \/>\n<meta property=\"article:modified_time\" content=\"2026-03-18T12:59:56+00:00\" \/>\n<meta property=\"og:image\" content=\"https:\/\/skaitytaknyga.lt\/wp-content\/uploads\/2024\/05\/architekturos-istorija.jpg\" \/>\n\t<meta property=\"og:image:width\" content=\"330\" \/>\n\t<meta property=\"og:image:height\" content=\"480\" \/>\n\t<meta property=\"og:image:type\" content=\"image\/jpeg\" \/>\n<meta name=\"twitter:card\" content=\"summary_large_image\" \/>\n<script type=\"application\/ld+json\" class=\"yoast-schema-graph\">{\"@context\":\"https:\/\/schema.org\",\"@graph\":[{\"@type\":\"WebPage\",\"@id\":\"https:\/\/skaitytaknyga.lt\/produktas\/tadas-adomonis-klemensas-cerbulenas-lietuvos-tsr-dailes-ir-architekturos-istorija-1\/\",\"url\":\"https:\/\/skaitytaknyga.lt\/produktas\/tadas-adomonis-klemensas-cerbulenas-lietuvos-tsr-dailes-ir-architekturos-istorija-1\/\",\"name\":\"Tadas Adomonis, Klemensas \u010cerbul\u0117nas \u201eLietuvos TSR dail\u0117s ir architekt\u016bros istorija 1\u201c\",\"isPartOf\":{\"@id\":\"https:\/\/skaitytaknyga.lt\/#website\"},\"primaryImageOfPage\":{\"@id\":\"https:\/\/skaitytaknyga.lt\/produktas\/tadas-adomonis-klemensas-cerbulenas-lietuvos-tsr-dailes-ir-architekturos-istorija-1\/#primaryimage\"},\"image\":{\"@id\":\"https:\/\/skaitytaknyga.lt\/produktas\/tadas-adomonis-klemensas-cerbulenas-lietuvos-tsr-dailes-ir-architekturos-istorija-1\/#primaryimage\"},\"thumbnailUrl\":\"https:\/\/skaitytaknyga.lt\/wp-content\/uploads\/2024\/05\/architekturos-istorija.jpg\",\"datePublished\":\"2024-05-04T19:20:56+00:00\",\"dateModified\":\"2026-03-18T12:59:56+00:00\",\"description\":\"Tadas Adomonis, Klemensas \u010cerbul\u0117nas. Lietuvos TSR dail\u0117s ir architekt\u016bros istorija 1. Nuo seniausi\u0173 laik\u0173 iki 1775 met\u0173. Leidinyje, remiantis lietuvi\u0173 ir u\u017esienio mokslinink\u0173 paskelbta bei gausia archyvine med\u017eiaga, i\u0161likusiais architekt\u016bros paminklais, muziej\u0173 rinkiniais, glaustai nu\u0161vie\u010diama lietuvi\u0173 dail\u0117s ir architekt\u016bros raida ikifeodaliniu ir feodalizmo (iki 1775 m.) laikotarpiu. Gausiai iliustruota pie\u0161iniais, spalvotomis ir nespalvotomis nuotraukomis.\",\"breadcrumb\":{\"@id\":\"https:\/\/skaitytaknyga.lt\/produktas\/tadas-adomonis-klemensas-cerbulenas-lietuvos-tsr-dailes-ir-architekturos-istorija-1\/#breadcrumb\"},\"inLanguage\":\"en-GB\",\"potentialAction\":[{\"@type\":\"ReadAction\",\"target\":[\"https:\/\/skaitytaknyga.lt\/produktas\/tadas-adomonis-klemensas-cerbulenas-lietuvos-tsr-dailes-ir-architekturos-istorija-1\/\"]}]},{\"@type\":\"ImageObject\",\"inLanguage\":\"en-GB\",\"@id\":\"https:\/\/skaitytaknyga.lt\/produktas\/tadas-adomonis-klemensas-cerbulenas-lietuvos-tsr-dailes-ir-architekturos-istorija-1\/#primaryimage\",\"url\":\"https:\/\/skaitytaknyga.lt\/wp-content\/uploads\/2024\/05\/architekturos-istorija.jpg\",\"contentUrl\":\"https:\/\/skaitytaknyga.lt\/wp-content\/uploads\/2024\/05\/architekturos-istorija.jpg\",\"width\":330,\"height\":480},{\"@type\":\"BreadcrumbList\",\"@id\":\"https:\/\/skaitytaknyga.lt\/produktas\/tadas-adomonis-klemensas-cerbulenas-lietuvos-tsr-dailes-ir-architekturos-istorija-1\/#breadcrumb\",\"itemListElement\":[{\"@type\":\"ListItem\",\"position\":1,\"name\":\"Home\",\"item\":\"https:\/\/skaitytaknyga.lt\/\"},{\"@type\":\"ListItem\",\"position\":2,\"name\":\"Parduotuv\u0117\",\"item\":\"https:\/\/skaitytaknyga.lt\/knygu-parduotuve\/\"},{\"@type\":\"ListItem\",\"position\":3,\"name\":\"Tadas Adomonis, Klemensas \u010cerbul\u0117nas \u201eLietuvos TSR dail\u0117s ir architekt\u016bros istorija 1\u201c\"}]},{\"@type\":\"WebSite\",\"@id\":\"https:\/\/skaitytaknyga.lt\/#website\",\"url\":\"https:\/\/skaitytaknyga.lt\/\",\"name\":\"skaitytaknyga.lt\",\"description\":\"Skaitytaknyga.lt \u2013 tai ma\u017eas \u0161eimos verslas, kuris prasid\u0117jo nuo meil\u0117s knygoms ir siekio i\u0161gelb\u0117ti knygas nuo likimo prie konteinerio. Kas vienam nereikalingas daiktas \u2013 kitam lobis, o mes esame tarpininkai, kurie padeda abiems tapti laimingesniems ???? \u017dinome kaip nelengva i\u0161gyventi ma\u017eiems verslams, tad nuo \u0161iol, \u010dia rasite ir kit\u0173, ma\u017e\u0173 \u0161eim\u0173 versl\u0173, rank\u0173 darbo, dovan\u0173 sau ir artimiesiems.\",\"publisher\":{\"@id\":\"https:\/\/skaitytaknyga.lt\/#organization\"},\"potentialAction\":[{\"@type\":\"SearchAction\",\"target\":{\"@type\":\"EntryPoint\",\"urlTemplate\":\"https:\/\/skaitytaknyga.lt\/?s={search_term_string}\"},\"query-input\":{\"@type\":\"PropertyValueSpecification\",\"valueRequired\":true,\"valueName\":\"search_term_string\"}}],\"inLanguage\":\"en-GB\"},{\"@type\":\"Organization\",\"@id\":\"https:\/\/skaitytaknyga.lt\/#organization\",\"name\":\"skaitytaknyga.lt\",\"url\":\"https:\/\/skaitytaknyga.lt\/\",\"logo\":{\"@type\":\"ImageObject\",\"inLanguage\":\"en-GB\",\"@id\":\"https:\/\/skaitytaknyga.lt\/#\/schema\/logo\/image\/\",\"url\":\"https:\/\/skaitytaknyga.lt\/wp-content\/uploads\/2024\/05\/cropped-cropped-cropped-02_00843_jt3bggkj1j3HLc7SyY6rEUpg.jpeg\",\"contentUrl\":\"https:\/\/skaitytaknyga.lt\/wp-content\/uploads\/2024\/05\/cropped-cropped-cropped-02_00843_jt3bggkj1j3HLc7SyY6rEUpg.jpeg\",\"width\":1600,\"height\":1600,\"caption\":\"skaitytaknyga.lt\"},\"image\":{\"@id\":\"https:\/\/skaitytaknyga.lt\/#\/schema\/logo\/image\/\"},\"sameAs\":[\"https:\/\/www.facebook.com\/skaitytaknyga\/\"]}]}<\/script>\n<!-- \/ Yoast SEO plugin. -->","yoast_head_json":{"title":"Tadas Adomonis, Klemensas \u010cerbul\u0117nas \u201eLietuvos TSR dail\u0117s ir architekt\u016bros istorija 1\u201c","description":"Tadas Adomonis, Klemensas \u010cerbul\u0117nas. Lietuvos TSR dail\u0117s ir architekt\u016bros istorija 1. Nuo seniausi\u0173 laik\u0173 iki 1775 met\u0173. Leidinyje, remiantis lietuvi\u0173 ir u\u017esienio mokslinink\u0173 paskelbta bei gausia archyvine med\u017eiaga, i\u0161likusiais architekt\u016bros paminklais, muziej\u0173 rinkiniais, glaustai nu\u0161vie\u010diama lietuvi\u0173 dail\u0117s ir architekt\u016bros raida ikifeodaliniu ir feodalizmo (iki 1775 m.) laikotarpiu. Gausiai iliustruota pie\u0161iniais, spalvotomis ir nespalvotomis nuotraukomis.","robots":{"index":"index","follow":"follow","max-snippet":"max-snippet:-1","max-image-preview":"max-image-preview:large","max-video-preview":"max-video-preview:-1"},"canonical":"https:\/\/skaitytaknyga.lt\/en\/produktas\/tadas-adomonis-klemensas-cerbulenas-lietuvos-tsr-dailes-ir-architekturos-istorija-1\/","og_locale":"en_GB","og_type":"article","og_title":"[:lt]Tadas Adomonis, Klemensas \u010cerbul\u0117nas \u201eLietuvos TSR dail\u0117s ir architekt\u016bros istorija 1\u201c[:] - Skaitytaknyga","og_description":"Tadas Adomonis, Klemensas \u010cerbul\u0117nas. Lietuvos TSR dail\u0117s ir architekt\u016bros istorija 1. Nuo seniausi\u0173 laik\u0173 iki 1775 met\u0173. Leidinyje, remiantis lietuvi\u0173 ir u\u017esienio mokslinink\u0173 paskelbta bei gausia archyvine med\u017eiaga, i\u0161likusiais architekt\u016bros paminklais, muziej\u0173 rinkiniais, glaustai nu\u0161vie\u010diama lietuvi\u0173 dail\u0117s ir architekt\u016bros raida ikifeodaliniu ir feodalizmo (iki 1775 m.) laikotarpiu. Gausiai iliustruota pie\u0161iniais, spalvotomis ir nespalvotomis nuotraukomis.","og_url":"https:\/\/skaitytaknyga.lt\/en\/produktas\/tadas-adomonis-klemensas-cerbulenas-lietuvos-tsr-dailes-ir-architekturos-istorija-1\/","og_site_name":"Skaitytaknyga","article_publisher":"https:\/\/www.facebook.com\/skaitytaknyga\/","article_modified_time":"2026-03-18T12:59:56+00:00","og_image":[{"width":330,"height":480,"url":"https:\/\/skaitytaknyga.lt\/wp-content\/uploads\/2024\/05\/architekturos-istorija.jpg","type":"image\/jpeg"}],"twitter_card":"summary_large_image","schema":{"@context":"https:\/\/schema.org","@graph":[{"@type":"WebPage","@id":"https:\/\/skaitytaknyga.lt\/produktas\/tadas-adomonis-klemensas-cerbulenas-lietuvos-tsr-dailes-ir-architekturos-istorija-1\/","url":"https:\/\/skaitytaknyga.lt\/produktas\/tadas-adomonis-klemensas-cerbulenas-lietuvos-tsr-dailes-ir-architekturos-istorija-1\/","name":"Tadas Adomonis, Klemensas \u010cerbul\u0117nas \u201eLietuvos TSR dail\u0117s ir architekt\u016bros istorija 1\u201c","isPartOf":{"@id":"https:\/\/skaitytaknyga.lt\/#website"},"primaryImageOfPage":{"@id":"https:\/\/skaitytaknyga.lt\/produktas\/tadas-adomonis-klemensas-cerbulenas-lietuvos-tsr-dailes-ir-architekturos-istorija-1\/#primaryimage"},"image":{"@id":"https:\/\/skaitytaknyga.lt\/produktas\/tadas-adomonis-klemensas-cerbulenas-lietuvos-tsr-dailes-ir-architekturos-istorija-1\/#primaryimage"},"thumbnailUrl":"https:\/\/skaitytaknyga.lt\/wp-content\/uploads\/2024\/05\/architekturos-istorija.jpg","datePublished":"2024-05-04T19:20:56+00:00","dateModified":"2026-03-18T12:59:56+00:00","description":"Tadas Adomonis, Klemensas \u010cerbul\u0117nas. Lietuvos TSR dail\u0117s ir architekt\u016bros istorija 1. Nuo seniausi\u0173 laik\u0173 iki 1775 met\u0173. Leidinyje, remiantis lietuvi\u0173 ir u\u017esienio mokslinink\u0173 paskelbta bei gausia archyvine med\u017eiaga, i\u0161likusiais architekt\u016bros paminklais, muziej\u0173 rinkiniais, glaustai nu\u0161vie\u010diama lietuvi\u0173 dail\u0117s ir architekt\u016bros raida ikifeodaliniu ir feodalizmo (iki 1775 m.) laikotarpiu. Gausiai iliustruota pie\u0161iniais, spalvotomis ir nespalvotomis nuotraukomis.","breadcrumb":{"@id":"https:\/\/skaitytaknyga.lt\/produktas\/tadas-adomonis-klemensas-cerbulenas-lietuvos-tsr-dailes-ir-architekturos-istorija-1\/#breadcrumb"},"inLanguage":"en-GB","potentialAction":[{"@type":"ReadAction","target":["https:\/\/skaitytaknyga.lt\/produktas\/tadas-adomonis-klemensas-cerbulenas-lietuvos-tsr-dailes-ir-architekturos-istorija-1\/"]}]},{"@type":"ImageObject","inLanguage":"en-GB","@id":"https:\/\/skaitytaknyga.lt\/produktas\/tadas-adomonis-klemensas-cerbulenas-lietuvos-tsr-dailes-ir-architekturos-istorija-1\/#primaryimage","url":"https:\/\/skaitytaknyga.lt\/wp-content\/uploads\/2024\/05\/architekturos-istorija.jpg","contentUrl":"https:\/\/skaitytaknyga.lt\/wp-content\/uploads\/2024\/05\/architekturos-istorija.jpg","width":330,"height":480},{"@type":"BreadcrumbList","@id":"https:\/\/skaitytaknyga.lt\/produktas\/tadas-adomonis-klemensas-cerbulenas-lietuvos-tsr-dailes-ir-architekturos-istorija-1\/#breadcrumb","itemListElement":[{"@type":"ListItem","position":1,"name":"Home","item":"https:\/\/skaitytaknyga.lt\/"},{"@type":"ListItem","position":2,"name":"Parduotuv\u0117","item":"https:\/\/skaitytaknyga.lt\/knygu-parduotuve\/"},{"@type":"ListItem","position":3,"name":"Tadas Adomonis, Klemensas \u010cerbul\u0117nas \u201eLietuvos TSR dail\u0117s ir architekt\u016bros istorija 1\u201c"}]},{"@type":"WebSite","@id":"https:\/\/skaitytaknyga.lt\/#website","url":"https:\/\/skaitytaknyga.lt\/","name":"skaitytaknyga.lt","description":"Skaitytaknyga.lt \u2013 tai ma\u017eas \u0161eimos verslas, kuris prasid\u0117jo nuo meil\u0117s knygoms ir siekio i\u0161gelb\u0117ti knygas nuo likimo prie konteinerio. Kas vienam nereikalingas daiktas \u2013 kitam lobis, o mes esame tarpininkai, kurie padeda abiems tapti laimingesniems ???? \u017dinome kaip nelengva i\u0161gyventi ma\u017eiems verslams, tad nuo \u0161iol, \u010dia rasite ir kit\u0173, ma\u017e\u0173 \u0161eim\u0173 versl\u0173, rank\u0173 darbo, dovan\u0173 sau ir artimiesiems.","publisher":{"@id":"https:\/\/skaitytaknyga.lt\/#organization"},"potentialAction":[{"@type":"SearchAction","target":{"@type":"EntryPoint","urlTemplate":"https:\/\/skaitytaknyga.lt\/?s={search_term_string}"},"query-input":{"@type":"PropertyValueSpecification","valueRequired":true,"valueName":"search_term_string"}}],"inLanguage":"en-GB"},{"@type":"Organization","@id":"https:\/\/skaitytaknyga.lt\/#organization","name":"skaitytaknyga.lt","url":"https:\/\/skaitytaknyga.lt\/","logo":{"@type":"ImageObject","inLanguage":"en-GB","@id":"https:\/\/skaitytaknyga.lt\/#\/schema\/logo\/image\/","url":"https:\/\/skaitytaknyga.lt\/wp-content\/uploads\/2024\/05\/cropped-cropped-cropped-02_00843_jt3bggkj1j3HLc7SyY6rEUpg.jpeg","contentUrl":"https:\/\/skaitytaknyga.lt\/wp-content\/uploads\/2024\/05\/cropped-cropped-cropped-02_00843_jt3bggkj1j3HLc7SyY6rEUpg.jpeg","width":1600,"height":1600,"caption":"skaitytaknyga.lt"},"image":{"@id":"https:\/\/skaitytaknyga.lt\/#\/schema\/logo\/image\/"},"sameAs":["https:\/\/www.facebook.com\/skaitytaknyga\/"]}]}},"_links":{"self":[{"href":"https:\/\/skaitytaknyga.lt\/en\/wp-json\/wp\/v2\/product\/10935","targetHints":{"allow":["GET"]}}],"collection":[{"href":"https:\/\/skaitytaknyga.lt\/en\/wp-json\/wp\/v2\/product"}],"about":[{"href":"https:\/\/skaitytaknyga.lt\/en\/wp-json\/wp\/v2\/types\/product"}],"replies":[{"embeddable":true,"href":"https:\/\/skaitytaknyga.lt\/en\/wp-json\/wp\/v2\/comments?post=10935"}],"wp:featuredmedia":[{"embeddable":true,"href":"https:\/\/skaitytaknyga.lt\/en\/wp-json\/wp\/v2\/media\/10974"}],"wp:attachment":[{"href":"https:\/\/skaitytaknyga.lt\/en\/wp-json\/wp\/v2\/media?parent=10935"}],"wp:term":[{"taxonomy":"product_brand","embeddable":true,"href":"https:\/\/skaitytaknyga.lt\/en\/wp-json\/wp\/v2\/product_brand?post=10935"},{"taxonomy":"product_cat","embeddable":true,"href":"https:\/\/skaitytaknyga.lt\/en\/wp-json\/wp\/v2\/product_cat?post=10935"},{"taxonomy":"product_tag","embeddable":true,"href":"https:\/\/skaitytaknyga.lt\/en\/wp-json\/wp\/v2\/product_tag?post=10935"}],"curies":[{"name":"wp","href":"https:\/\/api.w.org\/{rel}","templated":true}]}}