{"id":10934,"date":"2024-05-04T19:20:56","date_gmt":"2024-05-04T19:20:56","guid":{"rendered":"https:\/\/skaitytaknyga.lt\/?post_type=product&#038;p=10934"},"modified":"2024-05-04T19:22:41","modified_gmt":"2024-05-04T19:22:41","slug":"candace-bushnell-seksas-ir-miestas","status":"publish","type":"product","link":"https:\/\/skaitytaknyga.lt\/en\/produktas\/candace-bushnell-seksas-ir-miestas\/","title":{"rendered":"Candace Bushnell \u201eSeksas ir miestas\u201c"},"content":{"rendered":"<p>Knyga, pagal kuri\u0105 sukurtas garsusis TV serialas. Ji pasakoja apie \u0161okiruojan\u010dius seksualinius keturi\u0173 Niujorko gra\u017euoli\u0173 nuotykius keliaujant i\u0161 baro \u012f bar\u0105 ir bandant sumed\u017eioti vyr\u0105, kuris panor\u0117t\u0173 vesti.<\/p>\n<p>Pasirodo, Manhetene gyvuoja tiktai grynas seksas. Sveiki atvyk\u0119 \u012f cinizmo am\u017ei\u0173!<\/p>\n","protected":false},"excerpt":{"rendered":"<p>Knyga, pagal kuri\u0105 sukurtas garsusis TV serialas. Ji pasakoja apie \u0161okiruojan\u010dius seksualinius keturi\u0173 Niujorko gra\u017euoli\u0173 nuotykius keliaujant i\u0161 baro \u012f bar\u0105 ir bandant sumed\u017eioti vyr\u0105, kuris panor\u0117t\u0173 vesti.<\/p>\n<p>Pasirodo, Manhetene gyvuoja tiktai grynas seksas. Sveiki atvyk\u0119 \u012f cinizmo am\u017ei\u0173!<\/p>\n","protected":false},"featured_media":10973,"comment_status":"closed","ping_status":"closed","template":"","meta":{"_acf_changed":false,"site-sidebar-layout":"default","site-content-layout":"","ast-site-content-layout":"default","site-content-style":"default","site-sidebar-style":"default","ast-global-header-display":"","ast-banner-title-visibility":"","ast-main-header-display":"","ast-hfb-above-header-display":"","ast-hfb-below-header-display":"","ast-hfb-mobile-header-display":"","site-post-title":"","ast-breadcrumbs-content":"","ast-featured-img":"","footer-sml-layout":"","ast-disable-related-posts":"","theme-transparent-header-meta":"","adv-header-id-meta":"","stick-header-meta":"","header-above-stick-meta":"","header-main-stick-meta":"","header-below-stick-meta":"","astra-migrate-meta-layouts":"default","ast-page-background-enabled":"default","ast-page-background-meta":{"desktop":{"background-color":"","background-image":"","background-repeat":"repeat","background-position":"center center","background-size":"auto","background-attachment":"scroll","background-type":"","background-media":"","overlay-type":"","overlay-color":"","overlay-opacity":"","overlay-gradient":""},"tablet":{"background-color":"","background-image":"","background-repeat":"repeat","background-position":"center center","background-size":"auto","background-attachment":"scroll","background-type":"","background-media":"","overlay-type":"","overlay-color":"","overlay-opacity":"","overlay-gradient":""},"mobile":{"background-color":"","background-image":"","background-repeat":"repeat","background-position":"center center","background-size":"auto","background-attachment":"scroll","background-type":"","background-media":"","overlay-type":"","overlay-color":"","overlay-opacity":"","overlay-gradient":""}},"ast-content-background-meta":{"desktop":{"background-color":"var(--ast-global-color-4)","background-image":"","background-repeat":"repeat","background-position":"center center","background-size":"auto","background-attachment":"scroll","background-type":"","background-media":"","overlay-type":"","overlay-color":"","overlay-opacity":"","overlay-gradient":""},"tablet":{"background-color":"var(--ast-global-color-4)","background-image":"","background-repeat":"repeat","background-position":"center center","background-size":"auto","background-attachment":"scroll","background-type":"","background-media":"","overlay-type":"","overlay-color":"","overlay-opacity":"","overlay-gradient":""},"mobile":{"background-color":"var(--ast-global-color-4)","background-image":"","background-repeat":"repeat","background-position":"center center","background-size":"auto","background-attachment":"scroll","background-type":"","background-media":"","overlay-type":"","overlay-color":"","overlay-opacity":"","overlay-gradient":""}}},"product_brand":[],"product_cat":[31],"product_tag":[],"class_list":{"0":"post-10934","1":"product","2":"type-product","3":"status-publish","4":"has-post-thumbnail","6":"product_cat-grozine-literatura","7":"desktop-align-left","8":"tablet-align-left","9":"mobile-align-left","11":"first","12":"instock","13":"shipping-taxable","14":"purchasable","15":"product-type-simple"},"acf":[],"yoast_head":"<!-- This site is optimized with the Yoast SEO plugin v27.4 - https:\/\/yoast.com\/product\/yoast-seo-wordpress\/ -->\n<title>Candace Bushnell \u201eSeksas ir miestas\u201c - Skaitytaknyga<\/title>\n<meta name=\"description\" content=\"Knyga, pagal kuri\u0105 sukurtas garsusis TV serialas. Ji pasakoja apie \u0161okiruojan\u010dius seksualinius keturi\u0173 Niujorko gra\u017euoli\u0173 nuotykius keliaujant i\u0161 baro \u012f bar\u0105 ir bandant sumed\u017eioti vyr\u0105, kuris panor\u0117t\u0173 vesti.  Pasirodo, Manhetene gyvuoja tiktai grynas seksas. Sveiki atvyk\u0119 \u012f cinizmo am\u017ei\u0173!\" \/>\n<meta name=\"robots\" content=\"index, follow, max-snippet:-1, max-image-preview:large, max-video-preview:-1\" \/>\n<link rel=\"canonical\" href=\"https:\/\/skaitytaknyga.lt\/en\/produktas\/candace-bushnell-seksas-ir-miestas\/\" \/>\n<meta property=\"og:locale\" content=\"en_GB\" \/>\n<meta property=\"og:locale:alternate\" content=\"lt_LT\" \/>\n<meta property=\"og:type\" content=\"article\" \/>\n<meta property=\"og:title\" content=\"Candace Bushnell \u201eSeksas ir miestas\u201c - Skaitytaknyga\" \/>\n<meta property=\"og:description\" content=\"Knyga, pagal kuri\u0105 sukurtas garsusis TV serialas. Ji pasakoja apie \u0161okiruojan\u010dius seksualinius keturi\u0173 Niujorko gra\u017euoli\u0173 nuotykius keliaujant i\u0161 baro \u012f bar\u0105 ir bandant sumed\u017eioti vyr\u0105, kuris panor\u0117t\u0173 vesti.  Pasirodo, Manhetene gyvuoja tiktai grynas seksas. Sveiki atvyk\u0119 \u012f cinizmo am\u017ei\u0173!\" \/>\n<meta property=\"og:url\" content=\"https:\/\/skaitytaknyga.lt\/en\/produktas\/candace-bushnell-seksas-ir-miestas\/\" \/>\n<meta property=\"og:site_name\" content=\"Skaitytaknyga\" \/>\n<meta property=\"article:publisher\" content=\"https:\/\/www.facebook.com\/skaitytaknyga\/\" \/>\n<meta property=\"article:modified_time\" content=\"2024-05-04T19:22:41+00:00\" \/>\n<meta property=\"og:image\" content=\"https:\/\/skaitytaknyga.lt\/wp-content\/uploads\/2024\/05\/knyga-seksas-ir-miestas-bushnell-candace-2002-m-e1680759710369.jpg\" \/>\n\t<meta property=\"og:image:width\" content=\"864\" \/>\n\t<meta property=\"og:image:height\" content=\"1464\" \/>\n\t<meta property=\"og:image:type\" content=\"image\/jpeg\" \/>\n<meta name=\"twitter:card\" content=\"summary_large_image\" \/>\n<script type=\"application\/ld+json\" class=\"yoast-schema-graph\">{\"@context\":\"https:\\\/\\\/schema.org\",\"@graph\":[{\"@type\":\"WebPage\",\"@id\":\"https:\\\/\\\/skaitytaknyga.lt\\\/produktas\\\/candace-bushnell-seksas-ir-miestas\\\/\",\"url\":\"https:\\\/\\\/skaitytaknyga.lt\\\/produktas\\\/candace-bushnell-seksas-ir-miestas\\\/\",\"name\":\"Candace Bushnell \u201eSeksas ir miestas\u201c - Skaitytaknyga\",\"isPartOf\":{\"@id\":\"https:\\\/\\\/skaitytaknyga.lt\\\/#website\"},\"primaryImageOfPage\":{\"@id\":\"https:\\\/\\\/skaitytaknyga.lt\\\/produktas\\\/candace-bushnell-seksas-ir-miestas\\\/#primaryimage\"},\"image\":{\"@id\":\"https:\\\/\\\/skaitytaknyga.lt\\\/produktas\\\/candace-bushnell-seksas-ir-miestas\\\/#primaryimage\"},\"thumbnailUrl\":\"https:\\\/\\\/skaitytaknyga.lt\\\/wp-content\\\/uploads\\\/2024\\\/05\\\/knyga-seksas-ir-miestas-bushnell-candace-2002-m-e1680759710369.jpg\",\"datePublished\":\"2024-05-04T19:20:56+00:00\",\"dateModified\":\"2024-05-04T19:22:41+00:00\",\"description\":\"Knyga, pagal kuri\u0105 sukurtas garsusis TV serialas. Ji pasakoja apie \u0161okiruojan\u010dius seksualinius keturi\u0173 Niujorko gra\u017euoli\u0173 nuotykius keliaujant i\u0161 baro \u012f bar\u0105 ir bandant sumed\u017eioti vyr\u0105, kuris panor\u0117t\u0173 vesti. Pasirodo, Manhetene gyvuoja tiktai grynas seksas. Sveiki atvyk\u0119 \u012f cinizmo am\u017ei\u0173!\",\"breadcrumb\":{\"@id\":\"https:\\\/\\\/skaitytaknyga.lt\\\/produktas\\\/candace-bushnell-seksas-ir-miestas\\\/#breadcrumb\"},\"inLanguage\":\"en-GB\",\"potentialAction\":[{\"@type\":\"ReadAction\",\"target\":[\"https:\\\/\\\/skaitytaknyga.lt\\\/produktas\\\/candace-bushnell-seksas-ir-miestas\\\/\"]}]},{\"@type\":\"ImageObject\",\"inLanguage\":\"en-GB\",\"@id\":\"https:\\\/\\\/skaitytaknyga.lt\\\/produktas\\\/candace-bushnell-seksas-ir-miestas\\\/#primaryimage\",\"url\":\"https:\\\/\\\/skaitytaknyga.lt\\\/wp-content\\\/uploads\\\/2024\\\/05\\\/knyga-seksas-ir-miestas-bushnell-candace-2002-m-e1680759710369.jpg\",\"contentUrl\":\"https:\\\/\\\/skaitytaknyga.lt\\\/wp-content\\\/uploads\\\/2024\\\/05\\\/knyga-seksas-ir-miestas-bushnell-candace-2002-m-e1680759710369.jpg\",\"width\":864,\"height\":1464},{\"@type\":\"BreadcrumbList\",\"@id\":\"https:\\\/\\\/skaitytaknyga.lt\\\/produktas\\\/candace-bushnell-seksas-ir-miestas\\\/#breadcrumb\",\"itemListElement\":[{\"@type\":\"ListItem\",\"position\":1,\"name\":\"Home\",\"item\":\"https:\\\/\\\/skaitytaknyga.lt\\\/\"},{\"@type\":\"ListItem\",\"position\":2,\"name\":\"Parduotuv\u0117\",\"item\":\"https:\\\/\\\/skaitytaknyga.lt\\\/knygu-parduotuve\\\/\"},{\"@type\":\"ListItem\",\"position\":3,\"name\":\"Candace Bushnell \u201eSeksas ir miestas\u201c\"}]},{\"@type\":\"WebSite\",\"@id\":\"https:\\\/\\\/skaitytaknyga.lt\\\/#website\",\"url\":\"https:\\\/\\\/skaitytaknyga.lt\\\/\",\"name\":\"skaitytaknyga.lt\",\"description\":\"Skaitytaknyga.lt \u2013 tai ma\u017eas \u0161eimos verslas, kuris prasid\u0117jo nuo meil\u0117s knygoms ir siekio i\u0161gelb\u0117ti knygas nuo likimo prie konteinerio. Kas vienam nereikalingas daiktas \u2013 kitam lobis, o mes esame tarpininkai, kurie padeda abiems tapti laimingesniems ???? \u017dinome kaip nelengva i\u0161gyventi ma\u017eiems verslams, tad nuo \u0161iol, \u010dia rasite ir kit\u0173, ma\u017e\u0173 \u0161eim\u0173 versl\u0173, rank\u0173 darbo, dovan\u0173 sau ir artimiesiems.\",\"publisher\":{\"@id\":\"https:\\\/\\\/skaitytaknyga.lt\\\/#organization\"},\"potentialAction\":[{\"@type\":\"SearchAction\",\"target\":{\"@type\":\"EntryPoint\",\"urlTemplate\":\"https:\\\/\\\/skaitytaknyga.lt\\\/?s={search_term_string}\"},\"query-input\":{\"@type\":\"PropertyValueSpecification\",\"valueRequired\":true,\"valueName\":\"search_term_string\"}}],\"inLanguage\":\"en-GB\"},{\"@type\":\"Organization\",\"@id\":\"https:\\\/\\\/skaitytaknyga.lt\\\/#organization\",\"name\":\"skaitytaknyga.lt\",\"url\":\"https:\\\/\\\/skaitytaknyga.lt\\\/\",\"logo\":{\"@type\":\"ImageObject\",\"inLanguage\":\"en-GB\",\"@id\":\"https:\\\/\\\/skaitytaknyga.lt\\\/#\\\/schema\\\/logo\\\/image\\\/\",\"url\":\"https:\\\/\\\/skaitytaknyga.lt\\\/wp-content\\\/uploads\\\/2024\\\/05\\\/cropped-cropped-cropped-02_00843_jt3bggkj1j3HLc7SyY6rEUpg.jpeg\",\"contentUrl\":\"https:\\\/\\\/skaitytaknyga.lt\\\/wp-content\\\/uploads\\\/2024\\\/05\\\/cropped-cropped-cropped-02_00843_jt3bggkj1j3HLc7SyY6rEUpg.jpeg\",\"width\":1600,\"height\":1600,\"caption\":\"skaitytaknyga.lt\"},\"image\":{\"@id\":\"https:\\\/\\\/skaitytaknyga.lt\\\/#\\\/schema\\\/logo\\\/image\\\/\"},\"sameAs\":[\"https:\\\/\\\/www.facebook.com\\\/skaitytaknyga\\\/\"]}]}<\/script>\n<!-- \/ Yoast SEO plugin. -->","yoast_head_json":{"title":"Candace Bushnell \u201eSeksas ir miestas\u201c - Skaitytaknyga","description":"Knyga, pagal kuri\u0105 sukurtas garsusis TV serialas. Ji pasakoja apie \u0161okiruojan\u010dius seksualinius keturi\u0173 Niujorko gra\u017euoli\u0173 nuotykius keliaujant i\u0161 baro \u012f bar\u0105 ir bandant sumed\u017eioti vyr\u0105, kuris panor\u0117t\u0173 vesti.  Pasirodo, Manhetene gyvuoja tiktai grynas seksas. Sveiki atvyk\u0119 \u012f cinizmo am\u017ei\u0173!","robots":{"index":"index","follow":"follow","max-snippet":"max-snippet:-1","max-image-preview":"max-image-preview:large","max-video-preview":"max-video-preview:-1"},"canonical":"https:\/\/skaitytaknyga.lt\/en\/produktas\/candace-bushnell-seksas-ir-miestas\/","og_locale":"en_GB","og_type":"article","og_title":"Candace Bushnell \u201eSeksas ir miestas\u201c - Skaitytaknyga","og_description":"Knyga, pagal kuri\u0105 sukurtas garsusis TV serialas. Ji pasakoja apie \u0161okiruojan\u010dius seksualinius keturi\u0173 Niujorko gra\u017euoli\u0173 nuotykius keliaujant i\u0161 baro \u012f bar\u0105 ir bandant sumed\u017eioti vyr\u0105, kuris panor\u0117t\u0173 vesti.  Pasirodo, Manhetene gyvuoja tiktai grynas seksas. Sveiki atvyk\u0119 \u012f cinizmo am\u017ei\u0173!","og_url":"https:\/\/skaitytaknyga.lt\/en\/produktas\/candace-bushnell-seksas-ir-miestas\/","og_site_name":"Skaitytaknyga","article_publisher":"https:\/\/www.facebook.com\/skaitytaknyga\/","article_modified_time":"2024-05-04T19:22:41+00:00","og_image":[{"width":864,"height":1464,"url":"https:\/\/skaitytaknyga.lt\/wp-content\/uploads\/2024\/05\/knyga-seksas-ir-miestas-bushnell-candace-2002-m-e1680759710369.jpg","type":"image\/jpeg"}],"twitter_card":"summary_large_image","schema":{"@context":"https:\/\/schema.org","@graph":[{"@type":"WebPage","@id":"https:\/\/skaitytaknyga.lt\/produktas\/candace-bushnell-seksas-ir-miestas\/","url":"https:\/\/skaitytaknyga.lt\/produktas\/candace-bushnell-seksas-ir-miestas\/","name":"Candace Bushnell \u201eSeksas ir miestas\u201c - Skaitytaknyga","isPartOf":{"@id":"https:\/\/skaitytaknyga.lt\/#website"},"primaryImageOfPage":{"@id":"https:\/\/skaitytaknyga.lt\/produktas\/candace-bushnell-seksas-ir-miestas\/#primaryimage"},"image":{"@id":"https:\/\/skaitytaknyga.lt\/produktas\/candace-bushnell-seksas-ir-miestas\/#primaryimage"},"thumbnailUrl":"https:\/\/skaitytaknyga.lt\/wp-content\/uploads\/2024\/05\/knyga-seksas-ir-miestas-bushnell-candace-2002-m-e1680759710369.jpg","datePublished":"2024-05-04T19:20:56+00:00","dateModified":"2024-05-04T19:22:41+00:00","description":"Knyga, pagal kuri\u0105 sukurtas garsusis TV serialas. Ji pasakoja apie \u0161okiruojan\u010dius seksualinius keturi\u0173 Niujorko gra\u017euoli\u0173 nuotykius keliaujant i\u0161 baro \u012f bar\u0105 ir bandant sumed\u017eioti vyr\u0105, kuris panor\u0117t\u0173 vesti. Pasirodo, Manhetene gyvuoja tiktai grynas seksas. Sveiki atvyk\u0119 \u012f cinizmo am\u017ei\u0173!","breadcrumb":{"@id":"https:\/\/skaitytaknyga.lt\/produktas\/candace-bushnell-seksas-ir-miestas\/#breadcrumb"},"inLanguage":"en-GB","potentialAction":[{"@type":"ReadAction","target":["https:\/\/skaitytaknyga.lt\/produktas\/candace-bushnell-seksas-ir-miestas\/"]}]},{"@type":"ImageObject","inLanguage":"en-GB","@id":"https:\/\/skaitytaknyga.lt\/produktas\/candace-bushnell-seksas-ir-miestas\/#primaryimage","url":"https:\/\/skaitytaknyga.lt\/wp-content\/uploads\/2024\/05\/knyga-seksas-ir-miestas-bushnell-candace-2002-m-e1680759710369.jpg","contentUrl":"https:\/\/skaitytaknyga.lt\/wp-content\/uploads\/2024\/05\/knyga-seksas-ir-miestas-bushnell-candace-2002-m-e1680759710369.jpg","width":864,"height":1464},{"@type":"BreadcrumbList","@id":"https:\/\/skaitytaknyga.lt\/produktas\/candace-bushnell-seksas-ir-miestas\/#breadcrumb","itemListElement":[{"@type":"ListItem","position":1,"name":"Home","item":"https:\/\/skaitytaknyga.lt\/"},{"@type":"ListItem","position":2,"name":"Parduotuv\u0117","item":"https:\/\/skaitytaknyga.lt\/knygu-parduotuve\/"},{"@type":"ListItem","position":3,"name":"Candace Bushnell \u201eSeksas ir miestas\u201c"}]},{"@type":"WebSite","@id":"https:\/\/skaitytaknyga.lt\/#website","url":"https:\/\/skaitytaknyga.lt\/","name":"skaitytaknyga.lt","description":"Skaitytaknyga.lt \u2013 tai ma\u017eas \u0161eimos verslas, kuris prasid\u0117jo nuo meil\u0117s knygoms ir siekio i\u0161gelb\u0117ti knygas nuo likimo prie konteinerio. Kas vienam nereikalingas daiktas \u2013 kitam lobis, o mes esame tarpininkai, kurie padeda abiems tapti laimingesniems ???? \u017dinome kaip nelengva i\u0161gyventi ma\u017eiems verslams, tad nuo \u0161iol, \u010dia rasite ir kit\u0173, ma\u017e\u0173 \u0161eim\u0173 versl\u0173, rank\u0173 darbo, dovan\u0173 sau ir artimiesiems.","publisher":{"@id":"https:\/\/skaitytaknyga.lt\/#organization"},"potentialAction":[{"@type":"SearchAction","target":{"@type":"EntryPoint","urlTemplate":"https:\/\/skaitytaknyga.lt\/?s={search_term_string}"},"query-input":{"@type":"PropertyValueSpecification","valueRequired":true,"valueName":"search_term_string"}}],"inLanguage":"en-GB"},{"@type":"Organization","@id":"https:\/\/skaitytaknyga.lt\/#organization","name":"skaitytaknyga.lt","url":"https:\/\/skaitytaknyga.lt\/","logo":{"@type":"ImageObject","inLanguage":"en-GB","@id":"https:\/\/skaitytaknyga.lt\/#\/schema\/logo\/image\/","url":"https:\/\/skaitytaknyga.lt\/wp-content\/uploads\/2024\/05\/cropped-cropped-cropped-02_00843_jt3bggkj1j3HLc7SyY6rEUpg.jpeg","contentUrl":"https:\/\/skaitytaknyga.lt\/wp-content\/uploads\/2024\/05\/cropped-cropped-cropped-02_00843_jt3bggkj1j3HLc7SyY6rEUpg.jpeg","width":1600,"height":1600,"caption":"skaitytaknyga.lt"},"image":{"@id":"https:\/\/skaitytaknyga.lt\/#\/schema\/logo\/image\/"},"sameAs":["https:\/\/www.facebook.com\/skaitytaknyga\/"]}]}},"_links":{"self":[{"href":"https:\/\/skaitytaknyga.lt\/en\/wp-json\/wp\/v2\/product\/10934","targetHints":{"allow":["GET"]}}],"collection":[{"href":"https:\/\/skaitytaknyga.lt\/en\/wp-json\/wp\/v2\/product"}],"about":[{"href":"https:\/\/skaitytaknyga.lt\/en\/wp-json\/wp\/v2\/types\/product"}],"replies":[{"embeddable":true,"href":"https:\/\/skaitytaknyga.lt\/en\/wp-json\/wp\/v2\/comments?post=10934"}],"wp:featuredmedia":[{"embeddable":true,"href":"https:\/\/skaitytaknyga.lt\/en\/wp-json\/wp\/v2\/media\/10973"}],"wp:attachment":[{"href":"https:\/\/skaitytaknyga.lt\/en\/wp-json\/wp\/v2\/media?parent=10934"}],"wp:term":[{"taxonomy":"product_brand","embeddable":true,"href":"https:\/\/skaitytaknyga.lt\/en\/wp-json\/wp\/v2\/product_brand?post=10934"},{"taxonomy":"product_cat","embeddable":true,"href":"https:\/\/skaitytaknyga.lt\/en\/wp-json\/wp\/v2\/product_cat?post=10934"},{"taxonomy":"product_tag","embeddable":true,"href":"https:\/\/skaitytaknyga.lt\/en\/wp-json\/wp\/v2\/product_tag?post=10934"}],"curies":[{"name":"wp","href":"https:\/\/api.w.org\/{rel}","templated":true}]}}