{"id":10926,"date":"2024-05-04T19:20:15","date_gmt":"2024-05-04T19:20:15","guid":{"rendered":"https:\/\/skaitytaknyga.lt\/?post_type=product&#038;p=10926"},"modified":"2024-05-04T19:22:26","modified_gmt":"2024-05-04T19:22:26","slug":"pesciomis-po-gimtaji-krasta","status":"publish","type":"product","link":"https:\/\/skaitytaknyga.lt\/en\/produktas\/pesciomis-po-gimtaji-krasta\/","title":{"rendered":"P\u0117s\u010diomis po gimt\u0105j\u012f kra\u0161t\u0105"},"content":{"rendered":"<p><span class=\"text\">Knygel\u0117s pirmojoje dalyje pateikiama metodin\u0117 med\u017eiaga turistinio \u017eygio p\u0117s\u010diomis organizavimo, keliavimo, turistinio darbo mokykloje klausimais. Leidinio antrojoje dalyje &#8211; penkiolika p\u0117s\u010di\u0173j\u0173 turizmo mar\u0161rut\u0173 po Ryt\u0173 Lietuv\u0105 apra\u0161ym\u0173. Mar\u0161rutai vingiuoja de\u0161imties rajon\u0173 (Zaras\u0173, Ignalinos, \u0160ven\u010dioni\u0173, Mol\u0117t\u0173, \u0160irvint\u0173, Vilniaus, Kai\u0161iadori\u0173, Trak\u0173, Var\u0117nos, \u0160al\u010dinink\u0173) vietov\u0117mis. Mar\u0161rutai &#8211; vienos trij\u0173 dien\u0173.<\/span><\/p>\n<p>&nbsp;<\/p>\n<div id=\"fb-root\" class=\" fb_reset\">\n<div>\n<div><\/div>\n<\/div>\n<\/div>\n<div class=\"fb-share-button\" data-href=\"https:\/\/developers.facebook.com\/docs\/plugins\/\" data-layout=\"button\" data-size=\"small\"><\/div>\n","protected":false},"excerpt":{"rendered":"<p><span class=\"text\">Knygel\u0117s pirmojoje dalyje pateikiama metodin\u0117 med\u017eiaga turistinio \u017eygio p\u0117s\u010diomis organizavimo, keliavimo, turistinio darbo mokykloje klausimais. Leidinio antrojoje dalyje &#8211; penkiolika p\u0117s\u010di\u0173j\u0173 turizmo mar\u0161rut\u0173 po Ryt\u0173 Lietuv\u0105 apra\u0161ym\u0173. Mar\u0161rutai vingiuoja de\u0161imties rajon\u0173 (Zaras\u0173, Ignalinos, \u0160ven\u010dioni\u0173, Mol\u0117t\u0173, \u0160irvint\u0173, Vilniaus, Kai\u0161iadori\u0173, Trak\u0173, Var\u0117nos, \u0160al\u010dinink\u0173) vietov\u0117mis. Mar\u0161rutai &#8211; vienos trij\u0173 dien\u0173.<\/span><\/p>\n<p>&nbsp;<\/p>\n<div id=\"fb-root\" class=\" fb_reset\">\n<div>\n<div><\/div>\n<\/div>\n<\/div>\n<div class=\"fb-share-button\" data-href=\"https:\/\/developers.facebook.com\/docs\/plugins\/\" data-layout=\"button\" data-size=\"small\"><\/div>\n","protected":false},"featured_media":10965,"comment_status":"closed","ping_status":"closed","template":"","meta":{"_acf_changed":false,"site-sidebar-layout":"default","site-content-layout":"","ast-site-content-layout":"default","site-content-style":"default","site-sidebar-style":"default","ast-global-header-display":"","ast-banner-title-visibility":"","ast-main-header-display":"","ast-hfb-above-header-display":"","ast-hfb-below-header-display":"","ast-hfb-mobile-header-display":"","site-post-title":"","ast-breadcrumbs-content":"","ast-featured-img":"","footer-sml-layout":"","ast-disable-related-posts":"","theme-transparent-header-meta":"","adv-header-id-meta":"","stick-header-meta":"","header-above-stick-meta":"","header-main-stick-meta":"","header-below-stick-meta":"","astra-migrate-meta-layouts":"default","ast-page-background-enabled":"default","ast-page-background-meta":{"desktop":{"background-color":"","background-image":"","background-repeat":"repeat","background-position":"center center","background-size":"auto","background-attachment":"scroll","background-type":"","background-media":"","overlay-type":"","overlay-color":"","overlay-opacity":"","overlay-gradient":""},"tablet":{"background-color":"","background-image":"","background-repeat":"repeat","background-position":"center center","background-size":"auto","background-attachment":"scroll","background-type":"","background-media":"","overlay-type":"","overlay-color":"","overlay-opacity":"","overlay-gradient":""},"mobile":{"background-color":"","background-image":"","background-repeat":"repeat","background-position":"center center","background-size":"auto","background-attachment":"scroll","background-type":"","background-media":"","overlay-type":"","overlay-color":"","overlay-opacity":"","overlay-gradient":""}},"ast-content-background-meta":{"desktop":{"background-color":"var(--ast-global-color-4)","background-image":"","background-repeat":"repeat","background-position":"center center","background-size":"auto","background-attachment":"scroll","background-type":"","background-media":"","overlay-type":"","overlay-color":"","overlay-opacity":"","overlay-gradient":""},"tablet":{"background-color":"var(--ast-global-color-4)","background-image":"","background-repeat":"repeat","background-position":"center center","background-size":"auto","background-attachment":"scroll","background-type":"","background-media":"","overlay-type":"","overlay-color":"","overlay-opacity":"","overlay-gradient":""},"mobile":{"background-color":"var(--ast-global-color-4)","background-image":"","background-repeat":"repeat","background-position":"center center","background-size":"auto","background-attachment":"scroll","background-type":"","background-media":"","overlay-type":"","overlay-color":"","overlay-opacity":"","overlay-gradient":""}}},"product_brand":[],"product_cat":[448],"product_tag":[],"class_list":{"0":"post-10926","1":"product","2":"type-product","3":"status-publish","4":"has-post-thumbnail","6":"product_cat-keliones","7":"desktop-align-left","8":"tablet-align-left","9":"mobile-align-left","11":"first","12":"instock","13":"shipping-taxable","14":"purchasable","15":"product-type-simple"},"acf":[],"yoast_head":"<!-- This site is optimized with the Yoast SEO plugin v27.4 - https:\/\/yoast.com\/product\/yoast-seo-wordpress\/ -->\n<title>P\u0117s\u010diomis po gimt\u0105j\u012f kra\u0161t\u0105 - Skaitytaknyga<\/title>\n<meta name=\"description\" content=\"Knygel\u0117s pirmojoje dalyje pateikiama metodin\u0117 med\u017eiaga turistinio \u017eygio p\u0117s\u010diomis organizavimo, keliavimo, turistinio darbo mokykloje klausimais. Leidinio antrojoje dalyje - penkiolika p\u0117s\u010di\u0173j\u0173 turizmo mar\u0161rut\u0173 po Ryt\u0173 Lietuv\u0105 apra\u0161ym\u0173. Mar\u0161rutai vingiuoja de\u0161imties rajon\u0173 (Zaras\u0173, Ignalinos, \u0160ven\u010dioni\u0173, Mol\u0117t\u0173, \u0160irvint\u0173, Vilniaus, Kai\u0161iadori\u0173, Trak\u0173, Var\u0117nos, \u0160al\u010dinink\u0173) vietov\u0117mis. Mar\u0161rutai - vienos trij\u0173 dien\u0173.  &nbsp;\" \/>\n<meta name=\"robots\" content=\"index, follow, max-snippet:-1, max-image-preview:large, max-video-preview:-1\" \/>\n<link rel=\"canonical\" href=\"https:\/\/skaitytaknyga.lt\/en\/produktas\/pesciomis-po-gimtaji-krasta\/\" \/>\n<meta property=\"og:locale\" content=\"en_GB\" \/>\n<meta property=\"og:locale:alternate\" content=\"lt_LT\" \/>\n<meta property=\"og:type\" content=\"article\" \/>\n<meta property=\"og:title\" content=\"P\u0117s\u010diomis po gimt\u0105j\u012f kra\u0161t\u0105 - Skaitytaknyga\" \/>\n<meta property=\"og:description\" content=\"Knygel\u0117s pirmojoje dalyje pateikiama metodin\u0117 med\u017eiaga turistinio \u017eygio p\u0117s\u010diomis organizavimo, keliavimo, turistinio darbo mokykloje klausimais. Leidinio antrojoje dalyje - penkiolika p\u0117s\u010di\u0173j\u0173 turizmo mar\u0161rut\u0173 po Ryt\u0173 Lietuv\u0105 apra\u0161ym\u0173. Mar\u0161rutai vingiuoja de\u0161imties rajon\u0173 (Zaras\u0173, Ignalinos, \u0160ven\u010dioni\u0173, Mol\u0117t\u0173, \u0160irvint\u0173, Vilniaus, Kai\u0161iadori\u0173, Trak\u0173, Var\u0117nos, \u0160al\u010dinink\u0173) vietov\u0117mis. Mar\u0161rutai - vienos trij\u0173 dien\u0173.  &nbsp;\" \/>\n<meta property=\"og:url\" content=\"https:\/\/skaitytaknyga.lt\/en\/produktas\/pesciomis-po-gimtaji-krasta\/\" \/>\n<meta property=\"og:site_name\" content=\"Skaitytaknyga\" \/>\n<meta property=\"article:publisher\" content=\"https:\/\/www.facebook.com\/skaitytaknyga\/\" \/>\n<meta property=\"article:modified_time\" content=\"2024-05-04T19:22:26+00:00\" \/>\n<meta property=\"og:image\" content=\"https:\/\/skaitytaknyga.lt\/wp-content\/uploads\/2024\/05\/veidai_292-625x794_0.jpg\" \/>\n\t<meta property=\"og:image:width\" content=\"625\" \/>\n\t<meta property=\"og:image:height\" content=\"794\" \/>\n\t<meta property=\"og:image:type\" content=\"image\/jpeg\" \/>\n<meta name=\"twitter:card\" content=\"summary_large_image\" \/>\n<script type=\"application\/ld+json\" class=\"yoast-schema-graph\">{\"@context\":\"https:\\\/\\\/schema.org\",\"@graph\":[{\"@type\":\"WebPage\",\"@id\":\"https:\\\/\\\/skaitytaknyga.lt\\\/produktas\\\/pesciomis-po-gimtaji-krasta\\\/\",\"url\":\"https:\\\/\\\/skaitytaknyga.lt\\\/produktas\\\/pesciomis-po-gimtaji-krasta\\\/\",\"name\":\"P\u0117s\u010diomis po gimt\u0105j\u012f kra\u0161t\u0105 - Skaitytaknyga\",\"isPartOf\":{\"@id\":\"https:\\\/\\\/skaitytaknyga.lt\\\/#website\"},\"primaryImageOfPage\":{\"@id\":\"https:\\\/\\\/skaitytaknyga.lt\\\/produktas\\\/pesciomis-po-gimtaji-krasta\\\/#primaryimage\"},\"image\":{\"@id\":\"https:\\\/\\\/skaitytaknyga.lt\\\/produktas\\\/pesciomis-po-gimtaji-krasta\\\/#primaryimage\"},\"thumbnailUrl\":\"https:\\\/\\\/skaitytaknyga.lt\\\/wp-content\\\/uploads\\\/2024\\\/05\\\/veidai_292-625x794_0.jpg\",\"datePublished\":\"2024-05-04T19:20:15+00:00\",\"dateModified\":\"2024-05-04T19:22:26+00:00\",\"description\":\"Knygel\u0117s pirmojoje dalyje pateikiama metodin\u0117 med\u017eiaga turistinio \u017eygio p\u0117s\u010diomis organizavimo, keliavimo, turistinio darbo mokykloje klausimais. Leidinio antrojoje dalyje - penkiolika p\u0117s\u010di\u0173j\u0173 turizmo mar\u0161rut\u0173 po Ryt\u0173 Lietuv\u0105 apra\u0161ym\u0173. Mar\u0161rutai vingiuoja de\u0161imties rajon\u0173 (Zaras\u0173, Ignalinos, \u0160ven\u010dioni\u0173, Mol\u0117t\u0173, \u0160irvint\u0173, Vilniaus, Kai\u0161iadori\u0173, Trak\u0173, Var\u0117nos, \u0160al\u010dinink\u0173) vietov\u0117mis. Mar\u0161rutai - vienos trij\u0173 dien\u0173. &nbsp;\",\"breadcrumb\":{\"@id\":\"https:\\\/\\\/skaitytaknyga.lt\\\/produktas\\\/pesciomis-po-gimtaji-krasta\\\/#breadcrumb\"},\"inLanguage\":\"en-GB\",\"potentialAction\":[{\"@type\":\"ReadAction\",\"target\":[\"https:\\\/\\\/skaitytaknyga.lt\\\/produktas\\\/pesciomis-po-gimtaji-krasta\\\/\"]}]},{\"@type\":\"ImageObject\",\"inLanguage\":\"en-GB\",\"@id\":\"https:\\\/\\\/skaitytaknyga.lt\\\/produktas\\\/pesciomis-po-gimtaji-krasta\\\/#primaryimage\",\"url\":\"https:\\\/\\\/skaitytaknyga.lt\\\/wp-content\\\/uploads\\\/2024\\\/05\\\/veidai_292-625x794_0.jpg\",\"contentUrl\":\"https:\\\/\\\/skaitytaknyga.lt\\\/wp-content\\\/uploads\\\/2024\\\/05\\\/veidai_292-625x794_0.jpg\",\"width\":625,\"height\":794},{\"@type\":\"BreadcrumbList\",\"@id\":\"https:\\\/\\\/skaitytaknyga.lt\\\/produktas\\\/pesciomis-po-gimtaji-krasta\\\/#breadcrumb\",\"itemListElement\":[{\"@type\":\"ListItem\",\"position\":1,\"name\":\"Home\",\"item\":\"https:\\\/\\\/skaitytaknyga.lt\\\/\"},{\"@type\":\"ListItem\",\"position\":2,\"name\":\"Parduotuv\u0117\",\"item\":\"https:\\\/\\\/skaitytaknyga.lt\\\/knygu-parduotuve\\\/\"},{\"@type\":\"ListItem\",\"position\":3,\"name\":\"P\u0117s\u010diomis po gimt\u0105j\u012f kra\u0161t\u0105\"}]},{\"@type\":\"WebSite\",\"@id\":\"https:\\\/\\\/skaitytaknyga.lt\\\/#website\",\"url\":\"https:\\\/\\\/skaitytaknyga.lt\\\/\",\"name\":\"skaitytaknyga.lt\",\"description\":\"Skaitytaknyga.lt \u2013 tai ma\u017eas \u0161eimos verslas, kuris prasid\u0117jo nuo meil\u0117s knygoms ir siekio i\u0161gelb\u0117ti knygas nuo likimo prie konteinerio. Kas vienam nereikalingas daiktas \u2013 kitam lobis, o mes esame tarpininkai, kurie padeda abiems tapti laimingesniems ???? \u017dinome kaip nelengva i\u0161gyventi ma\u017eiems verslams, tad nuo \u0161iol, \u010dia rasite ir kit\u0173, ma\u017e\u0173 \u0161eim\u0173 versl\u0173, rank\u0173 darbo, dovan\u0173 sau ir artimiesiems.\",\"publisher\":{\"@id\":\"https:\\\/\\\/skaitytaknyga.lt\\\/#organization\"},\"potentialAction\":[{\"@type\":\"SearchAction\",\"target\":{\"@type\":\"EntryPoint\",\"urlTemplate\":\"https:\\\/\\\/skaitytaknyga.lt\\\/?s={search_term_string}\"},\"query-input\":{\"@type\":\"PropertyValueSpecification\",\"valueRequired\":true,\"valueName\":\"search_term_string\"}}],\"inLanguage\":\"en-GB\"},{\"@type\":\"Organization\",\"@id\":\"https:\\\/\\\/skaitytaknyga.lt\\\/#organization\",\"name\":\"skaitytaknyga.lt\",\"url\":\"https:\\\/\\\/skaitytaknyga.lt\\\/\",\"logo\":{\"@type\":\"ImageObject\",\"inLanguage\":\"en-GB\",\"@id\":\"https:\\\/\\\/skaitytaknyga.lt\\\/#\\\/schema\\\/logo\\\/image\\\/\",\"url\":\"https:\\\/\\\/skaitytaknyga.lt\\\/wp-content\\\/uploads\\\/2024\\\/05\\\/cropped-cropped-cropped-02_00843_jt3bggkj1j3HLc7SyY6rEUpg.jpeg\",\"contentUrl\":\"https:\\\/\\\/skaitytaknyga.lt\\\/wp-content\\\/uploads\\\/2024\\\/05\\\/cropped-cropped-cropped-02_00843_jt3bggkj1j3HLc7SyY6rEUpg.jpeg\",\"width\":1600,\"height\":1600,\"caption\":\"skaitytaknyga.lt\"},\"image\":{\"@id\":\"https:\\\/\\\/skaitytaknyga.lt\\\/#\\\/schema\\\/logo\\\/image\\\/\"},\"sameAs\":[\"https:\\\/\\\/www.facebook.com\\\/skaitytaknyga\\\/\"]}]}<\/script>\n<!-- \/ Yoast SEO plugin. -->","yoast_head_json":{"title":"P\u0117s\u010diomis po gimt\u0105j\u012f kra\u0161t\u0105 - Skaitytaknyga","description":"Knygel\u0117s pirmojoje dalyje pateikiama metodin\u0117 med\u017eiaga turistinio \u017eygio p\u0117s\u010diomis organizavimo, keliavimo, turistinio darbo mokykloje klausimais. Leidinio antrojoje dalyje - penkiolika p\u0117s\u010di\u0173j\u0173 turizmo mar\u0161rut\u0173 po Ryt\u0173 Lietuv\u0105 apra\u0161ym\u0173. Mar\u0161rutai vingiuoja de\u0161imties rajon\u0173 (Zaras\u0173, Ignalinos, \u0160ven\u010dioni\u0173, Mol\u0117t\u0173, \u0160irvint\u0173, Vilniaus, Kai\u0161iadori\u0173, Trak\u0173, Var\u0117nos, \u0160al\u010dinink\u0173) vietov\u0117mis. Mar\u0161rutai - vienos trij\u0173 dien\u0173.  &nbsp;","robots":{"index":"index","follow":"follow","max-snippet":"max-snippet:-1","max-image-preview":"max-image-preview:large","max-video-preview":"max-video-preview:-1"},"canonical":"https:\/\/skaitytaknyga.lt\/en\/produktas\/pesciomis-po-gimtaji-krasta\/","og_locale":"en_GB","og_type":"article","og_title":"P\u0117s\u010diomis po gimt\u0105j\u012f kra\u0161t\u0105 - Skaitytaknyga","og_description":"Knygel\u0117s pirmojoje dalyje pateikiama metodin\u0117 med\u017eiaga turistinio \u017eygio p\u0117s\u010diomis organizavimo, keliavimo, turistinio darbo mokykloje klausimais. Leidinio antrojoje dalyje - penkiolika p\u0117s\u010di\u0173j\u0173 turizmo mar\u0161rut\u0173 po Ryt\u0173 Lietuv\u0105 apra\u0161ym\u0173. Mar\u0161rutai vingiuoja de\u0161imties rajon\u0173 (Zaras\u0173, Ignalinos, \u0160ven\u010dioni\u0173, Mol\u0117t\u0173, \u0160irvint\u0173, Vilniaus, Kai\u0161iadori\u0173, Trak\u0173, Var\u0117nos, \u0160al\u010dinink\u0173) vietov\u0117mis. Mar\u0161rutai - vienos trij\u0173 dien\u0173.  &nbsp;","og_url":"https:\/\/skaitytaknyga.lt\/en\/produktas\/pesciomis-po-gimtaji-krasta\/","og_site_name":"Skaitytaknyga","article_publisher":"https:\/\/www.facebook.com\/skaitytaknyga\/","article_modified_time":"2024-05-04T19:22:26+00:00","og_image":[{"width":625,"height":794,"url":"https:\/\/skaitytaknyga.lt\/wp-content\/uploads\/2024\/05\/veidai_292-625x794_0.jpg","type":"image\/jpeg"}],"twitter_card":"summary_large_image","schema":{"@context":"https:\/\/schema.org","@graph":[{"@type":"WebPage","@id":"https:\/\/skaitytaknyga.lt\/produktas\/pesciomis-po-gimtaji-krasta\/","url":"https:\/\/skaitytaknyga.lt\/produktas\/pesciomis-po-gimtaji-krasta\/","name":"P\u0117s\u010diomis po gimt\u0105j\u012f kra\u0161t\u0105 - Skaitytaknyga","isPartOf":{"@id":"https:\/\/skaitytaknyga.lt\/#website"},"primaryImageOfPage":{"@id":"https:\/\/skaitytaknyga.lt\/produktas\/pesciomis-po-gimtaji-krasta\/#primaryimage"},"image":{"@id":"https:\/\/skaitytaknyga.lt\/produktas\/pesciomis-po-gimtaji-krasta\/#primaryimage"},"thumbnailUrl":"https:\/\/skaitytaknyga.lt\/wp-content\/uploads\/2024\/05\/veidai_292-625x794_0.jpg","datePublished":"2024-05-04T19:20:15+00:00","dateModified":"2024-05-04T19:22:26+00:00","description":"Knygel\u0117s pirmojoje dalyje pateikiama metodin\u0117 med\u017eiaga turistinio \u017eygio p\u0117s\u010diomis organizavimo, keliavimo, turistinio darbo mokykloje klausimais. Leidinio antrojoje dalyje - penkiolika p\u0117s\u010di\u0173j\u0173 turizmo mar\u0161rut\u0173 po Ryt\u0173 Lietuv\u0105 apra\u0161ym\u0173. Mar\u0161rutai vingiuoja de\u0161imties rajon\u0173 (Zaras\u0173, Ignalinos, \u0160ven\u010dioni\u0173, Mol\u0117t\u0173, \u0160irvint\u0173, Vilniaus, Kai\u0161iadori\u0173, Trak\u0173, Var\u0117nos, \u0160al\u010dinink\u0173) vietov\u0117mis. Mar\u0161rutai - vienos trij\u0173 dien\u0173. &nbsp;","breadcrumb":{"@id":"https:\/\/skaitytaknyga.lt\/produktas\/pesciomis-po-gimtaji-krasta\/#breadcrumb"},"inLanguage":"en-GB","potentialAction":[{"@type":"ReadAction","target":["https:\/\/skaitytaknyga.lt\/produktas\/pesciomis-po-gimtaji-krasta\/"]}]},{"@type":"ImageObject","inLanguage":"en-GB","@id":"https:\/\/skaitytaknyga.lt\/produktas\/pesciomis-po-gimtaji-krasta\/#primaryimage","url":"https:\/\/skaitytaknyga.lt\/wp-content\/uploads\/2024\/05\/veidai_292-625x794_0.jpg","contentUrl":"https:\/\/skaitytaknyga.lt\/wp-content\/uploads\/2024\/05\/veidai_292-625x794_0.jpg","width":625,"height":794},{"@type":"BreadcrumbList","@id":"https:\/\/skaitytaknyga.lt\/produktas\/pesciomis-po-gimtaji-krasta\/#breadcrumb","itemListElement":[{"@type":"ListItem","position":1,"name":"Home","item":"https:\/\/skaitytaknyga.lt\/"},{"@type":"ListItem","position":2,"name":"Parduotuv\u0117","item":"https:\/\/skaitytaknyga.lt\/knygu-parduotuve\/"},{"@type":"ListItem","position":3,"name":"P\u0117s\u010diomis po gimt\u0105j\u012f kra\u0161t\u0105"}]},{"@type":"WebSite","@id":"https:\/\/skaitytaknyga.lt\/#website","url":"https:\/\/skaitytaknyga.lt\/","name":"skaitytaknyga.lt","description":"Skaitytaknyga.lt \u2013 tai ma\u017eas \u0161eimos verslas, kuris prasid\u0117jo nuo meil\u0117s knygoms ir siekio i\u0161gelb\u0117ti knygas nuo likimo prie konteinerio. Kas vienam nereikalingas daiktas \u2013 kitam lobis, o mes esame tarpininkai, kurie padeda abiems tapti laimingesniems ???? \u017dinome kaip nelengva i\u0161gyventi ma\u017eiems verslams, tad nuo \u0161iol, \u010dia rasite ir kit\u0173, ma\u017e\u0173 \u0161eim\u0173 versl\u0173, rank\u0173 darbo, dovan\u0173 sau ir artimiesiems.","publisher":{"@id":"https:\/\/skaitytaknyga.lt\/#organization"},"potentialAction":[{"@type":"SearchAction","target":{"@type":"EntryPoint","urlTemplate":"https:\/\/skaitytaknyga.lt\/?s={search_term_string}"},"query-input":{"@type":"PropertyValueSpecification","valueRequired":true,"valueName":"search_term_string"}}],"inLanguage":"en-GB"},{"@type":"Organization","@id":"https:\/\/skaitytaknyga.lt\/#organization","name":"skaitytaknyga.lt","url":"https:\/\/skaitytaknyga.lt\/","logo":{"@type":"ImageObject","inLanguage":"en-GB","@id":"https:\/\/skaitytaknyga.lt\/#\/schema\/logo\/image\/","url":"https:\/\/skaitytaknyga.lt\/wp-content\/uploads\/2024\/05\/cropped-cropped-cropped-02_00843_jt3bggkj1j3HLc7SyY6rEUpg.jpeg","contentUrl":"https:\/\/skaitytaknyga.lt\/wp-content\/uploads\/2024\/05\/cropped-cropped-cropped-02_00843_jt3bggkj1j3HLc7SyY6rEUpg.jpeg","width":1600,"height":1600,"caption":"skaitytaknyga.lt"},"image":{"@id":"https:\/\/skaitytaknyga.lt\/#\/schema\/logo\/image\/"},"sameAs":["https:\/\/www.facebook.com\/skaitytaknyga\/"]}]}},"_links":{"self":[{"href":"https:\/\/skaitytaknyga.lt\/en\/wp-json\/wp\/v2\/product\/10926","targetHints":{"allow":["GET"]}}],"collection":[{"href":"https:\/\/skaitytaknyga.lt\/en\/wp-json\/wp\/v2\/product"}],"about":[{"href":"https:\/\/skaitytaknyga.lt\/en\/wp-json\/wp\/v2\/types\/product"}],"replies":[{"embeddable":true,"href":"https:\/\/skaitytaknyga.lt\/en\/wp-json\/wp\/v2\/comments?post=10926"}],"wp:featuredmedia":[{"embeddable":true,"href":"https:\/\/skaitytaknyga.lt\/en\/wp-json\/wp\/v2\/media\/10965"}],"wp:attachment":[{"href":"https:\/\/skaitytaknyga.lt\/en\/wp-json\/wp\/v2\/media?parent=10926"}],"wp:term":[{"taxonomy":"product_brand","embeddable":true,"href":"https:\/\/skaitytaknyga.lt\/en\/wp-json\/wp\/v2\/product_brand?post=10926"},{"taxonomy":"product_cat","embeddable":true,"href":"https:\/\/skaitytaknyga.lt\/en\/wp-json\/wp\/v2\/product_cat?post=10926"},{"taxonomy":"product_tag","embeddable":true,"href":"https:\/\/skaitytaknyga.lt\/en\/wp-json\/wp\/v2\/product_tag?post=10926"}],"curies":[{"name":"wp","href":"https:\/\/api.w.org\/{rel}","templated":true}]}}