{"id":10915,"date":"2024-05-04T19:19:54","date_gmt":"2024-05-04T19:19:54","guid":{"rendered":"https:\/\/skaitytaknyga.lt\/?post_type=product&#038;p=10915"},"modified":"2024-05-04T19:21:55","modified_gmt":"2024-05-04T19:21:55","slug":"vosylius-sezemanas-estetika","status":"publish","type":"product","link":"https:\/\/skaitytaknyga.lt\/en\/produktas\/vosylius-sezemanas-estetika\/","title":{"rendered":"Vosylius Sezemanas \u201eEstetika\u201c"},"content":{"rendered":"<p><span class=\"text\">Tai vienas svarbiausi\u0173 V. Sezemano mokslini\u0173 veikal\u0173. Pagrindin\u0117 veikale nagrin\u0117jama problema &#8211; estetini\u0173 rei\u0161kini\u0173 specifika, j\u0173 savitumas. Autorius bando suvokti gro\u017eio pasaul\u012f i\u0161 vidaus ir i\u0161 jo specifikos i\u0161vesti jo pa\u017einimo s\u0105lygas.<\/p>\n<p>Anot autoriaus, estetinis suvokimas &#8211; tai savitas, nepakartojamas i\u0161gyvenimas, kuris priklauso m\u016bs\u0173 vidaus pasauliui, yra autonomi\u0161kas, kartu ir sintetinis bei analitinis aktas, kur\u012f sukelia tam tikras meno k\u016brinys ar gamtos rei\u0161kinys. Gro\u017eis nesutampa su pa\u010diu suvokiamu i\u0161oriniu objektu, jis yra tik tam tikras to objekto suvokimo aspektas, kuriam reikalingas estetinis s\u0105mon\u0117s nusistatymas. Taip laisvai orientuoti s\u0105mon\u0117s veikl\u0105 i\u0161orin\u0117s aplinkos at\u017evilgiu i\u0161imtinai sugeba tik \u017emogus. Tod\u0117l, autoriaus teigimu, gro\u017eis yra neatskiriamas nuo \u017emogaus egzistavimo: \u201eTiktai \u017emoguje pasaulis \u012fsis\u0105monina savo gro\u017e\u012f, savo estetines potencijas. \u017dmogus ne tik pats kuria gro\u017e\u012f, kartu jis atlieka funkcij\u0105 to organo, kurio d\u0117ka, pasaulis suvokia savyje gl\u016bdin\u010dias estetines vertybes\u201c.<\/span><\/p>\n<p>&nbsp;<\/p>\n<div id=\"fb-root\" class=\" fb_reset\">\n<div>\n<div><\/div>\n<\/div>\n<\/div>\n<div class=\"fb-share-button\" data-href=\"https:\/\/developers.facebook.com\/docs\/plugins\/\" data-layout=\"button\" data-size=\"small\"><\/div>\n","protected":false},"excerpt":{"rendered":"<p><span class=\"text\">Tai vienas svarbiausi\u0173 V. Sezemano mokslini\u0173 veikal\u0173. Pagrindin\u0117 veikale nagrin\u0117jama problema &#8211; estetini\u0173 rei\u0161kini\u0173 specifika, j\u0173 savitumas. Autorius bando suvokti gro\u017eio pasaul\u012f i\u0161 vidaus ir i\u0161 jo specifikos i\u0161vesti jo pa\u017einimo s\u0105lygas.<\/p>\n<p>Anot autoriaus, estetinis suvokimas &#8211; tai savitas, nepakartojamas i\u0161gyvenimas, kuris priklauso m\u016bs\u0173 vidaus pasauliui, yra autonomi\u0161kas, kartu ir sintetinis bei analitinis aktas, kur\u012f sukelia tam tikras meno k\u016brinys ar gamtos rei\u0161kinys. Gro\u017eis nesutampa su pa\u010diu suvokiamu i\u0161oriniu objektu, jis yra tik tam tikras to objekto suvokimo aspektas, kuriam reikalingas estetinis s\u0105mon\u0117s nusistatymas. Taip laisvai orientuoti s\u0105mon\u0117s veikl\u0105 i\u0161orin\u0117s aplinkos at\u017evilgiu i\u0161imtinai sugeba tik \u017emogus. Tod\u0117l, autoriaus teigimu, gro\u017eis yra neatskiriamas nuo \u017emogaus egzistavimo: \u201eTiktai \u017emoguje pasaulis \u012fsis\u0105monina savo gro\u017e\u012f, savo estetines potencijas. \u017dmogus ne tik pats kuria gro\u017e\u012f, kartu jis atlieka funkcij\u0105 to organo, kurio d\u0117ka, pasaulis suvokia savyje gl\u016bdin\u010dias estetines vertybes\u201c.<\/span><\/p>\n<p>&nbsp;<\/p>\n<div id=\"fb-root\" class=\" fb_reset\">\n<div>\n<div><\/div>\n<\/div>\n<\/div>\n<div class=\"fb-share-button\" data-href=\"https:\/\/developers.facebook.com\/docs\/plugins\/\" data-layout=\"button\" data-size=\"small\"><\/div>\n","protected":false},"featured_media":10954,"comment_status":"closed","ping_status":"closed","template":"","meta":{"_acf_changed":false,"site-sidebar-layout":"default","site-content-layout":"","ast-site-content-layout":"default","site-content-style":"default","site-sidebar-style":"default","ast-global-header-display":"","ast-banner-title-visibility":"","ast-main-header-display":"","ast-hfb-above-header-display":"","ast-hfb-below-header-display":"","ast-hfb-mobile-header-display":"","site-post-title":"","ast-breadcrumbs-content":"","ast-featured-img":"","footer-sml-layout":"","ast-disable-related-posts":"","theme-transparent-header-meta":"","adv-header-id-meta":"","stick-header-meta":"","header-above-stick-meta":"","header-main-stick-meta":"","header-below-stick-meta":"","astra-migrate-meta-layouts":"default","ast-page-background-enabled":"default","ast-page-background-meta":{"desktop":{"background-color":"","background-image":"","background-repeat":"repeat","background-position":"center center","background-size":"auto","background-attachment":"scroll","background-type":"","background-media":"","overlay-type":"","overlay-color":"","overlay-opacity":"","overlay-gradient":""},"tablet":{"background-color":"","background-image":"","background-repeat":"repeat","background-position":"center center","background-size":"auto","background-attachment":"scroll","background-type":"","background-media":"","overlay-type":"","overlay-color":"","overlay-opacity":"","overlay-gradient":""},"mobile":{"background-color":"","background-image":"","background-repeat":"repeat","background-position":"center center","background-size":"auto","background-attachment":"scroll","background-type":"","background-media":"","overlay-type":"","overlay-color":"","overlay-opacity":"","overlay-gradient":""}},"ast-content-background-meta":{"desktop":{"background-color":"var(--ast-global-color-4)","background-image":"","background-repeat":"repeat","background-position":"center center","background-size":"auto","background-attachment":"scroll","background-type":"","background-media":"","overlay-type":"","overlay-color":"","overlay-opacity":"","overlay-gradient":""},"tablet":{"background-color":"var(--ast-global-color-4)","background-image":"","background-repeat":"repeat","background-position":"center center","background-size":"auto","background-attachment":"scroll","background-type":"","background-media":"","overlay-type":"","overlay-color":"","overlay-opacity":"","overlay-gradient":""},"mobile":{"background-color":"var(--ast-global-color-4)","background-image":"","background-repeat":"repeat","background-position":"center center","background-size":"auto","background-attachment":"scroll","background-type":"","background-media":"","overlay-type":"","overlay-color":"","overlay-opacity":"","overlay-gradient":""}}},"product_brand":[],"product_cat":[165],"product_tag":[],"class_list":{"0":"post-10915","1":"product","2":"type-product","3":"status-publish","4":"has-post-thumbnail","6":"product_cat-religija-filosofija-ir-ezoterika","7":"desktop-align-left","8":"tablet-align-left","9":"mobile-align-left","11":"first","12":"instock","13":"shipping-taxable","14":"purchasable","15":"product-type-simple"},"acf":[],"yoast_head":"<!-- This site is optimized with the Yoast SEO plugin v27.4 - https:\/\/yoast.com\/product\/yoast-seo-wordpress\/ -->\n<title>Vosylius Sezemanas \u201eEstetika\u201c - Skaitytaknyga<\/title>\n<meta name=\"description\" content=\"Tai vienas svarbiausi\u0173 V. Sezemano mokslini\u0173 veikal\u0173. Pagrindin\u0117 veikale nagrin\u0117jama problema - estetini\u0173 rei\u0161kini\u0173 specifika, j\u0173 savitumas. Autorius bando suvokti gro\u017eio pasaul\u012f i\u0161 vidaus ir i\u0161 jo specifikos i\u0161vesti jo pa\u017einimo s\u0105lygas.  Anot autoriaus, estetinis suvokimas - tai savitas, nepakartojamas i\u0161gyvenimas, kuris priklauso m\u016bs\u0173 vidaus pasauliui, yra autonomi\u0161kas, kartu ir sintetinis bei analitinis aktas, kur\u012f sukelia tam tikras meno k\u016brinys ar gamtos rei\u0161kinys. Gro\u017eis nesutampa su pa\u010diu suvokiamu i\u0161oriniu objektu, jis yra tik tam tikras to objekto suvokimo aspektas, kuriam reikalingas estetinis s\u0105mon\u0117s nusistatymas. Taip laisvai orientuoti s\u0105mon\u0117s veikl\u0105 i\u0161orin\u0117s aplinkos at\u017evilgiu i\u0161imtinai sugeba tik \u017emogus. Tod\u0117l, autoriaus teigimu, gro\u017eis yra neatskiriamas nuo \u017emogaus egzistavimo: \u201eTiktai \u017emoguje pasaulis \u012fsis\u0105monina savo gro\u017e\u012f, savo estetines potencijas. \u017dmogus ne tik pats kuria gro\u017e\u012f, kartu jis atlieka funkcij\u0105 to organo, kurio d\u0117ka, pasaulis suvokia savyje gl\u016bdin\u010dias estetines vertybes\u201c.  &nbsp;\" \/>\n<meta name=\"robots\" content=\"index, follow, max-snippet:-1, max-image-preview:large, max-video-preview:-1\" \/>\n<link rel=\"canonical\" href=\"https:\/\/skaitytaknyga.lt\/en\/produktas\/vosylius-sezemanas-estetika\/\" \/>\n<meta property=\"og:locale\" content=\"en_GB\" \/>\n<meta property=\"og:locale:alternate\" content=\"lt_LT\" \/>\n<meta property=\"og:type\" content=\"article\" \/>\n<meta property=\"og:title\" content=\"Vosylius Sezemanas \u201eEstetika\u201c - Skaitytaknyga\" \/>\n<meta property=\"og:description\" content=\"Tai vienas svarbiausi\u0173 V. Sezemano mokslini\u0173 veikal\u0173. Pagrindin\u0117 veikale nagrin\u0117jama problema - estetini\u0173 rei\u0161kini\u0173 specifika, j\u0173 savitumas. Autorius bando suvokti gro\u017eio pasaul\u012f i\u0161 vidaus ir i\u0161 jo specifikos i\u0161vesti jo pa\u017einimo s\u0105lygas.  Anot autoriaus, estetinis suvokimas - tai savitas, nepakartojamas i\u0161gyvenimas, kuris priklauso m\u016bs\u0173 vidaus pasauliui, yra autonomi\u0161kas, kartu ir sintetinis bei analitinis aktas, kur\u012f sukelia tam tikras meno k\u016brinys ar gamtos rei\u0161kinys. Gro\u017eis nesutampa su pa\u010diu suvokiamu i\u0161oriniu objektu, jis yra tik tam tikras to objekto suvokimo aspektas, kuriam reikalingas estetinis s\u0105mon\u0117s nusistatymas. Taip laisvai orientuoti s\u0105mon\u0117s veikl\u0105 i\u0161orin\u0117s aplinkos at\u017evilgiu i\u0161imtinai sugeba tik \u017emogus. Tod\u0117l, autoriaus teigimu, gro\u017eis yra neatskiriamas nuo \u017emogaus egzistavimo: \u201eTiktai \u017emoguje pasaulis \u012fsis\u0105monina savo gro\u017e\u012f, savo estetines potencijas. \u017dmogus ne tik pats kuria gro\u017e\u012f, kartu jis atlieka funkcij\u0105 to organo, kurio d\u0117ka, pasaulis suvokia savyje gl\u016bdin\u010dias estetines vertybes\u201c.  &nbsp;\" \/>\n<meta property=\"og:url\" content=\"https:\/\/skaitytaknyga.lt\/en\/produktas\/vosylius-sezemanas-estetika\/\" \/>\n<meta property=\"og:site_name\" content=\"Skaitytaknyga\" \/>\n<meta property=\"article:publisher\" content=\"https:\/\/www.facebook.com\/skaitytaknyga\/\" \/>\n<meta property=\"article:modified_time\" content=\"2024-05-04T19:21:55+00:00\" \/>\n<meta property=\"og:image\" content=\"https:\/\/skaitytaknyga.lt\/wp-content\/uploads\/2024\/05\/veidai_731-625x794_0.jpg\" \/>\n\t<meta property=\"og:image:width\" content=\"625\" \/>\n\t<meta property=\"og:image:height\" content=\"794\" \/>\n\t<meta property=\"og:image:type\" content=\"image\/jpeg\" \/>\n<meta name=\"twitter:card\" content=\"summary_large_image\" \/>\n<meta name=\"twitter:label1\" content=\"Estimated reading time\" \/>\n\t<meta name=\"twitter:data1\" content=\"1 minute\" \/>\n<script type=\"application\/ld+json\" class=\"yoast-schema-graph\">{\"@context\":\"https:\\\/\\\/schema.org\",\"@graph\":[{\"@type\":\"WebPage\",\"@id\":\"https:\\\/\\\/skaitytaknyga.lt\\\/produktas\\\/vosylius-sezemanas-estetika\\\/\",\"url\":\"https:\\\/\\\/skaitytaknyga.lt\\\/produktas\\\/vosylius-sezemanas-estetika\\\/\",\"name\":\"Vosylius Sezemanas \u201eEstetika\u201c - Skaitytaknyga\",\"isPartOf\":{\"@id\":\"https:\\\/\\\/skaitytaknyga.lt\\\/#website\"},\"primaryImageOfPage\":{\"@id\":\"https:\\\/\\\/skaitytaknyga.lt\\\/produktas\\\/vosylius-sezemanas-estetika\\\/#primaryimage\"},\"image\":{\"@id\":\"https:\\\/\\\/skaitytaknyga.lt\\\/produktas\\\/vosylius-sezemanas-estetika\\\/#primaryimage\"},\"thumbnailUrl\":\"https:\\\/\\\/skaitytaknyga.lt\\\/wp-content\\\/uploads\\\/2024\\\/05\\\/veidai_731-625x794_0.jpg\",\"datePublished\":\"2024-05-04T19:19:54+00:00\",\"dateModified\":\"2024-05-04T19:21:55+00:00\",\"description\":\"Tai vienas svarbiausi\u0173 V. Sezemano mokslini\u0173 veikal\u0173. Pagrindin\u0117 veikale nagrin\u0117jama problema - estetini\u0173 rei\u0161kini\u0173 specifika, j\u0173 savitumas. Autorius bando suvokti gro\u017eio pasaul\u012f i\u0161 vidaus ir i\u0161 jo specifikos i\u0161vesti jo pa\u017einimo s\u0105lygas. Anot autoriaus, estetinis suvokimas - tai savitas, nepakartojamas i\u0161gyvenimas, kuris priklauso m\u016bs\u0173 vidaus pasauliui, yra autonomi\u0161kas, kartu ir sintetinis bei analitinis aktas, kur\u012f sukelia tam tikras meno k\u016brinys ar gamtos rei\u0161kinys. Gro\u017eis nesutampa su pa\u010diu suvokiamu i\u0161oriniu objektu, jis yra tik tam tikras to objekto suvokimo aspektas, kuriam reikalingas estetinis s\u0105mon\u0117s nusistatymas. Taip laisvai orientuoti s\u0105mon\u0117s veikl\u0105 i\u0161orin\u0117s aplinkos at\u017evilgiu i\u0161imtinai sugeba tik \u017emogus. Tod\u0117l, autoriaus teigimu, gro\u017eis yra neatskiriamas nuo \u017emogaus egzistavimo: \u201eTiktai \u017emoguje pasaulis \u012fsis\u0105monina savo gro\u017e\u012f, savo estetines potencijas. \u017dmogus ne tik pats kuria gro\u017e\u012f, kartu jis atlieka funkcij\u0105 to organo, kurio d\u0117ka, pasaulis suvokia savyje gl\u016bdin\u010dias estetines vertybes\u201c. &nbsp;\",\"breadcrumb\":{\"@id\":\"https:\\\/\\\/skaitytaknyga.lt\\\/produktas\\\/vosylius-sezemanas-estetika\\\/#breadcrumb\"},\"inLanguage\":\"en-GB\",\"potentialAction\":[{\"@type\":\"ReadAction\",\"target\":[\"https:\\\/\\\/skaitytaknyga.lt\\\/produktas\\\/vosylius-sezemanas-estetika\\\/\"]}]},{\"@type\":\"ImageObject\",\"inLanguage\":\"en-GB\",\"@id\":\"https:\\\/\\\/skaitytaknyga.lt\\\/produktas\\\/vosylius-sezemanas-estetika\\\/#primaryimage\",\"url\":\"https:\\\/\\\/skaitytaknyga.lt\\\/wp-content\\\/uploads\\\/2024\\\/05\\\/veidai_731-625x794_0.jpg\",\"contentUrl\":\"https:\\\/\\\/skaitytaknyga.lt\\\/wp-content\\\/uploads\\\/2024\\\/05\\\/veidai_731-625x794_0.jpg\",\"width\":625,\"height\":794},{\"@type\":\"BreadcrumbList\",\"@id\":\"https:\\\/\\\/skaitytaknyga.lt\\\/produktas\\\/vosylius-sezemanas-estetika\\\/#breadcrumb\",\"itemListElement\":[{\"@type\":\"ListItem\",\"position\":1,\"name\":\"Home\",\"item\":\"https:\\\/\\\/skaitytaknyga.lt\\\/\"},{\"@type\":\"ListItem\",\"position\":2,\"name\":\"Parduotuv\u0117\",\"item\":\"https:\\\/\\\/skaitytaknyga.lt\\\/knygu-parduotuve\\\/\"},{\"@type\":\"ListItem\",\"position\":3,\"name\":\"Vosylius Sezemanas \u201eEstetika\u201c\"}]},{\"@type\":\"WebSite\",\"@id\":\"https:\\\/\\\/skaitytaknyga.lt\\\/#website\",\"url\":\"https:\\\/\\\/skaitytaknyga.lt\\\/\",\"name\":\"skaitytaknyga.lt\",\"description\":\"Skaitytaknyga.lt \u2013 tai ma\u017eas \u0161eimos verslas, kuris prasid\u0117jo nuo meil\u0117s knygoms ir siekio i\u0161gelb\u0117ti knygas nuo likimo prie konteinerio. Kas vienam nereikalingas daiktas \u2013 kitam lobis, o mes esame tarpininkai, kurie padeda abiems tapti laimingesniems ???? \u017dinome kaip nelengva i\u0161gyventi ma\u017eiems verslams, tad nuo \u0161iol, \u010dia rasite ir kit\u0173, ma\u017e\u0173 \u0161eim\u0173 versl\u0173, rank\u0173 darbo, dovan\u0173 sau ir artimiesiems.\",\"publisher\":{\"@id\":\"https:\\\/\\\/skaitytaknyga.lt\\\/#organization\"},\"potentialAction\":[{\"@type\":\"SearchAction\",\"target\":{\"@type\":\"EntryPoint\",\"urlTemplate\":\"https:\\\/\\\/skaitytaknyga.lt\\\/?s={search_term_string}\"},\"query-input\":{\"@type\":\"PropertyValueSpecification\",\"valueRequired\":true,\"valueName\":\"search_term_string\"}}],\"inLanguage\":\"en-GB\"},{\"@type\":\"Organization\",\"@id\":\"https:\\\/\\\/skaitytaknyga.lt\\\/#organization\",\"name\":\"skaitytaknyga.lt\",\"url\":\"https:\\\/\\\/skaitytaknyga.lt\\\/\",\"logo\":{\"@type\":\"ImageObject\",\"inLanguage\":\"en-GB\",\"@id\":\"https:\\\/\\\/skaitytaknyga.lt\\\/#\\\/schema\\\/logo\\\/image\\\/\",\"url\":\"https:\\\/\\\/skaitytaknyga.lt\\\/wp-content\\\/uploads\\\/2024\\\/05\\\/cropped-cropped-cropped-02_00843_jt3bggkj1j3HLc7SyY6rEUpg.jpeg\",\"contentUrl\":\"https:\\\/\\\/skaitytaknyga.lt\\\/wp-content\\\/uploads\\\/2024\\\/05\\\/cropped-cropped-cropped-02_00843_jt3bggkj1j3HLc7SyY6rEUpg.jpeg\",\"width\":1600,\"height\":1600,\"caption\":\"skaitytaknyga.lt\"},\"image\":{\"@id\":\"https:\\\/\\\/skaitytaknyga.lt\\\/#\\\/schema\\\/logo\\\/image\\\/\"},\"sameAs\":[\"https:\\\/\\\/www.facebook.com\\\/skaitytaknyga\\\/\"]}]}<\/script>\n<!-- \/ Yoast SEO plugin. -->","yoast_head_json":{"title":"Vosylius Sezemanas \u201eEstetika\u201c - Skaitytaknyga","description":"Tai vienas svarbiausi\u0173 V. Sezemano mokslini\u0173 veikal\u0173. Pagrindin\u0117 veikale nagrin\u0117jama problema - estetini\u0173 rei\u0161kini\u0173 specifika, j\u0173 savitumas. Autorius bando suvokti gro\u017eio pasaul\u012f i\u0161 vidaus ir i\u0161 jo specifikos i\u0161vesti jo pa\u017einimo s\u0105lygas.  Anot autoriaus, estetinis suvokimas - tai savitas, nepakartojamas i\u0161gyvenimas, kuris priklauso m\u016bs\u0173 vidaus pasauliui, yra autonomi\u0161kas, kartu ir sintetinis bei analitinis aktas, kur\u012f sukelia tam tikras meno k\u016brinys ar gamtos rei\u0161kinys. Gro\u017eis nesutampa su pa\u010diu suvokiamu i\u0161oriniu objektu, jis yra tik tam tikras to objekto suvokimo aspektas, kuriam reikalingas estetinis s\u0105mon\u0117s nusistatymas. Taip laisvai orientuoti s\u0105mon\u0117s veikl\u0105 i\u0161orin\u0117s aplinkos at\u017evilgiu i\u0161imtinai sugeba tik \u017emogus. Tod\u0117l, autoriaus teigimu, gro\u017eis yra neatskiriamas nuo \u017emogaus egzistavimo: \u201eTiktai \u017emoguje pasaulis \u012fsis\u0105monina savo gro\u017e\u012f, savo estetines potencijas. \u017dmogus ne tik pats kuria gro\u017e\u012f, kartu jis atlieka funkcij\u0105 to organo, kurio d\u0117ka, pasaulis suvokia savyje gl\u016bdin\u010dias estetines vertybes\u201c.  &nbsp;","robots":{"index":"index","follow":"follow","max-snippet":"max-snippet:-1","max-image-preview":"max-image-preview:large","max-video-preview":"max-video-preview:-1"},"canonical":"https:\/\/skaitytaknyga.lt\/en\/produktas\/vosylius-sezemanas-estetika\/","og_locale":"en_GB","og_type":"article","og_title":"Vosylius Sezemanas \u201eEstetika\u201c - Skaitytaknyga","og_description":"Tai vienas svarbiausi\u0173 V. Sezemano mokslini\u0173 veikal\u0173. Pagrindin\u0117 veikale nagrin\u0117jama problema - estetini\u0173 rei\u0161kini\u0173 specifika, j\u0173 savitumas. Autorius bando suvokti gro\u017eio pasaul\u012f i\u0161 vidaus ir i\u0161 jo specifikos i\u0161vesti jo pa\u017einimo s\u0105lygas.  Anot autoriaus, estetinis suvokimas - tai savitas, nepakartojamas i\u0161gyvenimas, kuris priklauso m\u016bs\u0173 vidaus pasauliui, yra autonomi\u0161kas, kartu ir sintetinis bei analitinis aktas, kur\u012f sukelia tam tikras meno k\u016brinys ar gamtos rei\u0161kinys. Gro\u017eis nesutampa su pa\u010diu suvokiamu i\u0161oriniu objektu, jis yra tik tam tikras to objekto suvokimo aspektas, kuriam reikalingas estetinis s\u0105mon\u0117s nusistatymas. Taip laisvai orientuoti s\u0105mon\u0117s veikl\u0105 i\u0161orin\u0117s aplinkos at\u017evilgiu i\u0161imtinai sugeba tik \u017emogus. Tod\u0117l, autoriaus teigimu, gro\u017eis yra neatskiriamas nuo \u017emogaus egzistavimo: \u201eTiktai \u017emoguje pasaulis \u012fsis\u0105monina savo gro\u017e\u012f, savo estetines potencijas. \u017dmogus ne tik pats kuria gro\u017e\u012f, kartu jis atlieka funkcij\u0105 to organo, kurio d\u0117ka, pasaulis suvokia savyje gl\u016bdin\u010dias estetines vertybes\u201c.  &nbsp;","og_url":"https:\/\/skaitytaknyga.lt\/en\/produktas\/vosylius-sezemanas-estetika\/","og_site_name":"Skaitytaknyga","article_publisher":"https:\/\/www.facebook.com\/skaitytaknyga\/","article_modified_time":"2024-05-04T19:21:55+00:00","og_image":[{"width":625,"height":794,"url":"https:\/\/skaitytaknyga.lt\/wp-content\/uploads\/2024\/05\/veidai_731-625x794_0.jpg","type":"image\/jpeg"}],"twitter_card":"summary_large_image","twitter_misc":{"Estimated reading time":"1 minute"},"schema":{"@context":"https:\/\/schema.org","@graph":[{"@type":"WebPage","@id":"https:\/\/skaitytaknyga.lt\/produktas\/vosylius-sezemanas-estetika\/","url":"https:\/\/skaitytaknyga.lt\/produktas\/vosylius-sezemanas-estetika\/","name":"Vosylius Sezemanas \u201eEstetika\u201c - Skaitytaknyga","isPartOf":{"@id":"https:\/\/skaitytaknyga.lt\/#website"},"primaryImageOfPage":{"@id":"https:\/\/skaitytaknyga.lt\/produktas\/vosylius-sezemanas-estetika\/#primaryimage"},"image":{"@id":"https:\/\/skaitytaknyga.lt\/produktas\/vosylius-sezemanas-estetika\/#primaryimage"},"thumbnailUrl":"https:\/\/skaitytaknyga.lt\/wp-content\/uploads\/2024\/05\/veidai_731-625x794_0.jpg","datePublished":"2024-05-04T19:19:54+00:00","dateModified":"2024-05-04T19:21:55+00:00","description":"Tai vienas svarbiausi\u0173 V. Sezemano mokslini\u0173 veikal\u0173. Pagrindin\u0117 veikale nagrin\u0117jama problema - estetini\u0173 rei\u0161kini\u0173 specifika, j\u0173 savitumas. Autorius bando suvokti gro\u017eio pasaul\u012f i\u0161 vidaus ir i\u0161 jo specifikos i\u0161vesti jo pa\u017einimo s\u0105lygas. Anot autoriaus, estetinis suvokimas - tai savitas, nepakartojamas i\u0161gyvenimas, kuris priklauso m\u016bs\u0173 vidaus pasauliui, yra autonomi\u0161kas, kartu ir sintetinis bei analitinis aktas, kur\u012f sukelia tam tikras meno k\u016brinys ar gamtos rei\u0161kinys. Gro\u017eis nesutampa su pa\u010diu suvokiamu i\u0161oriniu objektu, jis yra tik tam tikras to objekto suvokimo aspektas, kuriam reikalingas estetinis s\u0105mon\u0117s nusistatymas. Taip laisvai orientuoti s\u0105mon\u0117s veikl\u0105 i\u0161orin\u0117s aplinkos at\u017evilgiu i\u0161imtinai sugeba tik \u017emogus. Tod\u0117l, autoriaus teigimu, gro\u017eis yra neatskiriamas nuo \u017emogaus egzistavimo: \u201eTiktai \u017emoguje pasaulis \u012fsis\u0105monina savo gro\u017e\u012f, savo estetines potencijas. \u017dmogus ne tik pats kuria gro\u017e\u012f, kartu jis atlieka funkcij\u0105 to organo, kurio d\u0117ka, pasaulis suvokia savyje gl\u016bdin\u010dias estetines vertybes\u201c. &nbsp;","breadcrumb":{"@id":"https:\/\/skaitytaknyga.lt\/produktas\/vosylius-sezemanas-estetika\/#breadcrumb"},"inLanguage":"en-GB","potentialAction":[{"@type":"ReadAction","target":["https:\/\/skaitytaknyga.lt\/produktas\/vosylius-sezemanas-estetika\/"]}]},{"@type":"ImageObject","inLanguage":"en-GB","@id":"https:\/\/skaitytaknyga.lt\/produktas\/vosylius-sezemanas-estetika\/#primaryimage","url":"https:\/\/skaitytaknyga.lt\/wp-content\/uploads\/2024\/05\/veidai_731-625x794_0.jpg","contentUrl":"https:\/\/skaitytaknyga.lt\/wp-content\/uploads\/2024\/05\/veidai_731-625x794_0.jpg","width":625,"height":794},{"@type":"BreadcrumbList","@id":"https:\/\/skaitytaknyga.lt\/produktas\/vosylius-sezemanas-estetika\/#breadcrumb","itemListElement":[{"@type":"ListItem","position":1,"name":"Home","item":"https:\/\/skaitytaknyga.lt\/"},{"@type":"ListItem","position":2,"name":"Parduotuv\u0117","item":"https:\/\/skaitytaknyga.lt\/knygu-parduotuve\/"},{"@type":"ListItem","position":3,"name":"Vosylius Sezemanas \u201eEstetika\u201c"}]},{"@type":"WebSite","@id":"https:\/\/skaitytaknyga.lt\/#website","url":"https:\/\/skaitytaknyga.lt\/","name":"skaitytaknyga.lt","description":"Skaitytaknyga.lt \u2013 tai ma\u017eas \u0161eimos verslas, kuris prasid\u0117jo nuo meil\u0117s knygoms ir siekio i\u0161gelb\u0117ti knygas nuo likimo prie konteinerio. Kas vienam nereikalingas daiktas \u2013 kitam lobis, o mes esame tarpininkai, kurie padeda abiems tapti laimingesniems ???? \u017dinome kaip nelengva i\u0161gyventi ma\u017eiems verslams, tad nuo \u0161iol, \u010dia rasite ir kit\u0173, ma\u017e\u0173 \u0161eim\u0173 versl\u0173, rank\u0173 darbo, dovan\u0173 sau ir artimiesiems.","publisher":{"@id":"https:\/\/skaitytaknyga.lt\/#organization"},"potentialAction":[{"@type":"SearchAction","target":{"@type":"EntryPoint","urlTemplate":"https:\/\/skaitytaknyga.lt\/?s={search_term_string}"},"query-input":{"@type":"PropertyValueSpecification","valueRequired":true,"valueName":"search_term_string"}}],"inLanguage":"en-GB"},{"@type":"Organization","@id":"https:\/\/skaitytaknyga.lt\/#organization","name":"skaitytaknyga.lt","url":"https:\/\/skaitytaknyga.lt\/","logo":{"@type":"ImageObject","inLanguage":"en-GB","@id":"https:\/\/skaitytaknyga.lt\/#\/schema\/logo\/image\/","url":"https:\/\/skaitytaknyga.lt\/wp-content\/uploads\/2024\/05\/cropped-cropped-cropped-02_00843_jt3bggkj1j3HLc7SyY6rEUpg.jpeg","contentUrl":"https:\/\/skaitytaknyga.lt\/wp-content\/uploads\/2024\/05\/cropped-cropped-cropped-02_00843_jt3bggkj1j3HLc7SyY6rEUpg.jpeg","width":1600,"height":1600,"caption":"skaitytaknyga.lt"},"image":{"@id":"https:\/\/skaitytaknyga.lt\/#\/schema\/logo\/image\/"},"sameAs":["https:\/\/www.facebook.com\/skaitytaknyga\/"]}]}},"_links":{"self":[{"href":"https:\/\/skaitytaknyga.lt\/en\/wp-json\/wp\/v2\/product\/10915","targetHints":{"allow":["GET"]}}],"collection":[{"href":"https:\/\/skaitytaknyga.lt\/en\/wp-json\/wp\/v2\/product"}],"about":[{"href":"https:\/\/skaitytaknyga.lt\/en\/wp-json\/wp\/v2\/types\/product"}],"replies":[{"embeddable":true,"href":"https:\/\/skaitytaknyga.lt\/en\/wp-json\/wp\/v2\/comments?post=10915"}],"wp:featuredmedia":[{"embeddable":true,"href":"https:\/\/skaitytaknyga.lt\/en\/wp-json\/wp\/v2\/media\/10954"}],"wp:attachment":[{"href":"https:\/\/skaitytaknyga.lt\/en\/wp-json\/wp\/v2\/media?parent=10915"}],"wp:term":[{"taxonomy":"product_brand","embeddable":true,"href":"https:\/\/skaitytaknyga.lt\/en\/wp-json\/wp\/v2\/product_brand?post=10915"},{"taxonomy":"product_cat","embeddable":true,"href":"https:\/\/skaitytaknyga.lt\/en\/wp-json\/wp\/v2\/product_cat?post=10915"},{"taxonomy":"product_tag","embeddable":true,"href":"https:\/\/skaitytaknyga.lt\/en\/wp-json\/wp\/v2\/product_tag?post=10915"}],"curies":[{"name":"wp","href":"https:\/\/api.w.org\/{rel}","templated":true}]}}