{"id":10914,"date":"2024-05-04T19:19:54","date_gmt":"2024-05-04T19:19:54","guid":{"rendered":"https:\/\/skaitytaknyga.lt\/?post_type=product&#038;p=10914"},"modified":"2026-03-18T14:59:56","modified_gmt":"2026-03-18T12:59:56","slug":"ceslovas-gedgaudas-musu-praeities-beieskant","status":"publish","type":"product","link":"https:\/\/skaitytaknyga.lt\/en\/produktas\/ceslovas-gedgaudas-musu-praeities-beieskant\/","title":{"rendered":"\u010ceslovas Gedgaudas \u201eM\u016bs\u0173 praeities beie\u0161kant\u201c"},"content":{"rendered":"<p>M\u016bs\u0173 istorijos vadov\u0117liai pradeda rimt\u0105 Lietuvos istorijos apra\u0161ym\u0105 tik nuo vytautini\u0173 laik\u0173, Mindaug\u0105 laikydami &#8220;\u017eiliausia senove&#8221;, kai Vakar\u0173 Europa tuo laiku jau tur\u0117jo 5-10 am\u017ei\u0173 did\u017eiulius archyvus. Autorius, naudodamasis Vakar\u0173, Rus\u0173, Bizantijos, Arab\u0173, Skandinav\u0173 ir kitais labai gausiais ir niekieno negin\u010dijamais \u0161altiniais, \u012ftaigiai ir pla\u010diajam skaitytoj\u0173 ratui suprantamai apra\u0161o prie\u0161vytautin\u0119 ikikrik\u0161\u010dioni\u0161k\u0105j\u0105 3000 met\u0173 senumo Lietuvos praeit\u012f, kuri\u0105 knygose ir periodikoje iki \u0161iol dauguma &#8220;apeidavo&#8221; tylomis.<\/p>\n","protected":false},"excerpt":{"rendered":"<p>M\u016bs\u0173 istorijos vadov\u0117liai pradeda rimt\u0105 Lietuvos istorijos apra\u0161ym\u0105 tik nuo vytautini\u0173 laik\u0173, Mindaug\u0105 laikydami &#8220;\u017eiliausia senove&#8221;, kai Vakar\u0173 Europa tuo laiku jau tur\u0117jo 5-10 am\u017ei\u0173 did\u017eiulius archyvus. Autorius, naudodamasis Vakar\u0173, Rus\u0173, Bizantijos, Arab\u0173, Skandinav\u0173 ir kitais labai gausiais ir niekieno negin\u010dijamais \u0161altiniais, \u012ftaigiai ir pla\u010diajam skaitytoj\u0173 ratui suprantamai apra\u0161o prie\u0161vytautin\u0119 ikikrik\u0161\u010dioni\u0161k\u0105j\u0105 3000 met\u0173 senumo Lietuvos praeit\u012f, kuri\u0105 knygose ir periodikoje iki \u0161iol dauguma &#8220;apeidavo&#8221; tylomis.<\/p>\n<div class=\"fb-share-button\" data-href=\"https:\/\/developers.facebook.com\/docs\/plugins\/\" data-layout=\"button\" data-size=\"small\"><\/div>\n","protected":false},"featured_media":10953,"comment_status":"closed","ping_status":"closed","template":"","meta":{"_acf_changed":false,"site-sidebar-layout":"default","site-content-layout":"","ast-site-content-layout":"default","site-content-style":"default","site-sidebar-style":"default","ast-global-header-display":"","ast-banner-title-visibility":"","ast-main-header-display":"","ast-hfb-above-header-display":"","ast-hfb-below-header-display":"","ast-hfb-mobile-header-display":"","site-post-title":"","ast-breadcrumbs-content":"","ast-featured-img":"","footer-sml-layout":"","ast-disable-related-posts":"","theme-transparent-header-meta":"","adv-header-id-meta":"","stick-header-meta":"","header-above-stick-meta":"","header-main-stick-meta":"","header-below-stick-meta":"","astra-migrate-meta-layouts":"default","ast-page-background-enabled":"default","ast-page-background-meta":{"desktop":{"background-color":"","background-image":"","background-repeat":"repeat","background-position":"center center","background-size":"auto","background-attachment":"scroll","background-type":"","background-media":"","overlay-type":"","overlay-color":"","overlay-opacity":"","overlay-gradient":""},"tablet":{"background-color":"","background-image":"","background-repeat":"repeat","background-position":"center center","background-size":"auto","background-attachment":"scroll","background-type":"","background-media":"","overlay-type":"","overlay-color":"","overlay-opacity":"","overlay-gradient":""},"mobile":{"background-color":"","background-image":"","background-repeat":"repeat","background-position":"center center","background-size":"auto","background-attachment":"scroll","background-type":"","background-media":"","overlay-type":"","overlay-color":"","overlay-opacity":"","overlay-gradient":""}},"ast-content-background-meta":{"desktop":{"background-color":"var(--ast-global-color-4)","background-image":"","background-repeat":"repeat","background-position":"center center","background-size":"auto","background-attachment":"scroll","background-type":"","background-media":"","overlay-type":"","overlay-color":"","overlay-opacity":"","overlay-gradient":""},"tablet":{"background-color":"var(--ast-global-color-4)","background-image":"","background-repeat":"repeat","background-position":"center center","background-size":"auto","background-attachment":"scroll","background-type":"","background-media":"","overlay-type":"","overlay-color":"","overlay-opacity":"","overlay-gradient":""},"mobile":{"background-color":"var(--ast-global-color-4)","background-image":"","background-repeat":"repeat","background-position":"center center","background-size":"auto","background-attachment":"scroll","background-type":"","background-media":"","overlay-type":"","overlay-color":"","overlay-opacity":"","overlay-gradient":""}}},"product_brand":[],"product_cat":[174,9862],"product_tag":[],"class_list":{"0":"post-10914","1":"product","2":"type-product","3":"status-publish","4":"has-post-thumbnail","6":"product_cat-istorija-ir-politologija","7":"product_cat-lietuvos-istorija","8":"pa_leidimo-metai-680","9":"desktop-align-left","10":"tablet-align-left","11":"mobile-align-left","13":"first","14":"outofstock","15":"shipping-taxable","16":"purchasable","17":"product-type-simple"},"acf":[],"yoast_head":"<!-- This site is optimized with the Yoast SEO plugin v27.4 - https:\/\/yoast.com\/product\/yoast-seo-wordpress\/ -->\n<title>\u010ceslovas Gedgaudas \u201eM\u016bs\u0173 praeities beie\u0161kant\u201c<\/title>\n<meta name=\"description\" content=\"M\u016bs\u0173 istorijos vadov\u0117liai pradeda rimt\u0105 Lietuvos istorijos apra\u0161ym\u0105 tik nuo vytautini\u0173 laik\u0173, Mindaug\u0105 laikydami &quot;\u017eiliausia senove&quot;, kai Vakar\u0173 Europa tuo laiku jau tur\u0117jo 5-10 am\u017ei\u0173 did\u017eiulius archyvus. Autorius, naudodamasis Vakar\u0173, Rus\u0173, Bizantijos, Arab\u0173, Skandinav\u0173 ir kitais labai gausiais ir niekieno negin\u010dijamais \u0161altiniais, \u012ftaigiai ir pla\u010diajam skaitytoj\u0173 ratui suprantamai apra\u0161o prie\u0161vytautin\u0119 ikikrik\u0161\u010dioni\u0161k\u0105j\u0105 3000 met\u0173 senumo Lietuvos praeit\u012f, kuri\u0105 knygose ir periodikoje iki \u0161iol dauguma &quot;apeidavo&quot; tylomis.\" \/>\n<meta name=\"robots\" content=\"index, follow, max-snippet:-1, max-image-preview:large, max-video-preview:-1\" \/>\n<link rel=\"canonical\" href=\"https:\/\/skaitytaknyga.lt\/en\/produktas\/ceslovas-gedgaudas-musu-praeities-beieskant\/\" \/>\n<meta property=\"og:locale\" content=\"en_GB\" \/>\n<meta property=\"og:locale:alternate\" content=\"lt_LT\" \/>\n<meta property=\"og:type\" content=\"article\" \/>\n<meta property=\"og:title\" content=\"\u010ceslovas Gedgaudas \u201eM\u016bs\u0173 praeities beie\u0161kant\u201c\" \/>\n<meta property=\"og:description\" content=\"M\u016bs\u0173 istorijos vadov\u0117liai pradeda rimt\u0105 Lietuvos istorijos apra\u0161ym\u0105 tik nuo vytautini\u0173 laik\u0173, Mindaug\u0105 laikydami &quot;\u017eiliausia senove&quot;, kai Vakar\u0173 Europa tuo laiku jau tur\u0117jo 5-10 am\u017ei\u0173 did\u017eiulius archyvus. Autorius, naudodamasis Vakar\u0173, Rus\u0173, Bizantijos, Arab\u0173, Skandinav\u0173 ir kitais labai gausiais ir niekieno negin\u010dijamais \u0161altiniais, \u012ftaigiai ir pla\u010diajam skaitytoj\u0173 ratui suprantamai apra\u0161o prie\u0161vytautin\u0119 ikikrik\u0161\u010dioni\u0161k\u0105j\u0105 3000 met\u0173 senumo Lietuvos praeit\u012f, kuri\u0105 knygose ir periodikoje iki \u0161iol dauguma &quot;apeidavo&quot; tylomis.\" \/>\n<meta property=\"og:url\" content=\"https:\/\/skaitytaknyga.lt\/en\/produktas\/ceslovas-gedgaudas-musu-praeities-beieskant\/\" \/>\n<meta property=\"og:site_name\" content=\"Skaitytaknyga\" \/>\n<meta property=\"article:publisher\" content=\"https:\/\/www.facebook.com\/skaitytaknyga\/\" \/>\n<meta property=\"article:modified_time\" content=\"2026-03-18T12:59:56+00:00\" \/>\n<meta property=\"og:image\" content=\"https:\/\/skaitytaknyga.lt\/wp-content\/uploads\/2024\/05\/musu-praeities-beieskant-2-1-e1680592539588.jpg\" \/>\n\t<meta property=\"og:image:width\" content=\"752\" \/>\n\t<meta property=\"og:image:height\" content=\"1072\" \/>\n\t<meta property=\"og:image:type\" content=\"image\/jpeg\" \/>\n<meta name=\"twitter:card\" content=\"summary_large_image\" \/>\n<script type=\"application\/ld+json\" class=\"yoast-schema-graph\">{\"@context\":\"https:\\\/\\\/schema.org\",\"@graph\":[{\"@type\":\"WebPage\",\"@id\":\"https:\\\/\\\/skaitytaknyga.lt\\\/produktas\\\/ceslovas-gedgaudas-musu-praeities-beieskant\\\/\",\"url\":\"https:\\\/\\\/skaitytaknyga.lt\\\/produktas\\\/ceslovas-gedgaudas-musu-praeities-beieskant\\\/\",\"name\":\"\u010ceslovas Gedgaudas \u201eM\u016bs\u0173 praeities beie\u0161kant\u201c\",\"isPartOf\":{\"@id\":\"https:\\\/\\\/skaitytaknyga.lt\\\/#website\"},\"primaryImageOfPage\":{\"@id\":\"https:\\\/\\\/skaitytaknyga.lt\\\/produktas\\\/ceslovas-gedgaudas-musu-praeities-beieskant\\\/#primaryimage\"},\"image\":{\"@id\":\"https:\\\/\\\/skaitytaknyga.lt\\\/produktas\\\/ceslovas-gedgaudas-musu-praeities-beieskant\\\/#primaryimage\"},\"thumbnailUrl\":\"https:\\\/\\\/skaitytaknyga.lt\\\/wp-content\\\/uploads\\\/2024\\\/05\\\/musu-praeities-beieskant-2-1-e1680592539588.jpg\",\"datePublished\":\"2024-05-04T19:19:54+00:00\",\"dateModified\":\"2026-03-18T12:59:56+00:00\",\"description\":\"M\u016bs\u0173 istorijos vadov\u0117liai pradeda rimt\u0105 Lietuvos istorijos apra\u0161ym\u0105 tik nuo vytautini\u0173 laik\u0173, Mindaug\u0105 laikydami \\\"\u017eiliausia senove\\\", kai Vakar\u0173 Europa tuo laiku jau tur\u0117jo 5-10 am\u017ei\u0173 did\u017eiulius archyvus. Autorius, naudodamasis Vakar\u0173, Rus\u0173, Bizantijos, Arab\u0173, Skandinav\u0173 ir kitais labai gausiais ir niekieno negin\u010dijamais \u0161altiniais, \u012ftaigiai ir pla\u010diajam skaitytoj\u0173 ratui suprantamai apra\u0161o prie\u0161vytautin\u0119 ikikrik\u0161\u010dioni\u0161k\u0105j\u0105 3000 met\u0173 senumo Lietuvos praeit\u012f, kuri\u0105 knygose ir periodikoje iki \u0161iol dauguma \\\"apeidavo\\\" tylomis.\",\"breadcrumb\":{\"@id\":\"https:\\\/\\\/skaitytaknyga.lt\\\/produktas\\\/ceslovas-gedgaudas-musu-praeities-beieskant\\\/#breadcrumb\"},\"inLanguage\":\"en-GB\",\"potentialAction\":[{\"@type\":\"ReadAction\",\"target\":[\"https:\\\/\\\/skaitytaknyga.lt\\\/produktas\\\/ceslovas-gedgaudas-musu-praeities-beieskant\\\/\"]}]},{\"@type\":\"ImageObject\",\"inLanguage\":\"en-GB\",\"@id\":\"https:\\\/\\\/skaitytaknyga.lt\\\/produktas\\\/ceslovas-gedgaudas-musu-praeities-beieskant\\\/#primaryimage\",\"url\":\"https:\\\/\\\/skaitytaknyga.lt\\\/wp-content\\\/uploads\\\/2024\\\/05\\\/musu-praeities-beieskant-2-1-e1680592539588.jpg\",\"contentUrl\":\"https:\\\/\\\/skaitytaknyga.lt\\\/wp-content\\\/uploads\\\/2024\\\/05\\\/musu-praeities-beieskant-2-1-e1680592539588.jpg\",\"width\":752,\"height\":1072},{\"@type\":\"BreadcrumbList\",\"@id\":\"https:\\\/\\\/skaitytaknyga.lt\\\/produktas\\\/ceslovas-gedgaudas-musu-praeities-beieskant\\\/#breadcrumb\",\"itemListElement\":[{\"@type\":\"ListItem\",\"position\":1,\"name\":\"Home\",\"item\":\"https:\\\/\\\/skaitytaknyga.lt\\\/\"},{\"@type\":\"ListItem\",\"position\":2,\"name\":\"Parduotuv\u0117\",\"item\":\"https:\\\/\\\/skaitytaknyga.lt\\\/knygu-parduotuve\\\/\"},{\"@type\":\"ListItem\",\"position\":3,\"name\":\"\u010ceslovas Gedgaudas \u201eM\u016bs\u0173 praeities beie\u0161kant\u201c\"}]},{\"@type\":\"WebSite\",\"@id\":\"https:\\\/\\\/skaitytaknyga.lt\\\/#website\",\"url\":\"https:\\\/\\\/skaitytaknyga.lt\\\/\",\"name\":\"skaitytaknyga.lt\",\"description\":\"Skaitytaknyga.lt \u2013 tai ma\u017eas \u0161eimos verslas, kuris prasid\u0117jo nuo meil\u0117s knygoms ir siekio i\u0161gelb\u0117ti knygas nuo likimo prie konteinerio. Kas vienam nereikalingas daiktas \u2013 kitam lobis, o mes esame tarpininkai, kurie padeda abiems tapti laimingesniems ???? \u017dinome kaip nelengva i\u0161gyventi ma\u017eiems verslams, tad nuo \u0161iol, \u010dia rasite ir kit\u0173, ma\u017e\u0173 \u0161eim\u0173 versl\u0173, rank\u0173 darbo, dovan\u0173 sau ir artimiesiems.\",\"publisher\":{\"@id\":\"https:\\\/\\\/skaitytaknyga.lt\\\/#organization\"},\"potentialAction\":[{\"@type\":\"SearchAction\",\"target\":{\"@type\":\"EntryPoint\",\"urlTemplate\":\"https:\\\/\\\/skaitytaknyga.lt\\\/?s={search_term_string}\"},\"query-input\":{\"@type\":\"PropertyValueSpecification\",\"valueRequired\":true,\"valueName\":\"search_term_string\"}}],\"inLanguage\":\"en-GB\"},{\"@type\":\"Organization\",\"@id\":\"https:\\\/\\\/skaitytaknyga.lt\\\/#organization\",\"name\":\"skaitytaknyga.lt\",\"url\":\"https:\\\/\\\/skaitytaknyga.lt\\\/\",\"logo\":{\"@type\":\"ImageObject\",\"inLanguage\":\"en-GB\",\"@id\":\"https:\\\/\\\/skaitytaknyga.lt\\\/#\\\/schema\\\/logo\\\/image\\\/\",\"url\":\"https:\\\/\\\/skaitytaknyga.lt\\\/wp-content\\\/uploads\\\/2024\\\/05\\\/cropped-cropped-cropped-02_00843_jt3bggkj1j3HLc7SyY6rEUpg.jpeg\",\"contentUrl\":\"https:\\\/\\\/skaitytaknyga.lt\\\/wp-content\\\/uploads\\\/2024\\\/05\\\/cropped-cropped-cropped-02_00843_jt3bggkj1j3HLc7SyY6rEUpg.jpeg\",\"width\":1600,\"height\":1600,\"caption\":\"skaitytaknyga.lt\"},\"image\":{\"@id\":\"https:\\\/\\\/skaitytaknyga.lt\\\/#\\\/schema\\\/logo\\\/image\\\/\"},\"sameAs\":[\"https:\\\/\\\/www.facebook.com\\\/skaitytaknyga\\\/\"]}]}<\/script>\n<!-- \/ Yoast SEO plugin. -->","yoast_head_json":{"title":"\u010ceslovas Gedgaudas \u201eM\u016bs\u0173 praeities beie\u0161kant\u201c","description":"M\u016bs\u0173 istorijos vadov\u0117liai pradeda rimt\u0105 Lietuvos istorijos apra\u0161ym\u0105 tik nuo vytautini\u0173 laik\u0173, Mindaug\u0105 laikydami \"\u017eiliausia senove\", kai Vakar\u0173 Europa tuo laiku jau tur\u0117jo 5-10 am\u017ei\u0173 did\u017eiulius archyvus. Autorius, naudodamasis Vakar\u0173, Rus\u0173, Bizantijos, Arab\u0173, Skandinav\u0173 ir kitais labai gausiais ir niekieno negin\u010dijamais \u0161altiniais, \u012ftaigiai ir pla\u010diajam skaitytoj\u0173 ratui suprantamai apra\u0161o prie\u0161vytautin\u0119 ikikrik\u0161\u010dioni\u0161k\u0105j\u0105 3000 met\u0173 senumo Lietuvos praeit\u012f, kuri\u0105 knygose ir periodikoje iki \u0161iol dauguma \"apeidavo\" tylomis.","robots":{"index":"index","follow":"follow","max-snippet":"max-snippet:-1","max-image-preview":"max-image-preview:large","max-video-preview":"max-video-preview:-1"},"canonical":"https:\/\/skaitytaknyga.lt\/en\/produktas\/ceslovas-gedgaudas-musu-praeities-beieskant\/","og_locale":"en_GB","og_type":"article","og_title":"[:lt]\u010ceslovas Gedgaudas \u201eM\u016bs\u0173 praeities beie\u0161kant\u201c[:] - Skaitytaknyga","og_description":"M\u016bs\u0173 istorijos vadov\u0117liai pradeda rimt\u0105 Lietuvos istorijos apra\u0161ym\u0105 tik nuo vytautini\u0173 laik\u0173, Mindaug\u0105 laikydami \"\u017eiliausia senove\", kai Vakar\u0173 Europa tuo laiku jau tur\u0117jo 5-10 am\u017ei\u0173 did\u017eiulius archyvus. Autorius, naudodamasis Vakar\u0173, Rus\u0173, Bizantijos, Arab\u0173, Skandinav\u0173 ir kitais labai gausiais ir niekieno negin\u010dijamais \u0161altiniais, \u012ftaigiai ir pla\u010diajam skaitytoj\u0173 ratui suprantamai apra\u0161o prie\u0161vytautin\u0119 ikikrik\u0161\u010dioni\u0161k\u0105j\u0105 3000 met\u0173 senumo Lietuvos praeit\u012f, kuri\u0105 knygose ir periodikoje iki \u0161iol dauguma \"apeidavo\" tylomis.","og_url":"https:\/\/skaitytaknyga.lt\/en\/produktas\/ceslovas-gedgaudas-musu-praeities-beieskant\/","og_site_name":"Skaitytaknyga","article_publisher":"https:\/\/www.facebook.com\/skaitytaknyga\/","article_modified_time":"2026-03-18T12:59:56+00:00","og_image":[{"width":752,"height":1072,"url":"https:\/\/skaitytaknyga.lt\/wp-content\/uploads\/2024\/05\/musu-praeities-beieskant-2-1-e1680592539588.jpg","type":"image\/jpeg"}],"twitter_card":"summary_large_image","schema":{"@context":"https:\/\/schema.org","@graph":[{"@type":"WebPage","@id":"https:\/\/skaitytaknyga.lt\/produktas\/ceslovas-gedgaudas-musu-praeities-beieskant\/","url":"https:\/\/skaitytaknyga.lt\/produktas\/ceslovas-gedgaudas-musu-praeities-beieskant\/","name":"\u010ceslovas Gedgaudas \u201eM\u016bs\u0173 praeities beie\u0161kant\u201c","isPartOf":{"@id":"https:\/\/skaitytaknyga.lt\/#website"},"primaryImageOfPage":{"@id":"https:\/\/skaitytaknyga.lt\/produktas\/ceslovas-gedgaudas-musu-praeities-beieskant\/#primaryimage"},"image":{"@id":"https:\/\/skaitytaknyga.lt\/produktas\/ceslovas-gedgaudas-musu-praeities-beieskant\/#primaryimage"},"thumbnailUrl":"https:\/\/skaitytaknyga.lt\/wp-content\/uploads\/2024\/05\/musu-praeities-beieskant-2-1-e1680592539588.jpg","datePublished":"2024-05-04T19:19:54+00:00","dateModified":"2026-03-18T12:59:56+00:00","description":"M\u016bs\u0173 istorijos vadov\u0117liai pradeda rimt\u0105 Lietuvos istorijos apra\u0161ym\u0105 tik nuo vytautini\u0173 laik\u0173, Mindaug\u0105 laikydami \"\u017eiliausia senove\", kai Vakar\u0173 Europa tuo laiku jau tur\u0117jo 5-10 am\u017ei\u0173 did\u017eiulius archyvus. Autorius, naudodamasis Vakar\u0173, Rus\u0173, Bizantijos, Arab\u0173, Skandinav\u0173 ir kitais labai gausiais ir niekieno negin\u010dijamais \u0161altiniais, \u012ftaigiai ir pla\u010diajam skaitytoj\u0173 ratui suprantamai apra\u0161o prie\u0161vytautin\u0119 ikikrik\u0161\u010dioni\u0161k\u0105j\u0105 3000 met\u0173 senumo Lietuvos praeit\u012f, kuri\u0105 knygose ir periodikoje iki \u0161iol dauguma \"apeidavo\" tylomis.","breadcrumb":{"@id":"https:\/\/skaitytaknyga.lt\/produktas\/ceslovas-gedgaudas-musu-praeities-beieskant\/#breadcrumb"},"inLanguage":"en-GB","potentialAction":[{"@type":"ReadAction","target":["https:\/\/skaitytaknyga.lt\/produktas\/ceslovas-gedgaudas-musu-praeities-beieskant\/"]}]},{"@type":"ImageObject","inLanguage":"en-GB","@id":"https:\/\/skaitytaknyga.lt\/produktas\/ceslovas-gedgaudas-musu-praeities-beieskant\/#primaryimage","url":"https:\/\/skaitytaknyga.lt\/wp-content\/uploads\/2024\/05\/musu-praeities-beieskant-2-1-e1680592539588.jpg","contentUrl":"https:\/\/skaitytaknyga.lt\/wp-content\/uploads\/2024\/05\/musu-praeities-beieskant-2-1-e1680592539588.jpg","width":752,"height":1072},{"@type":"BreadcrumbList","@id":"https:\/\/skaitytaknyga.lt\/produktas\/ceslovas-gedgaudas-musu-praeities-beieskant\/#breadcrumb","itemListElement":[{"@type":"ListItem","position":1,"name":"Home","item":"https:\/\/skaitytaknyga.lt\/"},{"@type":"ListItem","position":2,"name":"Parduotuv\u0117","item":"https:\/\/skaitytaknyga.lt\/knygu-parduotuve\/"},{"@type":"ListItem","position":3,"name":"\u010ceslovas Gedgaudas \u201eM\u016bs\u0173 praeities beie\u0161kant\u201c"}]},{"@type":"WebSite","@id":"https:\/\/skaitytaknyga.lt\/#website","url":"https:\/\/skaitytaknyga.lt\/","name":"skaitytaknyga.lt","description":"Skaitytaknyga.lt \u2013 tai ma\u017eas \u0161eimos verslas, kuris prasid\u0117jo nuo meil\u0117s knygoms ir siekio i\u0161gelb\u0117ti knygas nuo likimo prie konteinerio. Kas vienam nereikalingas daiktas \u2013 kitam lobis, o mes esame tarpininkai, kurie padeda abiems tapti laimingesniems ???? \u017dinome kaip nelengva i\u0161gyventi ma\u017eiems verslams, tad nuo \u0161iol, \u010dia rasite ir kit\u0173, ma\u017e\u0173 \u0161eim\u0173 versl\u0173, rank\u0173 darbo, dovan\u0173 sau ir artimiesiems.","publisher":{"@id":"https:\/\/skaitytaknyga.lt\/#organization"},"potentialAction":[{"@type":"SearchAction","target":{"@type":"EntryPoint","urlTemplate":"https:\/\/skaitytaknyga.lt\/?s={search_term_string}"},"query-input":{"@type":"PropertyValueSpecification","valueRequired":true,"valueName":"search_term_string"}}],"inLanguage":"en-GB"},{"@type":"Organization","@id":"https:\/\/skaitytaknyga.lt\/#organization","name":"skaitytaknyga.lt","url":"https:\/\/skaitytaknyga.lt\/","logo":{"@type":"ImageObject","inLanguage":"en-GB","@id":"https:\/\/skaitytaknyga.lt\/#\/schema\/logo\/image\/","url":"https:\/\/skaitytaknyga.lt\/wp-content\/uploads\/2024\/05\/cropped-cropped-cropped-02_00843_jt3bggkj1j3HLc7SyY6rEUpg.jpeg","contentUrl":"https:\/\/skaitytaknyga.lt\/wp-content\/uploads\/2024\/05\/cropped-cropped-cropped-02_00843_jt3bggkj1j3HLc7SyY6rEUpg.jpeg","width":1600,"height":1600,"caption":"skaitytaknyga.lt"},"image":{"@id":"https:\/\/skaitytaknyga.lt\/#\/schema\/logo\/image\/"},"sameAs":["https:\/\/www.facebook.com\/skaitytaknyga\/"]}]}},"_links":{"self":[{"href":"https:\/\/skaitytaknyga.lt\/en\/wp-json\/wp\/v2\/product\/10914","targetHints":{"allow":["GET"]}}],"collection":[{"href":"https:\/\/skaitytaknyga.lt\/en\/wp-json\/wp\/v2\/product"}],"about":[{"href":"https:\/\/skaitytaknyga.lt\/en\/wp-json\/wp\/v2\/types\/product"}],"replies":[{"embeddable":true,"href":"https:\/\/skaitytaknyga.lt\/en\/wp-json\/wp\/v2\/comments?post=10914"}],"wp:featuredmedia":[{"embeddable":true,"href":"https:\/\/skaitytaknyga.lt\/en\/wp-json\/wp\/v2\/media\/10953"}],"wp:attachment":[{"href":"https:\/\/skaitytaknyga.lt\/en\/wp-json\/wp\/v2\/media?parent=10914"}],"wp:term":[{"taxonomy":"product_brand","embeddable":true,"href":"https:\/\/skaitytaknyga.lt\/en\/wp-json\/wp\/v2\/product_brand?post=10914"},{"taxonomy":"product_cat","embeddable":true,"href":"https:\/\/skaitytaknyga.lt\/en\/wp-json\/wp\/v2\/product_cat?post=10914"},{"taxonomy":"product_tag","embeddable":true,"href":"https:\/\/skaitytaknyga.lt\/en\/wp-json\/wp\/v2\/product_tag?post=10914"}],"curies":[{"name":"wp","href":"https:\/\/api.w.org\/{rel}","templated":true}]}}