{"id":10896,"date":"2024-05-04T19:18:58","date_gmt":"2024-05-04T19:18:58","guid":{"rendered":"https:\/\/skaitytaknyga.lt\/?post_type=product&#038;p=10896"},"modified":"2024-05-04T19:20:54","modified_gmt":"2024-05-04T19:20:54","slug":"sparnuociu-namai-nuplysusi-nugareles-virselio-apacia","status":"publish","type":"product","link":"https:\/\/skaitytaknyga.lt\/en\/produktas\/sparnuociu-namai-nuplysusi-nugareles-virselio-apacia\/","title":{"rendered":"Sparnuo\u010di\u0173 namai (nuply\u0161usi nugar\u0117l\u0117s vir\u0161elio apa\u010dia)"},"content":{"rendered":"<p>Autoriai, remdamiesi originalia faktine med\u017eiaga, apra\u0161o 172 pauk\u0161\u010di\u0173 r\u016b\u0161i\u0173 gyvenam\u0105j\u0105 aplink\u0105, j\u0173 lizdus, d\u0117tis ir jauniklius.<\/p>\n","protected":false},"excerpt":{"rendered":"<p>Autoriai, remdamiesi originalia faktine med\u017eiaga, apra\u0161o 172 pauk\u0161\u010di\u0173 r\u016b\u0161i\u0173 gyvenam\u0105j\u0105 aplink\u0105, j\u0173 lizdus, d\u0117tis ir jauniklius.<\/p>\n","protected":false},"featured_media":10931,"comment_status":"closed","ping_status":"closed","template":"","meta":{"_acf_changed":false,"site-sidebar-layout":"default","site-content-layout":"","ast-site-content-layout":"default","site-content-style":"default","site-sidebar-style":"default","ast-global-header-display":"","ast-banner-title-visibility":"","ast-main-header-display":"","ast-hfb-above-header-display":"","ast-hfb-below-header-display":"","ast-hfb-mobile-header-display":"","site-post-title":"","ast-breadcrumbs-content":"","ast-featured-img":"","footer-sml-layout":"","ast-disable-related-posts":"","theme-transparent-header-meta":"","adv-header-id-meta":"","stick-header-meta":"","header-above-stick-meta":"","header-main-stick-meta":"","header-below-stick-meta":"","astra-migrate-meta-layouts":"default","ast-page-background-enabled":"default","ast-page-background-meta":{"desktop":{"background-color":"","background-image":"","background-repeat":"repeat","background-position":"center center","background-size":"auto","background-attachment":"scroll","background-type":"","background-media":"","overlay-type":"","overlay-color":"","overlay-opacity":"","overlay-gradient":""},"tablet":{"background-color":"","background-image":"","background-repeat":"repeat","background-position":"center center","background-size":"auto","background-attachment":"scroll","background-type":"","background-media":"","overlay-type":"","overlay-color":"","overlay-opacity":"","overlay-gradient":""},"mobile":{"background-color":"","background-image":"","background-repeat":"repeat","background-position":"center center","background-size":"auto","background-attachment":"scroll","background-type":"","background-media":"","overlay-type":"","overlay-color":"","overlay-opacity":"","overlay-gradient":""}},"ast-content-background-meta":{"desktop":{"background-color":"var(--ast-global-color-4)","background-image":"","background-repeat":"repeat","background-position":"center center","background-size":"auto","background-attachment":"scroll","background-type":"","background-media":"","overlay-type":"","overlay-color":"","overlay-opacity":"","overlay-gradient":""},"tablet":{"background-color":"var(--ast-global-color-4)","background-image":"","background-repeat":"repeat","background-position":"center center","background-size":"auto","background-attachment":"scroll","background-type":"","background-media":"","overlay-type":"","overlay-color":"","overlay-opacity":"","overlay-gradient":""},"mobile":{"background-color":"var(--ast-global-color-4)","background-image":"","background-repeat":"repeat","background-position":"center center","background-size":"auto","background-attachment":"scroll","background-type":"","background-media":"","overlay-type":"","overlay-color":"","overlay-opacity":"","overlay-gradient":""}}},"product_brand":[],"product_cat":[269],"product_tag":[],"class_list":{"0":"post-10896","1":"product","2":"type-product","3":"status-publish","4":"has-post-thumbnail","6":"product_cat-gamtos-mokslai","7":"pa_leidimo-metai-636","8":"desktop-align-left","9":"tablet-align-left","10":"mobile-align-left","12":"first","13":"instock","14":"shipping-taxable","15":"purchasable","16":"product-type-simple"},"acf":[],"yoast_head":"<!-- This site is optimized with the Yoast SEO plugin v27.0 - https:\/\/yoast.com\/product\/yoast-seo-wordpress\/ -->\n<title>Sparnuo\u010di\u0173 namai (nuply\u0161usi nugar\u0117l\u0117s vir\u0161elio apa\u010dia) - Skaitytaknyga<\/title>\n<meta name=\"description\" content=\"Autoriai, remdamiesi originalia faktine med\u017eiaga, apra\u0161o 172 pauk\u0161\u010di\u0173 r\u016b\u0161i\u0173 gyvenam\u0105j\u0105 aplink\u0105, j\u0173 lizdus, d\u0117tis ir jauniklius.\" \/>\n<meta name=\"robots\" content=\"index, follow, max-snippet:-1, max-image-preview:large, max-video-preview:-1\" \/>\n<link rel=\"canonical\" href=\"https:\/\/skaitytaknyga.lt\/en\/produktas\/sparnuociu-namai-nuplysusi-nugareles-virselio-apacia\/\" \/>\n<meta property=\"og:locale\" content=\"en_GB\" \/>\n<meta property=\"og:locale:alternate\" content=\"lt_LT\" \/>\n<meta property=\"og:type\" content=\"article\" \/>\n<meta property=\"og:title\" content=\"Sparnuo\u010di\u0173 namai (nuply\u0161usi nugar\u0117l\u0117s vir\u0161elio apa\u010dia) - Skaitytaknyga\" \/>\n<meta property=\"og:description\" content=\"Autoriai, remdamiesi originalia faktine med\u017eiaga, apra\u0161o 172 pauk\u0161\u010di\u0173 r\u016b\u0161i\u0173 gyvenam\u0105j\u0105 aplink\u0105, j\u0173 lizdus, d\u0117tis ir jauniklius.\" \/>\n<meta property=\"og:url\" content=\"https:\/\/skaitytaknyga.lt\/en\/produktas\/sparnuociu-namai-nuplysusi-nugareles-virselio-apacia\/\" \/>\n<meta property=\"og:site_name\" content=\"Skaitytaknyga\" \/>\n<meta property=\"article:publisher\" content=\"https:\/\/www.facebook.com\/skaitytaknyga\/\" \/>\n<meta property=\"article:modified_time\" content=\"2024-05-04T19:20:54+00:00\" \/>\n<meta property=\"og:image\" content=\"https:\/\/skaitytaknyga.lt\/wp-content\/uploads\/2024\/05\/sparnuociu-namai-1-scaled-e1680591149824.jpg\" \/>\n\t<meta property=\"og:image:width\" content=\"1817\" \/>\n\t<meta property=\"og:image:height\" content=\"2355\" \/>\n\t<meta property=\"og:image:type\" content=\"image\/jpeg\" \/>\n<meta name=\"twitter:card\" content=\"summary_large_image\" \/>\n<script type=\"application\/ld+json\" class=\"yoast-schema-graph\">{\"@context\":\"https:\/\/schema.org\",\"@graph\":[{\"@type\":\"WebPage\",\"@id\":\"https:\/\/skaitytaknyga.lt\/produktas\/sparnuociu-namai-nuplysusi-nugareles-virselio-apacia\/\",\"url\":\"https:\/\/skaitytaknyga.lt\/produktas\/sparnuociu-namai-nuplysusi-nugareles-virselio-apacia\/\",\"name\":\"Sparnuo\u010di\u0173 namai (nuply\u0161usi nugar\u0117l\u0117s vir\u0161elio apa\u010dia) - Skaitytaknyga\",\"isPartOf\":{\"@id\":\"https:\/\/skaitytaknyga.lt\/#website\"},\"primaryImageOfPage\":{\"@id\":\"https:\/\/skaitytaknyga.lt\/produktas\/sparnuociu-namai-nuplysusi-nugareles-virselio-apacia\/#primaryimage\"},\"image\":{\"@id\":\"https:\/\/skaitytaknyga.lt\/produktas\/sparnuociu-namai-nuplysusi-nugareles-virselio-apacia\/#primaryimage\"},\"thumbnailUrl\":\"https:\/\/skaitytaknyga.lt\/wp-content\/uploads\/2024\/05\/sparnuociu-namai-1-scaled-e1680591149824.jpg\",\"datePublished\":\"2024-05-04T19:18:58+00:00\",\"dateModified\":\"2024-05-04T19:20:54+00:00\",\"description\":\"Autoriai, remdamiesi originalia faktine med\u017eiaga, apra\u0161o 172 pauk\u0161\u010di\u0173 r\u016b\u0161i\u0173 gyvenam\u0105j\u0105 aplink\u0105, j\u0173 lizdus, d\u0117tis ir jauniklius.\",\"breadcrumb\":{\"@id\":\"https:\/\/skaitytaknyga.lt\/produktas\/sparnuociu-namai-nuplysusi-nugareles-virselio-apacia\/#breadcrumb\"},\"inLanguage\":\"en-GB\",\"potentialAction\":[{\"@type\":\"ReadAction\",\"target\":[\"https:\/\/skaitytaknyga.lt\/produktas\/sparnuociu-namai-nuplysusi-nugareles-virselio-apacia\/\"]}]},{\"@type\":\"ImageObject\",\"inLanguage\":\"en-GB\",\"@id\":\"https:\/\/skaitytaknyga.lt\/produktas\/sparnuociu-namai-nuplysusi-nugareles-virselio-apacia\/#primaryimage\",\"url\":\"https:\/\/skaitytaknyga.lt\/wp-content\/uploads\/2024\/05\/sparnuociu-namai-1-scaled-e1680591149824.jpg\",\"contentUrl\":\"https:\/\/skaitytaknyga.lt\/wp-content\/uploads\/2024\/05\/sparnuociu-namai-1-scaled-e1680591149824.jpg\",\"width\":1817,\"height\":2355},{\"@type\":\"BreadcrumbList\",\"@id\":\"https:\/\/skaitytaknyga.lt\/produktas\/sparnuociu-namai-nuplysusi-nugareles-virselio-apacia\/#breadcrumb\",\"itemListElement\":[{\"@type\":\"ListItem\",\"position\":1,\"name\":\"Home\",\"item\":\"https:\/\/skaitytaknyga.lt\/\"},{\"@type\":\"ListItem\",\"position\":2,\"name\":\"Parduotuv\u0117\",\"item\":\"https:\/\/skaitytaknyga.lt\/knygu-parduotuve\/\"},{\"@type\":\"ListItem\",\"position\":3,\"name\":\"Sparnuo\u010di\u0173 namai (nuply\u0161usi nugar\u0117l\u0117s vir\u0161elio apa\u010dia)\"}]},{\"@type\":\"WebSite\",\"@id\":\"https:\/\/skaitytaknyga.lt\/#website\",\"url\":\"https:\/\/skaitytaknyga.lt\/\",\"name\":\"skaitytaknyga.lt\",\"description\":\"Skaitytaknyga.lt \u2013 tai ma\u017eas \u0161eimos verslas, kuris prasid\u0117jo nuo meil\u0117s knygoms ir siekio i\u0161gelb\u0117ti knygas nuo likimo prie konteinerio. Kas vienam nereikalingas daiktas \u2013 kitam lobis, o mes esame tarpininkai, kurie padeda abiems tapti laimingesniems ???? \u017dinome kaip nelengva i\u0161gyventi ma\u017eiems verslams, tad nuo \u0161iol, \u010dia rasite ir kit\u0173, ma\u017e\u0173 \u0161eim\u0173 versl\u0173, rank\u0173 darbo, dovan\u0173 sau ir artimiesiems.\",\"publisher\":{\"@id\":\"https:\/\/skaitytaknyga.lt\/#organization\"},\"potentialAction\":[{\"@type\":\"SearchAction\",\"target\":{\"@type\":\"EntryPoint\",\"urlTemplate\":\"https:\/\/skaitytaknyga.lt\/?s={search_term_string}\"},\"query-input\":{\"@type\":\"PropertyValueSpecification\",\"valueRequired\":true,\"valueName\":\"search_term_string\"}}],\"inLanguage\":\"en-GB\"},{\"@type\":\"Organization\",\"@id\":\"https:\/\/skaitytaknyga.lt\/#organization\",\"name\":\"skaitytaknyga.lt\",\"url\":\"https:\/\/skaitytaknyga.lt\/\",\"logo\":{\"@type\":\"ImageObject\",\"inLanguage\":\"en-GB\",\"@id\":\"https:\/\/skaitytaknyga.lt\/#\/schema\/logo\/image\/\",\"url\":\"https:\/\/skaitytaknyga.lt\/wp-content\/uploads\/2024\/05\/cropped-cropped-cropped-02_00843_jt3bggkj1j3HLc7SyY6rEUpg.jpeg\",\"contentUrl\":\"https:\/\/skaitytaknyga.lt\/wp-content\/uploads\/2024\/05\/cropped-cropped-cropped-02_00843_jt3bggkj1j3HLc7SyY6rEUpg.jpeg\",\"width\":1600,\"height\":1600,\"caption\":\"skaitytaknyga.lt\"},\"image\":{\"@id\":\"https:\/\/skaitytaknyga.lt\/#\/schema\/logo\/image\/\"},\"sameAs\":[\"https:\/\/www.facebook.com\/skaitytaknyga\/\"]}]}<\/script>\n<!-- \/ Yoast SEO plugin. -->","yoast_head_json":{"title":"Sparnuo\u010di\u0173 namai (nuply\u0161usi nugar\u0117l\u0117s vir\u0161elio apa\u010dia) - Skaitytaknyga","description":"Autoriai, remdamiesi originalia faktine med\u017eiaga, apra\u0161o 172 pauk\u0161\u010di\u0173 r\u016b\u0161i\u0173 gyvenam\u0105j\u0105 aplink\u0105, j\u0173 lizdus, d\u0117tis ir jauniklius.","robots":{"index":"index","follow":"follow","max-snippet":"max-snippet:-1","max-image-preview":"max-image-preview:large","max-video-preview":"max-video-preview:-1"},"canonical":"https:\/\/skaitytaknyga.lt\/en\/produktas\/sparnuociu-namai-nuplysusi-nugareles-virselio-apacia\/","og_locale":"en_GB","og_type":"article","og_title":"Sparnuo\u010di\u0173 namai (nuply\u0161usi nugar\u0117l\u0117s vir\u0161elio apa\u010dia) - Skaitytaknyga","og_description":"Autoriai, remdamiesi originalia faktine med\u017eiaga, apra\u0161o 172 pauk\u0161\u010di\u0173 r\u016b\u0161i\u0173 gyvenam\u0105j\u0105 aplink\u0105, j\u0173 lizdus, d\u0117tis ir jauniklius.","og_url":"https:\/\/skaitytaknyga.lt\/en\/produktas\/sparnuociu-namai-nuplysusi-nugareles-virselio-apacia\/","og_site_name":"Skaitytaknyga","article_publisher":"https:\/\/www.facebook.com\/skaitytaknyga\/","article_modified_time":"2024-05-04T19:20:54+00:00","og_image":[{"width":1817,"height":2355,"url":"https:\/\/skaitytaknyga.lt\/wp-content\/uploads\/2024\/05\/sparnuociu-namai-1-scaled-e1680591149824.jpg","type":"image\/jpeg"}],"twitter_card":"summary_large_image","schema":{"@context":"https:\/\/schema.org","@graph":[{"@type":"WebPage","@id":"https:\/\/skaitytaknyga.lt\/produktas\/sparnuociu-namai-nuplysusi-nugareles-virselio-apacia\/","url":"https:\/\/skaitytaknyga.lt\/produktas\/sparnuociu-namai-nuplysusi-nugareles-virselio-apacia\/","name":"Sparnuo\u010di\u0173 namai (nuply\u0161usi nugar\u0117l\u0117s vir\u0161elio apa\u010dia) - Skaitytaknyga","isPartOf":{"@id":"https:\/\/skaitytaknyga.lt\/#website"},"primaryImageOfPage":{"@id":"https:\/\/skaitytaknyga.lt\/produktas\/sparnuociu-namai-nuplysusi-nugareles-virselio-apacia\/#primaryimage"},"image":{"@id":"https:\/\/skaitytaknyga.lt\/produktas\/sparnuociu-namai-nuplysusi-nugareles-virselio-apacia\/#primaryimage"},"thumbnailUrl":"https:\/\/skaitytaknyga.lt\/wp-content\/uploads\/2024\/05\/sparnuociu-namai-1-scaled-e1680591149824.jpg","datePublished":"2024-05-04T19:18:58+00:00","dateModified":"2024-05-04T19:20:54+00:00","description":"Autoriai, remdamiesi originalia faktine med\u017eiaga, apra\u0161o 172 pauk\u0161\u010di\u0173 r\u016b\u0161i\u0173 gyvenam\u0105j\u0105 aplink\u0105, j\u0173 lizdus, d\u0117tis ir jauniklius.","breadcrumb":{"@id":"https:\/\/skaitytaknyga.lt\/produktas\/sparnuociu-namai-nuplysusi-nugareles-virselio-apacia\/#breadcrumb"},"inLanguage":"en-GB","potentialAction":[{"@type":"ReadAction","target":["https:\/\/skaitytaknyga.lt\/produktas\/sparnuociu-namai-nuplysusi-nugareles-virselio-apacia\/"]}]},{"@type":"ImageObject","inLanguage":"en-GB","@id":"https:\/\/skaitytaknyga.lt\/produktas\/sparnuociu-namai-nuplysusi-nugareles-virselio-apacia\/#primaryimage","url":"https:\/\/skaitytaknyga.lt\/wp-content\/uploads\/2024\/05\/sparnuociu-namai-1-scaled-e1680591149824.jpg","contentUrl":"https:\/\/skaitytaknyga.lt\/wp-content\/uploads\/2024\/05\/sparnuociu-namai-1-scaled-e1680591149824.jpg","width":1817,"height":2355},{"@type":"BreadcrumbList","@id":"https:\/\/skaitytaknyga.lt\/produktas\/sparnuociu-namai-nuplysusi-nugareles-virselio-apacia\/#breadcrumb","itemListElement":[{"@type":"ListItem","position":1,"name":"Home","item":"https:\/\/skaitytaknyga.lt\/"},{"@type":"ListItem","position":2,"name":"Parduotuv\u0117","item":"https:\/\/skaitytaknyga.lt\/knygu-parduotuve\/"},{"@type":"ListItem","position":3,"name":"Sparnuo\u010di\u0173 namai (nuply\u0161usi nugar\u0117l\u0117s vir\u0161elio apa\u010dia)"}]},{"@type":"WebSite","@id":"https:\/\/skaitytaknyga.lt\/#website","url":"https:\/\/skaitytaknyga.lt\/","name":"skaitytaknyga.lt","description":"Skaitytaknyga.lt \u2013 tai ma\u017eas \u0161eimos verslas, kuris prasid\u0117jo nuo meil\u0117s knygoms ir siekio i\u0161gelb\u0117ti knygas nuo likimo prie konteinerio. Kas vienam nereikalingas daiktas \u2013 kitam lobis, o mes esame tarpininkai, kurie padeda abiems tapti laimingesniems ???? \u017dinome kaip nelengva i\u0161gyventi ma\u017eiems verslams, tad nuo \u0161iol, \u010dia rasite ir kit\u0173, ma\u017e\u0173 \u0161eim\u0173 versl\u0173, rank\u0173 darbo, dovan\u0173 sau ir artimiesiems.","publisher":{"@id":"https:\/\/skaitytaknyga.lt\/#organization"},"potentialAction":[{"@type":"SearchAction","target":{"@type":"EntryPoint","urlTemplate":"https:\/\/skaitytaknyga.lt\/?s={search_term_string}"},"query-input":{"@type":"PropertyValueSpecification","valueRequired":true,"valueName":"search_term_string"}}],"inLanguage":"en-GB"},{"@type":"Organization","@id":"https:\/\/skaitytaknyga.lt\/#organization","name":"skaitytaknyga.lt","url":"https:\/\/skaitytaknyga.lt\/","logo":{"@type":"ImageObject","inLanguage":"en-GB","@id":"https:\/\/skaitytaknyga.lt\/#\/schema\/logo\/image\/","url":"https:\/\/skaitytaknyga.lt\/wp-content\/uploads\/2024\/05\/cropped-cropped-cropped-02_00843_jt3bggkj1j3HLc7SyY6rEUpg.jpeg","contentUrl":"https:\/\/skaitytaknyga.lt\/wp-content\/uploads\/2024\/05\/cropped-cropped-cropped-02_00843_jt3bggkj1j3HLc7SyY6rEUpg.jpeg","width":1600,"height":1600,"caption":"skaitytaknyga.lt"},"image":{"@id":"https:\/\/skaitytaknyga.lt\/#\/schema\/logo\/image\/"},"sameAs":["https:\/\/www.facebook.com\/skaitytaknyga\/"]}]}},"_links":{"self":[{"href":"https:\/\/skaitytaknyga.lt\/en\/wp-json\/wp\/v2\/product\/10896","targetHints":{"allow":["GET"]}}],"collection":[{"href":"https:\/\/skaitytaknyga.lt\/en\/wp-json\/wp\/v2\/product"}],"about":[{"href":"https:\/\/skaitytaknyga.lt\/en\/wp-json\/wp\/v2\/types\/product"}],"replies":[{"embeddable":true,"href":"https:\/\/skaitytaknyga.lt\/en\/wp-json\/wp\/v2\/comments?post=10896"}],"wp:featuredmedia":[{"embeddable":true,"href":"https:\/\/skaitytaknyga.lt\/en\/wp-json\/wp\/v2\/media\/10931"}],"wp:attachment":[{"href":"https:\/\/skaitytaknyga.lt\/en\/wp-json\/wp\/v2\/media?parent=10896"}],"wp:term":[{"taxonomy":"product_brand","embeddable":true,"href":"https:\/\/skaitytaknyga.lt\/en\/wp-json\/wp\/v2\/product_brand?post=10896"},{"taxonomy":"product_cat","embeddable":true,"href":"https:\/\/skaitytaknyga.lt\/en\/wp-json\/wp\/v2\/product_cat?post=10896"},{"taxonomy":"product_tag","embeddable":true,"href":"https:\/\/skaitytaknyga.lt\/en\/wp-json\/wp\/v2\/product_tag?post=10896"}],"curies":[{"name":"wp","href":"https:\/\/api.w.org\/{rel}","templated":true}]}}