{"id":10894,"date":"2024-05-04T19:18:58","date_gmt":"2024-05-04T19:18:58","guid":{"rendered":"https:\/\/skaitytaknyga.lt\/?post_type=product&#038;p=10894"},"modified":"2024-05-04T19:20:29","modified_gmt":"2024-05-04T19:20:29","slug":"bronius-genzelis-orientas-1-dalis","status":"publish","type":"product","link":"https:\/\/skaitytaknyga.lt\/en\/produktas\/bronius-genzelis-orientas-1-dalis\/","title":{"rendered":"Bronius Genzelis \u201eOrientas\u201c 1 dalis"},"content":{"rendered":"<p>Pirmoji &#8220;Oriento&#8221; knyga-pa\u017eintis su senov\u0117s pers\u0173 kult\u016bra, pers\u0173 &#8211; azerbaid\u017eanie\u010di\u0173 poezija, sen\u0105ja arm\u0117n\u0173 literat\u016bra, zoroastrizmo refleksijomis Europoje. Skaitytojas gal\u0117s semtis i\u0161minties i\u0161 senov\u0117s pers\u0173 \u0161ventosios knygos &#8220;Avestos&#8221;, persi\u0161kai ra\u0161iusio azerbaid\u017eanie\u010dio Chagani \u0160irvani, turkm\u0117no Kemin\u0117 poezijos, arm\u0117no Jehi\u0161\u0117, ir Grigoro Narekie\u010dio k\u016brini\u0173. Leidinyje spausdinama Nyt\u010d\u0117s &#8220;Taip kalb\u0117jo Zaratustra&#8221; i\u0161trauka, H. Hes\u0117s filosofin\u0117 apysaka &#8220;Kelion\u0117 \u012f ryt\u0173 \u0161ali&#8221;, A. Mickevi\u010diaus orientalistini\u0173 motyv\u0173 poezija, nu\u0161vie\u010diami Oriento tyrin\u0117jimai Lietuvoje.<\/p>\n","protected":false},"excerpt":{"rendered":"<p>Pirmoji &#8220;Oriento&#8221; knyga-pa\u017eintis su senov\u0117s pers\u0173 kult\u016bra, pers\u0173 &#8211; azerbaid\u017eanie\u010di\u0173 poezija, sen\u0105ja arm\u0117n\u0173 literat\u016bra, zoroastrizmo refleksijomis Europoje. Skaitytojas gal\u0117s semtis i\u0161minties i\u0161 senov\u0117s pers\u0173 \u0161ventosios knygos &#8220;Avestos&#8221;, persi\u0161kai ra\u0161iusio azerbaid\u017eanie\u010dio Chagani \u0160irvani, turkm\u0117no Kemin\u0117 poezijos, arm\u0117no Jehi\u0161\u0117, ir Grigoro Narekie\u010dio k\u016brini\u0173. Leidinyje spausdinama Nyt\u010d\u0117s &#8220;Taip kalb\u0117jo Zaratustra&#8221; i\u0161trauka, H. Hes\u0117s filosofin\u0117 apysaka &#8220;Kelion\u0117 \u012f ryt\u0173 \u0161ali&#8221;, A. Mickevi\u010diaus orientalistini\u0173 motyv\u0173 poezija, nu\u0161vie\u010diami Oriento tyrin\u0117jimai Lietuvoje.<\/p>\n","protected":false},"featured_media":10929,"comment_status":"closed","ping_status":"closed","template":"","meta":{"_acf_changed":false,"site-sidebar-layout":"default","site-content-layout":"","ast-site-content-layout":"default","site-content-style":"default","site-sidebar-style":"default","ast-global-header-display":"","ast-banner-title-visibility":"","ast-main-header-display":"","ast-hfb-above-header-display":"","ast-hfb-below-header-display":"","ast-hfb-mobile-header-display":"","site-post-title":"","ast-breadcrumbs-content":"","ast-featured-img":"","footer-sml-layout":"","ast-disable-related-posts":"","theme-transparent-header-meta":"","adv-header-id-meta":"","stick-header-meta":"","header-above-stick-meta":"","header-main-stick-meta":"","header-below-stick-meta":"","astra-migrate-meta-layouts":"default","ast-page-background-enabled":"default","ast-page-background-meta":{"desktop":{"background-color":"","background-image":"","background-repeat":"repeat","background-position":"center center","background-size":"auto","background-attachment":"scroll","background-type":"","background-media":"","overlay-type":"","overlay-color":"","overlay-opacity":"","overlay-gradient":""},"tablet":{"background-color":"","background-image":"","background-repeat":"repeat","background-position":"center center","background-size":"auto","background-attachment":"scroll","background-type":"","background-media":"","overlay-type":"","overlay-color":"","overlay-opacity":"","overlay-gradient":""},"mobile":{"background-color":"","background-image":"","background-repeat":"repeat","background-position":"center center","background-size":"auto","background-attachment":"scroll","background-type":"","background-media":"","overlay-type":"","overlay-color":"","overlay-opacity":"","overlay-gradient":""}},"ast-content-background-meta":{"desktop":{"background-color":"var(--ast-global-color-4)","background-image":"","background-repeat":"repeat","background-position":"center center","background-size":"auto","background-attachment":"scroll","background-type":"","background-media":"","overlay-type":"","overlay-color":"","overlay-opacity":"","overlay-gradient":""},"tablet":{"background-color":"var(--ast-global-color-4)","background-image":"","background-repeat":"repeat","background-position":"center center","background-size":"auto","background-attachment":"scroll","background-type":"","background-media":"","overlay-type":"","overlay-color":"","overlay-opacity":"","overlay-gradient":""},"mobile":{"background-color":"var(--ast-global-color-4)","background-image":"","background-repeat":"repeat","background-position":"center center","background-size":"auto","background-attachment":"scroll","background-type":"","background-media":"","overlay-type":"","overlay-color":"","overlay-opacity":"","overlay-gradient":""}}},"product_brand":[],"product_cat":[165],"product_tag":[],"class_list":{"0":"post-10894","1":"product","2":"type-product","3":"status-publish","4":"has-post-thumbnail","6":"product_cat-religija-filosofija-ir-ezoterika","7":"desktop-align-left","8":"tablet-align-left","9":"mobile-align-left","11":"first","12":"instock","13":"shipping-taxable","14":"purchasable","15":"product-type-simple"},"acf":[],"yoast_head":"<!-- This site is optimized with the Yoast SEO plugin v27.4 - https:\/\/yoast.com\/product\/yoast-seo-wordpress\/ -->\n<title>Bronius Genzelis \u201eOrientas\u201c 1 dalis - Skaitytaknyga<\/title>\n<meta name=\"description\" content=\"Pirmoji &quot;Oriento&quot; knyga-pa\u017eintis su senov\u0117s pers\u0173 kult\u016bra, pers\u0173 - azerbaid\u017eanie\u010di\u0173 poezija, sen\u0105ja arm\u0117n\u0173 literat\u016bra, zoroastrizmo refleksijomis Europoje. Skaitytojas gal\u0117s semtis i\u0161minties i\u0161 senov\u0117s pers\u0173 \u0161ventosios knygos &quot;Avestos&quot;, persi\u0161kai ra\u0161iusio azerbaid\u017eanie\u010dio Chagani \u0160irvani, turkm\u0117no Kemin\u0117 poezijos, arm\u0117no Jehi\u0161\u0117, ir Grigoro Narekie\u010dio k\u016brini\u0173. Leidinyje spausdinama Nyt\u010d\u0117s &quot;Taip kalb\u0117jo Zaratustra&quot; i\u0161trauka, H. Hes\u0117s filosofin\u0117 apysaka &quot;Kelion\u0117 \u012f ryt\u0173 \u0161ali&quot;, A. Mickevi\u010diaus orientalistini\u0173 motyv\u0173 poezija, nu\u0161vie\u010diami Oriento tyrin\u0117jimai Lietuvoje.\" \/>\n<meta name=\"robots\" content=\"index, follow, max-snippet:-1, max-image-preview:large, max-video-preview:-1\" \/>\n<link rel=\"canonical\" href=\"https:\/\/skaitytaknyga.lt\/en\/produktas\/bronius-genzelis-orientas-1-dalis\/\" \/>\n<meta property=\"og:locale\" content=\"en_GB\" \/>\n<meta property=\"og:locale:alternate\" content=\"lt_LT\" \/>\n<meta property=\"og:type\" content=\"article\" \/>\n<meta property=\"og:title\" content=\"Bronius Genzelis \u201eOrientas\u201c 1 dalis - Skaitytaknyga\" \/>\n<meta property=\"og:description\" content=\"Pirmoji &quot;Oriento&quot; knyga-pa\u017eintis su senov\u0117s pers\u0173 kult\u016bra, pers\u0173 - azerbaid\u017eanie\u010di\u0173 poezija, sen\u0105ja arm\u0117n\u0173 literat\u016bra, zoroastrizmo refleksijomis Europoje. Skaitytojas gal\u0117s semtis i\u0161minties i\u0161 senov\u0117s pers\u0173 \u0161ventosios knygos &quot;Avestos&quot;, persi\u0161kai ra\u0161iusio azerbaid\u017eanie\u010dio Chagani \u0160irvani, turkm\u0117no Kemin\u0117 poezijos, arm\u0117no Jehi\u0161\u0117, ir Grigoro Narekie\u010dio k\u016brini\u0173. Leidinyje spausdinama Nyt\u010d\u0117s &quot;Taip kalb\u0117jo Zaratustra&quot; i\u0161trauka, H. Hes\u0117s filosofin\u0117 apysaka &quot;Kelion\u0117 \u012f ryt\u0173 \u0161ali&quot;, A. Mickevi\u010diaus orientalistini\u0173 motyv\u0173 poezija, nu\u0161vie\u010diami Oriento tyrin\u0117jimai Lietuvoje.\" \/>\n<meta property=\"og:url\" content=\"https:\/\/skaitytaknyga.lt\/en\/produktas\/bronius-genzelis-orientas-1-dalis\/\" \/>\n<meta property=\"og:site_name\" content=\"Skaitytaknyga\" \/>\n<meta property=\"article:publisher\" content=\"https:\/\/www.facebook.com\/skaitytaknyga\/\" \/>\n<meta property=\"article:modified_time\" content=\"2024-05-04T19:20:29+00:00\" \/>\n<meta property=\"og:image\" content=\"https:\/\/skaitytaknyga.lt\/wp-content\/uploads\/2024\/05\/174238-scanimage026.jpg\" \/>\n\t<meta property=\"og:image:width\" content=\"960\" \/>\n\t<meta property=\"og:image:height\" content=\"1600\" \/>\n\t<meta property=\"og:image:type\" content=\"image\/jpeg\" \/>\n<meta name=\"twitter:card\" content=\"summary_large_image\" \/>\n<script type=\"application\/ld+json\" class=\"yoast-schema-graph\">{\"@context\":\"https:\\\/\\\/schema.org\",\"@graph\":[{\"@type\":\"WebPage\",\"@id\":\"https:\\\/\\\/skaitytaknyga.lt\\\/produktas\\\/bronius-genzelis-orientas-1-dalis\\\/\",\"url\":\"https:\\\/\\\/skaitytaknyga.lt\\\/produktas\\\/bronius-genzelis-orientas-1-dalis\\\/\",\"name\":\"Bronius Genzelis \u201eOrientas\u201c 1 dalis - Skaitytaknyga\",\"isPartOf\":{\"@id\":\"https:\\\/\\\/skaitytaknyga.lt\\\/#website\"},\"primaryImageOfPage\":{\"@id\":\"https:\\\/\\\/skaitytaknyga.lt\\\/produktas\\\/bronius-genzelis-orientas-1-dalis\\\/#primaryimage\"},\"image\":{\"@id\":\"https:\\\/\\\/skaitytaknyga.lt\\\/produktas\\\/bronius-genzelis-orientas-1-dalis\\\/#primaryimage\"},\"thumbnailUrl\":\"https:\\\/\\\/skaitytaknyga.lt\\\/wp-content\\\/uploads\\\/2024\\\/05\\\/174238-scanimage026.jpg\",\"datePublished\":\"2024-05-04T19:18:58+00:00\",\"dateModified\":\"2024-05-04T19:20:29+00:00\",\"description\":\"Pirmoji \\\"Oriento\\\" knyga-pa\u017eintis su senov\u0117s pers\u0173 kult\u016bra, pers\u0173 - azerbaid\u017eanie\u010di\u0173 poezija, sen\u0105ja arm\u0117n\u0173 literat\u016bra, zoroastrizmo refleksijomis Europoje. Skaitytojas gal\u0117s semtis i\u0161minties i\u0161 senov\u0117s pers\u0173 \u0161ventosios knygos \\\"Avestos\\\", persi\u0161kai ra\u0161iusio azerbaid\u017eanie\u010dio Chagani \u0160irvani, turkm\u0117no Kemin\u0117 poezijos, arm\u0117no Jehi\u0161\u0117, ir Grigoro Narekie\u010dio k\u016brini\u0173. Leidinyje spausdinama Nyt\u010d\u0117s \\\"Taip kalb\u0117jo Zaratustra\\\" i\u0161trauka, H. Hes\u0117s filosofin\u0117 apysaka \\\"Kelion\u0117 \u012f ryt\u0173 \u0161ali\\\", A. Mickevi\u010diaus orientalistini\u0173 motyv\u0173 poezija, nu\u0161vie\u010diami Oriento tyrin\u0117jimai Lietuvoje.\",\"breadcrumb\":{\"@id\":\"https:\\\/\\\/skaitytaknyga.lt\\\/produktas\\\/bronius-genzelis-orientas-1-dalis\\\/#breadcrumb\"},\"inLanguage\":\"en-GB\",\"potentialAction\":[{\"@type\":\"ReadAction\",\"target\":[\"https:\\\/\\\/skaitytaknyga.lt\\\/produktas\\\/bronius-genzelis-orientas-1-dalis\\\/\"]}]},{\"@type\":\"ImageObject\",\"inLanguage\":\"en-GB\",\"@id\":\"https:\\\/\\\/skaitytaknyga.lt\\\/produktas\\\/bronius-genzelis-orientas-1-dalis\\\/#primaryimage\",\"url\":\"https:\\\/\\\/skaitytaknyga.lt\\\/wp-content\\\/uploads\\\/2024\\\/05\\\/174238-scanimage026.jpg\",\"contentUrl\":\"https:\\\/\\\/skaitytaknyga.lt\\\/wp-content\\\/uploads\\\/2024\\\/05\\\/174238-scanimage026.jpg\",\"width\":960,\"height\":1600},{\"@type\":\"BreadcrumbList\",\"@id\":\"https:\\\/\\\/skaitytaknyga.lt\\\/produktas\\\/bronius-genzelis-orientas-1-dalis\\\/#breadcrumb\",\"itemListElement\":[{\"@type\":\"ListItem\",\"position\":1,\"name\":\"Home\",\"item\":\"https:\\\/\\\/skaitytaknyga.lt\\\/\"},{\"@type\":\"ListItem\",\"position\":2,\"name\":\"Parduotuv\u0117\",\"item\":\"https:\\\/\\\/skaitytaknyga.lt\\\/knygu-parduotuve\\\/\"},{\"@type\":\"ListItem\",\"position\":3,\"name\":\"Bronius Genzelis \u201eOrientas\u201c 1 dalis\"}]},{\"@type\":\"WebSite\",\"@id\":\"https:\\\/\\\/skaitytaknyga.lt\\\/#website\",\"url\":\"https:\\\/\\\/skaitytaknyga.lt\\\/\",\"name\":\"skaitytaknyga.lt\",\"description\":\"Skaitytaknyga.lt \u2013 tai ma\u017eas \u0161eimos verslas, kuris prasid\u0117jo nuo meil\u0117s knygoms ir siekio i\u0161gelb\u0117ti knygas nuo likimo prie konteinerio. Kas vienam nereikalingas daiktas \u2013 kitam lobis, o mes esame tarpininkai, kurie padeda abiems tapti laimingesniems ???? \u017dinome kaip nelengva i\u0161gyventi ma\u017eiems verslams, tad nuo \u0161iol, \u010dia rasite ir kit\u0173, ma\u017e\u0173 \u0161eim\u0173 versl\u0173, rank\u0173 darbo, dovan\u0173 sau ir artimiesiems.\",\"publisher\":{\"@id\":\"https:\\\/\\\/skaitytaknyga.lt\\\/#organization\"},\"potentialAction\":[{\"@type\":\"SearchAction\",\"target\":{\"@type\":\"EntryPoint\",\"urlTemplate\":\"https:\\\/\\\/skaitytaknyga.lt\\\/?s={search_term_string}\"},\"query-input\":{\"@type\":\"PropertyValueSpecification\",\"valueRequired\":true,\"valueName\":\"search_term_string\"}}],\"inLanguage\":\"en-GB\"},{\"@type\":\"Organization\",\"@id\":\"https:\\\/\\\/skaitytaknyga.lt\\\/#organization\",\"name\":\"skaitytaknyga.lt\",\"url\":\"https:\\\/\\\/skaitytaknyga.lt\\\/\",\"logo\":{\"@type\":\"ImageObject\",\"inLanguage\":\"en-GB\",\"@id\":\"https:\\\/\\\/skaitytaknyga.lt\\\/#\\\/schema\\\/logo\\\/image\\\/\",\"url\":\"https:\\\/\\\/skaitytaknyga.lt\\\/wp-content\\\/uploads\\\/2024\\\/05\\\/cropped-cropped-cropped-02_00843_jt3bggkj1j3HLc7SyY6rEUpg.jpeg\",\"contentUrl\":\"https:\\\/\\\/skaitytaknyga.lt\\\/wp-content\\\/uploads\\\/2024\\\/05\\\/cropped-cropped-cropped-02_00843_jt3bggkj1j3HLc7SyY6rEUpg.jpeg\",\"width\":1600,\"height\":1600,\"caption\":\"skaitytaknyga.lt\"},\"image\":{\"@id\":\"https:\\\/\\\/skaitytaknyga.lt\\\/#\\\/schema\\\/logo\\\/image\\\/\"},\"sameAs\":[\"https:\\\/\\\/www.facebook.com\\\/skaitytaknyga\\\/\"]}]}<\/script>\n<!-- \/ Yoast SEO plugin. -->","yoast_head_json":{"title":"Bronius Genzelis \u201eOrientas\u201c 1 dalis - Skaitytaknyga","description":"Pirmoji \"Oriento\" knyga-pa\u017eintis su senov\u0117s pers\u0173 kult\u016bra, pers\u0173 - azerbaid\u017eanie\u010di\u0173 poezija, sen\u0105ja arm\u0117n\u0173 literat\u016bra, zoroastrizmo refleksijomis Europoje. Skaitytojas gal\u0117s semtis i\u0161minties i\u0161 senov\u0117s pers\u0173 \u0161ventosios knygos \"Avestos\", persi\u0161kai ra\u0161iusio azerbaid\u017eanie\u010dio Chagani \u0160irvani, turkm\u0117no Kemin\u0117 poezijos, arm\u0117no Jehi\u0161\u0117, ir Grigoro Narekie\u010dio k\u016brini\u0173. Leidinyje spausdinama Nyt\u010d\u0117s \"Taip kalb\u0117jo Zaratustra\" i\u0161trauka, H. Hes\u0117s filosofin\u0117 apysaka \"Kelion\u0117 \u012f ryt\u0173 \u0161ali\", A. Mickevi\u010diaus orientalistini\u0173 motyv\u0173 poezija, nu\u0161vie\u010diami Oriento tyrin\u0117jimai Lietuvoje.","robots":{"index":"index","follow":"follow","max-snippet":"max-snippet:-1","max-image-preview":"max-image-preview:large","max-video-preview":"max-video-preview:-1"},"canonical":"https:\/\/skaitytaknyga.lt\/en\/produktas\/bronius-genzelis-orientas-1-dalis\/","og_locale":"en_GB","og_type":"article","og_title":"Bronius Genzelis \u201eOrientas\u201c 1 dalis - Skaitytaknyga","og_description":"Pirmoji \"Oriento\" knyga-pa\u017eintis su senov\u0117s pers\u0173 kult\u016bra, pers\u0173 - azerbaid\u017eanie\u010di\u0173 poezija, sen\u0105ja arm\u0117n\u0173 literat\u016bra, zoroastrizmo refleksijomis Europoje. Skaitytojas gal\u0117s semtis i\u0161minties i\u0161 senov\u0117s pers\u0173 \u0161ventosios knygos \"Avestos\", persi\u0161kai ra\u0161iusio azerbaid\u017eanie\u010dio Chagani \u0160irvani, turkm\u0117no Kemin\u0117 poezijos, arm\u0117no Jehi\u0161\u0117, ir Grigoro Narekie\u010dio k\u016brini\u0173. Leidinyje spausdinama Nyt\u010d\u0117s \"Taip kalb\u0117jo Zaratustra\" i\u0161trauka, H. Hes\u0117s filosofin\u0117 apysaka \"Kelion\u0117 \u012f ryt\u0173 \u0161ali\", A. Mickevi\u010diaus orientalistini\u0173 motyv\u0173 poezija, nu\u0161vie\u010diami Oriento tyrin\u0117jimai Lietuvoje.","og_url":"https:\/\/skaitytaknyga.lt\/en\/produktas\/bronius-genzelis-orientas-1-dalis\/","og_site_name":"Skaitytaknyga","article_publisher":"https:\/\/www.facebook.com\/skaitytaknyga\/","article_modified_time":"2024-05-04T19:20:29+00:00","og_image":[{"width":960,"height":1600,"url":"https:\/\/skaitytaknyga.lt\/wp-content\/uploads\/2024\/05\/174238-scanimage026.jpg","type":"image\/jpeg"}],"twitter_card":"summary_large_image","schema":{"@context":"https:\/\/schema.org","@graph":[{"@type":"WebPage","@id":"https:\/\/skaitytaknyga.lt\/produktas\/bronius-genzelis-orientas-1-dalis\/","url":"https:\/\/skaitytaknyga.lt\/produktas\/bronius-genzelis-orientas-1-dalis\/","name":"Bronius Genzelis \u201eOrientas\u201c 1 dalis - Skaitytaknyga","isPartOf":{"@id":"https:\/\/skaitytaknyga.lt\/#website"},"primaryImageOfPage":{"@id":"https:\/\/skaitytaknyga.lt\/produktas\/bronius-genzelis-orientas-1-dalis\/#primaryimage"},"image":{"@id":"https:\/\/skaitytaknyga.lt\/produktas\/bronius-genzelis-orientas-1-dalis\/#primaryimage"},"thumbnailUrl":"https:\/\/skaitytaknyga.lt\/wp-content\/uploads\/2024\/05\/174238-scanimage026.jpg","datePublished":"2024-05-04T19:18:58+00:00","dateModified":"2024-05-04T19:20:29+00:00","description":"Pirmoji \"Oriento\" knyga-pa\u017eintis su senov\u0117s pers\u0173 kult\u016bra, pers\u0173 - azerbaid\u017eanie\u010di\u0173 poezija, sen\u0105ja arm\u0117n\u0173 literat\u016bra, zoroastrizmo refleksijomis Europoje. Skaitytojas gal\u0117s semtis i\u0161minties i\u0161 senov\u0117s pers\u0173 \u0161ventosios knygos \"Avestos\", persi\u0161kai ra\u0161iusio azerbaid\u017eanie\u010dio Chagani \u0160irvani, turkm\u0117no Kemin\u0117 poezijos, arm\u0117no Jehi\u0161\u0117, ir Grigoro Narekie\u010dio k\u016brini\u0173. Leidinyje spausdinama Nyt\u010d\u0117s \"Taip kalb\u0117jo Zaratustra\" i\u0161trauka, H. Hes\u0117s filosofin\u0117 apysaka \"Kelion\u0117 \u012f ryt\u0173 \u0161ali\", A. Mickevi\u010diaus orientalistini\u0173 motyv\u0173 poezija, nu\u0161vie\u010diami Oriento tyrin\u0117jimai Lietuvoje.","breadcrumb":{"@id":"https:\/\/skaitytaknyga.lt\/produktas\/bronius-genzelis-orientas-1-dalis\/#breadcrumb"},"inLanguage":"en-GB","potentialAction":[{"@type":"ReadAction","target":["https:\/\/skaitytaknyga.lt\/produktas\/bronius-genzelis-orientas-1-dalis\/"]}]},{"@type":"ImageObject","inLanguage":"en-GB","@id":"https:\/\/skaitytaknyga.lt\/produktas\/bronius-genzelis-orientas-1-dalis\/#primaryimage","url":"https:\/\/skaitytaknyga.lt\/wp-content\/uploads\/2024\/05\/174238-scanimage026.jpg","contentUrl":"https:\/\/skaitytaknyga.lt\/wp-content\/uploads\/2024\/05\/174238-scanimage026.jpg","width":960,"height":1600},{"@type":"BreadcrumbList","@id":"https:\/\/skaitytaknyga.lt\/produktas\/bronius-genzelis-orientas-1-dalis\/#breadcrumb","itemListElement":[{"@type":"ListItem","position":1,"name":"Home","item":"https:\/\/skaitytaknyga.lt\/"},{"@type":"ListItem","position":2,"name":"Parduotuv\u0117","item":"https:\/\/skaitytaknyga.lt\/knygu-parduotuve\/"},{"@type":"ListItem","position":3,"name":"Bronius Genzelis \u201eOrientas\u201c 1 dalis"}]},{"@type":"WebSite","@id":"https:\/\/skaitytaknyga.lt\/#website","url":"https:\/\/skaitytaknyga.lt\/","name":"skaitytaknyga.lt","description":"Skaitytaknyga.lt \u2013 tai ma\u017eas \u0161eimos verslas, kuris prasid\u0117jo nuo meil\u0117s knygoms ir siekio i\u0161gelb\u0117ti knygas nuo likimo prie konteinerio. Kas vienam nereikalingas daiktas \u2013 kitam lobis, o mes esame tarpininkai, kurie padeda abiems tapti laimingesniems ???? \u017dinome kaip nelengva i\u0161gyventi ma\u017eiems verslams, tad nuo \u0161iol, \u010dia rasite ir kit\u0173, ma\u017e\u0173 \u0161eim\u0173 versl\u0173, rank\u0173 darbo, dovan\u0173 sau ir artimiesiems.","publisher":{"@id":"https:\/\/skaitytaknyga.lt\/#organization"},"potentialAction":[{"@type":"SearchAction","target":{"@type":"EntryPoint","urlTemplate":"https:\/\/skaitytaknyga.lt\/?s={search_term_string}"},"query-input":{"@type":"PropertyValueSpecification","valueRequired":true,"valueName":"search_term_string"}}],"inLanguage":"en-GB"},{"@type":"Organization","@id":"https:\/\/skaitytaknyga.lt\/#organization","name":"skaitytaknyga.lt","url":"https:\/\/skaitytaknyga.lt\/","logo":{"@type":"ImageObject","inLanguage":"en-GB","@id":"https:\/\/skaitytaknyga.lt\/#\/schema\/logo\/image\/","url":"https:\/\/skaitytaknyga.lt\/wp-content\/uploads\/2024\/05\/cropped-cropped-cropped-02_00843_jt3bggkj1j3HLc7SyY6rEUpg.jpeg","contentUrl":"https:\/\/skaitytaknyga.lt\/wp-content\/uploads\/2024\/05\/cropped-cropped-cropped-02_00843_jt3bggkj1j3HLc7SyY6rEUpg.jpeg","width":1600,"height":1600,"caption":"skaitytaknyga.lt"},"image":{"@id":"https:\/\/skaitytaknyga.lt\/#\/schema\/logo\/image\/"},"sameAs":["https:\/\/www.facebook.com\/skaitytaknyga\/"]}]}},"_links":{"self":[{"href":"https:\/\/skaitytaknyga.lt\/en\/wp-json\/wp\/v2\/product\/10894","targetHints":{"allow":["GET"]}}],"collection":[{"href":"https:\/\/skaitytaknyga.lt\/en\/wp-json\/wp\/v2\/product"}],"about":[{"href":"https:\/\/skaitytaknyga.lt\/en\/wp-json\/wp\/v2\/types\/product"}],"replies":[{"embeddable":true,"href":"https:\/\/skaitytaknyga.lt\/en\/wp-json\/wp\/v2\/comments?post=10894"}],"wp:featuredmedia":[{"embeddable":true,"href":"https:\/\/skaitytaknyga.lt\/en\/wp-json\/wp\/v2\/media\/10929"}],"wp:attachment":[{"href":"https:\/\/skaitytaknyga.lt\/en\/wp-json\/wp\/v2\/media?parent=10894"}],"wp:term":[{"taxonomy":"product_brand","embeddable":true,"href":"https:\/\/skaitytaknyga.lt\/en\/wp-json\/wp\/v2\/product_brand?post=10894"},{"taxonomy":"product_cat","embeddable":true,"href":"https:\/\/skaitytaknyga.lt\/en\/wp-json\/wp\/v2\/product_cat?post=10894"},{"taxonomy":"product_tag","embeddable":true,"href":"https:\/\/skaitytaknyga.lt\/en\/wp-json\/wp\/v2\/product_tag?post=10894"}],"curies":[{"name":"wp","href":"https:\/\/api.w.org\/{rel}","templated":true}]}}