{"id":10883,"date":"2024-05-04T19:18:36","date_gmt":"2024-05-04T19:18:36","guid":{"rendered":"https:\/\/skaitytaknyga.lt\/?post_type=product&#038;p=10883"},"modified":"2026-03-18T14:59:56","modified_gmt":"2026-03-18T12:59:56","slug":"lietuviu-kalendorines-sventes","status":"publish","type":"product","link":"https:\/\/skaitytaknyga.lt\/en\/produktas\/lietuviu-kalendorines-sventes\/","title":{"rendered":"Lietuvi\u0173 kalendorin\u0117s \u0161vent\u0117s"},"content":{"rendered":"<p>Lietuvoje, kaip ir daugelyje kit\u0173 Europos kra\u0161t\u0173, yra \u0161ven\u010diamos did\u017eiosios, arba metin\u0117s, kalendorin\u0117s \u0161vent\u0117s. Dar senajame Lietuvos kaime atsirado paprotys \u0161v\u0119sti Kal\u0117d\u0173, U\u017egav\u0117ni\u0173, Jurgini\u0173, Velyk\u0173, Sekmini\u0173, Jonini\u0173, \u017dolin\u0117s ir kitas \u0161ventes. Pateikiami pagrindini\u0173 kalendorini\u0173 \u0161ven\u010di\u0173 papro\u010diai, apra\u0161omos joms b\u016bdingos apeigos ir tradicin\u0117 j\u0173 reik\u0161m\u0117.<\/p>\n<div class=\"fb-share-button\" data-href=\"https:\/\/developers.facebook.com\/docs\/plugins\/\" data-layout=\"button\" data-size=\"small\"><\/div>\n","protected":false},"excerpt":{"rendered":"<p>Lietuvoje, kaip ir daugelyje kit\u0173 Europos kra\u0161t\u0173, yra \u0161ven\u010diamos did\u017eiosios, arba metin\u0117s, kalendorin\u0117s \u0161vent\u0117s. Dar senajame Lietuvos kaime atsirado paprotys \u0161v\u0119sti Kal\u0117d\u0173, U\u017egav\u0117ni\u0173, Jurgini\u0173, Velyk\u0173, Sekmini\u0173, Jonini\u0173, \u017dolin\u0117s ir kitas \u0161ventes. Pateikiami pagrindini\u0173 kalendorini\u0173 \u0161ven\u010di\u0173 papro\u010diai, apra\u0161omos joms b\u016bdingos apeigos ir tradicin\u0117 j\u0173 reik\u0161m\u0117.<\/p>\n<div class=\"fb-share-button\" data-href=\"https:\/\/developers.facebook.com\/docs\/plugins\/\" data-layout=\"button\" data-size=\"small\"><\/div>\n<div class=\"fb-share-button\" data-href=\"https:\/\/developers.facebook.com\/docs\/plugins\/\" data-layout=\"button\" data-size=\"small\"><\/div>\n","protected":false},"featured_media":10920,"comment_status":"closed","ping_status":"closed","template":"","meta":{"_acf_changed":false,"site-sidebar-layout":"default","site-content-layout":"","ast-site-content-layout":"default","site-content-style":"default","site-sidebar-style":"default","ast-global-header-display":"","ast-banner-title-visibility":"","ast-main-header-display":"","ast-hfb-above-header-display":"","ast-hfb-below-header-display":"","ast-hfb-mobile-header-display":"","site-post-title":"","ast-breadcrumbs-content":"","ast-featured-img":"","footer-sml-layout":"","ast-disable-related-posts":"","theme-transparent-header-meta":"","adv-header-id-meta":"","stick-header-meta":"","header-above-stick-meta":"","header-main-stick-meta":"","header-below-stick-meta":"","astra-migrate-meta-layouts":"default","ast-page-background-enabled":"default","ast-page-background-meta":{"desktop":{"background-color":"","background-image":"","background-repeat":"repeat","background-position":"center center","background-size":"auto","background-attachment":"scroll","background-type":"","background-media":"","overlay-type":"","overlay-color":"","overlay-opacity":"","overlay-gradient":""},"tablet":{"background-color":"","background-image":"","background-repeat":"repeat","background-position":"center center","background-size":"auto","background-attachment":"scroll","background-type":"","background-media":"","overlay-type":"","overlay-color":"","overlay-opacity":"","overlay-gradient":""},"mobile":{"background-color":"","background-image":"","background-repeat":"repeat","background-position":"center center","background-size":"auto","background-attachment":"scroll","background-type":"","background-media":"","overlay-type":"","overlay-color":"","overlay-opacity":"","overlay-gradient":""}},"ast-content-background-meta":{"desktop":{"background-color":"var(--ast-global-color-4)","background-image":"","background-repeat":"repeat","background-position":"center center","background-size":"auto","background-attachment":"scroll","background-type":"","background-media":"","overlay-type":"","overlay-color":"","overlay-opacity":"","overlay-gradient":""},"tablet":{"background-color":"var(--ast-global-color-4)","background-image":"","background-repeat":"repeat","background-position":"center center","background-size":"auto","background-attachment":"scroll","background-type":"","background-media":"","overlay-type":"","overlay-color":"","overlay-opacity":"","overlay-gradient":""},"mobile":{"background-color":"var(--ast-global-color-4)","background-image":"","background-repeat":"repeat","background-position":"center center","background-size":"auto","background-attachment":"scroll","background-type":"","background-media":"","overlay-type":"","overlay-color":"","overlay-opacity":"","overlay-gradient":""}}},"product_brand":[],"product_cat":[293,174,9862],"product_tag":[],"class_list":{"0":"post-10883","1":"product","2":"type-product","3":"status-publish","4":"has-post-thumbnail","6":"product_cat-etnografija-liaudies-kuryba","7":"product_cat-istorija-ir-politologija","8":"product_cat-lietuvos-istorija","9":"pa_leidimo-metai-680","10":"desktop-align-left","11":"tablet-align-left","12":"mobile-align-left","14":"first","15":"instock","16":"shipping-taxable","17":"purchasable","18":"product-type-simple"},"acf":[],"yoast_head":"<!-- This site is optimized with the Yoast SEO plugin v27.4 - https:\/\/yoast.com\/product\/yoast-seo-wordpress\/ -->\n<title>Lietuvi\u0173 kalendorin\u0117s \u0161vent\u0117s<\/title>\n<meta name=\"description\" content=\"Lietuvoje, kaip ir daugelyje kit\u0173 Europos kra\u0161t\u0173, yra \u0161ven\u010diamos did\u017eiosios, arba metin\u0117s, kalendorin\u0117s \u0161vent\u0117s. Dar senajame Lietuvos kaime atsirado paprotys \u0161v\u0119sti Kal\u0117d\u0173, U\u017egav\u0117ni\u0173, Jurgini\u0173, Velyk\u0173, Sekmini\u0173, Jonini\u0173, \u017dolin\u0117s ir kitas \u0161ventes. Pateikiami pagrindini\u0173 kalendorini\u0173 \u0161ven\u010di\u0173 papro\u010diai, apra\u0161omos joms b\u016bdingos apeigos ir tradicin\u0117 j\u0173 reik\u0161m\u0117.\" \/>\n<meta name=\"robots\" content=\"index, follow, max-snippet:-1, max-image-preview:large, max-video-preview:-1\" \/>\n<link rel=\"canonical\" href=\"https:\/\/skaitytaknyga.lt\/en\/produktas\/lietuviu-kalendorines-sventes\/\" \/>\n<meta property=\"og:locale\" content=\"en_GB\" \/>\n<meta property=\"og:locale:alternate\" content=\"lt_LT\" \/>\n<meta property=\"og:type\" content=\"article\" \/>\n<meta property=\"og:title\" content=\"Lietuvi\u0173 kalendorin\u0117s \u0161vent\u0117s\" \/>\n<meta property=\"og:description\" content=\"Lietuvoje, kaip ir daugelyje kit\u0173 Europos kra\u0161t\u0173, yra \u0161ven\u010diamos did\u017eiosios, arba metin\u0117s, kalendorin\u0117s \u0161vent\u0117s. Dar senajame Lietuvos kaime atsirado paprotys \u0161v\u0119sti Kal\u0117d\u0173, U\u017egav\u0117ni\u0173, Jurgini\u0173, Velyk\u0173, Sekmini\u0173, Jonini\u0173, \u017dolin\u0117s ir kitas \u0161ventes. Pateikiami pagrindini\u0173 kalendorini\u0173 \u0161ven\u010di\u0173 papro\u010diai, apra\u0161omos joms b\u016bdingos apeigos ir tradicin\u0117 j\u0173 reik\u0161m\u0117.\" \/>\n<meta property=\"og:url\" content=\"https:\/\/skaitytaknyga.lt\/en\/produktas\/lietuviu-kalendorines-sventes\/\" \/>\n<meta property=\"og:site_name\" content=\"Skaitytaknyga\" \/>\n<meta property=\"article:publisher\" content=\"https:\/\/www.facebook.com\/skaitytaknyga\/\" \/>\n<meta property=\"article:modified_time\" content=\"2026-03-18T12:59:56+00:00\" \/>\n<meta property=\"og:image\" content=\"https:\/\/skaitytaknyga.lt\/wp-content\/uploads\/2024\/05\/lietuviu-kalendorines-sventes-2-1-e1680590313711.jpg\" \/>\n\t<meta property=\"og:image:width\" content=\"608\" \/>\n\t<meta property=\"og:image:height\" content=\"929\" \/>\n\t<meta property=\"og:image:type\" content=\"image\/jpeg\" \/>\n<meta name=\"twitter:card\" content=\"summary_large_image\" \/>\n<script type=\"application\/ld+json\" class=\"yoast-schema-graph\">{\"@context\":\"https:\\\/\\\/schema.org\",\"@graph\":[{\"@type\":\"WebPage\",\"@id\":\"https:\\\/\\\/skaitytaknyga.lt\\\/produktas\\\/lietuviu-kalendorines-sventes\\\/\",\"url\":\"https:\\\/\\\/skaitytaknyga.lt\\\/produktas\\\/lietuviu-kalendorines-sventes\\\/\",\"name\":\"Lietuvi\u0173 kalendorin\u0117s \u0161vent\u0117s\",\"isPartOf\":{\"@id\":\"https:\\\/\\\/skaitytaknyga.lt\\\/#website\"},\"primaryImageOfPage\":{\"@id\":\"https:\\\/\\\/skaitytaknyga.lt\\\/produktas\\\/lietuviu-kalendorines-sventes\\\/#primaryimage\"},\"image\":{\"@id\":\"https:\\\/\\\/skaitytaknyga.lt\\\/produktas\\\/lietuviu-kalendorines-sventes\\\/#primaryimage\"},\"thumbnailUrl\":\"https:\\\/\\\/skaitytaknyga.lt\\\/wp-content\\\/uploads\\\/2024\\\/05\\\/lietuviu-kalendorines-sventes-2-1-e1680590313711.jpg\",\"datePublished\":\"2024-05-04T19:18:36+00:00\",\"dateModified\":\"2026-03-18T12:59:56+00:00\",\"description\":\"Lietuvoje, kaip ir daugelyje kit\u0173 Europos kra\u0161t\u0173, yra \u0161ven\u010diamos did\u017eiosios, arba metin\u0117s, kalendorin\u0117s \u0161vent\u0117s. Dar senajame Lietuvos kaime atsirado paprotys \u0161v\u0119sti Kal\u0117d\u0173, U\u017egav\u0117ni\u0173, Jurgini\u0173, Velyk\u0173, Sekmini\u0173, Jonini\u0173, \u017dolin\u0117s ir kitas \u0161ventes. Pateikiami pagrindini\u0173 kalendorini\u0173 \u0161ven\u010di\u0173 papro\u010diai, apra\u0161omos joms b\u016bdingos apeigos ir tradicin\u0117 j\u0173 reik\u0161m\u0117.\",\"breadcrumb\":{\"@id\":\"https:\\\/\\\/skaitytaknyga.lt\\\/produktas\\\/lietuviu-kalendorines-sventes\\\/#breadcrumb\"},\"inLanguage\":\"en-GB\",\"potentialAction\":[{\"@type\":\"ReadAction\",\"target\":[\"https:\\\/\\\/skaitytaknyga.lt\\\/produktas\\\/lietuviu-kalendorines-sventes\\\/\"]}]},{\"@type\":\"ImageObject\",\"inLanguage\":\"en-GB\",\"@id\":\"https:\\\/\\\/skaitytaknyga.lt\\\/produktas\\\/lietuviu-kalendorines-sventes\\\/#primaryimage\",\"url\":\"https:\\\/\\\/skaitytaknyga.lt\\\/wp-content\\\/uploads\\\/2024\\\/05\\\/lietuviu-kalendorines-sventes-2-1-e1680590313711.jpg\",\"contentUrl\":\"https:\\\/\\\/skaitytaknyga.lt\\\/wp-content\\\/uploads\\\/2024\\\/05\\\/lietuviu-kalendorines-sventes-2-1-e1680590313711.jpg\",\"width\":608,\"height\":929},{\"@type\":\"BreadcrumbList\",\"@id\":\"https:\\\/\\\/skaitytaknyga.lt\\\/produktas\\\/lietuviu-kalendorines-sventes\\\/#breadcrumb\",\"itemListElement\":[{\"@type\":\"ListItem\",\"position\":1,\"name\":\"Home\",\"item\":\"https:\\\/\\\/skaitytaknyga.lt\\\/\"},{\"@type\":\"ListItem\",\"position\":2,\"name\":\"Parduotuv\u0117\",\"item\":\"https:\\\/\\\/skaitytaknyga.lt\\\/knygu-parduotuve\\\/\"},{\"@type\":\"ListItem\",\"position\":3,\"name\":\"Lietuvi\u0173 kalendorin\u0117s \u0161vent\u0117s\"}]},{\"@type\":\"WebSite\",\"@id\":\"https:\\\/\\\/skaitytaknyga.lt\\\/#website\",\"url\":\"https:\\\/\\\/skaitytaknyga.lt\\\/\",\"name\":\"skaitytaknyga.lt\",\"description\":\"Skaitytaknyga.lt \u2013 tai ma\u017eas \u0161eimos verslas, kuris prasid\u0117jo nuo meil\u0117s knygoms ir siekio i\u0161gelb\u0117ti knygas nuo likimo prie konteinerio. Kas vienam nereikalingas daiktas \u2013 kitam lobis, o mes esame tarpininkai, kurie padeda abiems tapti laimingesniems ???? \u017dinome kaip nelengva i\u0161gyventi ma\u017eiems verslams, tad nuo \u0161iol, \u010dia rasite ir kit\u0173, ma\u017e\u0173 \u0161eim\u0173 versl\u0173, rank\u0173 darbo, dovan\u0173 sau ir artimiesiems.\",\"publisher\":{\"@id\":\"https:\\\/\\\/skaitytaknyga.lt\\\/#organization\"},\"potentialAction\":[{\"@type\":\"SearchAction\",\"target\":{\"@type\":\"EntryPoint\",\"urlTemplate\":\"https:\\\/\\\/skaitytaknyga.lt\\\/?s={search_term_string}\"},\"query-input\":{\"@type\":\"PropertyValueSpecification\",\"valueRequired\":true,\"valueName\":\"search_term_string\"}}],\"inLanguage\":\"en-GB\"},{\"@type\":\"Organization\",\"@id\":\"https:\\\/\\\/skaitytaknyga.lt\\\/#organization\",\"name\":\"skaitytaknyga.lt\",\"url\":\"https:\\\/\\\/skaitytaknyga.lt\\\/\",\"logo\":{\"@type\":\"ImageObject\",\"inLanguage\":\"en-GB\",\"@id\":\"https:\\\/\\\/skaitytaknyga.lt\\\/#\\\/schema\\\/logo\\\/image\\\/\",\"url\":\"https:\\\/\\\/skaitytaknyga.lt\\\/wp-content\\\/uploads\\\/2024\\\/05\\\/cropped-cropped-cropped-02_00843_jt3bggkj1j3HLc7SyY6rEUpg.jpeg\",\"contentUrl\":\"https:\\\/\\\/skaitytaknyga.lt\\\/wp-content\\\/uploads\\\/2024\\\/05\\\/cropped-cropped-cropped-02_00843_jt3bggkj1j3HLc7SyY6rEUpg.jpeg\",\"width\":1600,\"height\":1600,\"caption\":\"skaitytaknyga.lt\"},\"image\":{\"@id\":\"https:\\\/\\\/skaitytaknyga.lt\\\/#\\\/schema\\\/logo\\\/image\\\/\"},\"sameAs\":[\"https:\\\/\\\/www.facebook.com\\\/skaitytaknyga\\\/\"]}]}<\/script>\n<!-- \/ Yoast SEO plugin. -->","yoast_head_json":{"title":"Lietuvi\u0173 kalendorin\u0117s \u0161vent\u0117s","description":"Lietuvoje, kaip ir daugelyje kit\u0173 Europos kra\u0161t\u0173, yra \u0161ven\u010diamos did\u017eiosios, arba metin\u0117s, kalendorin\u0117s \u0161vent\u0117s. Dar senajame Lietuvos kaime atsirado paprotys \u0161v\u0119sti Kal\u0117d\u0173, U\u017egav\u0117ni\u0173, Jurgini\u0173, Velyk\u0173, Sekmini\u0173, Jonini\u0173, \u017dolin\u0117s ir kitas \u0161ventes. Pateikiami pagrindini\u0173 kalendorini\u0173 \u0161ven\u010di\u0173 papro\u010diai, apra\u0161omos joms b\u016bdingos apeigos ir tradicin\u0117 j\u0173 reik\u0161m\u0117.","robots":{"index":"index","follow":"follow","max-snippet":"max-snippet:-1","max-image-preview":"max-image-preview:large","max-video-preview":"max-video-preview:-1"},"canonical":"https:\/\/skaitytaknyga.lt\/en\/produktas\/lietuviu-kalendorines-sventes\/","og_locale":"en_GB","og_type":"article","og_title":"[:lt]Lietuvi\u0173 kalendorin\u0117s \u0161vent\u0117s[:] - Skaitytaknyga","og_description":"Lietuvoje, kaip ir daugelyje kit\u0173 Europos kra\u0161t\u0173, yra \u0161ven\u010diamos did\u017eiosios, arba metin\u0117s, kalendorin\u0117s \u0161vent\u0117s. Dar senajame Lietuvos kaime atsirado paprotys \u0161v\u0119sti Kal\u0117d\u0173, U\u017egav\u0117ni\u0173, Jurgini\u0173, Velyk\u0173, Sekmini\u0173, Jonini\u0173, \u017dolin\u0117s ir kitas \u0161ventes. Pateikiami pagrindini\u0173 kalendorini\u0173 \u0161ven\u010di\u0173 papro\u010diai, apra\u0161omos joms b\u016bdingos apeigos ir tradicin\u0117 j\u0173 reik\u0161m\u0117.","og_url":"https:\/\/skaitytaknyga.lt\/en\/produktas\/lietuviu-kalendorines-sventes\/","og_site_name":"Skaitytaknyga","article_publisher":"https:\/\/www.facebook.com\/skaitytaknyga\/","article_modified_time":"2026-03-18T12:59:56+00:00","og_image":[{"width":608,"height":929,"url":"https:\/\/skaitytaknyga.lt\/wp-content\/uploads\/2024\/05\/lietuviu-kalendorines-sventes-2-1-e1680590313711.jpg","type":"image\/jpeg"}],"twitter_card":"summary_large_image","schema":{"@context":"https:\/\/schema.org","@graph":[{"@type":"WebPage","@id":"https:\/\/skaitytaknyga.lt\/produktas\/lietuviu-kalendorines-sventes\/","url":"https:\/\/skaitytaknyga.lt\/produktas\/lietuviu-kalendorines-sventes\/","name":"Lietuvi\u0173 kalendorin\u0117s \u0161vent\u0117s","isPartOf":{"@id":"https:\/\/skaitytaknyga.lt\/#website"},"primaryImageOfPage":{"@id":"https:\/\/skaitytaknyga.lt\/produktas\/lietuviu-kalendorines-sventes\/#primaryimage"},"image":{"@id":"https:\/\/skaitytaknyga.lt\/produktas\/lietuviu-kalendorines-sventes\/#primaryimage"},"thumbnailUrl":"https:\/\/skaitytaknyga.lt\/wp-content\/uploads\/2024\/05\/lietuviu-kalendorines-sventes-2-1-e1680590313711.jpg","datePublished":"2024-05-04T19:18:36+00:00","dateModified":"2026-03-18T12:59:56+00:00","description":"Lietuvoje, kaip ir daugelyje kit\u0173 Europos kra\u0161t\u0173, yra \u0161ven\u010diamos did\u017eiosios, arba metin\u0117s, kalendorin\u0117s \u0161vent\u0117s. Dar senajame Lietuvos kaime atsirado paprotys \u0161v\u0119sti Kal\u0117d\u0173, U\u017egav\u0117ni\u0173, Jurgini\u0173, Velyk\u0173, Sekmini\u0173, Jonini\u0173, \u017dolin\u0117s ir kitas \u0161ventes. Pateikiami pagrindini\u0173 kalendorini\u0173 \u0161ven\u010di\u0173 papro\u010diai, apra\u0161omos joms b\u016bdingos apeigos ir tradicin\u0117 j\u0173 reik\u0161m\u0117.","breadcrumb":{"@id":"https:\/\/skaitytaknyga.lt\/produktas\/lietuviu-kalendorines-sventes\/#breadcrumb"},"inLanguage":"en-GB","potentialAction":[{"@type":"ReadAction","target":["https:\/\/skaitytaknyga.lt\/produktas\/lietuviu-kalendorines-sventes\/"]}]},{"@type":"ImageObject","inLanguage":"en-GB","@id":"https:\/\/skaitytaknyga.lt\/produktas\/lietuviu-kalendorines-sventes\/#primaryimage","url":"https:\/\/skaitytaknyga.lt\/wp-content\/uploads\/2024\/05\/lietuviu-kalendorines-sventes-2-1-e1680590313711.jpg","contentUrl":"https:\/\/skaitytaknyga.lt\/wp-content\/uploads\/2024\/05\/lietuviu-kalendorines-sventes-2-1-e1680590313711.jpg","width":608,"height":929},{"@type":"BreadcrumbList","@id":"https:\/\/skaitytaknyga.lt\/produktas\/lietuviu-kalendorines-sventes\/#breadcrumb","itemListElement":[{"@type":"ListItem","position":1,"name":"Home","item":"https:\/\/skaitytaknyga.lt\/"},{"@type":"ListItem","position":2,"name":"Parduotuv\u0117","item":"https:\/\/skaitytaknyga.lt\/knygu-parduotuve\/"},{"@type":"ListItem","position":3,"name":"Lietuvi\u0173 kalendorin\u0117s \u0161vent\u0117s"}]},{"@type":"WebSite","@id":"https:\/\/skaitytaknyga.lt\/#website","url":"https:\/\/skaitytaknyga.lt\/","name":"skaitytaknyga.lt","description":"Skaitytaknyga.lt \u2013 tai ma\u017eas \u0161eimos verslas, kuris prasid\u0117jo nuo meil\u0117s knygoms ir siekio i\u0161gelb\u0117ti knygas nuo likimo prie konteinerio. Kas vienam nereikalingas daiktas \u2013 kitam lobis, o mes esame tarpininkai, kurie padeda abiems tapti laimingesniems ???? \u017dinome kaip nelengva i\u0161gyventi ma\u017eiems verslams, tad nuo \u0161iol, \u010dia rasite ir kit\u0173, ma\u017e\u0173 \u0161eim\u0173 versl\u0173, rank\u0173 darbo, dovan\u0173 sau ir artimiesiems.","publisher":{"@id":"https:\/\/skaitytaknyga.lt\/#organization"},"potentialAction":[{"@type":"SearchAction","target":{"@type":"EntryPoint","urlTemplate":"https:\/\/skaitytaknyga.lt\/?s={search_term_string}"},"query-input":{"@type":"PropertyValueSpecification","valueRequired":true,"valueName":"search_term_string"}}],"inLanguage":"en-GB"},{"@type":"Organization","@id":"https:\/\/skaitytaknyga.lt\/#organization","name":"skaitytaknyga.lt","url":"https:\/\/skaitytaknyga.lt\/","logo":{"@type":"ImageObject","inLanguage":"en-GB","@id":"https:\/\/skaitytaknyga.lt\/#\/schema\/logo\/image\/","url":"https:\/\/skaitytaknyga.lt\/wp-content\/uploads\/2024\/05\/cropped-cropped-cropped-02_00843_jt3bggkj1j3HLc7SyY6rEUpg.jpeg","contentUrl":"https:\/\/skaitytaknyga.lt\/wp-content\/uploads\/2024\/05\/cropped-cropped-cropped-02_00843_jt3bggkj1j3HLc7SyY6rEUpg.jpeg","width":1600,"height":1600,"caption":"skaitytaknyga.lt"},"image":{"@id":"https:\/\/skaitytaknyga.lt\/#\/schema\/logo\/image\/"},"sameAs":["https:\/\/www.facebook.com\/skaitytaknyga\/"]}]}},"_links":{"self":[{"href":"https:\/\/skaitytaknyga.lt\/en\/wp-json\/wp\/v2\/product\/10883","targetHints":{"allow":["GET"]}}],"collection":[{"href":"https:\/\/skaitytaknyga.lt\/en\/wp-json\/wp\/v2\/product"}],"about":[{"href":"https:\/\/skaitytaknyga.lt\/en\/wp-json\/wp\/v2\/types\/product"}],"replies":[{"embeddable":true,"href":"https:\/\/skaitytaknyga.lt\/en\/wp-json\/wp\/v2\/comments?post=10883"}],"wp:featuredmedia":[{"embeddable":true,"href":"https:\/\/skaitytaknyga.lt\/en\/wp-json\/wp\/v2\/media\/10920"}],"wp:attachment":[{"href":"https:\/\/skaitytaknyga.lt\/en\/wp-json\/wp\/v2\/media?parent=10883"}],"wp:term":[{"taxonomy":"product_brand","embeddable":true,"href":"https:\/\/skaitytaknyga.lt\/en\/wp-json\/wp\/v2\/product_brand?post=10883"},{"taxonomy":"product_cat","embeddable":true,"href":"https:\/\/skaitytaknyga.lt\/en\/wp-json\/wp\/v2\/product_cat?post=10883"},{"taxonomy":"product_tag","embeddable":true,"href":"https:\/\/skaitytaknyga.lt\/en\/wp-json\/wp\/v2\/product_tag?post=10883"}],"curies":[{"name":"wp","href":"https:\/\/api.w.org\/{rel}","templated":true}]}}