{"id":10880,"date":"2024-05-04T19:18:36","date_gmt":"2024-05-04T19:18:36","guid":{"rendered":"https:\/\/skaitytaknyga.lt\/?post_type=product&#038;p=10880"},"modified":"2024-05-04T19:19:55","modified_gmt":"2024-05-04T19:19:55","slug":"ales-razanau-medziokle-rojaus-slenyje-yra-kelios-demes","status":"publish","type":"product","link":"https:\/\/skaitytaknyga.lt\/en\/produktas\/ales-razanau-medziokle-rojaus-slenyje-yra-kelios-demes\/","title":{"rendered":"Ales Razanau \u201eMed\u017eiokl\u0117 rojaus sl\u0117nyje\u201c (yra kelios d\u0117m\u0117s)"},"content":{"rendered":"<p>Alesiaus Razanavo, baltarusi\u0173 poeto ir vert\u0117jo, poezijos rinktin\u0117. A. Razanavas \u2013 poetas filosofas. Jo poezijoje apm\u0105stomas gyvenimo sud\u0117tingumas, akimirkos ir am\u017einyb\u0117s dramatizmas, \u012fvairi\u0173 rei\u0161kini\u0173 keis\u010diausios s\u0105sajos. Jo lyrinis herojus ie\u0161ko sielos atgimimo keli\u0173. A. Razanavas lau\u017eo \u012fprastus \u017eanr\u0173 kanonus ir kuria savus: ver\u0161akazy (poetin\u0117s semantin\u0117s miniati\u016bros), znomy (forizmai, maksimos), kuria punktyrus. Yra i\u0161leid\u0119s per de\u0161imt poezijos knyg\u0173.<\/p>\n","protected":false},"excerpt":{"rendered":"<p>Alesiaus Razanavo, baltarusi\u0173 poeto ir vert\u0117jo, poezijos rinktin\u0117. A. Razanavas \u2013 poetas filosofas. Jo poezijoje apm\u0105stomas gyvenimo sud\u0117tingumas, akimirkos ir am\u017einyb\u0117s dramatizmas, \u012fvairi\u0173 rei\u0161kini\u0173 keis\u010diausios s\u0105sajos. Jo lyrinis herojus ie\u0161ko sielos atgimimo keli\u0173. A. Razanavas lau\u017eo \u012fprastus \u017eanr\u0173 kanonus ir kuria savus: ver\u0161akazy (poetin\u0117s semantin\u0117s miniati\u016bros), znomy (forizmai, maksimos), kuria punktyrus. Yra i\u0161leid\u0119s per de\u0161imt poezijos knyg\u0173.<\/p>\n","protected":false},"featured_media":10917,"comment_status":"closed","ping_status":"closed","template":"","meta":{"_acf_changed":false,"site-sidebar-layout":"default","site-content-layout":"","ast-site-content-layout":"default","site-content-style":"default","site-sidebar-style":"default","ast-global-header-display":"","ast-banner-title-visibility":"","ast-main-header-display":"","ast-hfb-above-header-display":"","ast-hfb-below-header-display":"","ast-hfb-mobile-header-display":"","site-post-title":"","ast-breadcrumbs-content":"","ast-featured-img":"","footer-sml-layout":"","ast-disable-related-posts":"","theme-transparent-header-meta":"","adv-header-id-meta":"","stick-header-meta":"","header-above-stick-meta":"","header-main-stick-meta":"","header-below-stick-meta":"","astra-migrate-meta-layouts":"default","ast-page-background-enabled":"default","ast-page-background-meta":{"desktop":{"background-color":"","background-image":"","background-repeat":"repeat","background-position":"center center","background-size":"auto","background-attachment":"scroll","background-type":"","background-media":"","overlay-type":"","overlay-color":"","overlay-opacity":"","overlay-gradient":""},"tablet":{"background-color":"","background-image":"","background-repeat":"repeat","background-position":"center center","background-size":"auto","background-attachment":"scroll","background-type":"","background-media":"","overlay-type":"","overlay-color":"","overlay-opacity":"","overlay-gradient":""},"mobile":{"background-color":"","background-image":"","background-repeat":"repeat","background-position":"center center","background-size":"auto","background-attachment":"scroll","background-type":"","background-media":"","overlay-type":"","overlay-color":"","overlay-opacity":"","overlay-gradient":""}},"ast-content-background-meta":{"desktop":{"background-color":"var(--ast-global-color-4)","background-image":"","background-repeat":"repeat","background-position":"center center","background-size":"auto","background-attachment":"scroll","background-type":"","background-media":"","overlay-type":"","overlay-color":"","overlay-opacity":"","overlay-gradient":""},"tablet":{"background-color":"var(--ast-global-color-4)","background-image":"","background-repeat":"repeat","background-position":"center center","background-size":"auto","background-attachment":"scroll","background-type":"","background-media":"","overlay-type":"","overlay-color":"","overlay-opacity":"","overlay-gradient":""},"mobile":{"background-color":"var(--ast-global-color-4)","background-image":"","background-repeat":"repeat","background-position":"center center","background-size":"auto","background-attachment":"scroll","background-type":"","background-media":"","overlay-type":"","overlay-color":"","overlay-opacity":"","overlay-gradient":""}}},"product_brand":[],"product_cat":[31],"product_tag":[],"class_list":{"0":"post-10880","1":"product","2":"type-product","3":"status-publish","4":"has-post-thumbnail","6":"product_cat-grozine-literatura","7":"desktop-align-left","8":"tablet-align-left","9":"mobile-align-left","11":"first","12":"instock","13":"shipping-taxable","14":"purchasable","15":"product-type-simple"},"acf":[],"yoast_head":"<!-- This site is optimized with the Yoast SEO plugin v27.4 - https:\/\/yoast.com\/product\/yoast-seo-wordpress\/ -->\n<title>Ales Razanau \u201eMed\u017eiokl\u0117 rojaus sl\u0117nyje\u201c (yra kelios d\u0117m\u0117s) - Skaitytaknyga<\/title>\n<meta name=\"description\" content=\"Alesiaus Razanavo, baltarusi\u0173 poeto ir vert\u0117jo, poezijos rinktin\u0117. A. Razanavas \u2013 poetas filosofas. Jo poezijoje apm\u0105stomas gyvenimo sud\u0117tingumas, akimirkos ir am\u017einyb\u0117s dramatizmas, \u012fvairi\u0173 rei\u0161kini\u0173 keis\u010diausios s\u0105sajos. Jo lyrinis herojus ie\u0161ko sielos atgimimo keli\u0173. A. Razanavas lau\u017eo \u012fprastus \u017eanr\u0173 kanonus ir kuria savus: ver\u0161akazy (poetin\u0117s semantin\u0117s miniati\u016bros), znomy (forizmai, maksimos), kuria punktyrus. Yra i\u0161leid\u0119s per de\u0161imt poezijos knyg\u0173.\" \/>\n<meta name=\"robots\" content=\"index, follow, max-snippet:-1, max-image-preview:large, max-video-preview:-1\" \/>\n<link rel=\"canonical\" href=\"https:\/\/skaitytaknyga.lt\/en\/produktas\/ales-razanau-medziokle-rojaus-slenyje-yra-kelios-demes\/\" \/>\n<meta property=\"og:locale\" content=\"en_GB\" \/>\n<meta property=\"og:locale:alternate\" content=\"lt_LT\" \/>\n<meta property=\"og:type\" content=\"article\" \/>\n<meta property=\"og:title\" content=\"Ales Razanau \u201eMed\u017eiokl\u0117 rojaus sl\u0117nyje\u201c (yra kelios d\u0117m\u0117s) - Skaitytaknyga\" \/>\n<meta property=\"og:description\" content=\"Alesiaus Razanavo, baltarusi\u0173 poeto ir vert\u0117jo, poezijos rinktin\u0117. A. Razanavas \u2013 poetas filosofas. Jo poezijoje apm\u0105stomas gyvenimo sud\u0117tingumas, akimirkos ir am\u017einyb\u0117s dramatizmas, \u012fvairi\u0173 rei\u0161kini\u0173 keis\u010diausios s\u0105sajos. Jo lyrinis herojus ie\u0161ko sielos atgimimo keli\u0173. A. Razanavas lau\u017eo \u012fprastus \u017eanr\u0173 kanonus ir kuria savus: ver\u0161akazy (poetin\u0117s semantin\u0117s miniati\u016bros), znomy (forizmai, maksimos), kuria punktyrus. Yra i\u0161leid\u0119s per de\u0161imt poezijos knyg\u0173.\" \/>\n<meta property=\"og:url\" content=\"https:\/\/skaitytaknyga.lt\/en\/produktas\/ales-razanau-medziokle-rojaus-slenyje-yra-kelios-demes\/\" \/>\n<meta property=\"og:site_name\" content=\"Skaitytaknyga\" \/>\n<meta property=\"article:publisher\" content=\"https:\/\/www.facebook.com\/skaitytaknyga\/\" \/>\n<meta property=\"article:modified_time\" content=\"2024-05-04T19:19:55+00:00\" \/>\n<meta property=\"og:image\" content=\"https:\/\/skaitytaknyga.lt\/wp-content\/uploads\/2024\/05\/atsisiusti-1-1-1.jpg\" \/>\n\t<meta property=\"og:image:width\" content=\"186\" \/>\n\t<meta property=\"og:image:height\" content=\"271\" \/>\n\t<meta property=\"og:image:type\" content=\"image\/jpeg\" \/>\n<meta name=\"twitter:card\" content=\"summary_large_image\" \/>\n<script type=\"application\/ld+json\" class=\"yoast-schema-graph\">{\"@context\":\"https:\\\/\\\/schema.org\",\"@graph\":[{\"@type\":\"WebPage\",\"@id\":\"https:\\\/\\\/skaitytaknyga.lt\\\/produktas\\\/ales-razanau-medziokle-rojaus-slenyje-yra-kelios-demes\\\/\",\"url\":\"https:\\\/\\\/skaitytaknyga.lt\\\/produktas\\\/ales-razanau-medziokle-rojaus-slenyje-yra-kelios-demes\\\/\",\"name\":\"Ales Razanau \u201eMed\u017eiokl\u0117 rojaus sl\u0117nyje\u201c (yra kelios d\u0117m\u0117s) - Skaitytaknyga\",\"isPartOf\":{\"@id\":\"https:\\\/\\\/skaitytaknyga.lt\\\/#website\"},\"primaryImageOfPage\":{\"@id\":\"https:\\\/\\\/skaitytaknyga.lt\\\/produktas\\\/ales-razanau-medziokle-rojaus-slenyje-yra-kelios-demes\\\/#primaryimage\"},\"image\":{\"@id\":\"https:\\\/\\\/skaitytaknyga.lt\\\/produktas\\\/ales-razanau-medziokle-rojaus-slenyje-yra-kelios-demes\\\/#primaryimage\"},\"thumbnailUrl\":\"https:\\\/\\\/skaitytaknyga.lt\\\/wp-content\\\/uploads\\\/2024\\\/05\\\/atsisiusti-1-1-1.jpg\",\"datePublished\":\"2024-05-04T19:18:36+00:00\",\"dateModified\":\"2024-05-04T19:19:55+00:00\",\"description\":\"Alesiaus Razanavo, baltarusi\u0173 poeto ir vert\u0117jo, poezijos rinktin\u0117. A. Razanavas \u2013 poetas filosofas. Jo poezijoje apm\u0105stomas gyvenimo sud\u0117tingumas, akimirkos ir am\u017einyb\u0117s dramatizmas, \u012fvairi\u0173 rei\u0161kini\u0173 keis\u010diausios s\u0105sajos. Jo lyrinis herojus ie\u0161ko sielos atgimimo keli\u0173. A. Razanavas lau\u017eo \u012fprastus \u017eanr\u0173 kanonus ir kuria savus: ver\u0161akazy (poetin\u0117s semantin\u0117s miniati\u016bros), znomy (forizmai, maksimos), kuria punktyrus. Yra i\u0161leid\u0119s per de\u0161imt poezijos knyg\u0173.\",\"breadcrumb\":{\"@id\":\"https:\\\/\\\/skaitytaknyga.lt\\\/produktas\\\/ales-razanau-medziokle-rojaus-slenyje-yra-kelios-demes\\\/#breadcrumb\"},\"inLanguage\":\"en-GB\",\"potentialAction\":[{\"@type\":\"ReadAction\",\"target\":[\"https:\\\/\\\/skaitytaknyga.lt\\\/produktas\\\/ales-razanau-medziokle-rojaus-slenyje-yra-kelios-demes\\\/\"]}]},{\"@type\":\"ImageObject\",\"inLanguage\":\"en-GB\",\"@id\":\"https:\\\/\\\/skaitytaknyga.lt\\\/produktas\\\/ales-razanau-medziokle-rojaus-slenyje-yra-kelios-demes\\\/#primaryimage\",\"url\":\"https:\\\/\\\/skaitytaknyga.lt\\\/wp-content\\\/uploads\\\/2024\\\/05\\\/atsisiusti-1-1-1.jpg\",\"contentUrl\":\"https:\\\/\\\/skaitytaknyga.lt\\\/wp-content\\\/uploads\\\/2024\\\/05\\\/atsisiusti-1-1-1.jpg\",\"width\":186,\"height\":271},{\"@type\":\"BreadcrumbList\",\"@id\":\"https:\\\/\\\/skaitytaknyga.lt\\\/produktas\\\/ales-razanau-medziokle-rojaus-slenyje-yra-kelios-demes\\\/#breadcrumb\",\"itemListElement\":[{\"@type\":\"ListItem\",\"position\":1,\"name\":\"Home\",\"item\":\"https:\\\/\\\/skaitytaknyga.lt\\\/\"},{\"@type\":\"ListItem\",\"position\":2,\"name\":\"Parduotuv\u0117\",\"item\":\"https:\\\/\\\/skaitytaknyga.lt\\\/knygu-parduotuve\\\/\"},{\"@type\":\"ListItem\",\"position\":3,\"name\":\"Ales Razanau \u201eMed\u017eiokl\u0117 rojaus sl\u0117nyje\u201c (yra kelios d\u0117m\u0117s)\"}]},{\"@type\":\"WebSite\",\"@id\":\"https:\\\/\\\/skaitytaknyga.lt\\\/#website\",\"url\":\"https:\\\/\\\/skaitytaknyga.lt\\\/\",\"name\":\"skaitytaknyga.lt\",\"description\":\"Skaitytaknyga.lt \u2013 tai ma\u017eas \u0161eimos verslas, kuris prasid\u0117jo nuo meil\u0117s knygoms ir siekio i\u0161gelb\u0117ti knygas nuo likimo prie konteinerio. Kas vienam nereikalingas daiktas \u2013 kitam lobis, o mes esame tarpininkai, kurie padeda abiems tapti laimingesniems ???? \u017dinome kaip nelengva i\u0161gyventi ma\u017eiems verslams, tad nuo \u0161iol, \u010dia rasite ir kit\u0173, ma\u017e\u0173 \u0161eim\u0173 versl\u0173, rank\u0173 darbo, dovan\u0173 sau ir artimiesiems.\",\"publisher\":{\"@id\":\"https:\\\/\\\/skaitytaknyga.lt\\\/#organization\"},\"potentialAction\":[{\"@type\":\"SearchAction\",\"target\":{\"@type\":\"EntryPoint\",\"urlTemplate\":\"https:\\\/\\\/skaitytaknyga.lt\\\/?s={search_term_string}\"},\"query-input\":{\"@type\":\"PropertyValueSpecification\",\"valueRequired\":true,\"valueName\":\"search_term_string\"}}],\"inLanguage\":\"en-GB\"},{\"@type\":\"Organization\",\"@id\":\"https:\\\/\\\/skaitytaknyga.lt\\\/#organization\",\"name\":\"skaitytaknyga.lt\",\"url\":\"https:\\\/\\\/skaitytaknyga.lt\\\/\",\"logo\":{\"@type\":\"ImageObject\",\"inLanguage\":\"en-GB\",\"@id\":\"https:\\\/\\\/skaitytaknyga.lt\\\/#\\\/schema\\\/logo\\\/image\\\/\",\"url\":\"https:\\\/\\\/skaitytaknyga.lt\\\/wp-content\\\/uploads\\\/2024\\\/05\\\/cropped-cropped-cropped-02_00843_jt3bggkj1j3HLc7SyY6rEUpg.jpeg\",\"contentUrl\":\"https:\\\/\\\/skaitytaknyga.lt\\\/wp-content\\\/uploads\\\/2024\\\/05\\\/cropped-cropped-cropped-02_00843_jt3bggkj1j3HLc7SyY6rEUpg.jpeg\",\"width\":1600,\"height\":1600,\"caption\":\"skaitytaknyga.lt\"},\"image\":{\"@id\":\"https:\\\/\\\/skaitytaknyga.lt\\\/#\\\/schema\\\/logo\\\/image\\\/\"},\"sameAs\":[\"https:\\\/\\\/www.facebook.com\\\/skaitytaknyga\\\/\"]}]}<\/script>\n<!-- \/ Yoast SEO plugin. -->","yoast_head_json":{"title":"Ales Razanau \u201eMed\u017eiokl\u0117 rojaus sl\u0117nyje\u201c (yra kelios d\u0117m\u0117s) - Skaitytaknyga","description":"Alesiaus Razanavo, baltarusi\u0173 poeto ir vert\u0117jo, poezijos rinktin\u0117. A. Razanavas \u2013 poetas filosofas. Jo poezijoje apm\u0105stomas gyvenimo sud\u0117tingumas, akimirkos ir am\u017einyb\u0117s dramatizmas, \u012fvairi\u0173 rei\u0161kini\u0173 keis\u010diausios s\u0105sajos. Jo lyrinis herojus ie\u0161ko sielos atgimimo keli\u0173. A. Razanavas lau\u017eo \u012fprastus \u017eanr\u0173 kanonus ir kuria savus: ver\u0161akazy (poetin\u0117s semantin\u0117s miniati\u016bros), znomy (forizmai, maksimos), kuria punktyrus. Yra i\u0161leid\u0119s per de\u0161imt poezijos knyg\u0173.","robots":{"index":"index","follow":"follow","max-snippet":"max-snippet:-1","max-image-preview":"max-image-preview:large","max-video-preview":"max-video-preview:-1"},"canonical":"https:\/\/skaitytaknyga.lt\/en\/produktas\/ales-razanau-medziokle-rojaus-slenyje-yra-kelios-demes\/","og_locale":"en_GB","og_type":"article","og_title":"Ales Razanau \u201eMed\u017eiokl\u0117 rojaus sl\u0117nyje\u201c (yra kelios d\u0117m\u0117s) - Skaitytaknyga","og_description":"Alesiaus Razanavo, baltarusi\u0173 poeto ir vert\u0117jo, poezijos rinktin\u0117. A. Razanavas \u2013 poetas filosofas. Jo poezijoje apm\u0105stomas gyvenimo sud\u0117tingumas, akimirkos ir am\u017einyb\u0117s dramatizmas, \u012fvairi\u0173 rei\u0161kini\u0173 keis\u010diausios s\u0105sajos. Jo lyrinis herojus ie\u0161ko sielos atgimimo keli\u0173. A. Razanavas lau\u017eo \u012fprastus \u017eanr\u0173 kanonus ir kuria savus: ver\u0161akazy (poetin\u0117s semantin\u0117s miniati\u016bros), znomy (forizmai, maksimos), kuria punktyrus. Yra i\u0161leid\u0119s per de\u0161imt poezijos knyg\u0173.","og_url":"https:\/\/skaitytaknyga.lt\/en\/produktas\/ales-razanau-medziokle-rojaus-slenyje-yra-kelios-demes\/","og_site_name":"Skaitytaknyga","article_publisher":"https:\/\/www.facebook.com\/skaitytaknyga\/","article_modified_time":"2024-05-04T19:19:55+00:00","og_image":[{"width":186,"height":271,"url":"https:\/\/skaitytaknyga.lt\/wp-content\/uploads\/2024\/05\/atsisiusti-1-1-1.jpg","type":"image\/jpeg"}],"twitter_card":"summary_large_image","schema":{"@context":"https:\/\/schema.org","@graph":[{"@type":"WebPage","@id":"https:\/\/skaitytaknyga.lt\/produktas\/ales-razanau-medziokle-rojaus-slenyje-yra-kelios-demes\/","url":"https:\/\/skaitytaknyga.lt\/produktas\/ales-razanau-medziokle-rojaus-slenyje-yra-kelios-demes\/","name":"Ales Razanau \u201eMed\u017eiokl\u0117 rojaus sl\u0117nyje\u201c (yra kelios d\u0117m\u0117s) - Skaitytaknyga","isPartOf":{"@id":"https:\/\/skaitytaknyga.lt\/#website"},"primaryImageOfPage":{"@id":"https:\/\/skaitytaknyga.lt\/produktas\/ales-razanau-medziokle-rojaus-slenyje-yra-kelios-demes\/#primaryimage"},"image":{"@id":"https:\/\/skaitytaknyga.lt\/produktas\/ales-razanau-medziokle-rojaus-slenyje-yra-kelios-demes\/#primaryimage"},"thumbnailUrl":"https:\/\/skaitytaknyga.lt\/wp-content\/uploads\/2024\/05\/atsisiusti-1-1-1.jpg","datePublished":"2024-05-04T19:18:36+00:00","dateModified":"2024-05-04T19:19:55+00:00","description":"Alesiaus Razanavo, baltarusi\u0173 poeto ir vert\u0117jo, poezijos rinktin\u0117. A. Razanavas \u2013 poetas filosofas. Jo poezijoje apm\u0105stomas gyvenimo sud\u0117tingumas, akimirkos ir am\u017einyb\u0117s dramatizmas, \u012fvairi\u0173 rei\u0161kini\u0173 keis\u010diausios s\u0105sajos. Jo lyrinis herojus ie\u0161ko sielos atgimimo keli\u0173. A. Razanavas lau\u017eo \u012fprastus \u017eanr\u0173 kanonus ir kuria savus: ver\u0161akazy (poetin\u0117s semantin\u0117s miniati\u016bros), znomy (forizmai, maksimos), kuria punktyrus. Yra i\u0161leid\u0119s per de\u0161imt poezijos knyg\u0173.","breadcrumb":{"@id":"https:\/\/skaitytaknyga.lt\/produktas\/ales-razanau-medziokle-rojaus-slenyje-yra-kelios-demes\/#breadcrumb"},"inLanguage":"en-GB","potentialAction":[{"@type":"ReadAction","target":["https:\/\/skaitytaknyga.lt\/produktas\/ales-razanau-medziokle-rojaus-slenyje-yra-kelios-demes\/"]}]},{"@type":"ImageObject","inLanguage":"en-GB","@id":"https:\/\/skaitytaknyga.lt\/produktas\/ales-razanau-medziokle-rojaus-slenyje-yra-kelios-demes\/#primaryimage","url":"https:\/\/skaitytaknyga.lt\/wp-content\/uploads\/2024\/05\/atsisiusti-1-1-1.jpg","contentUrl":"https:\/\/skaitytaknyga.lt\/wp-content\/uploads\/2024\/05\/atsisiusti-1-1-1.jpg","width":186,"height":271},{"@type":"BreadcrumbList","@id":"https:\/\/skaitytaknyga.lt\/produktas\/ales-razanau-medziokle-rojaus-slenyje-yra-kelios-demes\/#breadcrumb","itemListElement":[{"@type":"ListItem","position":1,"name":"Home","item":"https:\/\/skaitytaknyga.lt\/"},{"@type":"ListItem","position":2,"name":"Parduotuv\u0117","item":"https:\/\/skaitytaknyga.lt\/knygu-parduotuve\/"},{"@type":"ListItem","position":3,"name":"Ales Razanau \u201eMed\u017eiokl\u0117 rojaus sl\u0117nyje\u201c (yra kelios d\u0117m\u0117s)"}]},{"@type":"WebSite","@id":"https:\/\/skaitytaknyga.lt\/#website","url":"https:\/\/skaitytaknyga.lt\/","name":"skaitytaknyga.lt","description":"Skaitytaknyga.lt \u2013 tai ma\u017eas \u0161eimos verslas, kuris prasid\u0117jo nuo meil\u0117s knygoms ir siekio i\u0161gelb\u0117ti knygas nuo likimo prie konteinerio. Kas vienam nereikalingas daiktas \u2013 kitam lobis, o mes esame tarpininkai, kurie padeda abiems tapti laimingesniems ???? \u017dinome kaip nelengva i\u0161gyventi ma\u017eiems verslams, tad nuo \u0161iol, \u010dia rasite ir kit\u0173, ma\u017e\u0173 \u0161eim\u0173 versl\u0173, rank\u0173 darbo, dovan\u0173 sau ir artimiesiems.","publisher":{"@id":"https:\/\/skaitytaknyga.lt\/#organization"},"potentialAction":[{"@type":"SearchAction","target":{"@type":"EntryPoint","urlTemplate":"https:\/\/skaitytaknyga.lt\/?s={search_term_string}"},"query-input":{"@type":"PropertyValueSpecification","valueRequired":true,"valueName":"search_term_string"}}],"inLanguage":"en-GB"},{"@type":"Organization","@id":"https:\/\/skaitytaknyga.lt\/#organization","name":"skaitytaknyga.lt","url":"https:\/\/skaitytaknyga.lt\/","logo":{"@type":"ImageObject","inLanguage":"en-GB","@id":"https:\/\/skaitytaknyga.lt\/#\/schema\/logo\/image\/","url":"https:\/\/skaitytaknyga.lt\/wp-content\/uploads\/2024\/05\/cropped-cropped-cropped-02_00843_jt3bggkj1j3HLc7SyY6rEUpg.jpeg","contentUrl":"https:\/\/skaitytaknyga.lt\/wp-content\/uploads\/2024\/05\/cropped-cropped-cropped-02_00843_jt3bggkj1j3HLc7SyY6rEUpg.jpeg","width":1600,"height":1600,"caption":"skaitytaknyga.lt"},"image":{"@id":"https:\/\/skaitytaknyga.lt\/#\/schema\/logo\/image\/"},"sameAs":["https:\/\/www.facebook.com\/skaitytaknyga\/"]}]}},"_links":{"self":[{"href":"https:\/\/skaitytaknyga.lt\/en\/wp-json\/wp\/v2\/product\/10880","targetHints":{"allow":["GET"]}}],"collection":[{"href":"https:\/\/skaitytaknyga.lt\/en\/wp-json\/wp\/v2\/product"}],"about":[{"href":"https:\/\/skaitytaknyga.lt\/en\/wp-json\/wp\/v2\/types\/product"}],"replies":[{"embeddable":true,"href":"https:\/\/skaitytaknyga.lt\/en\/wp-json\/wp\/v2\/comments?post=10880"}],"wp:featuredmedia":[{"embeddable":true,"href":"https:\/\/skaitytaknyga.lt\/en\/wp-json\/wp\/v2\/media\/10917"}],"wp:attachment":[{"href":"https:\/\/skaitytaknyga.lt\/en\/wp-json\/wp\/v2\/media?parent=10880"}],"wp:term":[{"taxonomy":"product_brand","embeddable":true,"href":"https:\/\/skaitytaknyga.lt\/en\/wp-json\/wp\/v2\/product_brand?post=10880"},{"taxonomy":"product_cat","embeddable":true,"href":"https:\/\/skaitytaknyga.lt\/en\/wp-json\/wp\/v2\/product_cat?post=10880"},{"taxonomy":"product_tag","embeddable":true,"href":"https:\/\/skaitytaknyga.lt\/en\/wp-json\/wp\/v2\/product_tag?post=10880"}],"curies":[{"name":"wp","href":"https:\/\/api.w.org\/{rel}","templated":true}]}}