{"id":10879,"date":"2024-05-04T19:18:36","date_gmt":"2024-05-04T19:18:36","guid":{"rendered":"https:\/\/skaitytaknyga.lt\/?post_type=product&#038;p=10879"},"modified":"2024-05-04T19:19:52","modified_gmt":"2024-05-04T19:19:52","slug":"s-pileckis-lietuvos-vabalai-iplyses-pirmas-puslapis-truputi-paklijuotas-surisimas","status":"publish","type":"product","link":"https:\/\/skaitytaknyga.lt\/en\/produktas\/s-pileckis-lietuvos-vabalai-iplyses-pirmas-puslapis-truputi-paklijuotas-surisimas\/","title":{"rendered":"S. Pileckis \u201eLietuvos vabalai\u201c (\u012eply\u0161\u0119s pirmas puslapis, truput\u012f paklijuotas suri\u0161imas)"},"content":{"rendered":"<p>Knygos prad\u017eioje pateikiama vabal\u0173 ap\u017evalga. Toliau sudarytos lentel\u0117s visoms 79 \u0161eimoms apib\u016bdinti. Kituose skyriuose smulkiau aptariama 21 \u0161eima. Apra\u0161oma r\u016b\u0161in\u0117 sud\u0117tis, zoogeorafija, ekologin\u0117s grup\u0117s, \u016bkin\u0117 reik\u0161m\u0117 ir pateiktos lentel\u0117s svarbesn\u0117ms gentims bei r\u016b\u0161ims apib\u016bdinti. Kiekvien\u0105 gent\u012f smulkiau apib\u016bdinant nurodoma r\u016b\u0161i\u0173 skai\u010dius Lietuvoje. Knygos pabaigoje pateiktas 1952-1975 m. Lietuvoje rast\u0173 2203 vabal\u0173 r\u016b\u0161i\u0173 sistematinis s\u0105ra\u0161as. Pateikti vabal\u0173 spalvoti pie\u0161iniai ir lerv\u0173 schematiniai paveikslai. Tai apib\u016bdinimo raktas. Prisegu knygos vidini\u0173 lap\u0173 nuotrauk\u0105. Atsiusiu nurodytu adresu, prie\u0161 tai gavus pinigus u\u017e knyg\u0105 ir siuntimo i\u0161laidas.<\/p>\n","protected":false},"excerpt":{"rendered":"<p>Knyga apie dendrologij\u0105 \u2013 botanikos mokslo \u0161ak\u0105, tyrin\u0117jan\u010di\u0105 sumed\u0117jusius augalus. Skaitytojas \u010dia supa\u017eindinamas su retesniais ir \u012fdomesniais pasaulio augalais, su kai kuriomis nepaprastomis j\u0173 savyb\u0117mis. Skiriama pla\u010diajam skaitytoj\u0173 ratui.<\/p>\n","protected":false},"featured_media":10911,"comment_status":"closed","ping_status":"closed","template":"","meta":{"_acf_changed":false,"site-sidebar-layout":"default","site-content-layout":"","ast-site-content-layout":"default","site-content-style":"default","site-sidebar-style":"default","ast-global-header-display":"","ast-banner-title-visibility":"","ast-main-header-display":"","ast-hfb-above-header-display":"","ast-hfb-below-header-display":"","ast-hfb-mobile-header-display":"","site-post-title":"","ast-breadcrumbs-content":"","ast-featured-img":"","footer-sml-layout":"","ast-disable-related-posts":"","theme-transparent-header-meta":"","adv-header-id-meta":"","stick-header-meta":"","header-above-stick-meta":"","header-main-stick-meta":"","header-below-stick-meta":"","astra-migrate-meta-layouts":"default","ast-page-background-enabled":"default","ast-page-background-meta":{"desktop":{"background-color":"","background-image":"","background-repeat":"repeat","background-position":"center center","background-size":"auto","background-attachment":"scroll","background-type":"","background-media":"","overlay-type":"","overlay-color":"","overlay-opacity":"","overlay-gradient":""},"tablet":{"background-color":"","background-image":"","background-repeat":"repeat","background-position":"center center","background-size":"auto","background-attachment":"scroll","background-type":"","background-media":"","overlay-type":"","overlay-color":"","overlay-opacity":"","overlay-gradient":""},"mobile":{"background-color":"","background-image":"","background-repeat":"repeat","background-position":"center center","background-size":"auto","background-attachment":"scroll","background-type":"","background-media":"","overlay-type":"","overlay-color":"","overlay-opacity":"","overlay-gradient":""}},"ast-content-background-meta":{"desktop":{"background-color":"var(--ast-global-color-4)","background-image":"","background-repeat":"repeat","background-position":"center center","background-size":"auto","background-attachment":"scroll","background-type":"","background-media":"","overlay-type":"","overlay-color":"","overlay-opacity":"","overlay-gradient":""},"tablet":{"background-color":"var(--ast-global-color-4)","background-image":"","background-repeat":"repeat","background-position":"center center","background-size":"auto","background-attachment":"scroll","background-type":"","background-media":"","overlay-type":"","overlay-color":"","overlay-opacity":"","overlay-gradient":""},"mobile":{"background-color":"var(--ast-global-color-4)","background-image":"","background-repeat":"repeat","background-position":"center center","background-size":"auto","background-attachment":"scroll","background-type":"","background-media":"","overlay-type":"","overlay-color":"","overlay-opacity":"","overlay-gradient":""}}},"product_brand":[],"product_cat":[269,74],"product_tag":[],"class_list":{"0":"post-10879","1":"product","2":"type-product","3":"status-publish","4":"has-post-thumbnail","6":"product_cat-gamtos-mokslai","7":"product_cat-sodas-darzas-ir-gelynai","8":"desktop-align-left","9":"tablet-align-left","10":"mobile-align-left","12":"first","13":"outofstock","14":"shipping-taxable","15":"purchasable","16":"product-type-simple"},"acf":[],"yoast_head":"<!-- This site is optimized with the Yoast SEO plugin v27.4 - https:\/\/yoast.com\/product\/yoast-seo-wordpress\/ -->\n<title>S. Pileckis \u201eLietuvos vabalai\u201c (\u012eply\u0161\u0119s pirmas puslapis, truput\u012f paklijuotas suri\u0161imas) - Skaitytaknyga<\/title>\n<meta name=\"description\" content=\"Knyga apie dendrologij\u0105 \u2013 botanikos mokslo \u0161ak\u0105, tyrin\u0117jan\u010di\u0105 sumed\u0117jusius augalus. Skaitytojas \u010dia supa\u017eindinamas su retesniais ir \u012fdomesniais pasaulio augalais, su kai kuriomis nepaprastomis j\u0173 savyb\u0117mis. Skiriama pla\u010diajam skaitytoj\u0173 ratui.\" \/>\n<meta name=\"robots\" content=\"index, follow, max-snippet:-1, max-image-preview:large, max-video-preview:-1\" \/>\n<link rel=\"canonical\" href=\"https:\/\/skaitytaknyga.lt\/en\/produktas\/s-pileckis-lietuvos-vabalai-iplyses-pirmas-puslapis-truputi-paklijuotas-surisimas\/\" \/>\n<meta property=\"og:locale\" content=\"en_GB\" \/>\n<meta property=\"og:locale:alternate\" content=\"lt_LT\" \/>\n<meta property=\"og:type\" content=\"article\" \/>\n<meta property=\"og:title\" content=\"S. Pileckis \u201eLietuvos vabalai\u201c (\u012eply\u0161\u0119s pirmas puslapis, truput\u012f paklijuotas suri\u0161imas) - Skaitytaknyga\" \/>\n<meta property=\"og:description\" content=\"Knyga apie dendrologij\u0105 \u2013 botanikos mokslo \u0161ak\u0105, tyrin\u0117jan\u010di\u0105 sumed\u0117jusius augalus. Skaitytojas \u010dia supa\u017eindinamas su retesniais ir \u012fdomesniais pasaulio augalais, su kai kuriomis nepaprastomis j\u0173 savyb\u0117mis. Skiriama pla\u010diajam skaitytoj\u0173 ratui.\" \/>\n<meta property=\"og:url\" content=\"https:\/\/skaitytaknyga.lt\/en\/produktas\/s-pileckis-lietuvos-vabalai-iplyses-pirmas-puslapis-truputi-paklijuotas-surisimas\/\" \/>\n<meta property=\"og:site_name\" content=\"Skaitytaknyga\" \/>\n<meta property=\"article:publisher\" content=\"https:\/\/www.facebook.com\/skaitytaknyga\/\" \/>\n<meta property=\"article:modified_time\" content=\"2024-05-04T19:19:52+00:00\" \/>\n<meta property=\"og:image\" content=\"https:\/\/skaitytaknyga.lt\/wp-content\/uploads\/2024\/05\/lietuvos-vabalai.jpg\" \/>\n\t<meta property=\"og:image:width\" content=\"1082\" \/>\n\t<meta property=\"og:image:height\" content=\"1600\" \/>\n\t<meta property=\"og:image:type\" content=\"image\/jpeg\" \/>\n<meta name=\"twitter:card\" content=\"summary_large_image\" \/>\n<meta name=\"twitter:label1\" content=\"Estimated reading time\" \/>\n\t<meta name=\"twitter:data1\" content=\"1 minute\" \/>\n<script type=\"application\/ld+json\" class=\"yoast-schema-graph\">{\"@context\":\"https:\\\/\\\/schema.org\",\"@graph\":[{\"@type\":\"WebPage\",\"@id\":\"https:\\\/\\\/skaitytaknyga.lt\\\/produktas\\\/s-pileckis-lietuvos-vabalai-iplyses-pirmas-puslapis-truputi-paklijuotas-surisimas\\\/\",\"url\":\"https:\\\/\\\/skaitytaknyga.lt\\\/produktas\\\/s-pileckis-lietuvos-vabalai-iplyses-pirmas-puslapis-truputi-paklijuotas-surisimas\\\/\",\"name\":\"S. Pileckis \u201eLietuvos vabalai\u201c (\u012eply\u0161\u0119s pirmas puslapis, truput\u012f paklijuotas suri\u0161imas) - Skaitytaknyga\",\"isPartOf\":{\"@id\":\"https:\\\/\\\/skaitytaknyga.lt\\\/#website\"},\"primaryImageOfPage\":{\"@id\":\"https:\\\/\\\/skaitytaknyga.lt\\\/produktas\\\/s-pileckis-lietuvos-vabalai-iplyses-pirmas-puslapis-truputi-paklijuotas-surisimas\\\/#primaryimage\"},\"image\":{\"@id\":\"https:\\\/\\\/skaitytaknyga.lt\\\/produktas\\\/s-pileckis-lietuvos-vabalai-iplyses-pirmas-puslapis-truputi-paklijuotas-surisimas\\\/#primaryimage\"},\"thumbnailUrl\":\"https:\\\/\\\/skaitytaknyga.lt\\\/wp-content\\\/uploads\\\/2024\\\/05\\\/lietuvos-vabalai.jpg\",\"datePublished\":\"2024-05-04T19:18:36+00:00\",\"dateModified\":\"2024-05-04T19:19:52+00:00\",\"description\":\"Knyga apie dendrologij\u0105 \u2013 botanikos mokslo \u0161ak\u0105, tyrin\u0117jan\u010di\u0105 sumed\u0117jusius augalus. Skaitytojas \u010dia supa\u017eindinamas su retesniais ir \u012fdomesniais pasaulio augalais, su kai kuriomis nepaprastomis j\u0173 savyb\u0117mis. Skiriama pla\u010diajam skaitytoj\u0173 ratui.\",\"breadcrumb\":{\"@id\":\"https:\\\/\\\/skaitytaknyga.lt\\\/produktas\\\/s-pileckis-lietuvos-vabalai-iplyses-pirmas-puslapis-truputi-paklijuotas-surisimas\\\/#breadcrumb\"},\"inLanguage\":\"en-GB\",\"potentialAction\":[{\"@type\":\"ReadAction\",\"target\":[\"https:\\\/\\\/skaitytaknyga.lt\\\/produktas\\\/s-pileckis-lietuvos-vabalai-iplyses-pirmas-puslapis-truputi-paklijuotas-surisimas\\\/\"]}]},{\"@type\":\"ImageObject\",\"inLanguage\":\"en-GB\",\"@id\":\"https:\\\/\\\/skaitytaknyga.lt\\\/produktas\\\/s-pileckis-lietuvos-vabalai-iplyses-pirmas-puslapis-truputi-paklijuotas-surisimas\\\/#primaryimage\",\"url\":\"https:\\\/\\\/skaitytaknyga.lt\\\/wp-content\\\/uploads\\\/2024\\\/05\\\/lietuvos-vabalai.jpg\",\"contentUrl\":\"https:\\\/\\\/skaitytaknyga.lt\\\/wp-content\\\/uploads\\\/2024\\\/05\\\/lietuvos-vabalai.jpg\",\"width\":1082,\"height\":1600},{\"@type\":\"BreadcrumbList\",\"@id\":\"https:\\\/\\\/skaitytaknyga.lt\\\/produktas\\\/s-pileckis-lietuvos-vabalai-iplyses-pirmas-puslapis-truputi-paklijuotas-surisimas\\\/#breadcrumb\",\"itemListElement\":[{\"@type\":\"ListItem\",\"position\":1,\"name\":\"Home\",\"item\":\"https:\\\/\\\/skaitytaknyga.lt\\\/\"},{\"@type\":\"ListItem\",\"position\":2,\"name\":\"Parduotuv\u0117\",\"item\":\"https:\\\/\\\/skaitytaknyga.lt\\\/knygu-parduotuve\\\/\"},{\"@type\":\"ListItem\",\"position\":3,\"name\":\"S. Pileckis \u201eLietuvos vabalai\u201c (\u012eply\u0161\u0119s pirmas puslapis, truput\u012f paklijuotas suri\u0161imas)\"}]},{\"@type\":\"WebSite\",\"@id\":\"https:\\\/\\\/skaitytaknyga.lt\\\/#website\",\"url\":\"https:\\\/\\\/skaitytaknyga.lt\\\/\",\"name\":\"skaitytaknyga.lt\",\"description\":\"Skaitytaknyga.lt \u2013 tai ma\u017eas \u0161eimos verslas, kuris prasid\u0117jo nuo meil\u0117s knygoms ir siekio i\u0161gelb\u0117ti knygas nuo likimo prie konteinerio. Kas vienam nereikalingas daiktas \u2013 kitam lobis, o mes esame tarpininkai, kurie padeda abiems tapti laimingesniems ???? \u017dinome kaip nelengva i\u0161gyventi ma\u017eiems verslams, tad nuo \u0161iol, \u010dia rasite ir kit\u0173, ma\u017e\u0173 \u0161eim\u0173 versl\u0173, rank\u0173 darbo, dovan\u0173 sau ir artimiesiems.\",\"publisher\":{\"@id\":\"https:\\\/\\\/skaitytaknyga.lt\\\/#organization\"},\"potentialAction\":[{\"@type\":\"SearchAction\",\"target\":{\"@type\":\"EntryPoint\",\"urlTemplate\":\"https:\\\/\\\/skaitytaknyga.lt\\\/?s={search_term_string}\"},\"query-input\":{\"@type\":\"PropertyValueSpecification\",\"valueRequired\":true,\"valueName\":\"search_term_string\"}}],\"inLanguage\":\"en-GB\"},{\"@type\":\"Organization\",\"@id\":\"https:\\\/\\\/skaitytaknyga.lt\\\/#organization\",\"name\":\"skaitytaknyga.lt\",\"url\":\"https:\\\/\\\/skaitytaknyga.lt\\\/\",\"logo\":{\"@type\":\"ImageObject\",\"inLanguage\":\"en-GB\",\"@id\":\"https:\\\/\\\/skaitytaknyga.lt\\\/#\\\/schema\\\/logo\\\/image\\\/\",\"url\":\"https:\\\/\\\/skaitytaknyga.lt\\\/wp-content\\\/uploads\\\/2024\\\/05\\\/cropped-cropped-cropped-02_00843_jt3bggkj1j3HLc7SyY6rEUpg.jpeg\",\"contentUrl\":\"https:\\\/\\\/skaitytaknyga.lt\\\/wp-content\\\/uploads\\\/2024\\\/05\\\/cropped-cropped-cropped-02_00843_jt3bggkj1j3HLc7SyY6rEUpg.jpeg\",\"width\":1600,\"height\":1600,\"caption\":\"skaitytaknyga.lt\"},\"image\":{\"@id\":\"https:\\\/\\\/skaitytaknyga.lt\\\/#\\\/schema\\\/logo\\\/image\\\/\"},\"sameAs\":[\"https:\\\/\\\/www.facebook.com\\\/skaitytaknyga\\\/\"]}]}<\/script>\n<!-- \/ Yoast SEO plugin. -->","yoast_head_json":{"title":"S. Pileckis \u201eLietuvos vabalai\u201c (\u012eply\u0161\u0119s pirmas puslapis, truput\u012f paklijuotas suri\u0161imas) - Skaitytaknyga","description":"Knyga apie dendrologij\u0105 \u2013 botanikos mokslo \u0161ak\u0105, tyrin\u0117jan\u010di\u0105 sumed\u0117jusius augalus. Skaitytojas \u010dia supa\u017eindinamas su retesniais ir \u012fdomesniais pasaulio augalais, su kai kuriomis nepaprastomis j\u0173 savyb\u0117mis. Skiriama pla\u010diajam skaitytoj\u0173 ratui.","robots":{"index":"index","follow":"follow","max-snippet":"max-snippet:-1","max-image-preview":"max-image-preview:large","max-video-preview":"max-video-preview:-1"},"canonical":"https:\/\/skaitytaknyga.lt\/en\/produktas\/s-pileckis-lietuvos-vabalai-iplyses-pirmas-puslapis-truputi-paklijuotas-surisimas\/","og_locale":"en_GB","og_type":"article","og_title":"S. Pileckis \u201eLietuvos vabalai\u201c (\u012eply\u0161\u0119s pirmas puslapis, truput\u012f paklijuotas suri\u0161imas) - Skaitytaknyga","og_description":"Knyga apie dendrologij\u0105 \u2013 botanikos mokslo \u0161ak\u0105, tyrin\u0117jan\u010di\u0105 sumed\u0117jusius augalus. Skaitytojas \u010dia supa\u017eindinamas su retesniais ir \u012fdomesniais pasaulio augalais, su kai kuriomis nepaprastomis j\u0173 savyb\u0117mis. Skiriama pla\u010diajam skaitytoj\u0173 ratui.","og_url":"https:\/\/skaitytaknyga.lt\/en\/produktas\/s-pileckis-lietuvos-vabalai-iplyses-pirmas-puslapis-truputi-paklijuotas-surisimas\/","og_site_name":"Skaitytaknyga","article_publisher":"https:\/\/www.facebook.com\/skaitytaknyga\/","article_modified_time":"2024-05-04T19:19:52+00:00","og_image":[{"width":1082,"height":1600,"url":"https:\/\/skaitytaknyga.lt\/wp-content\/uploads\/2024\/05\/lietuvos-vabalai.jpg","type":"image\/jpeg"}],"twitter_card":"summary_large_image","twitter_misc":{"Estimated reading time":"1 minute"},"schema":{"@context":"https:\/\/schema.org","@graph":[{"@type":"WebPage","@id":"https:\/\/skaitytaknyga.lt\/produktas\/s-pileckis-lietuvos-vabalai-iplyses-pirmas-puslapis-truputi-paklijuotas-surisimas\/","url":"https:\/\/skaitytaknyga.lt\/produktas\/s-pileckis-lietuvos-vabalai-iplyses-pirmas-puslapis-truputi-paklijuotas-surisimas\/","name":"S. Pileckis \u201eLietuvos vabalai\u201c (\u012eply\u0161\u0119s pirmas puslapis, truput\u012f paklijuotas suri\u0161imas) - Skaitytaknyga","isPartOf":{"@id":"https:\/\/skaitytaknyga.lt\/#website"},"primaryImageOfPage":{"@id":"https:\/\/skaitytaknyga.lt\/produktas\/s-pileckis-lietuvos-vabalai-iplyses-pirmas-puslapis-truputi-paklijuotas-surisimas\/#primaryimage"},"image":{"@id":"https:\/\/skaitytaknyga.lt\/produktas\/s-pileckis-lietuvos-vabalai-iplyses-pirmas-puslapis-truputi-paklijuotas-surisimas\/#primaryimage"},"thumbnailUrl":"https:\/\/skaitytaknyga.lt\/wp-content\/uploads\/2024\/05\/lietuvos-vabalai.jpg","datePublished":"2024-05-04T19:18:36+00:00","dateModified":"2024-05-04T19:19:52+00:00","description":"Knyga apie dendrologij\u0105 \u2013 botanikos mokslo \u0161ak\u0105, tyrin\u0117jan\u010di\u0105 sumed\u0117jusius augalus. Skaitytojas \u010dia supa\u017eindinamas su retesniais ir \u012fdomesniais pasaulio augalais, su kai kuriomis nepaprastomis j\u0173 savyb\u0117mis. Skiriama pla\u010diajam skaitytoj\u0173 ratui.","breadcrumb":{"@id":"https:\/\/skaitytaknyga.lt\/produktas\/s-pileckis-lietuvos-vabalai-iplyses-pirmas-puslapis-truputi-paklijuotas-surisimas\/#breadcrumb"},"inLanguage":"en-GB","potentialAction":[{"@type":"ReadAction","target":["https:\/\/skaitytaknyga.lt\/produktas\/s-pileckis-lietuvos-vabalai-iplyses-pirmas-puslapis-truputi-paklijuotas-surisimas\/"]}]},{"@type":"ImageObject","inLanguage":"en-GB","@id":"https:\/\/skaitytaknyga.lt\/produktas\/s-pileckis-lietuvos-vabalai-iplyses-pirmas-puslapis-truputi-paklijuotas-surisimas\/#primaryimage","url":"https:\/\/skaitytaknyga.lt\/wp-content\/uploads\/2024\/05\/lietuvos-vabalai.jpg","contentUrl":"https:\/\/skaitytaknyga.lt\/wp-content\/uploads\/2024\/05\/lietuvos-vabalai.jpg","width":1082,"height":1600},{"@type":"BreadcrumbList","@id":"https:\/\/skaitytaknyga.lt\/produktas\/s-pileckis-lietuvos-vabalai-iplyses-pirmas-puslapis-truputi-paklijuotas-surisimas\/#breadcrumb","itemListElement":[{"@type":"ListItem","position":1,"name":"Home","item":"https:\/\/skaitytaknyga.lt\/"},{"@type":"ListItem","position":2,"name":"Parduotuv\u0117","item":"https:\/\/skaitytaknyga.lt\/knygu-parduotuve\/"},{"@type":"ListItem","position":3,"name":"S. Pileckis \u201eLietuvos vabalai\u201c (\u012eply\u0161\u0119s pirmas puslapis, truput\u012f paklijuotas suri\u0161imas)"}]},{"@type":"WebSite","@id":"https:\/\/skaitytaknyga.lt\/#website","url":"https:\/\/skaitytaknyga.lt\/","name":"skaitytaknyga.lt","description":"Skaitytaknyga.lt \u2013 tai ma\u017eas \u0161eimos verslas, kuris prasid\u0117jo nuo meil\u0117s knygoms ir siekio i\u0161gelb\u0117ti knygas nuo likimo prie konteinerio. Kas vienam nereikalingas daiktas \u2013 kitam lobis, o mes esame tarpininkai, kurie padeda abiems tapti laimingesniems ???? \u017dinome kaip nelengva i\u0161gyventi ma\u017eiems verslams, tad nuo \u0161iol, \u010dia rasite ir kit\u0173, ma\u017e\u0173 \u0161eim\u0173 versl\u0173, rank\u0173 darbo, dovan\u0173 sau ir artimiesiems.","publisher":{"@id":"https:\/\/skaitytaknyga.lt\/#organization"},"potentialAction":[{"@type":"SearchAction","target":{"@type":"EntryPoint","urlTemplate":"https:\/\/skaitytaknyga.lt\/?s={search_term_string}"},"query-input":{"@type":"PropertyValueSpecification","valueRequired":true,"valueName":"search_term_string"}}],"inLanguage":"en-GB"},{"@type":"Organization","@id":"https:\/\/skaitytaknyga.lt\/#organization","name":"skaitytaknyga.lt","url":"https:\/\/skaitytaknyga.lt\/","logo":{"@type":"ImageObject","inLanguage":"en-GB","@id":"https:\/\/skaitytaknyga.lt\/#\/schema\/logo\/image\/","url":"https:\/\/skaitytaknyga.lt\/wp-content\/uploads\/2024\/05\/cropped-cropped-cropped-02_00843_jt3bggkj1j3HLc7SyY6rEUpg.jpeg","contentUrl":"https:\/\/skaitytaknyga.lt\/wp-content\/uploads\/2024\/05\/cropped-cropped-cropped-02_00843_jt3bggkj1j3HLc7SyY6rEUpg.jpeg","width":1600,"height":1600,"caption":"skaitytaknyga.lt"},"image":{"@id":"https:\/\/skaitytaknyga.lt\/#\/schema\/logo\/image\/"},"sameAs":["https:\/\/www.facebook.com\/skaitytaknyga\/"]}]}},"_links":{"self":[{"href":"https:\/\/skaitytaknyga.lt\/en\/wp-json\/wp\/v2\/product\/10879","targetHints":{"allow":["GET"]}}],"collection":[{"href":"https:\/\/skaitytaknyga.lt\/en\/wp-json\/wp\/v2\/product"}],"about":[{"href":"https:\/\/skaitytaknyga.lt\/en\/wp-json\/wp\/v2\/types\/product"}],"replies":[{"embeddable":true,"href":"https:\/\/skaitytaknyga.lt\/en\/wp-json\/wp\/v2\/comments?post=10879"}],"wp:featuredmedia":[{"embeddable":true,"href":"https:\/\/skaitytaknyga.lt\/en\/wp-json\/wp\/v2\/media\/10911"}],"wp:attachment":[{"href":"https:\/\/skaitytaknyga.lt\/en\/wp-json\/wp\/v2\/media?parent=10879"}],"wp:term":[{"taxonomy":"product_brand","embeddable":true,"href":"https:\/\/skaitytaknyga.lt\/en\/wp-json\/wp\/v2\/product_brand?post=10879"},{"taxonomy":"product_cat","embeddable":true,"href":"https:\/\/skaitytaknyga.lt\/en\/wp-json\/wp\/v2\/product_cat?post=10879"},{"taxonomy":"product_tag","embeddable":true,"href":"https:\/\/skaitytaknyga.lt\/en\/wp-json\/wp\/v2\/product_tag?post=10879"}],"curies":[{"name":"wp","href":"https:\/\/api.w.org\/{rel}","templated":true}]}}