{"id":10858,"date":"2024-05-04T19:17:43","date_gmt":"2024-05-04T19:17:43","guid":{"rendered":"https:\/\/skaitytaknyga.lt\/?post_type=product&#038;p=10858"},"modified":"2025-05-13T14:43:10","modified_gmt":"2025-05-13T11:43:10","slug":"antanas-paskus-dievai-dvasios-ir-zmones-naujajame-amziuje","status":"publish","type":"product","link":"https:\/\/skaitytaknyga.lt\/en\/produktas\/antanas-paskus-dievai-dvasios-ir-zmones-naujajame-amziuje\/","title":{"rendered":"Dievai, dvasios ir \u017emon\u0117s &#8220;Naujajame am\u017eiuje\u201c"},"content":{"rendered":"<p>Jau prie\u0161 dvide\u0161imtmet\u012f Mircea Eliade pasteb\u0117jo, kad \u201epagrindinis XX am\u017eiaus rei\u0161kinys nebuvo ir nebus proletariato revoliucija, bet atradimas neeuropie\u010dio \u017emogaus ir jo dvasinio pasaulio\u201c. Anuomet ne vienas \u012f \u0161i\u0105 i\u0161tarm\u0119 pa\u017ei\u016br\u0117jo skepti\u0161kai. N\u016bdien tas neeuropietis \u017emogus savo pasauliu bando pripildyti proletariato revoliucijos palikt\u0105 tu\u0161tum\u0105 Ryt\u0173 Europoje. O Vakaruose to paties neeuropie\u010dio \u017emogaus dvasia \u012fsiliejo \u012f \u201eNaujojo am\u017eiaus\u201c srov\u0119. Tuo tarpu Rytuose, taigi ir Lietuvoje, jis bando \u012fsitvirtinti kult\u0173 pavidalais. Bet jo dvasia, lyg kokiu bespalviu ir bekvapiu oru, pradeda kv\u0117puoti ir Ryt\u0173 Europos religinio temperamento \u017emon\u0117s.<\/p>\n<p>Nori nenori reikia su \u0161iuo kviestu ar nekviestu sve\u010diu susipa\u017einti. Juk \u0161is nepa\u017e\u012fstamasis gali Vakar\u0173 krik\u0161\u010dioni\u0161kosios kult\u016bros pastat\u0105 (jei toks dar yra) praturtinti arba sugriauti; asmens gyvenim\u0105 sujaukti arba j\u012f i\u0161skleisti. Visa tai priklausys nuo europie\u010dio, ypa\u010d nuo krik\u0161\u010dionio, \u017emogaus nuostatos. Viliamasi, kad \u0161ios knygos puslapiai pagelb\u0117s skaitytojui t\u0105 neeuropietin\u012f sve\u010di\u0105 bent \u0161iek tiek geriau pa\u017einti.<\/p>\n","protected":false},"excerpt":{"rendered":"<p>Jau prie\u0161 dvide\u0161imtmet\u012f Mircea Eliade pasteb\u0117jo, kad \u201epagrindinis XX am\u017eiaus rei\u0161kinys nebuvo ir nebus proletariato revoliucija, bet atradimas neeuropie\u010dio \u017emogaus ir jo dvasinio pasaulio\u201c. Anuomet ne vienas \u012f \u0161i\u0105 i\u0161tarm\u0119 pa\u017ei\u016br\u0117jo skepti\u0161kai. N\u016bdien tas neeuropietis \u017emogus savo pasauliu bando pripildyti proletariato revoliucijos palikt\u0105 tu\u0161tum\u0105 Ryt\u0173 Europoje. O Vakaruose to paties neeuropie\u010dio \u017emogaus dvasia \u012fsiliejo \u012f \u201eNaujojo am\u017eiaus\u201c srov\u0119. Tuo tarpu Rytuose, taigi ir Lietuvoje, jis bando \u012fsitvirtinti kult\u0173 pavidalais. Bet jo dvasia, lyg kokiu bespalviu ir bekvapiu oru, pradeda kv\u0117puoti ir Ryt\u0173 Europos religinio temperamento \u017emon\u0117s.<\/p>\n<p>Nori nenori reikia su \u0161iuo kviestu ar nekviestu sve\u010diu susipa\u017einti. Juk \u0161is nepa\u017e\u012fstamasis gali Vakar\u0173 krik\u0161\u010dioni\u0161kosios kult\u016bros pastat\u0105 (jei toks dar yra) praturtinti arba sugriauti; asmens gyvenim\u0105 sujaukti arba j\u012f i\u0161skleisti. Visa tai priklausys nuo europie\u010dio, ypa\u010d nuo krik\u0161\u010dionio, \u017emogaus nuostatos. Viliamasi, kad \u0161ios knygos puslapiai pagelb\u0117s skaitytojui t\u0105 neeuropietin\u012f sve\u010di\u0105 bent \u0161iek tiek geriau pa\u017einti.<\/p>\n","protected":false},"featured_media":10889,"comment_status":"closed","ping_status":"closed","template":"","meta":{"_acf_changed":false,"site-sidebar-layout":"default","site-content-layout":"","ast-site-content-layout":"default","site-content-style":"default","site-sidebar-style":"default","ast-global-header-display":"","ast-banner-title-visibility":"","ast-main-header-display":"","ast-hfb-above-header-display":"","ast-hfb-below-header-display":"","ast-hfb-mobile-header-display":"","site-post-title":"","ast-breadcrumbs-content":"","ast-featured-img":"","footer-sml-layout":"","ast-disable-related-posts":"","theme-transparent-header-meta":"","adv-header-id-meta":"","stick-header-meta":"","header-above-stick-meta":"","header-main-stick-meta":"","header-below-stick-meta":"","astra-migrate-meta-layouts":"default","ast-page-background-enabled":"default","ast-page-background-meta":{"desktop":{"background-color":"","background-image":"","background-repeat":"repeat","background-position":"center center","background-size":"auto","background-attachment":"scroll","background-type":"","background-media":"","overlay-type":"","overlay-color":"","overlay-opacity":"","overlay-gradient":""},"tablet":{"background-color":"","background-image":"","background-repeat":"repeat","background-position":"center center","background-size":"auto","background-attachment":"scroll","background-type":"","background-media":"","overlay-type":"","overlay-color":"","overlay-opacity":"","overlay-gradient":""},"mobile":{"background-color":"","background-image":"","background-repeat":"repeat","background-position":"center center","background-size":"auto","background-attachment":"scroll","background-type":"","background-media":"","overlay-type":"","overlay-color":"","overlay-opacity":"","overlay-gradient":""}},"ast-content-background-meta":{"desktop":{"background-color":"var(--ast-global-color-4)","background-image":"","background-repeat":"repeat","background-position":"center center","background-size":"auto","background-attachment":"scroll","background-type":"","background-media":"","overlay-type":"","overlay-color":"","overlay-opacity":"","overlay-gradient":""},"tablet":{"background-color":"var(--ast-global-color-4)","background-image":"","background-repeat":"repeat","background-position":"center center","background-size":"auto","background-attachment":"scroll","background-type":"","background-media":"","overlay-type":"","overlay-color":"","overlay-opacity":"","overlay-gradient":""},"mobile":{"background-color":"var(--ast-global-color-4)","background-image":"","background-repeat":"repeat","background-position":"center center","background-size":"auto","background-attachment":"scroll","background-type":"","background-media":"","overlay-type":"","overlay-color":"","overlay-opacity":"","overlay-gradient":""}}},"product_brand":[],"product_cat":[165],"product_tag":[2327,2325,2324,2322,2326,2323,2277],"class_list":{"0":"post-10858","1":"product","2":"type-product","3":"status-publish","4":"has-post-thumbnail","6":"product_cat-religija-filosofija-ir-ezoterika","7":"product_tag-antanas-paskus","8":"product_tag-dievai","9":"product_tag-dvasines-praktikos","10":"product_tag-dvasinis-pasaulis","11":"product_tag-dvasios-ir-zmones","12":"product_tag-ezoterika","13":"product_tag-religija","14":"desktop-align-left","15":"tablet-align-left","16":"mobile-align-left","18":"first","19":"instock","20":"shipping-taxable","21":"purchasable","22":"product-type-simple"},"acf":[],"yoast_head":"<!-- This site is optimized with the Yoast SEO plugin v27.0 - https:\/\/yoast.com\/product\/yoast-seo-wordpress\/ -->\n<title>Dievai, dvasios ir \u017emon\u0117s &quot;Naujajame am\u017eiuje\u201c<\/title>\n<meta name=\"description\" content=\"Jau prie\u0161 dvide\u0161imtmet\u012f Mircea Eliade pasteb\u0117jo, kad \u201epagrindinis XX am\u017eiaus rei\u0161kinys nebuvo ir nebus proletariato revoliucija, bet atradimas neeuropie\u010dio \u017emogaus ir jo dvasinio pasaulio\u201c. Anuomet ne vienas \u012f \u0161i\u0105 i\u0161tarm\u0119 pa\u017ei\u016br\u0117jo skepti\u0161kai. N\u016bdien tas neeuropietis \u017emogus savo pasauliu bando pripildyti proletariato revoliucijos palikt\u0105 tu\u0161tum\u0105 Ryt\u0173 Europoje. O Vakaruose to paties neeuropie\u010dio \u017emogaus dvasia \u012fsiliejo \u012f \u201eNaujojo am\u017eiaus\u201c srov\u0119. Tuo tarpu Rytuose, taigi ir Lietuvoje, jis bando \u012fsitvirtinti kult\u0173 pavidalais. Bet jo dvasia, lyg kokiu bespalviu ir bekvapiu oru, pradeda kv\u0117puoti ir Ryt\u0173 Europos religinio temperamento \u017emon\u0117s.  Nori nenori reikia su \u0161iuo kviestu ar nekviestu sve\u010diu susipa\u017einti. Juk \u0161is nepa\u017e\u012fstamasis gali Vakar\u0173 krik\u0161\u010dioni\u0161kosios kult\u016bros pastat\u0105 (jei toks dar yra) praturtinti arba sugriauti; asmens gyvenim\u0105 sujaukti arba j\u012f i\u0161skleisti. Visa tai priklausys nuo europie\u010dio, ypa\u010d nuo krik\u0161\u010dionio, \u017emogaus nuostatos. Viliamasi, kad \u0161ios knygos puslapiai pagelb\u0117s skaitytojui t\u0105 neeuropietin\u012f sve\u010di\u0105 bent \u0161iek tiek geriau pa\u017einti.\" \/>\n<meta name=\"robots\" content=\"index, follow, max-snippet:-1, max-image-preview:large, max-video-preview:-1\" \/>\n<link rel=\"canonical\" href=\"https:\/\/skaitytaknyga.lt\/en\/produktas\/antanas-paskus-dievai-dvasios-ir-zmones-naujajame-amziuje\/\" \/>\n<meta property=\"og:locale\" content=\"en_GB\" \/>\n<meta property=\"og:locale:alternate\" content=\"lt_LT\" \/>\n<meta property=\"og:type\" content=\"article\" \/>\n<meta property=\"og:title\" content=\"Dievai, dvasios ir \u017emon\u0117s &quot;Naujajame am\u017eiuje\u201c\" \/>\n<meta property=\"og:description\" content=\"Jau prie\u0161 dvide\u0161imtmet\u012f Mircea Eliade pasteb\u0117jo, kad \u201epagrindinis XX am\u017eiaus rei\u0161kinys nebuvo ir nebus proletariato revoliucija, bet atradimas neeuropie\u010dio \u017emogaus ir jo dvasinio pasaulio\u201c. Anuomet ne vienas \u012f \u0161i\u0105 i\u0161tarm\u0119 pa\u017ei\u016br\u0117jo skepti\u0161kai. N\u016bdien tas neeuropietis \u017emogus savo pasauliu bando pripildyti proletariato revoliucijos palikt\u0105 tu\u0161tum\u0105 Ryt\u0173 Europoje. O Vakaruose to paties neeuropie\u010dio \u017emogaus dvasia \u012fsiliejo \u012f \u201eNaujojo am\u017eiaus\u201c srov\u0119. Tuo tarpu Rytuose, taigi ir Lietuvoje, jis bando \u012fsitvirtinti kult\u0173 pavidalais. Bet jo dvasia, lyg kokiu bespalviu ir bekvapiu oru, pradeda kv\u0117puoti ir Ryt\u0173 Europos religinio temperamento \u017emon\u0117s.  Nori nenori reikia su \u0161iuo kviestu ar nekviestu sve\u010diu susipa\u017einti. Juk \u0161is nepa\u017e\u012fstamasis gali Vakar\u0173 krik\u0161\u010dioni\u0161kosios kult\u016bros pastat\u0105 (jei toks dar yra) praturtinti arba sugriauti; asmens gyvenim\u0105 sujaukti arba j\u012f i\u0161skleisti. Visa tai priklausys nuo europie\u010dio, ypa\u010d nuo krik\u0161\u010dionio, \u017emogaus nuostatos. Viliamasi, kad \u0161ios knygos puslapiai pagelb\u0117s skaitytojui t\u0105 neeuropietin\u012f sve\u010di\u0105 bent \u0161iek tiek geriau pa\u017einti.\" \/>\n<meta property=\"og:url\" content=\"https:\/\/skaitytaknyga.lt\/en\/produktas\/antanas-paskus-dievai-dvasios-ir-zmones-naujajame-amziuje\/\" \/>\n<meta property=\"og:site_name\" content=\"Skaitytaknyga\" \/>\n<meta property=\"article:publisher\" content=\"https:\/\/www.facebook.com\/skaitytaknyga\/\" \/>\n<meta property=\"article:modified_time\" content=\"2025-05-13T11:43:10+00:00\" \/>\n<meta property=\"og:image\" content=\"https:\/\/skaitytaknyga.lt\/wp-content\/uploads\/2024\/05\/194457-20211017-160633-e1680586824457.jpg\" \/>\n\t<meta property=\"og:image:width\" content=\"218\" \/>\n\t<meta property=\"og:image:height\" content=\"339\" \/>\n\t<meta property=\"og:image:type\" content=\"image\/jpeg\" \/>\n<meta name=\"twitter:card\" content=\"summary_large_image\" \/>\n<meta name=\"twitter:label1\" content=\"Estimated reading time\" \/>\n\t<meta name=\"twitter:data1\" content=\"1 minute\" \/>\n<script type=\"application\/ld+json\" class=\"yoast-schema-graph\">{\"@context\":\"https:\/\/schema.org\",\"@graph\":[{\"@type\":\"WebPage\",\"@id\":\"https:\/\/skaitytaknyga.lt\/produktas\/antanas-paskus-dievai-dvasios-ir-zmones-naujajame-amziuje\/\",\"url\":\"https:\/\/skaitytaknyga.lt\/produktas\/antanas-paskus-dievai-dvasios-ir-zmones-naujajame-amziuje\/\",\"name\":\"Dievai, dvasios ir \u017emon\u0117s \\\"Naujajame am\u017eiuje\u201c\",\"isPartOf\":{\"@id\":\"https:\/\/skaitytaknyga.lt\/#website\"},\"primaryImageOfPage\":{\"@id\":\"https:\/\/skaitytaknyga.lt\/produktas\/antanas-paskus-dievai-dvasios-ir-zmones-naujajame-amziuje\/#primaryimage\"},\"image\":{\"@id\":\"https:\/\/skaitytaknyga.lt\/produktas\/antanas-paskus-dievai-dvasios-ir-zmones-naujajame-amziuje\/#primaryimage\"},\"thumbnailUrl\":\"https:\/\/skaitytaknyga.lt\/wp-content\/uploads\/2024\/05\/194457-20211017-160633-e1680586824457.jpg\",\"datePublished\":\"2024-05-04T19:17:43+00:00\",\"dateModified\":\"2025-05-13T11:43:10+00:00\",\"description\":\"Jau prie\u0161 dvide\u0161imtmet\u012f Mircea Eliade pasteb\u0117jo, kad \u201epagrindinis XX am\u017eiaus rei\u0161kinys nebuvo ir nebus proletariato revoliucija, bet atradimas neeuropie\u010dio \u017emogaus ir jo dvasinio pasaulio\u201c. Anuomet ne vienas \u012f \u0161i\u0105 i\u0161tarm\u0119 pa\u017ei\u016br\u0117jo skepti\u0161kai. N\u016bdien tas neeuropietis \u017emogus savo pasauliu bando pripildyti proletariato revoliucijos palikt\u0105 tu\u0161tum\u0105 Ryt\u0173 Europoje. O Vakaruose to paties neeuropie\u010dio \u017emogaus dvasia \u012fsiliejo \u012f \u201eNaujojo am\u017eiaus\u201c srov\u0119. Tuo tarpu Rytuose, taigi ir Lietuvoje, jis bando \u012fsitvirtinti kult\u0173 pavidalais. Bet jo dvasia, lyg kokiu bespalviu ir bekvapiu oru, pradeda kv\u0117puoti ir Ryt\u0173 Europos religinio temperamento \u017emon\u0117s. Nori nenori reikia su \u0161iuo kviestu ar nekviestu sve\u010diu susipa\u017einti. Juk \u0161is nepa\u017e\u012fstamasis gali Vakar\u0173 krik\u0161\u010dioni\u0161kosios kult\u016bros pastat\u0105 (jei toks dar yra) praturtinti arba sugriauti; asmens gyvenim\u0105 sujaukti arba j\u012f i\u0161skleisti. Visa tai priklausys nuo europie\u010dio, ypa\u010d nuo krik\u0161\u010dionio, \u017emogaus nuostatos. Viliamasi, kad \u0161ios knygos puslapiai pagelb\u0117s skaitytojui t\u0105 neeuropietin\u012f sve\u010di\u0105 bent \u0161iek tiek geriau pa\u017einti.\",\"breadcrumb\":{\"@id\":\"https:\/\/skaitytaknyga.lt\/produktas\/antanas-paskus-dievai-dvasios-ir-zmones-naujajame-amziuje\/#breadcrumb\"},\"inLanguage\":\"en-GB\",\"potentialAction\":[{\"@type\":\"ReadAction\",\"target\":[\"https:\/\/skaitytaknyga.lt\/produktas\/antanas-paskus-dievai-dvasios-ir-zmones-naujajame-amziuje\/\"]}]},{\"@type\":\"ImageObject\",\"inLanguage\":\"en-GB\",\"@id\":\"https:\/\/skaitytaknyga.lt\/produktas\/antanas-paskus-dievai-dvasios-ir-zmones-naujajame-amziuje\/#primaryimage\",\"url\":\"https:\/\/skaitytaknyga.lt\/wp-content\/uploads\/2024\/05\/194457-20211017-160633-e1680586824457.jpg\",\"contentUrl\":\"https:\/\/skaitytaknyga.lt\/wp-content\/uploads\/2024\/05\/194457-20211017-160633-e1680586824457.jpg\",\"width\":218,\"height\":339},{\"@type\":\"BreadcrumbList\",\"@id\":\"https:\/\/skaitytaknyga.lt\/produktas\/antanas-paskus-dievai-dvasios-ir-zmones-naujajame-amziuje\/#breadcrumb\",\"itemListElement\":[{\"@type\":\"ListItem\",\"position\":1,\"name\":\"Home\",\"item\":\"https:\/\/skaitytaknyga.lt\/\"},{\"@type\":\"ListItem\",\"position\":2,\"name\":\"Parduotuv\u0117\",\"item\":\"https:\/\/skaitytaknyga.lt\/knygu-parduotuve\/\"},{\"@type\":\"ListItem\",\"position\":3,\"name\":\"Dievai, dvasios ir \u017emon\u0117s &#8220;Naujajame am\u017eiuje\u201c\"}]},{\"@type\":\"WebSite\",\"@id\":\"https:\/\/skaitytaknyga.lt\/#website\",\"url\":\"https:\/\/skaitytaknyga.lt\/\",\"name\":\"skaitytaknyga.lt\",\"description\":\"Skaitytaknyga.lt \u2013 tai ma\u017eas \u0161eimos verslas, kuris prasid\u0117jo nuo meil\u0117s knygoms ir siekio i\u0161gelb\u0117ti knygas nuo likimo prie konteinerio. Kas vienam nereikalingas daiktas \u2013 kitam lobis, o mes esame tarpininkai, kurie padeda abiems tapti laimingesniems ???? \u017dinome kaip nelengva i\u0161gyventi ma\u017eiems verslams, tad nuo \u0161iol, \u010dia rasite ir kit\u0173, ma\u017e\u0173 \u0161eim\u0173 versl\u0173, rank\u0173 darbo, dovan\u0173 sau ir artimiesiems.\",\"publisher\":{\"@id\":\"https:\/\/skaitytaknyga.lt\/#organization\"},\"potentialAction\":[{\"@type\":\"SearchAction\",\"target\":{\"@type\":\"EntryPoint\",\"urlTemplate\":\"https:\/\/skaitytaknyga.lt\/?s={search_term_string}\"},\"query-input\":{\"@type\":\"PropertyValueSpecification\",\"valueRequired\":true,\"valueName\":\"search_term_string\"}}],\"inLanguage\":\"en-GB\"},{\"@type\":\"Organization\",\"@id\":\"https:\/\/skaitytaknyga.lt\/#organization\",\"name\":\"skaitytaknyga.lt\",\"url\":\"https:\/\/skaitytaknyga.lt\/\",\"logo\":{\"@type\":\"ImageObject\",\"inLanguage\":\"en-GB\",\"@id\":\"https:\/\/skaitytaknyga.lt\/#\/schema\/logo\/image\/\",\"url\":\"https:\/\/skaitytaknyga.lt\/wp-content\/uploads\/2024\/05\/cropped-cropped-cropped-02_00843_jt3bggkj1j3HLc7SyY6rEUpg.jpeg\",\"contentUrl\":\"https:\/\/skaitytaknyga.lt\/wp-content\/uploads\/2024\/05\/cropped-cropped-cropped-02_00843_jt3bggkj1j3HLc7SyY6rEUpg.jpeg\",\"width\":1600,\"height\":1600,\"caption\":\"skaitytaknyga.lt\"},\"image\":{\"@id\":\"https:\/\/skaitytaknyga.lt\/#\/schema\/logo\/image\/\"},\"sameAs\":[\"https:\/\/www.facebook.com\/skaitytaknyga\/\"]}]}<\/script>\n<!-- \/ Yoast SEO plugin. -->","yoast_head_json":{"title":"Dievai, dvasios ir \u017emon\u0117s \"Naujajame am\u017eiuje\u201c","description":"Jau prie\u0161 dvide\u0161imtmet\u012f Mircea Eliade pasteb\u0117jo, kad \u201epagrindinis XX am\u017eiaus rei\u0161kinys nebuvo ir nebus proletariato revoliucija, bet atradimas neeuropie\u010dio \u017emogaus ir jo dvasinio pasaulio\u201c. Anuomet ne vienas \u012f \u0161i\u0105 i\u0161tarm\u0119 pa\u017ei\u016br\u0117jo skepti\u0161kai. N\u016bdien tas neeuropietis \u017emogus savo pasauliu bando pripildyti proletariato revoliucijos palikt\u0105 tu\u0161tum\u0105 Ryt\u0173 Europoje. O Vakaruose to paties neeuropie\u010dio \u017emogaus dvasia \u012fsiliejo \u012f \u201eNaujojo am\u017eiaus\u201c srov\u0119. Tuo tarpu Rytuose, taigi ir Lietuvoje, jis bando \u012fsitvirtinti kult\u0173 pavidalais. Bet jo dvasia, lyg kokiu bespalviu ir bekvapiu oru, pradeda kv\u0117puoti ir Ryt\u0173 Europos religinio temperamento \u017emon\u0117s.  Nori nenori reikia su \u0161iuo kviestu ar nekviestu sve\u010diu susipa\u017einti. Juk \u0161is nepa\u017e\u012fstamasis gali Vakar\u0173 krik\u0161\u010dioni\u0161kosios kult\u016bros pastat\u0105 (jei toks dar yra) praturtinti arba sugriauti; asmens gyvenim\u0105 sujaukti arba j\u012f i\u0161skleisti. Visa tai priklausys nuo europie\u010dio, ypa\u010d nuo krik\u0161\u010dionio, \u017emogaus nuostatos. Viliamasi, kad \u0161ios knygos puslapiai pagelb\u0117s skaitytojui t\u0105 neeuropietin\u012f sve\u010di\u0105 bent \u0161iek tiek geriau pa\u017einti.","robots":{"index":"index","follow":"follow","max-snippet":"max-snippet:-1","max-image-preview":"max-image-preview:large","max-video-preview":"max-video-preview:-1"},"canonical":"https:\/\/skaitytaknyga.lt\/en\/produktas\/antanas-paskus-dievai-dvasios-ir-zmones-naujajame-amziuje\/","og_locale":"en_GB","og_type":"article","og_title":"[:lt]Dievai, dvasios ir \u017emon\u0117s \"Naujajame am\u017eiuje\u201c[:] - Skaitytaknyga","og_description":"Jau prie\u0161 dvide\u0161imtmet\u012f Mircea Eliade pasteb\u0117jo, kad \u201epagrindinis XX am\u017eiaus rei\u0161kinys nebuvo ir nebus proletariato revoliucija, bet atradimas neeuropie\u010dio \u017emogaus ir jo dvasinio pasaulio\u201c. Anuomet ne vienas \u012f \u0161i\u0105 i\u0161tarm\u0119 pa\u017ei\u016br\u0117jo skepti\u0161kai. N\u016bdien tas neeuropietis \u017emogus savo pasauliu bando pripildyti proletariato revoliucijos palikt\u0105 tu\u0161tum\u0105 Ryt\u0173 Europoje. O Vakaruose to paties neeuropie\u010dio \u017emogaus dvasia \u012fsiliejo \u012f \u201eNaujojo am\u017eiaus\u201c srov\u0119. Tuo tarpu Rytuose, taigi ir Lietuvoje, jis bando \u012fsitvirtinti kult\u0173 pavidalais. Bet jo dvasia, lyg kokiu bespalviu ir bekvapiu oru, pradeda kv\u0117puoti ir Ryt\u0173 Europos religinio temperamento \u017emon\u0117s.  Nori nenori reikia su \u0161iuo kviestu ar nekviestu sve\u010diu susipa\u017einti. Juk \u0161is nepa\u017e\u012fstamasis gali Vakar\u0173 krik\u0161\u010dioni\u0161kosios kult\u016bros pastat\u0105 (jei toks dar yra) praturtinti arba sugriauti; asmens gyvenim\u0105 sujaukti arba j\u012f i\u0161skleisti. Visa tai priklausys nuo europie\u010dio, ypa\u010d nuo krik\u0161\u010dionio, \u017emogaus nuostatos. Viliamasi, kad \u0161ios knygos puslapiai pagelb\u0117s skaitytojui t\u0105 neeuropietin\u012f sve\u010di\u0105 bent \u0161iek tiek geriau pa\u017einti.","og_url":"https:\/\/skaitytaknyga.lt\/en\/produktas\/antanas-paskus-dievai-dvasios-ir-zmones-naujajame-amziuje\/","og_site_name":"Skaitytaknyga","article_publisher":"https:\/\/www.facebook.com\/skaitytaknyga\/","article_modified_time":"2025-05-13T11:43:10+00:00","og_image":[{"width":218,"height":339,"url":"https:\/\/skaitytaknyga.lt\/wp-content\/uploads\/2024\/05\/194457-20211017-160633-e1680586824457.jpg","type":"image\/jpeg"}],"twitter_card":"summary_large_image","twitter_misc":{"Estimated reading time":"1 minute"},"schema":{"@context":"https:\/\/schema.org","@graph":[{"@type":"WebPage","@id":"https:\/\/skaitytaknyga.lt\/produktas\/antanas-paskus-dievai-dvasios-ir-zmones-naujajame-amziuje\/","url":"https:\/\/skaitytaknyga.lt\/produktas\/antanas-paskus-dievai-dvasios-ir-zmones-naujajame-amziuje\/","name":"Dievai, dvasios ir \u017emon\u0117s \"Naujajame am\u017eiuje\u201c","isPartOf":{"@id":"https:\/\/skaitytaknyga.lt\/#website"},"primaryImageOfPage":{"@id":"https:\/\/skaitytaknyga.lt\/produktas\/antanas-paskus-dievai-dvasios-ir-zmones-naujajame-amziuje\/#primaryimage"},"image":{"@id":"https:\/\/skaitytaknyga.lt\/produktas\/antanas-paskus-dievai-dvasios-ir-zmones-naujajame-amziuje\/#primaryimage"},"thumbnailUrl":"https:\/\/skaitytaknyga.lt\/wp-content\/uploads\/2024\/05\/194457-20211017-160633-e1680586824457.jpg","datePublished":"2024-05-04T19:17:43+00:00","dateModified":"2025-05-13T11:43:10+00:00","description":"Jau prie\u0161 dvide\u0161imtmet\u012f Mircea Eliade pasteb\u0117jo, kad \u201epagrindinis XX am\u017eiaus rei\u0161kinys nebuvo ir nebus proletariato revoliucija, bet atradimas neeuropie\u010dio \u017emogaus ir jo dvasinio pasaulio\u201c. Anuomet ne vienas \u012f \u0161i\u0105 i\u0161tarm\u0119 pa\u017ei\u016br\u0117jo skepti\u0161kai. N\u016bdien tas neeuropietis \u017emogus savo pasauliu bando pripildyti proletariato revoliucijos palikt\u0105 tu\u0161tum\u0105 Ryt\u0173 Europoje. O Vakaruose to paties neeuropie\u010dio \u017emogaus dvasia \u012fsiliejo \u012f \u201eNaujojo am\u017eiaus\u201c srov\u0119. Tuo tarpu Rytuose, taigi ir Lietuvoje, jis bando \u012fsitvirtinti kult\u0173 pavidalais. Bet jo dvasia, lyg kokiu bespalviu ir bekvapiu oru, pradeda kv\u0117puoti ir Ryt\u0173 Europos religinio temperamento \u017emon\u0117s. Nori nenori reikia su \u0161iuo kviestu ar nekviestu sve\u010diu susipa\u017einti. Juk \u0161is nepa\u017e\u012fstamasis gali Vakar\u0173 krik\u0161\u010dioni\u0161kosios kult\u016bros pastat\u0105 (jei toks dar yra) praturtinti arba sugriauti; asmens gyvenim\u0105 sujaukti arba j\u012f i\u0161skleisti. Visa tai priklausys nuo europie\u010dio, ypa\u010d nuo krik\u0161\u010dionio, \u017emogaus nuostatos. Viliamasi, kad \u0161ios knygos puslapiai pagelb\u0117s skaitytojui t\u0105 neeuropietin\u012f sve\u010di\u0105 bent \u0161iek tiek geriau pa\u017einti.","breadcrumb":{"@id":"https:\/\/skaitytaknyga.lt\/produktas\/antanas-paskus-dievai-dvasios-ir-zmones-naujajame-amziuje\/#breadcrumb"},"inLanguage":"en-GB","potentialAction":[{"@type":"ReadAction","target":["https:\/\/skaitytaknyga.lt\/produktas\/antanas-paskus-dievai-dvasios-ir-zmones-naujajame-amziuje\/"]}]},{"@type":"ImageObject","inLanguage":"en-GB","@id":"https:\/\/skaitytaknyga.lt\/produktas\/antanas-paskus-dievai-dvasios-ir-zmones-naujajame-amziuje\/#primaryimage","url":"https:\/\/skaitytaknyga.lt\/wp-content\/uploads\/2024\/05\/194457-20211017-160633-e1680586824457.jpg","contentUrl":"https:\/\/skaitytaknyga.lt\/wp-content\/uploads\/2024\/05\/194457-20211017-160633-e1680586824457.jpg","width":218,"height":339},{"@type":"BreadcrumbList","@id":"https:\/\/skaitytaknyga.lt\/produktas\/antanas-paskus-dievai-dvasios-ir-zmones-naujajame-amziuje\/#breadcrumb","itemListElement":[{"@type":"ListItem","position":1,"name":"Home","item":"https:\/\/skaitytaknyga.lt\/"},{"@type":"ListItem","position":2,"name":"Parduotuv\u0117","item":"https:\/\/skaitytaknyga.lt\/knygu-parduotuve\/"},{"@type":"ListItem","position":3,"name":"Dievai, dvasios ir \u017emon\u0117s &#8220;Naujajame am\u017eiuje\u201c"}]},{"@type":"WebSite","@id":"https:\/\/skaitytaknyga.lt\/#website","url":"https:\/\/skaitytaknyga.lt\/","name":"skaitytaknyga.lt","description":"Skaitytaknyga.lt \u2013 tai ma\u017eas \u0161eimos verslas, kuris prasid\u0117jo nuo meil\u0117s knygoms ir siekio i\u0161gelb\u0117ti knygas nuo likimo prie konteinerio. Kas vienam nereikalingas daiktas \u2013 kitam lobis, o mes esame tarpininkai, kurie padeda abiems tapti laimingesniems ???? \u017dinome kaip nelengva i\u0161gyventi ma\u017eiems verslams, tad nuo \u0161iol, \u010dia rasite ir kit\u0173, ma\u017e\u0173 \u0161eim\u0173 versl\u0173, rank\u0173 darbo, dovan\u0173 sau ir artimiesiems.","publisher":{"@id":"https:\/\/skaitytaknyga.lt\/#organization"},"potentialAction":[{"@type":"SearchAction","target":{"@type":"EntryPoint","urlTemplate":"https:\/\/skaitytaknyga.lt\/?s={search_term_string}"},"query-input":{"@type":"PropertyValueSpecification","valueRequired":true,"valueName":"search_term_string"}}],"inLanguage":"en-GB"},{"@type":"Organization","@id":"https:\/\/skaitytaknyga.lt\/#organization","name":"skaitytaknyga.lt","url":"https:\/\/skaitytaknyga.lt\/","logo":{"@type":"ImageObject","inLanguage":"en-GB","@id":"https:\/\/skaitytaknyga.lt\/#\/schema\/logo\/image\/","url":"https:\/\/skaitytaknyga.lt\/wp-content\/uploads\/2024\/05\/cropped-cropped-cropped-02_00843_jt3bggkj1j3HLc7SyY6rEUpg.jpeg","contentUrl":"https:\/\/skaitytaknyga.lt\/wp-content\/uploads\/2024\/05\/cropped-cropped-cropped-02_00843_jt3bggkj1j3HLc7SyY6rEUpg.jpeg","width":1600,"height":1600,"caption":"skaitytaknyga.lt"},"image":{"@id":"https:\/\/skaitytaknyga.lt\/#\/schema\/logo\/image\/"},"sameAs":["https:\/\/www.facebook.com\/skaitytaknyga\/"]}]}},"_links":{"self":[{"href":"https:\/\/skaitytaknyga.lt\/en\/wp-json\/wp\/v2\/product\/10858","targetHints":{"allow":["GET"]}}],"collection":[{"href":"https:\/\/skaitytaknyga.lt\/en\/wp-json\/wp\/v2\/product"}],"about":[{"href":"https:\/\/skaitytaknyga.lt\/en\/wp-json\/wp\/v2\/types\/product"}],"replies":[{"embeddable":true,"href":"https:\/\/skaitytaknyga.lt\/en\/wp-json\/wp\/v2\/comments?post=10858"}],"wp:featuredmedia":[{"embeddable":true,"href":"https:\/\/skaitytaknyga.lt\/en\/wp-json\/wp\/v2\/media\/10889"}],"wp:attachment":[{"href":"https:\/\/skaitytaknyga.lt\/en\/wp-json\/wp\/v2\/media?parent=10858"}],"wp:term":[{"taxonomy":"product_brand","embeddable":true,"href":"https:\/\/skaitytaknyga.lt\/en\/wp-json\/wp\/v2\/product_brand?post=10858"},{"taxonomy":"product_cat","embeddable":true,"href":"https:\/\/skaitytaknyga.lt\/en\/wp-json\/wp\/v2\/product_cat?post=10858"},{"taxonomy":"product_tag","embeddable":true,"href":"https:\/\/skaitytaknyga.lt\/en\/wp-json\/wp\/v2\/product_tag?post=10858"}],"curies":[{"name":"wp","href":"https:\/\/api.w.org\/{rel}","templated":true}]}}