{"id":10842,"date":"2024-05-04T22:16:58","date_gmt":"2024-05-04T19:16:58","guid":{"rendered":"https:\/\/skaitytaknyga.lt\/?post_type=product&#038;p=10842"},"modified":"2026-04-02T16:18:57","modified_gmt":"2026-04-02T13:18:57","slug":"sigitas-geda-zalio-gintaro-veriniai","status":"publish","type":"product","link":"https:\/\/skaitytaknyga.lt\/en\/produktas\/sigitas-geda-zalio-gintaro-veriniai\/","title":{"rendered":"Sigitas Geda \u201e\u017dalio gintaro v\u0117riniai\u201c"},"content":{"rendered":"<p>Naujoji poeto knyga \u2013 tai savoti\u0161kas eili\u0173 romanas. Joje spausdinami k\u016briniai susid\u0117sto \u012f vientis\u0105 lyrinio herojaus \u2013 ie\u0161kan\u010dio savo tautos \u0161akn\u0173 istorijoje, kult\u016broje ir gamtoje \u2013 paveiksl\u0105. Individuali grafin\u0117 eil\u0117ra\u0161\u010dio forma pary\u0161kina jo branduol\u012f, apibendrint\u0105 mint\u012f. T\u0119siami ankstesni turinio ie\u0161kojimai, atsisakoma baroki\u0161kos metaforos, dainingojo lyrizmo. Ypa\u010d aktual\u016bs istorin\u0117s ir kult\u016brin\u0117s atminties motyvai.<\/p>\n<div class=\"fb-share-button\" data-href=\"https:\/\/developers.facebook.com\/docs\/plugins\/\" data-layout=\"button\" data-size=\"small\"><\/div>\n","protected":false},"excerpt":{"rendered":"<p>Naujoji poeto knyga \u2013 tai savoti\u0161kas eili\u0173 romanas. Joje spausdinami k\u016briniai susid\u0117sto \u012f vientis\u0105 lyrinio herojaus \u2013 ie\u0161kan\u010dio savo tautos \u0161akn\u0173 istorijoje, kult\u016broje ir gamtoje \u2013 paveiksl\u0105. Individuali grafin\u0117 eil\u0117ra\u0161\u010dio forma pary\u0161kina jo branduol\u012f, apibendrint\u0105 mint\u012f. T\u0119siami ankstesni turinio ie\u0161kojimai, atsisakoma baroki\u0161kos metaforos, dainingojo lyrizmo. Ypa\u010d aktual\u016bs istorin\u0117s ir kult\u016brin\u0117s atminties motyvai.<\/p>\n<div class=\"fb-share-button\" data-href=\"https:\/\/developers.facebook.com\/docs\/plugins\/\" data-layout=\"button\" data-size=\"small\"><\/div>\n<div class=\"fb-share-button\" data-href=\"https:\/\/developers.facebook.com\/docs\/plugins\/\" data-layout=\"button\" data-size=\"small\"><\/div>\n","protected":false},"featured_media":10876,"comment_status":"closed","ping_status":"closed","template":"","meta":{"_acf_changed":false,"site-sidebar-layout":"default","site-content-layout":"","ast-site-content-layout":"default","site-content-style":"default","site-sidebar-style":"default","ast-global-header-display":"","ast-banner-title-visibility":"","ast-main-header-display":"","ast-hfb-above-header-display":"","ast-hfb-below-header-display":"","ast-hfb-mobile-header-display":"","site-post-title":"","ast-breadcrumbs-content":"","ast-featured-img":"","footer-sml-layout":"","ast-disable-related-posts":"","theme-transparent-header-meta":"","adv-header-id-meta":"","stick-header-meta":"","header-above-stick-meta":"","header-main-stick-meta":"","header-below-stick-meta":"","astra-migrate-meta-layouts":"default","ast-page-background-enabled":"default","ast-page-background-meta":{"desktop":{"background-color":"","background-image":"","background-repeat":"repeat","background-position":"center center","background-size":"auto","background-attachment":"scroll","background-type":"","background-media":"","overlay-type":"","overlay-color":"","overlay-opacity":"","overlay-gradient":""},"tablet":{"background-color":"","background-image":"","background-repeat":"repeat","background-position":"center center","background-size":"auto","background-attachment":"scroll","background-type":"","background-media":"","overlay-type":"","overlay-color":"","overlay-opacity":"","overlay-gradient":""},"mobile":{"background-color":"","background-image":"","background-repeat":"repeat","background-position":"center center","background-size":"auto","background-attachment":"scroll","background-type":"","background-media":"","overlay-type":"","overlay-color":"","overlay-opacity":"","overlay-gradient":""}},"ast-content-background-meta":{"desktop":{"background-color":"var(--ast-global-color-4)","background-image":"","background-repeat":"repeat","background-position":"center center","background-size":"auto","background-attachment":"scroll","background-type":"","background-media":"","overlay-type":"","overlay-color":"","overlay-opacity":"","overlay-gradient":""},"tablet":{"background-color":"var(--ast-global-color-4)","background-image":"","background-repeat":"repeat","background-position":"center center","background-size":"auto","background-attachment":"scroll","background-type":"","background-media":"","overlay-type":"","overlay-color":"","overlay-opacity":"","overlay-gradient":""},"mobile":{"background-color":"var(--ast-global-color-4)","background-image":"","background-repeat":"repeat","background-position":"center center","background-size":"auto","background-attachment":"scroll","background-type":"","background-media":"","overlay-type":"","overlay-color":"","overlay-opacity":"","overlay-gradient":""}}},"product_brand":[],"product_cat":[31],"product_tag":[],"class_list":{"0":"post-10842","1":"product","2":"type-product","3":"status-publish","4":"has-post-thumbnail","6":"product_cat-grozine-literatura","7":"pa_leidimo-metai-680","8":"desktop-align-left","9":"tablet-align-left","10":"mobile-align-left","12":"first","13":"instock","14":"shipping-taxable","15":"purchasable","16":"product-type-simple"},"acf":[],"yoast_head":"<!-- This site is optimized with the Yoast SEO plugin v27.4 - https:\/\/yoast.com\/product\/yoast-seo-wordpress\/ -->\n<title>Sigitas Geda \u201e\u017dalio gintaro v\u0117riniai\u201c<\/title>\n<meta name=\"description\" content=\"Naujoji poeto knyga \u2013 tai savoti\u0161kas eili\u0173 romanas. Joje spausdinami k\u016briniai susid\u0117sto \u012f vientis\u0105 lyrinio herojaus \u2013 ie\u0161kan\u010dio savo tautos \u0161akn\u0173 istorijoje, kult\u016broje ir gamtoje \u2013 paveiksl\u0105. Individuali grafin\u0117 eil\u0117ra\u0161\u010dio forma pary\u0161kina jo branduol\u012f, apibendrint\u0105 mint\u012f. T\u0119siami ankstesni turinio ie\u0161kojimai, atsisakoma baroki\u0161kos metaforos, dainingojo lyrizmo. Ypa\u010d aktual\u016bs istorin\u0117s ir kult\u016brin\u0117s atminties motyvai.\" \/>\n<meta name=\"robots\" content=\"index, follow, max-snippet:-1, max-image-preview:large, max-video-preview:-1\" \/>\n<link rel=\"canonical\" href=\"https:\/\/skaitytaknyga.lt\/en\/produktas\/sigitas-geda-zalio-gintaro-veriniai\/\" \/>\n<meta property=\"og:locale\" content=\"en_GB\" \/>\n<meta property=\"og:locale:alternate\" content=\"lt_LT\" \/>\n<meta property=\"og:type\" content=\"article\" \/>\n<meta property=\"og:title\" content=\"Sigitas Geda \u201e\u017dalio gintaro v\u0117riniai\u201c\" \/>\n<meta property=\"og:description\" content=\"Naujoji poeto knyga \u2013 tai savoti\u0161kas eili\u0173 romanas. Joje spausdinami k\u016briniai susid\u0117sto \u012f vientis\u0105 lyrinio herojaus \u2013 ie\u0161kan\u010dio savo tautos \u0161akn\u0173 istorijoje, kult\u016broje ir gamtoje \u2013 paveiksl\u0105. Individuali grafin\u0117 eil\u0117ra\u0161\u010dio forma pary\u0161kina jo branduol\u012f, apibendrint\u0105 mint\u012f. T\u0119siami ankstesni turinio ie\u0161kojimai, atsisakoma baroki\u0161kos metaforos, dainingojo lyrizmo. Ypa\u010d aktual\u016bs istorin\u0117s ir kult\u016brin\u0117s atminties motyvai.\" \/>\n<meta property=\"og:url\" content=\"https:\/\/skaitytaknyga.lt\/en\/produktas\/sigitas-geda-zalio-gintaro-veriniai\/\" \/>\n<meta property=\"og:site_name\" content=\"Skaitytaknyga\" \/>\n<meta property=\"article:publisher\" content=\"https:\/\/www.facebook.com\/skaitytaknyga\/\" \/>\n<meta property=\"article:modified_time\" content=\"2026-04-02T13:18:57+00:00\" \/>\n<meta property=\"og:image\" content=\"https:\/\/skaitytaknyga.lt\/wp-content\/uploads\/2024\/05\/zalio-gintaro-veriniai-eiliu-romanas-1-625x794_0-e1680506175981.jpg\" \/>\n\t<meta property=\"og:image:width\" content=\"494\" \/>\n\t<meta property=\"og:image:height\" content=\"788\" \/>\n\t<meta property=\"og:image:type\" content=\"image\/jpeg\" \/>\n<meta name=\"twitter:card\" content=\"summary_large_image\" \/>\n<script type=\"application\/ld+json\" class=\"yoast-schema-graph\">{\"@context\":\"https:\\\/\\\/schema.org\",\"@graph\":[{\"@type\":\"WebPage\",\"@id\":\"https:\\\/\\\/skaitytaknyga.lt\\\/produktas\\\/sigitas-geda-zalio-gintaro-veriniai\\\/\",\"url\":\"https:\\\/\\\/skaitytaknyga.lt\\\/produktas\\\/sigitas-geda-zalio-gintaro-veriniai\\\/\",\"name\":\"Sigitas Geda \u201e\u017dalio gintaro v\u0117riniai\u201c\",\"isPartOf\":{\"@id\":\"https:\\\/\\\/skaitytaknyga.lt\\\/#website\"},\"primaryImageOfPage\":{\"@id\":\"https:\\\/\\\/skaitytaknyga.lt\\\/produktas\\\/sigitas-geda-zalio-gintaro-veriniai\\\/#primaryimage\"},\"image\":{\"@id\":\"https:\\\/\\\/skaitytaknyga.lt\\\/produktas\\\/sigitas-geda-zalio-gintaro-veriniai\\\/#primaryimage\"},\"thumbnailUrl\":\"https:\\\/\\\/skaitytaknyga.lt\\\/wp-content\\\/uploads\\\/2024\\\/05\\\/zalio-gintaro-veriniai-eiliu-romanas-1-625x794_0-e1680506175981.jpg\",\"datePublished\":\"2024-05-04T19:16:58+00:00\",\"dateModified\":\"2026-04-02T13:18:57+00:00\",\"description\":\"Naujoji poeto knyga \u2013 tai savoti\u0161kas eili\u0173 romanas. Joje spausdinami k\u016briniai susid\u0117sto \u012f vientis\u0105 lyrinio herojaus \u2013 ie\u0161kan\u010dio savo tautos \u0161akn\u0173 istorijoje, kult\u016broje ir gamtoje \u2013 paveiksl\u0105. Individuali grafin\u0117 eil\u0117ra\u0161\u010dio forma pary\u0161kina jo branduol\u012f, apibendrint\u0105 mint\u012f. T\u0119siami ankstesni turinio ie\u0161kojimai, atsisakoma baroki\u0161kos metaforos, dainingojo lyrizmo. Ypa\u010d aktual\u016bs istorin\u0117s ir kult\u016brin\u0117s atminties motyvai.\",\"breadcrumb\":{\"@id\":\"https:\\\/\\\/skaitytaknyga.lt\\\/produktas\\\/sigitas-geda-zalio-gintaro-veriniai\\\/#breadcrumb\"},\"inLanguage\":\"en-GB\",\"potentialAction\":[{\"@type\":\"ReadAction\",\"target\":[\"https:\\\/\\\/skaitytaknyga.lt\\\/produktas\\\/sigitas-geda-zalio-gintaro-veriniai\\\/\"]}]},{\"@type\":\"ImageObject\",\"inLanguage\":\"en-GB\",\"@id\":\"https:\\\/\\\/skaitytaknyga.lt\\\/produktas\\\/sigitas-geda-zalio-gintaro-veriniai\\\/#primaryimage\",\"url\":\"https:\\\/\\\/skaitytaknyga.lt\\\/wp-content\\\/uploads\\\/2024\\\/05\\\/zalio-gintaro-veriniai-eiliu-romanas-1-625x794_0-e1680506175981.jpg\",\"contentUrl\":\"https:\\\/\\\/skaitytaknyga.lt\\\/wp-content\\\/uploads\\\/2024\\\/05\\\/zalio-gintaro-veriniai-eiliu-romanas-1-625x794_0-e1680506175981.jpg\",\"width\":494,\"height\":788},{\"@type\":\"BreadcrumbList\",\"@id\":\"https:\\\/\\\/skaitytaknyga.lt\\\/produktas\\\/sigitas-geda-zalio-gintaro-veriniai\\\/#breadcrumb\",\"itemListElement\":[{\"@type\":\"ListItem\",\"position\":1,\"name\":\"Home\",\"item\":\"https:\\\/\\\/skaitytaknyga.lt\\\/\"},{\"@type\":\"ListItem\",\"position\":2,\"name\":\"Parduotuv\u0117\",\"item\":\"https:\\\/\\\/skaitytaknyga.lt\\\/knygu-parduotuve\\\/\"},{\"@type\":\"ListItem\",\"position\":3,\"name\":\"Sigitas Geda \u201e\u017dalio gintaro v\u0117riniai\u201c\"}]},{\"@type\":\"WebSite\",\"@id\":\"https:\\\/\\\/skaitytaknyga.lt\\\/#website\",\"url\":\"https:\\\/\\\/skaitytaknyga.lt\\\/\",\"name\":\"skaitytaknyga.lt\",\"description\":\"Skaitytaknyga.lt \u2013 tai ma\u017eas \u0161eimos verslas, kuris prasid\u0117jo nuo meil\u0117s knygoms ir siekio i\u0161gelb\u0117ti knygas nuo likimo prie konteinerio. Kas vienam nereikalingas daiktas \u2013 kitam lobis, o mes esame tarpininkai, kurie padeda abiems tapti laimingesniems ???? \u017dinome kaip nelengva i\u0161gyventi ma\u017eiems verslams, tad nuo \u0161iol, \u010dia rasite ir kit\u0173, ma\u017e\u0173 \u0161eim\u0173 versl\u0173, rank\u0173 darbo, dovan\u0173 sau ir artimiesiems.\",\"publisher\":{\"@id\":\"https:\\\/\\\/skaitytaknyga.lt\\\/#organization\"},\"potentialAction\":[{\"@type\":\"SearchAction\",\"target\":{\"@type\":\"EntryPoint\",\"urlTemplate\":\"https:\\\/\\\/skaitytaknyga.lt\\\/?s={search_term_string}\"},\"query-input\":{\"@type\":\"PropertyValueSpecification\",\"valueRequired\":true,\"valueName\":\"search_term_string\"}}],\"inLanguage\":\"en-GB\"},{\"@type\":\"Organization\",\"@id\":\"https:\\\/\\\/skaitytaknyga.lt\\\/#organization\",\"name\":\"skaitytaknyga.lt\",\"url\":\"https:\\\/\\\/skaitytaknyga.lt\\\/\",\"logo\":{\"@type\":\"ImageObject\",\"inLanguage\":\"en-GB\",\"@id\":\"https:\\\/\\\/skaitytaknyga.lt\\\/#\\\/schema\\\/logo\\\/image\\\/\",\"url\":\"https:\\\/\\\/skaitytaknyga.lt\\\/wp-content\\\/uploads\\\/2024\\\/05\\\/cropped-cropped-cropped-02_00843_jt3bggkj1j3HLc7SyY6rEUpg.jpeg\",\"contentUrl\":\"https:\\\/\\\/skaitytaknyga.lt\\\/wp-content\\\/uploads\\\/2024\\\/05\\\/cropped-cropped-cropped-02_00843_jt3bggkj1j3HLc7SyY6rEUpg.jpeg\",\"width\":1600,\"height\":1600,\"caption\":\"skaitytaknyga.lt\"},\"image\":{\"@id\":\"https:\\\/\\\/skaitytaknyga.lt\\\/#\\\/schema\\\/logo\\\/image\\\/\"},\"sameAs\":[\"https:\\\/\\\/www.facebook.com\\\/skaitytaknyga\\\/\"]}]}<\/script>\n<!-- \/ Yoast SEO plugin. -->","yoast_head_json":{"title":"Sigitas Geda \u201e\u017dalio gintaro v\u0117riniai\u201c","description":"Naujoji poeto knyga \u2013 tai savoti\u0161kas eili\u0173 romanas. Joje spausdinami k\u016briniai susid\u0117sto \u012f vientis\u0105 lyrinio herojaus \u2013 ie\u0161kan\u010dio savo tautos \u0161akn\u0173 istorijoje, kult\u016broje ir gamtoje \u2013 paveiksl\u0105. Individuali grafin\u0117 eil\u0117ra\u0161\u010dio forma pary\u0161kina jo branduol\u012f, apibendrint\u0105 mint\u012f. T\u0119siami ankstesni turinio ie\u0161kojimai, atsisakoma baroki\u0161kos metaforos, dainingojo lyrizmo. Ypa\u010d aktual\u016bs istorin\u0117s ir kult\u016brin\u0117s atminties motyvai.","robots":{"index":"index","follow":"follow","max-snippet":"max-snippet:-1","max-image-preview":"max-image-preview:large","max-video-preview":"max-video-preview:-1"},"canonical":"https:\/\/skaitytaknyga.lt\/en\/produktas\/sigitas-geda-zalio-gintaro-veriniai\/","og_locale":"en_GB","og_type":"article","og_title":"[:lt]Sigitas Geda \u201e\u017dalio gintaro v\u0117riniai\u201c[:] - Skaitytaknyga","og_description":"Naujoji poeto knyga \u2013 tai savoti\u0161kas eili\u0173 romanas. Joje spausdinami k\u016briniai susid\u0117sto \u012f vientis\u0105 lyrinio herojaus \u2013 ie\u0161kan\u010dio savo tautos \u0161akn\u0173 istorijoje, kult\u016broje ir gamtoje \u2013 paveiksl\u0105. Individuali grafin\u0117 eil\u0117ra\u0161\u010dio forma pary\u0161kina jo branduol\u012f, apibendrint\u0105 mint\u012f. T\u0119siami ankstesni turinio ie\u0161kojimai, atsisakoma baroki\u0161kos metaforos, dainingojo lyrizmo. Ypa\u010d aktual\u016bs istorin\u0117s ir kult\u016brin\u0117s atminties motyvai.","og_url":"https:\/\/skaitytaknyga.lt\/en\/produktas\/sigitas-geda-zalio-gintaro-veriniai\/","og_site_name":"Skaitytaknyga","article_publisher":"https:\/\/www.facebook.com\/skaitytaknyga\/","article_modified_time":"2026-04-02T13:18:57+00:00","og_image":[{"width":494,"height":788,"url":"https:\/\/skaitytaknyga.lt\/wp-content\/uploads\/2024\/05\/zalio-gintaro-veriniai-eiliu-romanas-1-625x794_0-e1680506175981.jpg","type":"image\/jpeg"}],"twitter_card":"summary_large_image","schema":{"@context":"https:\/\/schema.org","@graph":[{"@type":"WebPage","@id":"https:\/\/skaitytaknyga.lt\/produktas\/sigitas-geda-zalio-gintaro-veriniai\/","url":"https:\/\/skaitytaknyga.lt\/produktas\/sigitas-geda-zalio-gintaro-veriniai\/","name":"Sigitas Geda \u201e\u017dalio gintaro v\u0117riniai\u201c","isPartOf":{"@id":"https:\/\/skaitytaknyga.lt\/#website"},"primaryImageOfPage":{"@id":"https:\/\/skaitytaknyga.lt\/produktas\/sigitas-geda-zalio-gintaro-veriniai\/#primaryimage"},"image":{"@id":"https:\/\/skaitytaknyga.lt\/produktas\/sigitas-geda-zalio-gintaro-veriniai\/#primaryimage"},"thumbnailUrl":"https:\/\/skaitytaknyga.lt\/wp-content\/uploads\/2024\/05\/zalio-gintaro-veriniai-eiliu-romanas-1-625x794_0-e1680506175981.jpg","datePublished":"2024-05-04T19:16:58+00:00","dateModified":"2026-04-02T13:18:57+00:00","description":"Naujoji poeto knyga \u2013 tai savoti\u0161kas eili\u0173 romanas. Joje spausdinami k\u016briniai susid\u0117sto \u012f vientis\u0105 lyrinio herojaus \u2013 ie\u0161kan\u010dio savo tautos \u0161akn\u0173 istorijoje, kult\u016broje ir gamtoje \u2013 paveiksl\u0105. Individuali grafin\u0117 eil\u0117ra\u0161\u010dio forma pary\u0161kina jo branduol\u012f, apibendrint\u0105 mint\u012f. T\u0119siami ankstesni turinio ie\u0161kojimai, atsisakoma baroki\u0161kos metaforos, dainingojo lyrizmo. Ypa\u010d aktual\u016bs istorin\u0117s ir kult\u016brin\u0117s atminties motyvai.","breadcrumb":{"@id":"https:\/\/skaitytaknyga.lt\/produktas\/sigitas-geda-zalio-gintaro-veriniai\/#breadcrumb"},"inLanguage":"en-GB","potentialAction":[{"@type":"ReadAction","target":["https:\/\/skaitytaknyga.lt\/produktas\/sigitas-geda-zalio-gintaro-veriniai\/"]}]},{"@type":"ImageObject","inLanguage":"en-GB","@id":"https:\/\/skaitytaknyga.lt\/produktas\/sigitas-geda-zalio-gintaro-veriniai\/#primaryimage","url":"https:\/\/skaitytaknyga.lt\/wp-content\/uploads\/2024\/05\/zalio-gintaro-veriniai-eiliu-romanas-1-625x794_0-e1680506175981.jpg","contentUrl":"https:\/\/skaitytaknyga.lt\/wp-content\/uploads\/2024\/05\/zalio-gintaro-veriniai-eiliu-romanas-1-625x794_0-e1680506175981.jpg","width":494,"height":788},{"@type":"BreadcrumbList","@id":"https:\/\/skaitytaknyga.lt\/produktas\/sigitas-geda-zalio-gintaro-veriniai\/#breadcrumb","itemListElement":[{"@type":"ListItem","position":1,"name":"Home","item":"https:\/\/skaitytaknyga.lt\/"},{"@type":"ListItem","position":2,"name":"Parduotuv\u0117","item":"https:\/\/skaitytaknyga.lt\/knygu-parduotuve\/"},{"@type":"ListItem","position":3,"name":"Sigitas Geda \u201e\u017dalio gintaro v\u0117riniai\u201c"}]},{"@type":"WebSite","@id":"https:\/\/skaitytaknyga.lt\/#website","url":"https:\/\/skaitytaknyga.lt\/","name":"skaitytaknyga.lt","description":"Skaitytaknyga.lt \u2013 tai ma\u017eas \u0161eimos verslas, kuris prasid\u0117jo nuo meil\u0117s knygoms ir siekio i\u0161gelb\u0117ti knygas nuo likimo prie konteinerio. Kas vienam nereikalingas daiktas \u2013 kitam lobis, o mes esame tarpininkai, kurie padeda abiems tapti laimingesniems ???? \u017dinome kaip nelengva i\u0161gyventi ma\u017eiems verslams, tad nuo \u0161iol, \u010dia rasite ir kit\u0173, ma\u017e\u0173 \u0161eim\u0173 versl\u0173, rank\u0173 darbo, dovan\u0173 sau ir artimiesiems.","publisher":{"@id":"https:\/\/skaitytaknyga.lt\/#organization"},"potentialAction":[{"@type":"SearchAction","target":{"@type":"EntryPoint","urlTemplate":"https:\/\/skaitytaknyga.lt\/?s={search_term_string}"},"query-input":{"@type":"PropertyValueSpecification","valueRequired":true,"valueName":"search_term_string"}}],"inLanguage":"en-GB"},{"@type":"Organization","@id":"https:\/\/skaitytaknyga.lt\/#organization","name":"skaitytaknyga.lt","url":"https:\/\/skaitytaknyga.lt\/","logo":{"@type":"ImageObject","inLanguage":"en-GB","@id":"https:\/\/skaitytaknyga.lt\/#\/schema\/logo\/image\/","url":"https:\/\/skaitytaknyga.lt\/wp-content\/uploads\/2024\/05\/cropped-cropped-cropped-02_00843_jt3bggkj1j3HLc7SyY6rEUpg.jpeg","contentUrl":"https:\/\/skaitytaknyga.lt\/wp-content\/uploads\/2024\/05\/cropped-cropped-cropped-02_00843_jt3bggkj1j3HLc7SyY6rEUpg.jpeg","width":1600,"height":1600,"caption":"skaitytaknyga.lt"},"image":{"@id":"https:\/\/skaitytaknyga.lt\/#\/schema\/logo\/image\/"},"sameAs":["https:\/\/www.facebook.com\/skaitytaknyga\/"]}]}},"_links":{"self":[{"href":"https:\/\/skaitytaknyga.lt\/en\/wp-json\/wp\/v2\/product\/10842","targetHints":{"allow":["GET"]}}],"collection":[{"href":"https:\/\/skaitytaknyga.lt\/en\/wp-json\/wp\/v2\/product"}],"about":[{"href":"https:\/\/skaitytaknyga.lt\/en\/wp-json\/wp\/v2\/types\/product"}],"replies":[{"embeddable":true,"href":"https:\/\/skaitytaknyga.lt\/en\/wp-json\/wp\/v2\/comments?post=10842"}],"wp:featuredmedia":[{"embeddable":true,"href":"https:\/\/skaitytaknyga.lt\/en\/wp-json\/wp\/v2\/media\/10876"}],"wp:attachment":[{"href":"https:\/\/skaitytaknyga.lt\/en\/wp-json\/wp\/v2\/media?parent=10842"}],"wp:term":[{"taxonomy":"product_brand","embeddable":true,"href":"https:\/\/skaitytaknyga.lt\/en\/wp-json\/wp\/v2\/product_brand?post=10842"},{"taxonomy":"product_cat","embeddable":true,"href":"https:\/\/skaitytaknyga.lt\/en\/wp-json\/wp\/v2\/product_cat?post=10842"},{"taxonomy":"product_tag","embeddable":true,"href":"https:\/\/skaitytaknyga.lt\/en\/wp-json\/wp\/v2\/product_tag?post=10842"}],"curies":[{"name":"wp","href":"https:\/\/api.w.org\/{rel}","templated":true}]}}