{"id":10839,"date":"2024-05-04T19:16:58","date_gmt":"2024-05-04T19:16:58","guid":{"rendered":"https:\/\/skaitytaknyga.lt\/?post_type=product&#038;p=10839"},"modified":"2024-05-04T19:18:22","modified_gmt":"2024-05-04T19:18:22","slug":"gabriele-morsch-mano-vaikai-norejo-gyventi","status":"publish","type":"product","link":"https:\/\/skaitytaknyga.lt\/en\/produktas\/gabriele-morsch-mano-vaikai-norejo-gyventi\/","title":{"rendered":"Gabriel\u0117 Morsch \u201eMano vaikai nor\u0117jo gyventi\u201c"},"content":{"rendered":"<p><strong>\u201eMano vaikai nor\u0117jo gyventi\u201d<\/strong>\u00a0&#8211; tai autenti\u0161kas pasakojimas moters, kurios romanti\u0161kai prasid\u0117jusios meil\u0117s tragi\u0161ka baigtis prie\u0161 de\u0161imtmet\u012f sukr\u0117t\u0117 Vokietijos gyventojus, paskatins m\u016bs\u0173 skaitytoj\u0105 susim\u0105styti apie tai, kas sieja ir kas skiria \u017emones. \u012etaigiai pasakojama istorija, prisodrinta informacijos apie mums ma\u017eiau pa\u017e\u012fstam\u0105 egzoti\u0161k\u0105 tikrov\u0119 \u2013 islam\u0105, arab\u0173 kalb\u0105, tradicijas ir papro\u010dius \u2013 visa, k\u0105 \u0161io pasakojimo autor\u0117 pamat\u0117 savo akimis.<\/p>\n<div class=\"fb-share-button\" data-href=\"https:\/\/developers.facebook.com\/docs\/plugins\/\" data-layout=\"button\" data-size=\"small\"><\/div>\n","protected":false},"excerpt":{"rendered":"<p><strong>\u201eMano vaikai nor\u0117jo gyventi\u201d<\/strong>\u00a0&#8211; tai autenti\u0161kas pasakojimas moters, kurios romanti\u0161kai prasid\u0117jusios meil\u0117s tragi\u0161ka baigtis prie\u0161 de\u0161imtmet\u012f sukr\u0117t\u0117 Vokietijos gyventojus, paskatins m\u016bs\u0173 skaitytoj\u0105 susim\u0105styti apie tai, kas sieja ir kas skiria \u017emones. \u012etaigiai pasakojama istorija, prisodrinta informacijos apie mums ma\u017eiau pa\u017e\u012fstam\u0105 egzoti\u0161k\u0105 tikrov\u0119 \u2013 islam\u0105, arab\u0173 kalb\u0105, tradicijas ir papro\u010dius \u2013 visa, k\u0105 \u0161io pasakojimo autor\u0117 pamat\u0117 savo akimis.<\/p>\n<div class=\"fb-share-button\" data-href=\"https:\/\/developers.facebook.com\/docs\/plugins\/\" data-layout=\"button\" data-size=\"small\"><\/div>\n<div class=\"fb-share-button\" data-href=\"https:\/\/developers.facebook.com\/docs\/plugins\/\" data-layout=\"button\" data-size=\"small\"><\/div>\n","protected":false},"featured_media":10874,"comment_status":"closed","ping_status":"closed","template":"","meta":{"_acf_changed":false,"site-sidebar-layout":"default","site-content-layout":"","ast-site-content-layout":"default","site-content-style":"default","site-sidebar-style":"default","ast-global-header-display":"","ast-banner-title-visibility":"","ast-main-header-display":"","ast-hfb-above-header-display":"","ast-hfb-below-header-display":"","ast-hfb-mobile-header-display":"","site-post-title":"","ast-breadcrumbs-content":"","ast-featured-img":"","footer-sml-layout":"","ast-disable-related-posts":"","theme-transparent-header-meta":"","adv-header-id-meta":"","stick-header-meta":"","header-above-stick-meta":"","header-main-stick-meta":"","header-below-stick-meta":"","astra-migrate-meta-layouts":"default","ast-page-background-enabled":"default","ast-page-background-meta":{"desktop":{"background-color":"","background-image":"","background-repeat":"repeat","background-position":"center center","background-size":"auto","background-attachment":"scroll","background-type":"","background-media":"","overlay-type":"","overlay-color":"","overlay-opacity":"","overlay-gradient":""},"tablet":{"background-color":"","background-image":"","background-repeat":"repeat","background-position":"center center","background-size":"auto","background-attachment":"scroll","background-type":"","background-media":"","overlay-type":"","overlay-color":"","overlay-opacity":"","overlay-gradient":""},"mobile":{"background-color":"","background-image":"","background-repeat":"repeat","background-position":"center center","background-size":"auto","background-attachment":"scroll","background-type":"","background-media":"","overlay-type":"","overlay-color":"","overlay-opacity":"","overlay-gradient":""}},"ast-content-background-meta":{"desktop":{"background-color":"var(--ast-global-color-4)","background-image":"","background-repeat":"repeat","background-position":"center center","background-size":"auto","background-attachment":"scroll","background-type":"","background-media":"","overlay-type":"","overlay-color":"","overlay-opacity":"","overlay-gradient":""},"tablet":{"background-color":"var(--ast-global-color-4)","background-image":"","background-repeat":"repeat","background-position":"center center","background-size":"auto","background-attachment":"scroll","background-type":"","background-media":"","overlay-type":"","overlay-color":"","overlay-opacity":"","overlay-gradient":""},"mobile":{"background-color":"var(--ast-global-color-4)","background-image":"","background-repeat":"repeat","background-position":"center center","background-size":"auto","background-attachment":"scroll","background-type":"","background-media":"","overlay-type":"","overlay-color":"","overlay-opacity":"","overlay-gradient":""}}},"product_brand":[],"product_cat":[31],"product_tag":[],"class_list":{"0":"post-10839","1":"product","2":"type-product","3":"status-publish","4":"has-post-thumbnail","6":"product_cat-grozine-literatura","7":"pa_leidimo-metai-680","8":"desktop-align-left","9":"tablet-align-left","10":"mobile-align-left","12":"first","13":"instock","14":"shipping-taxable","15":"purchasable","16":"product-type-simple"},"acf":[],"yoast_head":"<!-- This site is optimized with the Yoast SEO plugin v27.4 - https:\/\/yoast.com\/product\/yoast-seo-wordpress\/ -->\n<title>Gabriel\u0117 Morsch \u201eMano vaikai nor\u0117jo gyventi\u201c - Skaitytaknyga<\/title>\n<meta name=\"description\" content=\"\u201eMano vaikai nor\u0117jo gyventi\u201d\u00a0- tai autenti\u0161kas pasakojimas moters, kurios romanti\u0161kai prasid\u0117jusios meil\u0117s tragi\u0161ka baigtis prie\u0161 de\u0161imtmet\u012f sukr\u0117t\u0117 Vokietijos gyventojus, paskatins m\u016bs\u0173 skaitytoj\u0105 susim\u0105styti apie tai, kas sieja ir kas skiria \u017emones. \u012etaigiai pasakojama istorija, prisodrinta informacijos apie mums ma\u017eiau pa\u017e\u012fstam\u0105 egzoti\u0161k\u0105 tikrov\u0119 \u2013 islam\u0105, arab\u0173 kalb\u0105, tradicijas ir papro\u010dius \u2013 visa, k\u0105 \u0161io pasakojimo autor\u0117 pamat\u0117 savo akimis.\" \/>\n<meta name=\"robots\" content=\"index, follow, max-snippet:-1, max-image-preview:large, max-video-preview:-1\" \/>\n<link rel=\"canonical\" href=\"https:\/\/skaitytaknyga.lt\/en\/produktas\/gabriele-morsch-mano-vaikai-norejo-gyventi\/\" \/>\n<meta property=\"og:locale\" content=\"en_GB\" \/>\n<meta property=\"og:locale:alternate\" content=\"lt_LT\" \/>\n<meta property=\"og:type\" content=\"article\" \/>\n<meta property=\"og:title\" content=\"Gabriel\u0117 Morsch \u201eMano vaikai nor\u0117jo gyventi\u201c - Skaitytaknyga\" \/>\n<meta property=\"og:description\" content=\"\u201eMano vaikai nor\u0117jo gyventi\u201d\u00a0- tai autenti\u0161kas pasakojimas moters, kurios romanti\u0161kai prasid\u0117jusios meil\u0117s tragi\u0161ka baigtis prie\u0161 de\u0161imtmet\u012f sukr\u0117t\u0117 Vokietijos gyventojus, paskatins m\u016bs\u0173 skaitytoj\u0105 susim\u0105styti apie tai, kas sieja ir kas skiria \u017emones. \u012etaigiai pasakojama istorija, prisodrinta informacijos apie mums ma\u017eiau pa\u017e\u012fstam\u0105 egzoti\u0161k\u0105 tikrov\u0119 \u2013 islam\u0105, arab\u0173 kalb\u0105, tradicijas ir papro\u010dius \u2013 visa, k\u0105 \u0161io pasakojimo autor\u0117 pamat\u0117 savo akimis.\" \/>\n<meta property=\"og:url\" content=\"https:\/\/skaitytaknyga.lt\/en\/produktas\/gabriele-morsch-mano-vaikai-norejo-gyventi\/\" \/>\n<meta property=\"og:site_name\" content=\"Skaitytaknyga\" \/>\n<meta property=\"article:publisher\" content=\"https:\/\/www.facebook.com\/skaitytaknyga\/\" \/>\n<meta property=\"article:modified_time\" content=\"2024-05-04T19:18:22+00:00\" \/>\n<meta property=\"og:image\" content=\"https:\/\/skaitytaknyga.lt\/wp-content\/uploads\/2024\/05\/mano-vaikai-norejo-gyventi-1-625x794_0.jpg\" \/>\n\t<meta property=\"og:image:width\" content=\"625\" \/>\n\t<meta property=\"og:image:height\" content=\"794\" \/>\n\t<meta property=\"og:image:type\" content=\"image\/jpeg\" \/>\n<meta name=\"twitter:card\" content=\"summary_large_image\" \/>\n<script type=\"application\/ld+json\" class=\"yoast-schema-graph\">{\"@context\":\"https:\\\/\\\/schema.org\",\"@graph\":[{\"@type\":\"WebPage\",\"@id\":\"https:\\\/\\\/skaitytaknyga.lt\\\/produktas\\\/gabriele-morsch-mano-vaikai-norejo-gyventi\\\/\",\"url\":\"https:\\\/\\\/skaitytaknyga.lt\\\/produktas\\\/gabriele-morsch-mano-vaikai-norejo-gyventi\\\/\",\"name\":\"Gabriel\u0117 Morsch \u201eMano vaikai nor\u0117jo gyventi\u201c - Skaitytaknyga\",\"isPartOf\":{\"@id\":\"https:\\\/\\\/skaitytaknyga.lt\\\/#website\"},\"primaryImageOfPage\":{\"@id\":\"https:\\\/\\\/skaitytaknyga.lt\\\/produktas\\\/gabriele-morsch-mano-vaikai-norejo-gyventi\\\/#primaryimage\"},\"image\":{\"@id\":\"https:\\\/\\\/skaitytaknyga.lt\\\/produktas\\\/gabriele-morsch-mano-vaikai-norejo-gyventi\\\/#primaryimage\"},\"thumbnailUrl\":\"https:\\\/\\\/skaitytaknyga.lt\\\/wp-content\\\/uploads\\\/2024\\\/05\\\/mano-vaikai-norejo-gyventi-1-625x794_0.jpg\",\"datePublished\":\"2024-05-04T19:16:58+00:00\",\"dateModified\":\"2024-05-04T19:18:22+00:00\",\"description\":\"\u201eMano vaikai nor\u0117jo gyventi\u201d\u00a0- tai autenti\u0161kas pasakojimas moters, kurios romanti\u0161kai prasid\u0117jusios meil\u0117s tragi\u0161ka baigtis prie\u0161 de\u0161imtmet\u012f sukr\u0117t\u0117 Vokietijos gyventojus, paskatins m\u016bs\u0173 skaitytoj\u0105 susim\u0105styti apie tai, kas sieja ir kas skiria \u017emones. \u012etaigiai pasakojama istorija, prisodrinta informacijos apie mums ma\u017eiau pa\u017e\u012fstam\u0105 egzoti\u0161k\u0105 tikrov\u0119 \u2013 islam\u0105, arab\u0173 kalb\u0105, tradicijas ir papro\u010dius \u2013 visa, k\u0105 \u0161io pasakojimo autor\u0117 pamat\u0117 savo akimis.\",\"breadcrumb\":{\"@id\":\"https:\\\/\\\/skaitytaknyga.lt\\\/produktas\\\/gabriele-morsch-mano-vaikai-norejo-gyventi\\\/#breadcrumb\"},\"inLanguage\":\"en-GB\",\"potentialAction\":[{\"@type\":\"ReadAction\",\"target\":[\"https:\\\/\\\/skaitytaknyga.lt\\\/produktas\\\/gabriele-morsch-mano-vaikai-norejo-gyventi\\\/\"]}]},{\"@type\":\"ImageObject\",\"inLanguage\":\"en-GB\",\"@id\":\"https:\\\/\\\/skaitytaknyga.lt\\\/produktas\\\/gabriele-morsch-mano-vaikai-norejo-gyventi\\\/#primaryimage\",\"url\":\"https:\\\/\\\/skaitytaknyga.lt\\\/wp-content\\\/uploads\\\/2024\\\/05\\\/mano-vaikai-norejo-gyventi-1-625x794_0.jpg\",\"contentUrl\":\"https:\\\/\\\/skaitytaknyga.lt\\\/wp-content\\\/uploads\\\/2024\\\/05\\\/mano-vaikai-norejo-gyventi-1-625x794_0.jpg\",\"width\":625,\"height\":794},{\"@type\":\"BreadcrumbList\",\"@id\":\"https:\\\/\\\/skaitytaknyga.lt\\\/produktas\\\/gabriele-morsch-mano-vaikai-norejo-gyventi\\\/#breadcrumb\",\"itemListElement\":[{\"@type\":\"ListItem\",\"position\":1,\"name\":\"Home\",\"item\":\"https:\\\/\\\/skaitytaknyga.lt\\\/\"},{\"@type\":\"ListItem\",\"position\":2,\"name\":\"Parduotuv\u0117\",\"item\":\"https:\\\/\\\/skaitytaknyga.lt\\\/knygu-parduotuve\\\/\"},{\"@type\":\"ListItem\",\"position\":3,\"name\":\"Gabriel\u0117 Morsch \u201eMano vaikai nor\u0117jo gyventi\u201c\"}]},{\"@type\":\"WebSite\",\"@id\":\"https:\\\/\\\/skaitytaknyga.lt\\\/#website\",\"url\":\"https:\\\/\\\/skaitytaknyga.lt\\\/\",\"name\":\"skaitytaknyga.lt\",\"description\":\"Skaitytaknyga.lt \u2013 tai ma\u017eas \u0161eimos verslas, kuris prasid\u0117jo nuo meil\u0117s knygoms ir siekio i\u0161gelb\u0117ti knygas nuo likimo prie konteinerio. Kas vienam nereikalingas daiktas \u2013 kitam lobis, o mes esame tarpininkai, kurie padeda abiems tapti laimingesniems ???? \u017dinome kaip nelengva i\u0161gyventi ma\u017eiems verslams, tad nuo \u0161iol, \u010dia rasite ir kit\u0173, ma\u017e\u0173 \u0161eim\u0173 versl\u0173, rank\u0173 darbo, dovan\u0173 sau ir artimiesiems.\",\"publisher\":{\"@id\":\"https:\\\/\\\/skaitytaknyga.lt\\\/#organization\"},\"potentialAction\":[{\"@type\":\"SearchAction\",\"target\":{\"@type\":\"EntryPoint\",\"urlTemplate\":\"https:\\\/\\\/skaitytaknyga.lt\\\/?s={search_term_string}\"},\"query-input\":{\"@type\":\"PropertyValueSpecification\",\"valueRequired\":true,\"valueName\":\"search_term_string\"}}],\"inLanguage\":\"en-GB\"},{\"@type\":\"Organization\",\"@id\":\"https:\\\/\\\/skaitytaknyga.lt\\\/#organization\",\"name\":\"skaitytaknyga.lt\",\"url\":\"https:\\\/\\\/skaitytaknyga.lt\\\/\",\"logo\":{\"@type\":\"ImageObject\",\"inLanguage\":\"en-GB\",\"@id\":\"https:\\\/\\\/skaitytaknyga.lt\\\/#\\\/schema\\\/logo\\\/image\\\/\",\"url\":\"https:\\\/\\\/skaitytaknyga.lt\\\/wp-content\\\/uploads\\\/2024\\\/05\\\/cropped-cropped-cropped-02_00843_jt3bggkj1j3HLc7SyY6rEUpg.jpeg\",\"contentUrl\":\"https:\\\/\\\/skaitytaknyga.lt\\\/wp-content\\\/uploads\\\/2024\\\/05\\\/cropped-cropped-cropped-02_00843_jt3bggkj1j3HLc7SyY6rEUpg.jpeg\",\"width\":1600,\"height\":1600,\"caption\":\"skaitytaknyga.lt\"},\"image\":{\"@id\":\"https:\\\/\\\/skaitytaknyga.lt\\\/#\\\/schema\\\/logo\\\/image\\\/\"},\"sameAs\":[\"https:\\\/\\\/www.facebook.com\\\/skaitytaknyga\\\/\"]}]}<\/script>\n<!-- \/ Yoast SEO plugin. -->","yoast_head_json":{"title":"Gabriel\u0117 Morsch \u201eMano vaikai nor\u0117jo gyventi\u201c - Skaitytaknyga","description":"\u201eMano vaikai nor\u0117jo gyventi\u201d\u00a0- tai autenti\u0161kas pasakojimas moters, kurios romanti\u0161kai prasid\u0117jusios meil\u0117s tragi\u0161ka baigtis prie\u0161 de\u0161imtmet\u012f sukr\u0117t\u0117 Vokietijos gyventojus, paskatins m\u016bs\u0173 skaitytoj\u0105 susim\u0105styti apie tai, kas sieja ir kas skiria \u017emones. \u012etaigiai pasakojama istorija, prisodrinta informacijos apie mums ma\u017eiau pa\u017e\u012fstam\u0105 egzoti\u0161k\u0105 tikrov\u0119 \u2013 islam\u0105, arab\u0173 kalb\u0105, tradicijas ir papro\u010dius \u2013 visa, k\u0105 \u0161io pasakojimo autor\u0117 pamat\u0117 savo akimis.","robots":{"index":"index","follow":"follow","max-snippet":"max-snippet:-1","max-image-preview":"max-image-preview:large","max-video-preview":"max-video-preview:-1"},"canonical":"https:\/\/skaitytaknyga.lt\/en\/produktas\/gabriele-morsch-mano-vaikai-norejo-gyventi\/","og_locale":"en_GB","og_type":"article","og_title":"Gabriel\u0117 Morsch \u201eMano vaikai nor\u0117jo gyventi\u201c - Skaitytaknyga","og_description":"\u201eMano vaikai nor\u0117jo gyventi\u201d\u00a0- tai autenti\u0161kas pasakojimas moters, kurios romanti\u0161kai prasid\u0117jusios meil\u0117s tragi\u0161ka baigtis prie\u0161 de\u0161imtmet\u012f sukr\u0117t\u0117 Vokietijos gyventojus, paskatins m\u016bs\u0173 skaitytoj\u0105 susim\u0105styti apie tai, kas sieja ir kas skiria \u017emones. \u012etaigiai pasakojama istorija, prisodrinta informacijos apie mums ma\u017eiau pa\u017e\u012fstam\u0105 egzoti\u0161k\u0105 tikrov\u0119 \u2013 islam\u0105, arab\u0173 kalb\u0105, tradicijas ir papro\u010dius \u2013 visa, k\u0105 \u0161io pasakojimo autor\u0117 pamat\u0117 savo akimis.","og_url":"https:\/\/skaitytaknyga.lt\/en\/produktas\/gabriele-morsch-mano-vaikai-norejo-gyventi\/","og_site_name":"Skaitytaknyga","article_publisher":"https:\/\/www.facebook.com\/skaitytaknyga\/","article_modified_time":"2024-05-04T19:18:22+00:00","og_image":[{"width":625,"height":794,"url":"https:\/\/skaitytaknyga.lt\/wp-content\/uploads\/2024\/05\/mano-vaikai-norejo-gyventi-1-625x794_0.jpg","type":"image\/jpeg"}],"twitter_card":"summary_large_image","schema":{"@context":"https:\/\/schema.org","@graph":[{"@type":"WebPage","@id":"https:\/\/skaitytaknyga.lt\/produktas\/gabriele-morsch-mano-vaikai-norejo-gyventi\/","url":"https:\/\/skaitytaknyga.lt\/produktas\/gabriele-morsch-mano-vaikai-norejo-gyventi\/","name":"Gabriel\u0117 Morsch \u201eMano vaikai nor\u0117jo gyventi\u201c - Skaitytaknyga","isPartOf":{"@id":"https:\/\/skaitytaknyga.lt\/#website"},"primaryImageOfPage":{"@id":"https:\/\/skaitytaknyga.lt\/produktas\/gabriele-morsch-mano-vaikai-norejo-gyventi\/#primaryimage"},"image":{"@id":"https:\/\/skaitytaknyga.lt\/produktas\/gabriele-morsch-mano-vaikai-norejo-gyventi\/#primaryimage"},"thumbnailUrl":"https:\/\/skaitytaknyga.lt\/wp-content\/uploads\/2024\/05\/mano-vaikai-norejo-gyventi-1-625x794_0.jpg","datePublished":"2024-05-04T19:16:58+00:00","dateModified":"2024-05-04T19:18:22+00:00","description":"\u201eMano vaikai nor\u0117jo gyventi\u201d\u00a0- tai autenti\u0161kas pasakojimas moters, kurios romanti\u0161kai prasid\u0117jusios meil\u0117s tragi\u0161ka baigtis prie\u0161 de\u0161imtmet\u012f sukr\u0117t\u0117 Vokietijos gyventojus, paskatins m\u016bs\u0173 skaitytoj\u0105 susim\u0105styti apie tai, kas sieja ir kas skiria \u017emones. \u012etaigiai pasakojama istorija, prisodrinta informacijos apie mums ma\u017eiau pa\u017e\u012fstam\u0105 egzoti\u0161k\u0105 tikrov\u0119 \u2013 islam\u0105, arab\u0173 kalb\u0105, tradicijas ir papro\u010dius \u2013 visa, k\u0105 \u0161io pasakojimo autor\u0117 pamat\u0117 savo akimis.","breadcrumb":{"@id":"https:\/\/skaitytaknyga.lt\/produktas\/gabriele-morsch-mano-vaikai-norejo-gyventi\/#breadcrumb"},"inLanguage":"en-GB","potentialAction":[{"@type":"ReadAction","target":["https:\/\/skaitytaknyga.lt\/produktas\/gabriele-morsch-mano-vaikai-norejo-gyventi\/"]}]},{"@type":"ImageObject","inLanguage":"en-GB","@id":"https:\/\/skaitytaknyga.lt\/produktas\/gabriele-morsch-mano-vaikai-norejo-gyventi\/#primaryimage","url":"https:\/\/skaitytaknyga.lt\/wp-content\/uploads\/2024\/05\/mano-vaikai-norejo-gyventi-1-625x794_0.jpg","contentUrl":"https:\/\/skaitytaknyga.lt\/wp-content\/uploads\/2024\/05\/mano-vaikai-norejo-gyventi-1-625x794_0.jpg","width":625,"height":794},{"@type":"BreadcrumbList","@id":"https:\/\/skaitytaknyga.lt\/produktas\/gabriele-morsch-mano-vaikai-norejo-gyventi\/#breadcrumb","itemListElement":[{"@type":"ListItem","position":1,"name":"Home","item":"https:\/\/skaitytaknyga.lt\/"},{"@type":"ListItem","position":2,"name":"Parduotuv\u0117","item":"https:\/\/skaitytaknyga.lt\/knygu-parduotuve\/"},{"@type":"ListItem","position":3,"name":"Gabriel\u0117 Morsch \u201eMano vaikai nor\u0117jo gyventi\u201c"}]},{"@type":"WebSite","@id":"https:\/\/skaitytaknyga.lt\/#website","url":"https:\/\/skaitytaknyga.lt\/","name":"skaitytaknyga.lt","description":"Skaitytaknyga.lt \u2013 tai ma\u017eas \u0161eimos verslas, kuris prasid\u0117jo nuo meil\u0117s knygoms ir siekio i\u0161gelb\u0117ti knygas nuo likimo prie konteinerio. Kas vienam nereikalingas daiktas \u2013 kitam lobis, o mes esame tarpininkai, kurie padeda abiems tapti laimingesniems ???? \u017dinome kaip nelengva i\u0161gyventi ma\u017eiems verslams, tad nuo \u0161iol, \u010dia rasite ir kit\u0173, ma\u017e\u0173 \u0161eim\u0173 versl\u0173, rank\u0173 darbo, dovan\u0173 sau ir artimiesiems.","publisher":{"@id":"https:\/\/skaitytaknyga.lt\/#organization"},"potentialAction":[{"@type":"SearchAction","target":{"@type":"EntryPoint","urlTemplate":"https:\/\/skaitytaknyga.lt\/?s={search_term_string}"},"query-input":{"@type":"PropertyValueSpecification","valueRequired":true,"valueName":"search_term_string"}}],"inLanguage":"en-GB"},{"@type":"Organization","@id":"https:\/\/skaitytaknyga.lt\/#organization","name":"skaitytaknyga.lt","url":"https:\/\/skaitytaknyga.lt\/","logo":{"@type":"ImageObject","inLanguage":"en-GB","@id":"https:\/\/skaitytaknyga.lt\/#\/schema\/logo\/image\/","url":"https:\/\/skaitytaknyga.lt\/wp-content\/uploads\/2024\/05\/cropped-cropped-cropped-02_00843_jt3bggkj1j3HLc7SyY6rEUpg.jpeg","contentUrl":"https:\/\/skaitytaknyga.lt\/wp-content\/uploads\/2024\/05\/cropped-cropped-cropped-02_00843_jt3bggkj1j3HLc7SyY6rEUpg.jpeg","width":1600,"height":1600,"caption":"skaitytaknyga.lt"},"image":{"@id":"https:\/\/skaitytaknyga.lt\/#\/schema\/logo\/image\/"},"sameAs":["https:\/\/www.facebook.com\/skaitytaknyga\/"]}]}},"_links":{"self":[{"href":"https:\/\/skaitytaknyga.lt\/en\/wp-json\/wp\/v2\/product\/10839","targetHints":{"allow":["GET"]}}],"collection":[{"href":"https:\/\/skaitytaknyga.lt\/en\/wp-json\/wp\/v2\/product"}],"about":[{"href":"https:\/\/skaitytaknyga.lt\/en\/wp-json\/wp\/v2\/types\/product"}],"replies":[{"embeddable":true,"href":"https:\/\/skaitytaknyga.lt\/en\/wp-json\/wp\/v2\/comments?post=10839"}],"wp:featuredmedia":[{"embeddable":true,"href":"https:\/\/skaitytaknyga.lt\/en\/wp-json\/wp\/v2\/media\/10874"}],"wp:attachment":[{"href":"https:\/\/skaitytaknyga.lt\/en\/wp-json\/wp\/v2\/media?parent=10839"}],"wp:term":[{"taxonomy":"product_brand","embeddable":true,"href":"https:\/\/skaitytaknyga.lt\/en\/wp-json\/wp\/v2\/product_brand?post=10839"},{"taxonomy":"product_cat","embeddable":true,"href":"https:\/\/skaitytaknyga.lt\/en\/wp-json\/wp\/v2\/product_cat?post=10839"},{"taxonomy":"product_tag","embeddable":true,"href":"https:\/\/skaitytaknyga.lt\/en\/wp-json\/wp\/v2\/product_tag?post=10839"}],"curies":[{"name":"wp","href":"https:\/\/api.w.org\/{rel}","templated":true}]}}