{"id":10831,"date":"2024-05-04T19:16:32","date_gmt":"2024-05-04T19:16:32","guid":{"rendered":"https:\/\/skaitytaknyga.lt\/?post_type=product&#038;p=10831"},"modified":"2024-05-04T19:18:10","modified_gmt":"2024-05-04T19:18:10","slug":"linksmoji-enciklopedija","status":"publish","type":"product","link":"https:\/\/skaitytaknyga.lt\/en\/produktas\/linksmoji-enciklopedija\/","title":{"rendered":"Linksmoji enciklopedija"},"content":{"rendered":"<p>Tai linksm\u0173 istorij\u0117li\u0173 apie mokslininkus (nuo senov\u0117s alchemik\u0173 iki XX a. korif\u0117j\u0173) rinkinys. Jame \u012fpinta \u0161maik\u0161\u010di\u0173 paties sudarytojo komentar\u0173. Knyga suskirstyta \u012f skyrelius, atspindin\u010dius \u012fvairiausius mokslininko b\u016bties ir buities aspektus: pa\u0161aukim\u0105, atradimo d\u017eiaugsm\u0105, nes\u0117kmes, turt\u0105, \u0161lov\u0119, populiarum\u0105, pom\u0117gius, i\u0161sibla\u0161kym\u0105, santykius su kolegomis, studentais ir &#8230;m\u016bzomis. Skaitytojas ne tik garsiai pasijuoks, bet ir ras daug informacijos.<\/p>\n<div class=\"fb-share-button\" data-href=\"https:\/\/developers.facebook.com\/docs\/plugins\/\" data-layout=\"button\" data-size=\"small\"><\/div>\n","protected":false},"excerpt":{"rendered":"<p>Tai linksm\u0173 istorij\u0117li\u0173 apie mokslininkus (nuo senov\u0117s alchemik\u0173 iki XX a. korif\u0117j\u0173) rinkinys. Jame \u012fpinta \u0161maik\u0161\u010di\u0173 paties sudarytojo komentar\u0173. Knyga suskirstyta \u012f skyrelius, atspindin\u010dius \u012fvairiausius mokslininko b\u016bties ir buities aspektus: pa\u0161aukim\u0105, atradimo d\u017eiaugsm\u0105, nes\u0117kmes, turt\u0105, \u0161lov\u0119, populiarum\u0105, pom\u0117gius, i\u0161sibla\u0161kym\u0105, santykius su kolegomis, studentais ir &#8230;m\u016bzomis. Skaitytojas ne tik garsiai pasijuoks, bet ir ras daug informacijos.<\/p>\n<div class=\"fb-share-button\" data-href=\"https:\/\/developers.facebook.com\/docs\/plugins\/\" data-layout=\"button\" data-size=\"small\"><\/div>\n","protected":false},"featured_media":10866,"comment_status":"closed","ping_status":"closed","template":"","meta":{"_acf_changed":false,"site-sidebar-layout":"default","site-content-layout":"","ast-site-content-layout":"default","site-content-style":"default","site-sidebar-style":"default","ast-global-header-display":"","ast-banner-title-visibility":"","ast-main-header-display":"","ast-hfb-above-header-display":"","ast-hfb-below-header-display":"","ast-hfb-mobile-header-display":"","site-post-title":"","ast-breadcrumbs-content":"","ast-featured-img":"","footer-sml-layout":"","ast-disable-related-posts":"","theme-transparent-header-meta":"","adv-header-id-meta":"","stick-header-meta":"","header-above-stick-meta":"","header-main-stick-meta":"","header-below-stick-meta":"","astra-migrate-meta-layouts":"default","ast-page-background-enabled":"default","ast-page-background-meta":{"desktop":{"background-color":"","background-image":"","background-repeat":"repeat","background-position":"center center","background-size":"auto","background-attachment":"scroll","background-type":"","background-media":"","overlay-type":"","overlay-color":"","overlay-opacity":"","overlay-gradient":""},"tablet":{"background-color":"","background-image":"","background-repeat":"repeat","background-position":"center center","background-size":"auto","background-attachment":"scroll","background-type":"","background-media":"","overlay-type":"","overlay-color":"","overlay-opacity":"","overlay-gradient":""},"mobile":{"background-color":"","background-image":"","background-repeat":"repeat","background-position":"center center","background-size":"auto","background-attachment":"scroll","background-type":"","background-media":"","overlay-type":"","overlay-color":"","overlay-opacity":"","overlay-gradient":""}},"ast-content-background-meta":{"desktop":{"background-color":"var(--ast-global-color-4)","background-image":"","background-repeat":"repeat","background-position":"center center","background-size":"auto","background-attachment":"scroll","background-type":"","background-media":"","overlay-type":"","overlay-color":"","overlay-opacity":"","overlay-gradient":""},"tablet":{"background-color":"var(--ast-global-color-4)","background-image":"","background-repeat":"repeat","background-position":"center center","background-size":"auto","background-attachment":"scroll","background-type":"","background-media":"","overlay-type":"","overlay-color":"","overlay-opacity":"","overlay-gradient":""},"mobile":{"background-color":"var(--ast-global-color-4)","background-image":"","background-repeat":"repeat","background-position":"center center","background-size":"auto","background-attachment":"scroll","background-type":"","background-media":"","overlay-type":"","overlay-color":"","overlay-opacity":"","overlay-gradient":""}}},"product_brand":[],"product_cat":[174],"product_tag":[],"class_list":{"0":"post-10831","1":"product","2":"type-product","3":"status-publish","4":"has-post-thumbnail","6":"product_cat-istorija-ir-politologija","7":"pa_leidimo-metai-680","8":"desktop-align-left","9":"tablet-align-left","10":"mobile-align-left","12":"first","13":"instock","14":"shipping-taxable","15":"purchasable","16":"product-type-simple"},"acf":[],"yoast_head":"<!-- This site is optimized with the Yoast SEO plugin v27.4 - https:\/\/yoast.com\/product\/yoast-seo-wordpress\/ -->\n<title>Linksmoji enciklopedija - Skaitytaknyga<\/title>\n<meta name=\"description\" content=\"Tai linksm\u0173 istorij\u0117li\u0173 apie mokslininkus (nuo senov\u0117s alchemik\u0173 iki XX a. korif\u0117j\u0173) rinkinys. Jame \u012fpinta \u0161maik\u0161\u010di\u0173 paties sudarytojo komentar\u0173. Knyga suskirstyta \u012f skyrelius, atspindin\u010dius \u012fvairiausius mokslininko b\u016bties ir buities aspektus: pa\u0161aukim\u0105, atradimo d\u017eiaugsm\u0105, nes\u0117kmes, turt\u0105, \u0161lov\u0119, populiarum\u0105, pom\u0117gius, i\u0161sibla\u0161kym\u0105, santykius su kolegomis, studentais ir ...m\u016bzomis. Skaitytojas ne tik garsiai pasijuoks, bet ir ras daug informacijos.\" \/>\n<meta name=\"robots\" content=\"index, follow, max-snippet:-1, max-image-preview:large, max-video-preview:-1\" \/>\n<link rel=\"canonical\" href=\"https:\/\/skaitytaknyga.lt\/en\/produktas\/linksmoji-enciklopedija\/\" \/>\n<meta property=\"og:locale\" content=\"en_GB\" \/>\n<meta property=\"og:locale:alternate\" content=\"lt_LT\" \/>\n<meta property=\"og:type\" content=\"article\" \/>\n<meta property=\"og:title\" content=\"Linksmoji enciklopedija - Skaitytaknyga\" \/>\n<meta property=\"og:description\" content=\"Tai linksm\u0173 istorij\u0117li\u0173 apie mokslininkus (nuo senov\u0117s alchemik\u0173 iki XX a. korif\u0117j\u0173) rinkinys. Jame \u012fpinta \u0161maik\u0161\u010di\u0173 paties sudarytojo komentar\u0173. Knyga suskirstyta \u012f skyrelius, atspindin\u010dius \u012fvairiausius mokslininko b\u016bties ir buities aspektus: pa\u0161aukim\u0105, atradimo d\u017eiaugsm\u0105, nes\u0117kmes, turt\u0105, \u0161lov\u0119, populiarum\u0105, pom\u0117gius, i\u0161sibla\u0161kym\u0105, santykius su kolegomis, studentais ir ...m\u016bzomis. Skaitytojas ne tik garsiai pasijuoks, bet ir ras daug informacijos.\" \/>\n<meta property=\"og:url\" content=\"https:\/\/skaitytaknyga.lt\/en\/produktas\/linksmoji-enciklopedija\/\" \/>\n<meta property=\"og:site_name\" content=\"Skaitytaknyga\" \/>\n<meta property=\"article:publisher\" content=\"https:\/\/www.facebook.com\/skaitytaknyga\/\" \/>\n<meta property=\"article:modified_time\" content=\"2024-05-04T19:18:10+00:00\" \/>\n<meta property=\"og:image\" content=\"https:\/\/skaitytaknyga.lt\/wp-content\/uploads\/2024\/05\/linksmoji-enciklopedija-1-e1680505197636.jpg\" \/>\n\t<meta property=\"og:image:width\" content=\"1100\" \/>\n\t<meta property=\"og:image:height\" content=\"1730\" \/>\n\t<meta property=\"og:image:type\" content=\"image\/jpeg\" \/>\n<meta name=\"twitter:card\" content=\"summary_large_image\" \/>\n<script type=\"application\/ld+json\" class=\"yoast-schema-graph\">{\"@context\":\"https:\\\/\\\/schema.org\",\"@graph\":[{\"@type\":\"WebPage\",\"@id\":\"https:\\\/\\\/skaitytaknyga.lt\\\/produktas\\\/linksmoji-enciklopedija\\\/\",\"url\":\"https:\\\/\\\/skaitytaknyga.lt\\\/produktas\\\/linksmoji-enciklopedija\\\/\",\"name\":\"Linksmoji enciklopedija - Skaitytaknyga\",\"isPartOf\":{\"@id\":\"https:\\\/\\\/skaitytaknyga.lt\\\/#website\"},\"primaryImageOfPage\":{\"@id\":\"https:\\\/\\\/skaitytaknyga.lt\\\/produktas\\\/linksmoji-enciklopedija\\\/#primaryimage\"},\"image\":{\"@id\":\"https:\\\/\\\/skaitytaknyga.lt\\\/produktas\\\/linksmoji-enciklopedija\\\/#primaryimage\"},\"thumbnailUrl\":\"https:\\\/\\\/skaitytaknyga.lt\\\/wp-content\\\/uploads\\\/2024\\\/05\\\/linksmoji-enciklopedija-1-e1680505197636.jpg\",\"datePublished\":\"2024-05-04T19:16:32+00:00\",\"dateModified\":\"2024-05-04T19:18:10+00:00\",\"description\":\"Tai linksm\u0173 istorij\u0117li\u0173 apie mokslininkus (nuo senov\u0117s alchemik\u0173 iki XX a. korif\u0117j\u0173) rinkinys. Jame \u012fpinta \u0161maik\u0161\u010di\u0173 paties sudarytojo komentar\u0173. Knyga suskirstyta \u012f skyrelius, atspindin\u010dius \u012fvairiausius mokslininko b\u016bties ir buities aspektus: pa\u0161aukim\u0105, atradimo d\u017eiaugsm\u0105, nes\u0117kmes, turt\u0105, \u0161lov\u0119, populiarum\u0105, pom\u0117gius, i\u0161sibla\u0161kym\u0105, santykius su kolegomis, studentais ir ...m\u016bzomis. Skaitytojas ne tik garsiai pasijuoks, bet ir ras daug informacijos.\",\"breadcrumb\":{\"@id\":\"https:\\\/\\\/skaitytaknyga.lt\\\/produktas\\\/linksmoji-enciklopedija\\\/#breadcrumb\"},\"inLanguage\":\"en-GB\",\"potentialAction\":[{\"@type\":\"ReadAction\",\"target\":[\"https:\\\/\\\/skaitytaknyga.lt\\\/produktas\\\/linksmoji-enciklopedija\\\/\"]}]},{\"@type\":\"ImageObject\",\"inLanguage\":\"en-GB\",\"@id\":\"https:\\\/\\\/skaitytaknyga.lt\\\/produktas\\\/linksmoji-enciklopedija\\\/#primaryimage\",\"url\":\"https:\\\/\\\/skaitytaknyga.lt\\\/wp-content\\\/uploads\\\/2024\\\/05\\\/linksmoji-enciklopedija-1-e1680505197636.jpg\",\"contentUrl\":\"https:\\\/\\\/skaitytaknyga.lt\\\/wp-content\\\/uploads\\\/2024\\\/05\\\/linksmoji-enciklopedija-1-e1680505197636.jpg\",\"width\":1100,\"height\":1730},{\"@type\":\"BreadcrumbList\",\"@id\":\"https:\\\/\\\/skaitytaknyga.lt\\\/produktas\\\/linksmoji-enciklopedija\\\/#breadcrumb\",\"itemListElement\":[{\"@type\":\"ListItem\",\"position\":1,\"name\":\"Home\",\"item\":\"https:\\\/\\\/skaitytaknyga.lt\\\/\"},{\"@type\":\"ListItem\",\"position\":2,\"name\":\"Parduotuv\u0117\",\"item\":\"https:\\\/\\\/skaitytaknyga.lt\\\/knygu-parduotuve\\\/\"},{\"@type\":\"ListItem\",\"position\":3,\"name\":\"Linksmoji enciklopedija\"}]},{\"@type\":\"WebSite\",\"@id\":\"https:\\\/\\\/skaitytaknyga.lt\\\/#website\",\"url\":\"https:\\\/\\\/skaitytaknyga.lt\\\/\",\"name\":\"skaitytaknyga.lt\",\"description\":\"Skaitytaknyga.lt \u2013 tai ma\u017eas \u0161eimos verslas, kuris prasid\u0117jo nuo meil\u0117s knygoms ir siekio i\u0161gelb\u0117ti knygas nuo likimo prie konteinerio. Kas vienam nereikalingas daiktas \u2013 kitam lobis, o mes esame tarpininkai, kurie padeda abiems tapti laimingesniems ???? \u017dinome kaip nelengva i\u0161gyventi ma\u017eiems verslams, tad nuo \u0161iol, \u010dia rasite ir kit\u0173, ma\u017e\u0173 \u0161eim\u0173 versl\u0173, rank\u0173 darbo, dovan\u0173 sau ir artimiesiems.\",\"publisher\":{\"@id\":\"https:\\\/\\\/skaitytaknyga.lt\\\/#organization\"},\"potentialAction\":[{\"@type\":\"SearchAction\",\"target\":{\"@type\":\"EntryPoint\",\"urlTemplate\":\"https:\\\/\\\/skaitytaknyga.lt\\\/?s={search_term_string}\"},\"query-input\":{\"@type\":\"PropertyValueSpecification\",\"valueRequired\":true,\"valueName\":\"search_term_string\"}}],\"inLanguage\":\"en-GB\"},{\"@type\":\"Organization\",\"@id\":\"https:\\\/\\\/skaitytaknyga.lt\\\/#organization\",\"name\":\"skaitytaknyga.lt\",\"url\":\"https:\\\/\\\/skaitytaknyga.lt\\\/\",\"logo\":{\"@type\":\"ImageObject\",\"inLanguage\":\"en-GB\",\"@id\":\"https:\\\/\\\/skaitytaknyga.lt\\\/#\\\/schema\\\/logo\\\/image\\\/\",\"url\":\"https:\\\/\\\/skaitytaknyga.lt\\\/wp-content\\\/uploads\\\/2024\\\/05\\\/cropped-cropped-cropped-02_00843_jt3bggkj1j3HLc7SyY6rEUpg.jpeg\",\"contentUrl\":\"https:\\\/\\\/skaitytaknyga.lt\\\/wp-content\\\/uploads\\\/2024\\\/05\\\/cropped-cropped-cropped-02_00843_jt3bggkj1j3HLc7SyY6rEUpg.jpeg\",\"width\":1600,\"height\":1600,\"caption\":\"skaitytaknyga.lt\"},\"image\":{\"@id\":\"https:\\\/\\\/skaitytaknyga.lt\\\/#\\\/schema\\\/logo\\\/image\\\/\"},\"sameAs\":[\"https:\\\/\\\/www.facebook.com\\\/skaitytaknyga\\\/\"]}]}<\/script>\n<!-- \/ Yoast SEO plugin. -->","yoast_head_json":{"title":"Linksmoji enciklopedija - Skaitytaknyga","description":"Tai linksm\u0173 istorij\u0117li\u0173 apie mokslininkus (nuo senov\u0117s alchemik\u0173 iki XX a. korif\u0117j\u0173) rinkinys. Jame \u012fpinta \u0161maik\u0161\u010di\u0173 paties sudarytojo komentar\u0173. Knyga suskirstyta \u012f skyrelius, atspindin\u010dius \u012fvairiausius mokslininko b\u016bties ir buities aspektus: pa\u0161aukim\u0105, atradimo d\u017eiaugsm\u0105, nes\u0117kmes, turt\u0105, \u0161lov\u0119, populiarum\u0105, pom\u0117gius, i\u0161sibla\u0161kym\u0105, santykius su kolegomis, studentais ir ...m\u016bzomis. Skaitytojas ne tik garsiai pasijuoks, bet ir ras daug informacijos.","robots":{"index":"index","follow":"follow","max-snippet":"max-snippet:-1","max-image-preview":"max-image-preview:large","max-video-preview":"max-video-preview:-1"},"canonical":"https:\/\/skaitytaknyga.lt\/en\/produktas\/linksmoji-enciklopedija\/","og_locale":"en_GB","og_type":"article","og_title":"Linksmoji enciklopedija - Skaitytaknyga","og_description":"Tai linksm\u0173 istorij\u0117li\u0173 apie mokslininkus (nuo senov\u0117s alchemik\u0173 iki XX a. korif\u0117j\u0173) rinkinys. Jame \u012fpinta \u0161maik\u0161\u010di\u0173 paties sudarytojo komentar\u0173. Knyga suskirstyta \u012f skyrelius, atspindin\u010dius \u012fvairiausius mokslininko b\u016bties ir buities aspektus: pa\u0161aukim\u0105, atradimo d\u017eiaugsm\u0105, nes\u0117kmes, turt\u0105, \u0161lov\u0119, populiarum\u0105, pom\u0117gius, i\u0161sibla\u0161kym\u0105, santykius su kolegomis, studentais ir ...m\u016bzomis. Skaitytojas ne tik garsiai pasijuoks, bet ir ras daug informacijos.","og_url":"https:\/\/skaitytaknyga.lt\/en\/produktas\/linksmoji-enciklopedija\/","og_site_name":"Skaitytaknyga","article_publisher":"https:\/\/www.facebook.com\/skaitytaknyga\/","article_modified_time":"2024-05-04T19:18:10+00:00","og_image":[{"width":1100,"height":1730,"url":"https:\/\/skaitytaknyga.lt\/wp-content\/uploads\/2024\/05\/linksmoji-enciklopedija-1-e1680505197636.jpg","type":"image\/jpeg"}],"twitter_card":"summary_large_image","schema":{"@context":"https:\/\/schema.org","@graph":[{"@type":"WebPage","@id":"https:\/\/skaitytaknyga.lt\/produktas\/linksmoji-enciklopedija\/","url":"https:\/\/skaitytaknyga.lt\/produktas\/linksmoji-enciklopedija\/","name":"Linksmoji enciklopedija - Skaitytaknyga","isPartOf":{"@id":"https:\/\/skaitytaknyga.lt\/#website"},"primaryImageOfPage":{"@id":"https:\/\/skaitytaknyga.lt\/produktas\/linksmoji-enciklopedija\/#primaryimage"},"image":{"@id":"https:\/\/skaitytaknyga.lt\/produktas\/linksmoji-enciklopedija\/#primaryimage"},"thumbnailUrl":"https:\/\/skaitytaknyga.lt\/wp-content\/uploads\/2024\/05\/linksmoji-enciklopedija-1-e1680505197636.jpg","datePublished":"2024-05-04T19:16:32+00:00","dateModified":"2024-05-04T19:18:10+00:00","description":"Tai linksm\u0173 istorij\u0117li\u0173 apie mokslininkus (nuo senov\u0117s alchemik\u0173 iki XX a. korif\u0117j\u0173) rinkinys. Jame \u012fpinta \u0161maik\u0161\u010di\u0173 paties sudarytojo komentar\u0173. Knyga suskirstyta \u012f skyrelius, atspindin\u010dius \u012fvairiausius mokslininko b\u016bties ir buities aspektus: pa\u0161aukim\u0105, atradimo d\u017eiaugsm\u0105, nes\u0117kmes, turt\u0105, \u0161lov\u0119, populiarum\u0105, pom\u0117gius, i\u0161sibla\u0161kym\u0105, santykius su kolegomis, studentais ir ...m\u016bzomis. Skaitytojas ne tik garsiai pasijuoks, bet ir ras daug informacijos.","breadcrumb":{"@id":"https:\/\/skaitytaknyga.lt\/produktas\/linksmoji-enciklopedija\/#breadcrumb"},"inLanguage":"en-GB","potentialAction":[{"@type":"ReadAction","target":["https:\/\/skaitytaknyga.lt\/produktas\/linksmoji-enciklopedija\/"]}]},{"@type":"ImageObject","inLanguage":"en-GB","@id":"https:\/\/skaitytaknyga.lt\/produktas\/linksmoji-enciklopedija\/#primaryimage","url":"https:\/\/skaitytaknyga.lt\/wp-content\/uploads\/2024\/05\/linksmoji-enciklopedija-1-e1680505197636.jpg","contentUrl":"https:\/\/skaitytaknyga.lt\/wp-content\/uploads\/2024\/05\/linksmoji-enciklopedija-1-e1680505197636.jpg","width":1100,"height":1730},{"@type":"BreadcrumbList","@id":"https:\/\/skaitytaknyga.lt\/produktas\/linksmoji-enciklopedija\/#breadcrumb","itemListElement":[{"@type":"ListItem","position":1,"name":"Home","item":"https:\/\/skaitytaknyga.lt\/"},{"@type":"ListItem","position":2,"name":"Parduotuv\u0117","item":"https:\/\/skaitytaknyga.lt\/knygu-parduotuve\/"},{"@type":"ListItem","position":3,"name":"Linksmoji enciklopedija"}]},{"@type":"WebSite","@id":"https:\/\/skaitytaknyga.lt\/#website","url":"https:\/\/skaitytaknyga.lt\/","name":"skaitytaknyga.lt","description":"Skaitytaknyga.lt \u2013 tai ma\u017eas \u0161eimos verslas, kuris prasid\u0117jo nuo meil\u0117s knygoms ir siekio i\u0161gelb\u0117ti knygas nuo likimo prie konteinerio. Kas vienam nereikalingas daiktas \u2013 kitam lobis, o mes esame tarpininkai, kurie padeda abiems tapti laimingesniems ???? \u017dinome kaip nelengva i\u0161gyventi ma\u017eiems verslams, tad nuo \u0161iol, \u010dia rasite ir kit\u0173, ma\u017e\u0173 \u0161eim\u0173 versl\u0173, rank\u0173 darbo, dovan\u0173 sau ir artimiesiems.","publisher":{"@id":"https:\/\/skaitytaknyga.lt\/#organization"},"potentialAction":[{"@type":"SearchAction","target":{"@type":"EntryPoint","urlTemplate":"https:\/\/skaitytaknyga.lt\/?s={search_term_string}"},"query-input":{"@type":"PropertyValueSpecification","valueRequired":true,"valueName":"search_term_string"}}],"inLanguage":"en-GB"},{"@type":"Organization","@id":"https:\/\/skaitytaknyga.lt\/#organization","name":"skaitytaknyga.lt","url":"https:\/\/skaitytaknyga.lt\/","logo":{"@type":"ImageObject","inLanguage":"en-GB","@id":"https:\/\/skaitytaknyga.lt\/#\/schema\/logo\/image\/","url":"https:\/\/skaitytaknyga.lt\/wp-content\/uploads\/2024\/05\/cropped-cropped-cropped-02_00843_jt3bggkj1j3HLc7SyY6rEUpg.jpeg","contentUrl":"https:\/\/skaitytaknyga.lt\/wp-content\/uploads\/2024\/05\/cropped-cropped-cropped-02_00843_jt3bggkj1j3HLc7SyY6rEUpg.jpeg","width":1600,"height":1600,"caption":"skaitytaknyga.lt"},"image":{"@id":"https:\/\/skaitytaknyga.lt\/#\/schema\/logo\/image\/"},"sameAs":["https:\/\/www.facebook.com\/skaitytaknyga\/"]}]}},"_links":{"self":[{"href":"https:\/\/skaitytaknyga.lt\/en\/wp-json\/wp\/v2\/product\/10831","targetHints":{"allow":["GET"]}}],"collection":[{"href":"https:\/\/skaitytaknyga.lt\/en\/wp-json\/wp\/v2\/product"}],"about":[{"href":"https:\/\/skaitytaknyga.lt\/en\/wp-json\/wp\/v2\/types\/product"}],"replies":[{"embeddable":true,"href":"https:\/\/skaitytaknyga.lt\/en\/wp-json\/wp\/v2\/comments?post=10831"}],"wp:featuredmedia":[{"embeddable":true,"href":"https:\/\/skaitytaknyga.lt\/en\/wp-json\/wp\/v2\/media\/10866"}],"wp:attachment":[{"href":"https:\/\/skaitytaknyga.lt\/en\/wp-json\/wp\/v2\/media?parent=10831"}],"wp:term":[{"taxonomy":"product_brand","embeddable":true,"href":"https:\/\/skaitytaknyga.lt\/en\/wp-json\/wp\/v2\/product_brand?post=10831"},{"taxonomy":"product_cat","embeddable":true,"href":"https:\/\/skaitytaknyga.lt\/en\/wp-json\/wp\/v2\/product_cat?post=10831"},{"taxonomy":"product_tag","embeddable":true,"href":"https:\/\/skaitytaknyga.lt\/en\/wp-json\/wp\/v2\/product_tag?post=10831"}],"curies":[{"name":"wp","href":"https:\/\/api.w.org\/{rel}","templated":true}]}}