{"id":10817,"date":"2024-05-04T19:16:07","date_gmt":"2024-05-04T19:16:07","guid":{"rendered":"https:\/\/skaitytaknyga.lt\/?post_type=product&#038;p=10817"},"modified":"2024-05-04T19:17:32","modified_gmt":"2024-05-04T19:17:32","slug":"b-genzelis-kulturu-saveika","status":"publish","type":"product","link":"https:\/\/skaitytaknyga.lt\/en\/produktas\/b-genzelis-kulturu-saveika\/","title":{"rendered":"B. Genzelis \u201eKult\u016br\u0173 s\u0105veika\u201c"},"content":{"rendered":"<p><span class=\"text\">Jokios tautos kult\u016bra n\u0117ra u\u017edara sistema. \u0160ioje knygoje parodoma kult\u016br\u0173 s\u0105veika Lietuvoje ir remiantis konkre\u010diais faktais parodomas lietuvi\u0173 kult\u016bros imlumas ir savo ruo\u017etu jos poveikis kitoms tautoms. Pirmajame skyriuje aptariami nelietuvi\u0173 kilm\u0117s kult\u016bros veik\u0117jai, kuri\u0173 gyvenimas ar didel\u0117 jo dalis susijusi su Lietuva (J. Zauerveinas, L. Karsavinas, V. Sezemanas, A. Mickevi\u010dius, O. Mila\u0161ius, A. J. Greimas ir kt.). Tre\u010diajame skyriuje nu\u0161vie\u010diamas kit\u0173 taut\u0173 kult\u016bros veik\u0117j\u0173 po\u017ei\u016bris \u012f Lietuv\u0105 bei j\u0173 suformuluot\u0173 id\u0117j\u0173 poveikis m\u016bs\u0173 kult\u016bros pl\u0117totei.<\/span><\/p>\n<p>&nbsp;<\/p>\n<div id=\"fb-root\" class=\" fb_reset\">\n<div>\n<div><\/div>\n<\/div>\n<\/div>\n<div class=\"fb-share-button\" data-href=\"https:\/\/developers.facebook.com\/docs\/plugins\/\" data-layout=\"button\" data-size=\"small\"><\/div>\n","protected":false},"excerpt":{"rendered":"<p><span class=\"text\">Jokios tautos kult\u016bra n\u0117ra u\u017edara sistema. \u0160ioje knygoje parodoma kult\u016br\u0173 s\u0105veika Lietuvoje ir remiantis konkre\u010diais faktais parodomas lietuvi\u0173 kult\u016bros imlumas ir savo ruo\u017etu jos poveikis kitoms tautoms. Pirmajame skyriuje aptariami nelietuvi\u0173 kilm\u0117s kult\u016bros veik\u0117jai, kuri\u0173 gyvenimas ar didel\u0117 jo dalis susijusi su Lietuva (J. Zauerveinas, L. Karsavinas, V. Sezemanas, A. Mickevi\u010dius, O. Mila\u0161ius, A. J. Greimas ir kt.). Tre\u010diajame skyriuje nu\u0161vie\u010diamas kit\u0173 taut\u0173 kult\u016bros veik\u0117j\u0173 po\u017ei\u016bris \u012f Lietuv\u0105 bei j\u0173 suformuluot\u0173 id\u0117j\u0173 poveikis m\u016bs\u0173 kult\u016bros pl\u0117totei.<\/span><\/p>\n<p>&nbsp;<\/p>\n<div id=\"fb-root\" class=\" fb_reset\">\n<div>\n<div><\/div>\n<\/div>\n<\/div>\n<div class=\"fb-share-button\" data-href=\"https:\/\/developers.facebook.com\/docs\/plugins\/\" data-layout=\"button\" data-size=\"small\"><\/div>\n","protected":false},"featured_media":10854,"comment_status":"closed","ping_status":"closed","template":"","meta":{"_acf_changed":false,"site-sidebar-layout":"default","site-content-layout":"","ast-site-content-layout":"default","site-content-style":"default","site-sidebar-style":"default","ast-global-header-display":"","ast-banner-title-visibility":"","ast-main-header-display":"","ast-hfb-above-header-display":"","ast-hfb-below-header-display":"","ast-hfb-mobile-header-display":"","site-post-title":"","ast-breadcrumbs-content":"","ast-featured-img":"","footer-sml-layout":"","ast-disable-related-posts":"","theme-transparent-header-meta":"","adv-header-id-meta":"","stick-header-meta":"","header-above-stick-meta":"","header-main-stick-meta":"","header-below-stick-meta":"","astra-migrate-meta-layouts":"default","ast-page-background-enabled":"default","ast-page-background-meta":{"desktop":{"background-color":"","background-image":"","background-repeat":"repeat","background-position":"center center","background-size":"auto","background-attachment":"scroll","background-type":"","background-media":"","overlay-type":"","overlay-color":"","overlay-opacity":"","overlay-gradient":""},"tablet":{"background-color":"","background-image":"","background-repeat":"repeat","background-position":"center center","background-size":"auto","background-attachment":"scroll","background-type":"","background-media":"","overlay-type":"","overlay-color":"","overlay-opacity":"","overlay-gradient":""},"mobile":{"background-color":"","background-image":"","background-repeat":"repeat","background-position":"center center","background-size":"auto","background-attachment":"scroll","background-type":"","background-media":"","overlay-type":"","overlay-color":"","overlay-opacity":"","overlay-gradient":""}},"ast-content-background-meta":{"desktop":{"background-color":"var(--ast-global-color-4)","background-image":"","background-repeat":"repeat","background-position":"center center","background-size":"auto","background-attachment":"scroll","background-type":"","background-media":"","overlay-type":"","overlay-color":"","overlay-opacity":"","overlay-gradient":""},"tablet":{"background-color":"var(--ast-global-color-4)","background-image":"","background-repeat":"repeat","background-position":"center center","background-size":"auto","background-attachment":"scroll","background-type":"","background-media":"","overlay-type":"","overlay-color":"","overlay-opacity":"","overlay-gradient":""},"mobile":{"background-color":"var(--ast-global-color-4)","background-image":"","background-repeat":"repeat","background-position":"center center","background-size":"auto","background-attachment":"scroll","background-type":"","background-media":"","overlay-type":"","overlay-color":"","overlay-opacity":"","overlay-gradient":""}}},"product_brand":[],"product_cat":[174],"product_tag":[],"class_list":{"0":"post-10817","1":"product","2":"type-product","3":"status-publish","4":"has-post-thumbnail","6":"product_cat-istorija-ir-politologija","7":"pa_leidimo-metai-680","8":"desktop-align-left","9":"tablet-align-left","10":"mobile-align-left","12":"first","13":"instock","14":"shipping-taxable","15":"purchasable","16":"product-type-simple"},"acf":[],"yoast_head":"<!-- This site is optimized with the Yoast SEO plugin v27.4 - https:\/\/yoast.com\/product\/yoast-seo-wordpress\/ -->\n<title>B. Genzelis \u201eKult\u016br\u0173 s\u0105veika\u201c - Skaitytaknyga<\/title>\n<meta name=\"description\" content=\"Jokios tautos kult\u016bra n\u0117ra u\u017edara sistema. \u0160ioje knygoje parodoma kult\u016br\u0173 s\u0105veika Lietuvoje ir remiantis konkre\u010diais faktais parodomas lietuvi\u0173 kult\u016bros imlumas ir savo ruo\u017etu jos poveikis kitoms tautoms. Pirmajame skyriuje aptariami nelietuvi\u0173 kilm\u0117s kult\u016bros veik\u0117jai, kuri\u0173 gyvenimas ar didel\u0117 jo dalis susijusi su Lietuva (J. Zauerveinas, L. Karsavinas, V. Sezemanas, A. Mickevi\u010dius, O. Mila\u0161ius, A. J. Greimas ir kt.). Tre\u010diajame skyriuje nu\u0161vie\u010diamas kit\u0173 taut\u0173 kult\u016bros veik\u0117j\u0173 po\u017ei\u016bris \u012f Lietuv\u0105 bei j\u0173 suformuluot\u0173 id\u0117j\u0173 poveikis m\u016bs\u0173 kult\u016bros pl\u0117totei.  &nbsp;\" \/>\n<meta name=\"robots\" content=\"index, follow, max-snippet:-1, max-image-preview:large, max-video-preview:-1\" \/>\n<link rel=\"canonical\" href=\"https:\/\/skaitytaknyga.lt\/en\/produktas\/b-genzelis-kulturu-saveika\/\" \/>\n<meta property=\"og:locale\" content=\"en_GB\" \/>\n<meta property=\"og:locale:alternate\" content=\"lt_LT\" \/>\n<meta property=\"og:type\" content=\"article\" \/>\n<meta property=\"og:title\" content=\"B. Genzelis \u201eKult\u016br\u0173 s\u0105veika\u201c - Skaitytaknyga\" \/>\n<meta property=\"og:description\" content=\"Jokios tautos kult\u016bra n\u0117ra u\u017edara sistema. \u0160ioje knygoje parodoma kult\u016br\u0173 s\u0105veika Lietuvoje ir remiantis konkre\u010diais faktais parodomas lietuvi\u0173 kult\u016bros imlumas ir savo ruo\u017etu jos poveikis kitoms tautoms. Pirmajame skyriuje aptariami nelietuvi\u0173 kilm\u0117s kult\u016bros veik\u0117jai, kuri\u0173 gyvenimas ar didel\u0117 jo dalis susijusi su Lietuva (J. Zauerveinas, L. Karsavinas, V. Sezemanas, A. Mickevi\u010dius, O. Mila\u0161ius, A. J. Greimas ir kt.). Tre\u010diajame skyriuje nu\u0161vie\u010diamas kit\u0173 taut\u0173 kult\u016bros veik\u0117j\u0173 po\u017ei\u016bris \u012f Lietuv\u0105 bei j\u0173 suformuluot\u0173 id\u0117j\u0173 poveikis m\u016bs\u0173 kult\u016bros pl\u0117totei.  &nbsp;\" \/>\n<meta property=\"og:url\" content=\"https:\/\/skaitytaknyga.lt\/en\/produktas\/b-genzelis-kulturu-saveika\/\" \/>\n<meta property=\"og:site_name\" content=\"Skaitytaknyga\" \/>\n<meta property=\"article:publisher\" content=\"https:\/\/www.facebook.com\/skaitytaknyga\/\" \/>\n<meta property=\"article:modified_time\" content=\"2024-05-04T19:17:32+00:00\" \/>\n<meta property=\"og:image\" content=\"https:\/\/skaitytaknyga.lt\/wp-content\/uploads\/2024\/05\/212410-genzelis-kulturu-saveika.jpg\" \/>\n\t<meta property=\"og:image:width\" content=\"505\" \/>\n\t<meta property=\"og:image:height\" content=\"800\" \/>\n\t<meta property=\"og:image:type\" content=\"image\/jpeg\" \/>\n<meta name=\"twitter:card\" content=\"summary_large_image\" \/>\n<meta name=\"twitter:label1\" content=\"Estimated reading time\" \/>\n\t<meta name=\"twitter:data1\" content=\"1 minute\" \/>\n<script type=\"application\/ld+json\" class=\"yoast-schema-graph\">{\"@context\":\"https:\\\/\\\/schema.org\",\"@graph\":[{\"@type\":\"WebPage\",\"@id\":\"https:\\\/\\\/skaitytaknyga.lt\\\/produktas\\\/b-genzelis-kulturu-saveika\\\/\",\"url\":\"https:\\\/\\\/skaitytaknyga.lt\\\/produktas\\\/b-genzelis-kulturu-saveika\\\/\",\"name\":\"B. Genzelis \u201eKult\u016br\u0173 s\u0105veika\u201c - Skaitytaknyga\",\"isPartOf\":{\"@id\":\"https:\\\/\\\/skaitytaknyga.lt\\\/#website\"},\"primaryImageOfPage\":{\"@id\":\"https:\\\/\\\/skaitytaknyga.lt\\\/produktas\\\/b-genzelis-kulturu-saveika\\\/#primaryimage\"},\"image\":{\"@id\":\"https:\\\/\\\/skaitytaknyga.lt\\\/produktas\\\/b-genzelis-kulturu-saveika\\\/#primaryimage\"},\"thumbnailUrl\":\"https:\\\/\\\/skaitytaknyga.lt\\\/wp-content\\\/uploads\\\/2024\\\/05\\\/212410-genzelis-kulturu-saveika.jpg\",\"datePublished\":\"2024-05-04T19:16:07+00:00\",\"dateModified\":\"2024-05-04T19:17:32+00:00\",\"description\":\"Jokios tautos kult\u016bra n\u0117ra u\u017edara sistema. \u0160ioje knygoje parodoma kult\u016br\u0173 s\u0105veika Lietuvoje ir remiantis konkre\u010diais faktais parodomas lietuvi\u0173 kult\u016bros imlumas ir savo ruo\u017etu jos poveikis kitoms tautoms. Pirmajame skyriuje aptariami nelietuvi\u0173 kilm\u0117s kult\u016bros veik\u0117jai, kuri\u0173 gyvenimas ar didel\u0117 jo dalis susijusi su Lietuva (J. Zauerveinas, L. Karsavinas, V. Sezemanas, A. Mickevi\u010dius, O. Mila\u0161ius, A. J. Greimas ir kt.). Tre\u010diajame skyriuje nu\u0161vie\u010diamas kit\u0173 taut\u0173 kult\u016bros veik\u0117j\u0173 po\u017ei\u016bris \u012f Lietuv\u0105 bei j\u0173 suformuluot\u0173 id\u0117j\u0173 poveikis m\u016bs\u0173 kult\u016bros pl\u0117totei. &nbsp;\",\"breadcrumb\":{\"@id\":\"https:\\\/\\\/skaitytaknyga.lt\\\/produktas\\\/b-genzelis-kulturu-saveika\\\/#breadcrumb\"},\"inLanguage\":\"en-GB\",\"potentialAction\":[{\"@type\":\"ReadAction\",\"target\":[\"https:\\\/\\\/skaitytaknyga.lt\\\/produktas\\\/b-genzelis-kulturu-saveika\\\/\"]}]},{\"@type\":\"ImageObject\",\"inLanguage\":\"en-GB\",\"@id\":\"https:\\\/\\\/skaitytaknyga.lt\\\/produktas\\\/b-genzelis-kulturu-saveika\\\/#primaryimage\",\"url\":\"https:\\\/\\\/skaitytaknyga.lt\\\/wp-content\\\/uploads\\\/2024\\\/05\\\/212410-genzelis-kulturu-saveika.jpg\",\"contentUrl\":\"https:\\\/\\\/skaitytaknyga.lt\\\/wp-content\\\/uploads\\\/2024\\\/05\\\/212410-genzelis-kulturu-saveika.jpg\",\"width\":505,\"height\":800},{\"@type\":\"BreadcrumbList\",\"@id\":\"https:\\\/\\\/skaitytaknyga.lt\\\/produktas\\\/b-genzelis-kulturu-saveika\\\/#breadcrumb\",\"itemListElement\":[{\"@type\":\"ListItem\",\"position\":1,\"name\":\"Home\",\"item\":\"https:\\\/\\\/skaitytaknyga.lt\\\/\"},{\"@type\":\"ListItem\",\"position\":2,\"name\":\"Parduotuv\u0117\",\"item\":\"https:\\\/\\\/skaitytaknyga.lt\\\/knygu-parduotuve\\\/\"},{\"@type\":\"ListItem\",\"position\":3,\"name\":\"B. Genzelis \u201eKult\u016br\u0173 s\u0105veika\u201c\"}]},{\"@type\":\"WebSite\",\"@id\":\"https:\\\/\\\/skaitytaknyga.lt\\\/#website\",\"url\":\"https:\\\/\\\/skaitytaknyga.lt\\\/\",\"name\":\"skaitytaknyga.lt\",\"description\":\"Skaitytaknyga.lt \u2013 tai ma\u017eas \u0161eimos verslas, kuris prasid\u0117jo nuo meil\u0117s knygoms ir siekio i\u0161gelb\u0117ti knygas nuo likimo prie konteinerio. Kas vienam nereikalingas daiktas \u2013 kitam lobis, o mes esame tarpininkai, kurie padeda abiems tapti laimingesniems ???? \u017dinome kaip nelengva i\u0161gyventi ma\u017eiems verslams, tad nuo \u0161iol, \u010dia rasite ir kit\u0173, ma\u017e\u0173 \u0161eim\u0173 versl\u0173, rank\u0173 darbo, dovan\u0173 sau ir artimiesiems.\",\"publisher\":{\"@id\":\"https:\\\/\\\/skaitytaknyga.lt\\\/#organization\"},\"potentialAction\":[{\"@type\":\"SearchAction\",\"target\":{\"@type\":\"EntryPoint\",\"urlTemplate\":\"https:\\\/\\\/skaitytaknyga.lt\\\/?s={search_term_string}\"},\"query-input\":{\"@type\":\"PropertyValueSpecification\",\"valueRequired\":true,\"valueName\":\"search_term_string\"}}],\"inLanguage\":\"en-GB\"},{\"@type\":\"Organization\",\"@id\":\"https:\\\/\\\/skaitytaknyga.lt\\\/#organization\",\"name\":\"skaitytaknyga.lt\",\"url\":\"https:\\\/\\\/skaitytaknyga.lt\\\/\",\"logo\":{\"@type\":\"ImageObject\",\"inLanguage\":\"en-GB\",\"@id\":\"https:\\\/\\\/skaitytaknyga.lt\\\/#\\\/schema\\\/logo\\\/image\\\/\",\"url\":\"https:\\\/\\\/skaitytaknyga.lt\\\/wp-content\\\/uploads\\\/2024\\\/05\\\/cropped-cropped-cropped-02_00843_jt3bggkj1j3HLc7SyY6rEUpg.jpeg\",\"contentUrl\":\"https:\\\/\\\/skaitytaknyga.lt\\\/wp-content\\\/uploads\\\/2024\\\/05\\\/cropped-cropped-cropped-02_00843_jt3bggkj1j3HLc7SyY6rEUpg.jpeg\",\"width\":1600,\"height\":1600,\"caption\":\"skaitytaknyga.lt\"},\"image\":{\"@id\":\"https:\\\/\\\/skaitytaknyga.lt\\\/#\\\/schema\\\/logo\\\/image\\\/\"},\"sameAs\":[\"https:\\\/\\\/www.facebook.com\\\/skaitytaknyga\\\/\"]}]}<\/script>\n<!-- \/ Yoast SEO plugin. -->","yoast_head_json":{"title":"B. Genzelis \u201eKult\u016br\u0173 s\u0105veika\u201c - Skaitytaknyga","description":"Jokios tautos kult\u016bra n\u0117ra u\u017edara sistema. \u0160ioje knygoje parodoma kult\u016br\u0173 s\u0105veika Lietuvoje ir remiantis konkre\u010diais faktais parodomas lietuvi\u0173 kult\u016bros imlumas ir savo ruo\u017etu jos poveikis kitoms tautoms. Pirmajame skyriuje aptariami nelietuvi\u0173 kilm\u0117s kult\u016bros veik\u0117jai, kuri\u0173 gyvenimas ar didel\u0117 jo dalis susijusi su Lietuva (J. Zauerveinas, L. Karsavinas, V. Sezemanas, A. Mickevi\u010dius, O. Mila\u0161ius, A. J. Greimas ir kt.). Tre\u010diajame skyriuje nu\u0161vie\u010diamas kit\u0173 taut\u0173 kult\u016bros veik\u0117j\u0173 po\u017ei\u016bris \u012f Lietuv\u0105 bei j\u0173 suformuluot\u0173 id\u0117j\u0173 poveikis m\u016bs\u0173 kult\u016bros pl\u0117totei.  &nbsp;","robots":{"index":"index","follow":"follow","max-snippet":"max-snippet:-1","max-image-preview":"max-image-preview:large","max-video-preview":"max-video-preview:-1"},"canonical":"https:\/\/skaitytaknyga.lt\/en\/produktas\/b-genzelis-kulturu-saveika\/","og_locale":"en_GB","og_type":"article","og_title":"B. Genzelis \u201eKult\u016br\u0173 s\u0105veika\u201c - Skaitytaknyga","og_description":"Jokios tautos kult\u016bra n\u0117ra u\u017edara sistema. \u0160ioje knygoje parodoma kult\u016br\u0173 s\u0105veika Lietuvoje ir remiantis konkre\u010diais faktais parodomas lietuvi\u0173 kult\u016bros imlumas ir savo ruo\u017etu jos poveikis kitoms tautoms. Pirmajame skyriuje aptariami nelietuvi\u0173 kilm\u0117s kult\u016bros veik\u0117jai, kuri\u0173 gyvenimas ar didel\u0117 jo dalis susijusi su Lietuva (J. Zauerveinas, L. Karsavinas, V. Sezemanas, A. Mickevi\u010dius, O. Mila\u0161ius, A. J. Greimas ir kt.). Tre\u010diajame skyriuje nu\u0161vie\u010diamas kit\u0173 taut\u0173 kult\u016bros veik\u0117j\u0173 po\u017ei\u016bris \u012f Lietuv\u0105 bei j\u0173 suformuluot\u0173 id\u0117j\u0173 poveikis m\u016bs\u0173 kult\u016bros pl\u0117totei.  &nbsp;","og_url":"https:\/\/skaitytaknyga.lt\/en\/produktas\/b-genzelis-kulturu-saveika\/","og_site_name":"Skaitytaknyga","article_publisher":"https:\/\/www.facebook.com\/skaitytaknyga\/","article_modified_time":"2024-05-04T19:17:32+00:00","og_image":[{"width":505,"height":800,"url":"https:\/\/skaitytaknyga.lt\/wp-content\/uploads\/2024\/05\/212410-genzelis-kulturu-saveika.jpg","type":"image\/jpeg"}],"twitter_card":"summary_large_image","twitter_misc":{"Estimated reading time":"1 minute"},"schema":{"@context":"https:\/\/schema.org","@graph":[{"@type":"WebPage","@id":"https:\/\/skaitytaknyga.lt\/produktas\/b-genzelis-kulturu-saveika\/","url":"https:\/\/skaitytaknyga.lt\/produktas\/b-genzelis-kulturu-saveika\/","name":"B. Genzelis \u201eKult\u016br\u0173 s\u0105veika\u201c - Skaitytaknyga","isPartOf":{"@id":"https:\/\/skaitytaknyga.lt\/#website"},"primaryImageOfPage":{"@id":"https:\/\/skaitytaknyga.lt\/produktas\/b-genzelis-kulturu-saveika\/#primaryimage"},"image":{"@id":"https:\/\/skaitytaknyga.lt\/produktas\/b-genzelis-kulturu-saveika\/#primaryimage"},"thumbnailUrl":"https:\/\/skaitytaknyga.lt\/wp-content\/uploads\/2024\/05\/212410-genzelis-kulturu-saveika.jpg","datePublished":"2024-05-04T19:16:07+00:00","dateModified":"2024-05-04T19:17:32+00:00","description":"Jokios tautos kult\u016bra n\u0117ra u\u017edara sistema. \u0160ioje knygoje parodoma kult\u016br\u0173 s\u0105veika Lietuvoje ir remiantis konkre\u010diais faktais parodomas lietuvi\u0173 kult\u016bros imlumas ir savo ruo\u017etu jos poveikis kitoms tautoms. Pirmajame skyriuje aptariami nelietuvi\u0173 kilm\u0117s kult\u016bros veik\u0117jai, kuri\u0173 gyvenimas ar didel\u0117 jo dalis susijusi su Lietuva (J. Zauerveinas, L. Karsavinas, V. Sezemanas, A. Mickevi\u010dius, O. Mila\u0161ius, A. J. Greimas ir kt.). Tre\u010diajame skyriuje nu\u0161vie\u010diamas kit\u0173 taut\u0173 kult\u016bros veik\u0117j\u0173 po\u017ei\u016bris \u012f Lietuv\u0105 bei j\u0173 suformuluot\u0173 id\u0117j\u0173 poveikis m\u016bs\u0173 kult\u016bros pl\u0117totei. &nbsp;","breadcrumb":{"@id":"https:\/\/skaitytaknyga.lt\/produktas\/b-genzelis-kulturu-saveika\/#breadcrumb"},"inLanguage":"en-GB","potentialAction":[{"@type":"ReadAction","target":["https:\/\/skaitytaknyga.lt\/produktas\/b-genzelis-kulturu-saveika\/"]}]},{"@type":"ImageObject","inLanguage":"en-GB","@id":"https:\/\/skaitytaknyga.lt\/produktas\/b-genzelis-kulturu-saveika\/#primaryimage","url":"https:\/\/skaitytaknyga.lt\/wp-content\/uploads\/2024\/05\/212410-genzelis-kulturu-saveika.jpg","contentUrl":"https:\/\/skaitytaknyga.lt\/wp-content\/uploads\/2024\/05\/212410-genzelis-kulturu-saveika.jpg","width":505,"height":800},{"@type":"BreadcrumbList","@id":"https:\/\/skaitytaknyga.lt\/produktas\/b-genzelis-kulturu-saveika\/#breadcrumb","itemListElement":[{"@type":"ListItem","position":1,"name":"Home","item":"https:\/\/skaitytaknyga.lt\/"},{"@type":"ListItem","position":2,"name":"Parduotuv\u0117","item":"https:\/\/skaitytaknyga.lt\/knygu-parduotuve\/"},{"@type":"ListItem","position":3,"name":"B. Genzelis \u201eKult\u016br\u0173 s\u0105veika\u201c"}]},{"@type":"WebSite","@id":"https:\/\/skaitytaknyga.lt\/#website","url":"https:\/\/skaitytaknyga.lt\/","name":"skaitytaknyga.lt","description":"Skaitytaknyga.lt \u2013 tai ma\u017eas \u0161eimos verslas, kuris prasid\u0117jo nuo meil\u0117s knygoms ir siekio i\u0161gelb\u0117ti knygas nuo likimo prie konteinerio. Kas vienam nereikalingas daiktas \u2013 kitam lobis, o mes esame tarpininkai, kurie padeda abiems tapti laimingesniems ???? \u017dinome kaip nelengva i\u0161gyventi ma\u017eiems verslams, tad nuo \u0161iol, \u010dia rasite ir kit\u0173, ma\u017e\u0173 \u0161eim\u0173 versl\u0173, rank\u0173 darbo, dovan\u0173 sau ir artimiesiems.","publisher":{"@id":"https:\/\/skaitytaknyga.lt\/#organization"},"potentialAction":[{"@type":"SearchAction","target":{"@type":"EntryPoint","urlTemplate":"https:\/\/skaitytaknyga.lt\/?s={search_term_string}"},"query-input":{"@type":"PropertyValueSpecification","valueRequired":true,"valueName":"search_term_string"}}],"inLanguage":"en-GB"},{"@type":"Organization","@id":"https:\/\/skaitytaknyga.lt\/#organization","name":"skaitytaknyga.lt","url":"https:\/\/skaitytaknyga.lt\/","logo":{"@type":"ImageObject","inLanguage":"en-GB","@id":"https:\/\/skaitytaknyga.lt\/#\/schema\/logo\/image\/","url":"https:\/\/skaitytaknyga.lt\/wp-content\/uploads\/2024\/05\/cropped-cropped-cropped-02_00843_jt3bggkj1j3HLc7SyY6rEUpg.jpeg","contentUrl":"https:\/\/skaitytaknyga.lt\/wp-content\/uploads\/2024\/05\/cropped-cropped-cropped-02_00843_jt3bggkj1j3HLc7SyY6rEUpg.jpeg","width":1600,"height":1600,"caption":"skaitytaknyga.lt"},"image":{"@id":"https:\/\/skaitytaknyga.lt\/#\/schema\/logo\/image\/"},"sameAs":["https:\/\/www.facebook.com\/skaitytaknyga\/"]}]}},"_links":{"self":[{"href":"https:\/\/skaitytaknyga.lt\/en\/wp-json\/wp\/v2\/product\/10817","targetHints":{"allow":["GET"]}}],"collection":[{"href":"https:\/\/skaitytaknyga.lt\/en\/wp-json\/wp\/v2\/product"}],"about":[{"href":"https:\/\/skaitytaknyga.lt\/en\/wp-json\/wp\/v2\/types\/product"}],"replies":[{"embeddable":true,"href":"https:\/\/skaitytaknyga.lt\/en\/wp-json\/wp\/v2\/comments?post=10817"}],"wp:featuredmedia":[{"embeddable":true,"href":"https:\/\/skaitytaknyga.lt\/en\/wp-json\/wp\/v2\/media\/10854"}],"wp:attachment":[{"href":"https:\/\/skaitytaknyga.lt\/en\/wp-json\/wp\/v2\/media?parent=10817"}],"wp:term":[{"taxonomy":"product_brand","embeddable":true,"href":"https:\/\/skaitytaknyga.lt\/en\/wp-json\/wp\/v2\/product_brand?post=10817"},{"taxonomy":"product_cat","embeddable":true,"href":"https:\/\/skaitytaknyga.lt\/en\/wp-json\/wp\/v2\/product_cat?post=10817"},{"taxonomy":"product_tag","embeddable":true,"href":"https:\/\/skaitytaknyga.lt\/en\/wp-json\/wp\/v2\/product_tag?post=10817"}],"curies":[{"name":"wp","href":"https:\/\/api.w.org\/{rel}","templated":true}]}}