{"id":10815,"date":"2024-05-04T19:16:07","date_gmt":"2024-05-04T19:16:07","guid":{"rendered":"https:\/\/skaitytaknyga.lt\/?post_type=product&#038;p=10815"},"modified":"2026-03-05T16:00:48","modified_gmt":"2026-03-05T14:00:48","slug":"ianas-rankinas-nugrimzdes-i-tamsa","status":"publish","type":"product","link":"https:\/\/skaitytaknyga.lt\/en\/produktas\/ianas-rankinas-nugrimzdes-i-tamsa\/","title":{"rendered":"Ianas Rankinas \u201eNugrimzd\u0119s \u012f tams\u0105\u201c"},"content":{"rendered":"<div class=\"book-descript-wrapper\">\n<section class=\"product-descript more-content-wrapper\">\n<div class=\"\">\n<p>Ianas Rankinas (Ajanas Rankinas, gim. 1960 m.) \u2013 garsus \u0161kot\u0173 ra\u0161ytojas, populiari\u0173 detektyvini\u0173 roman\u0173 apie inspektori\u0173 Johan\u0105 Rebus\u0105 autorius. Jo knygos jau i\u0161verstos \u012f 22 kalbas, peln\u0117 ne vien\u0105 tarptautin\u012f apdovanojim\u0105, nuolat patenka tarp perkamiausi\u0173. \u201eNugrimzd\u0119s \u012f tams\u0105\u201c \u2013 pirmoji Rankino knyga \u201eBalt\u0173 lank\u0173\u201c leidyklos \u201eSavaitgalio detektyvo\u201c serijoje. Sveiki atvyk\u0119 \u012f Rebuso pasaul\u012f!<\/p>\n<p>Kvinsberio r\u016bmuose turi \u012fsikurti \u0160kotijos parlamentas. Ta\u010diau b\u016bsim\u0173 \u012fkurtuvi\u0173 d\u017eiaugsm\u0105 sudrums\u010dia kraupus radinys \u2212 restauruojam\u0173 patalp\u0173 \u017eidinio angoje prie\u0161 daugel\u012f met\u0173 u\u017em\u016bryti vyro palaikai. Netrukus po to \u012fvyksta dar du paslaptingi nusikaltimai: nuo tilto nu\u0161oka \u201evalkata\u201c, kurio s\u0105skaitoje \u2013 keturi \u0161imtai t\u016bkstan\u010di\u0173 svar\u0173 sterling\u0173, bei randamas \u017einomo visuomen\u0117s veik\u0117jo, garsios \u0160kotijos gimin\u0117s atstovo lavonas.<\/p>\n<p>Trys aukos \u2013 trys painios istorijos, kurias narplioti imasi ambicingasis inspektorius Rebusas. Savais metodais tirdamas byl\u0105 jis akis \u012f ak\u012f susiduria su vienu \u017einomiausi\u0173 Edinburgo nusikalt\u0117li\u0173. Akivaizdu, kad ka\u017ekas i\u0161 \u0160kotijos nepriklausomyb\u0117s tikisi u\u017edirbti daug pinig\u0173, ir tai bus daroma tamsoje&#8230;<\/p>\n<\/div>\n<\/section>\n<\/div>\n","protected":false},"excerpt":{"rendered":"<div class=\"book-descript-wrapper\">\n<section class=\"product-descript more-content-wrapper\">\n<div class=\"\">\n<p>Ianas Rankinas (Ajanas Rankinas, gim. 1960 m.) \u2013 garsus \u0161kot\u0173 ra\u0161ytojas, populiari\u0173 detektyvini\u0173 roman\u0173 apie inspektori\u0173 Johan\u0105 Rebus\u0105 autorius. Jo knygos jau i\u0161verstos \u012f 22 kalbas, peln\u0117 ne vien\u0105 tarptautin\u012f apdovanojim\u0105, nuolat patenka tarp perkamiausi\u0173. \u201eNugrimzd\u0119s \u012f tams\u0105\u201c \u2013 pirmoji Rankino knyga \u201eBalt\u0173 lank\u0173\u201c leidyklos \u201eSavaitgalio detektyvo\u201c serijoje. Sveiki atvyk\u0119 \u012f Rebuso pasaul\u012f!<\/p>\n<p>Kvinsberio r\u016bmuose turi \u012fsikurti \u0160kotijos parlamentas. Ta\u010diau b\u016bsim\u0173 \u012fkurtuvi\u0173 d\u017eiaugsm\u0105 sudrums\u010dia kraupus radinys \u2212 restauruojam\u0173 patalp\u0173 \u017eidinio angoje prie\u0161 daugel\u012f met\u0173 u\u017em\u016bryti vyro palaikai. Netrukus po to \u012fvyksta dar du paslaptingi nusikaltimai: nuo tilto nu\u0161oka \u201evalkata\u201c, kurio s\u0105skaitoje \u2013 keturi \u0161imtai t\u016bkstan\u010di\u0173 svar\u0173 sterling\u0173, bei randamas \u017einomo visuomen\u0117s veik\u0117jo, garsios \u0160kotijos gimin\u0117s atstovo lavonas.<\/p>\n<p>Trys aukos \u2013 trys painios istorijos, kurias narplioti imasi ambicingasis inspektorius Rebusas. Savais metodais tirdamas byl\u0105 jis akis \u012f ak\u012f susiduria su vienu \u017einomiausi\u0173 Edinburgo nusikalt\u0117li\u0173. Akivaizdu, kad ka\u017ekas i\u0161 \u0160kotijos nepriklausomyb\u0117s tikisi u\u017edirbti daug pinig\u0173, ir tai bus daroma tamsoje&#8230;<\/p>\n<\/div>\n<\/section>\n<\/div>\n","protected":false},"featured_media":10852,"comment_status":"closed","ping_status":"closed","template":"","meta":{"_acf_changed":false,"site-sidebar-layout":"default","site-content-layout":"","ast-site-content-layout":"default","site-content-style":"default","site-sidebar-style":"default","ast-global-header-display":"","ast-banner-title-visibility":"","ast-main-header-display":"","ast-hfb-above-header-display":"","ast-hfb-below-header-display":"","ast-hfb-mobile-header-display":"","site-post-title":"","ast-breadcrumbs-content":"","ast-featured-img":"","footer-sml-layout":"","ast-disable-related-posts":"","theme-transparent-header-meta":"","adv-header-id-meta":"","stick-header-meta":"","header-above-stick-meta":"","header-main-stick-meta":"","header-below-stick-meta":"","astra-migrate-meta-layouts":"default","ast-page-background-enabled":"default","ast-page-background-meta":{"desktop":{"background-color":"","background-image":"","background-repeat":"repeat","background-position":"center center","background-size":"auto","background-attachment":"scroll","background-type":"","background-media":"","overlay-type":"","overlay-color":"","overlay-opacity":"","overlay-gradient":""},"tablet":{"background-color":"","background-image":"","background-repeat":"repeat","background-position":"center center","background-size":"auto","background-attachment":"scroll","background-type":"","background-media":"","overlay-type":"","overlay-color":"","overlay-opacity":"","overlay-gradient":""},"mobile":{"background-color":"","background-image":"","background-repeat":"repeat","background-position":"center center","background-size":"auto","background-attachment":"scroll","background-type":"","background-media":"","overlay-type":"","overlay-color":"","overlay-opacity":"","overlay-gradient":""}},"ast-content-background-meta":{"desktop":{"background-color":"var(--ast-global-color-4)","background-image":"","background-repeat":"repeat","background-position":"center center","background-size":"auto","background-attachment":"scroll","background-type":"","background-media":"","overlay-type":"","overlay-color":"","overlay-opacity":"","overlay-gradient":""},"tablet":{"background-color":"var(--ast-global-color-4)","background-image":"","background-repeat":"repeat","background-position":"center center","background-size":"auto","background-attachment":"scroll","background-type":"","background-media":"","overlay-type":"","overlay-color":"","overlay-opacity":"","overlay-gradient":""},"mobile":{"background-color":"var(--ast-global-color-4)","background-image":"","background-repeat":"repeat","background-position":"center center","background-size":"auto","background-attachment":"scroll","background-type":"","background-media":"","overlay-type":"","overlay-color":"","overlay-opacity":"","overlay-gradient":""}}},"product_brand":[],"product_cat":[9581],"product_tag":[],"class_list":{"0":"post-10815","1":"product","2":"type-product","3":"status-publish","4":"has-post-thumbnail","6":"product_cat-kriminaliniai-romanai","7":"desktop-align-left","8":"tablet-align-left","9":"mobile-align-left","11":"first","12":"instock","13":"shipping-taxable","14":"purchasable","15":"product-type-simple"},"acf":[],"yoast_head":"<!-- This site is optimized with the Yoast SEO plugin v27.4 - https:\/\/yoast.com\/product\/yoast-seo-wordpress\/ -->\n<title>Ianas Rankinas \u201eNugrimzd\u0119s \u012f tams\u0105\u201c<\/title>\n<meta name=\"description\" content=\"Ianas Rankinas (Ajanas Rankinas, gim. 1960 m.) \u2013 garsus \u0161kot\u0173 ra\u0161ytojas, populiari\u0173 detektyvini\u0173 roman\u0173 apie inspektori\u0173 Johan\u0105 Rebus\u0105 autorius. Jo knygos jau i\u0161verstos \u012f 22 kalbas, peln\u0117 ne vien\u0105 tarptautin\u012f apdovanojim\u0105, nuolat patenka tarp perkamiausi\u0173. \u201eNugrimzd\u0119s \u012f tams\u0105\u201c \u2013 pirmoji Rankino knyga \u201eBalt\u0173 lank\u0173\u201c leidyklos \u201eSavaitgalio detektyvo\u201c serijoje. Sveiki atvyk\u0119 \u012f Rebuso pasaul\u012f!  Kvinsberio r\u016bmuose turi \u012fsikurti \u0160kotijos parlamentas. Ta\u010diau b\u016bsim\u0173 \u012fkurtuvi\u0173 d\u017eiaugsm\u0105 sudrums\u010dia kraupus radinys \u2212 restauruojam\u0173 patalp\u0173 \u017eidinio angoje prie\u0161 daugel\u012f met\u0173 u\u017em\u016bryti vyro palaikai. Netrukus po to \u012fvyksta dar du paslaptingi nusikaltimai: nuo tilto nu\u0161oka \u201evalkata\u201c, kurio s\u0105skaitoje \u2013 keturi \u0161imtai t\u016bkstan\u010di\u0173 svar\u0173 sterling\u0173, bei randamas \u017einomo visuomen\u0117s veik\u0117jo, garsios \u0160kotijos gimin\u0117s atstovo lavonas.  Trys aukos \u2013 trys painios istorijos, kurias narplioti imasi ambicingasis inspektorius Rebusas. Savais metodais tirdamas byl\u0105 jis akis \u012f ak\u012f susiduria su vienu \u017einomiausi\u0173 Edinburgo nusikalt\u0117li\u0173. Akivaizdu, kad ka\u017ekas i\u0161 \u0160kotijos nepriklausomyb\u0117s tikisi u\u017edirbti daug pinig\u0173, ir tai bus daroma tamsoje...\" \/>\n<meta name=\"robots\" content=\"index, follow, max-snippet:-1, max-image-preview:large, max-video-preview:-1\" \/>\n<link rel=\"canonical\" href=\"https:\/\/skaitytaknyga.lt\/en\/produktas\/ianas-rankinas-nugrimzdes-i-tamsa\/\" \/>\n<meta property=\"og:locale\" content=\"en_GB\" \/>\n<meta property=\"og:locale:alternate\" content=\"lt_LT\" \/>\n<meta property=\"og:type\" content=\"article\" \/>\n<meta property=\"og:title\" content=\"Ianas Rankinas \u201eNugrimzd\u0119s \u012f tams\u0105\u201c\" \/>\n<meta property=\"og:description\" content=\"Ianas Rankinas (Ajanas Rankinas, gim. 1960 m.) \u2013 garsus \u0161kot\u0173 ra\u0161ytojas, populiari\u0173 detektyvini\u0173 roman\u0173 apie inspektori\u0173 Johan\u0105 Rebus\u0105 autorius. Jo knygos jau i\u0161verstos \u012f 22 kalbas, peln\u0117 ne vien\u0105 tarptautin\u012f apdovanojim\u0105, nuolat patenka tarp perkamiausi\u0173. \u201eNugrimzd\u0119s \u012f tams\u0105\u201c \u2013 pirmoji Rankino knyga \u201eBalt\u0173 lank\u0173\u201c leidyklos \u201eSavaitgalio detektyvo\u201c serijoje. Sveiki atvyk\u0119 \u012f Rebuso pasaul\u012f!  Kvinsberio r\u016bmuose turi \u012fsikurti \u0160kotijos parlamentas. Ta\u010diau b\u016bsim\u0173 \u012fkurtuvi\u0173 d\u017eiaugsm\u0105 sudrums\u010dia kraupus radinys \u2212 restauruojam\u0173 patalp\u0173 \u017eidinio angoje prie\u0161 daugel\u012f met\u0173 u\u017em\u016bryti vyro palaikai. Netrukus po to \u012fvyksta dar du paslaptingi nusikaltimai: nuo tilto nu\u0161oka \u201evalkata\u201c, kurio s\u0105skaitoje \u2013 keturi \u0161imtai t\u016bkstan\u010di\u0173 svar\u0173 sterling\u0173, bei randamas \u017einomo visuomen\u0117s veik\u0117jo, garsios \u0160kotijos gimin\u0117s atstovo lavonas.  Trys aukos \u2013 trys painios istorijos, kurias narplioti imasi ambicingasis inspektorius Rebusas. Savais metodais tirdamas byl\u0105 jis akis \u012f ak\u012f susiduria su vienu \u017einomiausi\u0173 Edinburgo nusikalt\u0117li\u0173. Akivaizdu, kad ka\u017ekas i\u0161 \u0160kotijos nepriklausomyb\u0117s tikisi u\u017edirbti daug pinig\u0173, ir tai bus daroma tamsoje...\" \/>\n<meta property=\"og:url\" content=\"https:\/\/skaitytaknyga.lt\/en\/produktas\/ianas-rankinas-nugrimzdes-i-tamsa\/\" \/>\n<meta property=\"og:site_name\" content=\"Skaitytaknyga\" \/>\n<meta property=\"article:publisher\" content=\"https:\/\/www.facebook.com\/skaitytaknyga\/\" \/>\n<meta property=\"article:modified_time\" content=\"2026-03-05T14:00:48+00:00\" \/>\n<meta property=\"og:image\" content=\"https:\/\/skaitytaknyga.lt\/wp-content\/uploads\/2024\/05\/190457-dsc07020-e1680503474664.jpg\" \/>\n\t<meta property=\"og:image:width\" content=\"482\" \/>\n\t<meta property=\"og:image:height\" content=\"764\" \/>\n\t<meta property=\"og:image:type\" content=\"image\/jpeg\" \/>\n<meta name=\"twitter:card\" content=\"summary_large_image\" \/>\n<meta name=\"twitter:label1\" content=\"Estimated reading time\" \/>\n\t<meta name=\"twitter:data1\" content=\"1 minute\" \/>\n<script type=\"application\/ld+json\" class=\"yoast-schema-graph\">{\"@context\":\"https:\\\/\\\/schema.org\",\"@graph\":[{\"@type\":\"WebPage\",\"@id\":\"https:\\\/\\\/skaitytaknyga.lt\\\/produktas\\\/ianas-rankinas-nugrimzdes-i-tamsa\\\/\",\"url\":\"https:\\\/\\\/skaitytaknyga.lt\\\/produktas\\\/ianas-rankinas-nugrimzdes-i-tamsa\\\/\",\"name\":\"Ianas Rankinas \u201eNugrimzd\u0119s \u012f tams\u0105\u201c\",\"isPartOf\":{\"@id\":\"https:\\\/\\\/skaitytaknyga.lt\\\/#website\"},\"primaryImageOfPage\":{\"@id\":\"https:\\\/\\\/skaitytaknyga.lt\\\/produktas\\\/ianas-rankinas-nugrimzdes-i-tamsa\\\/#primaryimage\"},\"image\":{\"@id\":\"https:\\\/\\\/skaitytaknyga.lt\\\/produktas\\\/ianas-rankinas-nugrimzdes-i-tamsa\\\/#primaryimage\"},\"thumbnailUrl\":\"https:\\\/\\\/skaitytaknyga.lt\\\/wp-content\\\/uploads\\\/2024\\\/05\\\/190457-dsc07020-e1680503474664.jpg\",\"datePublished\":\"2024-05-04T19:16:07+00:00\",\"dateModified\":\"2026-03-05T14:00:48+00:00\",\"description\":\"Ianas Rankinas (Ajanas Rankinas, gim. 1960 m.) \u2013 garsus \u0161kot\u0173 ra\u0161ytojas, populiari\u0173 detektyvini\u0173 roman\u0173 apie inspektori\u0173 Johan\u0105 Rebus\u0105 autorius. Jo knygos jau i\u0161verstos \u012f 22 kalbas, peln\u0117 ne vien\u0105 tarptautin\u012f apdovanojim\u0105, nuolat patenka tarp perkamiausi\u0173. \u201eNugrimzd\u0119s \u012f tams\u0105\u201c \u2013 pirmoji Rankino knyga \u201eBalt\u0173 lank\u0173\u201c leidyklos \u201eSavaitgalio detektyvo\u201c serijoje. Sveiki atvyk\u0119 \u012f Rebuso pasaul\u012f! Kvinsberio r\u016bmuose turi \u012fsikurti \u0160kotijos parlamentas. Ta\u010diau b\u016bsim\u0173 \u012fkurtuvi\u0173 d\u017eiaugsm\u0105 sudrums\u010dia kraupus radinys \u2212 restauruojam\u0173 patalp\u0173 \u017eidinio angoje prie\u0161 daugel\u012f met\u0173 u\u017em\u016bryti vyro palaikai. Netrukus po to \u012fvyksta dar du paslaptingi nusikaltimai: nuo tilto nu\u0161oka \u201evalkata\u201c, kurio s\u0105skaitoje \u2013 keturi \u0161imtai t\u016bkstan\u010di\u0173 svar\u0173 sterling\u0173, bei randamas \u017einomo visuomen\u0117s veik\u0117jo, garsios \u0160kotijos gimin\u0117s atstovo lavonas. Trys aukos \u2013 trys painios istorijos, kurias narplioti imasi ambicingasis inspektorius Rebusas. Savais metodais tirdamas byl\u0105 jis akis \u012f ak\u012f susiduria su vienu \u017einomiausi\u0173 Edinburgo nusikalt\u0117li\u0173. Akivaizdu, kad ka\u017ekas i\u0161 \u0160kotijos nepriklausomyb\u0117s tikisi u\u017edirbti daug pinig\u0173, ir tai bus daroma tamsoje...\",\"breadcrumb\":{\"@id\":\"https:\\\/\\\/skaitytaknyga.lt\\\/produktas\\\/ianas-rankinas-nugrimzdes-i-tamsa\\\/#breadcrumb\"},\"inLanguage\":\"en-GB\",\"potentialAction\":[{\"@type\":\"ReadAction\",\"target\":[\"https:\\\/\\\/skaitytaknyga.lt\\\/produktas\\\/ianas-rankinas-nugrimzdes-i-tamsa\\\/\"]}]},{\"@type\":\"ImageObject\",\"inLanguage\":\"en-GB\",\"@id\":\"https:\\\/\\\/skaitytaknyga.lt\\\/produktas\\\/ianas-rankinas-nugrimzdes-i-tamsa\\\/#primaryimage\",\"url\":\"https:\\\/\\\/skaitytaknyga.lt\\\/wp-content\\\/uploads\\\/2024\\\/05\\\/190457-dsc07020-e1680503474664.jpg\",\"contentUrl\":\"https:\\\/\\\/skaitytaknyga.lt\\\/wp-content\\\/uploads\\\/2024\\\/05\\\/190457-dsc07020-e1680503474664.jpg\",\"width\":482,\"height\":764},{\"@type\":\"BreadcrumbList\",\"@id\":\"https:\\\/\\\/skaitytaknyga.lt\\\/produktas\\\/ianas-rankinas-nugrimzdes-i-tamsa\\\/#breadcrumb\",\"itemListElement\":[{\"@type\":\"ListItem\",\"position\":1,\"name\":\"Home\",\"item\":\"https:\\\/\\\/skaitytaknyga.lt\\\/\"},{\"@type\":\"ListItem\",\"position\":2,\"name\":\"Parduotuv\u0117\",\"item\":\"https:\\\/\\\/skaitytaknyga.lt\\\/knygu-parduotuve\\\/\"},{\"@type\":\"ListItem\",\"position\":3,\"name\":\"Ianas Rankinas \u201eNugrimzd\u0119s \u012f tams\u0105\u201c\"}]},{\"@type\":\"WebSite\",\"@id\":\"https:\\\/\\\/skaitytaknyga.lt\\\/#website\",\"url\":\"https:\\\/\\\/skaitytaknyga.lt\\\/\",\"name\":\"skaitytaknyga.lt\",\"description\":\"Skaitytaknyga.lt \u2013 tai ma\u017eas \u0161eimos verslas, kuris prasid\u0117jo nuo meil\u0117s knygoms ir siekio i\u0161gelb\u0117ti knygas nuo likimo prie konteinerio. Kas vienam nereikalingas daiktas \u2013 kitam lobis, o mes esame tarpininkai, kurie padeda abiems tapti laimingesniems ???? \u017dinome kaip nelengva i\u0161gyventi ma\u017eiems verslams, tad nuo \u0161iol, \u010dia rasite ir kit\u0173, ma\u017e\u0173 \u0161eim\u0173 versl\u0173, rank\u0173 darbo, dovan\u0173 sau ir artimiesiems.\",\"publisher\":{\"@id\":\"https:\\\/\\\/skaitytaknyga.lt\\\/#organization\"},\"potentialAction\":[{\"@type\":\"SearchAction\",\"target\":{\"@type\":\"EntryPoint\",\"urlTemplate\":\"https:\\\/\\\/skaitytaknyga.lt\\\/?s={search_term_string}\"},\"query-input\":{\"@type\":\"PropertyValueSpecification\",\"valueRequired\":true,\"valueName\":\"search_term_string\"}}],\"inLanguage\":\"en-GB\"},{\"@type\":\"Organization\",\"@id\":\"https:\\\/\\\/skaitytaknyga.lt\\\/#organization\",\"name\":\"skaitytaknyga.lt\",\"url\":\"https:\\\/\\\/skaitytaknyga.lt\\\/\",\"logo\":{\"@type\":\"ImageObject\",\"inLanguage\":\"en-GB\",\"@id\":\"https:\\\/\\\/skaitytaknyga.lt\\\/#\\\/schema\\\/logo\\\/image\\\/\",\"url\":\"https:\\\/\\\/skaitytaknyga.lt\\\/wp-content\\\/uploads\\\/2024\\\/05\\\/cropped-cropped-cropped-02_00843_jt3bggkj1j3HLc7SyY6rEUpg.jpeg\",\"contentUrl\":\"https:\\\/\\\/skaitytaknyga.lt\\\/wp-content\\\/uploads\\\/2024\\\/05\\\/cropped-cropped-cropped-02_00843_jt3bggkj1j3HLc7SyY6rEUpg.jpeg\",\"width\":1600,\"height\":1600,\"caption\":\"skaitytaknyga.lt\"},\"image\":{\"@id\":\"https:\\\/\\\/skaitytaknyga.lt\\\/#\\\/schema\\\/logo\\\/image\\\/\"},\"sameAs\":[\"https:\\\/\\\/www.facebook.com\\\/skaitytaknyga\\\/\"]}]}<\/script>\n<!-- \/ Yoast SEO plugin. -->","yoast_head_json":{"title":"Ianas Rankinas \u201eNugrimzd\u0119s \u012f tams\u0105\u201c","description":"Ianas Rankinas (Ajanas Rankinas, gim. 1960 m.) \u2013 garsus \u0161kot\u0173 ra\u0161ytojas, populiari\u0173 detektyvini\u0173 roman\u0173 apie inspektori\u0173 Johan\u0105 Rebus\u0105 autorius. Jo knygos jau i\u0161verstos \u012f 22 kalbas, peln\u0117 ne vien\u0105 tarptautin\u012f apdovanojim\u0105, nuolat patenka tarp perkamiausi\u0173. \u201eNugrimzd\u0119s \u012f tams\u0105\u201c \u2013 pirmoji Rankino knyga \u201eBalt\u0173 lank\u0173\u201c leidyklos \u201eSavaitgalio detektyvo\u201c serijoje. Sveiki atvyk\u0119 \u012f Rebuso pasaul\u012f!  Kvinsberio r\u016bmuose turi \u012fsikurti \u0160kotijos parlamentas. Ta\u010diau b\u016bsim\u0173 \u012fkurtuvi\u0173 d\u017eiaugsm\u0105 sudrums\u010dia kraupus radinys \u2212 restauruojam\u0173 patalp\u0173 \u017eidinio angoje prie\u0161 daugel\u012f met\u0173 u\u017em\u016bryti vyro palaikai. Netrukus po to \u012fvyksta dar du paslaptingi nusikaltimai: nuo tilto nu\u0161oka \u201evalkata\u201c, kurio s\u0105skaitoje \u2013 keturi \u0161imtai t\u016bkstan\u010di\u0173 svar\u0173 sterling\u0173, bei randamas \u017einomo visuomen\u0117s veik\u0117jo, garsios \u0160kotijos gimin\u0117s atstovo lavonas.  Trys aukos \u2013 trys painios istorijos, kurias narplioti imasi ambicingasis inspektorius Rebusas. Savais metodais tirdamas byl\u0105 jis akis \u012f ak\u012f susiduria su vienu \u017einomiausi\u0173 Edinburgo nusikalt\u0117li\u0173. Akivaizdu, kad ka\u017ekas i\u0161 \u0160kotijos nepriklausomyb\u0117s tikisi u\u017edirbti daug pinig\u0173, ir tai bus daroma tamsoje...","robots":{"index":"index","follow":"follow","max-snippet":"max-snippet:-1","max-image-preview":"max-image-preview:large","max-video-preview":"max-video-preview:-1"},"canonical":"https:\/\/skaitytaknyga.lt\/en\/produktas\/ianas-rankinas-nugrimzdes-i-tamsa\/","og_locale":"en_GB","og_type":"article","og_title":"[:lt]Ianas Rankinas \u201eNugrimzd\u0119s \u012f tams\u0105\u201c[:] - Skaitytaknyga","og_description":"Ianas Rankinas (Ajanas Rankinas, gim. 1960 m.) \u2013 garsus \u0161kot\u0173 ra\u0161ytojas, populiari\u0173 detektyvini\u0173 roman\u0173 apie inspektori\u0173 Johan\u0105 Rebus\u0105 autorius. Jo knygos jau i\u0161verstos \u012f 22 kalbas, peln\u0117 ne vien\u0105 tarptautin\u012f apdovanojim\u0105, nuolat patenka tarp perkamiausi\u0173. \u201eNugrimzd\u0119s \u012f tams\u0105\u201c \u2013 pirmoji Rankino knyga \u201eBalt\u0173 lank\u0173\u201c leidyklos \u201eSavaitgalio detektyvo\u201c serijoje. Sveiki atvyk\u0119 \u012f Rebuso pasaul\u012f!  Kvinsberio r\u016bmuose turi \u012fsikurti \u0160kotijos parlamentas. Ta\u010diau b\u016bsim\u0173 \u012fkurtuvi\u0173 d\u017eiaugsm\u0105 sudrums\u010dia kraupus radinys \u2212 restauruojam\u0173 patalp\u0173 \u017eidinio angoje prie\u0161 daugel\u012f met\u0173 u\u017em\u016bryti vyro palaikai. Netrukus po to \u012fvyksta dar du paslaptingi nusikaltimai: nuo tilto nu\u0161oka \u201evalkata\u201c, kurio s\u0105skaitoje \u2013 keturi \u0161imtai t\u016bkstan\u010di\u0173 svar\u0173 sterling\u0173, bei randamas \u017einomo visuomen\u0117s veik\u0117jo, garsios \u0160kotijos gimin\u0117s atstovo lavonas.  Trys aukos \u2013 trys painios istorijos, kurias narplioti imasi ambicingasis inspektorius Rebusas. Savais metodais tirdamas byl\u0105 jis akis \u012f ak\u012f susiduria su vienu \u017einomiausi\u0173 Edinburgo nusikalt\u0117li\u0173. Akivaizdu, kad ka\u017ekas i\u0161 \u0160kotijos nepriklausomyb\u0117s tikisi u\u017edirbti daug pinig\u0173, ir tai bus daroma tamsoje...","og_url":"https:\/\/skaitytaknyga.lt\/en\/produktas\/ianas-rankinas-nugrimzdes-i-tamsa\/","og_site_name":"Skaitytaknyga","article_publisher":"https:\/\/www.facebook.com\/skaitytaknyga\/","article_modified_time":"2026-03-05T14:00:48+00:00","og_image":[{"width":482,"height":764,"url":"https:\/\/skaitytaknyga.lt\/wp-content\/uploads\/2024\/05\/190457-dsc07020-e1680503474664.jpg","type":"image\/jpeg"}],"twitter_card":"summary_large_image","twitter_misc":{"Estimated reading time":"1 minute"},"schema":{"@context":"https:\/\/schema.org","@graph":[{"@type":"WebPage","@id":"https:\/\/skaitytaknyga.lt\/produktas\/ianas-rankinas-nugrimzdes-i-tamsa\/","url":"https:\/\/skaitytaknyga.lt\/produktas\/ianas-rankinas-nugrimzdes-i-tamsa\/","name":"Ianas Rankinas \u201eNugrimzd\u0119s \u012f tams\u0105\u201c","isPartOf":{"@id":"https:\/\/skaitytaknyga.lt\/#website"},"primaryImageOfPage":{"@id":"https:\/\/skaitytaknyga.lt\/produktas\/ianas-rankinas-nugrimzdes-i-tamsa\/#primaryimage"},"image":{"@id":"https:\/\/skaitytaknyga.lt\/produktas\/ianas-rankinas-nugrimzdes-i-tamsa\/#primaryimage"},"thumbnailUrl":"https:\/\/skaitytaknyga.lt\/wp-content\/uploads\/2024\/05\/190457-dsc07020-e1680503474664.jpg","datePublished":"2024-05-04T19:16:07+00:00","dateModified":"2026-03-05T14:00:48+00:00","description":"Ianas Rankinas (Ajanas Rankinas, gim. 1960 m.) \u2013 garsus \u0161kot\u0173 ra\u0161ytojas, populiari\u0173 detektyvini\u0173 roman\u0173 apie inspektori\u0173 Johan\u0105 Rebus\u0105 autorius. Jo knygos jau i\u0161verstos \u012f 22 kalbas, peln\u0117 ne vien\u0105 tarptautin\u012f apdovanojim\u0105, nuolat patenka tarp perkamiausi\u0173. \u201eNugrimzd\u0119s \u012f tams\u0105\u201c \u2013 pirmoji Rankino knyga \u201eBalt\u0173 lank\u0173\u201c leidyklos \u201eSavaitgalio detektyvo\u201c serijoje. Sveiki atvyk\u0119 \u012f Rebuso pasaul\u012f! Kvinsberio r\u016bmuose turi \u012fsikurti \u0160kotijos parlamentas. Ta\u010diau b\u016bsim\u0173 \u012fkurtuvi\u0173 d\u017eiaugsm\u0105 sudrums\u010dia kraupus radinys \u2212 restauruojam\u0173 patalp\u0173 \u017eidinio angoje prie\u0161 daugel\u012f met\u0173 u\u017em\u016bryti vyro palaikai. Netrukus po to \u012fvyksta dar du paslaptingi nusikaltimai: nuo tilto nu\u0161oka \u201evalkata\u201c, kurio s\u0105skaitoje \u2013 keturi \u0161imtai t\u016bkstan\u010di\u0173 svar\u0173 sterling\u0173, bei randamas \u017einomo visuomen\u0117s veik\u0117jo, garsios \u0160kotijos gimin\u0117s atstovo lavonas. Trys aukos \u2013 trys painios istorijos, kurias narplioti imasi ambicingasis inspektorius Rebusas. Savais metodais tirdamas byl\u0105 jis akis \u012f ak\u012f susiduria su vienu \u017einomiausi\u0173 Edinburgo nusikalt\u0117li\u0173. Akivaizdu, kad ka\u017ekas i\u0161 \u0160kotijos nepriklausomyb\u0117s tikisi u\u017edirbti daug pinig\u0173, ir tai bus daroma tamsoje...","breadcrumb":{"@id":"https:\/\/skaitytaknyga.lt\/produktas\/ianas-rankinas-nugrimzdes-i-tamsa\/#breadcrumb"},"inLanguage":"en-GB","potentialAction":[{"@type":"ReadAction","target":["https:\/\/skaitytaknyga.lt\/produktas\/ianas-rankinas-nugrimzdes-i-tamsa\/"]}]},{"@type":"ImageObject","inLanguage":"en-GB","@id":"https:\/\/skaitytaknyga.lt\/produktas\/ianas-rankinas-nugrimzdes-i-tamsa\/#primaryimage","url":"https:\/\/skaitytaknyga.lt\/wp-content\/uploads\/2024\/05\/190457-dsc07020-e1680503474664.jpg","contentUrl":"https:\/\/skaitytaknyga.lt\/wp-content\/uploads\/2024\/05\/190457-dsc07020-e1680503474664.jpg","width":482,"height":764},{"@type":"BreadcrumbList","@id":"https:\/\/skaitytaknyga.lt\/produktas\/ianas-rankinas-nugrimzdes-i-tamsa\/#breadcrumb","itemListElement":[{"@type":"ListItem","position":1,"name":"Home","item":"https:\/\/skaitytaknyga.lt\/"},{"@type":"ListItem","position":2,"name":"Parduotuv\u0117","item":"https:\/\/skaitytaknyga.lt\/knygu-parduotuve\/"},{"@type":"ListItem","position":3,"name":"Ianas Rankinas \u201eNugrimzd\u0119s \u012f tams\u0105\u201c"}]},{"@type":"WebSite","@id":"https:\/\/skaitytaknyga.lt\/#website","url":"https:\/\/skaitytaknyga.lt\/","name":"skaitytaknyga.lt","description":"Skaitytaknyga.lt \u2013 tai ma\u017eas \u0161eimos verslas, kuris prasid\u0117jo nuo meil\u0117s knygoms ir siekio i\u0161gelb\u0117ti knygas nuo likimo prie konteinerio. Kas vienam nereikalingas daiktas \u2013 kitam lobis, o mes esame tarpininkai, kurie padeda abiems tapti laimingesniems ???? \u017dinome kaip nelengva i\u0161gyventi ma\u017eiems verslams, tad nuo \u0161iol, \u010dia rasite ir kit\u0173, ma\u017e\u0173 \u0161eim\u0173 versl\u0173, rank\u0173 darbo, dovan\u0173 sau ir artimiesiems.","publisher":{"@id":"https:\/\/skaitytaknyga.lt\/#organization"},"potentialAction":[{"@type":"SearchAction","target":{"@type":"EntryPoint","urlTemplate":"https:\/\/skaitytaknyga.lt\/?s={search_term_string}"},"query-input":{"@type":"PropertyValueSpecification","valueRequired":true,"valueName":"search_term_string"}}],"inLanguage":"en-GB"},{"@type":"Organization","@id":"https:\/\/skaitytaknyga.lt\/#organization","name":"skaitytaknyga.lt","url":"https:\/\/skaitytaknyga.lt\/","logo":{"@type":"ImageObject","inLanguage":"en-GB","@id":"https:\/\/skaitytaknyga.lt\/#\/schema\/logo\/image\/","url":"https:\/\/skaitytaknyga.lt\/wp-content\/uploads\/2024\/05\/cropped-cropped-cropped-02_00843_jt3bggkj1j3HLc7SyY6rEUpg.jpeg","contentUrl":"https:\/\/skaitytaknyga.lt\/wp-content\/uploads\/2024\/05\/cropped-cropped-cropped-02_00843_jt3bggkj1j3HLc7SyY6rEUpg.jpeg","width":1600,"height":1600,"caption":"skaitytaknyga.lt"},"image":{"@id":"https:\/\/skaitytaknyga.lt\/#\/schema\/logo\/image\/"},"sameAs":["https:\/\/www.facebook.com\/skaitytaknyga\/"]}]}},"_links":{"self":[{"href":"https:\/\/skaitytaknyga.lt\/en\/wp-json\/wp\/v2\/product\/10815","targetHints":{"allow":["GET"]}}],"collection":[{"href":"https:\/\/skaitytaknyga.lt\/en\/wp-json\/wp\/v2\/product"}],"about":[{"href":"https:\/\/skaitytaknyga.lt\/en\/wp-json\/wp\/v2\/types\/product"}],"replies":[{"embeddable":true,"href":"https:\/\/skaitytaknyga.lt\/en\/wp-json\/wp\/v2\/comments?post=10815"}],"wp:featuredmedia":[{"embeddable":true,"href":"https:\/\/skaitytaknyga.lt\/en\/wp-json\/wp\/v2\/media\/10852"}],"wp:attachment":[{"href":"https:\/\/skaitytaknyga.lt\/en\/wp-json\/wp\/v2\/media?parent=10815"}],"wp:term":[{"taxonomy":"product_brand","embeddable":true,"href":"https:\/\/skaitytaknyga.lt\/en\/wp-json\/wp\/v2\/product_brand?post=10815"},{"taxonomy":"product_cat","embeddable":true,"href":"https:\/\/skaitytaknyga.lt\/en\/wp-json\/wp\/v2\/product_cat?post=10815"},{"taxonomy":"product_tag","embeddable":true,"href":"https:\/\/skaitytaknyga.lt\/en\/wp-json\/wp\/v2\/product_tag?post=10815"}],"curies":[{"name":"wp","href":"https:\/\/api.w.org\/{rel}","templated":true}]}}