{"id":10811,"date":"2024-05-04T19:16:07","date_gmt":"2024-05-04T19:16:07","guid":{"rendered":"https:\/\/skaitytaknyga.lt\/?post_type=product&#038;p=10811"},"modified":"2024-05-04T19:17:10","modified_gmt":"2024-05-04T19:17:10","slug":"siuolaikine-italijos-virtuve","status":"publish","type":"product","link":"https:\/\/skaitytaknyga.lt\/en\/produktas\/siuolaikine-italijos-virtuve\/","title":{"rendered":"\u0160iuolaikin\u0117 Italijos virtuv\u0117"},"content":{"rendered":"<p>\u0160i knyga apie vien\u0105 populiariausi\u0173, o gal ir populiariausi\u0105 virtuv\u0119 pasaulyje. Ital\u0173 valgius u\u017esienie\u010diai da\u017eniausiai apiberia komplimentais: subtil\u016bs, eleganti\u0161ki, bet paprasti, \u012fvair\u016bs, sveiki ir, \u017einoma, puikaus skonio.<\/p>\n<p>\u0160iuose puslapiuose kulinarin\u0117mis id\u0117jomis pasidalins ne\u012ftik\u0117tinai k\u016brybingas ital\u0173 virtuv\u0117s \u0161efas. Skaitytojams garantuojame s\u0117km\u0119 &#8211; visi receptai pritaikyti m\u016bs\u0173 virtuvei. Na, o norintiems atrasti ne tik nauj\u0173 skoni\u0173, pasi\u016blysime vyno ir patiekal\u0173 derinimo rekomendacij\u0173, trump\u0105 kulinarin\u0119 kelion\u0119 po saul\u0117tos \u0161alies regionus.<\/p>\n","protected":false},"excerpt":{"rendered":"<p>\u0160i knyga apie vien\u0105 populiariausi\u0173, o gal ir populiariausi\u0105 virtuv\u0119 pasaulyje. Ital\u0173 valgius u\u017esienie\u010diai da\u017eniausiai apiberia komplimentais: subtil\u016bs, eleganti\u0161ki, bet paprasti, \u012fvair\u016bs, sveiki ir, \u017einoma, puikaus skonio.<\/p>\n<p>\u0160iuose puslapiuose kulinarin\u0117mis id\u0117jomis pasidalins ne\u012ftik\u0117tinai k\u016brybingas ital\u0173 virtuv\u0117s \u0161efas. Skaitytojams garantuojame s\u0117km\u0119 &#8211; visi receptai pritaikyti m\u016bs\u0173 virtuvei. Na, o norintiems atrasti ne tik nauj\u0173 skoni\u0173, pasi\u016blysime vyno ir patiekal\u0173 derinimo rekomendacij\u0173, trump\u0105 kulinarin\u0119 kelion\u0119 po saul\u0117tos \u0161alies regionus.<\/p>\n","protected":false},"featured_media":10844,"comment_status":"closed","ping_status":"closed","template":"","meta":{"_acf_changed":false,"site-sidebar-layout":"default","site-content-layout":"","ast-site-content-layout":"default","site-content-style":"default","site-sidebar-style":"default","ast-global-header-display":"","ast-banner-title-visibility":"","ast-main-header-display":"","ast-hfb-above-header-display":"","ast-hfb-below-header-display":"","ast-hfb-mobile-header-display":"","site-post-title":"","ast-breadcrumbs-content":"","ast-featured-img":"","footer-sml-layout":"","ast-disable-related-posts":"","theme-transparent-header-meta":"","adv-header-id-meta":"","stick-header-meta":"","header-above-stick-meta":"","header-main-stick-meta":"","header-below-stick-meta":"","astra-migrate-meta-layouts":"default","ast-page-background-enabled":"default","ast-page-background-meta":{"desktop":{"background-color":"","background-image":"","background-repeat":"repeat","background-position":"center center","background-size":"auto","background-attachment":"scroll","background-type":"","background-media":"","overlay-type":"","overlay-color":"","overlay-opacity":"","overlay-gradient":""},"tablet":{"background-color":"","background-image":"","background-repeat":"repeat","background-position":"center center","background-size":"auto","background-attachment":"scroll","background-type":"","background-media":"","overlay-type":"","overlay-color":"","overlay-opacity":"","overlay-gradient":""},"mobile":{"background-color":"","background-image":"","background-repeat":"repeat","background-position":"center center","background-size":"auto","background-attachment":"scroll","background-type":"","background-media":"","overlay-type":"","overlay-color":"","overlay-opacity":"","overlay-gradient":""}},"ast-content-background-meta":{"desktop":{"background-color":"var(--ast-global-color-4)","background-image":"","background-repeat":"repeat","background-position":"center center","background-size":"auto","background-attachment":"scroll","background-type":"","background-media":"","overlay-type":"","overlay-color":"","overlay-opacity":"","overlay-gradient":""},"tablet":{"background-color":"var(--ast-global-color-4)","background-image":"","background-repeat":"repeat","background-position":"center center","background-size":"auto","background-attachment":"scroll","background-type":"","background-media":"","overlay-type":"","overlay-color":"","overlay-opacity":"","overlay-gradient":""},"mobile":{"background-color":"var(--ast-global-color-4)","background-image":"","background-repeat":"repeat","background-position":"center center","background-size":"auto","background-attachment":"scroll","background-type":"","background-media":"","overlay-type":"","overlay-color":"","overlay-opacity":"","overlay-gradient":""}}},"product_brand":[],"product_cat":[58],"product_tag":[],"class_list":{"0":"post-10811","1":"product","2":"type-product","3":"status-publish","4":"has-post-thumbnail","6":"product_cat-receptai","7":"desktop-align-left","8":"tablet-align-left","9":"mobile-align-left","11":"first","12":"instock","13":"shipping-taxable","14":"purchasable","15":"product-type-simple"},"acf":[],"yoast_head":"<!-- This site is optimized with the Yoast SEO plugin v27.0 - https:\/\/yoast.com\/product\/yoast-seo-wordpress\/ -->\n<title>\u0160iuolaikin\u0117 Italijos virtuv\u0117 - Skaitytaknyga<\/title>\n<meta name=\"description\" content=\"\u0160i knyga apie vien\u0105 populiariausi\u0173, o gal ir populiariausi\u0105 virtuv\u0119 pasaulyje. Ital\u0173 valgius u\u017esienie\u010diai da\u017eniausiai apiberia komplimentais: subtil\u016bs, eleganti\u0161ki, bet paprasti, \u012fvair\u016bs, sveiki ir, \u017einoma, puikaus skonio.  \u0160iuose puslapiuose kulinarin\u0117mis id\u0117jomis pasidalins ne\u012ftik\u0117tinai k\u016brybingas ital\u0173 virtuv\u0117s \u0161efas. Skaitytojams garantuojame s\u0117km\u0119 - visi receptai pritaikyti m\u016bs\u0173 virtuvei. Na, o norintiems atrasti ne tik nauj\u0173 skoni\u0173, pasi\u016blysime vyno ir patiekal\u0173 derinimo rekomendacij\u0173, trump\u0105 kulinarin\u0119 kelion\u0119 po saul\u0117tos \u0161alies regionus.\" \/>\n<meta name=\"robots\" content=\"index, follow, max-snippet:-1, max-image-preview:large, max-video-preview:-1\" \/>\n<link rel=\"canonical\" href=\"https:\/\/skaitytaknyga.lt\/en\/produktas\/siuolaikine-italijos-virtuve\/\" \/>\n<meta property=\"og:locale\" content=\"en_GB\" \/>\n<meta property=\"og:locale:alternate\" content=\"lt_LT\" \/>\n<meta property=\"og:type\" content=\"article\" \/>\n<meta property=\"og:title\" content=\"\u0160iuolaikin\u0117 Italijos virtuv\u0117 - Skaitytaknyga\" \/>\n<meta property=\"og:description\" content=\"\u0160i knyga apie vien\u0105 populiariausi\u0173, o gal ir populiariausi\u0105 virtuv\u0119 pasaulyje. Ital\u0173 valgius u\u017esienie\u010diai da\u017eniausiai apiberia komplimentais: subtil\u016bs, eleganti\u0161ki, bet paprasti, \u012fvair\u016bs, sveiki ir, \u017einoma, puikaus skonio.  \u0160iuose puslapiuose kulinarin\u0117mis id\u0117jomis pasidalins ne\u012ftik\u0117tinai k\u016brybingas ital\u0173 virtuv\u0117s \u0161efas. Skaitytojams garantuojame s\u0117km\u0119 - visi receptai pritaikyti m\u016bs\u0173 virtuvei. Na, o norintiems atrasti ne tik nauj\u0173 skoni\u0173, pasi\u016blysime vyno ir patiekal\u0173 derinimo rekomendacij\u0173, trump\u0105 kulinarin\u0119 kelion\u0119 po saul\u0117tos \u0161alies regionus.\" \/>\n<meta property=\"og:url\" content=\"https:\/\/skaitytaknyga.lt\/en\/produktas\/siuolaikine-italijos-virtuve\/\" \/>\n<meta property=\"og:site_name\" content=\"Skaitytaknyga\" \/>\n<meta property=\"article:publisher\" content=\"https:\/\/www.facebook.com\/skaitytaknyga\/\" \/>\n<meta property=\"article:modified_time\" content=\"2024-05-04T19:17:10+00:00\" \/>\n<meta property=\"og:image\" content=\"https:\/\/skaitytaknyga.lt\/wp-content\/uploads\/2024\/05\/Be-pavadinimo-1-7.png\" \/>\n\t<meta property=\"og:image:width\" content=\"301\" \/>\n\t<meta property=\"og:image:height\" content=\"320\" \/>\n\t<meta property=\"og:image:type\" content=\"image\/png\" \/>\n<meta name=\"twitter:card\" content=\"summary_large_image\" \/>\n<script type=\"application\/ld+json\" class=\"yoast-schema-graph\">{\"@context\":\"https:\/\/schema.org\",\"@graph\":[{\"@type\":\"WebPage\",\"@id\":\"https:\/\/skaitytaknyga.lt\/produktas\/siuolaikine-italijos-virtuve\/\",\"url\":\"https:\/\/skaitytaknyga.lt\/produktas\/siuolaikine-italijos-virtuve\/\",\"name\":\"\u0160iuolaikin\u0117 Italijos virtuv\u0117 - Skaitytaknyga\",\"isPartOf\":{\"@id\":\"https:\/\/skaitytaknyga.lt\/#website\"},\"primaryImageOfPage\":{\"@id\":\"https:\/\/skaitytaknyga.lt\/produktas\/siuolaikine-italijos-virtuve\/#primaryimage\"},\"image\":{\"@id\":\"https:\/\/skaitytaknyga.lt\/produktas\/siuolaikine-italijos-virtuve\/#primaryimage\"},\"thumbnailUrl\":\"https:\/\/skaitytaknyga.lt\/wp-content\/uploads\/2024\/05\/Be-pavadinimo-1-7.png\",\"datePublished\":\"2024-05-04T19:16:07+00:00\",\"dateModified\":\"2024-05-04T19:17:10+00:00\",\"description\":\"\u0160i knyga apie vien\u0105 populiariausi\u0173, o gal ir populiariausi\u0105 virtuv\u0119 pasaulyje. Ital\u0173 valgius u\u017esienie\u010diai da\u017eniausiai apiberia komplimentais: subtil\u016bs, eleganti\u0161ki, bet paprasti, \u012fvair\u016bs, sveiki ir, \u017einoma, puikaus skonio. \u0160iuose puslapiuose kulinarin\u0117mis id\u0117jomis pasidalins ne\u012ftik\u0117tinai k\u016brybingas ital\u0173 virtuv\u0117s \u0161efas. Skaitytojams garantuojame s\u0117km\u0119 - visi receptai pritaikyti m\u016bs\u0173 virtuvei. Na, o norintiems atrasti ne tik nauj\u0173 skoni\u0173, pasi\u016blysime vyno ir patiekal\u0173 derinimo rekomendacij\u0173, trump\u0105 kulinarin\u0119 kelion\u0119 po saul\u0117tos \u0161alies regionus.\",\"breadcrumb\":{\"@id\":\"https:\/\/skaitytaknyga.lt\/produktas\/siuolaikine-italijos-virtuve\/#breadcrumb\"},\"inLanguage\":\"en-GB\",\"potentialAction\":[{\"@type\":\"ReadAction\",\"target\":[\"https:\/\/skaitytaknyga.lt\/produktas\/siuolaikine-italijos-virtuve\/\"]}]},{\"@type\":\"ImageObject\",\"inLanguage\":\"en-GB\",\"@id\":\"https:\/\/skaitytaknyga.lt\/produktas\/siuolaikine-italijos-virtuve\/#primaryimage\",\"url\":\"https:\/\/skaitytaknyga.lt\/wp-content\/uploads\/2024\/05\/Be-pavadinimo-1-7.png\",\"contentUrl\":\"https:\/\/skaitytaknyga.lt\/wp-content\/uploads\/2024\/05\/Be-pavadinimo-1-7.png\",\"width\":301,\"height\":320},{\"@type\":\"BreadcrumbList\",\"@id\":\"https:\/\/skaitytaknyga.lt\/produktas\/siuolaikine-italijos-virtuve\/#breadcrumb\",\"itemListElement\":[{\"@type\":\"ListItem\",\"position\":1,\"name\":\"Home\",\"item\":\"https:\/\/skaitytaknyga.lt\/\"},{\"@type\":\"ListItem\",\"position\":2,\"name\":\"Parduotuv\u0117\",\"item\":\"https:\/\/skaitytaknyga.lt\/knygu-parduotuve\/\"},{\"@type\":\"ListItem\",\"position\":3,\"name\":\"\u0160iuolaikin\u0117 Italijos virtuv\u0117\"}]},{\"@type\":\"WebSite\",\"@id\":\"https:\/\/skaitytaknyga.lt\/#website\",\"url\":\"https:\/\/skaitytaknyga.lt\/\",\"name\":\"skaitytaknyga.lt\",\"description\":\"Skaitytaknyga.lt \u2013 tai ma\u017eas \u0161eimos verslas, kuris prasid\u0117jo nuo meil\u0117s knygoms ir siekio i\u0161gelb\u0117ti knygas nuo likimo prie konteinerio. Kas vienam nereikalingas daiktas \u2013 kitam lobis, o mes esame tarpininkai, kurie padeda abiems tapti laimingesniems ???? \u017dinome kaip nelengva i\u0161gyventi ma\u017eiems verslams, tad nuo \u0161iol, \u010dia rasite ir kit\u0173, ma\u017e\u0173 \u0161eim\u0173 versl\u0173, rank\u0173 darbo, dovan\u0173 sau ir artimiesiems.\",\"publisher\":{\"@id\":\"https:\/\/skaitytaknyga.lt\/#organization\"},\"potentialAction\":[{\"@type\":\"SearchAction\",\"target\":{\"@type\":\"EntryPoint\",\"urlTemplate\":\"https:\/\/skaitytaknyga.lt\/?s={search_term_string}\"},\"query-input\":{\"@type\":\"PropertyValueSpecification\",\"valueRequired\":true,\"valueName\":\"search_term_string\"}}],\"inLanguage\":\"en-GB\"},{\"@type\":\"Organization\",\"@id\":\"https:\/\/skaitytaknyga.lt\/#organization\",\"name\":\"skaitytaknyga.lt\",\"url\":\"https:\/\/skaitytaknyga.lt\/\",\"logo\":{\"@type\":\"ImageObject\",\"inLanguage\":\"en-GB\",\"@id\":\"https:\/\/skaitytaknyga.lt\/#\/schema\/logo\/image\/\",\"url\":\"https:\/\/skaitytaknyga.lt\/wp-content\/uploads\/2024\/05\/cropped-cropped-cropped-02_00843_jt3bggkj1j3HLc7SyY6rEUpg.jpeg\",\"contentUrl\":\"https:\/\/skaitytaknyga.lt\/wp-content\/uploads\/2024\/05\/cropped-cropped-cropped-02_00843_jt3bggkj1j3HLc7SyY6rEUpg.jpeg\",\"width\":1600,\"height\":1600,\"caption\":\"skaitytaknyga.lt\"},\"image\":{\"@id\":\"https:\/\/skaitytaknyga.lt\/#\/schema\/logo\/image\/\"},\"sameAs\":[\"https:\/\/www.facebook.com\/skaitytaknyga\/\"]}]}<\/script>\n<!-- \/ Yoast SEO plugin. -->","yoast_head_json":{"title":"\u0160iuolaikin\u0117 Italijos virtuv\u0117 - Skaitytaknyga","description":"\u0160i knyga apie vien\u0105 populiariausi\u0173, o gal ir populiariausi\u0105 virtuv\u0119 pasaulyje. Ital\u0173 valgius u\u017esienie\u010diai da\u017eniausiai apiberia komplimentais: subtil\u016bs, eleganti\u0161ki, bet paprasti, \u012fvair\u016bs, sveiki ir, \u017einoma, puikaus skonio.  \u0160iuose puslapiuose kulinarin\u0117mis id\u0117jomis pasidalins ne\u012ftik\u0117tinai k\u016brybingas ital\u0173 virtuv\u0117s \u0161efas. Skaitytojams garantuojame s\u0117km\u0119 - visi receptai pritaikyti m\u016bs\u0173 virtuvei. Na, o norintiems atrasti ne tik nauj\u0173 skoni\u0173, pasi\u016blysime vyno ir patiekal\u0173 derinimo rekomendacij\u0173, trump\u0105 kulinarin\u0119 kelion\u0119 po saul\u0117tos \u0161alies regionus.","robots":{"index":"index","follow":"follow","max-snippet":"max-snippet:-1","max-image-preview":"max-image-preview:large","max-video-preview":"max-video-preview:-1"},"canonical":"https:\/\/skaitytaknyga.lt\/en\/produktas\/siuolaikine-italijos-virtuve\/","og_locale":"en_GB","og_type":"article","og_title":"\u0160iuolaikin\u0117 Italijos virtuv\u0117 - Skaitytaknyga","og_description":"\u0160i knyga apie vien\u0105 populiariausi\u0173, o gal ir populiariausi\u0105 virtuv\u0119 pasaulyje. Ital\u0173 valgius u\u017esienie\u010diai da\u017eniausiai apiberia komplimentais: subtil\u016bs, eleganti\u0161ki, bet paprasti, \u012fvair\u016bs, sveiki ir, \u017einoma, puikaus skonio.  \u0160iuose puslapiuose kulinarin\u0117mis id\u0117jomis pasidalins ne\u012ftik\u0117tinai k\u016brybingas ital\u0173 virtuv\u0117s \u0161efas. Skaitytojams garantuojame s\u0117km\u0119 - visi receptai pritaikyti m\u016bs\u0173 virtuvei. Na, o norintiems atrasti ne tik nauj\u0173 skoni\u0173, pasi\u016blysime vyno ir patiekal\u0173 derinimo rekomendacij\u0173, trump\u0105 kulinarin\u0119 kelion\u0119 po saul\u0117tos \u0161alies regionus.","og_url":"https:\/\/skaitytaknyga.lt\/en\/produktas\/siuolaikine-italijos-virtuve\/","og_site_name":"Skaitytaknyga","article_publisher":"https:\/\/www.facebook.com\/skaitytaknyga\/","article_modified_time":"2024-05-04T19:17:10+00:00","og_image":[{"width":301,"height":320,"url":"https:\/\/skaitytaknyga.lt\/wp-content\/uploads\/2024\/05\/Be-pavadinimo-1-7.png","type":"image\/png"}],"twitter_card":"summary_large_image","schema":{"@context":"https:\/\/schema.org","@graph":[{"@type":"WebPage","@id":"https:\/\/skaitytaknyga.lt\/produktas\/siuolaikine-italijos-virtuve\/","url":"https:\/\/skaitytaknyga.lt\/produktas\/siuolaikine-italijos-virtuve\/","name":"\u0160iuolaikin\u0117 Italijos virtuv\u0117 - Skaitytaknyga","isPartOf":{"@id":"https:\/\/skaitytaknyga.lt\/#website"},"primaryImageOfPage":{"@id":"https:\/\/skaitytaknyga.lt\/produktas\/siuolaikine-italijos-virtuve\/#primaryimage"},"image":{"@id":"https:\/\/skaitytaknyga.lt\/produktas\/siuolaikine-italijos-virtuve\/#primaryimage"},"thumbnailUrl":"https:\/\/skaitytaknyga.lt\/wp-content\/uploads\/2024\/05\/Be-pavadinimo-1-7.png","datePublished":"2024-05-04T19:16:07+00:00","dateModified":"2024-05-04T19:17:10+00:00","description":"\u0160i knyga apie vien\u0105 populiariausi\u0173, o gal ir populiariausi\u0105 virtuv\u0119 pasaulyje. Ital\u0173 valgius u\u017esienie\u010diai da\u017eniausiai apiberia komplimentais: subtil\u016bs, eleganti\u0161ki, bet paprasti, \u012fvair\u016bs, sveiki ir, \u017einoma, puikaus skonio. \u0160iuose puslapiuose kulinarin\u0117mis id\u0117jomis pasidalins ne\u012ftik\u0117tinai k\u016brybingas ital\u0173 virtuv\u0117s \u0161efas. Skaitytojams garantuojame s\u0117km\u0119 - visi receptai pritaikyti m\u016bs\u0173 virtuvei. Na, o norintiems atrasti ne tik nauj\u0173 skoni\u0173, pasi\u016blysime vyno ir patiekal\u0173 derinimo rekomendacij\u0173, trump\u0105 kulinarin\u0119 kelion\u0119 po saul\u0117tos \u0161alies regionus.","breadcrumb":{"@id":"https:\/\/skaitytaknyga.lt\/produktas\/siuolaikine-italijos-virtuve\/#breadcrumb"},"inLanguage":"en-GB","potentialAction":[{"@type":"ReadAction","target":["https:\/\/skaitytaknyga.lt\/produktas\/siuolaikine-italijos-virtuve\/"]}]},{"@type":"ImageObject","inLanguage":"en-GB","@id":"https:\/\/skaitytaknyga.lt\/produktas\/siuolaikine-italijos-virtuve\/#primaryimage","url":"https:\/\/skaitytaknyga.lt\/wp-content\/uploads\/2024\/05\/Be-pavadinimo-1-7.png","contentUrl":"https:\/\/skaitytaknyga.lt\/wp-content\/uploads\/2024\/05\/Be-pavadinimo-1-7.png","width":301,"height":320},{"@type":"BreadcrumbList","@id":"https:\/\/skaitytaknyga.lt\/produktas\/siuolaikine-italijos-virtuve\/#breadcrumb","itemListElement":[{"@type":"ListItem","position":1,"name":"Home","item":"https:\/\/skaitytaknyga.lt\/"},{"@type":"ListItem","position":2,"name":"Parduotuv\u0117","item":"https:\/\/skaitytaknyga.lt\/knygu-parduotuve\/"},{"@type":"ListItem","position":3,"name":"\u0160iuolaikin\u0117 Italijos virtuv\u0117"}]},{"@type":"WebSite","@id":"https:\/\/skaitytaknyga.lt\/#website","url":"https:\/\/skaitytaknyga.lt\/","name":"skaitytaknyga.lt","description":"Skaitytaknyga.lt \u2013 tai ma\u017eas \u0161eimos verslas, kuris prasid\u0117jo nuo meil\u0117s knygoms ir siekio i\u0161gelb\u0117ti knygas nuo likimo prie konteinerio. Kas vienam nereikalingas daiktas \u2013 kitam lobis, o mes esame tarpininkai, kurie padeda abiems tapti laimingesniems ???? \u017dinome kaip nelengva i\u0161gyventi ma\u017eiems verslams, tad nuo \u0161iol, \u010dia rasite ir kit\u0173, ma\u017e\u0173 \u0161eim\u0173 versl\u0173, rank\u0173 darbo, dovan\u0173 sau ir artimiesiems.","publisher":{"@id":"https:\/\/skaitytaknyga.lt\/#organization"},"potentialAction":[{"@type":"SearchAction","target":{"@type":"EntryPoint","urlTemplate":"https:\/\/skaitytaknyga.lt\/?s={search_term_string}"},"query-input":{"@type":"PropertyValueSpecification","valueRequired":true,"valueName":"search_term_string"}}],"inLanguage":"en-GB"},{"@type":"Organization","@id":"https:\/\/skaitytaknyga.lt\/#organization","name":"skaitytaknyga.lt","url":"https:\/\/skaitytaknyga.lt\/","logo":{"@type":"ImageObject","inLanguage":"en-GB","@id":"https:\/\/skaitytaknyga.lt\/#\/schema\/logo\/image\/","url":"https:\/\/skaitytaknyga.lt\/wp-content\/uploads\/2024\/05\/cropped-cropped-cropped-02_00843_jt3bggkj1j3HLc7SyY6rEUpg.jpeg","contentUrl":"https:\/\/skaitytaknyga.lt\/wp-content\/uploads\/2024\/05\/cropped-cropped-cropped-02_00843_jt3bggkj1j3HLc7SyY6rEUpg.jpeg","width":1600,"height":1600,"caption":"skaitytaknyga.lt"},"image":{"@id":"https:\/\/skaitytaknyga.lt\/#\/schema\/logo\/image\/"},"sameAs":["https:\/\/www.facebook.com\/skaitytaknyga\/"]}]}},"_links":{"self":[{"href":"https:\/\/skaitytaknyga.lt\/en\/wp-json\/wp\/v2\/product\/10811","targetHints":{"allow":["GET"]}}],"collection":[{"href":"https:\/\/skaitytaknyga.lt\/en\/wp-json\/wp\/v2\/product"}],"about":[{"href":"https:\/\/skaitytaknyga.lt\/en\/wp-json\/wp\/v2\/types\/product"}],"replies":[{"embeddable":true,"href":"https:\/\/skaitytaknyga.lt\/en\/wp-json\/wp\/v2\/comments?post=10811"}],"wp:featuredmedia":[{"embeddable":true,"href":"https:\/\/skaitytaknyga.lt\/en\/wp-json\/wp\/v2\/media\/10844"}],"wp:attachment":[{"href":"https:\/\/skaitytaknyga.lt\/en\/wp-json\/wp\/v2\/media?parent=10811"}],"wp:term":[{"taxonomy":"product_brand","embeddable":true,"href":"https:\/\/skaitytaknyga.lt\/en\/wp-json\/wp\/v2\/product_brand?post=10811"},{"taxonomy":"product_cat","embeddable":true,"href":"https:\/\/skaitytaknyga.lt\/en\/wp-json\/wp\/v2\/product_cat?post=10811"},{"taxonomy":"product_tag","embeddable":true,"href":"https:\/\/skaitytaknyga.lt\/en\/wp-json\/wp\/v2\/product_tag?post=10811"}],"curies":[{"name":"wp","href":"https:\/\/api.w.org\/{rel}","templated":true}]}}