{"id":10809,"date":"2024-05-04T19:16:07","date_gmt":"2024-05-04T19:16:07","guid":{"rendered":"https:\/\/skaitytaknyga.lt\/?post_type=product&#038;p=10809"},"modified":"2024-05-04T19:16:56","modified_gmt":"2024-05-04T19:16:56","slug":"bronislava-kerbelyte-lietuviu-liaudies-padavimai","status":"publish","type":"product","link":"https:\/\/skaitytaknyga.lt\/en\/produktas\/bronislava-kerbelyte-lietuviu-liaudies-padavimai\/","title":{"rendered":"Bronislava Kerbelyt\u0117  \u201eLietuvi\u0173 liaudies padavimai\u201c"},"content":{"rendered":"<p>Tautosakos tyrin\u0117toja\u00a0<strong>Bronislava Kerbelyt\u0117<\/strong>\u00a01958 m. baig\u0117 Maskvos M. Lomonosovo universiteto Filologijos fakultet\u0105. 1958\u20132000 m. dirbo Lietuvi\u0173 kalbos ir literat\u016bros institute (nuo 1990 m. Lietuvi\u0173 literat\u016bros ir tautosakos institutas). Nuo 1995 m. \u0117m\u0117 d\u0117styti Vytauto Did\u017eiojo universitete.<\/p>\n<p>1965 m. Vilniaus universitete B. Kerbelyt\u0117 apgyn\u0117 disertacij\u0105 \u201eLietuvi\u0173 liaudies padavimai\u201c, o 1989 m. Maskvos Pasaulin\u0117s literat\u016bros institute \u2013 filologijos moksl\u0173 daktaro, t.y. habilituoto daktaro (folkloristikos) disertacij\u0105 \u201ePasak\u0173 strukt\u016br\u0173 ir semantikos istorin\u0117 raida\u201c. Abiej\u0173 disertacij\u0173 pagrindu mokslinink\u0117 pareng\u0117 ir i\u0161leido po monografij\u0105 analogi\u0161kais pavadinimais (1970 m. ir 1991 m.). I\u0161 viso B. Kerbelyt\u0117 yra publikavusi apie 150 straipsni\u0173, para\u0161iusi ar parengusi per 20 knyg\u0173: monografij\u0173, mokslini\u0173 straipsni\u0173 rinkini\u0173, tautosakos tekst\u0173 rinktini\u0173, chrestomatij\u0173, pasakojamosios tautosakos katalog\u0173.<\/p>\n","protected":false},"excerpt":{"rendered":"<p>Tautosakos tyrin\u0117toja\u00a0<strong>Bronislava Kerbelyt\u0117<\/strong>\u00a01958 m. baig\u0117 Maskvos M. Lomonosovo universiteto Filologijos fakultet\u0105. 1958\u20132000 m. dirbo Lietuvi\u0173 kalbos ir literat\u016bros institute (nuo 1990 m. Lietuvi\u0173 literat\u016bros ir tautosakos institutas). Nuo 1995 m. \u0117m\u0117 d\u0117styti Vytauto Did\u017eiojo universitete.<\/p>\n<p>1965 m. Vilniaus universitete B. Kerbelyt\u0117 apgyn\u0117 disertacij\u0105 \u201eLietuvi\u0173 liaudies padavimai\u201c, o 1989 m. Maskvos Pasaulin\u0117s literat\u016bros institute \u2013 filologijos moksl\u0173 daktaro, t.y. habilituoto daktaro (folkloristikos) disertacij\u0105 \u201ePasak\u0173 strukt\u016br\u0173 ir semantikos istorin\u0117 raida\u201c. Abiej\u0173 disertacij\u0173 pagrindu mokslinink\u0117 pareng\u0117 ir i\u0161leido po monografij\u0105 analogi\u0161kais pavadinimais (1970 m. ir 1991 m.). I\u0161 viso B. Kerbelyt\u0117 yra publikavusi apie 150 straipsni\u0173, para\u0161iusi ar parengusi per 20 knyg\u0173: monografij\u0173, mokslini\u0173 straipsni\u0173 rinkini\u0173, tautosakos tekst\u0173 rinktini\u0173, chrestomatij\u0173, pasakojamosios tautosakos katalog\u0173.<\/p>\n","protected":false},"featured_media":10837,"comment_status":"closed","ping_status":"closed","template":"","meta":{"_acf_changed":false,"site-sidebar-layout":"default","site-content-layout":"","ast-site-content-layout":"default","site-content-style":"default","site-sidebar-style":"default","ast-global-header-display":"","ast-banner-title-visibility":"","ast-main-header-display":"","ast-hfb-above-header-display":"","ast-hfb-below-header-display":"","ast-hfb-mobile-header-display":"","site-post-title":"","ast-breadcrumbs-content":"","ast-featured-img":"","footer-sml-layout":"","ast-disable-related-posts":"","theme-transparent-header-meta":"","adv-header-id-meta":"","stick-header-meta":"","header-above-stick-meta":"","header-main-stick-meta":"","header-below-stick-meta":"","astra-migrate-meta-layouts":"default","ast-page-background-enabled":"default","ast-page-background-meta":{"desktop":{"background-color":"","background-image":"","background-repeat":"repeat","background-position":"center center","background-size":"auto","background-attachment":"scroll","background-type":"","background-media":"","overlay-type":"","overlay-color":"","overlay-opacity":"","overlay-gradient":""},"tablet":{"background-color":"","background-image":"","background-repeat":"repeat","background-position":"center center","background-size":"auto","background-attachment":"scroll","background-type":"","background-media":"","overlay-type":"","overlay-color":"","overlay-opacity":"","overlay-gradient":""},"mobile":{"background-color":"","background-image":"","background-repeat":"repeat","background-position":"center center","background-size":"auto","background-attachment":"scroll","background-type":"","background-media":"","overlay-type":"","overlay-color":"","overlay-opacity":"","overlay-gradient":""}},"ast-content-background-meta":{"desktop":{"background-color":"var(--ast-global-color-4)","background-image":"","background-repeat":"repeat","background-position":"center center","background-size":"auto","background-attachment":"scroll","background-type":"","background-media":"","overlay-type":"","overlay-color":"","overlay-opacity":"","overlay-gradient":""},"tablet":{"background-color":"var(--ast-global-color-4)","background-image":"","background-repeat":"repeat","background-position":"center center","background-size":"auto","background-attachment":"scroll","background-type":"","background-media":"","overlay-type":"","overlay-color":"","overlay-opacity":"","overlay-gradient":""},"mobile":{"background-color":"var(--ast-global-color-4)","background-image":"","background-repeat":"repeat","background-position":"center center","background-size":"auto","background-attachment":"scroll","background-type":"","background-media":"","overlay-type":"","overlay-color":"","overlay-opacity":"","overlay-gradient":""}}},"product_brand":[],"product_cat":[293,174],"product_tag":[],"class_list":{"0":"post-10809","1":"product","2":"type-product","3":"status-publish","4":"has-post-thumbnail","6":"product_cat-etnografija-liaudies-kuryba","7":"product_cat-istorija-ir-politologija","8":"pa_leidimo-metai-93","9":"desktop-align-left","10":"tablet-align-left","11":"mobile-align-left","13":"first","14":"instock","15":"shipping-taxable","16":"purchasable","17":"product-type-simple"},"acf":[],"yoast_head":"<!-- This site is optimized with the Yoast SEO plugin v27.0 - https:\/\/yoast.com\/product\/yoast-seo-wordpress\/ -->\n<title>Bronislava Kerbelyt\u0117 \u201eLietuvi\u0173 liaudies padavimai\u201c - Skaitytaknyga<\/title>\n<meta name=\"description\" content=\"Tautosakos tyrin\u0117toja\u00a0Bronislava Kerbelyt\u0117\u00a01958 m. baig\u0117 Maskvos M. Lomonosovo universiteto Filologijos fakultet\u0105. 1958\u20132000 m. dirbo Lietuvi\u0173 kalbos ir literat\u016bros institute (nuo 1990 m. Lietuvi\u0173 literat\u016bros ir tautosakos institutas). Nuo 1995 m. \u0117m\u0117 d\u0117styti Vytauto Did\u017eiojo universitete.  1965 m. Vilniaus universitete B. Kerbelyt\u0117 apgyn\u0117 disertacij\u0105 \u201eLietuvi\u0173 liaudies padavimai\u201c, o 1989 m. Maskvos Pasaulin\u0117s literat\u016bros institute \u2013 filologijos moksl\u0173 daktaro, t.y. habilituoto daktaro (folkloristikos) disertacij\u0105 \u201ePasak\u0173 strukt\u016br\u0173 ir semantikos istorin\u0117 raida\u201c. Abiej\u0173 disertacij\u0173 pagrindu mokslinink\u0117 pareng\u0117 ir i\u0161leido po monografij\u0105 analogi\u0161kais pavadinimais (1970 m. ir 1991 m.). I\u0161 viso B. Kerbelyt\u0117 yra publikavusi apie 150 straipsni\u0173, para\u0161iusi ar parengusi per 20 knyg\u0173: monografij\u0173, mokslini\u0173 straipsni\u0173 rinkini\u0173, tautosakos tekst\u0173 rinktini\u0173, chrestomatij\u0173, pasakojamosios tautosakos katalog\u0173.\" \/>\n<meta name=\"robots\" content=\"index, follow, max-snippet:-1, max-image-preview:large, max-video-preview:-1\" \/>\n<link rel=\"canonical\" href=\"https:\/\/skaitytaknyga.lt\/en\/produktas\/bronislava-kerbelyte-lietuviu-liaudies-padavimai\/\" \/>\n<meta property=\"og:locale\" content=\"en_GB\" \/>\n<meta property=\"og:locale:alternate\" content=\"lt_LT\" \/>\n<meta property=\"og:type\" content=\"article\" \/>\n<meta property=\"og:title\" content=\"Bronislava Kerbelyt\u0117 \u201eLietuvi\u0173 liaudies padavimai\u201c - Skaitytaknyga\" \/>\n<meta property=\"og:description\" content=\"Tautosakos tyrin\u0117toja\u00a0Bronislava Kerbelyt\u0117\u00a01958 m. baig\u0117 Maskvos M. Lomonosovo universiteto Filologijos fakultet\u0105. 1958\u20132000 m. dirbo Lietuvi\u0173 kalbos ir literat\u016bros institute (nuo 1990 m. Lietuvi\u0173 literat\u016bros ir tautosakos institutas). Nuo 1995 m. \u0117m\u0117 d\u0117styti Vytauto Did\u017eiojo universitete.  1965 m. Vilniaus universitete B. Kerbelyt\u0117 apgyn\u0117 disertacij\u0105 \u201eLietuvi\u0173 liaudies padavimai\u201c, o 1989 m. Maskvos Pasaulin\u0117s literat\u016bros institute \u2013 filologijos moksl\u0173 daktaro, t.y. habilituoto daktaro (folkloristikos) disertacij\u0105 \u201ePasak\u0173 strukt\u016br\u0173 ir semantikos istorin\u0117 raida\u201c. Abiej\u0173 disertacij\u0173 pagrindu mokslinink\u0117 pareng\u0117 ir i\u0161leido po monografij\u0105 analogi\u0161kais pavadinimais (1970 m. ir 1991 m.). I\u0161 viso B. Kerbelyt\u0117 yra publikavusi apie 150 straipsni\u0173, para\u0161iusi ar parengusi per 20 knyg\u0173: monografij\u0173, mokslini\u0173 straipsni\u0173 rinkini\u0173, tautosakos tekst\u0173 rinktini\u0173, chrestomatij\u0173, pasakojamosios tautosakos katalog\u0173.\" \/>\n<meta property=\"og:url\" content=\"https:\/\/skaitytaknyga.lt\/en\/produktas\/bronislava-kerbelyte-lietuviu-liaudies-padavimai\/\" \/>\n<meta property=\"og:site_name\" content=\"Skaitytaknyga\" \/>\n<meta property=\"article:publisher\" content=\"https:\/\/www.facebook.com\/skaitytaknyga\/\" \/>\n<meta property=\"article:modified_time\" content=\"2024-05-04T19:16:56+00:00\" \/>\n<meta property=\"og:image\" content=\"https:\/\/skaitytaknyga.lt\/wp-content\/uploads\/2024\/05\/183046-scanimage043.jpg\" \/>\n\t<meta property=\"og:image:width\" content=\"1043\" \/>\n\t<meta property=\"og:image:height\" content=\"1600\" \/>\n\t<meta property=\"og:image:type\" content=\"image\/jpeg\" \/>\n<meta name=\"twitter:card\" content=\"summary_large_image\" \/>\n<meta name=\"twitter:label1\" content=\"Estimated reading time\" \/>\n\t<meta name=\"twitter:data1\" content=\"1 minute\" \/>\n<script type=\"application\/ld+json\" class=\"yoast-schema-graph\">{\"@context\":\"https:\/\/schema.org\",\"@graph\":[{\"@type\":\"WebPage\",\"@id\":\"https:\/\/skaitytaknyga.lt\/produktas\/bronislava-kerbelyte-lietuviu-liaudies-padavimai\/\",\"url\":\"https:\/\/skaitytaknyga.lt\/produktas\/bronislava-kerbelyte-lietuviu-liaudies-padavimai\/\",\"name\":\"Bronislava Kerbelyt\u0117 \u201eLietuvi\u0173 liaudies padavimai\u201c - Skaitytaknyga\",\"isPartOf\":{\"@id\":\"https:\/\/skaitytaknyga.lt\/#website\"},\"primaryImageOfPage\":{\"@id\":\"https:\/\/skaitytaknyga.lt\/produktas\/bronislava-kerbelyte-lietuviu-liaudies-padavimai\/#primaryimage\"},\"image\":{\"@id\":\"https:\/\/skaitytaknyga.lt\/produktas\/bronislava-kerbelyte-lietuviu-liaudies-padavimai\/#primaryimage\"},\"thumbnailUrl\":\"https:\/\/skaitytaknyga.lt\/wp-content\/uploads\/2024\/05\/183046-scanimage043.jpg\",\"datePublished\":\"2024-05-04T19:16:07+00:00\",\"dateModified\":\"2024-05-04T19:16:56+00:00\",\"description\":\"Tautosakos tyrin\u0117toja\u00a0Bronislava Kerbelyt\u0117\u00a01958 m. baig\u0117 Maskvos M. Lomonosovo universiteto Filologijos fakultet\u0105. 1958\u20132000 m. dirbo Lietuvi\u0173 kalbos ir literat\u016bros institute (nuo 1990 m. Lietuvi\u0173 literat\u016bros ir tautosakos institutas). Nuo 1995 m. \u0117m\u0117 d\u0117styti Vytauto Did\u017eiojo universitete. 1965 m. Vilniaus universitete B. Kerbelyt\u0117 apgyn\u0117 disertacij\u0105 \u201eLietuvi\u0173 liaudies padavimai\u201c, o 1989 m. Maskvos Pasaulin\u0117s literat\u016bros institute \u2013 filologijos moksl\u0173 daktaro, t.y. habilituoto daktaro (folkloristikos) disertacij\u0105 \u201ePasak\u0173 strukt\u016br\u0173 ir semantikos istorin\u0117 raida\u201c. Abiej\u0173 disertacij\u0173 pagrindu mokslinink\u0117 pareng\u0117 ir i\u0161leido po monografij\u0105 analogi\u0161kais pavadinimais (1970 m. ir 1991 m.). I\u0161 viso B. Kerbelyt\u0117 yra publikavusi apie 150 straipsni\u0173, para\u0161iusi ar parengusi per 20 knyg\u0173: monografij\u0173, mokslini\u0173 straipsni\u0173 rinkini\u0173, tautosakos tekst\u0173 rinktini\u0173, chrestomatij\u0173, pasakojamosios tautosakos katalog\u0173.\",\"breadcrumb\":{\"@id\":\"https:\/\/skaitytaknyga.lt\/produktas\/bronislava-kerbelyte-lietuviu-liaudies-padavimai\/#breadcrumb\"},\"inLanguage\":\"en-GB\",\"potentialAction\":[{\"@type\":\"ReadAction\",\"target\":[\"https:\/\/skaitytaknyga.lt\/produktas\/bronislava-kerbelyte-lietuviu-liaudies-padavimai\/\"]}]},{\"@type\":\"ImageObject\",\"inLanguage\":\"en-GB\",\"@id\":\"https:\/\/skaitytaknyga.lt\/produktas\/bronislava-kerbelyte-lietuviu-liaudies-padavimai\/#primaryimage\",\"url\":\"https:\/\/skaitytaknyga.lt\/wp-content\/uploads\/2024\/05\/183046-scanimage043.jpg\",\"contentUrl\":\"https:\/\/skaitytaknyga.lt\/wp-content\/uploads\/2024\/05\/183046-scanimage043.jpg\",\"width\":1043,\"height\":1600},{\"@type\":\"BreadcrumbList\",\"@id\":\"https:\/\/skaitytaknyga.lt\/produktas\/bronislava-kerbelyte-lietuviu-liaudies-padavimai\/#breadcrumb\",\"itemListElement\":[{\"@type\":\"ListItem\",\"position\":1,\"name\":\"Home\",\"item\":\"https:\/\/skaitytaknyga.lt\/\"},{\"@type\":\"ListItem\",\"position\":2,\"name\":\"Parduotuv\u0117\",\"item\":\"https:\/\/skaitytaknyga.lt\/knygu-parduotuve\/\"},{\"@type\":\"ListItem\",\"position\":3,\"name\":\"Bronislava Kerbelyt\u0117 \u201eLietuvi\u0173 liaudies padavimai\u201c\"}]},{\"@type\":\"WebSite\",\"@id\":\"https:\/\/skaitytaknyga.lt\/#website\",\"url\":\"https:\/\/skaitytaknyga.lt\/\",\"name\":\"skaitytaknyga.lt\",\"description\":\"Skaitytaknyga.lt \u2013 tai ma\u017eas \u0161eimos verslas, kuris prasid\u0117jo nuo meil\u0117s knygoms ir siekio i\u0161gelb\u0117ti knygas nuo likimo prie konteinerio. Kas vienam nereikalingas daiktas \u2013 kitam lobis, o mes esame tarpininkai, kurie padeda abiems tapti laimingesniems ???? \u017dinome kaip nelengva i\u0161gyventi ma\u017eiems verslams, tad nuo \u0161iol, \u010dia rasite ir kit\u0173, ma\u017e\u0173 \u0161eim\u0173 versl\u0173, rank\u0173 darbo, dovan\u0173 sau ir artimiesiems.\",\"publisher\":{\"@id\":\"https:\/\/skaitytaknyga.lt\/#organization\"},\"potentialAction\":[{\"@type\":\"SearchAction\",\"target\":{\"@type\":\"EntryPoint\",\"urlTemplate\":\"https:\/\/skaitytaknyga.lt\/?s={search_term_string}\"},\"query-input\":{\"@type\":\"PropertyValueSpecification\",\"valueRequired\":true,\"valueName\":\"search_term_string\"}}],\"inLanguage\":\"en-GB\"},{\"@type\":\"Organization\",\"@id\":\"https:\/\/skaitytaknyga.lt\/#organization\",\"name\":\"skaitytaknyga.lt\",\"url\":\"https:\/\/skaitytaknyga.lt\/\",\"logo\":{\"@type\":\"ImageObject\",\"inLanguage\":\"en-GB\",\"@id\":\"https:\/\/skaitytaknyga.lt\/#\/schema\/logo\/image\/\",\"url\":\"https:\/\/skaitytaknyga.lt\/wp-content\/uploads\/2024\/05\/cropped-cropped-cropped-02_00843_jt3bggkj1j3HLc7SyY6rEUpg.jpeg\",\"contentUrl\":\"https:\/\/skaitytaknyga.lt\/wp-content\/uploads\/2024\/05\/cropped-cropped-cropped-02_00843_jt3bggkj1j3HLc7SyY6rEUpg.jpeg\",\"width\":1600,\"height\":1600,\"caption\":\"skaitytaknyga.lt\"},\"image\":{\"@id\":\"https:\/\/skaitytaknyga.lt\/#\/schema\/logo\/image\/\"},\"sameAs\":[\"https:\/\/www.facebook.com\/skaitytaknyga\/\"]}]}<\/script>\n<!-- \/ Yoast SEO plugin. -->","yoast_head_json":{"title":"Bronislava Kerbelyt\u0117 \u201eLietuvi\u0173 liaudies padavimai\u201c - Skaitytaknyga","description":"Tautosakos tyrin\u0117toja\u00a0Bronislava Kerbelyt\u0117\u00a01958 m. baig\u0117 Maskvos M. Lomonosovo universiteto Filologijos fakultet\u0105. 1958\u20132000 m. dirbo Lietuvi\u0173 kalbos ir literat\u016bros institute (nuo 1990 m. Lietuvi\u0173 literat\u016bros ir tautosakos institutas). Nuo 1995 m. \u0117m\u0117 d\u0117styti Vytauto Did\u017eiojo universitete.  1965 m. Vilniaus universitete B. Kerbelyt\u0117 apgyn\u0117 disertacij\u0105 \u201eLietuvi\u0173 liaudies padavimai\u201c, o 1989 m. Maskvos Pasaulin\u0117s literat\u016bros institute \u2013 filologijos moksl\u0173 daktaro, t.y. habilituoto daktaro (folkloristikos) disertacij\u0105 \u201ePasak\u0173 strukt\u016br\u0173 ir semantikos istorin\u0117 raida\u201c. Abiej\u0173 disertacij\u0173 pagrindu mokslinink\u0117 pareng\u0117 ir i\u0161leido po monografij\u0105 analogi\u0161kais pavadinimais (1970 m. ir 1991 m.). I\u0161 viso B. Kerbelyt\u0117 yra publikavusi apie 150 straipsni\u0173, para\u0161iusi ar parengusi per 20 knyg\u0173: monografij\u0173, mokslini\u0173 straipsni\u0173 rinkini\u0173, tautosakos tekst\u0173 rinktini\u0173, chrestomatij\u0173, pasakojamosios tautosakos katalog\u0173.","robots":{"index":"index","follow":"follow","max-snippet":"max-snippet:-1","max-image-preview":"max-image-preview:large","max-video-preview":"max-video-preview:-1"},"canonical":"https:\/\/skaitytaknyga.lt\/en\/produktas\/bronislava-kerbelyte-lietuviu-liaudies-padavimai\/","og_locale":"en_GB","og_type":"article","og_title":"Bronislava Kerbelyt\u0117 \u201eLietuvi\u0173 liaudies padavimai\u201c - Skaitytaknyga","og_description":"Tautosakos tyrin\u0117toja\u00a0Bronislava Kerbelyt\u0117\u00a01958 m. baig\u0117 Maskvos M. Lomonosovo universiteto Filologijos fakultet\u0105. 1958\u20132000 m. dirbo Lietuvi\u0173 kalbos ir literat\u016bros institute (nuo 1990 m. Lietuvi\u0173 literat\u016bros ir tautosakos institutas). Nuo 1995 m. \u0117m\u0117 d\u0117styti Vytauto Did\u017eiojo universitete.  1965 m. Vilniaus universitete B. Kerbelyt\u0117 apgyn\u0117 disertacij\u0105 \u201eLietuvi\u0173 liaudies padavimai\u201c, o 1989 m. Maskvos Pasaulin\u0117s literat\u016bros institute \u2013 filologijos moksl\u0173 daktaro, t.y. habilituoto daktaro (folkloristikos) disertacij\u0105 \u201ePasak\u0173 strukt\u016br\u0173 ir semantikos istorin\u0117 raida\u201c. Abiej\u0173 disertacij\u0173 pagrindu mokslinink\u0117 pareng\u0117 ir i\u0161leido po monografij\u0105 analogi\u0161kais pavadinimais (1970 m. ir 1991 m.). I\u0161 viso B. Kerbelyt\u0117 yra publikavusi apie 150 straipsni\u0173, para\u0161iusi ar parengusi per 20 knyg\u0173: monografij\u0173, mokslini\u0173 straipsni\u0173 rinkini\u0173, tautosakos tekst\u0173 rinktini\u0173, chrestomatij\u0173, pasakojamosios tautosakos katalog\u0173.","og_url":"https:\/\/skaitytaknyga.lt\/en\/produktas\/bronislava-kerbelyte-lietuviu-liaudies-padavimai\/","og_site_name":"Skaitytaknyga","article_publisher":"https:\/\/www.facebook.com\/skaitytaknyga\/","article_modified_time":"2024-05-04T19:16:56+00:00","og_image":[{"width":1043,"height":1600,"url":"https:\/\/skaitytaknyga.lt\/wp-content\/uploads\/2024\/05\/183046-scanimage043.jpg","type":"image\/jpeg"}],"twitter_card":"summary_large_image","twitter_misc":{"Estimated reading time":"1 minute"},"schema":{"@context":"https:\/\/schema.org","@graph":[{"@type":"WebPage","@id":"https:\/\/skaitytaknyga.lt\/produktas\/bronislava-kerbelyte-lietuviu-liaudies-padavimai\/","url":"https:\/\/skaitytaknyga.lt\/produktas\/bronislava-kerbelyte-lietuviu-liaudies-padavimai\/","name":"Bronislava Kerbelyt\u0117 \u201eLietuvi\u0173 liaudies padavimai\u201c - Skaitytaknyga","isPartOf":{"@id":"https:\/\/skaitytaknyga.lt\/#website"},"primaryImageOfPage":{"@id":"https:\/\/skaitytaknyga.lt\/produktas\/bronislava-kerbelyte-lietuviu-liaudies-padavimai\/#primaryimage"},"image":{"@id":"https:\/\/skaitytaknyga.lt\/produktas\/bronislava-kerbelyte-lietuviu-liaudies-padavimai\/#primaryimage"},"thumbnailUrl":"https:\/\/skaitytaknyga.lt\/wp-content\/uploads\/2024\/05\/183046-scanimage043.jpg","datePublished":"2024-05-04T19:16:07+00:00","dateModified":"2024-05-04T19:16:56+00:00","description":"Tautosakos tyrin\u0117toja\u00a0Bronislava Kerbelyt\u0117\u00a01958 m. baig\u0117 Maskvos M. Lomonosovo universiteto Filologijos fakultet\u0105. 1958\u20132000 m. dirbo Lietuvi\u0173 kalbos ir literat\u016bros institute (nuo 1990 m. Lietuvi\u0173 literat\u016bros ir tautosakos institutas). Nuo 1995 m. \u0117m\u0117 d\u0117styti Vytauto Did\u017eiojo universitete. 1965 m. Vilniaus universitete B. Kerbelyt\u0117 apgyn\u0117 disertacij\u0105 \u201eLietuvi\u0173 liaudies padavimai\u201c, o 1989 m. Maskvos Pasaulin\u0117s literat\u016bros institute \u2013 filologijos moksl\u0173 daktaro, t.y. habilituoto daktaro (folkloristikos) disertacij\u0105 \u201ePasak\u0173 strukt\u016br\u0173 ir semantikos istorin\u0117 raida\u201c. Abiej\u0173 disertacij\u0173 pagrindu mokslinink\u0117 pareng\u0117 ir i\u0161leido po monografij\u0105 analogi\u0161kais pavadinimais (1970 m. ir 1991 m.). I\u0161 viso B. Kerbelyt\u0117 yra publikavusi apie 150 straipsni\u0173, para\u0161iusi ar parengusi per 20 knyg\u0173: monografij\u0173, mokslini\u0173 straipsni\u0173 rinkini\u0173, tautosakos tekst\u0173 rinktini\u0173, chrestomatij\u0173, pasakojamosios tautosakos katalog\u0173.","breadcrumb":{"@id":"https:\/\/skaitytaknyga.lt\/produktas\/bronislava-kerbelyte-lietuviu-liaudies-padavimai\/#breadcrumb"},"inLanguage":"en-GB","potentialAction":[{"@type":"ReadAction","target":["https:\/\/skaitytaknyga.lt\/produktas\/bronislava-kerbelyte-lietuviu-liaudies-padavimai\/"]}]},{"@type":"ImageObject","inLanguage":"en-GB","@id":"https:\/\/skaitytaknyga.lt\/produktas\/bronislava-kerbelyte-lietuviu-liaudies-padavimai\/#primaryimage","url":"https:\/\/skaitytaknyga.lt\/wp-content\/uploads\/2024\/05\/183046-scanimage043.jpg","contentUrl":"https:\/\/skaitytaknyga.lt\/wp-content\/uploads\/2024\/05\/183046-scanimage043.jpg","width":1043,"height":1600},{"@type":"BreadcrumbList","@id":"https:\/\/skaitytaknyga.lt\/produktas\/bronislava-kerbelyte-lietuviu-liaudies-padavimai\/#breadcrumb","itemListElement":[{"@type":"ListItem","position":1,"name":"Home","item":"https:\/\/skaitytaknyga.lt\/"},{"@type":"ListItem","position":2,"name":"Parduotuv\u0117","item":"https:\/\/skaitytaknyga.lt\/knygu-parduotuve\/"},{"@type":"ListItem","position":3,"name":"Bronislava Kerbelyt\u0117 \u201eLietuvi\u0173 liaudies padavimai\u201c"}]},{"@type":"WebSite","@id":"https:\/\/skaitytaknyga.lt\/#website","url":"https:\/\/skaitytaknyga.lt\/","name":"skaitytaknyga.lt","description":"Skaitytaknyga.lt \u2013 tai ma\u017eas \u0161eimos verslas, kuris prasid\u0117jo nuo meil\u0117s knygoms ir siekio i\u0161gelb\u0117ti knygas nuo likimo prie konteinerio. Kas vienam nereikalingas daiktas \u2013 kitam lobis, o mes esame tarpininkai, kurie padeda abiems tapti laimingesniems ???? \u017dinome kaip nelengva i\u0161gyventi ma\u017eiems verslams, tad nuo \u0161iol, \u010dia rasite ir kit\u0173, ma\u017e\u0173 \u0161eim\u0173 versl\u0173, rank\u0173 darbo, dovan\u0173 sau ir artimiesiems.","publisher":{"@id":"https:\/\/skaitytaknyga.lt\/#organization"},"potentialAction":[{"@type":"SearchAction","target":{"@type":"EntryPoint","urlTemplate":"https:\/\/skaitytaknyga.lt\/?s={search_term_string}"},"query-input":{"@type":"PropertyValueSpecification","valueRequired":true,"valueName":"search_term_string"}}],"inLanguage":"en-GB"},{"@type":"Organization","@id":"https:\/\/skaitytaknyga.lt\/#organization","name":"skaitytaknyga.lt","url":"https:\/\/skaitytaknyga.lt\/","logo":{"@type":"ImageObject","inLanguage":"en-GB","@id":"https:\/\/skaitytaknyga.lt\/#\/schema\/logo\/image\/","url":"https:\/\/skaitytaknyga.lt\/wp-content\/uploads\/2024\/05\/cropped-cropped-cropped-02_00843_jt3bggkj1j3HLc7SyY6rEUpg.jpeg","contentUrl":"https:\/\/skaitytaknyga.lt\/wp-content\/uploads\/2024\/05\/cropped-cropped-cropped-02_00843_jt3bggkj1j3HLc7SyY6rEUpg.jpeg","width":1600,"height":1600,"caption":"skaitytaknyga.lt"},"image":{"@id":"https:\/\/skaitytaknyga.lt\/#\/schema\/logo\/image\/"},"sameAs":["https:\/\/www.facebook.com\/skaitytaknyga\/"]}]}},"_links":{"self":[{"href":"https:\/\/skaitytaknyga.lt\/en\/wp-json\/wp\/v2\/product\/10809","targetHints":{"allow":["GET"]}}],"collection":[{"href":"https:\/\/skaitytaknyga.lt\/en\/wp-json\/wp\/v2\/product"}],"about":[{"href":"https:\/\/skaitytaknyga.lt\/en\/wp-json\/wp\/v2\/types\/product"}],"replies":[{"embeddable":true,"href":"https:\/\/skaitytaknyga.lt\/en\/wp-json\/wp\/v2\/comments?post=10809"}],"wp:featuredmedia":[{"embeddable":true,"href":"https:\/\/skaitytaknyga.lt\/en\/wp-json\/wp\/v2\/media\/10837"}],"wp:attachment":[{"href":"https:\/\/skaitytaknyga.lt\/en\/wp-json\/wp\/v2\/media?parent=10809"}],"wp:term":[{"taxonomy":"product_brand","embeddable":true,"href":"https:\/\/skaitytaknyga.lt\/en\/wp-json\/wp\/v2\/product_brand?post=10809"},{"taxonomy":"product_cat","embeddable":true,"href":"https:\/\/skaitytaknyga.lt\/en\/wp-json\/wp\/v2\/product_cat?post=10809"},{"taxonomy":"product_tag","embeddable":true,"href":"https:\/\/skaitytaknyga.lt\/en\/wp-json\/wp\/v2\/product_tag?post=10809"}],"curies":[{"name":"wp","href":"https:\/\/api.w.org\/{rel}","templated":true}]}}